{"id":84733,"date":"2025-02-20T08:55:09","date_gmt":"2025-02-20T07:55:09","guid":{"rendered":"https:\/\/www.iskreni.net\/trgovina\/?post_type=product&#038;p=84733"},"modified":"2026-02-20T12:28:45","modified_gmt":"2026-02-20T11:28:45","slug":"nevidne-nitke-z-drugimi","status":"publish","type":"product","link":"https:\/\/www.iskreni.net\/trgovina\/product\/nevidne-nitke-z-drugimi\/","title":{"rendered":"Nevidne nitke z drugimi"},"content":{"rendered":"<p data-start=\"320\" data-end=\"614\"><em><strong data-start=\"338\" data-end=\"365\">Nevidne nitke z drugimi<\/strong><\/em>\u00a0je ganljiva osebna pripoved\u00a0<strong data-start=\"394\" data-end=\"413\">Dragice Kralji\u010d<\/strong>, mame Janeka, odraslega fanta z Downovim sindromom. Avtorica skozi resni\u010dne izku\u0161nje razkriva, kako je \u017eivljenje z otrokom s posebnimi potrebami polno ljubezni, presene\u010denj in neprecenljivih lekcij.<\/p>\n<p data-start=\"616\" data-end=\"953\">V knjigi deli svoje razmi\u0161ljanje in intimne trenutke, ki odstirajo resni\u010dno vrednost preprostih stvari \u2013 od nasmeha ob opazovanju narave do vsakdanjih malih zmag.<\/p>\n<hr \/>\n<blockquote>\n<p data-start=\"616\" data-end=\"953\">\u00a0<strong data-start=\"779\" data-end=\"799\">Breda Ana Serini<\/strong>\u00a0v spremni besedi zapi\u0161e:<br data-start=\"824\" data-end=\"827\" \/>\u00bb\u010clovek je lahko sre\u010den, tudi \u010de nima vsega, kar imajo drugi. In v \u017eivljenju je treba gledati tudi s srcem, ne samo z o\u010dmi.\u00ab<\/p>\n<\/blockquote>\n<hr \/>\n<p data-start=\"955\" data-end=\"1279\"><strong data-start=\"955\" data-end=\"974\">O avtorici<\/strong><\/p>\n<p data-start=\"955\" data-end=\"1279\">Dragica Kralji\u010d (1961), magistrica znanosti s podro\u010dja defektologije, skozi lastno izku\u0161njo in dolgoletno delo z otroki s posebnimi potrebami ponuja globok vpogled v svet, ki ga mnogi ne poznajo. Njena ljubezen do sina Janeka ji je odprla o\u010di za bistvo \u017eivljenja \u2013 da je pravo bogastvo v ljudeh in medsebojnih odnosih.<\/p>\n","protected":false},"excerpt":{"rendered":"<div><b>Strani<\/b>: 219<\/div>\n<div><b>Format<\/b>: 145 x 220 mm<br \/>\n<b>Leto izdaje<\/b>: 2025<\/p>\n<\/div>\n<div><strong><a href=\"https:\/\/www.iskreni.net\/trgovina\/wp-content\/uploads\/2025\/02\/9789617224481.pdf\">Prelistaj knjigo<\/a><\/strong><\/div>\n","protected":false},"featured_media":84735,"comment_status":"open","ping_status":"closed","template":"","meta":[],"product_brand":[],"product_cat":[2322,2327,63],"product_tag":[2915,2948,2419,2905],"avtor":[2947],"zalozba":[2780],"vezava":[2307],"class_list":{"0":"post-84733","1":"product","2":"type-product","3":"status-publish","4":"has-post-thumbnail","6":"product_cat-druzina-in-odnosi","7":"product_cat-prirocniki-in-vodniki","8":"product_cat-knjige","9":"product_tag-avtobiografija","10":"product_tag-odnosi","11":"product_tag-otroci-s-posebnimi-potrebami","12":"product_tag-vzgoja","13":"avtor-dragica-kraljic","14":"zalozba-primus","15":"vezava-mehka","17":"first","18":"instock","19":"taxable","20":"shipping-taxable","21":"purchasable","22":"product-type-simple"},"yoast_head":"<!-- This site is optimized with the Yoast SEO plugin v26.3 - https:\/\/yoast.com\/wordpress\/plugins\/seo\/ -->\n<title>Nevidne nitke z drugimi - Zavod Iskreni<\/title>\n<meta name=\"description\" content=\"Pripoved\u00a0Dragice Kralji\u010d\u00a0o \u017eivljenju z otrokom s posebnimi potrebami. Knjiga osvetljuje mo\u010d ljubezni, hkrati pa ponuja vpogled v vsakdan, poln izzivov.\" \/>\n<meta name=\"robots\" content=\"index, follow, max-snippet:-1, max-image-preview:large, max-video-preview:-1\" \/>\n<link rel=\"canonical\" href=\"https:\/\/www.iskreni.net\/trgovina\/product\/nevidne-nitke-z-drugimi\/\" \/>\n<meta property=\"og:locale\" content=\"sl_SI\" \/>\n<meta property=\"og:type\" content=\"article\" \/>\n<meta property=\"og:title\" content=\"Nevidne nitke z drugimi - Zavod Iskreni\" \/>\n<meta property=\"og:description\" content=\"Pripoved\u00a0Dragice Kralji\u010d\u00a0o \u017eivljenju z otrokom s posebnimi potrebami. Knjiga osvetljuje mo\u010d ljubezni, hkrati pa ponuja vpogled v vsakdan, poln izzivov.\" \/>\n<meta property=\"og:url\" content=\"https:\/\/www.iskreni.net\/trgovina\/product\/nevidne-nitke-z-drugimi\/\" \/>\n<meta property=\"og:site_name\" content=\"Zavod Iskreni\" \/>\n<meta property=\"article:modified_time\" content=\"2026-02-20T11:28:45+00:00\" \/>\n<meta property=\"og:image\" content=\"https:\/\/www.iskreni.net\/trgovina\/wp-content\/uploads\/2025\/02\/nevidne-nitke.png\" \/>\n\t<meta property=\"og:image:width\" content=\"558\" \/>\n\t<meta property=\"og:image:height\" content=\"558\" \/>\n\t<meta property=\"og:image:type\" content=\"image\/png\" \/>\n<meta name=\"twitter:card\" content=\"summary_large_image\" \/>\n<meta name=\"twitter:label1\" content=\"Est. reading time\" \/>\n\t<meta name=\"twitter:data1\" content=\"1 minuta\" \/>\n<script type=\"application\/ld+json\" class=\"yoast-schema-graph\">{\"@context\":\"https:\/\/schema.org\",\"@graph\":[{\"@type\":\"WebPage\",\"@id\":\"https:\/\/www.iskreni.net\/trgovina\/product\/nevidne-nitke-z-drugimi\/\",\"url\":\"https:\/\/www.iskreni.net\/trgovina\/product\/nevidne-nitke-z-drugimi\/\",\"name\":\"Nevidne nitke z drugimi - Zavod Iskreni\",\"isPartOf\":{\"@id\":\"https:\/\/www.iskreni.net\/trgovina\/#website\"},\"primaryImageOfPage\":{\"@id\":\"https:\/\/www.iskreni.net\/trgovina\/product\/nevidne-nitke-z-drugimi\/#primaryimage\"},\"image\":{\"@id\":\"https:\/\/www.iskreni.net\/trgovina\/product\/nevidne-nitke-z-drugimi\/#primaryimage\"},\"thumbnailUrl\":\"https:\/\/www.iskreni.net\/trgovina\/wp-content\/uploads\/2025\/02\/nevidne-nitke.png\",\"datePublished\":\"2025-02-20T07:55:09+00:00\",\"dateModified\":\"2026-02-20T11:28:45+00:00\",\"description\":\"Pripoved\u00a0Dragice Kralji\u010d\u00a0o \u017eivljenju z otrokom s posebnimi potrebami. Knjiga osvetljuje mo\u010d ljubezni, hkrati pa ponuja vpogled v vsakdan, poln izzivov.\",\"breadcrumb\":{\"@id\":\"https:\/\/www.iskreni.net\/trgovina\/product\/nevidne-nitke-z-drugimi\/#breadcrumb\"},\"inLanguage\":\"sl-SI\",\"potentialAction\":[{\"@type\":\"ReadAction\",\"target\":[\"https:\/\/www.iskreni.net\/trgovina\/product\/nevidne-nitke-z-drugimi\/\"]}]},{\"@type\":\"ImageObject\",\"inLanguage\":\"sl-SI\",\"@id\":\"https:\/\/www.iskreni.net\/trgovina\/product\/nevidne-nitke-z-drugimi\/#primaryimage\",\"url\":\"https:\/\/www.iskreni.net\/trgovina\/wp-content\/uploads\/2025\/02\/nevidne-nitke.png\",\"contentUrl\":\"https:\/\/www.iskreni.net\/trgovina\/wp-content\/uploads\/2025\/02\/nevidne-nitke.png\",\"width\":558,\"height\":558,\"caption\":\"Nevidne nitke z drugimi\"},{\"@type\":\"BreadcrumbList\",\"@id\":\"https:\/\/www.iskreni.net\/trgovina\/product\/nevidne-nitke-z-drugimi\/#breadcrumb\",\"itemListElement\":[{\"@type\":\"ListItem\",\"position\":1,\"name\":\"Home\",\"item\":\"https:\/\/www.iskreni.net\/trgovina\/\"},{\"@type\":\"ListItem\",\"position\":2,\"name\":\"Trgovina\",\"item\":\"https:\/\/www.iskreni.net\/trgovina\/trgovina\/\"},{\"@type\":\"ListItem\",\"position\":3,\"name\":\"Nevidne nitke z drugimi\"}]},{\"@type\":\"WebSite\",\"@id\":\"https:\/\/www.iskreni.net\/trgovina\/#website\",\"url\":\"https:\/\/www.iskreni.net\/trgovina\/\",\"name\":\"Zavod Iskreni\",\"description\":\"trgovina\",\"potentialAction\":[{\"@type\":\"SearchAction\",\"target\":{\"@type\":\"EntryPoint\",\"urlTemplate\":\"https:\/\/www.iskreni.net\/trgovina\/?s={search_term_string}\"},\"query-input\":{\"@type\":\"PropertyValueSpecification\",\"valueRequired\":true,\"valueName\":\"search_term_string\"}}],\"inLanguage\":\"sl-SI\"}]}<\/script>\n<!-- \/ Yoast SEO plugin. -->","yoast_head_json":{"title":"Nevidne nitke z drugimi - Zavod Iskreni","description":"Pripoved\u00a0Dragice Kralji\u010d\u00a0o \u017eivljenju z otrokom s posebnimi potrebami. Knjiga osvetljuje mo\u010d ljubezni, hkrati pa ponuja vpogled v vsakdan, poln izzivov.","robots":{"index":"index","follow":"follow","max-snippet":"max-snippet:-1","max-image-preview":"max-image-preview:large","max-video-preview":"max-video-preview:-1"},"canonical":"https:\/\/www.iskreni.net\/trgovina\/product\/nevidne-nitke-z-drugimi\/","og_locale":"sl_SI","og_type":"article","og_title":"Nevidne nitke z drugimi - Zavod Iskreni","og_description":"Pripoved\u00a0Dragice Kralji\u010d\u00a0o \u017eivljenju z otrokom s posebnimi potrebami. Knjiga osvetljuje mo\u010d ljubezni, hkrati pa ponuja vpogled v vsakdan, poln izzivov.","og_url":"https:\/\/www.iskreni.net\/trgovina\/product\/nevidne-nitke-z-drugimi\/","og_site_name":"Zavod Iskreni","article_modified_time":"2026-02-20T11:28:45+00:00","og_image":[{"width":558,"height":558,"url":"https:\/\/www.iskreni.net\/trgovina\/wp-content\/uploads\/2025\/02\/nevidne-nitke.png","type":"image\/png"}],"twitter_card":"summary_large_image","twitter_misc":{"Est. reading time":"1 minuta"},"schema":{"@context":"https:\/\/schema.org","@graph":[{"@type":"WebPage","@id":"https:\/\/www.iskreni.net\/trgovina\/product\/nevidne-nitke-z-drugimi\/","url":"https:\/\/www.iskreni.net\/trgovina\/product\/nevidne-nitke-z-drugimi\/","name":"Nevidne nitke z drugimi - Zavod Iskreni","isPartOf":{"@id":"https:\/\/www.iskreni.net\/trgovina\/#website"},"primaryImageOfPage":{"@id":"https:\/\/www.iskreni.net\/trgovina\/product\/nevidne-nitke-z-drugimi\/#primaryimage"},"image":{"@id":"https:\/\/www.iskreni.net\/trgovina\/product\/nevidne-nitke-z-drugimi\/#primaryimage"},"thumbnailUrl":"https:\/\/www.iskreni.net\/trgovina\/wp-content\/uploads\/2025\/02\/nevidne-nitke.png","datePublished":"2025-02-20T07:55:09+00:00","dateModified":"2026-02-20T11:28:45+00:00","description":"Pripoved\u00a0Dragice Kralji\u010d\u00a0o \u017eivljenju z otrokom s posebnimi potrebami. Knjiga osvetljuje mo\u010d ljubezni, hkrati pa ponuja vpogled v vsakdan, poln izzivov.","breadcrumb":{"@id":"https:\/\/www.iskreni.net\/trgovina\/product\/nevidne-nitke-z-drugimi\/#breadcrumb"},"inLanguage":"sl-SI","potentialAction":[{"@type":"ReadAction","target":["https:\/\/www.iskreni.net\/trgovina\/product\/nevidne-nitke-z-drugimi\/"]}]},{"@type":"ImageObject","inLanguage":"sl-SI","@id":"https:\/\/www.iskreni.net\/trgovina\/product\/nevidne-nitke-z-drugimi\/#primaryimage","url":"https:\/\/www.iskreni.net\/trgovina\/wp-content\/uploads\/2025\/02\/nevidne-nitke.png","contentUrl":"https:\/\/www.iskreni.net\/trgovina\/wp-content\/uploads\/2025\/02\/nevidne-nitke.png","width":558,"height":558,"caption":"Nevidne nitke z drugimi"},{"@type":"BreadcrumbList","@id":"https:\/\/www.iskreni.net\/trgovina\/product\/nevidne-nitke-z-drugimi\/#breadcrumb","itemListElement":[{"@type":"ListItem","position":1,"name":"Home","item":"https:\/\/www.iskreni.net\/trgovina\/"},{"@type":"ListItem","position":2,"name":"Trgovina","item":"https:\/\/www.iskreni.net\/trgovina\/trgovina\/"},{"@type":"ListItem","position":3,"name":"Nevidne nitke z drugimi"}]},{"@type":"WebSite","@id":"https:\/\/www.iskreni.net\/trgovina\/#website","url":"https:\/\/www.iskreni.net\/trgovina\/","name":"Zavod Iskreni","description":"trgovina","potentialAction":[{"@type":"SearchAction","target":{"@type":"EntryPoint","urlTemplate":"https:\/\/www.iskreni.net\/trgovina\/?s={search_term_string}"},"query-input":{"@type":"PropertyValueSpecification","valueRequired":true,"valueName":"search_term_string"}}],"inLanguage":"sl-SI"}]}},"_links":{"self":[{"href":"https:\/\/www.iskreni.net\/trgovina\/wp-json\/wp\/v2\/product\/84733","targetHints":{"allow":["GET"]}}],"collection":[{"href":"https:\/\/www.iskreni.net\/trgovina\/wp-json\/wp\/v2\/product"}],"about":[{"href":"https:\/\/www.iskreni.net\/trgovina\/wp-json\/wp\/v2\/types\/product"}],"replies":[{"embeddable":true,"href":"https:\/\/www.iskreni.net\/trgovina\/wp-json\/wp\/v2\/comments?post=84733"}],"version-history":[{"count":5,"href":"https:\/\/www.iskreni.net\/trgovina\/wp-json\/wp\/v2\/product\/84733\/revisions"}],"predecessor-version":[{"id":84775,"href":"https:\/\/www.iskreni.net\/trgovina\/wp-json\/wp\/v2\/product\/84733\/revisions\/84775"}],"wp:featuredmedia":[{"embeddable":true,"href":"https:\/\/www.iskreni.net\/trgovina\/wp-json\/wp\/v2\/media\/84735"}],"wp:attachment":[{"href":"https:\/\/www.iskreni.net\/trgovina\/wp-json\/wp\/v2\/media?parent=84733"}],"wp:term":[{"taxonomy":"product_brand","embeddable":true,"href":"https:\/\/www.iskreni.net\/trgovina\/wp-json\/wp\/v2\/product_brand?post=84733"},{"taxonomy":"product_cat","embeddable":true,"href":"https:\/\/www.iskreni.net\/trgovina\/wp-json\/wp\/v2\/product_cat?post=84733"},{"taxonomy":"product_tag","embeddable":true,"href":"https:\/\/www.iskreni.net\/trgovina\/wp-json\/wp\/v2\/product_tag?post=84733"},{"taxonomy":"avtor","embeddable":true,"href":"https:\/\/www.iskreni.net\/trgovina\/wp-json\/wp\/v2\/avtor?post=84733"},{"taxonomy":"zalozba","embeddable":true,"href":"https:\/\/www.iskreni.net\/trgovina\/wp-json\/wp\/v2\/zalozba?post=84733"},{"taxonomy":"vezava","embeddable":true,"href":"https:\/\/www.iskreni.net\/trgovina\/wp-json\/wp\/v2\/vezava?post=84733"}],"curies":[{"name":"wp","href":"https:\/\/api.w.org\/{rel}","templated":true}]}}