{"id":84700,"date":"2025-02-19T11:00:07","date_gmt":"2025-02-19T10:00:07","guid":{"rendered":"https:\/\/www.iskreni.net\/trgovina\/?post_type=product&#038;p=84700"},"modified":"2025-09-17T13:37:06","modified_gmt":"2025-09-17T11:37:06","slug":"cudesa-casa","status":"publish","type":"product","link":"https:\/\/www.iskreni.net\/trgovina\/product\/cudesa-casa\/","title":{"rendered":"\u010cudesa \u010dasa"},"content":{"rendered":"<p><em>\u010cUDESA \u010cASA \u2013 POJASNJENE SKRIVNOSTI IN ZGODOVINA \u010cASA<\/em><\/p>\n<blockquote><p><em>\u010cas je za osupljiv pogled v \u010das in vesolje z mojstri merjenja \u010dasa.<\/em><\/p><\/blockquote>\n<p>Odkrij celo vrsto skrivnosti, povezanih s \u010dasom: njegove za\u010detke, kako ga merimo, kako ga do\u017eivljamo, razli\u010dne filozofije \u010dasa in mo\u017enosti za potovanje v \u010dasu. Razi\u0161\u010di navdu\u0161ujo\u010do \u010dasovnico merjenja \u010dasa, ki sega po vsej zemeljski krogli in se razteza dale\u010d v vesolje.<\/p>\n<p>Avtorica Emily Akkermans je kuratorka \u010dasa v Kraljevem muzeju v Greenwichu v Veliki Britaniji, ki je zgodovinski dom merjenja \u010dasa, greenwi\u0161kega srednjega \u010dasa in ni\u010delnega poldnevnika.<\/p>\n<p>V zbirki \u0161e\u00a0<a href=\"https:\/\/morfem.si\/knjige\/po-starosti\/starost-6-8-let\/cudesa-nocnega-neba\/\">\u010cudesa no\u010dnega neba<\/a>\u00a0in\u00a0<a href=\"https:\/\/morfem.si\/knjige\/po-starosti\/starost-8-11-let\/prihodnost-vesolja\/\">Prihodnost vesolja<\/a>\u00a0\u2026<\/p>\n<p>&nbsp;<\/p>\n","protected":false},"excerpt":{"rendered":"<p><strong>Ilustrator:<\/strong> Jan Bielecki<br \/>\n<strong>Prevajalec: <\/strong>Mojca \u017dnidar\u0161i\u010d<strong><br \/>\n<\/strong><strong>\u0160tevilo strani:<\/strong> 56<br \/>\n<strong>Format:<\/strong> 220 x\u00a0 290 mm<br \/>\n<strong>Leto izdaje:<\/strong> 2024<\/p>\n","protected":false},"featured_media":84702,"comment_status":"open","ping_status":"closed","template":"","meta":[],"product_brand":[],"product_cat":[887,63,135],"product_tag":[2943,2944,2930,2940,2941,2942,2933],"avtor":[2939],"zalozba":[2360],"vezava":[2306],"class_list":{"0":"post-84700","1":"product","2":"type-product","3":"status-publish","4":"has-post-thumbnail","6":"product_cat-uncategorized","7":"product_cat-knjige","8":"product_cat-za-otroke","9":"product_tag-cas","10":"product_tag-merjenje-casa","11":"product_tag-otroske-knjige","12":"product_tag-poucne","13":"product_tag-starost-11-14-let","14":"product_tag-starost-8-11-let","15":"product_tag-zbirke","16":"avtor-emily-akkermans","17":"zalozba-morfem","18":"vezava-trda","20":"first","21":"onbackorder","22":"taxable","23":"shipping-taxable","24":"purchasable","25":"product-type-simple"},"yoast_head":"<!-- This site is optimized with the Yoast SEO plugin v26.3 - https:\/\/yoast.com\/wordpress\/plugins\/seo\/ -->\n<title>\u010cudesa \u010dasa - Zavod Iskreni<\/title>\n<meta name=\"description\" content=\"Odkrij celo vrsto skrivnosti, povezanih s \u010dasom: njegove za\u010detke, kako ga merimo, kako ga do\u017eivljamo, filozofije \u010dasa in mo\u017enosti za potovanje v \u010dasu.\" \/>\n<meta name=\"robots\" content=\"index, follow, max-snippet:-1, max-image-preview:large, max-video-preview:-1\" \/>\n<link rel=\"canonical\" href=\"https:\/\/www.iskreni.net\/trgovina\/product\/cudesa-casa\/\" \/>\n<meta property=\"og:locale\" content=\"sl_SI\" \/>\n<meta property=\"og:type\" content=\"article\" \/>\n<meta property=\"og:title\" content=\"\u010cudesa \u010dasa - Zavod Iskreni\" \/>\n<meta property=\"og:description\" content=\"Odkrij celo vrsto skrivnosti, povezanih s \u010dasom: njegove za\u010detke, kako ga merimo, kako ga do\u017eivljamo, filozofije \u010dasa in mo\u017enosti za potovanje v \u010dasu.\" \/>\n<meta property=\"og:url\" content=\"https:\/\/www.iskreni.net\/trgovina\/product\/cudesa-casa\/\" \/>\n<meta property=\"og:site_name\" content=\"Zavod Iskreni\" \/>\n<meta property=\"article:modified_time\" content=\"2025-09-17T11:37:06+00:00\" \/>\n<meta property=\"og:image\" content=\"https:\/\/www.iskreni.net\/trgovina\/wp-content\/uploads\/2025\/02\/Cudesa-casa-4-scaled-1.jpg\" \/>\n\t<meta property=\"og:image:width\" content=\"1556\" \/>\n\t<meta property=\"og:image:height\" content=\"2048\" \/>\n\t<meta property=\"og:image:type\" content=\"image\/jpeg\" \/>\n<meta name=\"twitter:card\" content=\"summary_large_image\" \/>\n<meta name=\"twitter:label1\" content=\"Est. reading time\" \/>\n\t<meta name=\"twitter:data1\" content=\"1 minuta\" \/>\n<script type=\"application\/ld+json\" class=\"yoast-schema-graph\">{\"@context\":\"https:\/\/schema.org\",\"@graph\":[{\"@type\":\"WebPage\",\"@id\":\"https:\/\/www.iskreni.net\/trgovina\/product\/cudesa-casa\/\",\"url\":\"https:\/\/www.iskreni.net\/trgovina\/product\/cudesa-casa\/\",\"name\":\"\u010cudesa \u010dasa - Zavod Iskreni\",\"isPartOf\":{\"@id\":\"https:\/\/www.iskreni.net\/trgovina\/#website\"},\"primaryImageOfPage\":{\"@id\":\"https:\/\/www.iskreni.net\/trgovina\/product\/cudesa-casa\/#primaryimage\"},\"image\":{\"@id\":\"https:\/\/www.iskreni.net\/trgovina\/product\/cudesa-casa\/#primaryimage\"},\"thumbnailUrl\":\"https:\/\/www.iskreni.net\/trgovina\/wp-content\/uploads\/2025\/02\/Cudesa-casa-4-scaled-1.jpg\",\"datePublished\":\"2025-02-19T10:00:07+00:00\",\"dateModified\":\"2025-09-17T11:37:06+00:00\",\"description\":\"Odkrij celo vrsto skrivnosti, povezanih s \u010dasom: njegove za\u010detke, kako ga merimo, kako ga do\u017eivljamo, filozofije \u010dasa in mo\u017enosti za potovanje v \u010dasu.\",\"breadcrumb\":{\"@id\":\"https:\/\/www.iskreni.net\/trgovina\/product\/cudesa-casa\/#breadcrumb\"},\"inLanguage\":\"sl-SI\",\"potentialAction\":[{\"@type\":\"ReadAction\",\"target\":[\"https:\/\/www.iskreni.net\/trgovina\/product\/cudesa-casa\/\"]}]},{\"@type\":\"ImageObject\",\"inLanguage\":\"sl-SI\",\"@id\":\"https:\/\/www.iskreni.net\/trgovina\/product\/cudesa-casa\/#primaryimage\",\"url\":\"https:\/\/www.iskreni.net\/trgovina\/wp-content\/uploads\/2025\/02\/Cudesa-casa-4-scaled-1.jpg\",\"contentUrl\":\"https:\/\/www.iskreni.net\/trgovina\/wp-content\/uploads\/2025\/02\/Cudesa-casa-4-scaled-1.jpg\",\"width\":1556,\"height\":2048,\"caption\":\"\u010cudesa \u010dasa\"},{\"@type\":\"BreadcrumbList\",\"@id\":\"https:\/\/www.iskreni.net\/trgovina\/product\/cudesa-casa\/#breadcrumb\",\"itemListElement\":[{\"@type\":\"ListItem\",\"position\":1,\"name\":\"Home\",\"item\":\"https:\/\/www.iskreni.net\/trgovina\/\"},{\"@type\":\"ListItem\",\"position\":2,\"name\":\"Trgovina\",\"item\":\"https:\/\/www.iskreni.net\/trgovina\/trgovina\/\"},{\"@type\":\"ListItem\",\"position\":3,\"name\":\"\u010cudesa \u010dasa\"}]},{\"@type\":\"WebSite\",\"@id\":\"https:\/\/www.iskreni.net\/trgovina\/#website\",\"url\":\"https:\/\/www.iskreni.net\/trgovina\/\",\"name\":\"Zavod Iskreni\",\"description\":\"trgovina\",\"potentialAction\":[{\"@type\":\"SearchAction\",\"target\":{\"@type\":\"EntryPoint\",\"urlTemplate\":\"https:\/\/www.iskreni.net\/trgovina\/?s={search_term_string}\"},\"query-input\":{\"@type\":\"PropertyValueSpecification\",\"valueRequired\":true,\"valueName\":\"search_term_string\"}}],\"inLanguage\":\"sl-SI\"}]}<\/script>\n<!-- \/ Yoast SEO plugin. -->","yoast_head_json":{"title":"\u010cudesa \u010dasa - Zavod Iskreni","description":"Odkrij celo vrsto skrivnosti, povezanih s \u010dasom: njegove za\u010detke, kako ga merimo, kako ga do\u017eivljamo, filozofije \u010dasa in mo\u017enosti za potovanje v \u010dasu.","robots":{"index":"index","follow":"follow","max-snippet":"max-snippet:-1","max-image-preview":"max-image-preview:large","max-video-preview":"max-video-preview:-1"},"canonical":"https:\/\/www.iskreni.net\/trgovina\/product\/cudesa-casa\/","og_locale":"sl_SI","og_type":"article","og_title":"\u010cudesa \u010dasa - Zavod Iskreni","og_description":"Odkrij celo vrsto skrivnosti, povezanih s \u010dasom: njegove za\u010detke, kako ga merimo, kako ga do\u017eivljamo, filozofije \u010dasa in mo\u017enosti za potovanje v \u010dasu.","og_url":"https:\/\/www.iskreni.net\/trgovina\/product\/cudesa-casa\/","og_site_name":"Zavod Iskreni","article_modified_time":"2025-09-17T11:37:06+00:00","og_image":[{"width":1556,"height":2048,"url":"https:\/\/www.iskreni.net\/trgovina\/wp-content\/uploads\/2025\/02\/Cudesa-casa-4-scaled-1.jpg","type":"image\/jpeg"}],"twitter_card":"summary_large_image","twitter_misc":{"Est. reading time":"1 minuta"},"schema":{"@context":"https:\/\/schema.org","@graph":[{"@type":"WebPage","@id":"https:\/\/www.iskreni.net\/trgovina\/product\/cudesa-casa\/","url":"https:\/\/www.iskreni.net\/trgovina\/product\/cudesa-casa\/","name":"\u010cudesa \u010dasa - Zavod Iskreni","isPartOf":{"@id":"https:\/\/www.iskreni.net\/trgovina\/#website"},"primaryImageOfPage":{"@id":"https:\/\/www.iskreni.net\/trgovina\/product\/cudesa-casa\/#primaryimage"},"image":{"@id":"https:\/\/www.iskreni.net\/trgovina\/product\/cudesa-casa\/#primaryimage"},"thumbnailUrl":"https:\/\/www.iskreni.net\/trgovina\/wp-content\/uploads\/2025\/02\/Cudesa-casa-4-scaled-1.jpg","datePublished":"2025-02-19T10:00:07+00:00","dateModified":"2025-09-17T11:37:06+00:00","description":"Odkrij celo vrsto skrivnosti, povezanih s \u010dasom: njegove za\u010detke, kako ga merimo, kako ga do\u017eivljamo, filozofije \u010dasa in mo\u017enosti za potovanje v \u010dasu.","breadcrumb":{"@id":"https:\/\/www.iskreni.net\/trgovina\/product\/cudesa-casa\/#breadcrumb"},"inLanguage":"sl-SI","potentialAction":[{"@type":"ReadAction","target":["https:\/\/www.iskreni.net\/trgovina\/product\/cudesa-casa\/"]}]},{"@type":"ImageObject","inLanguage":"sl-SI","@id":"https:\/\/www.iskreni.net\/trgovina\/product\/cudesa-casa\/#primaryimage","url":"https:\/\/www.iskreni.net\/trgovina\/wp-content\/uploads\/2025\/02\/Cudesa-casa-4-scaled-1.jpg","contentUrl":"https:\/\/www.iskreni.net\/trgovina\/wp-content\/uploads\/2025\/02\/Cudesa-casa-4-scaled-1.jpg","width":1556,"height":2048,"caption":"\u010cudesa \u010dasa"},{"@type":"BreadcrumbList","@id":"https:\/\/www.iskreni.net\/trgovina\/product\/cudesa-casa\/#breadcrumb","itemListElement":[{"@type":"ListItem","position":1,"name":"Home","item":"https:\/\/www.iskreni.net\/trgovina\/"},{"@type":"ListItem","position":2,"name":"Trgovina","item":"https:\/\/www.iskreni.net\/trgovina\/trgovina\/"},{"@type":"ListItem","position":3,"name":"\u010cudesa \u010dasa"}]},{"@type":"WebSite","@id":"https:\/\/www.iskreni.net\/trgovina\/#website","url":"https:\/\/www.iskreni.net\/trgovina\/","name":"Zavod Iskreni","description":"trgovina","potentialAction":[{"@type":"SearchAction","target":{"@type":"EntryPoint","urlTemplate":"https:\/\/www.iskreni.net\/trgovina\/?s={search_term_string}"},"query-input":{"@type":"PropertyValueSpecification","valueRequired":true,"valueName":"search_term_string"}}],"inLanguage":"sl-SI"}]}},"_links":{"self":[{"href":"https:\/\/www.iskreni.net\/trgovina\/wp-json\/wp\/v2\/product\/84700","targetHints":{"allow":["GET"]}}],"collection":[{"href":"https:\/\/www.iskreni.net\/trgovina\/wp-json\/wp\/v2\/product"}],"about":[{"href":"https:\/\/www.iskreni.net\/trgovina\/wp-json\/wp\/v2\/types\/product"}],"replies":[{"embeddable":true,"href":"https:\/\/www.iskreni.net\/trgovina\/wp-json\/wp\/v2\/comments?post=84700"}],"version-history":[{"count":4,"href":"https:\/\/www.iskreni.net\/trgovina\/wp-json\/wp\/v2\/product\/84700\/revisions"}],"predecessor-version":[{"id":84776,"href":"https:\/\/www.iskreni.net\/trgovina\/wp-json\/wp\/v2\/product\/84700\/revisions\/84776"}],"wp:featuredmedia":[{"embeddable":true,"href":"https:\/\/www.iskreni.net\/trgovina\/wp-json\/wp\/v2\/media\/84702"}],"wp:attachment":[{"href":"https:\/\/www.iskreni.net\/trgovina\/wp-json\/wp\/v2\/media?parent=84700"}],"wp:term":[{"taxonomy":"product_brand","embeddable":true,"href":"https:\/\/www.iskreni.net\/trgovina\/wp-json\/wp\/v2\/product_brand?post=84700"},{"taxonomy":"product_cat","embeddable":true,"href":"https:\/\/www.iskreni.net\/trgovina\/wp-json\/wp\/v2\/product_cat?post=84700"},{"taxonomy":"product_tag","embeddable":true,"href":"https:\/\/www.iskreni.net\/trgovina\/wp-json\/wp\/v2\/product_tag?post=84700"},{"taxonomy":"avtor","embeddable":true,"href":"https:\/\/www.iskreni.net\/trgovina\/wp-json\/wp\/v2\/avtor?post=84700"},{"taxonomy":"zalozba","embeddable":true,"href":"https:\/\/www.iskreni.net\/trgovina\/wp-json\/wp\/v2\/zalozba?post=84700"},{"taxonomy":"vezava","embeddable":true,"href":"https:\/\/www.iskreni.net\/trgovina\/wp-json\/wp\/v2\/vezava?post=84700"}],"curies":[{"name":"wp","href":"https:\/\/api.w.org\/{rel}","templated":true}]}}