{"id":84685,"date":"2025-02-19T10:28:18","date_gmt":"2025-02-19T09:28:18","guid":{"rendered":"https:\/\/www.iskreni.net\/trgovina\/?post_type=product&#038;p=84685"},"modified":"2025-09-17T13:38:08","modified_gmt":"2025-09-17T11:38:08","slug":"tiha-knjiga","status":"publish","type":"product","link":"https:\/\/www.iskreni.net\/trgovina\/product\/tiha-knjiga\/","title":{"rendered":"Tiha knjiga"},"content":{"rendered":"<p>Psssssssst \u2013 to je Tiha knjiga.<\/p>\n<p>Ti\u0161ine so razli\u010dne. Ti\u0161ina je lahko spokojna. Ti\u0161ina je lahko bu\u010dna. Ti\u0161ina je lahko tako rahla in blaga, da te zaziblje v sen.<\/p>\n<p><a href=\"https:\/\/youtu.be\/rm5XrvN5PiY\">Videoposnetek<\/a><\/p>\n","protected":false},"excerpt":{"rendered":"<p><strong>Ilustrator:<\/strong> Renata Liwska<br \/>\n<strong>Prevajalec: <\/strong>Tina Mahkota<br \/>\n<strong>\u0160tevilo strani:<\/strong> 40<br \/>\n<strong>Format:<\/strong> 185 x\u00a0 220 mm<br \/>\n<strong>Leto izdaje:<\/strong> 2024<\/p>\n","protected":false},"featured_media":84688,"comment_status":"open","ping_status":"closed","template":"","meta":[],"product_brand":[],"product_cat":[887,63,135],"product_tag":[2930,2931,2938,2932],"avtor":[2937],"zalozba":[2360],"vezava":[2306],"class_list":{"0":"post-84685","1":"product","2":"type-product","3":"status-publish","4":"has-post-thumbnail","6":"product_cat-uncategorized","7":"product_cat-knjige","8":"product_cat-za-otroke","9":"product_tag-otroske-knjige","10":"product_tag-slikanice","11":"product_tag-starost-0-3-let","12":"product_tag-starost-3-6-let","13":"avtor-deborah-underwood","14":"zalozba-morfem","15":"vezava-trda","17":"first","18":"onbackorder","19":"taxable","20":"shipping-taxable","21":"purchasable","22":"product-type-simple"},"yoast_head":"<!-- This site is optimized with the Yoast SEO plugin v26.3 - https:\/\/yoast.com\/wordpress\/plugins\/seo\/ -->\n<title>Tiha knjiga - Zavod Iskreni<\/title>\n<meta name=\"description\" content=\"Ti\u0161ine so razli\u010dne. Ti\u0161ina je lahko spokojna. Ti\u0161ina je lahko bu\u010dna. Ti\u0161ina je lahko tako rahla in blaga, da te zaziblje v sen.\" \/>\n<meta name=\"robots\" content=\"index, follow, max-snippet:-1, max-image-preview:large, max-video-preview:-1\" \/>\n<link rel=\"canonical\" href=\"https:\/\/www.iskreni.net\/trgovina\/product\/tiha-knjiga\/\" \/>\n<meta property=\"og:locale\" content=\"sl_SI\" \/>\n<meta property=\"og:type\" content=\"article\" \/>\n<meta property=\"og:title\" content=\"Tiha knjiga - Zavod Iskreni\" \/>\n<meta property=\"og:description\" content=\"Ti\u0161ine so razli\u010dne. Ti\u0161ina je lahko spokojna. Ti\u0161ina je lahko bu\u010dna. Ti\u0161ina je lahko tako rahla in blaga, da te zaziblje v sen.\" \/>\n<meta property=\"og:url\" content=\"https:\/\/www.iskreni.net\/trgovina\/product\/tiha-knjiga\/\" \/>\n<meta property=\"og:site_name\" content=\"Zavod Iskreni\" \/>\n<meta property=\"article:modified_time\" content=\"2025-09-17T11:38:08+00:00\" \/>\n<meta property=\"og:image\" content=\"https:\/\/www.iskreni.net\/trgovina\/wp-content\/uploads\/2025\/02\/Tiha-knjiga1.png\" \/>\n\t<meta property=\"og:image:width\" content=\"1715\" \/>\n\t<meta property=\"og:image:height\" content=\"1715\" \/>\n\t<meta property=\"og:image:type\" content=\"image\/png\" \/>\n<meta name=\"twitter:card\" content=\"summary_large_image\" \/>\n<meta name=\"twitter:label1\" content=\"Est. reading time\" \/>\n\t<meta name=\"twitter:data1\" content=\"1 minuta\" \/>\n<script type=\"application\/ld+json\" class=\"yoast-schema-graph\">{\"@context\":\"https:\/\/schema.org\",\"@graph\":[{\"@type\":\"WebPage\",\"@id\":\"https:\/\/www.iskreni.net\/trgovina\/product\/tiha-knjiga\/\",\"url\":\"https:\/\/www.iskreni.net\/trgovina\/product\/tiha-knjiga\/\",\"name\":\"Tiha knjiga - Zavod Iskreni\",\"isPartOf\":{\"@id\":\"https:\/\/www.iskreni.net\/trgovina\/#website\"},\"primaryImageOfPage\":{\"@id\":\"https:\/\/www.iskreni.net\/trgovina\/product\/tiha-knjiga\/#primaryimage\"},\"image\":{\"@id\":\"https:\/\/www.iskreni.net\/trgovina\/product\/tiha-knjiga\/#primaryimage\"},\"thumbnailUrl\":\"https:\/\/www.iskreni.net\/trgovina\/wp-content\/uploads\/2025\/02\/Tiha-knjiga1.png\",\"datePublished\":\"2025-02-19T09:28:18+00:00\",\"dateModified\":\"2025-09-17T11:38:08+00:00\",\"description\":\"Ti\u0161ine so razli\u010dne. Ti\u0161ina je lahko spokojna. Ti\u0161ina je lahko bu\u010dna. Ti\u0161ina je lahko tako rahla in blaga, da te zaziblje v sen.\",\"breadcrumb\":{\"@id\":\"https:\/\/www.iskreni.net\/trgovina\/product\/tiha-knjiga\/#breadcrumb\"},\"inLanguage\":\"sl-SI\",\"potentialAction\":[{\"@type\":\"ReadAction\",\"target\":[\"https:\/\/www.iskreni.net\/trgovina\/product\/tiha-knjiga\/\"]}]},{\"@type\":\"ImageObject\",\"inLanguage\":\"sl-SI\",\"@id\":\"https:\/\/www.iskreni.net\/trgovina\/product\/tiha-knjiga\/#primaryimage\",\"url\":\"https:\/\/www.iskreni.net\/trgovina\/wp-content\/uploads\/2025\/02\/Tiha-knjiga1.png\",\"contentUrl\":\"https:\/\/www.iskreni.net\/trgovina\/wp-content\/uploads\/2025\/02\/Tiha-knjiga1.png\",\"width\":1715,\"height\":1715,\"caption\":\"Tiha knjiga\"},{\"@type\":\"BreadcrumbList\",\"@id\":\"https:\/\/www.iskreni.net\/trgovina\/product\/tiha-knjiga\/#breadcrumb\",\"itemListElement\":[{\"@type\":\"ListItem\",\"position\":1,\"name\":\"Home\",\"item\":\"https:\/\/www.iskreni.net\/trgovina\/\"},{\"@type\":\"ListItem\",\"position\":2,\"name\":\"Trgovina\",\"item\":\"https:\/\/www.iskreni.net\/trgovina\/trgovina\/\"},{\"@type\":\"ListItem\",\"position\":3,\"name\":\"Tiha knjiga\"}]},{\"@type\":\"WebSite\",\"@id\":\"https:\/\/www.iskreni.net\/trgovina\/#website\",\"url\":\"https:\/\/www.iskreni.net\/trgovina\/\",\"name\":\"Zavod Iskreni\",\"description\":\"trgovina\",\"potentialAction\":[{\"@type\":\"SearchAction\",\"target\":{\"@type\":\"EntryPoint\",\"urlTemplate\":\"https:\/\/www.iskreni.net\/trgovina\/?s={search_term_string}\"},\"query-input\":{\"@type\":\"PropertyValueSpecification\",\"valueRequired\":true,\"valueName\":\"search_term_string\"}}],\"inLanguage\":\"sl-SI\"}]}<\/script>\n<!-- \/ Yoast SEO plugin. -->","yoast_head_json":{"title":"Tiha knjiga - Zavod Iskreni","description":"Ti\u0161ine so razli\u010dne. Ti\u0161ina je lahko spokojna. Ti\u0161ina je lahko bu\u010dna. Ti\u0161ina je lahko tako rahla in blaga, da te zaziblje v sen.","robots":{"index":"index","follow":"follow","max-snippet":"max-snippet:-1","max-image-preview":"max-image-preview:large","max-video-preview":"max-video-preview:-1"},"canonical":"https:\/\/www.iskreni.net\/trgovina\/product\/tiha-knjiga\/","og_locale":"sl_SI","og_type":"article","og_title":"Tiha knjiga - Zavod Iskreni","og_description":"Ti\u0161ine so razli\u010dne. Ti\u0161ina je lahko spokojna. Ti\u0161ina je lahko bu\u010dna. Ti\u0161ina je lahko tako rahla in blaga, da te zaziblje v sen.","og_url":"https:\/\/www.iskreni.net\/trgovina\/product\/tiha-knjiga\/","og_site_name":"Zavod Iskreni","article_modified_time":"2025-09-17T11:38:08+00:00","og_image":[{"width":1715,"height":1715,"url":"https:\/\/www.iskreni.net\/trgovina\/wp-content\/uploads\/2025\/02\/Tiha-knjiga1.png","type":"image\/png"}],"twitter_card":"summary_large_image","twitter_misc":{"Est. reading time":"1 minuta"},"schema":{"@context":"https:\/\/schema.org","@graph":[{"@type":"WebPage","@id":"https:\/\/www.iskreni.net\/trgovina\/product\/tiha-knjiga\/","url":"https:\/\/www.iskreni.net\/trgovina\/product\/tiha-knjiga\/","name":"Tiha knjiga - Zavod Iskreni","isPartOf":{"@id":"https:\/\/www.iskreni.net\/trgovina\/#website"},"primaryImageOfPage":{"@id":"https:\/\/www.iskreni.net\/trgovina\/product\/tiha-knjiga\/#primaryimage"},"image":{"@id":"https:\/\/www.iskreni.net\/trgovina\/product\/tiha-knjiga\/#primaryimage"},"thumbnailUrl":"https:\/\/www.iskreni.net\/trgovina\/wp-content\/uploads\/2025\/02\/Tiha-knjiga1.png","datePublished":"2025-02-19T09:28:18+00:00","dateModified":"2025-09-17T11:38:08+00:00","description":"Ti\u0161ine so razli\u010dne. Ti\u0161ina je lahko spokojna. Ti\u0161ina je lahko bu\u010dna. Ti\u0161ina je lahko tako rahla in blaga, da te zaziblje v sen.","breadcrumb":{"@id":"https:\/\/www.iskreni.net\/trgovina\/product\/tiha-knjiga\/#breadcrumb"},"inLanguage":"sl-SI","potentialAction":[{"@type":"ReadAction","target":["https:\/\/www.iskreni.net\/trgovina\/product\/tiha-knjiga\/"]}]},{"@type":"ImageObject","inLanguage":"sl-SI","@id":"https:\/\/www.iskreni.net\/trgovina\/product\/tiha-knjiga\/#primaryimage","url":"https:\/\/www.iskreni.net\/trgovina\/wp-content\/uploads\/2025\/02\/Tiha-knjiga1.png","contentUrl":"https:\/\/www.iskreni.net\/trgovina\/wp-content\/uploads\/2025\/02\/Tiha-knjiga1.png","width":1715,"height":1715,"caption":"Tiha knjiga"},{"@type":"BreadcrumbList","@id":"https:\/\/www.iskreni.net\/trgovina\/product\/tiha-knjiga\/#breadcrumb","itemListElement":[{"@type":"ListItem","position":1,"name":"Home","item":"https:\/\/www.iskreni.net\/trgovina\/"},{"@type":"ListItem","position":2,"name":"Trgovina","item":"https:\/\/www.iskreni.net\/trgovina\/trgovina\/"},{"@type":"ListItem","position":3,"name":"Tiha knjiga"}]},{"@type":"WebSite","@id":"https:\/\/www.iskreni.net\/trgovina\/#website","url":"https:\/\/www.iskreni.net\/trgovina\/","name":"Zavod Iskreni","description":"trgovina","potentialAction":[{"@type":"SearchAction","target":{"@type":"EntryPoint","urlTemplate":"https:\/\/www.iskreni.net\/trgovina\/?s={search_term_string}"},"query-input":{"@type":"PropertyValueSpecification","valueRequired":true,"valueName":"search_term_string"}}],"inLanguage":"sl-SI"}]}},"_links":{"self":[{"href":"https:\/\/www.iskreni.net\/trgovina\/wp-json\/wp\/v2\/product\/84685","targetHints":{"allow":["GET"]}}],"collection":[{"href":"https:\/\/www.iskreni.net\/trgovina\/wp-json\/wp\/v2\/product"}],"about":[{"href":"https:\/\/www.iskreni.net\/trgovina\/wp-json\/wp\/v2\/types\/product"}],"replies":[{"embeddable":true,"href":"https:\/\/www.iskreni.net\/trgovina\/wp-json\/wp\/v2\/comments?post=84685"}],"version-history":[{"count":2,"href":"https:\/\/www.iskreni.net\/trgovina\/wp-json\/wp\/v2\/product\/84685\/revisions"}],"predecessor-version":[{"id":84777,"href":"https:\/\/www.iskreni.net\/trgovina\/wp-json\/wp\/v2\/product\/84685\/revisions\/84777"}],"wp:featuredmedia":[{"embeddable":true,"href":"https:\/\/www.iskreni.net\/trgovina\/wp-json\/wp\/v2\/media\/84688"}],"wp:attachment":[{"href":"https:\/\/www.iskreni.net\/trgovina\/wp-json\/wp\/v2\/media?parent=84685"}],"wp:term":[{"taxonomy":"product_brand","embeddable":true,"href":"https:\/\/www.iskreni.net\/trgovina\/wp-json\/wp\/v2\/product_brand?post=84685"},{"taxonomy":"product_cat","embeddable":true,"href":"https:\/\/www.iskreni.net\/trgovina\/wp-json\/wp\/v2\/product_cat?post=84685"},{"taxonomy":"product_tag","embeddable":true,"href":"https:\/\/www.iskreni.net\/trgovina\/wp-json\/wp\/v2\/product_tag?post=84685"},{"taxonomy":"avtor","embeddable":true,"href":"https:\/\/www.iskreni.net\/trgovina\/wp-json\/wp\/v2\/avtor?post=84685"},{"taxonomy":"zalozba","embeddable":true,"href":"https:\/\/www.iskreni.net\/trgovina\/wp-json\/wp\/v2\/zalozba?post=84685"},{"taxonomy":"vezava","embeddable":true,"href":"https:\/\/www.iskreni.net\/trgovina\/wp-json\/wp\/v2\/vezava?post=84685"}],"curies":[{"name":"wp","href":"https:\/\/api.w.org\/{rel}","templated":true}]}}