{"id":83791,"date":"2025-01-27T10:54:20","date_gmt":"2025-01-27T09:54:20","guid":{"rendered":"https:\/\/www.iskreni.net\/trgovina\/?post_type=product&#038;p=83791"},"modified":"2025-04-25T12:28:46","modified_gmt":"2025-04-25T10:28:46","slug":"dragocen-si-v-bozjih-oceh","status":"publish","type":"product","link":"https:\/\/www.iskreni.net\/trgovina\/product\/dragocen-si-v-bozjih-oceh\/","title":{"rendered":"Dragocen si v Bo\u017ejih o\u010deh"},"content":{"rendered":"<h3>Opis<\/h3>\n<p>\u010clovek ne potrebuje duhovnosti, ampak Boga<\/p>\n<p><em>S svojo osebno zgodbo \u2013 zgodbo sina brez o\u010deta, ki je na\u0161el vero pri Mariji v Med\u017eugorju \u2013, brat Benjamin danes pri\u010duje o tem, kako lahko Bog odgovori na na\u0161a vpra\u0161anja in kako lahko samo on zapolni na\u0161o osamljenost. V knjigi nam odlo\u010dno in preprosto razodeva svoje srce zapu\u0161\u010denega otroka, mladostnika, polnega vere, in sre\u010dnega duhovnika, prepri\u010danega o mo\u010di Bo\u017eje ljubezni.<\/em><\/p>\n<p>Benjamin je odra\u0161\u010dal brez o\u010deta. Njegova mama je \u017ee imela dva starej\u0161a sinova iz prvega zakona, potem se je lo\u010dila. Vzgojena je bila kr\u0161\u010dansko, a ni bila versko dejavna. Nekaj let kasneje je spoznala Benjaminovega o\u010deta, ki pa jo je zapustil, ko je izvedel, da je nose\u010da. Leta 1992, ko je bil Benjamin star devet let, je mama njega in srednjega sina peljala v Med\u017eugorje. Po 1400 prevo\u017eenih kilometrih so se zna\u0161li v Bosni in Hercegovini, kjer je tedaj divjala vojna. To potovanje je spremenilo njihova \u017eivljenja: v Med\u017eugorju je bila Bo\u017eja navzo\u010dnost otipljiva, do\u017eiveli so ga kot nebesa na zemlji, oazo miru v osr\u010dju vojne. Razlaga sporo\u010dil Bla\u017eene Device Marije ob prikazovanjih je vsem prinesla neskon\u010dne milosti. Pri svojih devetih letih je Benjamin na zadnjem sede\u017eu avtomobila med potjo domov v Francijo izjavil: \u00bbPostal bom meni\u0161ki duhovnik v Med\u017eugorju!\u00ab<br \/>\nPo \u0161tevilnih notranjih bojih, a jasnem Bo\u017ejem klicu je Benjamin postal salezijanski duhovnik, mati posve\u010dena pu\u0161\u010davnica, po obisku Med\u017eugorja sta se spreobrnila tudi oba brata, vsi trije delujejo na podro\u010dju vzgoje in izobra\u017eevanja.<br \/>\nS svojo \u017eivljenjsko zgodbo o padcih in vzponih, dvomih in gore\u010di veri brat Benjamin razkriva smisel svojega \u017eivljenja: ljubiti Boga in delovati tako, da bo Bog ljubljen. O svoji zgodbi pri\u010duje zato, da bi njegova \u017eivljenjska pot drugemu lahko olaj\u0161ala soo\u010danje z \u017eivljenjem, premagovanje kak\u0161ne preizku\u0161nje in tudi odprla pot upanja. Njegova sprava z o\u010detom po dolgih letih ob\u010dutka zapu\u0161\u010denosti in prikraj\u0161anosti pa je osebna zgodba o tem, da brez odpu\u0161\u010danja ni prave sre\u010de.<br \/>\nJasna beseda in prepri\u010dljivi odgovori, tako potrebni mladim na poti iskanja vere; sve\u017e val nedvoumnih verskih prepri\u010danj, ki jih \u017eelimo brati znova in znova.<\/p>\n<h3>Iz knjige<\/h3>\n<p>Spreobrnjenje na\u0161e dru\u017eine je dokaz, da Boga ne najdemo mi, ampak nam on pride naproti. Ne glede na na\u0161 polo\u017eaj. Jezus je po svoji materi pri\u0161el iskat nas, ki smo bili tako dale\u010d od njega. Zakaj mi? Zakaj jaz? To je Bo\u017eja skrivnost. On sam ve. Vdrl je v na\u0161a obi\u010dajna mala \u017eivljenja in jih polep\u0161al s svojo svetlobo. Kaj \u010de bi poleg tega, da i\u0161\u010demo Boga, dovolili, da nas tudi on najde? (Stran 19)<\/p>\n<p>Na Zemlji nismo zato, da bi imeli \u017eivljenje, kakr\u0161no si \u017eelimo, temve\u010d da bi dopustili Bo\u017eji volji, da se \u0161iri v nas in da njenemu \u0161irjenju ne bi nudili nobenega odpora. (Stran 38)<\/p>\n<p>Gotovo, o\u010de me je zapustil, vendar me njegovo dejanje ni dolo\u010dalo, njegovo dejanje me kot \u010dloveka ni delalo \u00bbzapu\u0161\u010denca\u00ab. Ker smo vedno ve\u010d od na\u0161ih dejanj ali besed, smo toliko bolj tudi ve\u010d od dejanj ali besed drugih. \u010ce te tvoj o\u010de obto\u017ei, da si \u00bbni\u010dvredne\u017e\u00ab, \u00bbzguba\u00ab ali \u00bbbednik\u00ab, zaradi tega nisi ni\u010dvredne\u017e, zguba, bednik. \u010ce te o\u010de tepe, zaradi tega nisi slab \u010dlovek, ki bi si zaslu\u017eil udarec. \u010ce te tvoj o\u010de zapusti, zaradi tega nisi nekdo, ki ga je treba \u00bbzapustiti\u00ab, zapu\u0161\u010denec. Pravzaprav me Bog O\u010de ni nikoli zapustil. Zakaj naj bi me torej dejanje mojega o\u010deta roditelja opredelilo bolj kakor dejanje edinega, ki si zaslu\u017ei ime O\u010de in iz katerega o\u010detovstvo \u010drpa svoje bistvo? (Stran 41)<\/p>\n<p>Ljudje se \u010dudijo privilegijem, ki jih je imela neko\u010d duhov\u0161\u010dina. Nad tem se celo zgra\u017eamo. Vse to smo zavrgli. Toda s tem smo zavrgli tudi zavedanje o veli\u010dini duhovni\u0161tva. Pod pretvezo vrnitve k evangelijskemu ubo\u0161tvu smo na koncu razkrojili vrednost duhovnika, ki je postal \u010dlovek kakor vsak drug. Vendar je duhovni\u0161tvo tako veliko. Tako veliko, da to ostaja skrito. Kakor vse, kar je veliko. Kakor resni\u010dna Gospodova navzo\u010dnost v drobtinici hostije. Tega ne morem napisati, ne da bi trepetal. Kak\u0161na nevrednost! Kako nespametno od Boga, da je tako krhkim bitjem podelil tak\u0161no mo\u010d! O Bog, kako lepo! In \u010de pomislim, da se mnogim smilimo in se zato zavzemajo, da bi se duhovniki lahko neko\u010d poro\u010dili \u2026 Oh, \u010de bi le vedeli! Na svetu ne poznam ni\u010desar tako lepega kakor duhovni\u0161tvo, razen morda materinstva. Vsak dan, vsak teden, vsak mesec, vsako leto po mojem posve\u010denju to prepri\u010danje \u0161e utrjuje. (Strani 43\u201344)<\/p>\n","protected":false},"excerpt":{"rendered":"<div><b>Drugi sodelujo\u010di avtorji<\/b>:\u00a0Marine Tertrais<\/div>\n<div><b>Prevod<\/b>:\u00a0Drago K. Ocvirk<\/div>\n<div><b>Strani<\/b>: 144<\/div>\n<div><b>Format<\/b>: 135 x 210 mm<\/div>\n<div><b>Leto izdaje<\/b>: 2024<\/div>\n<h4><a href=\"https:\/\/www.iskreni.net\/trgovina\/wp-content\/uploads\/2025\/01\/Brat-Benjamin-2024-Dragocen-si-v-Bozjih-oceh-Prelistaj-knjigo-1.pdf\">Prelistaj knjigo<\/a><\/h4>\n<div><\/div>\n","protected":false},"featured_media":83798,"comment_status":"open","ping_status":"closed","template":"","meta":[],"product_brand":[],"product_cat":[2324,63],"product_tag":[2393,1784],"avtor":[2923],"zalozba":[2337],"vezava":[2307],"class_list":{"0":"post-83791","1":"product","2":"type-product","3":"status-publish","4":"has-post-thumbnail","6":"product_cat-duhovnost-in-osebna-rast","7":"product_cat-knjige","8":"product_tag-duhovnost","9":"product_tag-zivljenjska-zgodba","10":"avtor-brat-benjamin","11":"zalozba-celjska-mohorjeva-druzba","12":"vezava-mehka","14":"first","15":"onbackorder","16":"taxable","17":"shipping-taxable","18":"purchasable","19":"product-type-simple"},"yoast_head":"<!-- This site is optimized with the Yoast SEO plugin v26.3 - https:\/\/yoast.com\/wordpress\/plugins\/seo\/ -->\n<title>Dragocen si v Bo\u017ejih o\u010deh - Zavod Iskreni<\/title>\n<meta name=\"description\" content=\"S svojo osebno zgodbo brat Benjamin danes pri\u010duje o tem, kako lahko Bog odgovori na na\u0161a vpra\u0161anja in kako lahko samo on zapolni na\u0161o osamljenost.\" \/>\n<meta name=\"robots\" content=\"index, follow, max-snippet:-1, max-image-preview:large, max-video-preview:-1\" \/>\n<link rel=\"canonical\" href=\"https:\/\/www.iskreni.net\/trgovina\/product\/dragocen-si-v-bozjih-oceh\/\" \/>\n<meta property=\"og:locale\" content=\"sl_SI\" \/>\n<meta property=\"og:type\" content=\"article\" \/>\n<meta property=\"og:title\" content=\"Dragocen si v Bo\u017ejih o\u010deh - Zavod Iskreni\" \/>\n<meta property=\"og:description\" content=\"S svojo osebno zgodbo brat Benjamin danes pri\u010duje o tem, kako lahko Bog odgovori na na\u0161a vpra\u0161anja in kako lahko samo on zapolni na\u0161o osamljenost.\" \/>\n<meta property=\"og:url\" content=\"https:\/\/www.iskreni.net\/trgovina\/product\/dragocen-si-v-bozjih-oceh\/\" \/>\n<meta property=\"og:site_name\" content=\"Zavod Iskreni\" \/>\n<meta property=\"article:modified_time\" content=\"2025-04-25T10:28:46+00:00\" \/>\n<meta property=\"og:image\" content=\"https:\/\/www.iskreni.net\/trgovina\/wp-content\/uploads\/2025\/01\/Dragocen.png\" \/>\n\t<meta property=\"og:image:width\" content=\"796\" \/>\n\t<meta property=\"og:image:height\" content=\"796\" \/>\n\t<meta property=\"og:image:type\" content=\"image\/png\" \/>\n<meta name=\"twitter:card\" content=\"summary_large_image\" \/>\n<meta name=\"twitter:label1\" content=\"Est. reading time\" \/>\n\t<meta name=\"twitter:data1\" content=\"5 minut\" \/>\n<script type=\"application\/ld+json\" class=\"yoast-schema-graph\">{\"@context\":\"https:\/\/schema.org\",\"@graph\":[{\"@type\":\"WebPage\",\"@id\":\"https:\/\/www.iskreni.net\/trgovina\/product\/dragocen-si-v-bozjih-oceh\/\",\"url\":\"https:\/\/www.iskreni.net\/trgovina\/product\/dragocen-si-v-bozjih-oceh\/\",\"name\":\"Dragocen si v Bo\u017ejih o\u010deh - Zavod Iskreni\",\"isPartOf\":{\"@id\":\"https:\/\/www.iskreni.net\/trgovina\/#website\"},\"primaryImageOfPage\":{\"@id\":\"https:\/\/www.iskreni.net\/trgovina\/product\/dragocen-si-v-bozjih-oceh\/#primaryimage\"},\"image\":{\"@id\":\"https:\/\/www.iskreni.net\/trgovina\/product\/dragocen-si-v-bozjih-oceh\/#primaryimage\"},\"thumbnailUrl\":\"https:\/\/www.iskreni.net\/trgovina\/wp-content\/uploads\/2025\/01\/Dragocen.png\",\"datePublished\":\"2025-01-27T09:54:20+00:00\",\"dateModified\":\"2025-04-25T10:28:46+00:00\",\"description\":\"S svojo osebno zgodbo brat Benjamin danes pri\u010duje o tem, kako lahko Bog odgovori na na\u0161a vpra\u0161anja in kako lahko samo on zapolni na\u0161o osamljenost.\",\"breadcrumb\":{\"@id\":\"https:\/\/www.iskreni.net\/trgovina\/product\/dragocen-si-v-bozjih-oceh\/#breadcrumb\"},\"inLanguage\":\"sl-SI\",\"potentialAction\":[{\"@type\":\"ReadAction\",\"target\":[\"https:\/\/www.iskreni.net\/trgovina\/product\/dragocen-si-v-bozjih-oceh\/\"]}]},{\"@type\":\"ImageObject\",\"inLanguage\":\"sl-SI\",\"@id\":\"https:\/\/www.iskreni.net\/trgovina\/product\/dragocen-si-v-bozjih-oceh\/#primaryimage\",\"url\":\"https:\/\/www.iskreni.net\/trgovina\/wp-content\/uploads\/2025\/01\/Dragocen.png\",\"contentUrl\":\"https:\/\/www.iskreni.net\/trgovina\/wp-content\/uploads\/2025\/01\/Dragocen.png\",\"width\":796,\"height\":796},{\"@type\":\"BreadcrumbList\",\"@id\":\"https:\/\/www.iskreni.net\/trgovina\/product\/dragocen-si-v-bozjih-oceh\/#breadcrumb\",\"itemListElement\":[{\"@type\":\"ListItem\",\"position\":1,\"name\":\"Home\",\"item\":\"https:\/\/www.iskreni.net\/trgovina\/\"},{\"@type\":\"ListItem\",\"position\":2,\"name\":\"Trgovina\",\"item\":\"https:\/\/www.iskreni.net\/trgovina\/trgovina\/\"},{\"@type\":\"ListItem\",\"position\":3,\"name\":\"Dragocen si v Bo\u017ejih o\u010deh\"}]},{\"@type\":\"WebSite\",\"@id\":\"https:\/\/www.iskreni.net\/trgovina\/#website\",\"url\":\"https:\/\/www.iskreni.net\/trgovina\/\",\"name\":\"Zavod Iskreni\",\"description\":\"trgovina\",\"potentialAction\":[{\"@type\":\"SearchAction\",\"target\":{\"@type\":\"EntryPoint\",\"urlTemplate\":\"https:\/\/www.iskreni.net\/trgovina\/?s={search_term_string}\"},\"query-input\":{\"@type\":\"PropertyValueSpecification\",\"valueRequired\":true,\"valueName\":\"search_term_string\"}}],\"inLanguage\":\"sl-SI\"}]}<\/script>\n<!-- \/ Yoast SEO plugin. -->","yoast_head_json":{"title":"Dragocen si v Bo\u017ejih o\u010deh - Zavod Iskreni","description":"S svojo osebno zgodbo brat Benjamin danes pri\u010duje o tem, kako lahko Bog odgovori na na\u0161a vpra\u0161anja in kako lahko samo on zapolni na\u0161o osamljenost.","robots":{"index":"index","follow":"follow","max-snippet":"max-snippet:-1","max-image-preview":"max-image-preview:large","max-video-preview":"max-video-preview:-1"},"canonical":"https:\/\/www.iskreni.net\/trgovina\/product\/dragocen-si-v-bozjih-oceh\/","og_locale":"sl_SI","og_type":"article","og_title":"Dragocen si v Bo\u017ejih o\u010deh - Zavod Iskreni","og_description":"S svojo osebno zgodbo brat Benjamin danes pri\u010duje o tem, kako lahko Bog odgovori na na\u0161a vpra\u0161anja in kako lahko samo on zapolni na\u0161o osamljenost.","og_url":"https:\/\/www.iskreni.net\/trgovina\/product\/dragocen-si-v-bozjih-oceh\/","og_site_name":"Zavod Iskreni","article_modified_time":"2025-04-25T10:28:46+00:00","og_image":[{"width":796,"height":796,"url":"https:\/\/www.iskreni.net\/trgovina\/wp-content\/uploads\/2025\/01\/Dragocen.png","type":"image\/png"}],"twitter_card":"summary_large_image","twitter_misc":{"Est. reading time":"5 minut"},"schema":{"@context":"https:\/\/schema.org","@graph":[{"@type":"WebPage","@id":"https:\/\/www.iskreni.net\/trgovina\/product\/dragocen-si-v-bozjih-oceh\/","url":"https:\/\/www.iskreni.net\/trgovina\/product\/dragocen-si-v-bozjih-oceh\/","name":"Dragocen si v Bo\u017ejih o\u010deh - Zavod Iskreni","isPartOf":{"@id":"https:\/\/www.iskreni.net\/trgovina\/#website"},"primaryImageOfPage":{"@id":"https:\/\/www.iskreni.net\/trgovina\/product\/dragocen-si-v-bozjih-oceh\/#primaryimage"},"image":{"@id":"https:\/\/www.iskreni.net\/trgovina\/product\/dragocen-si-v-bozjih-oceh\/#primaryimage"},"thumbnailUrl":"https:\/\/www.iskreni.net\/trgovina\/wp-content\/uploads\/2025\/01\/Dragocen.png","datePublished":"2025-01-27T09:54:20+00:00","dateModified":"2025-04-25T10:28:46+00:00","description":"S svojo osebno zgodbo brat Benjamin danes pri\u010duje o tem, kako lahko Bog odgovori na na\u0161a vpra\u0161anja in kako lahko samo on zapolni na\u0161o osamljenost.","breadcrumb":{"@id":"https:\/\/www.iskreni.net\/trgovina\/product\/dragocen-si-v-bozjih-oceh\/#breadcrumb"},"inLanguage":"sl-SI","potentialAction":[{"@type":"ReadAction","target":["https:\/\/www.iskreni.net\/trgovina\/product\/dragocen-si-v-bozjih-oceh\/"]}]},{"@type":"ImageObject","inLanguage":"sl-SI","@id":"https:\/\/www.iskreni.net\/trgovina\/product\/dragocen-si-v-bozjih-oceh\/#primaryimage","url":"https:\/\/www.iskreni.net\/trgovina\/wp-content\/uploads\/2025\/01\/Dragocen.png","contentUrl":"https:\/\/www.iskreni.net\/trgovina\/wp-content\/uploads\/2025\/01\/Dragocen.png","width":796,"height":796},{"@type":"BreadcrumbList","@id":"https:\/\/www.iskreni.net\/trgovina\/product\/dragocen-si-v-bozjih-oceh\/#breadcrumb","itemListElement":[{"@type":"ListItem","position":1,"name":"Home","item":"https:\/\/www.iskreni.net\/trgovina\/"},{"@type":"ListItem","position":2,"name":"Trgovina","item":"https:\/\/www.iskreni.net\/trgovina\/trgovina\/"},{"@type":"ListItem","position":3,"name":"Dragocen si v Bo\u017ejih o\u010deh"}]},{"@type":"WebSite","@id":"https:\/\/www.iskreni.net\/trgovina\/#website","url":"https:\/\/www.iskreni.net\/trgovina\/","name":"Zavod Iskreni","description":"trgovina","potentialAction":[{"@type":"SearchAction","target":{"@type":"EntryPoint","urlTemplate":"https:\/\/www.iskreni.net\/trgovina\/?s={search_term_string}"},"query-input":{"@type":"PropertyValueSpecification","valueRequired":true,"valueName":"search_term_string"}}],"inLanguage":"sl-SI"}]}},"_links":{"self":[{"href":"https:\/\/www.iskreni.net\/trgovina\/wp-json\/wp\/v2\/product\/83791","targetHints":{"allow":["GET"]}}],"collection":[{"href":"https:\/\/www.iskreni.net\/trgovina\/wp-json\/wp\/v2\/product"}],"about":[{"href":"https:\/\/www.iskreni.net\/trgovina\/wp-json\/wp\/v2\/types\/product"}],"replies":[{"embeddable":true,"href":"https:\/\/www.iskreni.net\/trgovina\/wp-json\/wp\/v2\/comments?post=83791"}],"version-history":[{"count":7,"href":"https:\/\/www.iskreni.net\/trgovina\/wp-json\/wp\/v2\/product\/83791\/revisions"}],"predecessor-version":[{"id":84036,"href":"https:\/\/www.iskreni.net\/trgovina\/wp-json\/wp\/v2\/product\/83791\/revisions\/84036"}],"wp:featuredmedia":[{"embeddable":true,"href":"https:\/\/www.iskreni.net\/trgovina\/wp-json\/wp\/v2\/media\/83798"}],"wp:attachment":[{"href":"https:\/\/www.iskreni.net\/trgovina\/wp-json\/wp\/v2\/media?parent=83791"}],"wp:term":[{"taxonomy":"product_brand","embeddable":true,"href":"https:\/\/www.iskreni.net\/trgovina\/wp-json\/wp\/v2\/product_brand?post=83791"},{"taxonomy":"product_cat","embeddable":true,"href":"https:\/\/www.iskreni.net\/trgovina\/wp-json\/wp\/v2\/product_cat?post=83791"},{"taxonomy":"product_tag","embeddable":true,"href":"https:\/\/www.iskreni.net\/trgovina\/wp-json\/wp\/v2\/product_tag?post=83791"},{"taxonomy":"avtor","embeddable":true,"href":"https:\/\/www.iskreni.net\/trgovina\/wp-json\/wp\/v2\/avtor?post=83791"},{"taxonomy":"zalozba","embeddable":true,"href":"https:\/\/www.iskreni.net\/trgovina\/wp-json\/wp\/v2\/zalozba?post=83791"},{"taxonomy":"vezava","embeddable":true,"href":"https:\/\/www.iskreni.net\/trgovina\/wp-json\/wp\/v2\/vezava?post=83791"}],"curies":[{"name":"wp","href":"https:\/\/api.w.org\/{rel}","templated":true}]}}