{"id":83781,"date":"2025-01-27T10:32:45","date_gmt":"2025-01-27T09:32:45","guid":{"rendered":"https:\/\/www.iskreni.net\/trgovina\/?post_type=product&#038;p=83781"},"modified":"2025-11-27T15:02:21","modified_gmt":"2025-11-27T14:02:21","slug":"tako-si-krasna-poklon-lepoti-prijateljstva","status":"publish","type":"product","link":"https:\/\/www.iskreni.net\/trgovina\/product\/tako-si-krasna-poklon-lepoti-prijateljstva\/","title":{"rendered":"Tako si krasna &#8211; Poklon lepoti prijateljstva"},"content":{"rendered":"<h3>Opis<\/h3>\n<p>Hvalnica lepoti, ki jo v \u017eivljenje prina\u0161a prava prijateljica<\/p>\n<p><em>Verjetno se samo nekajkrat zgodi, da v na\u0161e \u017eivljenje vstopi nekdo in nas za vedno spremeni \u2013 nekdo, ki ga imamo lahko radi z vsem srcem, ki nas bo izzval in nas oblikoval in nam dal ob\u010dutek, da je svet varnej\u0161i in svetlej\u0161i samo zaradi njega, in ki nas ima rad natanko take, kot smo. Ta nekdo je prava prijateljica \u2013 in ta knjiga je hvalnica njej in lepoti, ki jo v \u017eivljenje prina\u0161a prijateljstvo z njo.<\/em><\/p>\n<p>Melanie Shankle se v svojih zapisih o lepoti prijateljstva dotakne vseh prijateljstev, ki so zaznamovala njeno \u017eivljenje in ga obogatila. Nekatera so jo razo\u010darala, nekatera niso trajala dolgo, a vsa so v njenem srcu pustila sled in jo utrdila v prepri\u010danju, da v \u017eivljenju ni ni\u010d dragocenej\u0161ega od prijateljice, ki te pozna in te ima rada. Sama je imela sre\u010do, da je svojo najbolj\u0161o prijateljico Gully spoznala \u017ee v mladosti: delili sta si \u0161tudentsko sobo, hodili na zabave, si stali ob strani v te\u017ekih trenutkih, kasneje, ko sta bili \u017ee poro\u010deni, pa sta svoj odnos skrbno zalivali s pozornostmi in tako tkali nit nepozabnega prijateljstva, takega, ki ne pozna zavisti in tekmovalnosti, ki je polno ljubezni in dobrotljivosti. Po dolgih letih prijateljevanja ugotavljata, da vsi potrebujemo osebo, ki nam slu\u017ei kot ogledalo in nam omogo\u010da, da vidimo bolj\u0161o razli\u010dico sebe. Kajti tiste dni, ko ti gre vse narobe, te bo najbolj\u0161a prijateljica pogledala in rekla: \u00bbTako si krasna!\u00ab<\/p>\n<h3>Iz knjige<\/h3>\n<p>Marsikdo re\u010de, da je na\u0161el sorodno du\u0161o, in s tem misli osebo, s katero je poro\u010den, jaz pa menim, da \u017eenske pogosto najdemo pravo sorodno du\u0161o v nekom, v katerem prepoznamo neko razli\u010dico sebe. Obe z Gulley sva odra\u0161\u010dali ob lo\u010denih star\u0161ih; vedeli sva, kaj pomeni, da se ob koncih tedna seli\u0161 od enega star\u0161a k drugemu, in poznali sva vse \u010dustvene pretrese, ki so s tem povezani. Obe so prizadele prijateljice, ki sva jim zaupali. V smeh so naju spravljale podobne neumnosti in obema je bila v\u0161e\u010d rap glasba, ki je bila takrat novost.<\/p>\n<p>Morda sva se zbli\u017eali tudi zato, ker je bilo to obdobje, ko sva s \u0161e nedol\u017enim pogledom dekleta \u0161iroko odprtih o\u010di stali na pragu odraslosti, a sva bili v najinem prijateljstvu ranljivi na na\u010din, na kakr\u0161en si ranljiv, ko ve\u0161, da si na\u0161el nekoga, ki mu lahko popolnoma zaupa\u0161 svoje srce. Obe sva vstopili v prijateljstvo vedo\u010d, da sva v preteklosti \u017ee bili prizadeti in razo\u010darani, in na tihem sva si prisegli, da bova storili vse, da druga druge nikoli ne bova prizadeli. Druga drugi sva pokazali svojo ranljivost, ki se je skrivala pod krinko navidezne pogumnosti, in pomagali sva si, da postaneva mo\u010dnej\u0161i, kot sva bili.<br \/>\n(Str. 78)<\/p>\n<p>Zdaj vem glede Boga nekaj, \u010desar takrat nisem vedela: posebej je usposobljen za stanja, ko smo zares obupani. Ne potrebuje sladkih besed in nepristnih \u010dustev in ne zahteva, da na primer re\u010demo: \u00bbPrihajam pred tvoj prestol,\u00ab da se pojavi. Lahko smo pristni z njim, saj tako ali tako vse vidi. \u010ceprav lahko preslepimo vse okrog sebe, Bog ne bo nikoli presene\u010den nad iskrenimi \u010dustvi, ki prihajajo iz srca.<\/p>\n<blockquote><p>Njegova milost se pojavi kot nepri\u010dakovana sapica sve\u017eega zraka in nam da mo\u010d, da naredimo, kar je treba narediti, in to prav v trenutku, ko se nam zdi, da se utapljamo.<br \/>\n(Str. 109)<\/p><\/blockquote>\n<p>Najbr\u017e ste kdaj imeli prijateljico, s katero ste lahko sanjarili, in pomislili ste, kako super bi bilo, \u010de bi, ko odrasteta, \u017eiveli v isti ulici in bi se lahko vsak dan videvali in vajini otroci bi skupaj rasli in bili najbolj\u0161i prijatelji.<br \/>\nGulley je zame ta prijateljica.<br \/>\nKo sva se spoznali pred skoraj petindvajsetimi leti, si nisem mogla predstavljati, da bova kot odrasli \u017eiveli manj kot dva kilometra narazen, da bova lahko skupaj \u017eiveli resni\u010dno vsakdanje \u017eivljenje in da se bodo imeli najini otroci tako radi, kot se imava midve. A prav to se je zgodilo.<br \/>\n(Str. 165)<\/p>\n","protected":false},"excerpt":{"rendered":"<div><b>Prevod<\/b>:\u00a0Tja\u0161a Mohar<\/div>\n<div><b>Strani<\/b>: 232<\/div>\n<div><b>Format<\/b>: 135 x 210 mm<br \/>\n<b>Leto izdaje<\/b>: 2024<\/div>\n<div><a href=\"https:\/\/www.iskreni.net\/trgovina\/wp-content\/uploads\/2025\/01\/Shankle-Melanie-2024-Tako-si-krasna-prelistaj-knjigo.pdf\">Prelistaj knjigo<\/a><\/div>\n","protected":false},"featured_media":83896,"comment_status":"open","ping_status":"closed","template":"","meta":[],"product_brand":[],"product_cat":[2324,63],"product_tag":[1375],"avtor":[2922],"zalozba":[2337],"vezava":[2307],"class_list":{"0":"post-83781","1":"product","2":"type-product","3":"status-publish","4":"has-post-thumbnail","6":"product_cat-duhovnost-in-osebna-rast","7":"product_cat-knjige","8":"product_tag-prijateljstvo","9":"avtor-melanie-shankle","10":"zalozba-celjska-mohorjeva-druzba","11":"vezava-mehka","13":"first","14":"instock","15":"taxable","16":"shipping-taxable","17":"purchasable","18":"product-type-simple"},"yoast_head":"<!-- This site is optimized with the Yoast SEO plugin v26.3 - https:\/\/yoast.com\/wordpress\/plugins\/seo\/ -->\n<title>Tako si krasna - Poklon lepoti prijateljstva - Zavod Iskreni<\/title>\n<meta name=\"description\" content=\"Melanie Shankle se v zapisih o lepoti prijateljstva dotakne prijateljstev, ki so zaznamovala njeno \u017eivljenje. Ni\u010d ni dragocenej\u0161ega od prijateljstva ...\" \/>\n<meta name=\"robots\" content=\"index, follow, max-snippet:-1, max-image-preview:large, max-video-preview:-1\" \/>\n<link rel=\"canonical\" href=\"https:\/\/www.iskreni.net\/trgovina\/product\/tako-si-krasna-poklon-lepoti-prijateljstva\/\" \/>\n<meta property=\"og:locale\" content=\"sl_SI\" \/>\n<meta property=\"og:type\" content=\"article\" \/>\n<meta property=\"og:title\" content=\"Tako si krasna - Poklon lepoti prijateljstva - Zavod Iskreni\" \/>\n<meta property=\"og:description\" content=\"Melanie Shankle se v zapisih o lepoti prijateljstva dotakne prijateljstev, ki so zaznamovala njeno \u017eivljenje. Ni\u010d ni dragocenej\u0161ega od prijateljstva ...\" \/>\n<meta property=\"og:url\" content=\"https:\/\/www.iskreni.net\/trgovina\/product\/tako-si-krasna-poklon-lepoti-prijateljstva\/\" \/>\n<meta property=\"og:site_name\" content=\"Zavod Iskreni\" \/>\n<meta property=\"article:modified_time\" content=\"2025-11-27T14:02:21+00:00\" \/>\n<meta property=\"og:image\" content=\"https:\/\/www.iskreni.net\/trgovina\/wp-content\/uploads\/2025\/01\/krasna-1024x1024.png\" \/>\n\t<meta property=\"og:image:width\" content=\"1024\" \/>\n\t<meta property=\"og:image:height\" content=\"1024\" \/>\n\t<meta property=\"og:image:type\" content=\"image\/png\" \/>\n<meta name=\"twitter:card\" content=\"summary_large_image\" \/>\n<meta name=\"twitter:label1\" content=\"Est. reading time\" \/>\n\t<meta name=\"twitter:data1\" content=\"4 minute\" \/>\n<script type=\"application\/ld+json\" class=\"yoast-schema-graph\">{\"@context\":\"https:\/\/schema.org\",\"@graph\":[{\"@type\":\"WebPage\",\"@id\":\"https:\/\/www.iskreni.net\/trgovina\/product\/tako-si-krasna-poklon-lepoti-prijateljstva\/\",\"url\":\"https:\/\/www.iskreni.net\/trgovina\/product\/tako-si-krasna-poklon-lepoti-prijateljstva\/\",\"name\":\"Tako si krasna - Poklon lepoti prijateljstva - Zavod Iskreni\",\"isPartOf\":{\"@id\":\"https:\/\/www.iskreni.net\/trgovina\/#website\"},\"primaryImageOfPage\":{\"@id\":\"https:\/\/www.iskreni.net\/trgovina\/product\/tako-si-krasna-poklon-lepoti-prijateljstva\/#primaryimage\"},\"image\":{\"@id\":\"https:\/\/www.iskreni.net\/trgovina\/product\/tako-si-krasna-poklon-lepoti-prijateljstva\/#primaryimage\"},\"thumbnailUrl\":\"https:\/\/www.iskreni.net\/trgovina\/wp-content\/uploads\/2025\/01\/krasna.png\",\"datePublished\":\"2025-01-27T09:32:45+00:00\",\"dateModified\":\"2025-11-27T14:02:21+00:00\",\"description\":\"Melanie Shankle se v zapisih o lepoti prijateljstva dotakne prijateljstev, ki so zaznamovala njeno \u017eivljenje. Ni\u010d ni dragocenej\u0161ega od prijateljstva ...\",\"breadcrumb\":{\"@id\":\"https:\/\/www.iskreni.net\/trgovina\/product\/tako-si-krasna-poklon-lepoti-prijateljstva\/#breadcrumb\"},\"inLanguage\":\"sl-SI\",\"potentialAction\":[{\"@type\":\"ReadAction\",\"target\":[\"https:\/\/www.iskreni.net\/trgovina\/product\/tako-si-krasna-poklon-lepoti-prijateljstva\/\"]}]},{\"@type\":\"ImageObject\",\"inLanguage\":\"sl-SI\",\"@id\":\"https:\/\/www.iskreni.net\/trgovina\/product\/tako-si-krasna-poklon-lepoti-prijateljstva\/#primaryimage\",\"url\":\"https:\/\/www.iskreni.net\/trgovina\/wp-content\/uploads\/2025\/01\/krasna.png\",\"contentUrl\":\"https:\/\/www.iskreni.net\/trgovina\/wp-content\/uploads\/2025\/01\/krasna.png\",\"width\":2475,\"height\":2475,\"caption\":\"Tako si krasna\"},{\"@type\":\"BreadcrumbList\",\"@id\":\"https:\/\/www.iskreni.net\/trgovina\/product\/tako-si-krasna-poklon-lepoti-prijateljstva\/#breadcrumb\",\"itemListElement\":[{\"@type\":\"ListItem\",\"position\":1,\"name\":\"Home\",\"item\":\"https:\/\/www.iskreni.net\/trgovina\/\"},{\"@type\":\"ListItem\",\"position\":2,\"name\":\"Trgovina\",\"item\":\"https:\/\/www.iskreni.net\/trgovina\/trgovina\/\"},{\"@type\":\"ListItem\",\"position\":3,\"name\":\"Tako si krasna &#8211; Poklon lepoti prijateljstva\"}]},{\"@type\":\"WebSite\",\"@id\":\"https:\/\/www.iskreni.net\/trgovina\/#website\",\"url\":\"https:\/\/www.iskreni.net\/trgovina\/\",\"name\":\"Zavod Iskreni\",\"description\":\"trgovina\",\"potentialAction\":[{\"@type\":\"SearchAction\",\"target\":{\"@type\":\"EntryPoint\",\"urlTemplate\":\"https:\/\/www.iskreni.net\/trgovina\/?s={search_term_string}\"},\"query-input\":{\"@type\":\"PropertyValueSpecification\",\"valueRequired\":true,\"valueName\":\"search_term_string\"}}],\"inLanguage\":\"sl-SI\"}]}<\/script>\n<!-- \/ Yoast SEO plugin. -->","yoast_head_json":{"title":"Tako si krasna - Poklon lepoti prijateljstva - Zavod Iskreni","description":"Melanie Shankle se v zapisih o lepoti prijateljstva dotakne prijateljstev, ki so zaznamovala njeno \u017eivljenje. Ni\u010d ni dragocenej\u0161ega od prijateljstva ...","robots":{"index":"index","follow":"follow","max-snippet":"max-snippet:-1","max-image-preview":"max-image-preview:large","max-video-preview":"max-video-preview:-1"},"canonical":"https:\/\/www.iskreni.net\/trgovina\/product\/tako-si-krasna-poklon-lepoti-prijateljstva\/","og_locale":"sl_SI","og_type":"article","og_title":"Tako si krasna - Poklon lepoti prijateljstva - Zavod Iskreni","og_description":"Melanie Shankle se v zapisih o lepoti prijateljstva dotakne prijateljstev, ki so zaznamovala njeno \u017eivljenje. Ni\u010d ni dragocenej\u0161ega od prijateljstva ...","og_url":"https:\/\/www.iskreni.net\/trgovina\/product\/tako-si-krasna-poklon-lepoti-prijateljstva\/","og_site_name":"Zavod Iskreni","article_modified_time":"2025-11-27T14:02:21+00:00","og_image":[{"width":1024,"height":1024,"url":"https:\/\/www.iskreni.net\/trgovina\/wp-content\/uploads\/2025\/01\/krasna-1024x1024.png","type":"image\/png"}],"twitter_card":"summary_large_image","twitter_misc":{"Est. reading time":"4 minute"},"schema":{"@context":"https:\/\/schema.org","@graph":[{"@type":"WebPage","@id":"https:\/\/www.iskreni.net\/trgovina\/product\/tako-si-krasna-poklon-lepoti-prijateljstva\/","url":"https:\/\/www.iskreni.net\/trgovina\/product\/tako-si-krasna-poklon-lepoti-prijateljstva\/","name":"Tako si krasna - Poklon lepoti prijateljstva - Zavod Iskreni","isPartOf":{"@id":"https:\/\/www.iskreni.net\/trgovina\/#website"},"primaryImageOfPage":{"@id":"https:\/\/www.iskreni.net\/trgovina\/product\/tako-si-krasna-poklon-lepoti-prijateljstva\/#primaryimage"},"image":{"@id":"https:\/\/www.iskreni.net\/trgovina\/product\/tako-si-krasna-poklon-lepoti-prijateljstva\/#primaryimage"},"thumbnailUrl":"https:\/\/www.iskreni.net\/trgovina\/wp-content\/uploads\/2025\/01\/krasna.png","datePublished":"2025-01-27T09:32:45+00:00","dateModified":"2025-11-27T14:02:21+00:00","description":"Melanie Shankle se v zapisih o lepoti prijateljstva dotakne prijateljstev, ki so zaznamovala njeno \u017eivljenje. Ni\u010d ni dragocenej\u0161ega od prijateljstva ...","breadcrumb":{"@id":"https:\/\/www.iskreni.net\/trgovina\/product\/tako-si-krasna-poklon-lepoti-prijateljstva\/#breadcrumb"},"inLanguage":"sl-SI","potentialAction":[{"@type":"ReadAction","target":["https:\/\/www.iskreni.net\/trgovina\/product\/tako-si-krasna-poklon-lepoti-prijateljstva\/"]}]},{"@type":"ImageObject","inLanguage":"sl-SI","@id":"https:\/\/www.iskreni.net\/trgovina\/product\/tako-si-krasna-poklon-lepoti-prijateljstva\/#primaryimage","url":"https:\/\/www.iskreni.net\/trgovina\/wp-content\/uploads\/2025\/01\/krasna.png","contentUrl":"https:\/\/www.iskreni.net\/trgovina\/wp-content\/uploads\/2025\/01\/krasna.png","width":2475,"height":2475,"caption":"Tako si krasna"},{"@type":"BreadcrumbList","@id":"https:\/\/www.iskreni.net\/trgovina\/product\/tako-si-krasna-poklon-lepoti-prijateljstva\/#breadcrumb","itemListElement":[{"@type":"ListItem","position":1,"name":"Home","item":"https:\/\/www.iskreni.net\/trgovina\/"},{"@type":"ListItem","position":2,"name":"Trgovina","item":"https:\/\/www.iskreni.net\/trgovina\/trgovina\/"},{"@type":"ListItem","position":3,"name":"Tako si krasna &#8211; Poklon lepoti prijateljstva"}]},{"@type":"WebSite","@id":"https:\/\/www.iskreni.net\/trgovina\/#website","url":"https:\/\/www.iskreni.net\/trgovina\/","name":"Zavod Iskreni","description":"trgovina","potentialAction":[{"@type":"SearchAction","target":{"@type":"EntryPoint","urlTemplate":"https:\/\/www.iskreni.net\/trgovina\/?s={search_term_string}"},"query-input":{"@type":"PropertyValueSpecification","valueRequired":true,"valueName":"search_term_string"}}],"inLanguage":"sl-SI"}]}},"_links":{"self":[{"href":"https:\/\/www.iskreni.net\/trgovina\/wp-json\/wp\/v2\/product\/83781","targetHints":{"allow":["GET"]}}],"collection":[{"href":"https:\/\/www.iskreni.net\/trgovina\/wp-json\/wp\/v2\/product"}],"about":[{"href":"https:\/\/www.iskreni.net\/trgovina\/wp-json\/wp\/v2\/types\/product"}],"replies":[{"embeddable":true,"href":"https:\/\/www.iskreni.net\/trgovina\/wp-json\/wp\/v2\/comments?post=83781"}],"version-history":[{"count":7,"href":"https:\/\/www.iskreni.net\/trgovina\/wp-json\/wp\/v2\/product\/83781\/revisions"}],"predecessor-version":[{"id":84076,"href":"https:\/\/www.iskreni.net\/trgovina\/wp-json\/wp\/v2\/product\/83781\/revisions\/84076"}],"wp:featuredmedia":[{"embeddable":true,"href":"https:\/\/www.iskreni.net\/trgovina\/wp-json\/wp\/v2\/media\/83896"}],"wp:attachment":[{"href":"https:\/\/www.iskreni.net\/trgovina\/wp-json\/wp\/v2\/media?parent=83781"}],"wp:term":[{"taxonomy":"product_brand","embeddable":true,"href":"https:\/\/www.iskreni.net\/trgovina\/wp-json\/wp\/v2\/product_brand?post=83781"},{"taxonomy":"product_cat","embeddable":true,"href":"https:\/\/www.iskreni.net\/trgovina\/wp-json\/wp\/v2\/product_cat?post=83781"},{"taxonomy":"product_tag","embeddable":true,"href":"https:\/\/www.iskreni.net\/trgovina\/wp-json\/wp\/v2\/product_tag?post=83781"},{"taxonomy":"avtor","embeddable":true,"href":"https:\/\/www.iskreni.net\/trgovina\/wp-json\/wp\/v2\/avtor?post=83781"},{"taxonomy":"zalozba","embeddable":true,"href":"https:\/\/www.iskreni.net\/trgovina\/wp-json\/wp\/v2\/zalozba?post=83781"},{"taxonomy":"vezava","embeddable":true,"href":"https:\/\/www.iskreni.net\/trgovina\/wp-json\/wp\/v2\/vezava?post=83781"}],"curies":[{"name":"wp","href":"https:\/\/api.w.org\/{rel}","templated":true}]}}