{"id":83587,"date":"2025-01-24T10:32:44","date_gmt":"2025-01-24T09:32:44","guid":{"rendered":"https:\/\/www.iskreni.net\/trgovina\/?post_type=product&#038;p=83587"},"modified":"2025-04-25T12:30:29","modified_gmt":"2025-04-25T10:30:29","slug":"izjemen-strip-malgaskih-umetnikov-o-zivljenju-in-delu-misijonarja-pedra-opeke","status":"publish","type":"product","link":"https:\/\/www.iskreni.net\/trgovina\/product\/izjemen-strip-malgaskih-umetnikov-o-zivljenju-in-delu-misijonarja-pedra-opeke\/","title":{"rendered":"Akamasoa"},"content":{"rendered":"<h3 id=\"anchor-o-izdelku\" class=\"title\">O izdelku<\/h3>\n<div class=\"tab-description js-tab-singleProduct-description content-tab\">\n<p>O \u017eivljenju in delu slovenskega misijonarja na Madagaskarju Pedra (Petra) Opeke poro\u010dajo \u0161tevilni \u010dlanki, reporta\u017ee, filmi, poro\u010dila in knjige. Tudi sam je spisal \u017ee ve\u010d knjig, nekaj v soavtorstvu. Ta strip so ustvarili umetniki z Madagaskarja, Malga\u0161i, med katerimi \u017eivi in deluje \u017ee od leta 1976.<\/p>\n<p>Strip nam prika\u017ee prva Pedrova sre\u010danja z reve\u017ei na smeti\u0161\u010du v predmestju Antanariva, njegove poskuse laj\u0161anja njihovih razmer in izzive, ki so se ob tem porajali, delo njegovih sodelavcev in nastanek Akamasoe, vse do obiska pape\u017ea Fran\u010di\u0161ka leta 2019.<\/p>\n<\/div>\n","protected":false},"excerpt":{"rendered":"<p><strong>Ilustracije: <\/strong>Rafally<strong><br \/>\n<\/strong><strong>Leto izdaje:<\/strong> 2024<br \/>\n<strong>\u0160tevilo strani:<\/strong> 64<br \/>\n<strong>Mere:<\/strong> 220 x 290 mm<\/p>\n<p>&nbsp;<\/p>\n","protected":false},"featured_media":83607,"comment_status":"open","ping_status":"closed","template":"","meta":[],"product_brand":[],"product_cat":[63,135],"product_tag":[2911,2912,2666],"avtor":[2910,2909],"zalozba":[2311],"vezava":[2306],"class_list":{"0":"post-83587","1":"product","2":"type-product","3":"status-publish","4":"has-post-thumbnail","6":"product_cat-knjige","7":"product_cat-za-otroke","8":"product_tag-druzbena-vprasanja","9":"product_tag-humor","10":"product_tag-strip","11":"avtor-etienne-leong","12":"avtor-franco-clerc","13":"zalozba-druzina","14":"vezava-trda","16":"first","17":"instock","18":"taxable","19":"shipping-taxable","20":"purchasable","21":"product-type-simple"},"yoast_head":"<!-- This site is optimized with the Yoast SEO plugin v26.3 - https:\/\/yoast.com\/wordpress\/plugins\/seo\/ -->\n<title>O \u017eivljenju slovenskega misijonarja na Madagaskarju Pedra Opeke<\/title>\n<meta name=\"description\" content=\"Izjemen strip malga\u0161kih umetnikov o \u017eivljenju in delu misijonarja Pedra Opeke. Prika\u017ee Pedrova sre\u010danja z reve\u017ei na smeti\u0161\u010du v predmestju Antanariva.\" \/>\n<meta name=\"robots\" content=\"index, follow, max-snippet:-1, max-image-preview:large, max-video-preview:-1\" \/>\n<link rel=\"canonical\" href=\"https:\/\/www.iskreni.net\/trgovina\/product\/izjemen-strip-malgaskih-umetnikov-o-zivljenju-in-delu-misijonarja-pedra-opeke\/\" \/>\n<meta property=\"og:locale\" content=\"sl_SI\" \/>\n<meta property=\"og:type\" content=\"article\" \/>\n<meta property=\"og:title\" content=\"Odvrzi te misli\" \/>\n<meta property=\"og:description\" content=\"Jennie Allen v mednarodni uspe\u0161nici najde re\u0161itev za premagovanje tesnobe, ki izhaja iz negativnih miselnih vzorcev.\" \/>\n<meta property=\"og:url\" content=\"https:\/\/www.iskreni.net\/trgovina\/product\/izjemen-strip-malgaskih-umetnikov-o-zivljenju-in-delu-misijonarja-pedra-opeke\/\" \/>\n<meta property=\"og:site_name\" content=\"Zavod Iskreni\" \/>\n<meta property=\"article:modified_time\" content=\"2025-04-25T10:30:29+00:00\" \/>\n<meta property=\"og:image\" content=\"https:\/\/www.iskreni.net\/trgovina\/wp-content\/uploads\/2025\/01\/akamasoa-1.jpg\" \/>\n\t<meta property=\"og:image:width\" content=\"946\" \/>\n\t<meta property=\"og:image:height\" content=\"946\" \/>\n\t<meta property=\"og:image:type\" content=\"image\/jpeg\" \/>\n<meta name=\"twitter:card\" content=\"summary_large_image\" \/>\n<meta name=\"twitter:label1\" content=\"Est. reading time\" \/>\n\t<meta name=\"twitter:data1\" content=\"1 minuta\" \/>\n<script type=\"application\/ld+json\" class=\"yoast-schema-graph\">{\"@context\":\"https:\/\/schema.org\",\"@graph\":[{\"@type\":\"WebPage\",\"@id\":\"https:\/\/www.iskreni.net\/trgovina\/product\/izjemen-strip-malgaskih-umetnikov-o-zivljenju-in-delu-misijonarja-pedra-opeke\/\",\"url\":\"https:\/\/www.iskreni.net\/trgovina\/product\/izjemen-strip-malgaskih-umetnikov-o-zivljenju-in-delu-misijonarja-pedra-opeke\/\",\"name\":\"O \u017eivljenju slovenskega misijonarja na Madagaskarju Pedra Opeke\",\"isPartOf\":{\"@id\":\"https:\/\/www.iskreni.net\/trgovina\/#website\"},\"primaryImageOfPage\":{\"@id\":\"https:\/\/www.iskreni.net\/trgovina\/product\/izjemen-strip-malgaskih-umetnikov-o-zivljenju-in-delu-misijonarja-pedra-opeke\/#primaryimage\"},\"image\":{\"@id\":\"https:\/\/www.iskreni.net\/trgovina\/product\/izjemen-strip-malgaskih-umetnikov-o-zivljenju-in-delu-misijonarja-pedra-opeke\/#primaryimage\"},\"thumbnailUrl\":\"https:\/\/www.iskreni.net\/trgovina\/wp-content\/uploads\/2025\/01\/akamasoa-1.jpg\",\"datePublished\":\"2025-01-24T09:32:44+00:00\",\"dateModified\":\"2025-04-25T10:30:29+00:00\",\"description\":\"Izjemen strip malga\u0161kih umetnikov o \u017eivljenju in delu misijonarja Pedra Opeke. Prika\u017ee Pedrova sre\u010danja z reve\u017ei na smeti\u0161\u010du v predmestju Antanariva.\",\"breadcrumb\":{\"@id\":\"https:\/\/www.iskreni.net\/trgovina\/product\/izjemen-strip-malgaskih-umetnikov-o-zivljenju-in-delu-misijonarja-pedra-opeke\/#breadcrumb\"},\"inLanguage\":\"sl-SI\",\"potentialAction\":[{\"@type\":\"ReadAction\",\"target\":[\"https:\/\/www.iskreni.net\/trgovina\/product\/izjemen-strip-malgaskih-umetnikov-o-zivljenju-in-delu-misijonarja-pedra-opeke\/\"]}]},{\"@type\":\"ImageObject\",\"inLanguage\":\"sl-SI\",\"@id\":\"https:\/\/www.iskreni.net\/trgovina\/product\/izjemen-strip-malgaskih-umetnikov-o-zivljenju-in-delu-misijonarja-pedra-opeke\/#primaryimage\",\"url\":\"https:\/\/www.iskreni.net\/trgovina\/wp-content\/uploads\/2025\/01\/akamasoa-1.jpg\",\"contentUrl\":\"https:\/\/www.iskreni.net\/trgovina\/wp-content\/uploads\/2025\/01\/akamasoa-1.jpg\",\"width\":946,\"height\":946,\"caption\":\"Akamasoa\"},{\"@type\":\"BreadcrumbList\",\"@id\":\"https:\/\/www.iskreni.net\/trgovina\/product\/izjemen-strip-malgaskih-umetnikov-o-zivljenju-in-delu-misijonarja-pedra-opeke\/#breadcrumb\",\"itemListElement\":[{\"@type\":\"ListItem\",\"position\":1,\"name\":\"Home\",\"item\":\"https:\/\/www.iskreni.net\/trgovina\/\"},{\"@type\":\"ListItem\",\"position\":2,\"name\":\"Trgovina\",\"item\":\"https:\/\/www.iskreni.net\/trgovina\/trgovina\/\"},{\"@type\":\"ListItem\",\"position\":3,\"name\":\"Akamasoa\"}]},{\"@type\":\"WebSite\",\"@id\":\"https:\/\/www.iskreni.net\/trgovina\/#website\",\"url\":\"https:\/\/www.iskreni.net\/trgovina\/\",\"name\":\"Zavod Iskreni\",\"description\":\"trgovina\",\"potentialAction\":[{\"@type\":\"SearchAction\",\"target\":{\"@type\":\"EntryPoint\",\"urlTemplate\":\"https:\/\/www.iskreni.net\/trgovina\/?s={search_term_string}\"},\"query-input\":{\"@type\":\"PropertyValueSpecification\",\"valueRequired\":true,\"valueName\":\"search_term_string\"}}],\"inLanguage\":\"sl-SI\"}]}<\/script>\n<!-- \/ Yoast SEO plugin. -->","yoast_head_json":{"title":"O \u017eivljenju slovenskega misijonarja na Madagaskarju Pedra Opeke","description":"Izjemen strip malga\u0161kih umetnikov o \u017eivljenju in delu misijonarja Pedra Opeke. Prika\u017ee Pedrova sre\u010danja z reve\u017ei na smeti\u0161\u010du v predmestju Antanariva.","robots":{"index":"index","follow":"follow","max-snippet":"max-snippet:-1","max-image-preview":"max-image-preview:large","max-video-preview":"max-video-preview:-1"},"canonical":"https:\/\/www.iskreni.net\/trgovina\/product\/izjemen-strip-malgaskih-umetnikov-o-zivljenju-in-delu-misijonarja-pedra-opeke\/","og_locale":"sl_SI","og_type":"article","og_title":"Odvrzi te misli","og_description":"Jennie Allen v mednarodni uspe\u0161nici najde re\u0161itev za premagovanje tesnobe, ki izhaja iz negativnih miselnih vzorcev.","og_url":"https:\/\/www.iskreni.net\/trgovina\/product\/izjemen-strip-malgaskih-umetnikov-o-zivljenju-in-delu-misijonarja-pedra-opeke\/","og_site_name":"Zavod Iskreni","article_modified_time":"2025-04-25T10:30:29+00:00","og_image":[{"width":946,"height":946,"url":"https:\/\/www.iskreni.net\/trgovina\/wp-content\/uploads\/2025\/01\/akamasoa-1.jpg","type":"image\/jpeg"}],"twitter_card":"summary_large_image","twitter_misc":{"Est. reading time":"1 minuta"},"schema":{"@context":"https:\/\/schema.org","@graph":[{"@type":"WebPage","@id":"https:\/\/www.iskreni.net\/trgovina\/product\/izjemen-strip-malgaskih-umetnikov-o-zivljenju-in-delu-misijonarja-pedra-opeke\/","url":"https:\/\/www.iskreni.net\/trgovina\/product\/izjemen-strip-malgaskih-umetnikov-o-zivljenju-in-delu-misijonarja-pedra-opeke\/","name":"O \u017eivljenju slovenskega misijonarja na Madagaskarju Pedra Opeke","isPartOf":{"@id":"https:\/\/www.iskreni.net\/trgovina\/#website"},"primaryImageOfPage":{"@id":"https:\/\/www.iskreni.net\/trgovina\/product\/izjemen-strip-malgaskih-umetnikov-o-zivljenju-in-delu-misijonarja-pedra-opeke\/#primaryimage"},"image":{"@id":"https:\/\/www.iskreni.net\/trgovina\/product\/izjemen-strip-malgaskih-umetnikov-o-zivljenju-in-delu-misijonarja-pedra-opeke\/#primaryimage"},"thumbnailUrl":"https:\/\/www.iskreni.net\/trgovina\/wp-content\/uploads\/2025\/01\/akamasoa-1.jpg","datePublished":"2025-01-24T09:32:44+00:00","dateModified":"2025-04-25T10:30:29+00:00","description":"Izjemen strip malga\u0161kih umetnikov o \u017eivljenju in delu misijonarja Pedra Opeke. Prika\u017ee Pedrova sre\u010danja z reve\u017ei na smeti\u0161\u010du v predmestju Antanariva.","breadcrumb":{"@id":"https:\/\/www.iskreni.net\/trgovina\/product\/izjemen-strip-malgaskih-umetnikov-o-zivljenju-in-delu-misijonarja-pedra-opeke\/#breadcrumb"},"inLanguage":"sl-SI","potentialAction":[{"@type":"ReadAction","target":["https:\/\/www.iskreni.net\/trgovina\/product\/izjemen-strip-malgaskih-umetnikov-o-zivljenju-in-delu-misijonarja-pedra-opeke\/"]}]},{"@type":"ImageObject","inLanguage":"sl-SI","@id":"https:\/\/www.iskreni.net\/trgovina\/product\/izjemen-strip-malgaskih-umetnikov-o-zivljenju-in-delu-misijonarja-pedra-opeke\/#primaryimage","url":"https:\/\/www.iskreni.net\/trgovina\/wp-content\/uploads\/2025\/01\/akamasoa-1.jpg","contentUrl":"https:\/\/www.iskreni.net\/trgovina\/wp-content\/uploads\/2025\/01\/akamasoa-1.jpg","width":946,"height":946,"caption":"Akamasoa"},{"@type":"BreadcrumbList","@id":"https:\/\/www.iskreni.net\/trgovina\/product\/izjemen-strip-malgaskih-umetnikov-o-zivljenju-in-delu-misijonarja-pedra-opeke\/#breadcrumb","itemListElement":[{"@type":"ListItem","position":1,"name":"Home","item":"https:\/\/www.iskreni.net\/trgovina\/"},{"@type":"ListItem","position":2,"name":"Trgovina","item":"https:\/\/www.iskreni.net\/trgovina\/trgovina\/"},{"@type":"ListItem","position":3,"name":"Akamasoa"}]},{"@type":"WebSite","@id":"https:\/\/www.iskreni.net\/trgovina\/#website","url":"https:\/\/www.iskreni.net\/trgovina\/","name":"Zavod Iskreni","description":"trgovina","potentialAction":[{"@type":"SearchAction","target":{"@type":"EntryPoint","urlTemplate":"https:\/\/www.iskreni.net\/trgovina\/?s={search_term_string}"},"query-input":{"@type":"PropertyValueSpecification","valueRequired":true,"valueName":"search_term_string"}}],"inLanguage":"sl-SI"}]}},"_links":{"self":[{"href":"https:\/\/www.iskreni.net\/trgovina\/wp-json\/wp\/v2\/product\/83587","targetHints":{"allow":["GET"]}}],"collection":[{"href":"https:\/\/www.iskreni.net\/trgovina\/wp-json\/wp\/v2\/product"}],"about":[{"href":"https:\/\/www.iskreni.net\/trgovina\/wp-json\/wp\/v2\/types\/product"}],"replies":[{"embeddable":true,"href":"https:\/\/www.iskreni.net\/trgovina\/wp-json\/wp\/v2\/comments?post=83587"}],"version-history":[{"count":3,"href":"https:\/\/www.iskreni.net\/trgovina\/wp-json\/wp\/v2\/product\/83587\/revisions"}],"predecessor-version":[{"id":83593,"href":"https:\/\/www.iskreni.net\/trgovina\/wp-json\/wp\/v2\/product\/83587\/revisions\/83593"}],"wp:featuredmedia":[{"embeddable":true,"href":"https:\/\/www.iskreni.net\/trgovina\/wp-json\/wp\/v2\/media\/83607"}],"wp:attachment":[{"href":"https:\/\/www.iskreni.net\/trgovina\/wp-json\/wp\/v2\/media?parent=83587"}],"wp:term":[{"taxonomy":"product_brand","embeddable":true,"href":"https:\/\/www.iskreni.net\/trgovina\/wp-json\/wp\/v2\/product_brand?post=83587"},{"taxonomy":"product_cat","embeddable":true,"href":"https:\/\/www.iskreni.net\/trgovina\/wp-json\/wp\/v2\/product_cat?post=83587"},{"taxonomy":"product_tag","embeddable":true,"href":"https:\/\/www.iskreni.net\/trgovina\/wp-json\/wp\/v2\/product_tag?post=83587"},{"taxonomy":"avtor","embeddable":true,"href":"https:\/\/www.iskreni.net\/trgovina\/wp-json\/wp\/v2\/avtor?post=83587"},{"taxonomy":"zalozba","embeddable":true,"href":"https:\/\/www.iskreni.net\/trgovina\/wp-json\/wp\/v2\/zalozba?post=83587"},{"taxonomy":"vezava","embeddable":true,"href":"https:\/\/www.iskreni.net\/trgovina\/wp-json\/wp\/v2\/vezava?post=83587"}],"curies":[{"name":"wp","href":"https:\/\/api.w.org\/{rel}","templated":true}]}}