{"id":83563,"date":"2025-01-24T09:04:18","date_gmt":"2025-01-24T08:04:18","guid":{"rendered":"https:\/\/www.iskreni.net\/trgovina\/?post_type=product&#038;p=83563"},"modified":"2025-04-25T12:31:36","modified_gmt":"2025-04-25T10:31:36","slug":"sveti-peter-skrivnost-in-ocitnost","status":"publish","type":"product","link":"https:\/\/www.iskreni.net\/trgovina\/product\/sveti-peter-skrivnost-in-ocitnost\/","title":{"rendered":"Sveti Peter: Skrivnost in o\u010ditnost"},"content":{"rendered":"<header id=\"layout-header\" class=\"header\">\n<div class=\"header__under\">\n<div class=\"header__notice container \">\n<div class=\"header__notice__inner\"><\/div>\n<\/div>\n<\/div>\n<\/header>\n<p>&nbsp;<\/p>\n<div class=\"main__inner container\">\n<div class=\"main__page main__page--breadcrumbs\">\n<div class=\"page\">\n<div class=\"single-product\">\n<div id=\"js-singleProduct-details\">\n<form id=\"js-versions\" action=\"https:\/\/www.druzina.si\/knjiga\/sveti-peter-skrivnost-in-ocitnost\" method=\"GET\" data-request=\"singleProduct::onBasketAdd\" data-single-product-alias=\"singleProduct\" data-request-success=\"app.trigger('product.add_to_basket', {id: 22490, data: data});\">\n<div class=\"single-product__bar bar--active\">\n<div class=\"single-product__bar__container container--big\">\n<div class=\"single-product__bar__inner\">\n<div class=\"single-product__bar__checkout\">\n<div class=\"single-product__checkout__action\">\n<div class=\"quantity-input\">\n<h3 class=\"quantity-input__inner\">O izdelku<\/h3>\n<\/div>\n<\/div>\n<\/div>\n<\/div>\n<\/div>\n<\/div>\n<\/form>\n<\/div>\n<div id=\"product-22490-description\" class=\"single-product__content\">\n<section class=\"single-product__accordions\">\n<div class=\"product-content col-span-9\">\n<div class=\"tab-description js-tab-singleProduct-description content-tab\">\n<p>Pri\u010dujo\u010da knjiga osvetljuje osupljivo \u017eivljenjsko zgodbo svetega Petra, prvega med Jezusovimi apostoli in enega najpomembnej\u0161ih temeljev zgodnjega kr\u0161\u010danstva. Avtor mojstrsko zdru\u017euje zgodovinske vire, teolo\u0161ke interpretacije in najnovej\u0161a arheolo\u0161ka odkritja, da bi razkril ve\u010dplastnost Petrovega lika \u2013 \u010dloveka, \u010digar vere in zna\u010daja niso definirale le veli\u010dastne geste, temve\u010d predvsem krhkost \u010dlove\u0161kih napak. Avtor bralca popelje od skromnih za\u010detkov ribi\u010da iz Betsajde do njegove mu\u010deni\u0161ke smrti v Rimu. Delo presega obi\u010dajne hagiografske portrete, saj Dick\u00e8su uspe uloviti tudi Petrova notranja protislovja in globoke transformacije, ki jih ponazarjajo epizode zanikanja, spreobrnjenja in kon\u010dne predanosti. Kako se je mo\u017e, ki je trikrat zatajil Jezusa, spremenil v steber vere? Ta paradoks prina\u0161a vpogled v skrivnost kr\u0161\u010danske vere, katere del vselej vznika v skrivnosti, drugi del pa v o\u010ditnosti, ki je zrasla na ple\u010dih prvih apostolov.<\/p>\n<p>\u00bbTi si Peter, Skala, in na tej skali bom sezidal svojo Cerkev in peklenska vrata je ne bodo premagala.\u00ab<\/p>\n<p><em>Knji\u017eno delo je iz\u0161lo v okviru knji\u017enega programa, ki ga sofinancira Javna agencija za knjigo Republike Slovenije.<\/em><\/p>\n<\/div>\n<\/div>\n<\/section>\n<\/div>\n<\/div>\n<\/div>\n<\/div>\n<\/div>\n<p>&nbsp;<\/p>\n","protected":false},"excerpt":{"rendered":"<p><strong>Leto izdaje:<\/strong> 2024<br \/>\n<strong>\u0160tevilo strani: <\/strong>376<br \/>\n<strong>Mere:<\/strong> 153 x 230 mm<\/p>\n<p>&nbsp;<\/p>\n","protected":false},"featured_media":83566,"comment_status":"open","ping_status":"closed","template":"","meta":[],"product_brand":[],"product_cat":[2325,63],"product_tag":[2070],"avtor":[2897],"zalozba":[2311],"vezava":[2306],"class_list":{"0":"post-83563","1":"product","2":"type-product","3":"status-publish","4":"has-post-thumbnail","6":"product_cat-leposlovje","7":"product_cat-knjige","8":"product_tag-zgodovina","9":"avtor-christophe-dickes","10":"zalozba-druzina","11":"vezava-trda","13":"first","14":"onbackorder","15":"taxable","16":"shipping-taxable","17":"purchasable","18":"product-type-simple"},"yoast_head":"<!-- This site is optimized with the Yoast SEO plugin v26.3 - https:\/\/yoast.com\/wordpress\/plugins\/seo\/ -->\n<title>Prva kri\u017earska odprava - trgovina Iskreni<\/title>\n<meta name=\"description\" content=\"V knjigi Prva kri\u017earska odprava beremo razburljivo zgodovinsko poro\u010dilo o prvi kri\u017earski odpravi. \u00bbTi si Peter in na tej skali bom sezidal svojo Cerkev.\u00ab\" \/>\n<meta name=\"robots\" content=\"index, follow, max-snippet:-1, max-image-preview:large, max-video-preview:-1\" \/>\n<link rel=\"canonical\" href=\"https:\/\/www.iskreni.net\/trgovina\/product\/sveti-peter-skrivnost-in-ocitnost\/\" \/>\n<meta property=\"og:locale\" content=\"sl_SI\" \/>\n<meta property=\"og:type\" content=\"article\" \/>\n<meta property=\"og:title\" content=\"Odvrzi te misli\" \/>\n<meta property=\"og:description\" content=\"Jennie Allen v mednarodni uspe\u0161nici najde re\u0161itev za premagovanje tesnobe, ki izhaja iz negativnih miselnih vzorcev.\" \/>\n<meta property=\"og:url\" content=\"https:\/\/www.iskreni.net\/trgovina\/product\/sveti-peter-skrivnost-in-ocitnost\/\" \/>\n<meta property=\"og:site_name\" content=\"Zavod Iskreni\" \/>\n<meta property=\"article:modified_time\" content=\"2025-04-25T10:31:36+00:00\" \/>\n<meta property=\"og:image\" content=\"https:\/\/www.iskreni.net\/trgovina\/wp-content\/uploads\/2025\/01\/Peter.png\" \/>\n\t<meta property=\"og:image:width\" content=\"526\" \/>\n\t<meta property=\"og:image:height\" content=\"526\" \/>\n\t<meta property=\"og:image:type\" content=\"image\/png\" \/>\n<meta name=\"twitter:card\" content=\"summary_large_image\" \/>\n<meta name=\"twitter:label1\" content=\"Est. reading time\" \/>\n\t<meta name=\"twitter:data1\" content=\"2 minuti\" \/>\n<script type=\"application\/ld+json\" class=\"yoast-schema-graph\">{\"@context\":\"https:\/\/schema.org\",\"@graph\":[{\"@type\":\"WebPage\",\"@id\":\"https:\/\/www.iskreni.net\/trgovina\/product\/sveti-peter-skrivnost-in-ocitnost\/\",\"url\":\"https:\/\/www.iskreni.net\/trgovina\/product\/sveti-peter-skrivnost-in-ocitnost\/\",\"name\":\"Prva kri\u017earska odprava - trgovina Iskreni\",\"isPartOf\":{\"@id\":\"https:\/\/www.iskreni.net\/trgovina\/#website\"},\"primaryImageOfPage\":{\"@id\":\"https:\/\/www.iskreni.net\/trgovina\/product\/sveti-peter-skrivnost-in-ocitnost\/#primaryimage\"},\"image\":{\"@id\":\"https:\/\/www.iskreni.net\/trgovina\/product\/sveti-peter-skrivnost-in-ocitnost\/#primaryimage\"},\"thumbnailUrl\":\"https:\/\/www.iskreni.net\/trgovina\/wp-content\/uploads\/2025\/01\/Peter.png\",\"datePublished\":\"2025-01-24T08:04:18+00:00\",\"dateModified\":\"2025-04-25T10:31:36+00:00\",\"description\":\"V knjigi Prva kri\u017earska odprava beremo razburljivo zgodovinsko poro\u010dilo o prvi kri\u017earski odpravi. \u00bbTi si Peter in na tej skali bom sezidal svojo Cerkev.\u00ab\",\"breadcrumb\":{\"@id\":\"https:\/\/www.iskreni.net\/trgovina\/product\/sveti-peter-skrivnost-in-ocitnost\/#breadcrumb\"},\"inLanguage\":\"sl-SI\",\"potentialAction\":[{\"@type\":\"ReadAction\",\"target\":[\"https:\/\/www.iskreni.net\/trgovina\/product\/sveti-peter-skrivnost-in-ocitnost\/\"]}]},{\"@type\":\"ImageObject\",\"inLanguage\":\"sl-SI\",\"@id\":\"https:\/\/www.iskreni.net\/trgovina\/product\/sveti-peter-skrivnost-in-ocitnost\/#primaryimage\",\"url\":\"https:\/\/www.iskreni.net\/trgovina\/wp-content\/uploads\/2025\/01\/Peter.png\",\"contentUrl\":\"https:\/\/www.iskreni.net\/trgovina\/wp-content\/uploads\/2025\/01\/Peter.png\",\"width\":526,\"height\":526,\"caption\":\"Sveti Peter: Skrivnost in o\u010ditnost\"},{\"@type\":\"BreadcrumbList\",\"@id\":\"https:\/\/www.iskreni.net\/trgovina\/product\/sveti-peter-skrivnost-in-ocitnost\/#breadcrumb\",\"itemListElement\":[{\"@type\":\"ListItem\",\"position\":1,\"name\":\"Home\",\"item\":\"https:\/\/www.iskreni.net\/trgovina\/\"},{\"@type\":\"ListItem\",\"position\":2,\"name\":\"Trgovina\",\"item\":\"https:\/\/www.iskreni.net\/trgovina\/trgovina\/\"},{\"@type\":\"ListItem\",\"position\":3,\"name\":\"Sveti Peter: Skrivnost in o\u010ditnost\"}]},{\"@type\":\"WebSite\",\"@id\":\"https:\/\/www.iskreni.net\/trgovina\/#website\",\"url\":\"https:\/\/www.iskreni.net\/trgovina\/\",\"name\":\"Zavod Iskreni\",\"description\":\"trgovina\",\"potentialAction\":[{\"@type\":\"SearchAction\",\"target\":{\"@type\":\"EntryPoint\",\"urlTemplate\":\"https:\/\/www.iskreni.net\/trgovina\/?s={search_term_string}\"},\"query-input\":{\"@type\":\"PropertyValueSpecification\",\"valueRequired\":true,\"valueName\":\"search_term_string\"}}],\"inLanguage\":\"sl-SI\"}]}<\/script>\n<!-- \/ Yoast SEO plugin. -->","yoast_head_json":{"title":"Prva kri\u017earska odprava - trgovina Iskreni","description":"V knjigi Prva kri\u017earska odprava beremo razburljivo zgodovinsko poro\u010dilo o prvi kri\u017earski odpravi. \u00bbTi si Peter in na tej skali bom sezidal svojo Cerkev.\u00ab","robots":{"index":"index","follow":"follow","max-snippet":"max-snippet:-1","max-image-preview":"max-image-preview:large","max-video-preview":"max-video-preview:-1"},"canonical":"https:\/\/www.iskreni.net\/trgovina\/product\/sveti-peter-skrivnost-in-ocitnost\/","og_locale":"sl_SI","og_type":"article","og_title":"Odvrzi te misli","og_description":"Jennie Allen v mednarodni uspe\u0161nici najde re\u0161itev za premagovanje tesnobe, ki izhaja iz negativnih miselnih vzorcev.","og_url":"https:\/\/www.iskreni.net\/trgovina\/product\/sveti-peter-skrivnost-in-ocitnost\/","og_site_name":"Zavod Iskreni","article_modified_time":"2025-04-25T10:31:36+00:00","og_image":[{"width":526,"height":526,"url":"https:\/\/www.iskreni.net\/trgovina\/wp-content\/uploads\/2025\/01\/Peter.png","type":"image\/png"}],"twitter_card":"summary_large_image","twitter_misc":{"Est. reading time":"2 minuti"},"schema":{"@context":"https:\/\/schema.org","@graph":[{"@type":"WebPage","@id":"https:\/\/www.iskreni.net\/trgovina\/product\/sveti-peter-skrivnost-in-ocitnost\/","url":"https:\/\/www.iskreni.net\/trgovina\/product\/sveti-peter-skrivnost-in-ocitnost\/","name":"Prva kri\u017earska odprava - trgovina Iskreni","isPartOf":{"@id":"https:\/\/www.iskreni.net\/trgovina\/#website"},"primaryImageOfPage":{"@id":"https:\/\/www.iskreni.net\/trgovina\/product\/sveti-peter-skrivnost-in-ocitnost\/#primaryimage"},"image":{"@id":"https:\/\/www.iskreni.net\/trgovina\/product\/sveti-peter-skrivnost-in-ocitnost\/#primaryimage"},"thumbnailUrl":"https:\/\/www.iskreni.net\/trgovina\/wp-content\/uploads\/2025\/01\/Peter.png","datePublished":"2025-01-24T08:04:18+00:00","dateModified":"2025-04-25T10:31:36+00:00","description":"V knjigi Prva kri\u017earska odprava beremo razburljivo zgodovinsko poro\u010dilo o prvi kri\u017earski odpravi. \u00bbTi si Peter in na tej skali bom sezidal svojo Cerkev.\u00ab","breadcrumb":{"@id":"https:\/\/www.iskreni.net\/trgovina\/product\/sveti-peter-skrivnost-in-ocitnost\/#breadcrumb"},"inLanguage":"sl-SI","potentialAction":[{"@type":"ReadAction","target":["https:\/\/www.iskreni.net\/trgovina\/product\/sveti-peter-skrivnost-in-ocitnost\/"]}]},{"@type":"ImageObject","inLanguage":"sl-SI","@id":"https:\/\/www.iskreni.net\/trgovina\/product\/sveti-peter-skrivnost-in-ocitnost\/#primaryimage","url":"https:\/\/www.iskreni.net\/trgovina\/wp-content\/uploads\/2025\/01\/Peter.png","contentUrl":"https:\/\/www.iskreni.net\/trgovina\/wp-content\/uploads\/2025\/01\/Peter.png","width":526,"height":526,"caption":"Sveti Peter: Skrivnost in o\u010ditnost"},{"@type":"BreadcrumbList","@id":"https:\/\/www.iskreni.net\/trgovina\/product\/sveti-peter-skrivnost-in-ocitnost\/#breadcrumb","itemListElement":[{"@type":"ListItem","position":1,"name":"Home","item":"https:\/\/www.iskreni.net\/trgovina\/"},{"@type":"ListItem","position":2,"name":"Trgovina","item":"https:\/\/www.iskreni.net\/trgovina\/trgovina\/"},{"@type":"ListItem","position":3,"name":"Sveti Peter: Skrivnost in o\u010ditnost"}]},{"@type":"WebSite","@id":"https:\/\/www.iskreni.net\/trgovina\/#website","url":"https:\/\/www.iskreni.net\/trgovina\/","name":"Zavod Iskreni","description":"trgovina","potentialAction":[{"@type":"SearchAction","target":{"@type":"EntryPoint","urlTemplate":"https:\/\/www.iskreni.net\/trgovina\/?s={search_term_string}"},"query-input":{"@type":"PropertyValueSpecification","valueRequired":true,"valueName":"search_term_string"}}],"inLanguage":"sl-SI"}]}},"_links":{"self":[{"href":"https:\/\/www.iskreni.net\/trgovina\/wp-json\/wp\/v2\/product\/83563","targetHints":{"allow":["GET"]}}],"collection":[{"href":"https:\/\/www.iskreni.net\/trgovina\/wp-json\/wp\/v2\/product"}],"about":[{"href":"https:\/\/www.iskreni.net\/trgovina\/wp-json\/wp\/v2\/types\/product"}],"replies":[{"embeddable":true,"href":"https:\/\/www.iskreni.net\/trgovina\/wp-json\/wp\/v2\/comments?post=83563"}],"version-history":[{"count":4,"href":"https:\/\/www.iskreni.net\/trgovina\/wp-json\/wp\/v2\/product\/83563\/revisions"}],"predecessor-version":[{"id":83570,"href":"https:\/\/www.iskreni.net\/trgovina\/wp-json\/wp\/v2\/product\/83563\/revisions\/83570"}],"wp:featuredmedia":[{"embeddable":true,"href":"https:\/\/www.iskreni.net\/trgovina\/wp-json\/wp\/v2\/media\/83566"}],"wp:attachment":[{"href":"https:\/\/www.iskreni.net\/trgovina\/wp-json\/wp\/v2\/media?parent=83563"}],"wp:term":[{"taxonomy":"product_brand","embeddable":true,"href":"https:\/\/www.iskreni.net\/trgovina\/wp-json\/wp\/v2\/product_brand?post=83563"},{"taxonomy":"product_cat","embeddable":true,"href":"https:\/\/www.iskreni.net\/trgovina\/wp-json\/wp\/v2\/product_cat?post=83563"},{"taxonomy":"product_tag","embeddable":true,"href":"https:\/\/www.iskreni.net\/trgovina\/wp-json\/wp\/v2\/product_tag?post=83563"},{"taxonomy":"avtor","embeddable":true,"href":"https:\/\/www.iskreni.net\/trgovina\/wp-json\/wp\/v2\/avtor?post=83563"},{"taxonomy":"zalozba","embeddable":true,"href":"https:\/\/www.iskreni.net\/trgovina\/wp-json\/wp\/v2\/zalozba?post=83563"},{"taxonomy":"vezava","embeddable":true,"href":"https:\/\/www.iskreni.net\/trgovina\/wp-json\/wp\/v2\/vezava?post=83563"}],"curies":[{"name":"wp","href":"https:\/\/api.w.org\/{rel}","templated":true}]}}