{"id":83540,"date":"2025-01-24T08:07:11","date_gmt":"2025-01-24T07:07:11","guid":{"rendered":"https:\/\/www.iskreni.net\/trgovina\/?post_type=product&#038;p=83540"},"modified":"2025-09-17T13:52:53","modified_gmt":"2025-09-17T11:52:53","slug":"kaj-sem-nasel-v-svoji-okolici","status":"publish","type":"product","link":"https:\/\/www.iskreni.net\/trgovina\/product\/kaj-sem-nasel-v-svoji-okolici\/","title":{"rendered":"Kaj sem na\u0161el v svoji okolici"},"content":{"rendered":"<h2 class=\"ie-h2 tw-pb-5 tw-font-bold\">Opis<\/h2>\n<p>Obra\u010daj strani\u00a0 naprej in nazaj ter se nau\u010di imena vseh predmetov, ki jih najde\u0161 v svoji okolici.<\/p>\n<p>Si si jih zapomnil?<\/p>\n<h2 class=\"ie-h2 tw-pb-5 tw-font-bold\"><\/h2>\n","protected":false},"excerpt":{"rendered":"<p><b>\u0160tevilo strani: <\/b>16<br \/>\n<strong>Leto izdaje:<\/strong> 2025<br \/>\n<strong>Mere:<\/strong> 225 x 225 mm<\/p>\n","protected":false},"featured_media":83541,"comment_status":"open","ping_status":"closed","template":"","meta":[],"product_brand":[],"product_cat":[63,135],"product_tag":[1922,2890,2893,2872,2891],"avtor":[2886],"zalozba":[2361],"vezava":[],"class_list":{"0":"post-83540","1":"product","2":"type-product","3":"status-publish","4":"has-post-thumbnail","6":"product_cat-knjige","7":"product_cat-za-otroke","8":"product_tag-kartonka","9":"product_tag-knjige","10":"product_tag-okolica","11":"product_tag-slikanica","12":"product_tag-za-otroke","13":"avtor-rebecca-weerasekera","14":"zalozba-hisa-knjig","16":"first","17":"instock","18":"taxable","19":"shipping-taxable","20":"purchasable","21":"product-type-simple"},"yoast_head":"<!-- This site is optimized with the Yoast SEO plugin v26.3 - https:\/\/yoast.com\/wordpress\/plugins\/seo\/ -->\n<title>Kaj sem na\u0161el v svoji okolici - Zavod Iskreni<\/title>\n<meta name=\"description\" content=\"Obra\u010daj strani naprej in nazaj ter se nau\u010di imena vseh predmetov v svojem domu. Si si jih zapomnil? Raz\u0161irite otrokov besedni zaklad.\" \/>\n<meta name=\"robots\" content=\"index, follow, max-snippet:-1, max-image-preview:large, max-video-preview:-1\" \/>\n<link rel=\"canonical\" href=\"https:\/\/www.iskreni.net\/trgovina\/product\/kaj-sem-nasel-v-svoji-okolici\/\" \/>\n<meta property=\"og:locale\" content=\"sl_SI\" \/>\n<meta property=\"og:type\" content=\"article\" \/>\n<meta property=\"og:title\" content=\"Kaj sem na\u0161el v svoji okolici - Zavod Iskreni\" \/>\n<meta property=\"og:description\" content=\"Obra\u010daj strani naprej in nazaj ter se nau\u010di imena vseh predmetov v svojem domu. Si si jih zapomnil? Raz\u0161irite otrokov besedni zaklad.\" \/>\n<meta property=\"og:url\" content=\"https:\/\/www.iskreni.net\/trgovina\/product\/kaj-sem-nasel-v-svoji-okolici\/\" \/>\n<meta property=\"og:site_name\" content=\"Zavod Iskreni\" \/>\n<meta property=\"article:modified_time\" content=\"2025-09-17T11:52:53+00:00\" \/>\n<meta property=\"og:image\" content=\"https:\/\/www.iskreni.net\/trgovina\/wp-content\/uploads\/2025\/01\/kaj_sem_na_el_v_svoji_okolici_obrni_in_se_u_i.jpg\" \/>\n\t<meta property=\"og:image:width\" content=\"912\" \/>\n\t<meta property=\"og:image:height\" content=\"908\" \/>\n\t<meta property=\"og:image:type\" content=\"image\/jpeg\" \/>\n<meta name=\"twitter:card\" content=\"summary_large_image\" \/>\n<meta name=\"twitter:label1\" content=\"Est. reading time\" \/>\n\t<meta name=\"twitter:data1\" content=\"1 minuta\" \/>\n<script type=\"application\/ld+json\" class=\"yoast-schema-graph\">{\"@context\":\"https:\/\/schema.org\",\"@graph\":[{\"@type\":\"WebPage\",\"@id\":\"https:\/\/www.iskreni.net\/trgovina\/product\/kaj-sem-nasel-v-svoji-okolici\/\",\"url\":\"https:\/\/www.iskreni.net\/trgovina\/product\/kaj-sem-nasel-v-svoji-okolici\/\",\"name\":\"Kaj sem na\u0161el v svoji okolici - Zavod Iskreni\",\"isPartOf\":{\"@id\":\"https:\/\/www.iskreni.net\/trgovina\/#website\"},\"primaryImageOfPage\":{\"@id\":\"https:\/\/www.iskreni.net\/trgovina\/product\/kaj-sem-nasel-v-svoji-okolici\/#primaryimage\"},\"image\":{\"@id\":\"https:\/\/www.iskreni.net\/trgovina\/product\/kaj-sem-nasel-v-svoji-okolici\/#primaryimage\"},\"thumbnailUrl\":\"https:\/\/www.iskreni.net\/trgovina\/wp-content\/uploads\/2025\/01\/kaj_sem_na_el_v_svoji_okolici_obrni_in_se_u_i.jpg\",\"datePublished\":\"2025-01-24T07:07:11+00:00\",\"dateModified\":\"2025-09-17T11:52:53+00:00\",\"description\":\"Obra\u010daj strani naprej in nazaj ter se nau\u010di imena vseh predmetov v svojem domu. Si si jih zapomnil? Raz\u0161irite otrokov besedni zaklad.\",\"breadcrumb\":{\"@id\":\"https:\/\/www.iskreni.net\/trgovina\/product\/kaj-sem-nasel-v-svoji-okolici\/#breadcrumb\"},\"inLanguage\":\"sl-SI\",\"potentialAction\":[{\"@type\":\"ReadAction\",\"target\":[\"https:\/\/www.iskreni.net\/trgovina\/product\/kaj-sem-nasel-v-svoji-okolici\/\"]}]},{\"@type\":\"ImageObject\",\"inLanguage\":\"sl-SI\",\"@id\":\"https:\/\/www.iskreni.net\/trgovina\/product\/kaj-sem-nasel-v-svoji-okolici\/#primaryimage\",\"url\":\"https:\/\/www.iskreni.net\/trgovina\/wp-content\/uploads\/2025\/01\/kaj_sem_na_el_v_svoji_okolici_obrni_in_se_u_i.jpg\",\"contentUrl\":\"https:\/\/www.iskreni.net\/trgovina\/wp-content\/uploads\/2025\/01\/kaj_sem_na_el_v_svoji_okolici_obrni_in_se_u_i.jpg\",\"width\":912,\"height\":908,\"caption\":\"Kaj sem na\u0161el v svoji okolici\"},{\"@type\":\"BreadcrumbList\",\"@id\":\"https:\/\/www.iskreni.net\/trgovina\/product\/kaj-sem-nasel-v-svoji-okolici\/#breadcrumb\",\"itemListElement\":[{\"@type\":\"ListItem\",\"position\":1,\"name\":\"Home\",\"item\":\"https:\/\/www.iskreni.net\/trgovina\/\"},{\"@type\":\"ListItem\",\"position\":2,\"name\":\"Trgovina\",\"item\":\"https:\/\/www.iskreni.net\/trgovina\/trgovina\/\"},{\"@type\":\"ListItem\",\"position\":3,\"name\":\"Kaj sem na\u0161el v svoji okolici\"}]},{\"@type\":\"WebSite\",\"@id\":\"https:\/\/www.iskreni.net\/trgovina\/#website\",\"url\":\"https:\/\/www.iskreni.net\/trgovina\/\",\"name\":\"Zavod Iskreni\",\"description\":\"trgovina\",\"potentialAction\":[{\"@type\":\"SearchAction\",\"target\":{\"@type\":\"EntryPoint\",\"urlTemplate\":\"https:\/\/www.iskreni.net\/trgovina\/?s={search_term_string}\"},\"query-input\":{\"@type\":\"PropertyValueSpecification\",\"valueRequired\":true,\"valueName\":\"search_term_string\"}}],\"inLanguage\":\"sl-SI\"}]}<\/script>\n<!-- \/ Yoast SEO plugin. -->","yoast_head_json":{"title":"Kaj sem na\u0161el v svoji okolici - Zavod Iskreni","description":"Obra\u010daj strani naprej in nazaj ter se nau\u010di imena vseh predmetov v svojem domu. Si si jih zapomnil? Raz\u0161irite otrokov besedni zaklad.","robots":{"index":"index","follow":"follow","max-snippet":"max-snippet:-1","max-image-preview":"max-image-preview:large","max-video-preview":"max-video-preview:-1"},"canonical":"https:\/\/www.iskreni.net\/trgovina\/product\/kaj-sem-nasel-v-svoji-okolici\/","og_locale":"sl_SI","og_type":"article","og_title":"Kaj sem na\u0161el v svoji okolici - Zavod Iskreni","og_description":"Obra\u010daj strani naprej in nazaj ter se nau\u010di imena vseh predmetov v svojem domu. Si si jih zapomnil? Raz\u0161irite otrokov besedni zaklad.","og_url":"https:\/\/www.iskreni.net\/trgovina\/product\/kaj-sem-nasel-v-svoji-okolici\/","og_site_name":"Zavod Iskreni","article_modified_time":"2025-09-17T11:52:53+00:00","og_image":[{"width":912,"height":908,"url":"https:\/\/www.iskreni.net\/trgovina\/wp-content\/uploads\/2025\/01\/kaj_sem_na_el_v_svoji_okolici_obrni_in_se_u_i.jpg","type":"image\/jpeg"}],"twitter_card":"summary_large_image","twitter_misc":{"Est. reading time":"1 minuta"},"schema":{"@context":"https:\/\/schema.org","@graph":[{"@type":"WebPage","@id":"https:\/\/www.iskreni.net\/trgovina\/product\/kaj-sem-nasel-v-svoji-okolici\/","url":"https:\/\/www.iskreni.net\/trgovina\/product\/kaj-sem-nasel-v-svoji-okolici\/","name":"Kaj sem na\u0161el v svoji okolici - Zavod Iskreni","isPartOf":{"@id":"https:\/\/www.iskreni.net\/trgovina\/#website"},"primaryImageOfPage":{"@id":"https:\/\/www.iskreni.net\/trgovina\/product\/kaj-sem-nasel-v-svoji-okolici\/#primaryimage"},"image":{"@id":"https:\/\/www.iskreni.net\/trgovina\/product\/kaj-sem-nasel-v-svoji-okolici\/#primaryimage"},"thumbnailUrl":"https:\/\/www.iskreni.net\/trgovina\/wp-content\/uploads\/2025\/01\/kaj_sem_na_el_v_svoji_okolici_obrni_in_se_u_i.jpg","datePublished":"2025-01-24T07:07:11+00:00","dateModified":"2025-09-17T11:52:53+00:00","description":"Obra\u010daj strani naprej in nazaj ter se nau\u010di imena vseh predmetov v svojem domu. Si si jih zapomnil? Raz\u0161irite otrokov besedni zaklad.","breadcrumb":{"@id":"https:\/\/www.iskreni.net\/trgovina\/product\/kaj-sem-nasel-v-svoji-okolici\/#breadcrumb"},"inLanguage":"sl-SI","potentialAction":[{"@type":"ReadAction","target":["https:\/\/www.iskreni.net\/trgovina\/product\/kaj-sem-nasel-v-svoji-okolici\/"]}]},{"@type":"ImageObject","inLanguage":"sl-SI","@id":"https:\/\/www.iskreni.net\/trgovina\/product\/kaj-sem-nasel-v-svoji-okolici\/#primaryimage","url":"https:\/\/www.iskreni.net\/trgovina\/wp-content\/uploads\/2025\/01\/kaj_sem_na_el_v_svoji_okolici_obrni_in_se_u_i.jpg","contentUrl":"https:\/\/www.iskreni.net\/trgovina\/wp-content\/uploads\/2025\/01\/kaj_sem_na_el_v_svoji_okolici_obrni_in_se_u_i.jpg","width":912,"height":908,"caption":"Kaj sem na\u0161el v svoji okolici"},{"@type":"BreadcrumbList","@id":"https:\/\/www.iskreni.net\/trgovina\/product\/kaj-sem-nasel-v-svoji-okolici\/#breadcrumb","itemListElement":[{"@type":"ListItem","position":1,"name":"Home","item":"https:\/\/www.iskreni.net\/trgovina\/"},{"@type":"ListItem","position":2,"name":"Trgovina","item":"https:\/\/www.iskreni.net\/trgovina\/trgovina\/"},{"@type":"ListItem","position":3,"name":"Kaj sem na\u0161el v svoji okolici"}]},{"@type":"WebSite","@id":"https:\/\/www.iskreni.net\/trgovina\/#website","url":"https:\/\/www.iskreni.net\/trgovina\/","name":"Zavod Iskreni","description":"trgovina","potentialAction":[{"@type":"SearchAction","target":{"@type":"EntryPoint","urlTemplate":"https:\/\/www.iskreni.net\/trgovina\/?s={search_term_string}"},"query-input":{"@type":"PropertyValueSpecification","valueRequired":true,"valueName":"search_term_string"}}],"inLanguage":"sl-SI"}]}},"_links":{"self":[{"href":"https:\/\/www.iskreni.net\/trgovina\/wp-json\/wp\/v2\/product\/83540","targetHints":{"allow":["GET"]}}],"collection":[{"href":"https:\/\/www.iskreni.net\/trgovina\/wp-json\/wp\/v2\/product"}],"about":[{"href":"https:\/\/www.iskreni.net\/trgovina\/wp-json\/wp\/v2\/types\/product"}],"replies":[{"embeddable":true,"href":"https:\/\/www.iskreni.net\/trgovina\/wp-json\/wp\/v2\/comments?post=83540"}],"version-history":[{"count":3,"href":"https:\/\/www.iskreni.net\/trgovina\/wp-json\/wp\/v2\/product\/83540\/revisions"}],"predecessor-version":[{"id":83547,"href":"https:\/\/www.iskreni.net\/trgovina\/wp-json\/wp\/v2\/product\/83540\/revisions\/83547"}],"wp:featuredmedia":[{"embeddable":true,"href":"https:\/\/www.iskreni.net\/trgovina\/wp-json\/wp\/v2\/media\/83541"}],"wp:attachment":[{"href":"https:\/\/www.iskreni.net\/trgovina\/wp-json\/wp\/v2\/media?parent=83540"}],"wp:term":[{"taxonomy":"product_brand","embeddable":true,"href":"https:\/\/www.iskreni.net\/trgovina\/wp-json\/wp\/v2\/product_brand?post=83540"},{"taxonomy":"product_cat","embeddable":true,"href":"https:\/\/www.iskreni.net\/trgovina\/wp-json\/wp\/v2\/product_cat?post=83540"},{"taxonomy":"product_tag","embeddable":true,"href":"https:\/\/www.iskreni.net\/trgovina\/wp-json\/wp\/v2\/product_tag?post=83540"},{"taxonomy":"avtor","embeddable":true,"href":"https:\/\/www.iskreni.net\/trgovina\/wp-json\/wp\/v2\/avtor?post=83540"},{"taxonomy":"zalozba","embeddable":true,"href":"https:\/\/www.iskreni.net\/trgovina\/wp-json\/wp\/v2\/zalozba?post=83540"},{"taxonomy":"vezava","embeddable":true,"href":"https:\/\/www.iskreni.net\/trgovina\/wp-json\/wp\/v2\/vezava?post=83540"}],"curies":[{"name":"wp","href":"https:\/\/api.w.org\/{rel}","templated":true}]}}