{"id":82599,"date":"2025-01-08T13:33:11","date_gmt":"2025-01-08T12:33:11","guid":{"rendered":"https:\/\/www.iskreni.net\/trgovina\/?post_type=product&#038;p=82599"},"modified":"2025-11-17T13:30:17","modified_gmt":"2025-11-17T12:30:17","slug":"skrivnostna-lepotica-2","status":"publish","type":"product","link":"https:\/\/www.iskreni.net\/trgovina\/product\/skrivnostna-lepotica-2\/","title":{"rendered":"Skrivnostna lepotica"},"content":{"rendered":"<blockquote><p><em>Ta knjiga je nastala prav z mislijo nate. Z \u017eeljo, da bi te spremljala na tvoji poti odra\u0161\u010danja in iskanja vseh tistih skrivnih koti\u010dkov tvoje lepote. Ker biti dekle je lepo in neprecenljivo!<\/em><\/p><\/blockquote>\n<h4><strong>O knjigi\u00a0<em>Skrivnostna lepotica:<\/em><\/strong><\/h4>\n<p><strong>Skrivnostna lepotica<\/strong> je knjiga, namenjena vsem najstnicam od 13. leta dalje. Napisana je v simpati\u010dnem jeziku in opremljena s prikupnimi ilustracijami, ki te bodo popeljale v skrivnostni<br \/>\nsvet dekli\u0161tva.<\/p>\n<p>V njej bo\u0161:<\/p>\n<ul>\n<li>na\u0161la koristne napotke, kako se spopasti s svojimi novimi ob\u010dutki,<\/li>\n<li>spoznala, kako deluje tvoje telo,<\/li>\n<li>odkrila skrivnosti menstrualnega cikla,<\/li>\n<li>pokukala v svet fantov in spolnosti,<\/li>\n<li>se nau\u010dila, kako lahko kot odra\u0161\u010dajo\u010de dekle dobro poskrbi\u0161 zase.<\/li>\n<\/ul>\n<p><strong><span style=\"color: #ff0000;\">Skrivnostna lepotica je namenjena dekletom od 13. leta naprej in je nadaljevanje knjige <a style=\"color: #ff0000;\" href=\"https:\/\/www.iskreni.net\/trgovina\/cudovita-princesa\/\" target=\"_blank\" rel=\"noopener\">\u010cudovita princesa<\/a>, ki je namenjena mlaj\u0161im deklicam ob vstopu v puberteto.<\/span><\/strong><\/p>\n<h4><strong>Odlomek iz knjige:<\/strong><\/h4>\n<p><em>Biti \u017eenska je nekaj, kar te dela zelo posebno. Trenutno si \u0161e \u2018\u017eenska v delu\u2019. Vendar bo\u0161 v nekaj letih postala \u017ee prava \u017eenska in nih\u010de ve\u010d ne bo nate gledal kot na deklico, ampak te bodo dojemali kot dekle. <\/em><\/p>\n<p><em>Do takrat bo\u0161 veliko razmi\u0161ljala o tem, kaj pravzaprav pomeni biti dekle. Sprejemala bo\u0161 odlo\u010ditve, ki bodo imele velik vpliv na tvojo prihodnost. Zato je prav, da se \u017ee sedaj za\u010dne\u0161 pripravljati in odlo\u010dati o tem, kak\u0161na \u017eenska \u017eeli\u0161 postati.<\/em><\/p>\n<p><em>Ta knjiga je nastala prav z mislijo nate. Z \u017eeljo, da bi te spremljala na tvoji poti odra\u0161\u010danja in iskanja vseh tistih skrivnih koti\u010dkov tvoje lepote. Ker biti dekle je lepo in neprecenljivo!<\/em><\/p>\n<p><img decoding=\"async\" class=\" wp-image-41994 alignleft\" src=\"https:\/\/www.iskreni.net\/trgovina\/wp-content\/uploads\/2025\/01\/OP-SL-Maja-krog-2.png\" alt=\"\" width=\"120\" height=\"120\" \/><\/p>\n<h4><strong>O avtorju:<\/strong><\/h4>\n<p><strong>Maja Vovk<\/strong> je \u017eena in mama \u0161tirih otrok, od tega dveh deklet. Po izobrazbi je magistra farmacije in svetovalka za plodnost in naravno na\u010drtovanje dru\u017eine pri Zavodu Iskreni. V \u017eelji, da bi \u017ee deklice spoznale skrivnosti svojega telesa in odkrivale lepoto \u017eenskosti, izvaja <a href=\"https:\/\/www.iskreni.net\/programi\/\" target=\"_blank\" rel=\"noopener\">delavnici<\/a> \u010cudovita princesa in Skrivnostna lepotica, ki sta namenjeni odra\u0161\u010dajo\u010dim dekletom in njihovim mamam. Na podlagi izku\u0161enj teh delavnic sta nastali knjigi <a href=\"https:\/\/www.iskreni.net\/trgovina\/cudovita-princesa\/\" target=\"_blank\" rel=\"noopener\">\u010cudovita princesa<\/a> in Skrivnostna lepotica, v katerih so obravnavane se dodatne tematike o odra\u0161\u010danju in spolnem dozorevanju.<\/p>\n<h4><\/h4>\n<p>&nbsp;<\/p>\n<p><strong>\u017delite prebrati odlomek iz knjige? <a href=\"https:\/\/www.iskreni.net\/trgovina\/wp-content\/uploads\/2025\/01\/skrivnostna-lepotica-not-24-1-27.pdf\" target=\"_blank\" rel=\"noopener\">Tule je!<\/a><\/strong><\/p>\n","protected":false},"excerpt":{"rendered":"<p><b><\/b><strong>Ilustracije:<\/strong> Marta Vrankar<br \/>\n<strong>Format: <\/strong>146 x 220 mm<strong><br \/>\n\u0160tevilo strani:<\/strong> 308<\/p>\n<h4><span style=\"font-size: 18pt;\"><strong><em>Knjiga za najstnice o lepoti odra\u0161\u010danja.<\/em><\/strong><\/span><\/h4>\n<p><strong>Za najbolj zveste bralke smo pripravili tudi komplet svin\u010dnikov s spodbudnimi mislimi.<\/strong><span style=\"color: #ff0000;\"><strong> <a style=\"color: #ff0000;\" href=\"https:\/\/www.iskreni.net\/trgovina\/product\/komplet-svincnikov-skrivnostna-lepotica\/\">Tule ga lahko dobite!<\/a><\/strong><\/span><\/p>\n<p>&nbsp;<\/p>\n","protected":false},"featured_media":82957,"comment_status":"open","ping_status":"closed","template":"","meta":[],"product_brand":[],"product_cat":[1430,63],"product_tag":[3227,2868,1429],"avtor":[2604],"zalozba":[2305],"vezava":[2307],"class_list":{"0":"post-82599","1":"product","2":"type-product","3":"status-publish","4":"has-post-thumbnail","6":"product_cat-iz-nase-zalozbe","7":"product_cat-knjige","8":"product_tag-miklavz-2025","9":"product_tag-odrascanje","10":"product_tag-zavod-iskreni","11":"avtor-maja-vovk","12":"zalozba-zavod-iskreni","13":"vezava-mehka","15":"first","16":"instock","17":"taxable","18":"shipping-taxable","19":"purchasable","20":"product-type-simple"},"yoast_head":"<!-- This site is optimized with the Yoast SEO plugin v26.3 - https:\/\/yoast.com\/wordpress\/plugins\/seo\/ -->\n<title>Skrivnostna lepotica - trgovina Iskreni<\/title>\n<meta name=\"description\" content=\"Skrivnostna lepotica je knjiga o lepoti odra\u0161\u010danja, namenjena najstnicam od 13. leta dalje. V njej bo\u0161 na\u0161la odgovore na mnoga vpra\u0161anja, ki se ti porajajo!\" \/>\n<meta name=\"robots\" content=\"index, follow, max-snippet:-1, max-image-preview:large, max-video-preview:-1\" \/>\n<link rel=\"canonical\" href=\"https:\/\/www.iskreni.net\/trgovina\/product\/skrivnostna-lepotica-2\/\" \/>\n<meta property=\"og:locale\" content=\"sl_SI\" \/>\n<meta property=\"og:type\" content=\"article\" \/>\n<meta property=\"og:title\" content=\"Skrivnostna lepotica - trgovina Iskreni\" \/>\n<meta property=\"og:description\" content=\"Skrivnostna lepotica je knjiga o lepoti odra\u0161\u010danja, namenjena najstnicam od 13. leta dalje. V njej bo\u0161 na\u0161la odgovore na mnoga vpra\u0161anja, ki se ti porajajo!\" \/>\n<meta property=\"og:url\" content=\"https:\/\/www.iskreni.net\/trgovina\/product\/skrivnostna-lepotica-2\/\" \/>\n<meta property=\"og:site_name\" content=\"Zavod Iskreni\" \/>\n<meta property=\"article:modified_time\" content=\"2025-11-17T12:30:17+00:00\" \/>\n<meta property=\"og:image\" content=\"https:\/\/www.iskreni.net\/trgovina\/wp-content\/uploads\/2025\/01\/OP-SL-knjiga_3D_1-832x1024.png\" \/>\n\t<meta property=\"og:image:width\" content=\"832\" \/>\n\t<meta property=\"og:image:height\" content=\"1024\" \/>\n\t<meta property=\"og:image:type\" content=\"image\/png\" \/>\n<meta name=\"twitter:card\" content=\"summary_large_image\" \/>\n<meta name=\"twitter:label1\" content=\"Est. reading time\" \/>\n\t<meta name=\"twitter:data1\" content=\"3 minute\" \/>\n<script type=\"application\/ld+json\" class=\"yoast-schema-graph\">{\"@context\":\"https:\/\/schema.org\",\"@graph\":[{\"@type\":\"WebPage\",\"@id\":\"https:\/\/www.iskreni.net\/trgovina\/product\/skrivnostna-lepotica-2\/\",\"url\":\"https:\/\/www.iskreni.net\/trgovina\/product\/skrivnostna-lepotica-2\/\",\"name\":\"Skrivnostna lepotica - trgovina Iskreni\",\"isPartOf\":{\"@id\":\"https:\/\/www.iskreni.net\/trgovina\/#website\"},\"primaryImageOfPage\":{\"@id\":\"https:\/\/www.iskreni.net\/trgovina\/product\/skrivnostna-lepotica-2\/#primaryimage\"},\"image\":{\"@id\":\"https:\/\/www.iskreni.net\/trgovina\/product\/skrivnostna-lepotica-2\/#primaryimage\"},\"thumbnailUrl\":\"https:\/\/www.iskreni.net\/trgovina\/wp-content\/uploads\/2025\/01\/OP-SL-knjiga_3D_1.png\",\"datePublished\":\"2025-01-08T12:33:11+00:00\",\"dateModified\":\"2025-11-17T12:30:17+00:00\",\"description\":\"Skrivnostna lepotica je knjiga o lepoti odra\u0161\u010danja, namenjena najstnicam od 13. leta dalje. V njej bo\u0161 na\u0161la odgovore na mnoga vpra\u0161anja, ki se ti porajajo!\",\"breadcrumb\":{\"@id\":\"https:\/\/www.iskreni.net\/trgovina\/product\/skrivnostna-lepotica-2\/#breadcrumb\"},\"inLanguage\":\"sl-SI\",\"potentialAction\":[{\"@type\":\"ReadAction\",\"target\":[\"https:\/\/www.iskreni.net\/trgovina\/product\/skrivnostna-lepotica-2\/\"]}]},{\"@type\":\"ImageObject\",\"inLanguage\":\"sl-SI\",\"@id\":\"https:\/\/www.iskreni.net\/trgovina\/product\/skrivnostna-lepotica-2\/#primaryimage\",\"url\":\"https:\/\/www.iskreni.net\/trgovina\/wp-content\/uploads\/2025\/01\/OP-SL-knjiga_3D_1.png\",\"contentUrl\":\"https:\/\/www.iskreni.net\/trgovina\/wp-content\/uploads\/2025\/01\/OP-SL-knjiga_3D_1.png\",\"width\":1904,\"height\":2344,\"caption\":\"Skrivnostna lepotica\"},{\"@type\":\"BreadcrumbList\",\"@id\":\"https:\/\/www.iskreni.net\/trgovina\/product\/skrivnostna-lepotica-2\/#breadcrumb\",\"itemListElement\":[{\"@type\":\"ListItem\",\"position\":1,\"name\":\"Home\",\"item\":\"https:\/\/www.iskreni.net\/trgovina\/\"},{\"@type\":\"ListItem\",\"position\":2,\"name\":\"Trgovina\",\"item\":\"https:\/\/www.iskreni.net\/trgovina\/trgovina\/\"},{\"@type\":\"ListItem\",\"position\":3,\"name\":\"Skrivnostna lepotica\"}]},{\"@type\":\"WebSite\",\"@id\":\"https:\/\/www.iskreni.net\/trgovina\/#website\",\"url\":\"https:\/\/www.iskreni.net\/trgovina\/\",\"name\":\"Zavod Iskreni\",\"description\":\"trgovina\",\"potentialAction\":[{\"@type\":\"SearchAction\",\"target\":{\"@type\":\"EntryPoint\",\"urlTemplate\":\"https:\/\/www.iskreni.net\/trgovina\/?s={search_term_string}\"},\"query-input\":{\"@type\":\"PropertyValueSpecification\",\"valueRequired\":true,\"valueName\":\"search_term_string\"}}],\"inLanguage\":\"sl-SI\"}]}<\/script>\n<!-- \/ Yoast SEO plugin. -->","yoast_head_json":{"title":"Skrivnostna lepotica - trgovina Iskreni","description":"Skrivnostna lepotica je knjiga o lepoti odra\u0161\u010danja, namenjena najstnicam od 13. leta dalje. V njej bo\u0161 na\u0161la odgovore na mnoga vpra\u0161anja, ki se ti porajajo!","robots":{"index":"index","follow":"follow","max-snippet":"max-snippet:-1","max-image-preview":"max-image-preview:large","max-video-preview":"max-video-preview:-1"},"canonical":"https:\/\/www.iskreni.net\/trgovina\/product\/skrivnostna-lepotica-2\/","og_locale":"sl_SI","og_type":"article","og_title":"Skrivnostna lepotica - trgovina Iskreni","og_description":"Skrivnostna lepotica je knjiga o lepoti odra\u0161\u010danja, namenjena najstnicam od 13. leta dalje. V njej bo\u0161 na\u0161la odgovore na mnoga vpra\u0161anja, ki se ti porajajo!","og_url":"https:\/\/www.iskreni.net\/trgovina\/product\/skrivnostna-lepotica-2\/","og_site_name":"Zavod Iskreni","article_modified_time":"2025-11-17T12:30:17+00:00","og_image":[{"width":832,"height":1024,"url":"https:\/\/www.iskreni.net\/trgovina\/wp-content\/uploads\/2025\/01\/OP-SL-knjiga_3D_1-832x1024.png","type":"image\/png"}],"twitter_card":"summary_large_image","twitter_misc":{"Est. reading time":"3 minute"},"schema":{"@context":"https:\/\/schema.org","@graph":[{"@type":"WebPage","@id":"https:\/\/www.iskreni.net\/trgovina\/product\/skrivnostna-lepotica-2\/","url":"https:\/\/www.iskreni.net\/trgovina\/product\/skrivnostna-lepotica-2\/","name":"Skrivnostna lepotica - trgovina Iskreni","isPartOf":{"@id":"https:\/\/www.iskreni.net\/trgovina\/#website"},"primaryImageOfPage":{"@id":"https:\/\/www.iskreni.net\/trgovina\/product\/skrivnostna-lepotica-2\/#primaryimage"},"image":{"@id":"https:\/\/www.iskreni.net\/trgovina\/product\/skrivnostna-lepotica-2\/#primaryimage"},"thumbnailUrl":"https:\/\/www.iskreni.net\/trgovina\/wp-content\/uploads\/2025\/01\/OP-SL-knjiga_3D_1.png","datePublished":"2025-01-08T12:33:11+00:00","dateModified":"2025-11-17T12:30:17+00:00","description":"Skrivnostna lepotica je knjiga o lepoti odra\u0161\u010danja, namenjena najstnicam od 13. leta dalje. V njej bo\u0161 na\u0161la odgovore na mnoga vpra\u0161anja, ki se ti porajajo!","breadcrumb":{"@id":"https:\/\/www.iskreni.net\/trgovina\/product\/skrivnostna-lepotica-2\/#breadcrumb"},"inLanguage":"sl-SI","potentialAction":[{"@type":"ReadAction","target":["https:\/\/www.iskreni.net\/trgovina\/product\/skrivnostna-lepotica-2\/"]}]},{"@type":"ImageObject","inLanguage":"sl-SI","@id":"https:\/\/www.iskreni.net\/trgovina\/product\/skrivnostna-lepotica-2\/#primaryimage","url":"https:\/\/www.iskreni.net\/trgovina\/wp-content\/uploads\/2025\/01\/OP-SL-knjiga_3D_1.png","contentUrl":"https:\/\/www.iskreni.net\/trgovina\/wp-content\/uploads\/2025\/01\/OP-SL-knjiga_3D_1.png","width":1904,"height":2344,"caption":"Skrivnostna lepotica"},{"@type":"BreadcrumbList","@id":"https:\/\/www.iskreni.net\/trgovina\/product\/skrivnostna-lepotica-2\/#breadcrumb","itemListElement":[{"@type":"ListItem","position":1,"name":"Home","item":"https:\/\/www.iskreni.net\/trgovina\/"},{"@type":"ListItem","position":2,"name":"Trgovina","item":"https:\/\/www.iskreni.net\/trgovina\/trgovina\/"},{"@type":"ListItem","position":3,"name":"Skrivnostna lepotica"}]},{"@type":"WebSite","@id":"https:\/\/www.iskreni.net\/trgovina\/#website","url":"https:\/\/www.iskreni.net\/trgovina\/","name":"Zavod Iskreni","description":"trgovina","potentialAction":[{"@type":"SearchAction","target":{"@type":"EntryPoint","urlTemplate":"https:\/\/www.iskreni.net\/trgovina\/?s={search_term_string}"},"query-input":{"@type":"PropertyValueSpecification","valueRequired":true,"valueName":"search_term_string"}}],"inLanguage":"sl-SI"}]}},"_links":{"self":[{"href":"https:\/\/www.iskreni.net\/trgovina\/wp-json\/wp\/v2\/product\/82599","targetHints":{"allow":["GET"]}}],"collection":[{"href":"https:\/\/www.iskreni.net\/trgovina\/wp-json\/wp\/v2\/product"}],"about":[{"href":"https:\/\/www.iskreni.net\/trgovina\/wp-json\/wp\/v2\/types\/product"}],"replies":[{"embeddable":true,"href":"https:\/\/www.iskreni.net\/trgovina\/wp-json\/wp\/v2\/comments?post=82599"}],"version-history":[{"count":25,"href":"https:\/\/www.iskreni.net\/trgovina\/wp-json\/wp\/v2\/product\/82599\/revisions"}],"predecessor-version":[{"id":84669,"href":"https:\/\/www.iskreni.net\/trgovina\/wp-json\/wp\/v2\/product\/82599\/revisions\/84669"}],"wp:featuredmedia":[{"embeddable":true,"href":"https:\/\/www.iskreni.net\/trgovina\/wp-json\/wp\/v2\/media\/82957"}],"wp:attachment":[{"href":"https:\/\/www.iskreni.net\/trgovina\/wp-json\/wp\/v2\/media?parent=82599"}],"wp:term":[{"taxonomy":"product_brand","embeddable":true,"href":"https:\/\/www.iskreni.net\/trgovina\/wp-json\/wp\/v2\/product_brand?post=82599"},{"taxonomy":"product_cat","embeddable":true,"href":"https:\/\/www.iskreni.net\/trgovina\/wp-json\/wp\/v2\/product_cat?post=82599"},{"taxonomy":"product_tag","embeddable":true,"href":"https:\/\/www.iskreni.net\/trgovina\/wp-json\/wp\/v2\/product_tag?post=82599"},{"taxonomy":"avtor","embeddable":true,"href":"https:\/\/www.iskreni.net\/trgovina\/wp-json\/wp\/v2\/avtor?post=82599"},{"taxonomy":"zalozba","embeddable":true,"href":"https:\/\/www.iskreni.net\/trgovina\/wp-json\/wp\/v2\/zalozba?post=82599"},{"taxonomy":"vezava","embeddable":true,"href":"https:\/\/www.iskreni.net\/trgovina\/wp-json\/wp\/v2\/vezava?post=82599"}],"curies":[{"name":"wp","href":"https:\/\/api.w.org\/{rel}","templated":true}]}}