{"id":81419,"date":"2025-01-09T10:31:12","date_gmt":"2025-01-09T09:31:12","guid":{"rendered":"https:\/\/www.iskreni.net\/trgovina\/?post_type=product&#038;p=81419"},"modified":"2026-04-17T14:02:51","modified_gmt":"2026-04-17T12:02:51","slug":"drzni-pustolovec","status":"publish","type":"product","link":"https:\/\/www.iskreni.net\/trgovina\/product\/drzni-pustolovec\/","title":{"rendered":"Drzni pustolovec"},"content":{"rendered":"","protected":false},"excerpt":{"rendered":"<p>Delavnica je namenjena o\u010detom in njihovim sinovom, ki so na pragu pubertete, torej nekje <strong>med 9. in 12. letom starosti<\/strong>. Namen delavnice je, da o\u010detje in sinovi odkrijete nove na\u010dine za medsebojno komunikacijo, deljenje izku\u0161enj in izgradnjo zaupanja. Skupni trenutki zabave in u\u010denja okrepijo vajin odnos ter vama omogo\u010dijo ustvarjanje trajnih spominov in globlje razumevanje drug drugega.<\/p>\n<p><span style=\"font-weight: 400;\">Delavnica je zasnovana tako, kot se za pustolovce spodobi: ne bo vama treba sedeti pri miru, ampak bosta prek \u0161tevilnih skupnih aktivnosti na prostem na spro\u0161\u010den na\u010din na\u0161la ogromno tem za pogovor. <strong>Fantje se namre\u010d med dejavnostmi veliko la\u017eje odprejo in pogovarjajo o stvareh, ki jih kar tako ne bi povedali.<\/strong><\/span><\/p>\n<p><span style=\"color: #e22700;\"><strong>Pogoji udele\u017ebe: <\/strong>Prijava je zaklju\u010dena s pla\u010dilom delavnice. S prijavo se strinjate s pogoji udele\u017ebe. Delavnice se udele\u017ei o\u010de z enim sinom. Delavnica <em>Drzni pustolovec<\/em> je zasnovana aktivno in se izvaja na prostem, zato vas prosimo, da poskrbite za svojo in sinovo varnost ter varnost vseh drugih udele\u017eencev. <strong>Udele\u017eba delavnice je na lastno odgovornost.<\/strong><\/span><\/p>\n<div><em>\u010ce se vama zgodi, da se <strong>delavnice zaradi nepredvidljivih razlogov (npr. bolezni) ne bosta mogla udele\u017eiti<\/strong>, vaju vabimo, da poi\u0161\u010deta zamenjavo in na dogodek povabita katerega od vajinih prijateljev in tako udele\u017ebo omogo\u010dita nekomu, ki za tak\u0161no delavnico morda sploh \u0161e ni sli\u0161al. \u010ce zamenjave res ne uspeta najti, pa lahko vajino prijavo (ob dopla\u010dilu 15 \u20ac) prenesemo na naslednji prost termin, ki vama ustreza. <strong>\u010ce odsotnosti ne sporo\u010dita in prijave z dopla\u010dilom ne preneseta na naslednji prosti termin, ki vama ustreza, vama prijavnina \u017eal zapade.\u00a0<\/strong><\/em><\/div>\n","protected":false},"featured_media":89482,"comment_status":"open","ping_status":"closed","template":"","meta":[],"product_brand":[],"product_cat":[1184],"product_tag":[2869],"avtor":[],"zalozba":[],"vezava":[],"class_list":{"0":"post-81419","1":"product","2":"type-product","3":"status-publish","4":"has-post-thumbnail","6":"product_cat-programi","7":"product_tag-drzni-pustolovec","8":"wcpa_has_options","10":"first","11":"instock","12":"sold-individually","13":"taxable","14":"shipping-taxable","15":"purchasable","16":"product-type-variable"},"yoast_head":"<!-- This site is optimized with the Yoast SEO plugin v26.3 - https:\/\/yoast.com\/wordpress\/plugins\/seo\/ -->\n<title>Drzni pustolovec - Zavod Iskreni<\/title>\n<meta name=\"description\" content=\"Drzni pustolovec je delavnica za fante, stare od 9 do 12 let, in njihove o\u010dete, kjer imata enkratno prilo\u017enost za nemoteno mo\u0161ko dru\u017eenje in povezovanje.\" \/>\n<meta name=\"robots\" content=\"index, follow, max-snippet:-1, max-image-preview:large, max-video-preview:-1\" \/>\n<link rel=\"canonical\" href=\"https:\/\/www.iskreni.net\/trgovina\/product\/drzni-pustolovec\/\" \/>\n<meta property=\"og:locale\" content=\"sl_SI\" \/>\n<meta property=\"og:type\" content=\"article\" \/>\n<meta property=\"og:title\" content=\"Drzni pustolovec - Zavod Iskreni\" \/>\n<meta property=\"og:description\" content=\"Drzni pustolovec je delavnica za fante, stare od 9 do 12 let, in njihove o\u010dete, kjer imata enkratno prilo\u017enost za nemoteno mo\u0161ko dru\u017eenje in povezovanje.\" \/>\n<meta property=\"og:url\" content=\"https:\/\/www.iskreni.net\/trgovina\/product\/drzni-pustolovec\/\" \/>\n<meta property=\"og:site_name\" content=\"Zavod Iskreni\" \/>\n<meta property=\"article:modified_time\" content=\"2026-04-17T12:02:51+00:00\" \/>\n<meta property=\"og:image\" content=\"https:\/\/www.iskreni.net\/trgovina\/wp-content\/uploads\/2025\/01\/9-1.png\" \/>\n\t<meta property=\"og:image:width\" content=\"750\" \/>\n\t<meta property=\"og:image:height\" content=\"500\" \/>\n\t<meta property=\"og:image:type\" content=\"image\/png\" \/>\n<meta name=\"twitter:card\" content=\"summary_large_image\" \/>\n<meta name=\"twitter:label1\" content=\"Est. reading time\" \/>\n\t<meta name=\"twitter:data1\" content=\"1 minuta\" \/>\n<script type=\"application\/ld+json\" class=\"yoast-schema-graph\">{\"@context\":\"https:\/\/schema.org\",\"@graph\":[{\"@type\":\"WebPage\",\"@id\":\"https:\/\/www.iskreni.net\/trgovina\/product\/drzni-pustolovec\/\",\"url\":\"https:\/\/www.iskreni.net\/trgovina\/product\/drzni-pustolovec\/\",\"name\":\"Drzni pustolovec - Zavod Iskreni\",\"isPartOf\":{\"@id\":\"https:\/\/www.iskreni.net\/trgovina\/#website\"},\"primaryImageOfPage\":{\"@id\":\"https:\/\/www.iskreni.net\/trgovina\/product\/drzni-pustolovec\/#primaryimage\"},\"image\":{\"@id\":\"https:\/\/www.iskreni.net\/trgovina\/product\/drzni-pustolovec\/#primaryimage\"},\"thumbnailUrl\":\"https:\/\/www.iskreni.net\/trgovina\/wp-content\/uploads\/2025\/01\/9-1.png\",\"datePublished\":\"2025-01-09T09:31:12+00:00\",\"dateModified\":\"2026-04-17T12:02:51+00:00\",\"description\":\"Drzni pustolovec je delavnica za fante, stare od 9 do 12 let, in njihove o\u010dete, kjer imata enkratno prilo\u017enost za nemoteno mo\u0161ko dru\u017eenje in povezovanje.\",\"breadcrumb\":{\"@id\":\"https:\/\/www.iskreni.net\/trgovina\/product\/drzni-pustolovec\/#breadcrumb\"},\"inLanguage\":\"sl-SI\",\"potentialAction\":[{\"@type\":\"ReadAction\",\"target\":[\"https:\/\/www.iskreni.net\/trgovina\/product\/drzni-pustolovec\/\"]}]},{\"@type\":\"ImageObject\",\"inLanguage\":\"sl-SI\",\"@id\":\"https:\/\/www.iskreni.net\/trgovina\/product\/drzni-pustolovec\/#primaryimage\",\"url\":\"https:\/\/www.iskreni.net\/trgovina\/wp-content\/uploads\/2025\/01\/9-1.png\",\"contentUrl\":\"https:\/\/www.iskreni.net\/trgovina\/wp-content\/uploads\/2025\/01\/9-1.png\",\"width\":750,\"height\":500},{\"@type\":\"BreadcrumbList\",\"@id\":\"https:\/\/www.iskreni.net\/trgovina\/product\/drzni-pustolovec\/#breadcrumb\",\"itemListElement\":[{\"@type\":\"ListItem\",\"position\":1,\"name\":\"Home\",\"item\":\"https:\/\/www.iskreni.net\/trgovina\/\"},{\"@type\":\"ListItem\",\"position\":2,\"name\":\"Trgovina\",\"item\":\"https:\/\/www.iskreni.net\/trgovina\/trgovina\/\"},{\"@type\":\"ListItem\",\"position\":3,\"name\":\"Drzni pustolovec\"}]},{\"@type\":\"WebSite\",\"@id\":\"https:\/\/www.iskreni.net\/trgovina\/#website\",\"url\":\"https:\/\/www.iskreni.net\/trgovina\/\",\"name\":\"Zavod Iskreni\",\"description\":\"trgovina\",\"potentialAction\":[{\"@type\":\"SearchAction\",\"target\":{\"@type\":\"EntryPoint\",\"urlTemplate\":\"https:\/\/www.iskreni.net\/trgovina\/?s={search_term_string}\"},\"query-input\":{\"@type\":\"PropertyValueSpecification\",\"valueRequired\":true,\"valueName\":\"search_term_string\"}}],\"inLanguage\":\"sl-SI\"}]}<\/script>\n<!-- \/ Yoast SEO plugin. -->","yoast_head_json":{"title":"Drzni pustolovec - Zavod Iskreni","description":"Drzni pustolovec je delavnica za fante, stare od 9 do 12 let, in njihove o\u010dete, kjer imata enkratno prilo\u017enost za nemoteno mo\u0161ko dru\u017eenje in povezovanje.","robots":{"index":"index","follow":"follow","max-snippet":"max-snippet:-1","max-image-preview":"max-image-preview:large","max-video-preview":"max-video-preview:-1"},"canonical":"https:\/\/www.iskreni.net\/trgovina\/product\/drzni-pustolovec\/","og_locale":"sl_SI","og_type":"article","og_title":"Drzni pustolovec - Zavod Iskreni","og_description":"Drzni pustolovec je delavnica za fante, stare od 9 do 12 let, in njihove o\u010dete, kjer imata enkratno prilo\u017enost za nemoteno mo\u0161ko dru\u017eenje in povezovanje.","og_url":"https:\/\/www.iskreni.net\/trgovina\/product\/drzni-pustolovec\/","og_site_name":"Zavod Iskreni","article_modified_time":"2026-04-17T12:02:51+00:00","og_image":[{"width":750,"height":500,"url":"https:\/\/www.iskreni.net\/trgovina\/wp-content\/uploads\/2025\/01\/9-1.png","type":"image\/png"}],"twitter_card":"summary_large_image","twitter_misc":{"Est. reading time":"1 minuta"},"schema":{"@context":"https:\/\/schema.org","@graph":[{"@type":"WebPage","@id":"https:\/\/www.iskreni.net\/trgovina\/product\/drzni-pustolovec\/","url":"https:\/\/www.iskreni.net\/trgovina\/product\/drzni-pustolovec\/","name":"Drzni pustolovec - Zavod Iskreni","isPartOf":{"@id":"https:\/\/www.iskreni.net\/trgovina\/#website"},"primaryImageOfPage":{"@id":"https:\/\/www.iskreni.net\/trgovina\/product\/drzni-pustolovec\/#primaryimage"},"image":{"@id":"https:\/\/www.iskreni.net\/trgovina\/product\/drzni-pustolovec\/#primaryimage"},"thumbnailUrl":"https:\/\/www.iskreni.net\/trgovina\/wp-content\/uploads\/2025\/01\/9-1.png","datePublished":"2025-01-09T09:31:12+00:00","dateModified":"2026-04-17T12:02:51+00:00","description":"Drzni pustolovec je delavnica za fante, stare od 9 do 12 let, in njihove o\u010dete, kjer imata enkratno prilo\u017enost za nemoteno mo\u0161ko dru\u017eenje in povezovanje.","breadcrumb":{"@id":"https:\/\/www.iskreni.net\/trgovina\/product\/drzni-pustolovec\/#breadcrumb"},"inLanguage":"sl-SI","potentialAction":[{"@type":"ReadAction","target":["https:\/\/www.iskreni.net\/trgovina\/product\/drzni-pustolovec\/"]}]},{"@type":"ImageObject","inLanguage":"sl-SI","@id":"https:\/\/www.iskreni.net\/trgovina\/product\/drzni-pustolovec\/#primaryimage","url":"https:\/\/www.iskreni.net\/trgovina\/wp-content\/uploads\/2025\/01\/9-1.png","contentUrl":"https:\/\/www.iskreni.net\/trgovina\/wp-content\/uploads\/2025\/01\/9-1.png","width":750,"height":500},{"@type":"BreadcrumbList","@id":"https:\/\/www.iskreni.net\/trgovina\/product\/drzni-pustolovec\/#breadcrumb","itemListElement":[{"@type":"ListItem","position":1,"name":"Home","item":"https:\/\/www.iskreni.net\/trgovina\/"},{"@type":"ListItem","position":2,"name":"Trgovina","item":"https:\/\/www.iskreni.net\/trgovina\/trgovina\/"},{"@type":"ListItem","position":3,"name":"Drzni pustolovec"}]},{"@type":"WebSite","@id":"https:\/\/www.iskreni.net\/trgovina\/#website","url":"https:\/\/www.iskreni.net\/trgovina\/","name":"Zavod Iskreni","description":"trgovina","potentialAction":[{"@type":"SearchAction","target":{"@type":"EntryPoint","urlTemplate":"https:\/\/www.iskreni.net\/trgovina\/?s={search_term_string}"},"query-input":{"@type":"PropertyValueSpecification","valueRequired":true,"valueName":"search_term_string"}}],"inLanguage":"sl-SI"}]}},"_links":{"self":[{"href":"https:\/\/www.iskreni.net\/trgovina\/wp-json\/wp\/v2\/product\/81419","targetHints":{"allow":["GET"]}}],"collection":[{"href":"https:\/\/www.iskreni.net\/trgovina\/wp-json\/wp\/v2\/product"}],"about":[{"href":"https:\/\/www.iskreni.net\/trgovina\/wp-json\/wp\/v2\/types\/product"}],"replies":[{"embeddable":true,"href":"https:\/\/www.iskreni.net\/trgovina\/wp-json\/wp\/v2\/comments?post=81419"}],"version-history":[{"count":8,"href":"https:\/\/www.iskreni.net\/trgovina\/wp-json\/wp\/v2\/product\/81419\/revisions"}],"predecessor-version":[{"id":89491,"href":"https:\/\/www.iskreni.net\/trgovina\/wp-json\/wp\/v2\/product\/81419\/revisions\/89491"}],"wp:featuredmedia":[{"embeddable":true,"href":"https:\/\/www.iskreni.net\/trgovina\/wp-json\/wp\/v2\/media\/89482"}],"wp:attachment":[{"href":"https:\/\/www.iskreni.net\/trgovina\/wp-json\/wp\/v2\/media?parent=81419"}],"wp:term":[{"taxonomy":"product_brand","embeddable":true,"href":"https:\/\/www.iskreni.net\/trgovina\/wp-json\/wp\/v2\/product_brand?post=81419"},{"taxonomy":"product_cat","embeddable":true,"href":"https:\/\/www.iskreni.net\/trgovina\/wp-json\/wp\/v2\/product_cat?post=81419"},{"taxonomy":"product_tag","embeddable":true,"href":"https:\/\/www.iskreni.net\/trgovina\/wp-json\/wp\/v2\/product_tag?post=81419"},{"taxonomy":"avtor","embeddable":true,"href":"https:\/\/www.iskreni.net\/trgovina\/wp-json\/wp\/v2\/avtor?post=81419"},{"taxonomy":"zalozba","embeddable":true,"href":"https:\/\/www.iskreni.net\/trgovina\/wp-json\/wp\/v2\/zalozba?post=81419"},{"taxonomy":"vezava","embeddable":true,"href":"https:\/\/www.iskreni.net\/trgovina\/wp-json\/wp\/v2\/vezava?post=81419"}],"curies":[{"name":"wp","href":"https:\/\/api.w.org\/{rel}","templated":true}]}}