{"id":80668,"date":"2024-11-18T15:50:04","date_gmt":"2024-11-18T14:50:04","guid":{"rendered":"https:\/\/www.iskreni.net\/trgovina\/?post_type=product&#038;p=80668"},"modified":"2024-11-18T16:02:14","modified_gmt":"2024-11-18T15:02:14","slug":"zmagovalna-kombinacija-skrivnostne-sestavine-investiranja","status":"publish","type":"product","link":"https:\/\/www.iskreni.net\/trgovina\/product\/zmagovalna-kombinacija-skrivnostne-sestavine-investiranja\/","title":{"rendered":"Zmagovalna kombinacija: Skrivnostne sestavine investiranja"},"content":{"rendered":"<h4 class=\"subtitle name\">O knjigi Skrivnostne sestavine investiranja:<\/h4>\n<p>Se \u017eelite podati na pot investiranja, a ne veste, kje za\u010deti? Knjiga Zmagovalna kombinacija 2: Skrivnostne sestavine investiranja je idealen vodi\u010d za vse, ki si \u017eelite razumeti osnove in skrivnosti uspe\u0161nega investiranja. Avtor Mitja Vezovi\u0161ek, izku\u0161en finan\u010dni svetovalec, vas bo popeljal skozi klju\u010dne korake in pravila, ki jih morate upo\u0161tevati, da bi svoje nalo\u017ebe pametno upravljali in dosegli finan\u010dno neodvisnost.<\/p>\n<p>&nbsp;<\/p>\n<p>V knjigi boste izvedeli:<\/p>\n<ul>\n<li>kdaj ste pripravljeni vstopiti v svet investiranja in kaj morate narediti, preden vlo\u017eite prvi evro,<\/li>\n<li>kako zgraditi stabilen nalo\u017ebeni portfelj s pomo\u010djo sistema 3VD,<\/li>\n<li>katere so klju\u010dne napake, ki se jim morate izogniti, in zakaj tudi izku\u0161eni investitorji poi\u0161\u010dejo pomo\u010d,<\/li>\n<li>kako se pripraviti na gospodarske spremembe in narediti letni rebalans svojih nalo\u017eb,<\/li>\n<li>kaj je FIRE (finan\u010dna neodvisnost in pred\u010dasna upokojitev) in kako jo dose\u010di.<\/li>\n<li>S prakti\u010dnimi primeri, jasnimi pravili in dognanimi strategijami vas bo knjiga korak za korakom pripeljala do uspe\u0161nega investiranja brez la\u017enih obljub, a z zagotovljenim uspehom na dolgi rok.<\/li>\n<\/ul>\n<p>Investiranje ni ve\u010d skrivnost \u2013 osvojite ga z Zmagovalno kombinacijo!<\/p>\n<p>&nbsp;<\/p>\n","protected":false},"excerpt":{"rendered":"<p><strong>Leto izida: <\/strong>2024<br \/>\n<strong>\u0160tevilo strani<\/strong>: 164<br \/>\n<strong>Dimenzije<\/strong>: 195 mm x 135 mm<\/p>\n<p>&nbsp;<\/p>\n","protected":false},"featured_media":80671,"comment_status":"open","ping_status":"closed","template":"","meta":[],"product_brand":[],"product_cat":[2327,63],"product_tag":[],"avtor":[2863],"zalozba":[2862],"vezava":[2306],"class_list":{"0":"post-80668","1":"product","2":"type-product","3":"status-publish","4":"has-post-thumbnail","6":"product_cat-prirocniki-in-vodniki","7":"product_cat-knjige","8":"avtor-mitja-vezovisek","9":"zalozba-vezovisek-partnerji","10":"vezava-trda","12":"first","13":"instock","14":"taxable","15":"shipping-taxable","16":"purchasable","17":"product-type-simple"},"yoast_head":"<!-- This site is optimized with the Yoast SEO plugin v26.3 - https:\/\/yoast.com\/wordpress\/plugins\/seo\/ -->\n<title>Skrivnostne sestavine investiranja - trgovina Iskreni<\/title>\n<meta name=\"description\" content=\"Se \u017eelite podati na pot investiranja, a ne veste, kje za\u010deti? Knjiga Zmagovalna kombinacija 2: Skrivnostne sestavine investiranja je idealen vodi\u010d za vse, ki si \u017eelite razumeti osnove in skrivnosti uspe\u0161nega investiranja.\" \/>\n<meta name=\"robots\" content=\"index, follow, max-snippet:-1, max-image-preview:large, max-video-preview:-1\" \/>\n<link rel=\"canonical\" href=\"https:\/\/www.iskreni.net\/trgovina\/product\/zmagovalna-kombinacija-skrivnostne-sestavine-investiranja\/\" \/>\n<meta property=\"og:locale\" content=\"sl_SI\" \/>\n<meta property=\"og:type\" content=\"article\" \/>\n<meta property=\"og:title\" content=\"Skrivnostne sestavine investiranja\" \/>\n<meta property=\"og:description\" content=\"Se \u017eelite podati na pot investiranja, a ne veste, kje za\u010deti? Knjiga Zmagovalna kombinacija 2: Skrivnostne sestavine investiranja je idealen vodi\u010d za vse, ki si \u017eelite razumeti osnove in skrivnosti uspe\u0161nega investiranja\" \/>\n<meta property=\"og:url\" content=\"https:\/\/www.iskreni.net\/trgovina\/product\/zmagovalna-kombinacija-skrivnostne-sestavine-investiranja\/\" \/>\n<meta property=\"og:site_name\" content=\"Zavod Iskreni\" \/>\n<meta property=\"article:modified_time\" content=\"2024-11-18T15:02:14+00:00\" \/>\n<meta property=\"og:image\" content=\"https:\/\/www.iskreni.net\/trgovina\/wp-content\/uploads\/2024\/11\/Slike-za-v-spletno-trgovino-2024-11-18T155852.260.jpg\" \/>\n\t<meta property=\"og:image:width\" content=\"600\" \/>\n\t<meta property=\"og:image:height\" content=\"600\" \/>\n\t<meta property=\"og:image:type\" content=\"image\/jpeg\" \/>\n<meta name=\"twitter:card\" content=\"summary_large_image\" \/>\n<meta name=\"twitter:label1\" content=\"Est. reading time\" \/>\n\t<meta name=\"twitter:data1\" content=\"2 minuti\" \/>\n<script type=\"application\/ld+json\" class=\"yoast-schema-graph\">{\"@context\":\"https:\/\/schema.org\",\"@graph\":[{\"@type\":\"WebPage\",\"@id\":\"https:\/\/www.iskreni.net\/trgovina\/product\/zmagovalna-kombinacija-skrivnostne-sestavine-investiranja\/\",\"url\":\"https:\/\/www.iskreni.net\/trgovina\/product\/zmagovalna-kombinacija-skrivnostne-sestavine-investiranja\/\",\"name\":\"Skrivnostne sestavine investiranja - trgovina Iskreni\",\"isPartOf\":{\"@id\":\"https:\/\/www.iskreni.net\/trgovina\/#website\"},\"primaryImageOfPage\":{\"@id\":\"https:\/\/www.iskreni.net\/trgovina\/product\/zmagovalna-kombinacija-skrivnostne-sestavine-investiranja\/#primaryimage\"},\"image\":{\"@id\":\"https:\/\/www.iskreni.net\/trgovina\/product\/zmagovalna-kombinacija-skrivnostne-sestavine-investiranja\/#primaryimage\"},\"thumbnailUrl\":\"https:\/\/www.iskreni.net\/trgovina\/wp-content\/uploads\/2024\/11\/Slike-za-v-spletno-trgovino-2024-11-18T155852.260.jpg\",\"datePublished\":\"2024-11-18T14:50:04+00:00\",\"dateModified\":\"2024-11-18T15:02:14+00:00\",\"description\":\"Se \u017eelite podati na pot investiranja, a ne veste, kje za\u010deti? Knjiga Zmagovalna kombinacija 2: Skrivnostne sestavine investiranja je idealen vodi\u010d za vse, ki si \u017eelite razumeti osnove in skrivnosti uspe\u0161nega investiranja.\",\"breadcrumb\":{\"@id\":\"https:\/\/www.iskreni.net\/trgovina\/product\/zmagovalna-kombinacija-skrivnostne-sestavine-investiranja\/#breadcrumb\"},\"inLanguage\":\"sl-SI\",\"potentialAction\":[{\"@type\":\"ReadAction\",\"target\":[\"https:\/\/www.iskreni.net\/trgovina\/product\/zmagovalna-kombinacija-skrivnostne-sestavine-investiranja\/\"]}]},{\"@type\":\"ImageObject\",\"inLanguage\":\"sl-SI\",\"@id\":\"https:\/\/www.iskreni.net\/trgovina\/product\/zmagovalna-kombinacija-skrivnostne-sestavine-investiranja\/#primaryimage\",\"url\":\"https:\/\/www.iskreni.net\/trgovina\/wp-content\/uploads\/2024\/11\/Slike-za-v-spletno-trgovino-2024-11-18T155852.260.jpg\",\"contentUrl\":\"https:\/\/www.iskreni.net\/trgovina\/wp-content\/uploads\/2024\/11\/Slike-za-v-spletno-trgovino-2024-11-18T155852.260.jpg\",\"width\":600,\"height\":600},{\"@type\":\"BreadcrumbList\",\"@id\":\"https:\/\/www.iskreni.net\/trgovina\/product\/zmagovalna-kombinacija-skrivnostne-sestavine-investiranja\/#breadcrumb\",\"itemListElement\":[{\"@type\":\"ListItem\",\"position\":1,\"name\":\"Home\",\"item\":\"https:\/\/www.iskreni.net\/trgovina\/\"},{\"@type\":\"ListItem\",\"position\":2,\"name\":\"Trgovina\",\"item\":\"https:\/\/www.iskreni.net\/trgovina\/trgovina\/\"},{\"@type\":\"ListItem\",\"position\":3,\"name\":\"Zmagovalna kombinacija: Skrivnostne sestavine investiranja\"}]},{\"@type\":\"WebSite\",\"@id\":\"https:\/\/www.iskreni.net\/trgovina\/#website\",\"url\":\"https:\/\/www.iskreni.net\/trgovina\/\",\"name\":\"Zavod Iskreni\",\"description\":\"trgovina\",\"potentialAction\":[{\"@type\":\"SearchAction\",\"target\":{\"@type\":\"EntryPoint\",\"urlTemplate\":\"https:\/\/www.iskreni.net\/trgovina\/?s={search_term_string}\"},\"query-input\":{\"@type\":\"PropertyValueSpecification\",\"valueRequired\":true,\"valueName\":\"search_term_string\"}}],\"inLanguage\":\"sl-SI\"}]}<\/script>\n<!-- \/ Yoast SEO plugin. -->","yoast_head_json":{"title":"Skrivnostne sestavine investiranja - trgovina Iskreni","description":"Se \u017eelite podati na pot investiranja, a ne veste, kje za\u010deti? Knjiga Zmagovalna kombinacija 2: Skrivnostne sestavine investiranja je idealen vodi\u010d za vse, ki si \u017eelite razumeti osnove in skrivnosti uspe\u0161nega investiranja.","robots":{"index":"index","follow":"follow","max-snippet":"max-snippet:-1","max-image-preview":"max-image-preview:large","max-video-preview":"max-video-preview:-1"},"canonical":"https:\/\/www.iskreni.net\/trgovina\/product\/zmagovalna-kombinacija-skrivnostne-sestavine-investiranja\/","og_locale":"sl_SI","og_type":"article","og_title":"Skrivnostne sestavine investiranja","og_description":"Se \u017eelite podati na pot investiranja, a ne veste, kje za\u010deti? Knjiga Zmagovalna kombinacija 2: Skrivnostne sestavine investiranja je idealen vodi\u010d za vse, ki si \u017eelite razumeti osnove in skrivnosti uspe\u0161nega investiranja","og_url":"https:\/\/www.iskreni.net\/trgovina\/product\/zmagovalna-kombinacija-skrivnostne-sestavine-investiranja\/","og_site_name":"Zavod Iskreni","article_modified_time":"2024-11-18T15:02:14+00:00","og_image":[{"width":600,"height":600,"url":"https:\/\/www.iskreni.net\/trgovina\/wp-content\/uploads\/2024\/11\/Slike-za-v-spletno-trgovino-2024-11-18T155852.260.jpg","type":"image\/jpeg"}],"twitter_card":"summary_large_image","twitter_misc":{"Est. reading time":"2 minuti"},"schema":{"@context":"https:\/\/schema.org","@graph":[{"@type":"WebPage","@id":"https:\/\/www.iskreni.net\/trgovina\/product\/zmagovalna-kombinacija-skrivnostne-sestavine-investiranja\/","url":"https:\/\/www.iskreni.net\/trgovina\/product\/zmagovalna-kombinacija-skrivnostne-sestavine-investiranja\/","name":"Skrivnostne sestavine investiranja - trgovina Iskreni","isPartOf":{"@id":"https:\/\/www.iskreni.net\/trgovina\/#website"},"primaryImageOfPage":{"@id":"https:\/\/www.iskreni.net\/trgovina\/product\/zmagovalna-kombinacija-skrivnostne-sestavine-investiranja\/#primaryimage"},"image":{"@id":"https:\/\/www.iskreni.net\/trgovina\/product\/zmagovalna-kombinacija-skrivnostne-sestavine-investiranja\/#primaryimage"},"thumbnailUrl":"https:\/\/www.iskreni.net\/trgovina\/wp-content\/uploads\/2024\/11\/Slike-za-v-spletno-trgovino-2024-11-18T155852.260.jpg","datePublished":"2024-11-18T14:50:04+00:00","dateModified":"2024-11-18T15:02:14+00:00","description":"Se \u017eelite podati na pot investiranja, a ne veste, kje za\u010deti? Knjiga Zmagovalna kombinacija 2: Skrivnostne sestavine investiranja je idealen vodi\u010d za vse, ki si \u017eelite razumeti osnove in skrivnosti uspe\u0161nega investiranja.","breadcrumb":{"@id":"https:\/\/www.iskreni.net\/trgovina\/product\/zmagovalna-kombinacija-skrivnostne-sestavine-investiranja\/#breadcrumb"},"inLanguage":"sl-SI","potentialAction":[{"@type":"ReadAction","target":["https:\/\/www.iskreni.net\/trgovina\/product\/zmagovalna-kombinacija-skrivnostne-sestavine-investiranja\/"]}]},{"@type":"ImageObject","inLanguage":"sl-SI","@id":"https:\/\/www.iskreni.net\/trgovina\/product\/zmagovalna-kombinacija-skrivnostne-sestavine-investiranja\/#primaryimage","url":"https:\/\/www.iskreni.net\/trgovina\/wp-content\/uploads\/2024\/11\/Slike-za-v-spletno-trgovino-2024-11-18T155852.260.jpg","contentUrl":"https:\/\/www.iskreni.net\/trgovina\/wp-content\/uploads\/2024\/11\/Slike-za-v-spletno-trgovino-2024-11-18T155852.260.jpg","width":600,"height":600},{"@type":"BreadcrumbList","@id":"https:\/\/www.iskreni.net\/trgovina\/product\/zmagovalna-kombinacija-skrivnostne-sestavine-investiranja\/#breadcrumb","itemListElement":[{"@type":"ListItem","position":1,"name":"Home","item":"https:\/\/www.iskreni.net\/trgovina\/"},{"@type":"ListItem","position":2,"name":"Trgovina","item":"https:\/\/www.iskreni.net\/trgovina\/trgovina\/"},{"@type":"ListItem","position":3,"name":"Zmagovalna kombinacija: Skrivnostne sestavine investiranja"}]},{"@type":"WebSite","@id":"https:\/\/www.iskreni.net\/trgovina\/#website","url":"https:\/\/www.iskreni.net\/trgovina\/","name":"Zavod Iskreni","description":"trgovina","potentialAction":[{"@type":"SearchAction","target":{"@type":"EntryPoint","urlTemplate":"https:\/\/www.iskreni.net\/trgovina\/?s={search_term_string}"},"query-input":{"@type":"PropertyValueSpecification","valueRequired":true,"valueName":"search_term_string"}}],"inLanguage":"sl-SI"}]}},"_links":{"self":[{"href":"https:\/\/www.iskreni.net\/trgovina\/wp-json\/wp\/v2\/product\/80668","targetHints":{"allow":["GET"]}}],"collection":[{"href":"https:\/\/www.iskreni.net\/trgovina\/wp-json\/wp\/v2\/product"}],"about":[{"href":"https:\/\/www.iskreni.net\/trgovina\/wp-json\/wp\/v2\/types\/product"}],"replies":[{"embeddable":true,"href":"https:\/\/www.iskreni.net\/trgovina\/wp-json\/wp\/v2\/comments?post=80668"}],"version-history":[{"count":2,"href":"https:\/\/www.iskreni.net\/trgovina\/wp-json\/wp\/v2\/product\/80668\/revisions"}],"predecessor-version":[{"id":80672,"href":"https:\/\/www.iskreni.net\/trgovina\/wp-json\/wp\/v2\/product\/80668\/revisions\/80672"}],"wp:featuredmedia":[{"embeddable":true,"href":"https:\/\/www.iskreni.net\/trgovina\/wp-json\/wp\/v2\/media\/80671"}],"wp:attachment":[{"href":"https:\/\/www.iskreni.net\/trgovina\/wp-json\/wp\/v2\/media?parent=80668"}],"wp:term":[{"taxonomy":"product_brand","embeddable":true,"href":"https:\/\/www.iskreni.net\/trgovina\/wp-json\/wp\/v2\/product_brand?post=80668"},{"taxonomy":"product_cat","embeddable":true,"href":"https:\/\/www.iskreni.net\/trgovina\/wp-json\/wp\/v2\/product_cat?post=80668"},{"taxonomy":"product_tag","embeddable":true,"href":"https:\/\/www.iskreni.net\/trgovina\/wp-json\/wp\/v2\/product_tag?post=80668"},{"taxonomy":"avtor","embeddable":true,"href":"https:\/\/www.iskreni.net\/trgovina\/wp-json\/wp\/v2\/avtor?post=80668"},{"taxonomy":"zalozba","embeddable":true,"href":"https:\/\/www.iskreni.net\/trgovina\/wp-json\/wp\/v2\/zalozba?post=80668"},{"taxonomy":"vezava","embeddable":true,"href":"https:\/\/www.iskreni.net\/trgovina\/wp-json\/wp\/v2\/vezava?post=80668"}],"curies":[{"name":"wp","href":"https:\/\/api.w.org\/{rel}","templated":true}]}}