{"id":80664,"date":"2024-11-18T15:42:26","date_gmt":"2024-11-18T14:42:26","guid":{"rendered":"https:\/\/www.iskreni.net\/trgovina\/?post_type=product&#038;p=80664"},"modified":"2024-11-18T15:49:27","modified_gmt":"2024-11-18T14:49:27","slug":"zmagovalna-kombinacija-kako-do-mocnih-financnih-temeljev","status":"publish","type":"product","link":"https:\/\/www.iskreni.net\/trgovina\/product\/zmagovalna-kombinacija-kako-do-mocnih-financnih-temeljev\/","title":{"rendered":"Zmagovalna kombinacija: Kako do mo\u010dnih finan\u010dnih temeljev"},"content":{"rendered":"<h4 class=\"subtitle name\">O knjigi Kako do mo\u010dnih finan\u010dnih temeljev:<\/h4>\n<p>Ste pripravljeni postaviti trdne finan\u010dne temelje, ki vam bodo omogo\u010dili brezskrbno finan\u010dno prihodnost? Knjiga Zmagovalna kombinacija 1: Kako do mo\u010dnih finan\u010dnih temeljev je zasnovana prav za vas! Avtorica Ana Vezovi\u0161ek, strokovnjakinja s 25-letnimi izku\u0161njami na podro\u010dju osebnih financ, vam bo skozi preizku\u0161ene metode in resni\u010dne primere pomagala, da osvojite potrebna znanja in ve\u0161\u010dine za uspe\u0161no upravljanje va\u0161ih financ.<\/p>\n<p>&nbsp;<\/p>\n<p>V tej knjigi boste izvedeli:<\/p>\n<ul>\n<li>kako na\u0161i \u010dustveni vzorci vplivajo na finan\u010dne odlo\u010ditve,<\/li>\n<li>kako postaviti in nadzorovati osebni prora\u010dun ter kategorizirati izdatke,<\/li>\n<li>pomen odprtega finan\u010dnega dialoga v partnerstvu in kako premostiti nesoglasja,<\/li>\n<li>skrivnosti finan\u010dne discipline, avtomatizacije pla\u010dil in postavljanja finan\u010dnih ciljev.<\/li>\n<li>Poseben poudarek je namenjen preizku\u0161enemu sistemu 3VD, ki vam bo pomagal graditi trdne finan\u010dne temelje, hkrati pa boste odkrivali, kako dose\u010di pravo finan\u010dno brezskrbnost.<\/li>\n<\/ul>\n<p>Zmagovalna kombinacija za mo\u010dne finan\u010dne temelje vas \u010daka.<\/p>\n","protected":false},"excerpt":{"rendered":"<p><strong>Leto izida: <\/strong>2024<br \/>\n<strong>\u0160tevilo strani<\/strong>: 194<br \/>\n<strong>Dimenzije<\/strong>: 195 mm x 135 mm<\/p>\n<p>&nbsp;<\/p>\n","protected":false},"featured_media":80666,"comment_status":"open","ping_status":"closed","template":"","meta":[],"product_brand":[],"product_cat":[2327,63],"product_tag":[],"avtor":[2861],"zalozba":[2862],"vezava":[2306],"class_list":{"0":"post-80664","1":"product","2":"type-product","3":"status-publish","4":"has-post-thumbnail","6":"product_cat-prirocniki-in-vodniki","7":"product_cat-knjige","8":"avtor-ana-vezovisek","9":"zalozba-vezovisek-partnerji","10":"vezava-trda","12":"first","13":"instock","14":"taxable","15":"shipping-taxable","16":"purchasable","17":"product-type-simple"},"yoast_head":"<!-- This site is optimized with the Yoast SEO plugin v26.3 - https:\/\/yoast.com\/wordpress\/plugins\/seo\/ -->\n<title>Kako do mo\u010dnih finan\u010dnih temeljev- trgovina Iskreni<\/title>\n<meta name=\"description\" content=\"Ste pripravljeni postaviti trdne finan\u010dne temelje, ki vam bodo omogo\u010dili brezskrbno finan\u010dno prihodnost?\" \/>\n<meta name=\"robots\" content=\"index, follow, max-snippet:-1, max-image-preview:large, max-video-preview:-1\" \/>\n<link rel=\"canonical\" href=\"https:\/\/www.iskreni.net\/trgovina\/product\/zmagovalna-kombinacija-kako-do-mocnih-financnih-temeljev\/\" \/>\n<meta property=\"og:locale\" content=\"sl_SI\" \/>\n<meta property=\"og:type\" content=\"article\" \/>\n<meta property=\"og:title\" content=\"Kako do mo\u010dnih finan\u010dnih temeljev\" \/>\n<meta property=\"og:description\" content=\"Ste pripravljeni postaviti trdne finan\u010dne temelje, ki vam bodo omogo\u010dili brezskrbno finan\u010dno prihodnost?\" \/>\n<meta property=\"og:url\" content=\"https:\/\/www.iskreni.net\/trgovina\/product\/zmagovalna-kombinacija-kako-do-mocnih-financnih-temeljev\/\" \/>\n<meta property=\"og:site_name\" content=\"Zavod Iskreni\" \/>\n<meta property=\"article:modified_time\" content=\"2024-11-18T14:49:27+00:00\" \/>\n<meta property=\"og:image\" content=\"https:\/\/www.iskreni.net\/trgovina\/wp-content\/uploads\/2024\/11\/Slike-za-v-spletno-trgovino-2024-11-18T154514.675.jpg\" \/>\n\t<meta property=\"og:image:width\" content=\"600\" \/>\n\t<meta property=\"og:image:height\" content=\"600\" \/>\n\t<meta property=\"og:image:type\" content=\"image\/jpeg\" \/>\n<meta name=\"twitter:card\" content=\"summary_large_image\" \/>\n<meta name=\"twitter:label1\" content=\"Est. reading time\" \/>\n\t<meta name=\"twitter:data1\" content=\"1 minuta\" \/>\n<script type=\"application\/ld+json\" class=\"yoast-schema-graph\">{\"@context\":\"https:\/\/schema.org\",\"@graph\":[{\"@type\":\"WebPage\",\"@id\":\"https:\/\/www.iskreni.net\/trgovina\/product\/zmagovalna-kombinacija-kako-do-mocnih-financnih-temeljev\/\",\"url\":\"https:\/\/www.iskreni.net\/trgovina\/product\/zmagovalna-kombinacija-kako-do-mocnih-financnih-temeljev\/\",\"name\":\"Kako do mo\u010dnih finan\u010dnih temeljev- trgovina Iskreni\",\"isPartOf\":{\"@id\":\"https:\/\/www.iskreni.net\/trgovina\/#website\"},\"primaryImageOfPage\":{\"@id\":\"https:\/\/www.iskreni.net\/trgovina\/product\/zmagovalna-kombinacija-kako-do-mocnih-financnih-temeljev\/#primaryimage\"},\"image\":{\"@id\":\"https:\/\/www.iskreni.net\/trgovina\/product\/zmagovalna-kombinacija-kako-do-mocnih-financnih-temeljev\/#primaryimage\"},\"thumbnailUrl\":\"https:\/\/www.iskreni.net\/trgovina\/wp-content\/uploads\/2024\/11\/Slike-za-v-spletno-trgovino-2024-11-18T154514.675.jpg\",\"datePublished\":\"2024-11-18T14:42:26+00:00\",\"dateModified\":\"2024-11-18T14:49:27+00:00\",\"description\":\"Ste pripravljeni postaviti trdne finan\u010dne temelje, ki vam bodo omogo\u010dili brezskrbno finan\u010dno prihodnost?\",\"breadcrumb\":{\"@id\":\"https:\/\/www.iskreni.net\/trgovina\/product\/zmagovalna-kombinacija-kako-do-mocnih-financnih-temeljev\/#breadcrumb\"},\"inLanguage\":\"sl-SI\",\"potentialAction\":[{\"@type\":\"ReadAction\",\"target\":[\"https:\/\/www.iskreni.net\/trgovina\/product\/zmagovalna-kombinacija-kako-do-mocnih-financnih-temeljev\/\"]}]},{\"@type\":\"ImageObject\",\"inLanguage\":\"sl-SI\",\"@id\":\"https:\/\/www.iskreni.net\/trgovina\/product\/zmagovalna-kombinacija-kako-do-mocnih-financnih-temeljev\/#primaryimage\",\"url\":\"https:\/\/www.iskreni.net\/trgovina\/wp-content\/uploads\/2024\/11\/Slike-za-v-spletno-trgovino-2024-11-18T154514.675.jpg\",\"contentUrl\":\"https:\/\/www.iskreni.net\/trgovina\/wp-content\/uploads\/2024\/11\/Slike-za-v-spletno-trgovino-2024-11-18T154514.675.jpg\",\"width\":600,\"height\":600},{\"@type\":\"BreadcrumbList\",\"@id\":\"https:\/\/www.iskreni.net\/trgovina\/product\/zmagovalna-kombinacija-kako-do-mocnih-financnih-temeljev\/#breadcrumb\",\"itemListElement\":[{\"@type\":\"ListItem\",\"position\":1,\"name\":\"Home\",\"item\":\"https:\/\/www.iskreni.net\/trgovina\/\"},{\"@type\":\"ListItem\",\"position\":2,\"name\":\"Trgovina\",\"item\":\"https:\/\/www.iskreni.net\/trgovina\/trgovina\/\"},{\"@type\":\"ListItem\",\"position\":3,\"name\":\"Zmagovalna kombinacija: Kako do mo\u010dnih finan\u010dnih temeljev\"}]},{\"@type\":\"WebSite\",\"@id\":\"https:\/\/www.iskreni.net\/trgovina\/#website\",\"url\":\"https:\/\/www.iskreni.net\/trgovina\/\",\"name\":\"Zavod Iskreni\",\"description\":\"trgovina\",\"potentialAction\":[{\"@type\":\"SearchAction\",\"target\":{\"@type\":\"EntryPoint\",\"urlTemplate\":\"https:\/\/www.iskreni.net\/trgovina\/?s={search_term_string}\"},\"query-input\":{\"@type\":\"PropertyValueSpecification\",\"valueRequired\":true,\"valueName\":\"search_term_string\"}}],\"inLanguage\":\"sl-SI\"}]}<\/script>\n<!-- \/ Yoast SEO plugin. -->","yoast_head_json":{"title":"Kako do mo\u010dnih finan\u010dnih temeljev- trgovina Iskreni","description":"Ste pripravljeni postaviti trdne finan\u010dne temelje, ki vam bodo omogo\u010dili brezskrbno finan\u010dno prihodnost?","robots":{"index":"index","follow":"follow","max-snippet":"max-snippet:-1","max-image-preview":"max-image-preview:large","max-video-preview":"max-video-preview:-1"},"canonical":"https:\/\/www.iskreni.net\/trgovina\/product\/zmagovalna-kombinacija-kako-do-mocnih-financnih-temeljev\/","og_locale":"sl_SI","og_type":"article","og_title":"Kako do mo\u010dnih finan\u010dnih temeljev","og_description":"Ste pripravljeni postaviti trdne finan\u010dne temelje, ki vam bodo omogo\u010dili brezskrbno finan\u010dno prihodnost?","og_url":"https:\/\/www.iskreni.net\/trgovina\/product\/zmagovalna-kombinacija-kako-do-mocnih-financnih-temeljev\/","og_site_name":"Zavod Iskreni","article_modified_time":"2024-11-18T14:49:27+00:00","og_image":[{"width":600,"height":600,"url":"https:\/\/www.iskreni.net\/trgovina\/wp-content\/uploads\/2024\/11\/Slike-za-v-spletno-trgovino-2024-11-18T154514.675.jpg","type":"image\/jpeg"}],"twitter_card":"summary_large_image","twitter_misc":{"Est. reading time":"1 minuta"},"schema":{"@context":"https:\/\/schema.org","@graph":[{"@type":"WebPage","@id":"https:\/\/www.iskreni.net\/trgovina\/product\/zmagovalna-kombinacija-kako-do-mocnih-financnih-temeljev\/","url":"https:\/\/www.iskreni.net\/trgovina\/product\/zmagovalna-kombinacija-kako-do-mocnih-financnih-temeljev\/","name":"Kako do mo\u010dnih finan\u010dnih temeljev- trgovina Iskreni","isPartOf":{"@id":"https:\/\/www.iskreni.net\/trgovina\/#website"},"primaryImageOfPage":{"@id":"https:\/\/www.iskreni.net\/trgovina\/product\/zmagovalna-kombinacija-kako-do-mocnih-financnih-temeljev\/#primaryimage"},"image":{"@id":"https:\/\/www.iskreni.net\/trgovina\/product\/zmagovalna-kombinacija-kako-do-mocnih-financnih-temeljev\/#primaryimage"},"thumbnailUrl":"https:\/\/www.iskreni.net\/trgovina\/wp-content\/uploads\/2024\/11\/Slike-za-v-spletno-trgovino-2024-11-18T154514.675.jpg","datePublished":"2024-11-18T14:42:26+00:00","dateModified":"2024-11-18T14:49:27+00:00","description":"Ste pripravljeni postaviti trdne finan\u010dne temelje, ki vam bodo omogo\u010dili brezskrbno finan\u010dno prihodnost?","breadcrumb":{"@id":"https:\/\/www.iskreni.net\/trgovina\/product\/zmagovalna-kombinacija-kako-do-mocnih-financnih-temeljev\/#breadcrumb"},"inLanguage":"sl-SI","potentialAction":[{"@type":"ReadAction","target":["https:\/\/www.iskreni.net\/trgovina\/product\/zmagovalna-kombinacija-kako-do-mocnih-financnih-temeljev\/"]}]},{"@type":"ImageObject","inLanguage":"sl-SI","@id":"https:\/\/www.iskreni.net\/trgovina\/product\/zmagovalna-kombinacija-kako-do-mocnih-financnih-temeljev\/#primaryimage","url":"https:\/\/www.iskreni.net\/trgovina\/wp-content\/uploads\/2024\/11\/Slike-za-v-spletno-trgovino-2024-11-18T154514.675.jpg","contentUrl":"https:\/\/www.iskreni.net\/trgovina\/wp-content\/uploads\/2024\/11\/Slike-za-v-spletno-trgovino-2024-11-18T154514.675.jpg","width":600,"height":600},{"@type":"BreadcrumbList","@id":"https:\/\/www.iskreni.net\/trgovina\/product\/zmagovalna-kombinacija-kako-do-mocnih-financnih-temeljev\/#breadcrumb","itemListElement":[{"@type":"ListItem","position":1,"name":"Home","item":"https:\/\/www.iskreni.net\/trgovina\/"},{"@type":"ListItem","position":2,"name":"Trgovina","item":"https:\/\/www.iskreni.net\/trgovina\/trgovina\/"},{"@type":"ListItem","position":3,"name":"Zmagovalna kombinacija: Kako do mo\u010dnih finan\u010dnih temeljev"}]},{"@type":"WebSite","@id":"https:\/\/www.iskreni.net\/trgovina\/#website","url":"https:\/\/www.iskreni.net\/trgovina\/","name":"Zavod Iskreni","description":"trgovina","potentialAction":[{"@type":"SearchAction","target":{"@type":"EntryPoint","urlTemplate":"https:\/\/www.iskreni.net\/trgovina\/?s={search_term_string}"},"query-input":{"@type":"PropertyValueSpecification","valueRequired":true,"valueName":"search_term_string"}}],"inLanguage":"sl-SI"}]}},"_links":{"self":[{"href":"https:\/\/www.iskreni.net\/trgovina\/wp-json\/wp\/v2\/product\/80664","targetHints":{"allow":["GET"]}}],"collection":[{"href":"https:\/\/www.iskreni.net\/trgovina\/wp-json\/wp\/v2\/product"}],"about":[{"href":"https:\/\/www.iskreni.net\/trgovina\/wp-json\/wp\/v2\/types\/product"}],"replies":[{"embeddable":true,"href":"https:\/\/www.iskreni.net\/trgovina\/wp-json\/wp\/v2\/comments?post=80664"}],"version-history":[{"count":2,"href":"https:\/\/www.iskreni.net\/trgovina\/wp-json\/wp\/v2\/product\/80664\/revisions"}],"predecessor-version":[{"id":80667,"href":"https:\/\/www.iskreni.net\/trgovina\/wp-json\/wp\/v2\/product\/80664\/revisions\/80667"}],"wp:featuredmedia":[{"embeddable":true,"href":"https:\/\/www.iskreni.net\/trgovina\/wp-json\/wp\/v2\/media\/80666"}],"wp:attachment":[{"href":"https:\/\/www.iskreni.net\/trgovina\/wp-json\/wp\/v2\/media?parent=80664"}],"wp:term":[{"taxonomy":"product_brand","embeddable":true,"href":"https:\/\/www.iskreni.net\/trgovina\/wp-json\/wp\/v2\/product_brand?post=80664"},{"taxonomy":"product_cat","embeddable":true,"href":"https:\/\/www.iskreni.net\/trgovina\/wp-json\/wp\/v2\/product_cat?post=80664"},{"taxonomy":"product_tag","embeddable":true,"href":"https:\/\/www.iskreni.net\/trgovina\/wp-json\/wp\/v2\/product_tag?post=80664"},{"taxonomy":"avtor","embeddable":true,"href":"https:\/\/www.iskreni.net\/trgovina\/wp-json\/wp\/v2\/avtor?post=80664"},{"taxonomy":"zalozba","embeddable":true,"href":"https:\/\/www.iskreni.net\/trgovina\/wp-json\/wp\/v2\/zalozba?post=80664"},{"taxonomy":"vezava","embeddable":true,"href":"https:\/\/www.iskreni.net\/trgovina\/wp-json\/wp\/v2\/vezava?post=80664"}],"curies":[{"name":"wp","href":"https:\/\/api.w.org\/{rel}","templated":true}]}}