{"id":80587,"date":"2024-11-15T11:15:25","date_gmt":"2024-11-15T10:15:25","guid":{"rendered":"https:\/\/www.iskreni.net\/trgovina\/?post_type=product&#038;p=80587"},"modified":"2024-11-29T11:58:37","modified_gmt":"2024-11-29T10:58:37","slug":"spomin-na-svetnike","status":"publish","type":"product","link":"https:\/\/www.iskreni.net\/trgovina\/product\/spomin-na-svetnike\/","title":{"rendered":"Spomin na svetnike"},"content":{"rendered":"<p>Spomin na svetnike je obi\u010dajna igra spomina, a predstavljene osebe so vse prej kot obi\u010dajne. So namre\u010d kr\u0161\u010danski svetniki, ki so povezani s Slovenijo. Nekateri so bili po rodu Slovenci, drugi so na na\u0161ih tleh delovali, spet tretji so vplivali na na\u0161o zgodovino. Vsem pa je skupno to, da so zelo zaznamovali slovenski prostor in kr\u0161\u010danstvo v njem.<\/p>\n<p>Med igro boste spoznali 18 svetnic in svetnikov. Vsak od njih ima svojo zgodbo, ki je lahko zgled in navdih za na\u0161e \u017eivljenje. V prilo\u017eeni knji\u017eici so opisi svetnikov in njihovi klju\u010dni podatki. Prilo\u017eena so tudi navodila za razli\u010dne na\u010dine igre.<\/p>\n<p>Igra vsebuje 36 kartonskih plo\u0161\u010dic (18 parov) s podobami svetnikov in knji\u017eico z opisi vsakega izmed njih. Igra je shranjena v kartonski \u0161katli.<\/p>\n<p>V igri sodelujejo svetniki, kot so Ema Kr\u0161ka, Alojzij Grozde, Anton Vovk, Ciril in Metod, Janez Jane\u017e in mnogi drugi.<\/p>\n","protected":false},"excerpt":{"rendered":"<p>&nbsp;<\/p>\n<p>Spomin na svetnike je obi\u010dajna igra spomina, a predstavljene osebe so vse prej kot obi\u010dajne. So namre\u010d kr\u0161\u010danski svetniki, ki so povezani s Slovenijo. Igra vsebuje 36 kartonskih plo\u0161\u010dic (18 parov) s podobami svetnikov in knji\u017eico z opisi vsakega izmed njih.<\/p>\n","protected":false},"featured_media":80949,"comment_status":"open","ping_status":"closed","template":"","meta":[],"product_brand":[],"product_cat":[855],"product_tag":[578],"avtor":[],"zalozba":[],"vezava":[],"class_list":{"0":"post-80587","1":"product","2":"type-product","3":"status-publish","4":"has-post-thumbnail","6":"product_cat-druzabne-igre-ostala-ponudba","7":"product_tag-druzabna-igra","9":"first","10":"instock","11":"taxable","12":"shipping-taxable","13":"purchasable","14":"product-type-simple"},"yoast_head":"<!-- This site is optimized with the Yoast SEO plugin v26.3 - https:\/\/yoast.com\/wordpress\/plugins\/seo\/ -->\n<title>Spomin na svetnike - trgovina Iskreni<\/title>\n<meta name=\"description\" content=\"Spomin na svetnike je obi\u010dajna igra spomina, predstavljene osebe pa so vse prej kot obi\u010dajne. So kr\u0161\u010danski svetniki, ki so povezani s Slovenijo.\" \/>\n<meta name=\"robots\" content=\"index, follow, max-snippet:-1, max-image-preview:large, max-video-preview:-1\" \/>\n<link rel=\"canonical\" href=\"https:\/\/www.iskreni.net\/trgovina\/product\/spomin-na-svetnike\/\" \/>\n<meta property=\"og:locale\" content=\"sl_SI\" \/>\n<meta property=\"og:type\" content=\"article\" \/>\n<meta property=\"og:title\" content=\"Spomin na svetnike - trgovina Iskreni\" \/>\n<meta property=\"og:description\" content=\"Spomin na svetnike je obi\u010dajna igra spomina, predstavljene osebe pa so vse prej kot obi\u010dajne. So kr\u0161\u010danski svetniki, ki so povezani s Slovenijo.\" \/>\n<meta property=\"og:url\" content=\"https:\/\/www.iskreni.net\/trgovina\/product\/spomin-na-svetnike\/\" \/>\n<meta property=\"og:site_name\" content=\"Zavod Iskreni\" \/>\n<meta property=\"article:modified_time\" content=\"2024-11-29T10:58:37+00:00\" \/>\n<meta property=\"og:image\" content=\"https:\/\/www.iskreni.net\/trgovina\/wp-content\/uploads\/2024\/11\/Spomin_svetniki.jpg\" \/>\n\t<meta property=\"og:image:width\" content=\"800\" \/>\n\t<meta property=\"og:image:height\" content=\"800\" \/>\n\t<meta property=\"og:image:type\" content=\"image\/jpeg\" \/>\n<meta name=\"twitter:card\" content=\"summary_large_image\" \/>\n<meta name=\"twitter:label1\" content=\"Est. reading time\" \/>\n\t<meta name=\"twitter:data1\" content=\"1 minuta\" \/>\n<script type=\"application\/ld+json\" class=\"yoast-schema-graph\">{\"@context\":\"https:\/\/schema.org\",\"@graph\":[{\"@type\":\"WebPage\",\"@id\":\"https:\/\/www.iskreni.net\/trgovina\/product\/spomin-na-svetnike\/\",\"url\":\"https:\/\/www.iskreni.net\/trgovina\/product\/spomin-na-svetnike\/\",\"name\":\"Spomin na svetnike - trgovina Iskreni\",\"isPartOf\":{\"@id\":\"https:\/\/www.iskreni.net\/trgovina\/#website\"},\"primaryImageOfPage\":{\"@id\":\"https:\/\/www.iskreni.net\/trgovina\/product\/spomin-na-svetnike\/#primaryimage\"},\"image\":{\"@id\":\"https:\/\/www.iskreni.net\/trgovina\/product\/spomin-na-svetnike\/#primaryimage\"},\"thumbnailUrl\":\"https:\/\/www.iskreni.net\/trgovina\/wp-content\/uploads\/2024\/11\/Spomin_svetniki.jpg\",\"datePublished\":\"2024-11-15T10:15:25+00:00\",\"dateModified\":\"2024-11-29T10:58:37+00:00\",\"description\":\"Spomin na svetnike je obi\u010dajna igra spomina, predstavljene osebe pa so vse prej kot obi\u010dajne. So kr\u0161\u010danski svetniki, ki so povezani s Slovenijo.\",\"breadcrumb\":{\"@id\":\"https:\/\/www.iskreni.net\/trgovina\/product\/spomin-na-svetnike\/#breadcrumb\"},\"inLanguage\":\"sl-SI\",\"potentialAction\":[{\"@type\":\"ReadAction\",\"target\":[\"https:\/\/www.iskreni.net\/trgovina\/product\/spomin-na-svetnike\/\"]}]},{\"@type\":\"ImageObject\",\"inLanguage\":\"sl-SI\",\"@id\":\"https:\/\/www.iskreni.net\/trgovina\/product\/spomin-na-svetnike\/#primaryimage\",\"url\":\"https:\/\/www.iskreni.net\/trgovina\/wp-content\/uploads\/2024\/11\/Spomin_svetniki.jpg\",\"contentUrl\":\"https:\/\/www.iskreni.net\/trgovina\/wp-content\/uploads\/2024\/11\/Spomin_svetniki.jpg\",\"width\":800,\"height\":800,\"caption\":\"Spomin na svetnike\"},{\"@type\":\"BreadcrumbList\",\"@id\":\"https:\/\/www.iskreni.net\/trgovina\/product\/spomin-na-svetnike\/#breadcrumb\",\"itemListElement\":[{\"@type\":\"ListItem\",\"position\":1,\"name\":\"Home\",\"item\":\"https:\/\/www.iskreni.net\/trgovina\/\"},{\"@type\":\"ListItem\",\"position\":2,\"name\":\"Trgovina\",\"item\":\"https:\/\/www.iskreni.net\/trgovina\/trgovina\/\"},{\"@type\":\"ListItem\",\"position\":3,\"name\":\"Spomin na svetnike\"}]},{\"@type\":\"WebSite\",\"@id\":\"https:\/\/www.iskreni.net\/trgovina\/#website\",\"url\":\"https:\/\/www.iskreni.net\/trgovina\/\",\"name\":\"Zavod Iskreni\",\"description\":\"trgovina\",\"potentialAction\":[{\"@type\":\"SearchAction\",\"target\":{\"@type\":\"EntryPoint\",\"urlTemplate\":\"https:\/\/www.iskreni.net\/trgovina\/?s={search_term_string}\"},\"query-input\":{\"@type\":\"PropertyValueSpecification\",\"valueRequired\":true,\"valueName\":\"search_term_string\"}}],\"inLanguage\":\"sl-SI\"}]}<\/script>\n<!-- \/ Yoast SEO plugin. -->","yoast_head_json":{"title":"Spomin na svetnike - trgovina Iskreni","description":"Spomin na svetnike je obi\u010dajna igra spomina, predstavljene osebe pa so vse prej kot obi\u010dajne. So kr\u0161\u010danski svetniki, ki so povezani s Slovenijo.","robots":{"index":"index","follow":"follow","max-snippet":"max-snippet:-1","max-image-preview":"max-image-preview:large","max-video-preview":"max-video-preview:-1"},"canonical":"https:\/\/www.iskreni.net\/trgovina\/product\/spomin-na-svetnike\/","og_locale":"sl_SI","og_type":"article","og_title":"Spomin na svetnike - trgovina Iskreni","og_description":"Spomin na svetnike je obi\u010dajna igra spomina, predstavljene osebe pa so vse prej kot obi\u010dajne. So kr\u0161\u010danski svetniki, ki so povezani s Slovenijo.","og_url":"https:\/\/www.iskreni.net\/trgovina\/product\/spomin-na-svetnike\/","og_site_name":"Zavod Iskreni","article_modified_time":"2024-11-29T10:58:37+00:00","og_image":[{"width":800,"height":800,"url":"https:\/\/www.iskreni.net\/trgovina\/wp-content\/uploads\/2024\/11\/Spomin_svetniki.jpg","type":"image\/jpeg"}],"twitter_card":"summary_large_image","twitter_misc":{"Est. reading time":"1 minuta"},"schema":{"@context":"https:\/\/schema.org","@graph":[{"@type":"WebPage","@id":"https:\/\/www.iskreni.net\/trgovina\/product\/spomin-na-svetnike\/","url":"https:\/\/www.iskreni.net\/trgovina\/product\/spomin-na-svetnike\/","name":"Spomin na svetnike - trgovina Iskreni","isPartOf":{"@id":"https:\/\/www.iskreni.net\/trgovina\/#website"},"primaryImageOfPage":{"@id":"https:\/\/www.iskreni.net\/trgovina\/product\/spomin-na-svetnike\/#primaryimage"},"image":{"@id":"https:\/\/www.iskreni.net\/trgovina\/product\/spomin-na-svetnike\/#primaryimage"},"thumbnailUrl":"https:\/\/www.iskreni.net\/trgovina\/wp-content\/uploads\/2024\/11\/Spomin_svetniki.jpg","datePublished":"2024-11-15T10:15:25+00:00","dateModified":"2024-11-29T10:58:37+00:00","description":"Spomin na svetnike je obi\u010dajna igra spomina, predstavljene osebe pa so vse prej kot obi\u010dajne. So kr\u0161\u010danski svetniki, ki so povezani s Slovenijo.","breadcrumb":{"@id":"https:\/\/www.iskreni.net\/trgovina\/product\/spomin-na-svetnike\/#breadcrumb"},"inLanguage":"sl-SI","potentialAction":[{"@type":"ReadAction","target":["https:\/\/www.iskreni.net\/trgovina\/product\/spomin-na-svetnike\/"]}]},{"@type":"ImageObject","inLanguage":"sl-SI","@id":"https:\/\/www.iskreni.net\/trgovina\/product\/spomin-na-svetnike\/#primaryimage","url":"https:\/\/www.iskreni.net\/trgovina\/wp-content\/uploads\/2024\/11\/Spomin_svetniki.jpg","contentUrl":"https:\/\/www.iskreni.net\/trgovina\/wp-content\/uploads\/2024\/11\/Spomin_svetniki.jpg","width":800,"height":800,"caption":"Spomin na svetnike"},{"@type":"BreadcrumbList","@id":"https:\/\/www.iskreni.net\/trgovina\/product\/spomin-na-svetnike\/#breadcrumb","itemListElement":[{"@type":"ListItem","position":1,"name":"Home","item":"https:\/\/www.iskreni.net\/trgovina\/"},{"@type":"ListItem","position":2,"name":"Trgovina","item":"https:\/\/www.iskreni.net\/trgovina\/trgovina\/"},{"@type":"ListItem","position":3,"name":"Spomin na svetnike"}]},{"@type":"WebSite","@id":"https:\/\/www.iskreni.net\/trgovina\/#website","url":"https:\/\/www.iskreni.net\/trgovina\/","name":"Zavod Iskreni","description":"trgovina","potentialAction":[{"@type":"SearchAction","target":{"@type":"EntryPoint","urlTemplate":"https:\/\/www.iskreni.net\/trgovina\/?s={search_term_string}"},"query-input":{"@type":"PropertyValueSpecification","valueRequired":true,"valueName":"search_term_string"}}],"inLanguage":"sl-SI"}]}},"_links":{"self":[{"href":"https:\/\/www.iskreni.net\/trgovina\/wp-json\/wp\/v2\/product\/80587","targetHints":{"allow":["GET"]}}],"collection":[{"href":"https:\/\/www.iskreni.net\/trgovina\/wp-json\/wp\/v2\/product"}],"about":[{"href":"https:\/\/www.iskreni.net\/trgovina\/wp-json\/wp\/v2\/types\/product"}],"replies":[{"embeddable":true,"href":"https:\/\/www.iskreni.net\/trgovina\/wp-json\/wp\/v2\/comments?post=80587"}],"version-history":[{"count":7,"href":"https:\/\/www.iskreni.net\/trgovina\/wp-json\/wp\/v2\/product\/80587\/revisions"}],"predecessor-version":[{"id":80958,"href":"https:\/\/www.iskreni.net\/trgovina\/wp-json\/wp\/v2\/product\/80587\/revisions\/80958"}],"wp:featuredmedia":[{"embeddable":true,"href":"https:\/\/www.iskreni.net\/trgovina\/wp-json\/wp\/v2\/media\/80949"}],"wp:attachment":[{"href":"https:\/\/www.iskreni.net\/trgovina\/wp-json\/wp\/v2\/media?parent=80587"}],"wp:term":[{"taxonomy":"product_brand","embeddable":true,"href":"https:\/\/www.iskreni.net\/trgovina\/wp-json\/wp\/v2\/product_brand?post=80587"},{"taxonomy":"product_cat","embeddable":true,"href":"https:\/\/www.iskreni.net\/trgovina\/wp-json\/wp\/v2\/product_cat?post=80587"},{"taxonomy":"product_tag","embeddable":true,"href":"https:\/\/www.iskreni.net\/trgovina\/wp-json\/wp\/v2\/product_tag?post=80587"},{"taxonomy":"avtor","embeddable":true,"href":"https:\/\/www.iskreni.net\/trgovina\/wp-json\/wp\/v2\/avtor?post=80587"},{"taxonomy":"zalozba","embeddable":true,"href":"https:\/\/www.iskreni.net\/trgovina\/wp-json\/wp\/v2\/zalozba?post=80587"},{"taxonomy":"vezava","embeddable":true,"href":"https:\/\/www.iskreni.net\/trgovina\/wp-json\/wp\/v2\/vezava?post=80587"}],"curies":[{"name":"wp","href":"https:\/\/api.w.org\/{rel}","templated":true}]}}