{"id":80561,"date":"2024-11-14T15:38:35","date_gmt":"2024-11-14T14:38:35","guid":{"rendered":"https:\/\/www.iskreni.net\/trgovina\/?post_type=product&#038;p=80561"},"modified":"2025-02-12T13:07:54","modified_gmt":"2025-02-12T12:07:54","slug":"rokovnik-v-ritmu-narave-2025-zerjavi","status":"publish","type":"product","link":"https:\/\/www.iskreni.net\/trgovina\/product\/rokovnik-v-ritmu-narave-2025-zerjavi\/","title":{"rendered":"Rokovnik V ritmu narave 2025 &#8211; \u017derjavi"},"content":{"rendered":"<p>Priro\u010den \u017eepni rokovnik za\u00a0<strong>vsak dan<\/strong>\u00a0in\u00a0<strong>vsak letni \u010das v letu 2025!<\/strong><\/p>\n<p>Rokovnik vsebuje:<br \/>\n&#8211; <strong>letna koledar\u010dka<\/strong> 2025 in 2026,<br \/>\n&#8211; <strong>mese\u010dne<\/strong> koledarje,<br \/>\n&#8211; osrednji koledarski del, ki vas teden za tednom z izbranimi <strong>spodbudnimi in modrimi mislimi<\/strong> vodi skozi letne \u010dase, son\u010deva znamenja, lunine mene, praznike in svetovne dneve, da la\u017eje na\u010drtujete vsakdan v ritmu narave,<br \/>\n&#8211; strani za <strong>osebne zapiske<\/strong>,<br \/>\n&#8211; <strong>menstrualni<\/strong> koledar\u010dek,<br \/>\n&#8211; <strong>lunin<\/strong> koledar\u010dek,<br \/>\n&#8211; <strong>seznam dela prostih dni<\/strong> v Sloveniji.<\/p>\n<p>Koledarski del se za\u010denja \u017ee z 16. decembrom 2024, kon\u010duje pa s 4. januarjem 2026.<\/p>\n","protected":false},"excerpt":{"rendered":"<p><strong>Leto izdaje:<\/strong> 2024<br \/>\n<strong>Format:<\/strong> 115 x 147 mm<\/p>\n","protected":false},"featured_media":80562,"comment_status":"open","ping_status":"closed","template":"","meta":[],"product_brand":[],"product_cat":[444,63],"product_tag":[],"avtor":[],"zalozba":[2780],"vezava":[2855],"class_list":{"0":"post-80561","1":"product","2":"type-product","3":"status-publish","4":"has-post-thumbnail","6":"product_cat-koledarji-in-planerji","7":"product_cat-knjige","8":"zalozba-primus","9":"vezava-integralna","11":"first","12":"instock","13":"taxable","14":"shipping-taxable","15":"purchasable","16":"product-type-simple"},"yoast_head":"<!-- This site is optimized with the Yoast SEO plugin v26.3 - https:\/\/yoast.com\/wordpress\/plugins\/seo\/ -->\n<title>Rokovnik V ritmu narave 2025 - \u017derjavi - trgovina iskreni<\/title>\n<meta name=\"description\" content=\"Priro\u010den \u017eepni rokovnik za vsak dan in vsak letni \u010das v letu 2025!\" \/>\n<meta name=\"robots\" content=\"index, follow, max-snippet:-1, max-image-preview:large, max-video-preview:-1\" \/>\n<link rel=\"canonical\" href=\"https:\/\/www.iskreni.net\/trgovina\/product\/rokovnik-v-ritmu-narave-2025-zerjavi\/\" \/>\n<meta property=\"og:locale\" content=\"sl_SI\" \/>\n<meta property=\"og:type\" content=\"article\" \/>\n<meta property=\"og:title\" content=\"Rokovnik V ritmu narave 2025 - \u017derjavi\" \/>\n<meta property=\"og:description\" content=\"Priro\u010den \u017eepni rokovnik za vsak dan in vsak letni \u010das v letu 2025!\" \/>\n<meta property=\"og:url\" content=\"https:\/\/www.iskreni.net\/trgovina\/product\/rokovnik-v-ritmu-narave-2025-zerjavi\/\" \/>\n<meta property=\"og:site_name\" content=\"Zavod Iskreni\" \/>\n<meta property=\"article:modified_time\" content=\"2025-02-12T12:07:54+00:00\" \/>\n<meta property=\"og:image\" content=\"https:\/\/www.iskreni.net\/trgovina\/wp-content\/uploads\/2024\/11\/Slike-za-v-spletno-trgovino-2024-11-14T153812.087.jpg\" \/>\n\t<meta property=\"og:image:width\" content=\"600\" \/>\n\t<meta property=\"og:image:height\" content=\"600\" \/>\n\t<meta property=\"og:image:type\" content=\"image\/jpeg\" \/>\n<meta name=\"twitter:card\" content=\"summary_large_image\" \/>\n<meta name=\"twitter:label1\" content=\"Est. reading time\" \/>\n\t<meta name=\"twitter:data1\" content=\"1 minuta\" \/>\n<script type=\"application\/ld+json\" class=\"yoast-schema-graph\">{\"@context\":\"https:\/\/schema.org\",\"@graph\":[{\"@type\":\"WebPage\",\"@id\":\"https:\/\/www.iskreni.net\/trgovina\/product\/rokovnik-v-ritmu-narave-2025-zerjavi\/\",\"url\":\"https:\/\/www.iskreni.net\/trgovina\/product\/rokovnik-v-ritmu-narave-2025-zerjavi\/\",\"name\":\"Rokovnik V ritmu narave 2025 - \u017derjavi - trgovina iskreni\",\"isPartOf\":{\"@id\":\"https:\/\/www.iskreni.net\/trgovina\/#website\"},\"primaryImageOfPage\":{\"@id\":\"https:\/\/www.iskreni.net\/trgovina\/product\/rokovnik-v-ritmu-narave-2025-zerjavi\/#primaryimage\"},\"image\":{\"@id\":\"https:\/\/www.iskreni.net\/trgovina\/product\/rokovnik-v-ritmu-narave-2025-zerjavi\/#primaryimage\"},\"thumbnailUrl\":\"https:\/\/www.iskreni.net\/trgovina\/wp-content\/uploads\/2024\/11\/Slike-za-v-spletno-trgovino-2024-11-14T153812.087.jpg\",\"datePublished\":\"2024-11-14T14:38:35+00:00\",\"dateModified\":\"2025-02-12T12:07:54+00:00\",\"description\":\"Priro\u010den \u017eepni rokovnik za vsak dan in vsak letni \u010das v letu 2025!\",\"breadcrumb\":{\"@id\":\"https:\/\/www.iskreni.net\/trgovina\/product\/rokovnik-v-ritmu-narave-2025-zerjavi\/#breadcrumb\"},\"inLanguage\":\"sl-SI\",\"potentialAction\":[{\"@type\":\"ReadAction\",\"target\":[\"https:\/\/www.iskreni.net\/trgovina\/product\/rokovnik-v-ritmu-narave-2025-zerjavi\/\"]}]},{\"@type\":\"ImageObject\",\"inLanguage\":\"sl-SI\",\"@id\":\"https:\/\/www.iskreni.net\/trgovina\/product\/rokovnik-v-ritmu-narave-2025-zerjavi\/#primaryimage\",\"url\":\"https:\/\/www.iskreni.net\/trgovina\/wp-content\/uploads\/2024\/11\/Slike-za-v-spletno-trgovino-2024-11-14T153812.087.jpg\",\"contentUrl\":\"https:\/\/www.iskreni.net\/trgovina\/wp-content\/uploads\/2024\/11\/Slike-za-v-spletno-trgovino-2024-11-14T153812.087.jpg\",\"width\":600,\"height\":600},{\"@type\":\"BreadcrumbList\",\"@id\":\"https:\/\/www.iskreni.net\/trgovina\/product\/rokovnik-v-ritmu-narave-2025-zerjavi\/#breadcrumb\",\"itemListElement\":[{\"@type\":\"ListItem\",\"position\":1,\"name\":\"Home\",\"item\":\"https:\/\/www.iskreni.net\/trgovina\/\"},{\"@type\":\"ListItem\",\"position\":2,\"name\":\"Trgovina\",\"item\":\"https:\/\/www.iskreni.net\/trgovina\/trgovina\/\"},{\"@type\":\"ListItem\",\"position\":3,\"name\":\"Rokovnik V ritmu narave 2025 &#8211; \u017derjavi\"}]},{\"@type\":\"WebSite\",\"@id\":\"https:\/\/www.iskreni.net\/trgovina\/#website\",\"url\":\"https:\/\/www.iskreni.net\/trgovina\/\",\"name\":\"Zavod Iskreni\",\"description\":\"trgovina\",\"potentialAction\":[{\"@type\":\"SearchAction\",\"target\":{\"@type\":\"EntryPoint\",\"urlTemplate\":\"https:\/\/www.iskreni.net\/trgovina\/?s={search_term_string}\"},\"query-input\":{\"@type\":\"PropertyValueSpecification\",\"valueRequired\":true,\"valueName\":\"search_term_string\"}}],\"inLanguage\":\"sl-SI\"}]}<\/script>\n<!-- \/ Yoast SEO plugin. -->","yoast_head_json":{"title":"Rokovnik V ritmu narave 2025 - \u017derjavi - trgovina iskreni","description":"Priro\u010den \u017eepni rokovnik za vsak dan in vsak letni \u010das v letu 2025!","robots":{"index":"index","follow":"follow","max-snippet":"max-snippet:-1","max-image-preview":"max-image-preview:large","max-video-preview":"max-video-preview:-1"},"canonical":"https:\/\/www.iskreni.net\/trgovina\/product\/rokovnik-v-ritmu-narave-2025-zerjavi\/","og_locale":"sl_SI","og_type":"article","og_title":"Rokovnik V ritmu narave 2025 - \u017derjavi","og_description":"Priro\u010den \u017eepni rokovnik za vsak dan in vsak letni \u010das v letu 2025!","og_url":"https:\/\/www.iskreni.net\/trgovina\/product\/rokovnik-v-ritmu-narave-2025-zerjavi\/","og_site_name":"Zavod Iskreni","article_modified_time":"2025-02-12T12:07:54+00:00","og_image":[{"width":600,"height":600,"url":"https:\/\/www.iskreni.net\/trgovina\/wp-content\/uploads\/2024\/11\/Slike-za-v-spletno-trgovino-2024-11-14T153812.087.jpg","type":"image\/jpeg"}],"twitter_card":"summary_large_image","twitter_misc":{"Est. reading time":"1 minuta"},"schema":{"@context":"https:\/\/schema.org","@graph":[{"@type":"WebPage","@id":"https:\/\/www.iskreni.net\/trgovina\/product\/rokovnik-v-ritmu-narave-2025-zerjavi\/","url":"https:\/\/www.iskreni.net\/trgovina\/product\/rokovnik-v-ritmu-narave-2025-zerjavi\/","name":"Rokovnik V ritmu narave 2025 - \u017derjavi - trgovina iskreni","isPartOf":{"@id":"https:\/\/www.iskreni.net\/trgovina\/#website"},"primaryImageOfPage":{"@id":"https:\/\/www.iskreni.net\/trgovina\/product\/rokovnik-v-ritmu-narave-2025-zerjavi\/#primaryimage"},"image":{"@id":"https:\/\/www.iskreni.net\/trgovina\/product\/rokovnik-v-ritmu-narave-2025-zerjavi\/#primaryimage"},"thumbnailUrl":"https:\/\/www.iskreni.net\/trgovina\/wp-content\/uploads\/2024\/11\/Slike-za-v-spletno-trgovino-2024-11-14T153812.087.jpg","datePublished":"2024-11-14T14:38:35+00:00","dateModified":"2025-02-12T12:07:54+00:00","description":"Priro\u010den \u017eepni rokovnik za vsak dan in vsak letni \u010das v letu 2025!","breadcrumb":{"@id":"https:\/\/www.iskreni.net\/trgovina\/product\/rokovnik-v-ritmu-narave-2025-zerjavi\/#breadcrumb"},"inLanguage":"sl-SI","potentialAction":[{"@type":"ReadAction","target":["https:\/\/www.iskreni.net\/trgovina\/product\/rokovnik-v-ritmu-narave-2025-zerjavi\/"]}]},{"@type":"ImageObject","inLanguage":"sl-SI","@id":"https:\/\/www.iskreni.net\/trgovina\/product\/rokovnik-v-ritmu-narave-2025-zerjavi\/#primaryimage","url":"https:\/\/www.iskreni.net\/trgovina\/wp-content\/uploads\/2024\/11\/Slike-za-v-spletno-trgovino-2024-11-14T153812.087.jpg","contentUrl":"https:\/\/www.iskreni.net\/trgovina\/wp-content\/uploads\/2024\/11\/Slike-za-v-spletno-trgovino-2024-11-14T153812.087.jpg","width":600,"height":600},{"@type":"BreadcrumbList","@id":"https:\/\/www.iskreni.net\/trgovina\/product\/rokovnik-v-ritmu-narave-2025-zerjavi\/#breadcrumb","itemListElement":[{"@type":"ListItem","position":1,"name":"Home","item":"https:\/\/www.iskreni.net\/trgovina\/"},{"@type":"ListItem","position":2,"name":"Trgovina","item":"https:\/\/www.iskreni.net\/trgovina\/trgovina\/"},{"@type":"ListItem","position":3,"name":"Rokovnik V ritmu narave 2025 &#8211; \u017derjavi"}]},{"@type":"WebSite","@id":"https:\/\/www.iskreni.net\/trgovina\/#website","url":"https:\/\/www.iskreni.net\/trgovina\/","name":"Zavod Iskreni","description":"trgovina","potentialAction":[{"@type":"SearchAction","target":{"@type":"EntryPoint","urlTemplate":"https:\/\/www.iskreni.net\/trgovina\/?s={search_term_string}"},"query-input":{"@type":"PropertyValueSpecification","valueRequired":true,"valueName":"search_term_string"}}],"inLanguage":"sl-SI"}]}},"_links":{"self":[{"href":"https:\/\/www.iskreni.net\/trgovina\/wp-json\/wp\/v2\/product\/80561","targetHints":{"allow":["GET"]}}],"collection":[{"href":"https:\/\/www.iskreni.net\/trgovina\/wp-json\/wp\/v2\/product"}],"about":[{"href":"https:\/\/www.iskreni.net\/trgovina\/wp-json\/wp\/v2\/types\/product"}],"replies":[{"embeddable":true,"href":"https:\/\/www.iskreni.net\/trgovina\/wp-json\/wp\/v2\/comments?post=80561"}],"version-history":[{"count":2,"href":"https:\/\/www.iskreni.net\/trgovina\/wp-json\/wp\/v2\/product\/80561\/revisions"}],"predecessor-version":[{"id":84223,"href":"https:\/\/www.iskreni.net\/trgovina\/wp-json\/wp\/v2\/product\/80561\/revisions\/84223"}],"wp:featuredmedia":[{"embeddable":true,"href":"https:\/\/www.iskreni.net\/trgovina\/wp-json\/wp\/v2\/media\/80562"}],"wp:attachment":[{"href":"https:\/\/www.iskreni.net\/trgovina\/wp-json\/wp\/v2\/media?parent=80561"}],"wp:term":[{"taxonomy":"product_brand","embeddable":true,"href":"https:\/\/www.iskreni.net\/trgovina\/wp-json\/wp\/v2\/product_brand?post=80561"},{"taxonomy":"product_cat","embeddable":true,"href":"https:\/\/www.iskreni.net\/trgovina\/wp-json\/wp\/v2\/product_cat?post=80561"},{"taxonomy":"product_tag","embeddable":true,"href":"https:\/\/www.iskreni.net\/trgovina\/wp-json\/wp\/v2\/product_tag?post=80561"},{"taxonomy":"avtor","embeddable":true,"href":"https:\/\/www.iskreni.net\/trgovina\/wp-json\/wp\/v2\/avtor?post=80561"},{"taxonomy":"zalozba","embeddable":true,"href":"https:\/\/www.iskreni.net\/trgovina\/wp-json\/wp\/v2\/zalozba?post=80561"},{"taxonomy":"vezava","embeddable":true,"href":"https:\/\/www.iskreni.net\/trgovina\/wp-json\/wp\/v2\/vezava?post=80561"}],"curies":[{"name":"wp","href":"https:\/\/api.w.org\/{rel}","templated":true}]}}