{"id":80553,"date":"2024-11-14T15:10:17","date_gmt":"2024-11-14T14:10:17","guid":{"rendered":"https:\/\/www.iskreni.net\/trgovina\/?post_type=product&#038;p=80553"},"modified":"2025-09-11T10:25:10","modified_gmt":"2025-09-11T08:25:10","slug":"kako-ponesti-jezusa-ljudem","status":"publish","type":"product","link":"https:\/\/www.iskreni.net\/trgovina\/product\/kako-ponesti-jezusa-ljudem\/","title":{"rendered":"Kako ponesti Jezusa ljudem"},"content":{"rendered":"<h4>O knjigi Kako ponesti Jezusa ljudem:<\/h4>\n<div class=\"tab-description js-tab-singleProduct-description content-tab\">\n<p><strong>Teorija in praksa misijona<\/strong><\/p>\n<p>Kako naj za\u010dnemo? Kaj naj povemo? Kako naj povemo? Kako naj pristopimo k ljudem? To so izzivi ali celo strahovi, ko se lotevamo aktivnega oznanjevanja vesele novice.<\/p>\n<p>Ta priro\u010dnik mad\u017earskega stalnega diakona je v izvirniku ve\u010dkrat iz\u0161el, prvi\u010d leta 2007 kot pripravljalno gradivo za mestni misijon v Budimpe\u0161ti, zdaj pa s spremnima besedama mad\u017earskega primasa Erd\u0151ja in murskosobo\u0161kega \u0161kofa \u0160tumfa prihaja tudi med slovenske bralce.<\/p>\n<p>\u00bbBranje te knjige priporo\u010dam tistim duhovnikom in laikom, ki jih Sveti Duh \u017ee spodbuja, da pri\u010dujejo o Jezusu Kristusu, ob tem pa vabijo oddaljene v Katoli\u0161ko Cerkev, vse pa k prenovi skupnosti in \u017eupnij.\u00ab kardinal Peter Erd\u0151, nad\u0161kof Estergoma- Budimpe\u0161te<\/p>\n<p>&#8220;Knjiga je veliko bolj premi\u0161ljevalna kot pa u\u010dbenik za evangelizacijo, zato prebuja tak\u0161no duhovno razpolo\u017eenje, ki se ho\u010de ustaviti, si vzeti \u010das \u2013 tudi za molitev in razmislek: Kako pa je z menoj? Kje sva jaz in Jezus?&#8221; Peter \u0160tumf, sobo\u0161ki \u0161kof<\/p>\n<\/div>\n","protected":false},"excerpt":{"rendered":"<p><strong>Leto izdaje:<\/strong> 2024<br \/>\n<strong>\u0160tevilo strani:<\/strong> 164<br \/>\n<strong>Mere:<\/strong> 140 x 210 mm<\/p>\n<p>&nbsp;<\/p>\n","protected":false},"featured_media":80555,"comment_status":"open","ping_status":"closed","template":"","meta":[],"product_brand":[],"product_cat":[2324,63],"product_tag":[2853,1776],"avtor":[2852],"zalozba":[2311],"vezava":[2307],"class_list":{"0":"post-80553","1":"product","2":"type-product","3":"status-publish","4":"has-post-thumbnail","6":"product_cat-duhovnost-in-osebna-rast","7":"product_cat-knjige","8":"product_tag-bozic","9":"product_tag-sveti-miklavz","10":"avtor-zoltan-kunszabo","11":"zalozba-druzina","12":"vezava-mehka","14":"first","15":"onbackorder","16":"taxable","17":"shipping-taxable","18":"purchasable","19":"product-type-simple"},"yoast_head":"<!-- This site is optimized with the Yoast SEO plugin v26.3 - https:\/\/yoast.com\/wordpress\/plugins\/seo\/ -->\n<title>Kako ponesti Jezusa ljudem - trgovina Iskreni<\/title>\n<meta name=\"description\" content=\"Kako naj za\u010dnemo? Kaj naj povemo? Kako naj povemo? Kako naj pristopimo k ljudem?\" \/>\n<meta name=\"robots\" content=\"index, follow, max-snippet:-1, max-image-preview:large, max-video-preview:-1\" \/>\n<link rel=\"canonical\" href=\"https:\/\/www.iskreni.net\/trgovina\/product\/kako-ponesti-jezusa-ljudem\/\" \/>\n<meta property=\"og:locale\" content=\"sl_SI\" \/>\n<meta property=\"og:type\" content=\"article\" \/>\n<meta property=\"og:title\" content=\"Kako ponesti Jezusa ljudem\" \/>\n<meta property=\"og:description\" content=\"Kako naj za\u010dnemo? Kaj naj povemo? Kako naj povemo? Kako naj pristopimo k ljudem?\" \/>\n<meta property=\"og:url\" content=\"https:\/\/www.iskreni.net\/trgovina\/product\/kako-ponesti-jezusa-ljudem\/\" \/>\n<meta property=\"og:site_name\" content=\"Zavod Iskreni\" \/>\n<meta property=\"article:modified_time\" content=\"2025-09-11T08:25:10+00:00\" \/>\n<meta property=\"og:image\" content=\"https:\/\/www.iskreni.net\/trgovina\/wp-content\/uploads\/2024\/11\/Slike-za-v-spletno-trgovino-2024-11-14T151056.819.jpg\" \/>\n\t<meta property=\"og:image:width\" content=\"600\" \/>\n\t<meta property=\"og:image:height\" content=\"600\" \/>\n\t<meta property=\"og:image:type\" content=\"image\/jpeg\" \/>\n<meta name=\"twitter:card\" content=\"summary_large_image\" \/>\n<meta name=\"twitter:label1\" content=\"Est. reading time\" \/>\n\t<meta name=\"twitter:data1\" content=\"2 minuti\" \/>\n<script type=\"application\/ld+json\" class=\"yoast-schema-graph\">{\"@context\":\"https:\/\/schema.org\",\"@graph\":[{\"@type\":\"WebPage\",\"@id\":\"https:\/\/www.iskreni.net\/trgovina\/product\/kako-ponesti-jezusa-ljudem\/\",\"url\":\"https:\/\/www.iskreni.net\/trgovina\/product\/kako-ponesti-jezusa-ljudem\/\",\"name\":\"Kako ponesti Jezusa ljudem - trgovina Iskreni\",\"isPartOf\":{\"@id\":\"https:\/\/www.iskreni.net\/trgovina\/#website\"},\"primaryImageOfPage\":{\"@id\":\"https:\/\/www.iskreni.net\/trgovina\/product\/kako-ponesti-jezusa-ljudem\/#primaryimage\"},\"image\":{\"@id\":\"https:\/\/www.iskreni.net\/trgovina\/product\/kako-ponesti-jezusa-ljudem\/#primaryimage\"},\"thumbnailUrl\":\"https:\/\/www.iskreni.net\/trgovina\/wp-content\/uploads\/2024\/11\/Slike-za-v-spletno-trgovino-2024-11-14T151056.819.jpg\",\"datePublished\":\"2024-11-14T14:10:17+00:00\",\"dateModified\":\"2025-09-11T08:25:10+00:00\",\"description\":\"Kako naj za\u010dnemo? Kaj naj povemo? Kako naj povemo? Kako naj pristopimo k ljudem?\",\"breadcrumb\":{\"@id\":\"https:\/\/www.iskreni.net\/trgovina\/product\/kako-ponesti-jezusa-ljudem\/#breadcrumb\"},\"inLanguage\":\"sl-SI\",\"potentialAction\":[{\"@type\":\"ReadAction\",\"target\":[\"https:\/\/www.iskreni.net\/trgovina\/product\/kako-ponesti-jezusa-ljudem\/\"]}]},{\"@type\":\"ImageObject\",\"inLanguage\":\"sl-SI\",\"@id\":\"https:\/\/www.iskreni.net\/trgovina\/product\/kako-ponesti-jezusa-ljudem\/#primaryimage\",\"url\":\"https:\/\/www.iskreni.net\/trgovina\/wp-content\/uploads\/2024\/11\/Slike-za-v-spletno-trgovino-2024-11-14T151056.819.jpg\",\"contentUrl\":\"https:\/\/www.iskreni.net\/trgovina\/wp-content\/uploads\/2024\/11\/Slike-za-v-spletno-trgovino-2024-11-14T151056.819.jpg\",\"width\":600,\"height\":600},{\"@type\":\"BreadcrumbList\",\"@id\":\"https:\/\/www.iskreni.net\/trgovina\/product\/kako-ponesti-jezusa-ljudem\/#breadcrumb\",\"itemListElement\":[{\"@type\":\"ListItem\",\"position\":1,\"name\":\"Home\",\"item\":\"https:\/\/www.iskreni.net\/trgovina\/\"},{\"@type\":\"ListItem\",\"position\":2,\"name\":\"Trgovina\",\"item\":\"https:\/\/www.iskreni.net\/trgovina\/trgovina\/\"},{\"@type\":\"ListItem\",\"position\":3,\"name\":\"Kako ponesti Jezusa ljudem\"}]},{\"@type\":\"WebSite\",\"@id\":\"https:\/\/www.iskreni.net\/trgovina\/#website\",\"url\":\"https:\/\/www.iskreni.net\/trgovina\/\",\"name\":\"Zavod Iskreni\",\"description\":\"trgovina\",\"potentialAction\":[{\"@type\":\"SearchAction\",\"target\":{\"@type\":\"EntryPoint\",\"urlTemplate\":\"https:\/\/www.iskreni.net\/trgovina\/?s={search_term_string}\"},\"query-input\":{\"@type\":\"PropertyValueSpecification\",\"valueRequired\":true,\"valueName\":\"search_term_string\"}}],\"inLanguage\":\"sl-SI\"}]}<\/script>\n<!-- \/ Yoast SEO plugin. -->","yoast_head_json":{"title":"Kako ponesti Jezusa ljudem - trgovina Iskreni","description":"Kako naj za\u010dnemo? Kaj naj povemo? Kako naj povemo? Kako naj pristopimo k ljudem?","robots":{"index":"index","follow":"follow","max-snippet":"max-snippet:-1","max-image-preview":"max-image-preview:large","max-video-preview":"max-video-preview:-1"},"canonical":"https:\/\/www.iskreni.net\/trgovina\/product\/kako-ponesti-jezusa-ljudem\/","og_locale":"sl_SI","og_type":"article","og_title":"Kako ponesti Jezusa ljudem","og_description":"Kako naj za\u010dnemo? Kaj naj povemo? Kako naj povemo? Kako naj pristopimo k ljudem?","og_url":"https:\/\/www.iskreni.net\/trgovina\/product\/kako-ponesti-jezusa-ljudem\/","og_site_name":"Zavod Iskreni","article_modified_time":"2025-09-11T08:25:10+00:00","og_image":[{"width":600,"height":600,"url":"https:\/\/www.iskreni.net\/trgovina\/wp-content\/uploads\/2024\/11\/Slike-za-v-spletno-trgovino-2024-11-14T151056.819.jpg","type":"image\/jpeg"}],"twitter_card":"summary_large_image","twitter_misc":{"Est. reading time":"2 minuti"},"schema":{"@context":"https:\/\/schema.org","@graph":[{"@type":"WebPage","@id":"https:\/\/www.iskreni.net\/trgovina\/product\/kako-ponesti-jezusa-ljudem\/","url":"https:\/\/www.iskreni.net\/trgovina\/product\/kako-ponesti-jezusa-ljudem\/","name":"Kako ponesti Jezusa ljudem - trgovina Iskreni","isPartOf":{"@id":"https:\/\/www.iskreni.net\/trgovina\/#website"},"primaryImageOfPage":{"@id":"https:\/\/www.iskreni.net\/trgovina\/product\/kako-ponesti-jezusa-ljudem\/#primaryimage"},"image":{"@id":"https:\/\/www.iskreni.net\/trgovina\/product\/kako-ponesti-jezusa-ljudem\/#primaryimage"},"thumbnailUrl":"https:\/\/www.iskreni.net\/trgovina\/wp-content\/uploads\/2024\/11\/Slike-za-v-spletno-trgovino-2024-11-14T151056.819.jpg","datePublished":"2024-11-14T14:10:17+00:00","dateModified":"2025-09-11T08:25:10+00:00","description":"Kako naj za\u010dnemo? Kaj naj povemo? Kako naj povemo? Kako naj pristopimo k ljudem?","breadcrumb":{"@id":"https:\/\/www.iskreni.net\/trgovina\/product\/kako-ponesti-jezusa-ljudem\/#breadcrumb"},"inLanguage":"sl-SI","potentialAction":[{"@type":"ReadAction","target":["https:\/\/www.iskreni.net\/trgovina\/product\/kako-ponesti-jezusa-ljudem\/"]}]},{"@type":"ImageObject","inLanguage":"sl-SI","@id":"https:\/\/www.iskreni.net\/trgovina\/product\/kako-ponesti-jezusa-ljudem\/#primaryimage","url":"https:\/\/www.iskreni.net\/trgovina\/wp-content\/uploads\/2024\/11\/Slike-za-v-spletno-trgovino-2024-11-14T151056.819.jpg","contentUrl":"https:\/\/www.iskreni.net\/trgovina\/wp-content\/uploads\/2024\/11\/Slike-za-v-spletno-trgovino-2024-11-14T151056.819.jpg","width":600,"height":600},{"@type":"BreadcrumbList","@id":"https:\/\/www.iskreni.net\/trgovina\/product\/kako-ponesti-jezusa-ljudem\/#breadcrumb","itemListElement":[{"@type":"ListItem","position":1,"name":"Home","item":"https:\/\/www.iskreni.net\/trgovina\/"},{"@type":"ListItem","position":2,"name":"Trgovina","item":"https:\/\/www.iskreni.net\/trgovina\/trgovina\/"},{"@type":"ListItem","position":3,"name":"Kako ponesti Jezusa ljudem"}]},{"@type":"WebSite","@id":"https:\/\/www.iskreni.net\/trgovina\/#website","url":"https:\/\/www.iskreni.net\/trgovina\/","name":"Zavod Iskreni","description":"trgovina","potentialAction":[{"@type":"SearchAction","target":{"@type":"EntryPoint","urlTemplate":"https:\/\/www.iskreni.net\/trgovina\/?s={search_term_string}"},"query-input":{"@type":"PropertyValueSpecification","valueRequired":true,"valueName":"search_term_string"}}],"inLanguage":"sl-SI"}]}},"_links":{"self":[{"href":"https:\/\/www.iskreni.net\/trgovina\/wp-json\/wp\/v2\/product\/80553","targetHints":{"allow":["GET"]}}],"collection":[{"href":"https:\/\/www.iskreni.net\/trgovina\/wp-json\/wp\/v2\/product"}],"about":[{"href":"https:\/\/www.iskreni.net\/trgovina\/wp-json\/wp\/v2\/types\/product"}],"replies":[{"embeddable":true,"href":"https:\/\/www.iskreni.net\/trgovina\/wp-json\/wp\/v2\/comments?post=80553"}],"version-history":[{"count":2,"href":"https:\/\/www.iskreni.net\/trgovina\/wp-json\/wp\/v2\/product\/80553\/revisions"}],"predecessor-version":[{"id":80556,"href":"https:\/\/www.iskreni.net\/trgovina\/wp-json\/wp\/v2\/product\/80553\/revisions\/80556"}],"wp:featuredmedia":[{"embeddable":true,"href":"https:\/\/www.iskreni.net\/trgovina\/wp-json\/wp\/v2\/media\/80555"}],"wp:attachment":[{"href":"https:\/\/www.iskreni.net\/trgovina\/wp-json\/wp\/v2\/media?parent=80553"}],"wp:term":[{"taxonomy":"product_brand","embeddable":true,"href":"https:\/\/www.iskreni.net\/trgovina\/wp-json\/wp\/v2\/product_brand?post=80553"},{"taxonomy":"product_cat","embeddable":true,"href":"https:\/\/www.iskreni.net\/trgovina\/wp-json\/wp\/v2\/product_cat?post=80553"},{"taxonomy":"product_tag","embeddable":true,"href":"https:\/\/www.iskreni.net\/trgovina\/wp-json\/wp\/v2\/product_tag?post=80553"},{"taxonomy":"avtor","embeddable":true,"href":"https:\/\/www.iskreni.net\/trgovina\/wp-json\/wp\/v2\/avtor?post=80553"},{"taxonomy":"zalozba","embeddable":true,"href":"https:\/\/www.iskreni.net\/trgovina\/wp-json\/wp\/v2\/zalozba?post=80553"},{"taxonomy":"vezava","embeddable":true,"href":"https:\/\/www.iskreni.net\/trgovina\/wp-json\/wp\/v2\/vezava?post=80553"}],"curies":[{"name":"wp","href":"https:\/\/api.w.org\/{rel}","templated":true}]}}