{"id":80163,"date":"2024-11-07T11:19:35","date_gmt":"2024-11-07T10:19:35","guid":{"rendered":"https:\/\/www.iskreni.net\/trgovina\/?post_type=product&#038;p=80163"},"modified":"2026-02-20T15:12:09","modified_gmt":"2026-02-20T14:12:09","slug":"upaj-glasbeni-cd","status":"publish","type":"product","link":"https:\/\/www.iskreni.net\/trgovina\/product\/upaj-glasbeni-cd\/","title":{"rendered":"Upaj!, glasbeni CD"},"content":{"rendered":"<p>Nov album (2024) skupine Svetnik s prijatelji vsebuje skoraj polno uro slavilne glasbe.\u00a0<strong>POZOR!<\/strong>\u00a0Vsak CD\u00a0vsebuje tudi edinstveno KODO ZA PRENOS MP3 albuma!<\/p>\n<ol>\n<li><strong>Upaj (Ps 27)<\/strong>\u00a0[Anika &amp; Tadej]<\/li>\n<li><strong>Ko ne zmorem<\/strong><\/li>\n<li><strong>Zavetje<\/strong><\/li>\n<li><strong>Ne glede na vse<\/strong><\/li>\n<li><strong>Glej, prihajam<\/strong><\/li>\n<li><strong>\u017divi kruh<\/strong><\/li>\n<li><strong>Ostani<\/strong><\/li>\n<li><strong>V hi\u0161i tvojega O\u010deta<\/strong>\u00a0[Tadej]<\/li>\n<li><strong>Sledi<\/strong>\u00a0[Angelika]<\/li>\n<li><strong>Blizu (Ps 34)<\/strong>\u00a0[Angelika]<\/li>\n<li><strong>Moj pastir (Ps 23)<\/strong>\u00a0[Marko &amp; Tadej]<\/li>\n<li><strong>Bog z nami (Outro)<\/strong>\u00a0[SVETI]<\/li>\n<\/ol>\n","protected":false},"excerpt":{"rendered":"<p>12 novih slavilnih pesmi sodobne kr\u0161\u010danske glasbe. Prinesite v va\u0161 dom nekaj sve\u017eine z melodijami, ki slavijo Boga.<\/p>\n","protected":false},"featured_media":80165,"comment_status":"open","ping_status":"closed","template":"","meta":[],"product_brand":[],"product_cat":[2321,428],"product_tag":[1896],"avtor":[2842],"zalozba":[2841],"vezava":[],"class_list":{"0":"post-80163","1":"product","2":"type-product","3":"status-publish","4":"has-post-thumbnail","6":"product_cat-glasba-in-filmi","7":"product_cat-glasba","8":"product_tag-molitev","9":"avtor-svetnik","10":"zalozba-prepihmedia","12":"first","13":"instock","14":"taxable","15":"shipping-taxable","16":"purchasable","17":"product-type-simple"},"yoast_head":"<!-- This site is optimized with the Yoast SEO plugin v26.3 - https:\/\/yoast.com\/wordpress\/plugins\/seo\/ -->\n<title>Svetnik: Upaj!, glasbeni CD - trgovina Iskreni<\/title>\n<meta name=\"description\" content=\"12 novih slavilnih pesmi sodobne kr\u0161\u010danske glasbe v slovenskem jeziku. Prinesite v va\u0161 dom nekaj sve\u017eine z melodijami, ki slavijo Boga.\" \/>\n<meta name=\"robots\" content=\"index, follow, max-snippet:-1, max-image-preview:large, max-video-preview:-1\" \/>\n<link rel=\"canonical\" href=\"https:\/\/www.iskreni.net\/trgovina\/product\/upaj-glasbeni-cd\/\" \/>\n<meta property=\"og:locale\" content=\"sl_SI\" \/>\n<meta property=\"og:type\" content=\"article\" \/>\n<meta property=\"og:title\" content=\"Svetnik: Upaj!, glasbeni CD - trgovina Iskreni\" \/>\n<meta property=\"og:description\" content=\"12 novih slavilnih pesmi sodobne kr\u0161\u010danske glasbe v slovenskem jeziku. Prinesite v va\u0161 dom nekaj sve\u017eine z melodijami, ki slavijo Boga.\" \/>\n<meta property=\"og:url\" content=\"https:\/\/www.iskreni.net\/trgovina\/product\/upaj-glasbeni-cd\/\" \/>\n<meta property=\"og:site_name\" content=\"Zavod Iskreni\" \/>\n<meta property=\"article:modified_time\" content=\"2026-02-20T14:12:09+00:00\" \/>\n<meta property=\"og:image\" content=\"https:\/\/www.iskreni.net\/trgovina\/wp-content\/uploads\/2024\/11\/Upaj-naslovnica-1.jpg\" \/>\n\t<meta property=\"og:image:width\" content=\"1457\" \/>\n\t<meta property=\"og:image:height\" content=\"1330\" \/>\n\t<meta property=\"og:image:type\" content=\"image\/jpeg\" \/>\n<meta name=\"twitter:card\" content=\"summary_large_image\" \/>\n<meta name=\"twitter:label1\" content=\"Est. reading time\" \/>\n\t<meta name=\"twitter:data1\" content=\"1 minuta\" \/>\n<script type=\"application\/ld+json\" class=\"yoast-schema-graph\">{\"@context\":\"https:\/\/schema.org\",\"@graph\":[{\"@type\":\"WebPage\",\"@id\":\"https:\/\/www.iskreni.net\/trgovina\/product\/upaj-glasbeni-cd\/\",\"url\":\"https:\/\/www.iskreni.net\/trgovina\/product\/upaj-glasbeni-cd\/\",\"name\":\"Svetnik: Upaj!, glasbeni CD - trgovina Iskreni\",\"isPartOf\":{\"@id\":\"https:\/\/www.iskreni.net\/trgovina\/#website\"},\"primaryImageOfPage\":{\"@id\":\"https:\/\/www.iskreni.net\/trgovina\/product\/upaj-glasbeni-cd\/#primaryimage\"},\"image\":{\"@id\":\"https:\/\/www.iskreni.net\/trgovina\/product\/upaj-glasbeni-cd\/#primaryimage\"},\"thumbnailUrl\":\"https:\/\/www.iskreni.net\/trgovina\/wp-content\/uploads\/2024\/11\/Upaj-naslovnica-1.jpg\",\"datePublished\":\"2024-11-07T10:19:35+00:00\",\"dateModified\":\"2026-02-20T14:12:09+00:00\",\"description\":\"12 novih slavilnih pesmi sodobne kr\u0161\u010danske glasbe v slovenskem jeziku. Prinesite v va\u0161 dom nekaj sve\u017eine z melodijami, ki slavijo Boga.\",\"breadcrumb\":{\"@id\":\"https:\/\/www.iskreni.net\/trgovina\/product\/upaj-glasbeni-cd\/#breadcrumb\"},\"inLanguage\":\"sl-SI\",\"potentialAction\":[{\"@type\":\"ReadAction\",\"target\":[\"https:\/\/www.iskreni.net\/trgovina\/product\/upaj-glasbeni-cd\/\"]}]},{\"@type\":\"ImageObject\",\"inLanguage\":\"sl-SI\",\"@id\":\"https:\/\/www.iskreni.net\/trgovina\/product\/upaj-glasbeni-cd\/#primaryimage\",\"url\":\"https:\/\/www.iskreni.net\/trgovina\/wp-content\/uploads\/2024\/11\/Upaj-naslovnica-1.jpg\",\"contentUrl\":\"https:\/\/www.iskreni.net\/trgovina\/wp-content\/uploads\/2024\/11\/Upaj-naslovnica-1.jpg\",\"width\":1457,\"height\":1330,\"caption\":\"CD-Svetnik-Upaj-priprava-za-tisk-final.pdf - 1\"},{\"@type\":\"BreadcrumbList\",\"@id\":\"https:\/\/www.iskreni.net\/trgovina\/product\/upaj-glasbeni-cd\/#breadcrumb\",\"itemListElement\":[{\"@type\":\"ListItem\",\"position\":1,\"name\":\"Home\",\"item\":\"https:\/\/www.iskreni.net\/trgovina\/\"},{\"@type\":\"ListItem\",\"position\":2,\"name\":\"Trgovina\",\"item\":\"https:\/\/www.iskreni.net\/trgovina\/trgovina\/\"},{\"@type\":\"ListItem\",\"position\":3,\"name\":\"Upaj!, glasbeni CD\"}]},{\"@type\":\"WebSite\",\"@id\":\"https:\/\/www.iskreni.net\/trgovina\/#website\",\"url\":\"https:\/\/www.iskreni.net\/trgovina\/\",\"name\":\"Zavod Iskreni\",\"description\":\"trgovina\",\"potentialAction\":[{\"@type\":\"SearchAction\",\"target\":{\"@type\":\"EntryPoint\",\"urlTemplate\":\"https:\/\/www.iskreni.net\/trgovina\/?s={search_term_string}\"},\"query-input\":{\"@type\":\"PropertyValueSpecification\",\"valueRequired\":true,\"valueName\":\"search_term_string\"}}],\"inLanguage\":\"sl-SI\"}]}<\/script>\n<!-- \/ Yoast SEO plugin. -->","yoast_head_json":{"title":"Svetnik: Upaj!, glasbeni CD - trgovina Iskreni","description":"12 novih slavilnih pesmi sodobne kr\u0161\u010danske glasbe v slovenskem jeziku. Prinesite v va\u0161 dom nekaj sve\u017eine z melodijami, ki slavijo Boga.","robots":{"index":"index","follow":"follow","max-snippet":"max-snippet:-1","max-image-preview":"max-image-preview:large","max-video-preview":"max-video-preview:-1"},"canonical":"https:\/\/www.iskreni.net\/trgovina\/product\/upaj-glasbeni-cd\/","og_locale":"sl_SI","og_type":"article","og_title":"Svetnik: Upaj!, glasbeni CD - trgovina Iskreni","og_description":"12 novih slavilnih pesmi sodobne kr\u0161\u010danske glasbe v slovenskem jeziku. Prinesite v va\u0161 dom nekaj sve\u017eine z melodijami, ki slavijo Boga.","og_url":"https:\/\/www.iskreni.net\/trgovina\/product\/upaj-glasbeni-cd\/","og_site_name":"Zavod Iskreni","article_modified_time":"2026-02-20T14:12:09+00:00","og_image":[{"width":1457,"height":1330,"url":"https:\/\/www.iskreni.net\/trgovina\/wp-content\/uploads\/2024\/11\/Upaj-naslovnica-1.jpg","type":"image\/jpeg"}],"twitter_card":"summary_large_image","twitter_misc":{"Est. reading time":"1 minuta"},"schema":{"@context":"https:\/\/schema.org","@graph":[{"@type":"WebPage","@id":"https:\/\/www.iskreni.net\/trgovina\/product\/upaj-glasbeni-cd\/","url":"https:\/\/www.iskreni.net\/trgovina\/product\/upaj-glasbeni-cd\/","name":"Svetnik: Upaj!, glasbeni CD - trgovina Iskreni","isPartOf":{"@id":"https:\/\/www.iskreni.net\/trgovina\/#website"},"primaryImageOfPage":{"@id":"https:\/\/www.iskreni.net\/trgovina\/product\/upaj-glasbeni-cd\/#primaryimage"},"image":{"@id":"https:\/\/www.iskreni.net\/trgovina\/product\/upaj-glasbeni-cd\/#primaryimage"},"thumbnailUrl":"https:\/\/www.iskreni.net\/trgovina\/wp-content\/uploads\/2024\/11\/Upaj-naslovnica-1.jpg","datePublished":"2024-11-07T10:19:35+00:00","dateModified":"2026-02-20T14:12:09+00:00","description":"12 novih slavilnih pesmi sodobne kr\u0161\u010danske glasbe v slovenskem jeziku. Prinesite v va\u0161 dom nekaj sve\u017eine z melodijami, ki slavijo Boga.","breadcrumb":{"@id":"https:\/\/www.iskreni.net\/trgovina\/product\/upaj-glasbeni-cd\/#breadcrumb"},"inLanguage":"sl-SI","potentialAction":[{"@type":"ReadAction","target":["https:\/\/www.iskreni.net\/trgovina\/product\/upaj-glasbeni-cd\/"]}]},{"@type":"ImageObject","inLanguage":"sl-SI","@id":"https:\/\/www.iskreni.net\/trgovina\/product\/upaj-glasbeni-cd\/#primaryimage","url":"https:\/\/www.iskreni.net\/trgovina\/wp-content\/uploads\/2024\/11\/Upaj-naslovnica-1.jpg","contentUrl":"https:\/\/www.iskreni.net\/trgovina\/wp-content\/uploads\/2024\/11\/Upaj-naslovnica-1.jpg","width":1457,"height":1330,"caption":"CD-Svetnik-Upaj-priprava-za-tisk-final.pdf - 1"},{"@type":"BreadcrumbList","@id":"https:\/\/www.iskreni.net\/trgovina\/product\/upaj-glasbeni-cd\/#breadcrumb","itemListElement":[{"@type":"ListItem","position":1,"name":"Home","item":"https:\/\/www.iskreni.net\/trgovina\/"},{"@type":"ListItem","position":2,"name":"Trgovina","item":"https:\/\/www.iskreni.net\/trgovina\/trgovina\/"},{"@type":"ListItem","position":3,"name":"Upaj!, glasbeni CD"}]},{"@type":"WebSite","@id":"https:\/\/www.iskreni.net\/trgovina\/#website","url":"https:\/\/www.iskreni.net\/trgovina\/","name":"Zavod Iskreni","description":"trgovina","potentialAction":[{"@type":"SearchAction","target":{"@type":"EntryPoint","urlTemplate":"https:\/\/www.iskreni.net\/trgovina\/?s={search_term_string}"},"query-input":{"@type":"PropertyValueSpecification","valueRequired":true,"valueName":"search_term_string"}}],"inLanguage":"sl-SI"}]}},"_links":{"self":[{"href":"https:\/\/www.iskreni.net\/trgovina\/wp-json\/wp\/v2\/product\/80163","targetHints":{"allow":["GET"]}}],"collection":[{"href":"https:\/\/www.iskreni.net\/trgovina\/wp-json\/wp\/v2\/product"}],"about":[{"href":"https:\/\/www.iskreni.net\/trgovina\/wp-json\/wp\/v2\/types\/product"}],"replies":[{"embeddable":true,"href":"https:\/\/www.iskreni.net\/trgovina\/wp-json\/wp\/v2\/comments?post=80163"}],"version-history":[{"count":3,"href":"https:\/\/www.iskreni.net\/trgovina\/wp-json\/wp\/v2\/product\/80163\/revisions"}],"predecessor-version":[{"id":80169,"href":"https:\/\/www.iskreni.net\/trgovina\/wp-json\/wp\/v2\/product\/80163\/revisions\/80169"}],"wp:featuredmedia":[{"embeddable":true,"href":"https:\/\/www.iskreni.net\/trgovina\/wp-json\/wp\/v2\/media\/80165"}],"wp:attachment":[{"href":"https:\/\/www.iskreni.net\/trgovina\/wp-json\/wp\/v2\/media?parent=80163"}],"wp:term":[{"taxonomy":"product_brand","embeddable":true,"href":"https:\/\/www.iskreni.net\/trgovina\/wp-json\/wp\/v2\/product_brand?post=80163"},{"taxonomy":"product_cat","embeddable":true,"href":"https:\/\/www.iskreni.net\/trgovina\/wp-json\/wp\/v2\/product_cat?post=80163"},{"taxonomy":"product_tag","embeddable":true,"href":"https:\/\/www.iskreni.net\/trgovina\/wp-json\/wp\/v2\/product_tag?post=80163"},{"taxonomy":"avtor","embeddable":true,"href":"https:\/\/www.iskreni.net\/trgovina\/wp-json\/wp\/v2\/avtor?post=80163"},{"taxonomy":"zalozba","embeddable":true,"href":"https:\/\/www.iskreni.net\/trgovina\/wp-json\/wp\/v2\/zalozba?post=80163"},{"taxonomy":"vezava","embeddable":true,"href":"https:\/\/www.iskreni.net\/trgovina\/wp-json\/wp\/v2\/vezava?post=80163"}],"curies":[{"name":"wp","href":"https:\/\/api.w.org\/{rel}","templated":true}]}}