{"id":79861,"date":"2024-11-11T08:00:03","date_gmt":"2024-11-11T07:00:03","guid":{"rendered":"https:\/\/www.iskreni.net\/trgovina\/?post_type=product&#038;p=79861"},"modified":"2024-11-14T11:14:19","modified_gmt":"2024-11-14T10:14:19","slug":"v-soli-svetega-duha","status":"publish","type":"product","link":"https:\/\/www.iskreni.net\/trgovina\/product\/v-soli-svetega-duha\/","title":{"rendered":"V \u0161oli Svetega Duha"},"content":{"rendered":"<h4>O knjigi V \u0161oli Svetega Duha:<\/h4>\n<p>Sveti Duh se ni utelesil, zato ga je te\u017eko omejiti v besedo ali podobo. Najbolj otipljive Jezusove besede o Svetem Duhu najdemo v njegovem pogovoru z Nikodemom, v katerem razumemo, da je delovanje Duha podobno neotipljivosti vetra: \u201cVeter veje, koder ho\u010de, njegov glas sli\u0161i\u0161, pa ne ve\u0161, od kod prihaja in kam gre. Tako je z vsakim, ki je rojen iz Duha\u201d (Jn 3,8).<\/p>\n<p>Sveti Duh je navzo\u010d v vsaki kr\u0161\u010deni osebi in nas lahko vodi in nam pomaga z vzgibi, ki jih vtisne globoko v na\u0161o du\u0161o. \u010ce se jih nau\u010dimo prepoznavati in sprejemati, \u010de smo bolj pozorni na navdihe, po katerih Bog govori na\u0161emu srcu, nam to lahko pomaga narediti velike korake v kr\u0161\u010danskem \u017eivljenju.<\/p>\n<h4>O avtorju:<\/h4>\n<p>Jacques Philippe je francoski katoli\u0161ki duhovnik, rojen leta 1947. Je \u010dlan Skupnosti blagrov, karizmati\u010dne katoli\u0161ke skupnosti, ustanovljene leta 1973. Philippe je priznan po svojih \u0161tevilnih delih o duhovnem \u017eivljenju in osebni rasti, kjer obravnava teme, kot so molitev, notranja svoboda in mir v srcu. Njegove knjige, prevedene v ve\u010d jezikov, so cenjene zaradi jasnosti, globine in dostopnosti. Med njegovimi najbolj znanimi deli sta \u00bbI\u0161\u010di mir in mu sledi\u00ab in \u00bb\u010cas za Boga\u00ab. Poleg pisanja je Jacques Philippe tudi predavatelj in vodi duhovne vaje po vsem svetu, pri \u010demer<br \/>\npomaga mnogim vernikom poglobiti njihovo vero in odnos z Bogom. Znan je po svojem umirjenem in pristnem pristopu, ki mnoge navdihuje k iskanju prisotnosti Boga v \u017eivljenju.<\/p>\n","protected":false},"excerpt":{"rendered":"<p><strong>Leto izdaje:<\/strong> 2024<br \/>\n<strong>\u0160tevilo strani:<\/strong> 108<br \/>\n<strong>Format:<\/strong> 12 x 19 cm<\/p>\n<p>&nbsp;<\/p>\n","protected":false},"featured_media":79863,"comment_status":"open","ping_status":"closed","template":"","meta":[],"product_brand":[],"product_cat":[2324,63],"product_tag":[1061],"avtor":[2430],"zalozba":[2335],"vezava":[2635],"class_list":{"0":"post-79861","1":"product","2":"type-product","3":"status-publish","4":"has-post-thumbnail","6":"product_cat-duhovnost-in-osebna-rast","7":"product_cat-knjige","8":"product_tag-duhovna-rast","9":"avtor-jacques-philippe","10":"zalozba-zalozba-emanuel","11":"vezava-mehka-z-zavihki","13":"first","14":"instock","15":"taxable","16":"shipping-taxable","17":"purchasable","18":"product-type-simple"},"yoast_head":"<!-- This site is optimized with the Yoast SEO plugin v26.3 - https:\/\/yoast.com\/wordpress\/plugins\/seo\/ -->\n<title>V \u0161oli Svetega Duha - trgovina Zavod Iskreni<\/title>\n<meta name=\"description\" content=\"Namen knjige V \u0161oli Svetega Duha, napisane v dostopnem in konkretnem jeziku, je pokazati prakti\u010dne korake, ki nam bodo omogo\u010dili, da bomo poslu\u0161ni delovanju Svetega Duha.\" \/>\n<meta name=\"robots\" content=\"index, follow, max-snippet:-1, max-image-preview:large, max-video-preview:-1\" \/>\n<link rel=\"canonical\" href=\"https:\/\/www.iskreni.net\/trgovina\/product\/v-soli-svetega-duha\/\" \/>\n<meta property=\"og:locale\" content=\"sl_SI\" \/>\n<meta property=\"og:type\" content=\"article\" \/>\n<meta property=\"og:title\" content=\"V \u0161oli Svetega Duha\" \/>\n<meta property=\"og:description\" content=\"Namen knjige V \u0161oli Svetega Duha, napisane v dostopnem in konkretnem jeziku, je pokazati prakti\u010dne korake, ki nam bodo omogo\u010dili, da bomo poslu\u0161ni delovanju Svetega Duha.\" \/>\n<meta property=\"og:url\" content=\"https:\/\/www.iskreni.net\/trgovina\/product\/v-soli-svetega-duha\/\" \/>\n<meta property=\"og:site_name\" content=\"Zavod Iskreni\" \/>\n<meta property=\"article:modified_time\" content=\"2024-11-14T10:14:19+00:00\" \/>\n<meta property=\"og:image\" content=\"https:\/\/www.iskreni.net\/trgovina\/wp-content\/uploads\/2024\/10\/Slike-za-v-spletno-trgovino-2024-10-22T145243.530.jpg\" \/>\n\t<meta property=\"og:image:width\" content=\"600\" \/>\n\t<meta property=\"og:image:height\" content=\"600\" \/>\n\t<meta property=\"og:image:type\" content=\"image\/jpeg\" \/>\n<meta name=\"twitter:card\" content=\"summary_large_image\" \/>\n<meta name=\"twitter:label1\" content=\"Est. reading time\" \/>\n\t<meta name=\"twitter:data1\" content=\"2 minuti\" \/>\n<script type=\"application\/ld+json\" class=\"yoast-schema-graph\">{\"@context\":\"https:\/\/schema.org\",\"@graph\":[{\"@type\":\"WebPage\",\"@id\":\"https:\/\/www.iskreni.net\/trgovina\/product\/v-soli-svetega-duha\/\",\"url\":\"https:\/\/www.iskreni.net\/trgovina\/product\/v-soli-svetega-duha\/\",\"name\":\"V \u0161oli Svetega Duha - trgovina Zavod Iskreni\",\"isPartOf\":{\"@id\":\"https:\/\/www.iskreni.net\/trgovina\/#website\"},\"primaryImageOfPage\":{\"@id\":\"https:\/\/www.iskreni.net\/trgovina\/product\/v-soli-svetega-duha\/#primaryimage\"},\"image\":{\"@id\":\"https:\/\/www.iskreni.net\/trgovina\/product\/v-soli-svetega-duha\/#primaryimage\"},\"thumbnailUrl\":\"https:\/\/www.iskreni.net\/trgovina\/wp-content\/uploads\/2024\/10\/Slike-za-v-spletno-trgovino-2024-10-22T145243.530.jpg\",\"datePublished\":\"2024-11-11T07:00:03+00:00\",\"dateModified\":\"2024-11-14T10:14:19+00:00\",\"description\":\"Namen knjige V \u0161oli Svetega Duha, napisane v dostopnem in konkretnem jeziku, je pokazati prakti\u010dne korake, ki nam bodo omogo\u010dili, da bomo poslu\u0161ni delovanju Svetega Duha.\",\"breadcrumb\":{\"@id\":\"https:\/\/www.iskreni.net\/trgovina\/product\/v-soli-svetega-duha\/#breadcrumb\"},\"inLanguage\":\"sl-SI\",\"potentialAction\":[{\"@type\":\"ReadAction\",\"target\":[\"https:\/\/www.iskreni.net\/trgovina\/product\/v-soli-svetega-duha\/\"]}]},{\"@type\":\"ImageObject\",\"inLanguage\":\"sl-SI\",\"@id\":\"https:\/\/www.iskreni.net\/trgovina\/product\/v-soli-svetega-duha\/#primaryimage\",\"url\":\"https:\/\/www.iskreni.net\/trgovina\/wp-content\/uploads\/2024\/10\/Slike-za-v-spletno-trgovino-2024-10-22T145243.530.jpg\",\"contentUrl\":\"https:\/\/www.iskreni.net\/trgovina\/wp-content\/uploads\/2024\/10\/Slike-za-v-spletno-trgovino-2024-10-22T145243.530.jpg\",\"width\":600,\"height\":600},{\"@type\":\"BreadcrumbList\",\"@id\":\"https:\/\/www.iskreni.net\/trgovina\/product\/v-soli-svetega-duha\/#breadcrumb\",\"itemListElement\":[{\"@type\":\"ListItem\",\"position\":1,\"name\":\"Home\",\"item\":\"https:\/\/www.iskreni.net\/trgovina\/\"},{\"@type\":\"ListItem\",\"position\":2,\"name\":\"Trgovina\",\"item\":\"https:\/\/www.iskreni.net\/trgovina\/trgovina\/\"},{\"@type\":\"ListItem\",\"position\":3,\"name\":\"V \u0161oli Svetega Duha\"}]},{\"@type\":\"WebSite\",\"@id\":\"https:\/\/www.iskreni.net\/trgovina\/#website\",\"url\":\"https:\/\/www.iskreni.net\/trgovina\/\",\"name\":\"Zavod Iskreni\",\"description\":\"trgovina\",\"potentialAction\":[{\"@type\":\"SearchAction\",\"target\":{\"@type\":\"EntryPoint\",\"urlTemplate\":\"https:\/\/www.iskreni.net\/trgovina\/?s={search_term_string}\"},\"query-input\":{\"@type\":\"PropertyValueSpecification\",\"valueRequired\":true,\"valueName\":\"search_term_string\"}}],\"inLanguage\":\"sl-SI\"}]}<\/script>\n<!-- \/ Yoast SEO plugin. -->","yoast_head_json":{"title":"V \u0161oli Svetega Duha - trgovina Zavod Iskreni","description":"Namen knjige V \u0161oli Svetega Duha, napisane v dostopnem in konkretnem jeziku, je pokazati prakti\u010dne korake, ki nam bodo omogo\u010dili, da bomo poslu\u0161ni delovanju Svetega Duha.","robots":{"index":"index","follow":"follow","max-snippet":"max-snippet:-1","max-image-preview":"max-image-preview:large","max-video-preview":"max-video-preview:-1"},"canonical":"https:\/\/www.iskreni.net\/trgovina\/product\/v-soli-svetega-duha\/","og_locale":"sl_SI","og_type":"article","og_title":"V \u0161oli Svetega Duha","og_description":"Namen knjige V \u0161oli Svetega Duha, napisane v dostopnem in konkretnem jeziku, je pokazati prakti\u010dne korake, ki nam bodo omogo\u010dili, da bomo poslu\u0161ni delovanju Svetega Duha.","og_url":"https:\/\/www.iskreni.net\/trgovina\/product\/v-soli-svetega-duha\/","og_site_name":"Zavod Iskreni","article_modified_time":"2024-11-14T10:14:19+00:00","og_image":[{"width":600,"height":600,"url":"https:\/\/www.iskreni.net\/trgovina\/wp-content\/uploads\/2024\/10\/Slike-za-v-spletno-trgovino-2024-10-22T145243.530.jpg","type":"image\/jpeg"}],"twitter_card":"summary_large_image","twitter_misc":{"Est. reading time":"2 minuti"},"schema":{"@context":"https:\/\/schema.org","@graph":[{"@type":"WebPage","@id":"https:\/\/www.iskreni.net\/trgovina\/product\/v-soli-svetega-duha\/","url":"https:\/\/www.iskreni.net\/trgovina\/product\/v-soli-svetega-duha\/","name":"V \u0161oli Svetega Duha - trgovina Zavod Iskreni","isPartOf":{"@id":"https:\/\/www.iskreni.net\/trgovina\/#website"},"primaryImageOfPage":{"@id":"https:\/\/www.iskreni.net\/trgovina\/product\/v-soli-svetega-duha\/#primaryimage"},"image":{"@id":"https:\/\/www.iskreni.net\/trgovina\/product\/v-soli-svetega-duha\/#primaryimage"},"thumbnailUrl":"https:\/\/www.iskreni.net\/trgovina\/wp-content\/uploads\/2024\/10\/Slike-za-v-spletno-trgovino-2024-10-22T145243.530.jpg","datePublished":"2024-11-11T07:00:03+00:00","dateModified":"2024-11-14T10:14:19+00:00","description":"Namen knjige V \u0161oli Svetega Duha, napisane v dostopnem in konkretnem jeziku, je pokazati prakti\u010dne korake, ki nam bodo omogo\u010dili, da bomo poslu\u0161ni delovanju Svetega Duha.","breadcrumb":{"@id":"https:\/\/www.iskreni.net\/trgovina\/product\/v-soli-svetega-duha\/#breadcrumb"},"inLanguage":"sl-SI","potentialAction":[{"@type":"ReadAction","target":["https:\/\/www.iskreni.net\/trgovina\/product\/v-soli-svetega-duha\/"]}]},{"@type":"ImageObject","inLanguage":"sl-SI","@id":"https:\/\/www.iskreni.net\/trgovina\/product\/v-soli-svetega-duha\/#primaryimage","url":"https:\/\/www.iskreni.net\/trgovina\/wp-content\/uploads\/2024\/10\/Slike-za-v-spletno-trgovino-2024-10-22T145243.530.jpg","contentUrl":"https:\/\/www.iskreni.net\/trgovina\/wp-content\/uploads\/2024\/10\/Slike-za-v-spletno-trgovino-2024-10-22T145243.530.jpg","width":600,"height":600},{"@type":"BreadcrumbList","@id":"https:\/\/www.iskreni.net\/trgovina\/product\/v-soli-svetega-duha\/#breadcrumb","itemListElement":[{"@type":"ListItem","position":1,"name":"Home","item":"https:\/\/www.iskreni.net\/trgovina\/"},{"@type":"ListItem","position":2,"name":"Trgovina","item":"https:\/\/www.iskreni.net\/trgovina\/trgovina\/"},{"@type":"ListItem","position":3,"name":"V \u0161oli Svetega Duha"}]},{"@type":"WebSite","@id":"https:\/\/www.iskreni.net\/trgovina\/#website","url":"https:\/\/www.iskreni.net\/trgovina\/","name":"Zavod Iskreni","description":"trgovina","potentialAction":[{"@type":"SearchAction","target":{"@type":"EntryPoint","urlTemplate":"https:\/\/www.iskreni.net\/trgovina\/?s={search_term_string}"},"query-input":{"@type":"PropertyValueSpecification","valueRequired":true,"valueName":"search_term_string"}}],"inLanguage":"sl-SI"}]}},"_links":{"self":[{"href":"https:\/\/www.iskreni.net\/trgovina\/wp-json\/wp\/v2\/product\/79861","targetHints":{"allow":["GET"]}}],"collection":[{"href":"https:\/\/www.iskreni.net\/trgovina\/wp-json\/wp\/v2\/product"}],"about":[{"href":"https:\/\/www.iskreni.net\/trgovina\/wp-json\/wp\/v2\/types\/product"}],"replies":[{"embeddable":true,"href":"https:\/\/www.iskreni.net\/trgovina\/wp-json\/wp\/v2\/comments?post=79861"}],"version-history":[{"count":3,"href":"https:\/\/www.iskreni.net\/trgovina\/wp-json\/wp\/v2\/product\/79861\/revisions"}],"predecessor-version":[{"id":80312,"href":"https:\/\/www.iskreni.net\/trgovina\/wp-json\/wp\/v2\/product\/79861\/revisions\/80312"}],"wp:featuredmedia":[{"embeddable":true,"href":"https:\/\/www.iskreni.net\/trgovina\/wp-json\/wp\/v2\/media\/79863"}],"wp:attachment":[{"href":"https:\/\/www.iskreni.net\/trgovina\/wp-json\/wp\/v2\/media?parent=79861"}],"wp:term":[{"taxonomy":"product_brand","embeddable":true,"href":"https:\/\/www.iskreni.net\/trgovina\/wp-json\/wp\/v2\/product_brand?post=79861"},{"taxonomy":"product_cat","embeddable":true,"href":"https:\/\/www.iskreni.net\/trgovina\/wp-json\/wp\/v2\/product_cat?post=79861"},{"taxonomy":"product_tag","embeddable":true,"href":"https:\/\/www.iskreni.net\/trgovina\/wp-json\/wp\/v2\/product_tag?post=79861"},{"taxonomy":"avtor","embeddable":true,"href":"https:\/\/www.iskreni.net\/trgovina\/wp-json\/wp\/v2\/avtor?post=79861"},{"taxonomy":"zalozba","embeddable":true,"href":"https:\/\/www.iskreni.net\/trgovina\/wp-json\/wp\/v2\/zalozba?post=79861"},{"taxonomy":"vezava","embeddable":true,"href":"https:\/\/www.iskreni.net\/trgovina\/wp-json\/wp\/v2\/vezava?post=79861"}],"curies":[{"name":"wp","href":"https:\/\/api.w.org\/{rel}","templated":true}]}}