{"id":79614,"date":"2024-10-11T13:58:12","date_gmt":"2024-10-11T11:58:12","guid":{"rendered":"https:\/\/www.iskreni.net\/trgovina\/?post_type=product&#038;p=79614"},"modified":"2025-07-09T13:21:35","modified_gmt":"2025-07-09T11:21:35","slug":"jesen-je-jezek","status":"publish","type":"product","link":"https:\/\/www.iskreni.net\/trgovina\/product\/jesen-je-jezek\/","title":{"rendered":"Jesen je, Je\u017eek"},"content":{"rendered":"<h4 class=\"subtitle name\">O knjigi Jesen je, Je\u017eek:<\/h4>\n<p>Zbirka letni \u010dasi<\/p>\n<p>Zunaj postaja hladneje in bli\u017ea se jesen. \u010cas je, da se Je\u017eek zatopi v zimsko spanje, a to mu ni kaj preve\u010d v\u0161e\u010d \u2013 no\u010de namre\u010d zamuditi zlatobarvnega listja, gob in kostanjev!<\/p>\n<p>Na sre\u010do ima dobre prijatelje, ki mu ob slovesu stojijo ob strani in obljubijo, da se bodo znova videli spomladi.<\/p>\n<p>&nbsp;<\/p>\n","protected":false},"excerpt":{"rendered":"<p><strong>Avtor:\u00a0<\/strong>Giuditta Campello<br \/>\n<strong>Leto izida:\u00a0<\/strong>2024<br \/>\n<strong>\u0160tevilo strani<\/strong>: 32<br \/>\n<strong>Dimenzije<\/strong>: 270 mm x 220 mm<\/p>\n<p><a href=\"https:\/\/www.galarna.si\/jesen-je-jezek\">Prelistajte knjigo &gt;&gt;<\/a><\/p>\n","protected":false},"featured_media":79617,"comment_status":"open","ping_status":"closed","template":"","meta":[],"product_brand":[],"product_cat":[63,135],"product_tag":[],"avtor":[2838],"zalozba":[2361],"vezava":[2306],"class_list":{"0":"post-79614","1":"product","2":"type-product","3":"status-publish","4":"has-post-thumbnail","6":"product_cat-knjige","7":"product_cat-za-otroke","8":"avtor-giuditta-campello","9":"zalozba-hisa-knjig","10":"vezava-trda","12":"first","13":"onbackorder","14":"taxable","15":"shipping-taxable","16":"purchasable","17":"product-type-simple"},"yoast_head":"<!-- This site is optimized with the Yoast SEO plugin v26.3 - https:\/\/yoast.com\/wordpress\/plugins\/seo\/ -->\n<title>Jesen je, Je\u017eek - trgovina Iskreni<\/title>\n<meta name=\"description\" content=\"Zunaj postaja hladneje in bli\u017ea se jesen. \u010cas je, da se Je\u017eek zatopi v zimsko spanje, a to mu ni kaj preve\u010d v\u0161e\u010d \u2013 no\u010de namre\u010d zamuditi zlatobarvnega listja, gob in kostanjev!\" \/>\n<meta name=\"robots\" content=\"index, follow, max-snippet:-1, max-image-preview:large, max-video-preview:-1\" \/>\n<link rel=\"canonical\" href=\"https:\/\/www.iskreni.net\/trgovina\/product\/jesen-je-jezek\/\" \/>\n<meta property=\"og:locale\" content=\"sl_SI\" \/>\n<meta property=\"og:type\" content=\"article\" \/>\n<meta property=\"og:title\" content=\"Jesen je, Je\u017eek\" \/>\n<meta property=\"og:description\" content=\"Zunaj postaja hladneje in bli\u017ea se jesen. \u010cas je, da se Je\u017eek zatopi v zimsko spanje, a to mu ni kaj preve\u010d v\u0161e\u010d \u2013 no\u010de namre\u010d zamuditi zlatobarvnega listja, gob in kostanjev!\" \/>\n<meta property=\"og:url\" content=\"https:\/\/www.iskreni.net\/trgovina\/product\/jesen-je-jezek\/\" \/>\n<meta property=\"og:site_name\" content=\"Zavod Iskreni\" \/>\n<meta property=\"article:modified_time\" content=\"2025-07-09T11:21:35+00:00\" \/>\n<meta property=\"og:image\" content=\"https:\/\/www.iskreni.net\/trgovina\/wp-content\/uploads\/2024\/10\/Slike-za-v-spletno-trgovino-2024-10-11T135740.304.jpg\" \/>\n\t<meta property=\"og:image:width\" content=\"600\" \/>\n\t<meta property=\"og:image:height\" content=\"600\" \/>\n\t<meta property=\"og:image:type\" content=\"image\/jpeg\" \/>\n<meta name=\"twitter:card\" content=\"summary_large_image\" \/>\n<meta name=\"twitter:label1\" content=\"Est. reading time\" \/>\n\t<meta name=\"twitter:data1\" content=\"1 minuta\" \/>\n<script type=\"application\/ld+json\" class=\"yoast-schema-graph\">{\"@context\":\"https:\/\/schema.org\",\"@graph\":[{\"@type\":\"WebPage\",\"@id\":\"https:\/\/www.iskreni.net\/trgovina\/product\/jesen-je-jezek\/\",\"url\":\"https:\/\/www.iskreni.net\/trgovina\/product\/jesen-je-jezek\/\",\"name\":\"Jesen je, Je\u017eek - trgovina Iskreni\",\"isPartOf\":{\"@id\":\"https:\/\/www.iskreni.net\/trgovina\/#website\"},\"primaryImageOfPage\":{\"@id\":\"https:\/\/www.iskreni.net\/trgovina\/product\/jesen-je-jezek\/#primaryimage\"},\"image\":{\"@id\":\"https:\/\/www.iskreni.net\/trgovina\/product\/jesen-je-jezek\/#primaryimage\"},\"thumbnailUrl\":\"https:\/\/www.iskreni.net\/trgovina\/wp-content\/uploads\/2024\/10\/Slike-za-v-spletno-trgovino-2024-10-11T135740.304.jpg\",\"datePublished\":\"2024-10-11T11:58:12+00:00\",\"dateModified\":\"2025-07-09T11:21:35+00:00\",\"description\":\"Zunaj postaja hladneje in bli\u017ea se jesen. \u010cas je, da se Je\u017eek zatopi v zimsko spanje, a to mu ni kaj preve\u010d v\u0161e\u010d \u2013 no\u010de namre\u010d zamuditi zlatobarvnega listja, gob in kostanjev!\",\"breadcrumb\":{\"@id\":\"https:\/\/www.iskreni.net\/trgovina\/product\/jesen-je-jezek\/#breadcrumb\"},\"inLanguage\":\"sl-SI\",\"potentialAction\":[{\"@type\":\"ReadAction\",\"target\":[\"https:\/\/www.iskreni.net\/trgovina\/product\/jesen-je-jezek\/\"]}]},{\"@type\":\"ImageObject\",\"inLanguage\":\"sl-SI\",\"@id\":\"https:\/\/www.iskreni.net\/trgovina\/product\/jesen-je-jezek\/#primaryimage\",\"url\":\"https:\/\/www.iskreni.net\/trgovina\/wp-content\/uploads\/2024\/10\/Slike-za-v-spletno-trgovino-2024-10-11T135740.304.jpg\",\"contentUrl\":\"https:\/\/www.iskreni.net\/trgovina\/wp-content\/uploads\/2024\/10\/Slike-za-v-spletno-trgovino-2024-10-11T135740.304.jpg\",\"width\":600,\"height\":600},{\"@type\":\"BreadcrumbList\",\"@id\":\"https:\/\/www.iskreni.net\/trgovina\/product\/jesen-je-jezek\/#breadcrumb\",\"itemListElement\":[{\"@type\":\"ListItem\",\"position\":1,\"name\":\"Home\",\"item\":\"https:\/\/www.iskreni.net\/trgovina\/\"},{\"@type\":\"ListItem\",\"position\":2,\"name\":\"Trgovina\",\"item\":\"https:\/\/www.iskreni.net\/trgovina\/trgovina\/\"},{\"@type\":\"ListItem\",\"position\":3,\"name\":\"Jesen je, Je\u017eek\"}]},{\"@type\":\"WebSite\",\"@id\":\"https:\/\/www.iskreni.net\/trgovina\/#website\",\"url\":\"https:\/\/www.iskreni.net\/trgovina\/\",\"name\":\"Zavod Iskreni\",\"description\":\"trgovina\",\"potentialAction\":[{\"@type\":\"SearchAction\",\"target\":{\"@type\":\"EntryPoint\",\"urlTemplate\":\"https:\/\/www.iskreni.net\/trgovina\/?s={search_term_string}\"},\"query-input\":{\"@type\":\"PropertyValueSpecification\",\"valueRequired\":true,\"valueName\":\"search_term_string\"}}],\"inLanguage\":\"sl-SI\"}]}<\/script>\n<!-- \/ Yoast SEO plugin. -->","yoast_head_json":{"title":"Jesen je, Je\u017eek - trgovina Iskreni","description":"Zunaj postaja hladneje in bli\u017ea se jesen. \u010cas je, da se Je\u017eek zatopi v zimsko spanje, a to mu ni kaj preve\u010d v\u0161e\u010d \u2013 no\u010de namre\u010d zamuditi zlatobarvnega listja, gob in kostanjev!","robots":{"index":"index","follow":"follow","max-snippet":"max-snippet:-1","max-image-preview":"max-image-preview:large","max-video-preview":"max-video-preview:-1"},"canonical":"https:\/\/www.iskreni.net\/trgovina\/product\/jesen-je-jezek\/","og_locale":"sl_SI","og_type":"article","og_title":"Jesen je, Je\u017eek","og_description":"Zunaj postaja hladneje in bli\u017ea se jesen. \u010cas je, da se Je\u017eek zatopi v zimsko spanje, a to mu ni kaj preve\u010d v\u0161e\u010d \u2013 no\u010de namre\u010d zamuditi zlatobarvnega listja, gob in kostanjev!","og_url":"https:\/\/www.iskreni.net\/trgovina\/product\/jesen-je-jezek\/","og_site_name":"Zavod Iskreni","article_modified_time":"2025-07-09T11:21:35+00:00","og_image":[{"width":600,"height":600,"url":"https:\/\/www.iskreni.net\/trgovina\/wp-content\/uploads\/2024\/10\/Slike-za-v-spletno-trgovino-2024-10-11T135740.304.jpg","type":"image\/jpeg"}],"twitter_card":"summary_large_image","twitter_misc":{"Est. reading time":"1 minuta"},"schema":{"@context":"https:\/\/schema.org","@graph":[{"@type":"WebPage","@id":"https:\/\/www.iskreni.net\/trgovina\/product\/jesen-je-jezek\/","url":"https:\/\/www.iskreni.net\/trgovina\/product\/jesen-je-jezek\/","name":"Jesen je, Je\u017eek - trgovina Iskreni","isPartOf":{"@id":"https:\/\/www.iskreni.net\/trgovina\/#website"},"primaryImageOfPage":{"@id":"https:\/\/www.iskreni.net\/trgovina\/product\/jesen-je-jezek\/#primaryimage"},"image":{"@id":"https:\/\/www.iskreni.net\/trgovina\/product\/jesen-je-jezek\/#primaryimage"},"thumbnailUrl":"https:\/\/www.iskreni.net\/trgovina\/wp-content\/uploads\/2024\/10\/Slike-za-v-spletno-trgovino-2024-10-11T135740.304.jpg","datePublished":"2024-10-11T11:58:12+00:00","dateModified":"2025-07-09T11:21:35+00:00","description":"Zunaj postaja hladneje in bli\u017ea se jesen. \u010cas je, da se Je\u017eek zatopi v zimsko spanje, a to mu ni kaj preve\u010d v\u0161e\u010d \u2013 no\u010de namre\u010d zamuditi zlatobarvnega listja, gob in kostanjev!","breadcrumb":{"@id":"https:\/\/www.iskreni.net\/trgovina\/product\/jesen-je-jezek\/#breadcrumb"},"inLanguage":"sl-SI","potentialAction":[{"@type":"ReadAction","target":["https:\/\/www.iskreni.net\/trgovina\/product\/jesen-je-jezek\/"]}]},{"@type":"ImageObject","inLanguage":"sl-SI","@id":"https:\/\/www.iskreni.net\/trgovina\/product\/jesen-je-jezek\/#primaryimage","url":"https:\/\/www.iskreni.net\/trgovina\/wp-content\/uploads\/2024\/10\/Slike-za-v-spletno-trgovino-2024-10-11T135740.304.jpg","contentUrl":"https:\/\/www.iskreni.net\/trgovina\/wp-content\/uploads\/2024\/10\/Slike-za-v-spletno-trgovino-2024-10-11T135740.304.jpg","width":600,"height":600},{"@type":"BreadcrumbList","@id":"https:\/\/www.iskreni.net\/trgovina\/product\/jesen-je-jezek\/#breadcrumb","itemListElement":[{"@type":"ListItem","position":1,"name":"Home","item":"https:\/\/www.iskreni.net\/trgovina\/"},{"@type":"ListItem","position":2,"name":"Trgovina","item":"https:\/\/www.iskreni.net\/trgovina\/trgovina\/"},{"@type":"ListItem","position":3,"name":"Jesen je, Je\u017eek"}]},{"@type":"WebSite","@id":"https:\/\/www.iskreni.net\/trgovina\/#website","url":"https:\/\/www.iskreni.net\/trgovina\/","name":"Zavod Iskreni","description":"trgovina","potentialAction":[{"@type":"SearchAction","target":{"@type":"EntryPoint","urlTemplate":"https:\/\/www.iskreni.net\/trgovina\/?s={search_term_string}"},"query-input":{"@type":"PropertyValueSpecification","valueRequired":true,"valueName":"search_term_string"}}],"inLanguage":"sl-SI"}]}},"_links":{"self":[{"href":"https:\/\/www.iskreni.net\/trgovina\/wp-json\/wp\/v2\/product\/79614","targetHints":{"allow":["GET"]}}],"collection":[{"href":"https:\/\/www.iskreni.net\/trgovina\/wp-json\/wp\/v2\/product"}],"about":[{"href":"https:\/\/www.iskreni.net\/trgovina\/wp-json\/wp\/v2\/types\/product"}],"replies":[{"embeddable":true,"href":"https:\/\/www.iskreni.net\/trgovina\/wp-json\/wp\/v2\/comments?post=79614"}],"version-history":[{"count":4,"href":"https:\/\/www.iskreni.net\/trgovina\/wp-json\/wp\/v2\/product\/79614\/revisions"}],"predecessor-version":[{"id":79622,"href":"https:\/\/www.iskreni.net\/trgovina\/wp-json\/wp\/v2\/product\/79614\/revisions\/79622"}],"wp:featuredmedia":[{"embeddable":true,"href":"https:\/\/www.iskreni.net\/trgovina\/wp-json\/wp\/v2\/media\/79617"}],"wp:attachment":[{"href":"https:\/\/www.iskreni.net\/trgovina\/wp-json\/wp\/v2\/media?parent=79614"}],"wp:term":[{"taxonomy":"product_brand","embeddable":true,"href":"https:\/\/www.iskreni.net\/trgovina\/wp-json\/wp\/v2\/product_brand?post=79614"},{"taxonomy":"product_cat","embeddable":true,"href":"https:\/\/www.iskreni.net\/trgovina\/wp-json\/wp\/v2\/product_cat?post=79614"},{"taxonomy":"product_tag","embeddable":true,"href":"https:\/\/www.iskreni.net\/trgovina\/wp-json\/wp\/v2\/product_tag?post=79614"},{"taxonomy":"avtor","embeddable":true,"href":"https:\/\/www.iskreni.net\/trgovina\/wp-json\/wp\/v2\/avtor?post=79614"},{"taxonomy":"zalozba","embeddable":true,"href":"https:\/\/www.iskreni.net\/trgovina\/wp-json\/wp\/v2\/zalozba?post=79614"},{"taxonomy":"vezava","embeddable":true,"href":"https:\/\/www.iskreni.net\/trgovina\/wp-json\/wp\/v2\/vezava?post=79614"}],"curies":[{"name":"wp","href":"https:\/\/api.w.org\/{rel}","templated":true}]}}