{"id":79013,"date":"2024-09-13T09:37:38","date_gmt":"2024-09-13T07:37:38","guid":{"rendered":"https:\/\/www.iskreni.net\/trgovina\/?post_type=product&#038;p=79013"},"modified":"2025-07-11T09:44:11","modified_gmt":"2025-07-11T07:44:11","slug":"v-svetu-mravelj","status":"publish","type":"product","link":"https:\/\/www.iskreni.net\/trgovina\/product\/v-svetu-mravelj\/","title":{"rendered":"V svetu mravelj"},"content":{"rendered":"<h4>O knjigi V svetu mravelj:<\/h4>\n<p>Najbr\u017e si mislite, da mravlje gradijo velika mravlji\u0161\u010da in so precej pridna vrsta \u017eu\u017eelk. Je na njih sploh kaj zanimivega, se spra\u0161ujete.<\/p>\n<p>Prav zagotovo je!\u00a0<strong>Svet mravelj je eden najzanimivej\u0161ih, kar jih poznamo! Nekatere vrste mravelj veljajo za krvolo\u010dne bojevnice, druge za zavojevalke, tretje pa za spretne rezalke listov, tkalke ali varuhinje listnih u\u0161i.<\/strong>\u00a0Obstajajo tudi tak\u0161ne, ki napadajo gnezda sovra\u017enih mravelj in pokradejo vse, kar tam najdejo. Zdi se, da se mravlje v\u010dasih obna\u0161ajo kot ljudje, se vam ne zdi?<\/p>\n<p>&nbsp;<\/p>\n","protected":false},"excerpt":{"rendered":"<p><strong>Leto izdaje:<\/strong> 2024<br \/>\n<strong>\u0160tevilo strani: <\/strong>48<br \/>\n<strong>Format:<\/strong> 250 x 290mm<\/p>\n","protected":false},"featured_media":79015,"comment_status":"open","ping_status":"closed","template":"","meta":[],"product_brand":[],"product_cat":[63,135],"product_tag":[],"avtor":[2443],"zalozba":[2787],"vezava":[2306],"class_list":{"0":"post-79013","1":"product","2":"type-product","3":"status-publish","4":"has-post-thumbnail","6":"product_cat-knjige","7":"product_cat-za-otroke","8":"avtor-stepanka-sekaninova","9":"zalozba-epistola","10":"vezava-trda","12":"first","13":"onbackorder","14":"taxable","15":"shipping-taxable","16":"purchasable","17":"product-type-simple"},"yoast_head":"<!-- This site is optimized with the Yoast SEO plugin v26.3 - https:\/\/yoast.com\/wordpress\/plugins\/seo\/ -->\n<title>V svetu mravelj - trgovina iskreni<\/title>\n<meta name=\"description\" content=\"Najbr\u017e si mislite, da mravlje gradijo velika mravlji\u0161\u010da in so precej pridna vrsta \u017eu\u017eelk. Je na njih sploh kaj zanimivega, se spra\u0161ujete.\" \/>\n<meta name=\"robots\" content=\"index, follow, max-snippet:-1, max-image-preview:large, max-video-preview:-1\" \/>\n<link rel=\"canonical\" href=\"https:\/\/www.iskreni.net\/trgovina\/product\/v-svetu-mravelj\/\" \/>\n<meta property=\"og:locale\" content=\"sl_SI\" \/>\n<meta property=\"og:type\" content=\"article\" \/>\n<meta property=\"og:title\" content=\"V svetu mravelj\" \/>\n<meta property=\"og:description\" content=\"Prav zagotovo je! Svet mravelj je eden najzanimivej\u0161ih, kar jih poznamo! Nekatere vrste mravelj veljajo za krvolo\u010dne bojevnice, druge za zavojevalke, tretje pa za spretne rezalke listov, tkalke ali varuhinje listnih u\u0161i. Obstajajo tudi tak\u0161ne, ki napadajo gnezda sovra\u017enih mravelj in pokradejo vse, kar tam najdejo. Zdi se, da se mravlje v\u010dasih obna\u0161ajo kot ljudje, se vam ne zdi?\" \/>\n<meta property=\"og:url\" content=\"https:\/\/www.iskreni.net\/trgovina\/product\/v-svetu-mravelj\/\" \/>\n<meta property=\"og:site_name\" content=\"Zavod Iskreni\" \/>\n<meta property=\"article:modified_time\" content=\"2025-07-11T07:44:11+00:00\" \/>\n<meta property=\"og:image\" content=\"https:\/\/www.iskreni.net\/trgovina\/wp-content\/uploads\/2024\/09\/Slike-za-v-spletno-trgovino-2024-09-13T093728.494.jpg\" \/>\n\t<meta property=\"og:image:width\" content=\"600\" \/>\n\t<meta property=\"og:image:height\" content=\"600\" \/>\n\t<meta property=\"og:image:type\" content=\"image\/jpeg\" \/>\n<meta name=\"twitter:card\" content=\"summary_large_image\" \/>\n<meta name=\"twitter:label1\" content=\"Est. reading time\" \/>\n\t<meta name=\"twitter:data1\" content=\"1 minuta\" \/>\n<script type=\"application\/ld+json\" class=\"yoast-schema-graph\">{\"@context\":\"https:\/\/schema.org\",\"@graph\":[{\"@type\":\"WebPage\",\"@id\":\"https:\/\/www.iskreni.net\/trgovina\/product\/v-svetu-mravelj\/\",\"url\":\"https:\/\/www.iskreni.net\/trgovina\/product\/v-svetu-mravelj\/\",\"name\":\"V svetu mravelj - trgovina iskreni\",\"isPartOf\":{\"@id\":\"https:\/\/www.iskreni.net\/trgovina\/#website\"},\"primaryImageOfPage\":{\"@id\":\"https:\/\/www.iskreni.net\/trgovina\/product\/v-svetu-mravelj\/#primaryimage\"},\"image\":{\"@id\":\"https:\/\/www.iskreni.net\/trgovina\/product\/v-svetu-mravelj\/#primaryimage\"},\"thumbnailUrl\":\"https:\/\/www.iskreni.net\/trgovina\/wp-content\/uploads\/2024\/09\/Slike-za-v-spletno-trgovino-2024-09-13T093728.494.jpg\",\"datePublished\":\"2024-09-13T07:37:38+00:00\",\"dateModified\":\"2025-07-11T07:44:11+00:00\",\"description\":\"Najbr\u017e si mislite, da mravlje gradijo velika mravlji\u0161\u010da in so precej pridna vrsta \u017eu\u017eelk. Je na njih sploh kaj zanimivega, se spra\u0161ujete.\",\"breadcrumb\":{\"@id\":\"https:\/\/www.iskreni.net\/trgovina\/product\/v-svetu-mravelj\/#breadcrumb\"},\"inLanguage\":\"sl-SI\",\"potentialAction\":[{\"@type\":\"ReadAction\",\"target\":[\"https:\/\/www.iskreni.net\/trgovina\/product\/v-svetu-mravelj\/\"]}]},{\"@type\":\"ImageObject\",\"inLanguage\":\"sl-SI\",\"@id\":\"https:\/\/www.iskreni.net\/trgovina\/product\/v-svetu-mravelj\/#primaryimage\",\"url\":\"https:\/\/www.iskreni.net\/trgovina\/wp-content\/uploads\/2024\/09\/Slike-za-v-spletno-trgovino-2024-09-13T093728.494.jpg\",\"contentUrl\":\"https:\/\/www.iskreni.net\/trgovina\/wp-content\/uploads\/2024\/09\/Slike-za-v-spletno-trgovino-2024-09-13T093728.494.jpg\",\"width\":600,\"height\":600},{\"@type\":\"BreadcrumbList\",\"@id\":\"https:\/\/www.iskreni.net\/trgovina\/product\/v-svetu-mravelj\/#breadcrumb\",\"itemListElement\":[{\"@type\":\"ListItem\",\"position\":1,\"name\":\"Home\",\"item\":\"https:\/\/www.iskreni.net\/trgovina\/\"},{\"@type\":\"ListItem\",\"position\":2,\"name\":\"Trgovina\",\"item\":\"https:\/\/www.iskreni.net\/trgovina\/trgovina\/\"},{\"@type\":\"ListItem\",\"position\":3,\"name\":\"V svetu mravelj\"}]},{\"@type\":\"WebSite\",\"@id\":\"https:\/\/www.iskreni.net\/trgovina\/#website\",\"url\":\"https:\/\/www.iskreni.net\/trgovina\/\",\"name\":\"Zavod Iskreni\",\"description\":\"trgovina\",\"potentialAction\":[{\"@type\":\"SearchAction\",\"target\":{\"@type\":\"EntryPoint\",\"urlTemplate\":\"https:\/\/www.iskreni.net\/trgovina\/?s={search_term_string}\"},\"query-input\":{\"@type\":\"PropertyValueSpecification\",\"valueRequired\":true,\"valueName\":\"search_term_string\"}}],\"inLanguage\":\"sl-SI\"}]}<\/script>\n<!-- \/ Yoast SEO plugin. -->","yoast_head_json":{"title":"V svetu mravelj - trgovina iskreni","description":"Najbr\u017e si mislite, da mravlje gradijo velika mravlji\u0161\u010da in so precej pridna vrsta \u017eu\u017eelk. Je na njih sploh kaj zanimivega, se spra\u0161ujete.","robots":{"index":"index","follow":"follow","max-snippet":"max-snippet:-1","max-image-preview":"max-image-preview:large","max-video-preview":"max-video-preview:-1"},"canonical":"https:\/\/www.iskreni.net\/trgovina\/product\/v-svetu-mravelj\/","og_locale":"sl_SI","og_type":"article","og_title":"V svetu mravelj","og_description":"Prav zagotovo je! Svet mravelj je eden najzanimivej\u0161ih, kar jih poznamo! Nekatere vrste mravelj veljajo za krvolo\u010dne bojevnice, druge za zavojevalke, tretje pa za spretne rezalke listov, tkalke ali varuhinje listnih u\u0161i. Obstajajo tudi tak\u0161ne, ki napadajo gnezda sovra\u017enih mravelj in pokradejo vse, kar tam najdejo. Zdi se, da se mravlje v\u010dasih obna\u0161ajo kot ljudje, se vam ne zdi?","og_url":"https:\/\/www.iskreni.net\/trgovina\/product\/v-svetu-mravelj\/","og_site_name":"Zavod Iskreni","article_modified_time":"2025-07-11T07:44:11+00:00","og_image":[{"width":600,"height":600,"url":"https:\/\/www.iskreni.net\/trgovina\/wp-content\/uploads\/2024\/09\/Slike-za-v-spletno-trgovino-2024-09-13T093728.494.jpg","type":"image\/jpeg"}],"twitter_card":"summary_large_image","twitter_misc":{"Est. reading time":"1 minuta"},"schema":{"@context":"https:\/\/schema.org","@graph":[{"@type":"WebPage","@id":"https:\/\/www.iskreni.net\/trgovina\/product\/v-svetu-mravelj\/","url":"https:\/\/www.iskreni.net\/trgovina\/product\/v-svetu-mravelj\/","name":"V svetu mravelj - trgovina iskreni","isPartOf":{"@id":"https:\/\/www.iskreni.net\/trgovina\/#website"},"primaryImageOfPage":{"@id":"https:\/\/www.iskreni.net\/trgovina\/product\/v-svetu-mravelj\/#primaryimage"},"image":{"@id":"https:\/\/www.iskreni.net\/trgovina\/product\/v-svetu-mravelj\/#primaryimage"},"thumbnailUrl":"https:\/\/www.iskreni.net\/trgovina\/wp-content\/uploads\/2024\/09\/Slike-za-v-spletno-trgovino-2024-09-13T093728.494.jpg","datePublished":"2024-09-13T07:37:38+00:00","dateModified":"2025-07-11T07:44:11+00:00","description":"Najbr\u017e si mislite, da mravlje gradijo velika mravlji\u0161\u010da in so precej pridna vrsta \u017eu\u017eelk. Je na njih sploh kaj zanimivega, se spra\u0161ujete.","breadcrumb":{"@id":"https:\/\/www.iskreni.net\/trgovina\/product\/v-svetu-mravelj\/#breadcrumb"},"inLanguage":"sl-SI","potentialAction":[{"@type":"ReadAction","target":["https:\/\/www.iskreni.net\/trgovina\/product\/v-svetu-mravelj\/"]}]},{"@type":"ImageObject","inLanguage":"sl-SI","@id":"https:\/\/www.iskreni.net\/trgovina\/product\/v-svetu-mravelj\/#primaryimage","url":"https:\/\/www.iskreni.net\/trgovina\/wp-content\/uploads\/2024\/09\/Slike-za-v-spletno-trgovino-2024-09-13T093728.494.jpg","contentUrl":"https:\/\/www.iskreni.net\/trgovina\/wp-content\/uploads\/2024\/09\/Slike-za-v-spletno-trgovino-2024-09-13T093728.494.jpg","width":600,"height":600},{"@type":"BreadcrumbList","@id":"https:\/\/www.iskreni.net\/trgovina\/product\/v-svetu-mravelj\/#breadcrumb","itemListElement":[{"@type":"ListItem","position":1,"name":"Home","item":"https:\/\/www.iskreni.net\/trgovina\/"},{"@type":"ListItem","position":2,"name":"Trgovina","item":"https:\/\/www.iskreni.net\/trgovina\/trgovina\/"},{"@type":"ListItem","position":3,"name":"V svetu mravelj"}]},{"@type":"WebSite","@id":"https:\/\/www.iskreni.net\/trgovina\/#website","url":"https:\/\/www.iskreni.net\/trgovina\/","name":"Zavod Iskreni","description":"trgovina","potentialAction":[{"@type":"SearchAction","target":{"@type":"EntryPoint","urlTemplate":"https:\/\/www.iskreni.net\/trgovina\/?s={search_term_string}"},"query-input":{"@type":"PropertyValueSpecification","valueRequired":true,"valueName":"search_term_string"}}],"inLanguage":"sl-SI"}]}},"_links":{"self":[{"href":"https:\/\/www.iskreni.net\/trgovina\/wp-json\/wp\/v2\/product\/79013","targetHints":{"allow":["GET"]}}],"collection":[{"href":"https:\/\/www.iskreni.net\/trgovina\/wp-json\/wp\/v2\/product"}],"about":[{"href":"https:\/\/www.iskreni.net\/trgovina\/wp-json\/wp\/v2\/types\/product"}],"replies":[{"embeddable":true,"href":"https:\/\/www.iskreni.net\/trgovina\/wp-json\/wp\/v2\/comments?post=79013"}],"version-history":[{"count":4,"href":"https:\/\/www.iskreni.net\/trgovina\/wp-json\/wp\/v2\/product\/79013\/revisions"}],"predecessor-version":[{"id":79112,"href":"https:\/\/www.iskreni.net\/trgovina\/wp-json\/wp\/v2\/product\/79013\/revisions\/79112"}],"wp:featuredmedia":[{"embeddable":true,"href":"https:\/\/www.iskreni.net\/trgovina\/wp-json\/wp\/v2\/media\/79015"}],"wp:attachment":[{"href":"https:\/\/www.iskreni.net\/trgovina\/wp-json\/wp\/v2\/media?parent=79013"}],"wp:term":[{"taxonomy":"product_brand","embeddable":true,"href":"https:\/\/www.iskreni.net\/trgovina\/wp-json\/wp\/v2\/product_brand?post=79013"},{"taxonomy":"product_cat","embeddable":true,"href":"https:\/\/www.iskreni.net\/trgovina\/wp-json\/wp\/v2\/product_cat?post=79013"},{"taxonomy":"product_tag","embeddable":true,"href":"https:\/\/www.iskreni.net\/trgovina\/wp-json\/wp\/v2\/product_tag?post=79013"},{"taxonomy":"avtor","embeddable":true,"href":"https:\/\/www.iskreni.net\/trgovina\/wp-json\/wp\/v2\/avtor?post=79013"},{"taxonomy":"zalozba","embeddable":true,"href":"https:\/\/www.iskreni.net\/trgovina\/wp-json\/wp\/v2\/zalozba?post=79013"},{"taxonomy":"vezava","embeddable":true,"href":"https:\/\/www.iskreni.net\/trgovina\/wp-json\/wp\/v2\/vezava?post=79013"}],"curies":[{"name":"wp","href":"https:\/\/api.w.org\/{rel}","templated":true}]}}