{"id":78852,"date":"2024-09-06T09:13:03","date_gmt":"2024-09-06T07:13:03","guid":{"rendered":"https:\/\/www.iskreni.net\/trgovina\/?post_type=product&#038;p=78852"},"modified":"2026-02-20T12:26:03","modified_gmt":"2026-02-20T11:26:03","slug":"ati-kje-si","status":"publish","type":"product","link":"https:\/\/www.iskreni.net\/trgovina\/product\/ati-kje-si\/","title":{"rendered":"Ati, kje si?"},"content":{"rendered":"<h4>O knjigi Ati, kje si?:<\/h4>\n<p>Knjiga Ati, kje si avtorice Andreje Goropev\u0161ek je globoko \u010dustvena pripoved, ki raziskuje soo\u010danje z izgubo o\u010deta skozi o\u010di desetletne deklice. Avtobiografsko do\u017eivetje pisateljice globoko pretresa \u010dustva in do\u017eivljanje otroka ob izgubi star\u0161a.<\/p>\n<p>Napisana je v preprostem in razumljivem jeziku 10-letne deklice. Avtorica v zgodbi prikazuje bole\u010dino in prilagajanje deklice, kar bralcem omogo\u010da, da se zlahka pove\u017eejo z njenim \u010dustvenim svetom.<\/p>\n<p>Knjiga, ki nikogar ne bo pustila ravnodu\u0161nega, je odli\u010dno branje za vse, ki \u017eelijo bolje razumeti perspektivo in do\u017eivljanje otrok pri soo\u010danju z izgubo star\u0161a.<\/p>\n<h4>Odlomek iz knjige:<\/h4>\n<p>Na vsem lepem se spomnim na o\u010deta. Postane mi te\u017eko, pogre\u0161am ga. Skoraj ne mine dan, da mi ne bi misli u\u0161le k njemu. Tiho sedim in opazujem odziv svojega telesa.<\/p>\n<p>Sli\u0161im klic:<\/p>\n<p>\u00bbAndreja.\u00ab<\/p>\n<p>\u00bbAti, si to ti?\u00ab<\/p>\n<p>Ni odgovora v besedah, le naenkrat se v enem samem trenutku zavem, da \u017eivi z mano in v meni. Sem del njega, prav toliko, kolikor je on del mene, in dokler se ga spominjam, \u017eivi z mano. \u010cez obraz se mi razleze najve\u010dji nasme\u0161ek, kar sem jih kdaj nosila. Polo\u017eim roke na svoje srce in re\u010dem:<\/p>\n<p>\u00bbTukaj si. Kon\u010dno sem te na\u0161la.\u00ab<\/p>\n<p>\u017divi\u0161. Obstaja\u0161. Si tukaj in sedaj vem, kje te najti, ko te potrebujem. V svojem srcu.<\/p>\n<p>&nbsp;<\/p>\n<h4>Mnenje o knjigi:<\/h4>\n<p>Izguba. Smrt. Ob\u010dutek nemo\u010di. \u017dalost. Jok. Neizbe\u017eno v na\u0161em \u017eivljenjskem ciklu pride do trenutka, ko nekoga, ki smo ga imeli radi, za vedno izgubimo. Rana se nam zaseka v srce. Traja dneve, leta, da se izguba zaceli, a \u0161e vedno skeli in se sem in tja priplazi ter nam povzro\u010di bole\u010dino. Ko smo odrasli, razumemo. Ljudje umirajo. Vsi bomo umrli. Neko\u010d. Nekega lepega toplega son\u010dnega dne ali tema\u010dnega mrzlega. Morda de\u017eevnega.<\/p>\n<p>Doletelo nas bo sredi na\u0161ih na\u010drtov in upanja. Kreiranja prihodnosti. Prihodnosti, ki je ne bo ve\u010d. Toda bole\u010dina ni ni\u010d manj\u0161a, \u010deprav razumemo, da se bo neizbe\u017eno prej ko slej zgodilo. Tistim, ki jih imamo radi. Tistim, ki jih ljubimo. Tistim, ki jih poznamo in jih cenimo. Pa vendarle se nekako soo\u010dimo, predelamo in gremo naprej. Toda, ko izguba doleti otroka \u2026 otroka, ki ne razume, da ga ne bo oseba, ki je ni ve\u010d, nikoli ve\u010d objela. Ne bo spregovorila prijaznih besed, mu namenila ljubezni, mu dajala spodbude, radosti in poguma \u2026 Kako tak udarec sprejme otrok? Razumeti mora. Predvsem potrebuje odgovore na vpra\u0161anja, zakaj tistega, ki ga ljubi, ni ve\u010d. Andreja je spra\u0161evala. Ko je umrl njen ati, je postavljala vpra\u0161anja. Zakaj? Zakaj se je zgodilo to prav njemu? Kje je? Kdaj bo pri\u0161el? Namesto odgovora je dobila ti\u0161ino. Ti\u0161ino, ki jo je zmedla.<\/p>\n<p>Odrasli, ki bi zmogli in znali odgovoriti, ji niso nudili opore. Rana se nikoli ne zaceli. Rana pu\u0161\u010da sledi globoko v prihodnost. Rana nas zmede. Namesto poguma in razumevanja se je avtorica soo\u010dila z bole\u010dino, ki je sama dolgo ni mogla preboleti. Tudi zaradi tega je napisala svojo zgodbo.<\/p>\n<p>Ati, kje si? ni le njena zgodba. Je zgodba vseh otrok, ki se soo\u010dijo z izgubo, in je zgodba za vse, ki \u017eelijo razumeti, kako zelo je pomemben pogovor. Tudi otroci razumejo. Veliko ve\u010d kot predvidevamo. Na\u0161i odzivi so tisti, ki jim lahko in morajo nuditi oporo v te\u017ekih trenutkih. \u010ceprav te\u017ekih za nas, pa so za njih, ki ne morejo razumeti, mnogo te\u017eji.<\/p>\n<p>Predvsem pa: lahko pu\u0161\u010dajo posledice in tudi jih. En sam pravilen odziv, pa bi bilo \u017eivljenje junakinje knjige ne la\u017eje, a sposobna bi se bila soo\u010diti z izgubo. Namesto tega so se je lotili strahovi, ki so vztrajali leta dolgo. Zato knjiga. Zato Ati, kje si? Pomagala je Andreji, da je kon\u010dno na\u0161la odgovore. Ne vseh in \u0161e vedno jih zbira. Toda z razumevanjem tega, kar se je zgodilo ob o\u010detovi smrti, se je lahko soo\u010dila z odzivi odraslih, ki so do majhne deklice odreagirali na na\u010din, ki jim je bil edini poznan. Zato knjiga. Da razumemo malo otro\u0161ko du\u0161o. Da ji znamo pomagati. Da smo ji v oporo. Naj bo ta knjiga v oporo tudi vam.<\/p>\n<p>&#8211; Mojca Rudolf, pisateljica<\/p>\n","protected":false},"excerpt":{"rendered":"<p><strong>Leto izdaje:<\/strong> 2024<br \/>\n<strong>\u0160tevilo strani: <\/strong>142<br \/>\n<strong>Format:<\/strong> 155 x 218 mm<\/p>\n","protected":false},"featured_media":78854,"comment_status":"open","ping_status":"closed","template":"","meta":[],"product_brand":[],"product_cat":[2327,63],"product_tag":[2831,2622,1554],"avtor":[2830],"zalozba":[2780],"vezava":[2306],"class_list":{"0":"post-78852","1":"product","2":"type-product","3":"status-publish","4":"has-post-thumbnail","6":"product_cat-prirocniki-in-vodniki","7":"product_cat-knjige","8":"product_tag-smrt","9":"product_tag-spomini","10":"product_tag-zalovanje","11":"avtor-andreja-goropevsek","12":"zalozba-primus","13":"vezava-trda","15":"first","16":"instock","17":"taxable","18":"shipping-taxable","19":"purchasable","20":"product-type-simple"},"yoast_head":"<!-- This site is optimized with the Yoast SEO plugin v26.3 - https:\/\/yoast.com\/wordpress\/plugins\/seo\/ -->\n<title>Ati, kje si? - trgovina iskreni<\/title>\n<meta name=\"description\" content=\"Knjiga Ati, kje si? je osebna pripoved 10 letne deklice ob izgubi o\u010deta. V njej avtorica skozi otro\u0161ke o\u010di predstavi proces \u017ealovanja pri otrocih, z namenom la\u017ejega razumevanja in podpore \u017ealujo\u010dim otrokom.\" \/>\n<meta name=\"robots\" content=\"index, follow, max-snippet:-1, max-image-preview:large, max-video-preview:-1\" \/>\n<link rel=\"canonical\" href=\"https:\/\/www.iskreni.net\/trgovina\/product\/ati-kje-si\/\" \/>\n<meta property=\"og:locale\" content=\"sl_SI\" \/>\n<meta property=\"og:type\" content=\"article\" \/>\n<meta property=\"og:title\" content=\"Ati, kje si?\" \/>\n<meta property=\"og:description\" content=\"Knjiga Ati, kje si? je osebna pripoved 10 letne deklice ob izgubi o\u010deta. V njej avtorica skozi otro\u0161ke o\u010di predstavi proces \u017ealovanja pri otrocih, z namenom la\u017ejega razumevanja in podpore \u017ealujo\u010dim otrokom.\" \/>\n<meta property=\"og:url\" content=\"https:\/\/www.iskreni.net\/trgovina\/product\/ati-kje-si\/\" \/>\n<meta property=\"og:site_name\" content=\"Zavod Iskreni\" \/>\n<meta property=\"article:modified_time\" content=\"2026-02-20T11:26:03+00:00\" \/>\n<meta property=\"og:image\" content=\"https:\/\/www.iskreni.net\/trgovina\/wp-content\/uploads\/2024\/09\/Slike-za-v-spletno-trgovino-2024-09-06T091655.353.jpg\" \/>\n\t<meta property=\"og:image:width\" content=\"600\" \/>\n\t<meta property=\"og:image:height\" content=\"600\" \/>\n\t<meta property=\"og:image:type\" content=\"image\/jpeg\" \/>\n<meta name=\"twitter:card\" content=\"summary_large_image\" \/>\n<meta name=\"twitter:label1\" content=\"Est. reading time\" \/>\n\t<meta name=\"twitter:data1\" content=\"4 minute\" \/>\n<script type=\"application\/ld+json\" class=\"yoast-schema-graph\">{\"@context\":\"https:\/\/schema.org\",\"@graph\":[{\"@type\":\"WebPage\",\"@id\":\"https:\/\/www.iskreni.net\/trgovina\/product\/ati-kje-si\/\",\"url\":\"https:\/\/www.iskreni.net\/trgovina\/product\/ati-kje-si\/\",\"name\":\"Ati, kje si? - trgovina iskreni\",\"isPartOf\":{\"@id\":\"https:\/\/www.iskreni.net\/trgovina\/#website\"},\"primaryImageOfPage\":{\"@id\":\"https:\/\/www.iskreni.net\/trgovina\/product\/ati-kje-si\/#primaryimage\"},\"image\":{\"@id\":\"https:\/\/www.iskreni.net\/trgovina\/product\/ati-kje-si\/#primaryimage\"},\"thumbnailUrl\":\"https:\/\/www.iskreni.net\/trgovina\/wp-content\/uploads\/2024\/09\/Slike-za-v-spletno-trgovino-2024-09-06T091655.353.jpg\",\"datePublished\":\"2024-09-06T07:13:03+00:00\",\"dateModified\":\"2026-02-20T11:26:03+00:00\",\"description\":\"Knjiga Ati, kje si? je osebna pripoved 10 letne deklice ob izgubi o\u010deta. V njej avtorica skozi otro\u0161ke o\u010di predstavi proces \u017ealovanja pri otrocih, z namenom la\u017ejega razumevanja in podpore \u017ealujo\u010dim otrokom.\",\"breadcrumb\":{\"@id\":\"https:\/\/www.iskreni.net\/trgovina\/product\/ati-kje-si\/#breadcrumb\"},\"inLanguage\":\"sl-SI\",\"potentialAction\":[{\"@type\":\"ReadAction\",\"target\":[\"https:\/\/www.iskreni.net\/trgovina\/product\/ati-kje-si\/\"]}]},{\"@type\":\"ImageObject\",\"inLanguage\":\"sl-SI\",\"@id\":\"https:\/\/www.iskreni.net\/trgovina\/product\/ati-kje-si\/#primaryimage\",\"url\":\"https:\/\/www.iskreni.net\/trgovina\/wp-content\/uploads\/2024\/09\/Slike-za-v-spletno-trgovino-2024-09-06T091655.353.jpg\",\"contentUrl\":\"https:\/\/www.iskreni.net\/trgovina\/wp-content\/uploads\/2024\/09\/Slike-za-v-spletno-trgovino-2024-09-06T091655.353.jpg\",\"width\":600,\"height\":600},{\"@type\":\"BreadcrumbList\",\"@id\":\"https:\/\/www.iskreni.net\/trgovina\/product\/ati-kje-si\/#breadcrumb\",\"itemListElement\":[{\"@type\":\"ListItem\",\"position\":1,\"name\":\"Home\",\"item\":\"https:\/\/www.iskreni.net\/trgovina\/\"},{\"@type\":\"ListItem\",\"position\":2,\"name\":\"Trgovina\",\"item\":\"https:\/\/www.iskreni.net\/trgovina\/trgovina\/\"},{\"@type\":\"ListItem\",\"position\":3,\"name\":\"Ati, kje si?\"}]},{\"@type\":\"WebSite\",\"@id\":\"https:\/\/www.iskreni.net\/trgovina\/#website\",\"url\":\"https:\/\/www.iskreni.net\/trgovina\/\",\"name\":\"Zavod Iskreni\",\"description\":\"trgovina\",\"potentialAction\":[{\"@type\":\"SearchAction\",\"target\":{\"@type\":\"EntryPoint\",\"urlTemplate\":\"https:\/\/www.iskreni.net\/trgovina\/?s={search_term_string}\"},\"query-input\":{\"@type\":\"PropertyValueSpecification\",\"valueRequired\":true,\"valueName\":\"search_term_string\"}}],\"inLanguage\":\"sl-SI\"}]}<\/script>\n<!-- \/ Yoast SEO plugin. -->","yoast_head_json":{"title":"Ati, kje si? - trgovina iskreni","description":"Knjiga Ati, kje si? je osebna pripoved 10 letne deklice ob izgubi o\u010deta. V njej avtorica skozi otro\u0161ke o\u010di predstavi proces \u017ealovanja pri otrocih, z namenom la\u017ejega razumevanja in podpore \u017ealujo\u010dim otrokom.","robots":{"index":"index","follow":"follow","max-snippet":"max-snippet:-1","max-image-preview":"max-image-preview:large","max-video-preview":"max-video-preview:-1"},"canonical":"https:\/\/www.iskreni.net\/trgovina\/product\/ati-kje-si\/","og_locale":"sl_SI","og_type":"article","og_title":"Ati, kje si?","og_description":"Knjiga Ati, kje si? je osebna pripoved 10 letne deklice ob izgubi o\u010deta. V njej avtorica skozi otro\u0161ke o\u010di predstavi proces \u017ealovanja pri otrocih, z namenom la\u017ejega razumevanja in podpore \u017ealujo\u010dim otrokom.","og_url":"https:\/\/www.iskreni.net\/trgovina\/product\/ati-kje-si\/","og_site_name":"Zavod Iskreni","article_modified_time":"2026-02-20T11:26:03+00:00","og_image":[{"width":600,"height":600,"url":"https:\/\/www.iskreni.net\/trgovina\/wp-content\/uploads\/2024\/09\/Slike-za-v-spletno-trgovino-2024-09-06T091655.353.jpg","type":"image\/jpeg"}],"twitter_card":"summary_large_image","twitter_misc":{"Est. reading time":"4 minute"},"schema":{"@context":"https:\/\/schema.org","@graph":[{"@type":"WebPage","@id":"https:\/\/www.iskreni.net\/trgovina\/product\/ati-kje-si\/","url":"https:\/\/www.iskreni.net\/trgovina\/product\/ati-kje-si\/","name":"Ati, kje si? - trgovina iskreni","isPartOf":{"@id":"https:\/\/www.iskreni.net\/trgovina\/#website"},"primaryImageOfPage":{"@id":"https:\/\/www.iskreni.net\/trgovina\/product\/ati-kje-si\/#primaryimage"},"image":{"@id":"https:\/\/www.iskreni.net\/trgovina\/product\/ati-kje-si\/#primaryimage"},"thumbnailUrl":"https:\/\/www.iskreni.net\/trgovina\/wp-content\/uploads\/2024\/09\/Slike-za-v-spletno-trgovino-2024-09-06T091655.353.jpg","datePublished":"2024-09-06T07:13:03+00:00","dateModified":"2026-02-20T11:26:03+00:00","description":"Knjiga Ati, kje si? je osebna pripoved 10 letne deklice ob izgubi o\u010deta. V njej avtorica skozi otro\u0161ke o\u010di predstavi proces \u017ealovanja pri otrocih, z namenom la\u017ejega razumevanja in podpore \u017ealujo\u010dim otrokom.","breadcrumb":{"@id":"https:\/\/www.iskreni.net\/trgovina\/product\/ati-kje-si\/#breadcrumb"},"inLanguage":"sl-SI","potentialAction":[{"@type":"ReadAction","target":["https:\/\/www.iskreni.net\/trgovina\/product\/ati-kje-si\/"]}]},{"@type":"ImageObject","inLanguage":"sl-SI","@id":"https:\/\/www.iskreni.net\/trgovina\/product\/ati-kje-si\/#primaryimage","url":"https:\/\/www.iskreni.net\/trgovina\/wp-content\/uploads\/2024\/09\/Slike-za-v-spletno-trgovino-2024-09-06T091655.353.jpg","contentUrl":"https:\/\/www.iskreni.net\/trgovina\/wp-content\/uploads\/2024\/09\/Slike-za-v-spletno-trgovino-2024-09-06T091655.353.jpg","width":600,"height":600},{"@type":"BreadcrumbList","@id":"https:\/\/www.iskreni.net\/trgovina\/product\/ati-kje-si\/#breadcrumb","itemListElement":[{"@type":"ListItem","position":1,"name":"Home","item":"https:\/\/www.iskreni.net\/trgovina\/"},{"@type":"ListItem","position":2,"name":"Trgovina","item":"https:\/\/www.iskreni.net\/trgovina\/trgovina\/"},{"@type":"ListItem","position":3,"name":"Ati, kje si?"}]},{"@type":"WebSite","@id":"https:\/\/www.iskreni.net\/trgovina\/#website","url":"https:\/\/www.iskreni.net\/trgovina\/","name":"Zavod Iskreni","description":"trgovina","potentialAction":[{"@type":"SearchAction","target":{"@type":"EntryPoint","urlTemplate":"https:\/\/www.iskreni.net\/trgovina\/?s={search_term_string}"},"query-input":{"@type":"PropertyValueSpecification","valueRequired":true,"valueName":"search_term_string"}}],"inLanguage":"sl-SI"}]}},"_links":{"self":[{"href":"https:\/\/www.iskreni.net\/trgovina\/wp-json\/wp\/v2\/product\/78852","targetHints":{"allow":["GET"]}}],"collection":[{"href":"https:\/\/www.iskreni.net\/trgovina\/wp-json\/wp\/v2\/product"}],"about":[{"href":"https:\/\/www.iskreni.net\/trgovina\/wp-json\/wp\/v2\/types\/product"}],"replies":[{"embeddable":true,"href":"https:\/\/www.iskreni.net\/trgovina\/wp-json\/wp\/v2\/comments?post=78852"}],"version-history":[{"count":2,"href":"https:\/\/www.iskreni.net\/trgovina\/wp-json\/wp\/v2\/product\/78852\/revisions"}],"predecessor-version":[{"id":78855,"href":"https:\/\/www.iskreni.net\/trgovina\/wp-json\/wp\/v2\/product\/78852\/revisions\/78855"}],"wp:featuredmedia":[{"embeddable":true,"href":"https:\/\/www.iskreni.net\/trgovina\/wp-json\/wp\/v2\/media\/78854"}],"wp:attachment":[{"href":"https:\/\/www.iskreni.net\/trgovina\/wp-json\/wp\/v2\/media?parent=78852"}],"wp:term":[{"taxonomy":"product_brand","embeddable":true,"href":"https:\/\/www.iskreni.net\/trgovina\/wp-json\/wp\/v2\/product_brand?post=78852"},{"taxonomy":"product_cat","embeddable":true,"href":"https:\/\/www.iskreni.net\/trgovina\/wp-json\/wp\/v2\/product_cat?post=78852"},{"taxonomy":"product_tag","embeddable":true,"href":"https:\/\/www.iskreni.net\/trgovina\/wp-json\/wp\/v2\/product_tag?post=78852"},{"taxonomy":"avtor","embeddable":true,"href":"https:\/\/www.iskreni.net\/trgovina\/wp-json\/wp\/v2\/avtor?post=78852"},{"taxonomy":"zalozba","embeddable":true,"href":"https:\/\/www.iskreni.net\/trgovina\/wp-json\/wp\/v2\/zalozba?post=78852"},{"taxonomy":"vezava","embeddable":true,"href":"https:\/\/www.iskreni.net\/trgovina\/wp-json\/wp\/v2\/vezava?post=78852"}],"curies":[{"name":"wp","href":"https:\/\/api.w.org\/{rel}","templated":true}]}}