{"id":78809,"date":"2024-09-05T12:00:18","date_gmt":"2024-09-05T10:00:18","guid":{"rendered":"https:\/\/www.iskreni.net\/trgovina\/?post_type=product&#038;p=78809"},"modified":"2024-09-06T11:22:05","modified_gmt":"2024-09-06T09:22:05","slug":"preobrazba-bolecine","status":"publish","type":"product","link":"https:\/\/www.iskreni.net\/trgovina\/product\/preobrazba-bolecine\/","title":{"rendered":"Preobrazba bole\u010dine"},"content":{"rendered":"<h4>O knjigi Preobrazba bole\u010dine<b><em>:<\/em><\/b><\/h4>\n<p>Komu je namenjena knjiga Preobrazba bole\u010dine: Skupaj na poti \u017ealovanja<\/p>\n<p>Knjiga je sestavljena iz treh delov (Bole\u010dine \u017ealujo\u010dih, Podpora \u017ealujo\u010dim, Lu\u010d vere v bole\u010dini), tako da lahko vsak, ki jo vzame v roke, hitro najde to, kar v dani situaciji\u00a0 potrebuje: je v bole\u010dini \u017ealosti in izgube, ker je ravnokar ali pred meseci ali leti zaradi\u00a0 smrti izgubil (naj)bli\u017enjo osebo; rad bi bil v oporo nekomu, ki je do\u017eivel smrt nekoga od\u00a0 bli\u017enjih; ali i\u0161\u010de lu\u010d vere zase ali za druge v tej preizku\u0161nji. Poglavja opisujejo tudi\u00a0 posamezne situacije na poti \u017ealovanja, tako so lahko vsakemu v oporo pri dojemanju in ubesedenju te situacije.<\/p>\n<p>Knjiga je primerna za vsakega odraslega, ki ne \u017eeli be\u017eati od \u017ealovanja in njegove bole\u010dine. Lahko jo ponudimo tudi tistim, ki so ravnokar izgubili najbli\u017ejo osebo, saj v njej najdejo med drugim tudi primerne molitve pred pogrebom in po njem, tako zase kot za vse zbrane ob njih. Najverjetneje v tem trenutku ne bodo zmogli prebrati \u0161e kaj drugega, toda \u010de so jo dobili, bodo mogli se\u010di po njej v mesecih po pogrebu, ko bodo za\u010dutili, da zmorejo in ob njej ubesedijo, kar so do\u017eiveli in kar bodo takrat do\u017eivljali.<\/p>\n<p>Knjiga je primeren priro\u010dnik za vsakega ter bo v oporo na poti osebnega in duhovnega zorenja v \u010dasu \u017ealovanja, \u010de ga sprejmemo in dopustimo, da preobra\u017ea na\u0161e \u017eivljenje.<\/p>\n<p>p.Ivan Platovnjak DJ<\/p>\n<p>&nbsp;<\/p>\n","protected":false},"excerpt":{"rendered":"<p><strong>Avtor:<\/strong> p. Ivan Platovnjak DJ<br \/>\n<strong>Zalo\u017eba: <\/strong>Dravlje<br \/>\n<strong>\u0160tevilo strani: <\/strong>160<br \/>\n<strong>Leto izdaje:<\/strong> 2024<br \/>\n<strong>Mere:\u00a0<\/strong>130 mm x 210 mm<\/p>\n<p><a href=\"https:\/\/www.zalozba-dravlje.si\/upload\/filemanager\/knjige\/PFF_predogled_Preobrabza_bole_ine.pdf\">Predogled knjige<\/a><\/p>\n","protected":false},"featured_media":78811,"comment_status":"open","ping_status":"closed","template":"","meta":[],"product_brand":[],"product_cat":[2327,63],"product_tag":[1554],"avtor":[2829],"zalozba":[],"vezava":[2828],"class_list":{"0":"post-78809","1":"product","2":"type-product","3":"status-publish","4":"has-post-thumbnail","6":"product_cat-prirocniki-in-vodniki","7":"product_cat-knjige","8":"product_tag-zalovanje","9":"avtor-p-ivan-platovnjak-dj","10":"vezava-brosura","12":"first","13":"instock","14":"taxable","15":"shipping-taxable","16":"purchasable","17":"product-type-simple"},"yoast_head":"<!-- This site is optimized with the Yoast SEO plugin v26.3 - https:\/\/yoast.com\/wordpress\/plugins\/seo\/ -->\n<title>Preobrazba bole\u010dine - trgovina Iskreni<\/title>\n<meta name=\"description\" content=\"Knjiga je primerna za vsakega odraslega, ki ne \u017eeli be\u017eati od \u017ealovanja in njegove bole\u010dine. Lahko jo ponudimo tudi tistim, ki so ravnokar izgubili najbli\u017ejo osebo, saj v njej najdejo med drugim tudi primerne molitve pred pogrebom in po njem, tako zase kot za vse zbrane ob njih.\" \/>\n<meta name=\"robots\" content=\"index, follow, max-snippet:-1, max-image-preview:large, max-video-preview:-1\" \/>\n<link rel=\"canonical\" href=\"https:\/\/www.iskreni.net\/trgovina\/product\/preobrazba-bolecine\/\" \/>\n<meta property=\"og:locale\" content=\"sl_SI\" \/>\n<meta property=\"og:type\" content=\"article\" \/>\n<meta property=\"og:title\" content=\"Preobrazba bole\u010dine\" \/>\n<meta property=\"og:description\" content=\"Knjiga je primerna za vsakega odraslega, ki ne \u017eeli be\u017eati od \u017ealovanja in njegove bole\u010dine. Lahko jo ponudimo tudi tistim, ki so ravnokar izgubili najbli\u017ejo osebo, saj v njej najdejo med drugim tudi primerne molitve pred pogrebom in po njem, tako zase kot za vse zbrane ob njih.\" \/>\n<meta property=\"og:url\" content=\"https:\/\/www.iskreni.net\/trgovina\/product\/preobrazba-bolecine\/\" \/>\n<meta property=\"og:site_name\" content=\"Zavod Iskreni\" \/>\n<meta property=\"article:modified_time\" content=\"2024-09-06T09:22:05+00:00\" \/>\n<meta property=\"og:image\" content=\"https:\/\/www.iskreni.net\/trgovina\/wp-content\/uploads\/2024\/09\/Slike-za-v-spletno-trgovino-2024-09-04T152850.012.jpg\" \/>\n\t<meta property=\"og:image:width\" content=\"600\" \/>\n\t<meta property=\"og:image:height\" content=\"600\" \/>\n\t<meta property=\"og:image:type\" content=\"image\/jpeg\" \/>\n<meta name=\"twitter:card\" content=\"summary_large_image\" \/>\n<meta name=\"twitter:label1\" content=\"Est. reading time\" \/>\n\t<meta name=\"twitter:data1\" content=\"2 minuti\" \/>\n<script type=\"application\/ld+json\" class=\"yoast-schema-graph\">{\"@context\":\"https:\/\/schema.org\",\"@graph\":[{\"@type\":\"WebPage\",\"@id\":\"https:\/\/www.iskreni.net\/trgovina\/product\/preobrazba-bolecine\/\",\"url\":\"https:\/\/www.iskreni.net\/trgovina\/product\/preobrazba-bolecine\/\",\"name\":\"Preobrazba bole\u010dine - trgovina Iskreni\",\"isPartOf\":{\"@id\":\"https:\/\/www.iskreni.net\/trgovina\/#website\"},\"primaryImageOfPage\":{\"@id\":\"https:\/\/www.iskreni.net\/trgovina\/product\/preobrazba-bolecine\/#primaryimage\"},\"image\":{\"@id\":\"https:\/\/www.iskreni.net\/trgovina\/product\/preobrazba-bolecine\/#primaryimage\"},\"thumbnailUrl\":\"https:\/\/www.iskreni.net\/trgovina\/wp-content\/uploads\/2024\/09\/Slike-za-v-spletno-trgovino-2024-09-04T152850.012.jpg\",\"datePublished\":\"2024-09-05T10:00:18+00:00\",\"dateModified\":\"2024-09-06T09:22:05+00:00\",\"description\":\"Knjiga je primerna za vsakega odraslega, ki ne \u017eeli be\u017eati od \u017ealovanja in njegove bole\u010dine. Lahko jo ponudimo tudi tistim, ki so ravnokar izgubili najbli\u017ejo osebo, saj v njej najdejo med drugim tudi primerne molitve pred pogrebom in po njem, tako zase kot za vse zbrane ob njih.\",\"breadcrumb\":{\"@id\":\"https:\/\/www.iskreni.net\/trgovina\/product\/preobrazba-bolecine\/#breadcrumb\"},\"inLanguage\":\"sl-SI\",\"potentialAction\":[{\"@type\":\"ReadAction\",\"target\":[\"https:\/\/www.iskreni.net\/trgovina\/product\/preobrazba-bolecine\/\"]}]},{\"@type\":\"ImageObject\",\"inLanguage\":\"sl-SI\",\"@id\":\"https:\/\/www.iskreni.net\/trgovina\/product\/preobrazba-bolecine\/#primaryimage\",\"url\":\"https:\/\/www.iskreni.net\/trgovina\/wp-content\/uploads\/2024\/09\/Slike-za-v-spletno-trgovino-2024-09-04T152850.012.jpg\",\"contentUrl\":\"https:\/\/www.iskreni.net\/trgovina\/wp-content\/uploads\/2024\/09\/Slike-za-v-spletno-trgovino-2024-09-04T152850.012.jpg\",\"width\":600,\"height\":600},{\"@type\":\"BreadcrumbList\",\"@id\":\"https:\/\/www.iskreni.net\/trgovina\/product\/preobrazba-bolecine\/#breadcrumb\",\"itemListElement\":[{\"@type\":\"ListItem\",\"position\":1,\"name\":\"Home\",\"item\":\"https:\/\/www.iskreni.net\/trgovina\/\"},{\"@type\":\"ListItem\",\"position\":2,\"name\":\"Trgovina\",\"item\":\"https:\/\/www.iskreni.net\/trgovina\/trgovina\/\"},{\"@type\":\"ListItem\",\"position\":3,\"name\":\"Preobrazba bole\u010dine\"}]},{\"@type\":\"WebSite\",\"@id\":\"https:\/\/www.iskreni.net\/trgovina\/#website\",\"url\":\"https:\/\/www.iskreni.net\/trgovina\/\",\"name\":\"Zavod Iskreni\",\"description\":\"trgovina\",\"potentialAction\":[{\"@type\":\"SearchAction\",\"target\":{\"@type\":\"EntryPoint\",\"urlTemplate\":\"https:\/\/www.iskreni.net\/trgovina\/?s={search_term_string}\"},\"query-input\":{\"@type\":\"PropertyValueSpecification\",\"valueRequired\":true,\"valueName\":\"search_term_string\"}}],\"inLanguage\":\"sl-SI\"}]}<\/script>\n<!-- \/ Yoast SEO plugin. -->","yoast_head_json":{"title":"Preobrazba bole\u010dine - trgovina Iskreni","description":"Knjiga je primerna za vsakega odraslega, ki ne \u017eeli be\u017eati od \u017ealovanja in njegove bole\u010dine. Lahko jo ponudimo tudi tistim, ki so ravnokar izgubili najbli\u017ejo osebo, saj v njej najdejo med drugim tudi primerne molitve pred pogrebom in po njem, tako zase kot za vse zbrane ob njih.","robots":{"index":"index","follow":"follow","max-snippet":"max-snippet:-1","max-image-preview":"max-image-preview:large","max-video-preview":"max-video-preview:-1"},"canonical":"https:\/\/www.iskreni.net\/trgovina\/product\/preobrazba-bolecine\/","og_locale":"sl_SI","og_type":"article","og_title":"Preobrazba bole\u010dine","og_description":"Knjiga je primerna za vsakega odraslega, ki ne \u017eeli be\u017eati od \u017ealovanja in njegove bole\u010dine. Lahko jo ponudimo tudi tistim, ki so ravnokar izgubili najbli\u017ejo osebo, saj v njej najdejo med drugim tudi primerne molitve pred pogrebom in po njem, tako zase kot za vse zbrane ob njih.","og_url":"https:\/\/www.iskreni.net\/trgovina\/product\/preobrazba-bolecine\/","og_site_name":"Zavod Iskreni","article_modified_time":"2024-09-06T09:22:05+00:00","og_image":[{"width":600,"height":600,"url":"https:\/\/www.iskreni.net\/trgovina\/wp-content\/uploads\/2024\/09\/Slike-za-v-spletno-trgovino-2024-09-04T152850.012.jpg","type":"image\/jpeg"}],"twitter_card":"summary_large_image","twitter_misc":{"Est. reading time":"2 minuti"},"schema":{"@context":"https:\/\/schema.org","@graph":[{"@type":"WebPage","@id":"https:\/\/www.iskreni.net\/trgovina\/product\/preobrazba-bolecine\/","url":"https:\/\/www.iskreni.net\/trgovina\/product\/preobrazba-bolecine\/","name":"Preobrazba bole\u010dine - trgovina Iskreni","isPartOf":{"@id":"https:\/\/www.iskreni.net\/trgovina\/#website"},"primaryImageOfPage":{"@id":"https:\/\/www.iskreni.net\/trgovina\/product\/preobrazba-bolecine\/#primaryimage"},"image":{"@id":"https:\/\/www.iskreni.net\/trgovina\/product\/preobrazba-bolecine\/#primaryimage"},"thumbnailUrl":"https:\/\/www.iskreni.net\/trgovina\/wp-content\/uploads\/2024\/09\/Slike-za-v-spletno-trgovino-2024-09-04T152850.012.jpg","datePublished":"2024-09-05T10:00:18+00:00","dateModified":"2024-09-06T09:22:05+00:00","description":"Knjiga je primerna za vsakega odraslega, ki ne \u017eeli be\u017eati od \u017ealovanja in njegove bole\u010dine. Lahko jo ponudimo tudi tistim, ki so ravnokar izgubili najbli\u017ejo osebo, saj v njej najdejo med drugim tudi primerne molitve pred pogrebom in po njem, tako zase kot za vse zbrane ob njih.","breadcrumb":{"@id":"https:\/\/www.iskreni.net\/trgovina\/product\/preobrazba-bolecine\/#breadcrumb"},"inLanguage":"sl-SI","potentialAction":[{"@type":"ReadAction","target":["https:\/\/www.iskreni.net\/trgovina\/product\/preobrazba-bolecine\/"]}]},{"@type":"ImageObject","inLanguage":"sl-SI","@id":"https:\/\/www.iskreni.net\/trgovina\/product\/preobrazba-bolecine\/#primaryimage","url":"https:\/\/www.iskreni.net\/trgovina\/wp-content\/uploads\/2024\/09\/Slike-za-v-spletno-trgovino-2024-09-04T152850.012.jpg","contentUrl":"https:\/\/www.iskreni.net\/trgovina\/wp-content\/uploads\/2024\/09\/Slike-za-v-spletno-trgovino-2024-09-04T152850.012.jpg","width":600,"height":600},{"@type":"BreadcrumbList","@id":"https:\/\/www.iskreni.net\/trgovina\/product\/preobrazba-bolecine\/#breadcrumb","itemListElement":[{"@type":"ListItem","position":1,"name":"Home","item":"https:\/\/www.iskreni.net\/trgovina\/"},{"@type":"ListItem","position":2,"name":"Trgovina","item":"https:\/\/www.iskreni.net\/trgovina\/trgovina\/"},{"@type":"ListItem","position":3,"name":"Preobrazba bole\u010dine"}]},{"@type":"WebSite","@id":"https:\/\/www.iskreni.net\/trgovina\/#website","url":"https:\/\/www.iskreni.net\/trgovina\/","name":"Zavod Iskreni","description":"trgovina","potentialAction":[{"@type":"SearchAction","target":{"@type":"EntryPoint","urlTemplate":"https:\/\/www.iskreni.net\/trgovina\/?s={search_term_string}"},"query-input":{"@type":"PropertyValueSpecification","valueRequired":true,"valueName":"search_term_string"}}],"inLanguage":"sl-SI"}]}},"_links":{"self":[{"href":"https:\/\/www.iskreni.net\/trgovina\/wp-json\/wp\/v2\/product\/78809","targetHints":{"allow":["GET"]}}],"collection":[{"href":"https:\/\/www.iskreni.net\/trgovina\/wp-json\/wp\/v2\/product"}],"about":[{"href":"https:\/\/www.iskreni.net\/trgovina\/wp-json\/wp\/v2\/types\/product"}],"replies":[{"embeddable":true,"href":"https:\/\/www.iskreni.net\/trgovina\/wp-json\/wp\/v2\/comments?post=78809"}],"version-history":[{"count":4,"href":"https:\/\/www.iskreni.net\/trgovina\/wp-json\/wp\/v2\/product\/78809\/revisions"}],"predecessor-version":[{"id":78814,"href":"https:\/\/www.iskreni.net\/trgovina\/wp-json\/wp\/v2\/product\/78809\/revisions\/78814"}],"wp:featuredmedia":[{"embeddable":true,"href":"https:\/\/www.iskreni.net\/trgovina\/wp-json\/wp\/v2\/media\/78811"}],"wp:attachment":[{"href":"https:\/\/www.iskreni.net\/trgovina\/wp-json\/wp\/v2\/media?parent=78809"}],"wp:term":[{"taxonomy":"product_brand","embeddable":true,"href":"https:\/\/www.iskreni.net\/trgovina\/wp-json\/wp\/v2\/product_brand?post=78809"},{"taxonomy":"product_cat","embeddable":true,"href":"https:\/\/www.iskreni.net\/trgovina\/wp-json\/wp\/v2\/product_cat?post=78809"},{"taxonomy":"product_tag","embeddable":true,"href":"https:\/\/www.iskreni.net\/trgovina\/wp-json\/wp\/v2\/product_tag?post=78809"},{"taxonomy":"avtor","embeddable":true,"href":"https:\/\/www.iskreni.net\/trgovina\/wp-json\/wp\/v2\/avtor?post=78809"},{"taxonomy":"zalozba","embeddable":true,"href":"https:\/\/www.iskreni.net\/trgovina\/wp-json\/wp\/v2\/zalozba?post=78809"},{"taxonomy":"vezava","embeddable":true,"href":"https:\/\/www.iskreni.net\/trgovina\/wp-json\/wp\/v2\/vezava?post=78809"}],"curies":[{"name":"wp","href":"https:\/\/api.w.org\/{rel}","templated":true}]}}