{"id":78314,"date":"2024-08-28T00:01:16","date_gmt":"2024-08-27T22:01:16","guid":{"rendered":"https:\/\/www.iskreni.net\/trgovina\/?post_type=product&#038;p=78314"},"modified":"2026-03-04T11:30:28","modified_gmt":"2026-03-04T10:30:28","slug":"sledovi-luci-in-teme","status":"publish","type":"product","link":"https:\/\/www.iskreni.net\/trgovina\/product\/sledovi-luci-in-teme\/","title":{"rendered":"Sledovi lu\u010di in teme"},"content":{"rendered":"<h4>O knjigi:<\/h4>\n<p>V knjigi <strong>Sledovi lu\u010di in teme<\/strong> fokolarina <strong>Dragica \u010cepar<\/strong> opisuje svojo \u017eivljenjsko pot in hudo sistemsko zlorabo, ki jo je do\u017eivela v Gibanju fokolarov.<\/p>\n<p>Najprej spregovori o svojem otro\u0161tvu, mladosti in razlogih za vstop v tedaj \u0161e dokaj novo in nadvse privla\u010dno Gibanje. Nato predstavi \u010das, plodovitega delovanja in sodelovanja, ki ga je pre\u017eivela v razli\u010dnih skupnostih v nekdanji Jugoslaviji, kjer je desetletja u\u017eivala podporo vseh svojih predstojnikov. Nenadoma pa je bila iz njej neznanega in nikoli pojasnjenega razloga iz Jugoslavije preme\u0161\u010dena v Rim, kjer so jo v \u010dasu slovenske pomladi iz Gibanja odslovili.<\/p>\n<p>V drugem delu knjige <strong>Sledovi lu\u010di in teme <\/strong>se avtorica podrobneje posveti \u017eivljenju v prisilni osamitvi zunaj skupnosti. Spregovori o izzivih, pred katerimi se je zna\u0161la, o svojem prizadevanju za dialog z Gibanjem in za povrnitev dobrega imena ter o svojem delovanju v Cerkvi na Slovenskem. Hkrati pa opisuje tudi du\u0161evno trpljenje, ki jo je v tem obdobju spremljalo, ki je skupno vsem \u017ertvam zlorab in ki je nekatere privedlo celo do samomora, a je ta tema \u017eal tudi v Cerkvi premalo poznana in priznana.<\/p>\n<blockquote><p><em>Prepri\u010dana sem, da je ve\u010dina ljudi, ki so svoje \u017eivljenje posvetili Bogu v Gibanju, ki mi je toliko pomenilo, dobrih in po\u0161tenih. Tudi tisti, ki so nas zlorabili, so verjetno na za\u010detku hoteli dobro. Toda ko so pri\u0161li na odgovorna mesta, so se podredili sistemu in slepo slu\u017eili njemu, namesto da bi slu\u017eili Bogu.<\/em><\/p><\/blockquote>\n<p>Avtorica pi\u0161e brez zamere. O\u010ditno si prizadeva, da bi tudi njena bole\u010da izpoved prispevala k dialogu med njo in vodstvom Gibanja fokolarov. Obenem pa \u017eeli prispevati tudi k razkrivanju sistemskih vzrokov za zlorabe v Gibanju, ki v zadnjih letih po vsem svetu vedno bolj prihajajo na dan.<\/p>\n<p>Avtori\u010dina \u017eelja je, da bi se zlorabljeni kon\u010dno zavedeli, da so \u017ertve \u2013 sama je za to potrebovala desetletja \u2013 in da bi se osvobodili ob\u010dutka krivde, ki so ga nanje prelo\u017eili njihovi zlorabitelji.<\/p>\n<p>Predvsem pa je glavno sporo\u010dilo knjige <strong>Sledovi lu\u010di in teme <\/strong>njeno pri\u010devanje, da je kljub neizmerno te\u017eki preizku\u0161nji mogo\u010de ohraniti in celo okrepiti vero in upanje in ljubezen!<\/p>\n<p>&nbsp;<\/p>\n<h4>O avtorici:<\/h4>\n<p><strong>Dragica \u010cepar<\/strong> je posve\u010dena fokolarina, \u010dlanica Gibanja fokolarov. Potem ko je leta 1968 vstopila v Gibanje in leta 1979 napravila ve\u010dne zaobljube, so jo predstojniki po ve\u010d kot dvajsetih letih \u017eivljenja in dela v skupnosti brez pojasnila postavili na cesto. Vendar je vseeno na\u0161la mo\u010d, da se je postavila na noge, si uredila \u017eivljenje in ohranila vero, upanje in ljubezen.<\/p>\n<p>&nbsp;<\/p>\n<h4>Odlomek iz knjige:<\/h4>\n<p><em>Jezusova ljubezen, ki sem jo izkusila ob stiku s skupnostjo Marijinega dela, je popolnoma osvojila moje srce. Do tedaj sem namre\u010d mislila, da je moje \u017eivljenjsko poslanstvo, da si ustvarim dru\u017eino, ki bo ognji\u0161\u010de topline, dobrote in ljubezni, po kateri hrepeni vsako \u010dlove\u0161ko srce. Toda potem ko sem do\u017eivela ljubezen Stvarnika in Izvira sleherne ljubezni, mi je postalo jasno, da se nobena, \u0161e tako lepa in plemenita \u010dlove\u0161ka ljubezen, ne da primerjati z Bo\u017ejo in da me nobena ne bo mogla tako izpolniti, kot sem izkusila, da me lahko Njegova. Njegovo vabilo \u00bbhodi za menoj\u00ab, je odmevalo v mojem srcu in odzvala sem se. Bogu, ki me tako zelo ljubi, da je zame daroval svoje \u017eivljenje, sem se odlo\u010dila podariti svoje kot Bogu posve\u010dena fokolarina v Gibanju fokolarov.<\/em><\/p>\n<p><em>Ime \u2018Marijino delo\u2019 me je privla\u010dilo in mi dajalo ob\u010dutek varnosti in gotovosti, da bo Marija vedno bdela nad menoj. Fokolarine v Trstu so z veseljem sprejele mojo, sicer pri\u010dakovano, odlo\u010ditev in mi pomagale urediti vse potrebno, da sem se odpovedala slu\u017ebi, dru\u017eini in domovini ter se 31. oktobra 1968 preselila v fokolar v Trst na via Matteotti.<\/em><\/p>\n<p>&nbsp;<\/p>\n<h4>Mnenja o knjigi:<\/h4>\n<p><em>V dveh dneh sem prebrala knjigo in komaj \u010dakala, da mine, ker sem zraven tako trpela. Zgodba mi je razkrila ve\u010dplastnost \u010dustvenega in duhovnega zlorabiteljstva, kar je pomembno tudi za moje \u017eivljenje. Sprevr\u017eeno je, Dragica, kar so po\u010deli z vami, dolgujejo vam rehabilitacijo in opravi\u010dilo.<br \/>\n<\/em>\u2014 <strong>Nata\u0161a Konc Lorenzutti<\/strong>, igralka, pisateljica in pesnica<\/p>\n<p><em>Dragica \u010cepar, pokon\u010dna, zaupanja vredna \u017eena iz Bo\u017ejega ljudstva, je do\u017eivela stra\u0161ne stvari, ki so bile posledica teptanja s strani nedotakljivega monstruma znotraj katoli\u0161ke Cerkve. To jo je skoraj spravilo v grob. Po zgledu Bo\u017eje slu\u017eabnice sestre Lucije iz Fatime (1907\u20132005) se je zatekla k brezmade\u017enemu Marijinemu Srcu. Potem ko je preteklost pustila za seboj, ne da bi dosegla popravo krivic, v svoji knjigi mirno in brez zagrenjenosti razkriva, kaj ji je uni\u010dilo \u017eivljenje. Prav v tem je njeno prero\u0161ko pri\u010devanje za dana\u0161nji \u010das krize. Preberimo ga. Naj prinese duhovno korist vsej Cerkvi in vsakemu kr\u0161\u010denemu verniku.<br \/>\n<\/em>\u2013 p. <strong>Pierre Vignon<\/strong>, duhovnik \u0161kofije Valence (Francija)<\/p>\n<p><em>\u0160e najbolj pa mi je v veselje, da sem lahko iz prve roke kupila tvojo knjigo. Te\u017eko ti opi\u0161em, kaj vse do\u017eivljam ob branju. Vse skupaj <\/em><em>se mi zdi, ali je vse to in tako sploh mogo\u010de. Ob\u010dudujem neverjetno vero in predanost Kristusu in Mariji in odlo\u010dnost slu\u017eiti Cerkvi kljub vsemu, kar si do\u017eivela. To je pri\u010devanje za dana\u0161nji \u010das, kaj pomeni ostat zvest ve\u010dnim zaobljubam, pa naj si bo v cerkvi ali pa v zakonu.<br \/>\n<\/em>\u2013 <strong>M. S.<\/strong><\/p>\n<p><em>Upam, da bo ta knjiga postala orodje zdravljenja za ljudi, ki so utrpeli podobne situacije, in tudi kot preventiva, ki bo navdihnila druge, da prepre\u010dijo podobne zlorabe ter da i\u0161\u010dejo in pri\u010dujejo za pravico in resnico.<br \/>\n<\/em>\u2013 p. ddr. <strong>Hans Zollner<\/strong>, SJ, direktor In\u0161tituta za antropologijo, Pape\u0161ka univerza Gregoriana (Vatikan)<\/p>\n<p><em>Taka pri\u010devanja so nujna, ker nas ohranjajo budne, da zlorab v Cerkvi ne do\u017eivljamo senzacionalisti\u010dno oziroma da po prvih informacijah in bole\u010dini na zlorabe ne postanemo imuni. In da imamo vedno v mislih, da s ti\u0161ino ob zlorabah ne branimo Cerkve, ampak storilce ter da jim na\u0161 molk omogo\u010da prostor in svobodo, ki bi jo sicer v dru\u017ebi te\u017eko dobili. Ko mol\u010dimo, mi ru\u0161imo Cerkev. \u010ce jo \u017eelimo \u0161\u010dititi in graditi, moramo nasilje detabuizirati, o njem odprto govoriti in sprejeti potrebne ukrepe za njegovo prepre\u010devanje.<br \/>\n<\/em>\u2013 dr. sc.<strong> Jadranka s. Rebeka Ani\u0107<\/strong>, znanstvena svetnica, In\u0161titut za dru\u017ebene vede Ivo Pilar \u2013 Podro\u010dni center Split (Hrva\u0161ka)<em><br \/>\n<\/em><\/p>\n<p>&nbsp;<\/p>\n<h3><strong>Objave o knjigi:<\/strong><\/h3>\n<p>Andreja Barat: <strong>Dragica \u010cepar: \u201cIz ljubezni do resnice in do Cerkve sem zapisala svojo kalvarijo znotraj Gibanja fokolarov.\u201d,<\/strong> spletni portal Iskreni.net, 10. 9. 2024: <a href=\"https:\/\/www.iskreni.net\/dragica-cepar-iz-ljubezni-do-resnice-in-do-cerkve-sem-zapisala-svojo-kalvarijo-znotraj-gibanja-fokolarov\/\" target=\"_blank\" rel=\"noopener\">https:\/\/www.iskreni.net\/dragica-cepar-iz-ljubezni-do-resnice-in-do-cerkve-sem-zapisala-svojo-kalvarijo-znotraj-gibanja-fokolarov\/<\/a><\/p>\n<p>M. P.: <strong>Dragica \u010cepar je predstavila svojo izku\u0161njo duhovne zlorabe, <\/strong>spletni portal Dru\u017eina,\u00a010. 9. 2024:\u00a0<a href=\"https:\/\/www.druzina.si\/clanek\/dragica-cepar-je-predstavila-svojo-izkusnjo-duhovne-zlorabe\" target=\"_blank\" rel=\"noopener\">https:\/\/www.druzina.si\/clanek\/dragica-cepar-je-predstavila-svojo-izkusnjo-duhovne-zlorabe<\/a><br \/>\n(Poobjavljeno tudi v tedniku Dru\u017eina, letnik 73, \u0161t. 39, 29. september 2024; str. 10\u201311.)<\/p>\n<p>Ludovica Eugenio: <strong>Esce in Slovenia &#8220;Tracce di luce e di tenebre&#8221;,<\/strong> spletni portal organizacije OREF &#8211; Organizzazioni Ex Focolari, (italijansko), 10. 9. 2024: <a href=\"https:\/\/oref.it\/index.php?lang=IT&amp;section=NEWS&amp;news=20240910\" target=\"_blank\" rel=\"noopener\">https:\/\/oref.it\/index.php?lang=IT&amp;section=NEWS&amp;news=20240910<\/a><\/p>\n<p>Claudia Raspoli\u010d: <strong>&#8220;Su Rupnik ancora troppo silenzio da parte della Chiesa&#8221;,<\/strong> prispevek TV Koper, (italijansko), 17. 9. 2024: <a href=\"https:\/\/365.rtvslo.si\/arhiv\/tuttoggi\/175072846\" target=\"_blank\" rel=\"noopener\">https:\/\/365.rtvslo.si\/arhiv\/tuttoggi\/175072846<\/a><\/p>\n<p>Ga\u0161per Bla\u017ei\u010d: <strong>(RECENZIJA) Knjiga, ki me je pretresla do dna: pri\u010devanje Dragice \u010cepar kot nujno potreben korak k detabuiziranju duhovnih zlorab ter razkrinkavanju sekta\u0161kih odklonov znotraj Cerkve, <\/strong>spletni portal Blagovest.si, 19. 9. 2024: <a href=\"https:\/\/blagovest.si\/aktualno\/recenzija-knjiga-ki-me-je-pretresla-do-dna-pricevanje-dragice-cepar-kot-nujno-potreben-korak-k-detabuiziranju-duhovnih-zlorab-ter-razkrinkavanju-sektaskih-odklonov-znotraj-cerkve\/\" target=\"_blank\" rel=\"noopener\">https:\/\/blagovest.si\/aktualno\/recenzija-knjiga-ki-me-je-pretresla-do-dna-pricevanje-dragice-cepar-kot-nujno-potreben-korak-k-detabuiziranju-duhovnih-zlorab-ter-razkrinkavanju-sektaskih-odklonov-znotraj-cerkve\/<\/a><\/p>\n<p>Cecilia Sgaravatto in Monique Van Heynsbergen: <strong>Il calvario di Dragica \u010cepar nei Focolari,<\/strong> spletni portal organizacije OREF &#8211; Organizzazioni Ex Focolari, (italijansko), 20. 9. 2024: <a href=\"https:\/\/oref.it\/index.php?lang=IT&amp;section=NEWS&amp;news=20240920\" target=\"_blank\" rel=\"noopener\">https:\/\/oref.it\/index.php?lang=IT&amp;section=NEWS&amp;news=20240920<\/a><\/p>\n<p>Nata\u0161a Konc Lorenzutti:\u00a0<strong>Angelikina in Dragi\u010dina zgodba: sledovi lu\u010di nas lahko oslepijo, <\/strong>spletni portal Iskreni.net, 25. 9. 2024: <a href=\"https:\/\/www.iskreni.net\/angelikina-in-dragicina-zgodba-sledovi-luci-nas-lahko-oslepijo\/\" target=\"_blank\" rel=\"noopener\">https:\/\/www.iskreni.net\/angelikina-in-dragicina-zgodba-sledovi-luci-nas-lahko-oslepijo\/<\/a><\/p>\n<p>Ga\u0161per Bla\u017ei\u010d: <strong>(INTERVJU) \u00bbDolga leta smo umirali v sebi, se odpovedovali svojim interesom, svojim mislim. \u010clovek se s tem razosebi, ne ve ve\u010d, kdo je\u00ab<\/strong>,<strong>\u00a0<\/strong>Deomkracija, letnik 29, \u0161t. 41, 10. oktober 2024; str. 44\u201347. Pooblavljeno: spletni portal Blagovest.si, 18. 10. 2024: <a href=\"https:\/\/blagovest.si\/aktualno\/intervju-dolga-leta-smo-umirali-v-sebi-se-odpovedovali-svojim-interesom-svojim-mislim-clovek-se-s-tem-razosebi-ne-ve-vec-kdo-je\/\" target=\"_blank\" rel=\"noopener\">https:\/\/blagovest.si\/aktualno\/intervju-dolga-leta-smo-umirali-v-sebi-se-odpovedovali-svojim-interesom-svojim-mislim-clovek-se-s-tem-razosebi-ne-ve-vec-kdo-je\/<\/a><\/p>\n<p>Cvetka Skok: <b>Sledovi lu\u010di in teme: Moja kalvarija v Gibanju fokolarov<\/b>,<strong>\u00a0<\/strong>Glasnik ob\u010dine Diva\u010da, letnik 30, \u0161t. 6, december 2024; str. 62. Dostopno na:<a href=\"https:\/\/www.divaca.si\/objava\/1031726\" target=\"_blank\" rel=\"noopener\"> https:\/\/www.divaca.si\/objava\/1031726<\/a><\/p>\n","protected":false},"excerpt":{"rendered":"<p><strong>\u0160tevilo strani:<\/strong> 292<br \/>\n<strong>Mere:\u00a0<\/strong>145 x 200 mm<br \/>\n<strong>Leto izdaje:<\/strong> 2024<\/p>\n<h4>Moja kalvarija v Gibanju fokolarov<\/h4>\n<p>&nbsp;<\/p>\n","protected":false},"featured_media":78625,"comment_status":"open","ping_status":"closed","template":"","meta":[],"product_brand":[],"product_cat":[2324,1430,63],"product_tag":[793,1711,2622,1429],"avtor":[2825],"zalozba":[2305],"vezava":[2307],"class_list":{"0":"post-78314","1":"product","2":"type-product","3":"status-publish","4":"has-post-thumbnail","6":"product_cat-duhovnost-in-osebna-rast","7":"product_cat-iz-nase-zalozbe","8":"product_cat-knjige","9":"product_tag-biografija","10":"product_tag-krscanstvo","11":"product_tag-spomini","12":"product_tag-zavod-iskreni","13":"avtor-dragica-cepar","14":"zalozba-zavod-iskreni","15":"vezava-mehka","17":"first","18":"instock","19":"taxable","20":"shipping-taxable","21":"purchasable","22":"product-type-simple"},"yoast_head":"<!-- This site is optimized with the Yoast SEO plugin v26.3 - https:\/\/yoast.com\/wordpress\/plugins\/seo\/ -->\n<title>Dragica \u010cepar - Sledovi lu\u010di in teme - trgovina Iskreni<\/title>\n<meta name=\"description\" content=\"V knjigi Sledovi lu\u010di in teme avtorica opisuje svojo \u017eivljenjsko pot od vstopa v Gibanje fokolarov pa vse do odslovitve in boja za povrnitev dobrega imena.\" \/>\n<meta name=\"robots\" content=\"index, follow, max-snippet:-1, max-image-preview:large, max-video-preview:-1\" \/>\n<link rel=\"canonical\" href=\"https:\/\/www.iskreni.net\/trgovina\/product\/sledovi-luci-in-teme\/\" \/>\n<meta property=\"og:locale\" content=\"sl_SI\" \/>\n<meta property=\"og:type\" content=\"article\" \/>\n<meta property=\"og:title\" content=\"Dragica \u010cepar - Sledovi lu\u010di in teme - trgovina Iskreni\" \/>\n<meta property=\"og:description\" content=\"V knjigi Sledovi lu\u010di in teme avtorica opisuje svojo \u017eivljenjsko pot od vstopa v Gibanje fokolarov pa vse do odslovitve in boja za povrnitev dobrega imena.\" \/>\n<meta property=\"og:url\" content=\"https:\/\/www.iskreni.net\/trgovina\/product\/sledovi-luci-in-teme\/\" \/>\n<meta property=\"og:site_name\" content=\"Zavod Iskreni\" \/>\n<meta property=\"article:modified_time\" content=\"2026-03-04T10:30:28+00:00\" \/>\n<meta property=\"og:image\" content=\"https:\/\/www.iskreni.net\/trgovina\/wp-content\/uploads\/2022\/07\/Sledovi-luci-in-teme-mockup_NOVO3.png\" \/>\n\t<meta property=\"og:image:width\" content=\"600\" \/>\n\t<meta property=\"og:image:height\" content=\"600\" \/>\n\t<meta property=\"og:image:type\" content=\"image\/png\" \/>\n<meta name=\"twitter:card\" content=\"summary_large_image\" \/>\n<meta name=\"twitter:label1\" content=\"Est. reading time\" \/>\n\t<meta name=\"twitter:data1\" content=\"7 minut\" \/>\n<script type=\"application\/ld+json\" class=\"yoast-schema-graph\">{\"@context\":\"https:\/\/schema.org\",\"@graph\":[{\"@type\":\"WebPage\",\"@id\":\"https:\/\/www.iskreni.net\/trgovina\/product\/sledovi-luci-in-teme\/\",\"url\":\"https:\/\/www.iskreni.net\/trgovina\/product\/sledovi-luci-in-teme\/\",\"name\":\"Dragica \u010cepar - Sledovi lu\u010di in teme - trgovina Iskreni\",\"isPartOf\":{\"@id\":\"https:\/\/www.iskreni.net\/trgovina\/#website\"},\"primaryImageOfPage\":{\"@id\":\"https:\/\/www.iskreni.net\/trgovina\/product\/sledovi-luci-in-teme\/#primaryimage\"},\"image\":{\"@id\":\"https:\/\/www.iskreni.net\/trgovina\/product\/sledovi-luci-in-teme\/#primaryimage\"},\"thumbnailUrl\":\"https:\/\/www.iskreni.net\/trgovina\/wp-content\/uploads\/2022\/07\/Sledovi-luci-in-teme-mockup_NOVO3.png\",\"datePublished\":\"2024-08-27T22:01:16+00:00\",\"dateModified\":\"2026-03-04T10:30:28+00:00\",\"description\":\"V knjigi Sledovi lu\u010di in teme avtorica opisuje svojo \u017eivljenjsko pot od vstopa v Gibanje fokolarov pa vse do odslovitve in boja za povrnitev dobrega imena.\",\"breadcrumb\":{\"@id\":\"https:\/\/www.iskreni.net\/trgovina\/product\/sledovi-luci-in-teme\/#breadcrumb\"},\"inLanguage\":\"sl-SI\",\"potentialAction\":[{\"@type\":\"ReadAction\",\"target\":[\"https:\/\/www.iskreni.net\/trgovina\/product\/sledovi-luci-in-teme\/\"]}]},{\"@type\":\"ImageObject\",\"inLanguage\":\"sl-SI\",\"@id\":\"https:\/\/www.iskreni.net\/trgovina\/product\/sledovi-luci-in-teme\/#primaryimage\",\"url\":\"https:\/\/www.iskreni.net\/trgovina\/wp-content\/uploads\/2022\/07\/Sledovi-luci-in-teme-mockup_NOVO3.png\",\"contentUrl\":\"https:\/\/www.iskreni.net\/trgovina\/wp-content\/uploads\/2022\/07\/Sledovi-luci-in-teme-mockup_NOVO3.png\",\"width\":600,\"height\":600},{\"@type\":\"BreadcrumbList\",\"@id\":\"https:\/\/www.iskreni.net\/trgovina\/product\/sledovi-luci-in-teme\/#breadcrumb\",\"itemListElement\":[{\"@type\":\"ListItem\",\"position\":1,\"name\":\"Home\",\"item\":\"https:\/\/www.iskreni.net\/trgovina\/\"},{\"@type\":\"ListItem\",\"position\":2,\"name\":\"Trgovina\",\"item\":\"https:\/\/www.iskreni.net\/trgovina\/trgovina\/\"},{\"@type\":\"ListItem\",\"position\":3,\"name\":\"Sledovi lu\u010di in teme\"}]},{\"@type\":\"WebSite\",\"@id\":\"https:\/\/www.iskreni.net\/trgovina\/#website\",\"url\":\"https:\/\/www.iskreni.net\/trgovina\/\",\"name\":\"Zavod Iskreni\",\"description\":\"trgovina\",\"potentialAction\":[{\"@type\":\"SearchAction\",\"target\":{\"@type\":\"EntryPoint\",\"urlTemplate\":\"https:\/\/www.iskreni.net\/trgovina\/?s={search_term_string}\"},\"query-input\":{\"@type\":\"PropertyValueSpecification\",\"valueRequired\":true,\"valueName\":\"search_term_string\"}}],\"inLanguage\":\"sl-SI\"}]}<\/script>\n<!-- \/ Yoast SEO plugin. -->","yoast_head_json":{"title":"Dragica \u010cepar - Sledovi lu\u010di in teme - trgovina Iskreni","description":"V knjigi Sledovi lu\u010di in teme avtorica opisuje svojo \u017eivljenjsko pot od vstopa v Gibanje fokolarov pa vse do odslovitve in boja za povrnitev dobrega imena.","robots":{"index":"index","follow":"follow","max-snippet":"max-snippet:-1","max-image-preview":"max-image-preview:large","max-video-preview":"max-video-preview:-1"},"canonical":"https:\/\/www.iskreni.net\/trgovina\/product\/sledovi-luci-in-teme\/","og_locale":"sl_SI","og_type":"article","og_title":"Dragica \u010cepar - Sledovi lu\u010di in teme - trgovina Iskreni","og_description":"V knjigi Sledovi lu\u010di in teme avtorica opisuje svojo \u017eivljenjsko pot od vstopa v Gibanje fokolarov pa vse do odslovitve in boja za povrnitev dobrega imena.","og_url":"https:\/\/www.iskreni.net\/trgovina\/product\/sledovi-luci-in-teme\/","og_site_name":"Zavod Iskreni","article_modified_time":"2026-03-04T10:30:28+00:00","og_image":[{"width":600,"height":600,"url":"https:\/\/www.iskreni.net\/trgovina\/wp-content\/uploads\/2022\/07\/Sledovi-luci-in-teme-mockup_NOVO3.png","type":"image\/png"}],"twitter_card":"summary_large_image","twitter_misc":{"Est. reading time":"7 minut"},"schema":{"@context":"https:\/\/schema.org","@graph":[{"@type":"WebPage","@id":"https:\/\/www.iskreni.net\/trgovina\/product\/sledovi-luci-in-teme\/","url":"https:\/\/www.iskreni.net\/trgovina\/product\/sledovi-luci-in-teme\/","name":"Dragica \u010cepar - Sledovi lu\u010di in teme - trgovina Iskreni","isPartOf":{"@id":"https:\/\/www.iskreni.net\/trgovina\/#website"},"primaryImageOfPage":{"@id":"https:\/\/www.iskreni.net\/trgovina\/product\/sledovi-luci-in-teme\/#primaryimage"},"image":{"@id":"https:\/\/www.iskreni.net\/trgovina\/product\/sledovi-luci-in-teme\/#primaryimage"},"thumbnailUrl":"https:\/\/www.iskreni.net\/trgovina\/wp-content\/uploads\/2022\/07\/Sledovi-luci-in-teme-mockup_NOVO3.png","datePublished":"2024-08-27T22:01:16+00:00","dateModified":"2026-03-04T10:30:28+00:00","description":"V knjigi Sledovi lu\u010di in teme avtorica opisuje svojo \u017eivljenjsko pot od vstopa v Gibanje fokolarov pa vse do odslovitve in boja za povrnitev dobrega imena.","breadcrumb":{"@id":"https:\/\/www.iskreni.net\/trgovina\/product\/sledovi-luci-in-teme\/#breadcrumb"},"inLanguage":"sl-SI","potentialAction":[{"@type":"ReadAction","target":["https:\/\/www.iskreni.net\/trgovina\/product\/sledovi-luci-in-teme\/"]}]},{"@type":"ImageObject","inLanguage":"sl-SI","@id":"https:\/\/www.iskreni.net\/trgovina\/product\/sledovi-luci-in-teme\/#primaryimage","url":"https:\/\/www.iskreni.net\/trgovina\/wp-content\/uploads\/2022\/07\/Sledovi-luci-in-teme-mockup_NOVO3.png","contentUrl":"https:\/\/www.iskreni.net\/trgovina\/wp-content\/uploads\/2022\/07\/Sledovi-luci-in-teme-mockup_NOVO3.png","width":600,"height":600},{"@type":"BreadcrumbList","@id":"https:\/\/www.iskreni.net\/trgovina\/product\/sledovi-luci-in-teme\/#breadcrumb","itemListElement":[{"@type":"ListItem","position":1,"name":"Home","item":"https:\/\/www.iskreni.net\/trgovina\/"},{"@type":"ListItem","position":2,"name":"Trgovina","item":"https:\/\/www.iskreni.net\/trgovina\/trgovina\/"},{"@type":"ListItem","position":3,"name":"Sledovi lu\u010di in teme"}]},{"@type":"WebSite","@id":"https:\/\/www.iskreni.net\/trgovina\/#website","url":"https:\/\/www.iskreni.net\/trgovina\/","name":"Zavod Iskreni","description":"trgovina","potentialAction":[{"@type":"SearchAction","target":{"@type":"EntryPoint","urlTemplate":"https:\/\/www.iskreni.net\/trgovina\/?s={search_term_string}"},"query-input":{"@type":"PropertyValueSpecification","valueRequired":true,"valueName":"search_term_string"}}],"inLanguage":"sl-SI"}]}},"_links":{"self":[{"href":"https:\/\/www.iskreni.net\/trgovina\/wp-json\/wp\/v2\/product\/78314","targetHints":{"allow":["GET"]}}],"collection":[{"href":"https:\/\/www.iskreni.net\/trgovina\/wp-json\/wp\/v2\/product"}],"about":[{"href":"https:\/\/www.iskreni.net\/trgovina\/wp-json\/wp\/v2\/types\/product"}],"replies":[{"embeddable":true,"href":"https:\/\/www.iskreni.net\/trgovina\/wp-json\/wp\/v2\/comments?post=78314"}],"version-history":[{"count":38,"href":"https:\/\/www.iskreni.net\/trgovina\/wp-json\/wp\/v2\/product\/78314\/revisions"}],"predecessor-version":[{"id":92137,"href":"https:\/\/www.iskreni.net\/trgovina\/wp-json\/wp\/v2\/product\/78314\/revisions\/92137"}],"wp:featuredmedia":[{"embeddable":true,"href":"https:\/\/www.iskreni.net\/trgovina\/wp-json\/wp\/v2\/media\/78625"}],"wp:attachment":[{"href":"https:\/\/www.iskreni.net\/trgovina\/wp-json\/wp\/v2\/media?parent=78314"}],"wp:term":[{"taxonomy":"product_brand","embeddable":true,"href":"https:\/\/www.iskreni.net\/trgovina\/wp-json\/wp\/v2\/product_brand?post=78314"},{"taxonomy":"product_cat","embeddable":true,"href":"https:\/\/www.iskreni.net\/trgovina\/wp-json\/wp\/v2\/product_cat?post=78314"},{"taxonomy":"product_tag","embeddable":true,"href":"https:\/\/www.iskreni.net\/trgovina\/wp-json\/wp\/v2\/product_tag?post=78314"},{"taxonomy":"avtor","embeddable":true,"href":"https:\/\/www.iskreni.net\/trgovina\/wp-json\/wp\/v2\/avtor?post=78314"},{"taxonomy":"zalozba","embeddable":true,"href":"https:\/\/www.iskreni.net\/trgovina\/wp-json\/wp\/v2\/zalozba?post=78314"},{"taxonomy":"vezava","embeddable":true,"href":"https:\/\/www.iskreni.net\/trgovina\/wp-json\/wp\/v2\/vezava?post=78314"}],"curies":[{"name":"wp","href":"https:\/\/api.w.org\/{rel}","templated":true}]}}