{"id":78253,"date":"2024-08-13T10:08:22","date_gmt":"2024-08-13T08:08:22","guid":{"rendered":"https:\/\/www.iskreni.net\/trgovina\/?post_type=product&#038;p=78253"},"modified":"2025-07-11T09:54:40","modified_gmt":"2025-07-11T07:54:40","slug":"neznano-ozemlje","status":"publish","type":"product","link":"https:\/\/www.iskreni.net\/trgovina\/product\/neznano-ozemlje\/","title":{"rendered":"Neznano ozemlje"},"content":{"rendered":"<h3 id=\"anchor-o-izdelku\" class=\"title\">O knjigi Neznano ozemlje:<\/h3>\n<div class=\"tab-description js-tab-singleProduct-description content-tab\">\n<div class=\"x11i5rnm xat24cr x1mh8g0r x1vvkbs xtlvy1s x126k92a\">\n<div dir=\"auto\">\n<p>\u00bbNi bolj neznanega ozemlja, kot je pekel poni\u017eanja.\u00ab<\/p>\n<p>Pred \u0161tirimi leti je v mestecu Hondares po\u017ear uni\u010dil skladi\u0161\u010de Alberta Solerja. V njegovem sefu so bile takrat najdene \u010dlove\u0161ke kosti. Za policistko Padilla je bil primer zelo oseben, ne samo zaradi njenega prijateljstva z osumljencem, temve\u010d tudi zaradi njenega sina Diega, ki je bil v tistem trenutku so\u0161olec Albertove h\u010dere Alicie. Vse, kar se je tistega leta zgodilo na \u0161oli, je zanetilo ogenj, ki je opusto\u0161il kar nekaj \u017eivljenj.<br \/>\nTo pa je zgodba o preiskavi.<\/p>\n<h4>O avtorju:<\/h4>\n<p>Luis Leante se je rodil v kraju Caravaca de la Cruz (Murcia) leta 1963. Diplomiral je iz klasi\u010dne filologije in bil dvajset let srednje\u0161olski u\u010ditelj. Trenutno sodeluje z ve\u010d zalo\u017ebami in se posve\u010da pisanju. Objavil je ve\u010d dram, romanov za mladino in za odrasle, ki so prejeli najpresti\u017enej\u0161e literarne nagrade, kot sta nagradi Alfaguara ali Edeb\u00e9 za mladinsko knji\u017eevnost. Njegova dela so prevedena v ve\u010d kot dvajset jezikov.<\/p>\n<\/div>\n<\/div>\n<\/div>\n","protected":false},"excerpt":{"rendered":"<p><strong>Leto izdaje:<\/strong> 2024<br \/>\n<strong>\u0160tevilo strani:<\/strong> 210<br \/>\n<strong>Mere:<\/strong> 130 x 205 mm<\/p>\n<h5><a href=\"https:\/\/www.salve.si\/wp-content\/uploads\/2024\/07\/Neznano-ozemlje-PREDSTAVITVENE-STRANI.pdf\">PREDOGLED<\/a><\/h5>\n","protected":false},"featured_media":78255,"comment_status":"open","ping_status":"closed","template":"","meta":[],"product_brand":[],"product_cat":[2350,63],"product_tag":[],"avtor":[2824],"zalozba":[2336],"vezava":[2635],"class_list":{"0":"post-78253","1":"product","2":"type-product","3":"status-publish","4":"has-post-thumbnail","6":"product_cat-za-mlade","7":"product_cat-knjige","8":"avtor-luis-leante","9":"zalozba-salve","10":"vezava-mehka-z-zavihki","12":"first","13":"onbackorder","14":"taxable","15":"shipping-taxable","16":"purchasable","17":"product-type-simple"},"yoast_head":"<!-- This site is optimized with the Yoast SEO plugin v26.3 - https:\/\/yoast.com\/wordpress\/plugins\/seo\/ -->\n<title>Neznano ozemlje - trgovina Iskreni<\/title>\n<meta name=\"description\" content=\"\u00bbNi bolj neznanega ozemlja, kot je pekel poni\u017eanja.\u00ab Pred \u0161tirimi leti je v mestecu Hondares po\u017ear uni\u010dil skladi\u0161\u010de Alberta Solerja.\" \/>\n<meta name=\"robots\" content=\"index, follow, max-snippet:-1, max-image-preview:large, max-video-preview:-1\" \/>\n<link rel=\"canonical\" href=\"https:\/\/www.iskreni.net\/trgovina\/product\/neznano-ozemlje\/\" \/>\n<meta property=\"og:locale\" content=\"sl_SI\" \/>\n<meta property=\"og:type\" content=\"article\" \/>\n<meta property=\"og:title\" content=\"Neznano ozemlje\" \/>\n<meta property=\"og:description\" content=\"\u00bbNi bolj neznanega ozemlja, kot je pekel poni\u017eanja.\u00ab Pred \u0161tirimi leti je v mestecu Hondares po\u017ear uni\u010dil skladi\u0161\u010de Alberta Solerja.\" \/>\n<meta property=\"og:url\" content=\"https:\/\/www.iskreni.net\/trgovina\/product\/neznano-ozemlje\/\" \/>\n<meta property=\"og:site_name\" content=\"Zavod Iskreni\" \/>\n<meta property=\"article:modified_time\" content=\"2025-07-11T07:54:40+00:00\" \/>\n<meta property=\"og:image\" content=\"https:\/\/www.iskreni.net\/trgovina\/wp-content\/uploads\/2024\/08\/Slike-za-v-spletno-trgovino-2024-08-13T100924.101.jpg\" \/>\n\t<meta property=\"og:image:width\" content=\"600\" \/>\n\t<meta property=\"og:image:height\" content=\"600\" \/>\n\t<meta property=\"og:image:type\" content=\"image\/jpeg\" \/>\n<meta name=\"twitter:card\" content=\"summary_large_image\" \/>\n<meta name=\"twitter:label1\" content=\"Est. reading time\" \/>\n\t<meta name=\"twitter:data1\" content=\"2 minuti\" \/>\n<script type=\"application\/ld+json\" class=\"yoast-schema-graph\">{\"@context\":\"https:\/\/schema.org\",\"@graph\":[{\"@type\":\"WebPage\",\"@id\":\"https:\/\/www.iskreni.net\/trgovina\/product\/neznano-ozemlje\/\",\"url\":\"https:\/\/www.iskreni.net\/trgovina\/product\/neznano-ozemlje\/\",\"name\":\"Neznano ozemlje - trgovina Iskreni\",\"isPartOf\":{\"@id\":\"https:\/\/www.iskreni.net\/trgovina\/#website\"},\"primaryImageOfPage\":{\"@id\":\"https:\/\/www.iskreni.net\/trgovina\/product\/neznano-ozemlje\/#primaryimage\"},\"image\":{\"@id\":\"https:\/\/www.iskreni.net\/trgovina\/product\/neznano-ozemlje\/#primaryimage\"},\"thumbnailUrl\":\"https:\/\/www.iskreni.net\/trgovina\/wp-content\/uploads\/2024\/08\/Slike-za-v-spletno-trgovino-2024-08-13T100924.101.jpg\",\"datePublished\":\"2024-08-13T08:08:22+00:00\",\"dateModified\":\"2025-07-11T07:54:40+00:00\",\"description\":\"\u00bbNi bolj neznanega ozemlja, kot je pekel poni\u017eanja.\u00ab Pred \u0161tirimi leti je v mestecu Hondares po\u017ear uni\u010dil skladi\u0161\u010de Alberta Solerja.\",\"breadcrumb\":{\"@id\":\"https:\/\/www.iskreni.net\/trgovina\/product\/neznano-ozemlje\/#breadcrumb\"},\"inLanguage\":\"sl-SI\",\"potentialAction\":[{\"@type\":\"ReadAction\",\"target\":[\"https:\/\/www.iskreni.net\/trgovina\/product\/neznano-ozemlje\/\"]}]},{\"@type\":\"ImageObject\",\"inLanguage\":\"sl-SI\",\"@id\":\"https:\/\/www.iskreni.net\/trgovina\/product\/neznano-ozemlje\/#primaryimage\",\"url\":\"https:\/\/www.iskreni.net\/trgovina\/wp-content\/uploads\/2024\/08\/Slike-za-v-spletno-trgovino-2024-08-13T100924.101.jpg\",\"contentUrl\":\"https:\/\/www.iskreni.net\/trgovina\/wp-content\/uploads\/2024\/08\/Slike-za-v-spletno-trgovino-2024-08-13T100924.101.jpg\",\"width\":600,\"height\":600},{\"@type\":\"BreadcrumbList\",\"@id\":\"https:\/\/www.iskreni.net\/trgovina\/product\/neznano-ozemlje\/#breadcrumb\",\"itemListElement\":[{\"@type\":\"ListItem\",\"position\":1,\"name\":\"Home\",\"item\":\"https:\/\/www.iskreni.net\/trgovina\/\"},{\"@type\":\"ListItem\",\"position\":2,\"name\":\"Trgovina\",\"item\":\"https:\/\/www.iskreni.net\/trgovina\/trgovina\/\"},{\"@type\":\"ListItem\",\"position\":3,\"name\":\"Neznano ozemlje\"}]},{\"@type\":\"WebSite\",\"@id\":\"https:\/\/www.iskreni.net\/trgovina\/#website\",\"url\":\"https:\/\/www.iskreni.net\/trgovina\/\",\"name\":\"Zavod Iskreni\",\"description\":\"trgovina\",\"potentialAction\":[{\"@type\":\"SearchAction\",\"target\":{\"@type\":\"EntryPoint\",\"urlTemplate\":\"https:\/\/www.iskreni.net\/trgovina\/?s={search_term_string}\"},\"query-input\":{\"@type\":\"PropertyValueSpecification\",\"valueRequired\":true,\"valueName\":\"search_term_string\"}}],\"inLanguage\":\"sl-SI\"}]}<\/script>\n<!-- \/ Yoast SEO plugin. -->","yoast_head_json":{"title":"Neznano ozemlje - trgovina Iskreni","description":"\u00bbNi bolj neznanega ozemlja, kot je pekel poni\u017eanja.\u00ab Pred \u0161tirimi leti je v mestecu Hondares po\u017ear uni\u010dil skladi\u0161\u010de Alberta Solerja.","robots":{"index":"index","follow":"follow","max-snippet":"max-snippet:-1","max-image-preview":"max-image-preview:large","max-video-preview":"max-video-preview:-1"},"canonical":"https:\/\/www.iskreni.net\/trgovina\/product\/neznano-ozemlje\/","og_locale":"sl_SI","og_type":"article","og_title":"Neznano ozemlje","og_description":"\u00bbNi bolj neznanega ozemlja, kot je pekel poni\u017eanja.\u00ab Pred \u0161tirimi leti je v mestecu Hondares po\u017ear uni\u010dil skladi\u0161\u010de Alberta Solerja.","og_url":"https:\/\/www.iskreni.net\/trgovina\/product\/neznano-ozemlje\/","og_site_name":"Zavod Iskreni","article_modified_time":"2025-07-11T07:54:40+00:00","og_image":[{"width":600,"height":600,"url":"https:\/\/www.iskreni.net\/trgovina\/wp-content\/uploads\/2024\/08\/Slike-za-v-spletno-trgovino-2024-08-13T100924.101.jpg","type":"image\/jpeg"}],"twitter_card":"summary_large_image","twitter_misc":{"Est. reading time":"2 minuti"},"schema":{"@context":"https:\/\/schema.org","@graph":[{"@type":"WebPage","@id":"https:\/\/www.iskreni.net\/trgovina\/product\/neznano-ozemlje\/","url":"https:\/\/www.iskreni.net\/trgovina\/product\/neznano-ozemlje\/","name":"Neznano ozemlje - trgovina Iskreni","isPartOf":{"@id":"https:\/\/www.iskreni.net\/trgovina\/#website"},"primaryImageOfPage":{"@id":"https:\/\/www.iskreni.net\/trgovina\/product\/neznano-ozemlje\/#primaryimage"},"image":{"@id":"https:\/\/www.iskreni.net\/trgovina\/product\/neznano-ozemlje\/#primaryimage"},"thumbnailUrl":"https:\/\/www.iskreni.net\/trgovina\/wp-content\/uploads\/2024\/08\/Slike-za-v-spletno-trgovino-2024-08-13T100924.101.jpg","datePublished":"2024-08-13T08:08:22+00:00","dateModified":"2025-07-11T07:54:40+00:00","description":"\u00bbNi bolj neznanega ozemlja, kot je pekel poni\u017eanja.\u00ab Pred \u0161tirimi leti je v mestecu Hondares po\u017ear uni\u010dil skladi\u0161\u010de Alberta Solerja.","breadcrumb":{"@id":"https:\/\/www.iskreni.net\/trgovina\/product\/neznano-ozemlje\/#breadcrumb"},"inLanguage":"sl-SI","potentialAction":[{"@type":"ReadAction","target":["https:\/\/www.iskreni.net\/trgovina\/product\/neznano-ozemlje\/"]}]},{"@type":"ImageObject","inLanguage":"sl-SI","@id":"https:\/\/www.iskreni.net\/trgovina\/product\/neznano-ozemlje\/#primaryimage","url":"https:\/\/www.iskreni.net\/trgovina\/wp-content\/uploads\/2024\/08\/Slike-za-v-spletno-trgovino-2024-08-13T100924.101.jpg","contentUrl":"https:\/\/www.iskreni.net\/trgovina\/wp-content\/uploads\/2024\/08\/Slike-za-v-spletno-trgovino-2024-08-13T100924.101.jpg","width":600,"height":600},{"@type":"BreadcrumbList","@id":"https:\/\/www.iskreni.net\/trgovina\/product\/neznano-ozemlje\/#breadcrumb","itemListElement":[{"@type":"ListItem","position":1,"name":"Home","item":"https:\/\/www.iskreni.net\/trgovina\/"},{"@type":"ListItem","position":2,"name":"Trgovina","item":"https:\/\/www.iskreni.net\/trgovina\/trgovina\/"},{"@type":"ListItem","position":3,"name":"Neznano ozemlje"}]},{"@type":"WebSite","@id":"https:\/\/www.iskreni.net\/trgovina\/#website","url":"https:\/\/www.iskreni.net\/trgovina\/","name":"Zavod Iskreni","description":"trgovina","potentialAction":[{"@type":"SearchAction","target":{"@type":"EntryPoint","urlTemplate":"https:\/\/www.iskreni.net\/trgovina\/?s={search_term_string}"},"query-input":{"@type":"PropertyValueSpecification","valueRequired":true,"valueName":"search_term_string"}}],"inLanguage":"sl-SI"}]}},"_links":{"self":[{"href":"https:\/\/www.iskreni.net\/trgovina\/wp-json\/wp\/v2\/product\/78253","targetHints":{"allow":["GET"]}}],"collection":[{"href":"https:\/\/www.iskreni.net\/trgovina\/wp-json\/wp\/v2\/product"}],"about":[{"href":"https:\/\/www.iskreni.net\/trgovina\/wp-json\/wp\/v2\/types\/product"}],"replies":[{"embeddable":true,"href":"https:\/\/www.iskreni.net\/trgovina\/wp-json\/wp\/v2\/comments?post=78253"}],"version-history":[{"count":2,"href":"https:\/\/www.iskreni.net\/trgovina\/wp-json\/wp\/v2\/product\/78253\/revisions"}],"predecessor-version":[{"id":78256,"href":"https:\/\/www.iskreni.net\/trgovina\/wp-json\/wp\/v2\/product\/78253\/revisions\/78256"}],"wp:featuredmedia":[{"embeddable":true,"href":"https:\/\/www.iskreni.net\/trgovina\/wp-json\/wp\/v2\/media\/78255"}],"wp:attachment":[{"href":"https:\/\/www.iskreni.net\/trgovina\/wp-json\/wp\/v2\/media?parent=78253"}],"wp:term":[{"taxonomy":"product_brand","embeddable":true,"href":"https:\/\/www.iskreni.net\/trgovina\/wp-json\/wp\/v2\/product_brand?post=78253"},{"taxonomy":"product_cat","embeddable":true,"href":"https:\/\/www.iskreni.net\/trgovina\/wp-json\/wp\/v2\/product_cat?post=78253"},{"taxonomy":"product_tag","embeddable":true,"href":"https:\/\/www.iskreni.net\/trgovina\/wp-json\/wp\/v2\/product_tag?post=78253"},{"taxonomy":"avtor","embeddable":true,"href":"https:\/\/www.iskreni.net\/trgovina\/wp-json\/wp\/v2\/avtor?post=78253"},{"taxonomy":"zalozba","embeddable":true,"href":"https:\/\/www.iskreni.net\/trgovina\/wp-json\/wp\/v2\/zalozba?post=78253"},{"taxonomy":"vezava","embeddable":true,"href":"https:\/\/www.iskreni.net\/trgovina\/wp-json\/wp\/v2\/vezava?post=78253"}],"curies":[{"name":"wp","href":"https:\/\/api.w.org\/{rel}","templated":true}]}}