{"id":78228,"date":"2024-08-13T09:24:36","date_gmt":"2024-08-13T07:24:36","guid":{"rendered":"https:\/\/www.iskreni.net\/trgovina\/?post_type=product&#038;p=78228"},"modified":"2024-08-14T13:08:33","modified_gmt":"2024-08-14T11:08:33","slug":"razmik-med-zerjavi","status":"publish","type":"product","link":"https:\/\/www.iskreni.net\/trgovina\/product\/razmik-med-zerjavi\/","title":{"rendered":"Razmik med \u017eerjavi"},"content":{"rendered":"<h4 class=\"title\">O knjigi Razmik med \u017eerjavi:<\/h4>\n<p>Bela violina v blatu in krvi strelskega jarka<\/p>\n<p>Ludvik Vodu\u0161ek bi moral v doma\u010di Volovki pri Ptuju saditi krompir, tesati les in igrati na gosli, vendar proti svoji volji v nem\u0161ki uniformi na ruski fronti pade v neusmiljen voja\u0161ki stroj. V polo\u017eaju, kjer nima skoraj nobene izbire, si prise\u017ee, da nikoli ne bo nikogar ubil. Je tak\u0161no zaobljubo mogo\u010de dr\u017eati vse do konca, tudi za ceno izgube prijateljev in ceno lastnega pre\u017eivetja?<\/p>\n<p>Enega na\u0161ih najbolj\u0161ih piscev zgodovinskih romanov \u0161e posebej navdihujejo nepovedane vojne zgodbe slovenske preteklosti. Po dveh epskih romanih iz \u010dasa prvih kristjanov v rimski Petovioni se je v romanu Pogovori z njo posvetil slovenskim voja\u0161kim mobilizirancem v drugi svetovni vojni. V vojnem romanu Razmik med \u017eerjavi se znova vra\u010da v \u010das druge svetovne vojne, a na drugi konec Evrope, na vzhodno fronto, v Ukrajino, kjer na istih krajih tudi danes divja vojna.<br \/>\nJunak romana Ludvik Vodu\u0161ek z Dravskega polja je leta 1942 mobiliziran v nem\u0161ko vojsko. Decembra istega leta ga po\u0161ljejo na vzhodno fronto, kjer se udele\u017ei zaklju\u010dnih bitk za Stalingrad. Nato se njegova enota skoraj leto in pol pomika skozi Ukrajino, pri \u010demer prihaja do \u010dlove\u0161ko zanimivih sre\u010danj in voja\u0161ko napetih situacij, \u0161e posebej zaradi njegove zaveze neubijanja. Ludvik kljub nevarnosti, da ga razkrinkajo in obto\u017eijo dezerterstva, vztraja do nepredvidljivega konca. Navdih za zgodbo so bila resni\u010dna pri\u010devanja \u0161tevilnih slovenskih mobilizirancev, ki so v nem\u0161ki vojski odigrali prav tak\u0161no vlogo tihih pacifistov.<\/p>\n<h4>Odlomek iz knjige:<\/h4>\n<p>Ludvik Vodu\u0161ek ni vedel, kdaj to\u010dno je v njem dozorela zaveza neubijanja oziroma kdaj to\u010dno se je zaklel, da ne bo streljal v nobenega \u010dloveka, ne med to vojno, ko bo imel pri sebi pu\u0161ko in naboje, ne po njej, ko bo spet, tako je upal, okopaval repo, tesal \u0161pirovce in igral na gosli.<br \/>\nJe bilo pri svetem Martinu na Hajdini? Med spovedjo pri tistem \u010dudno ogvantanem kapucinarju? Ni namre\u010d nosil brade in habita, v pumparicah in suknji\u010du, podoben kulturbundovcem, je tam spovedoval boljkone kradoma, saj so faro nadzirali nem\u0161ki okupatorji, potem ko so doma\u010dega \u017eupnika Vekoslava Skuhalo izgnali na Hrva\u0161ko.<br \/>\nLudvik je kapucinarju v spovednici povedal, da je dobil poziv za nem\u0161ko vojsko in da ga je presneto strah, ker ga lahko po\u0161ljejo v Rusijo, kjer se ubija in umira.<br \/>\nDuhoven ga je spodbudil, naj zaupa v Boga, morda ga na fronto niti ne po\u0161ljejo, morda kon\u010da v programu RAD, se pravi na delovnem taboru. Nakar ga je opozoril, da je gotovo pred veliko preizku\u0161njo in da mora storiti vse, da sredi frontnega pekla, \u010de v njem res kon\u010da, svoje du\u0161e ne pogubi ali proda hudi\u010du.<br \/>\nV tistem je Ludvik na kratko pisnil: \u00bbNikogar ne bom ubil, spo\u0161tovani pater, nikogar. Prise\u017eem.\u00ab<br \/>\n(Stran 61)<\/p>\n<h4>O avtorju:<\/h4>\n<p>Branko Cestnik (1965) je otro\u0161tvo pre\u017eivel na Hajdini pri Ptuju.<br \/>\nPo gimnaziji in slu\u017eenju voja\u0161kega roka je ob delu v opekarni za\u010del zahajati v Kartuzijo Pleterje. Leta 1986 je vstopil v misijonarski red klaretincev, ki ga je poslal na \u0161tudij v Rim in kasneje v noviciat v Madrid. Na gregorijanski univerzi se je poglabljal tudi v vpra\u0161anja teologije lepote in umetnosti. Na salezijanski univerzi je diplomiral, kasneje pa tudi magistriral s temo Iskanje Boga v gledali\u0161\u010du Eugena Ionesca. Leta 1995 je bil posve\u010den v duhovnika. Slu\u017eboval je kot \u0161tudentski duhovnik v Mariboru, nato kot \u017eupnik na Frankolovem. \u017de kot bogoslovec se je za\u010del uveljavljati tudi kot pisec, komentator in kolumnist v\u00a0 katoli\u0161kih in drugih medijih. Leta 2016 je pri celov\u0161ki Mohorjevi izdal knjigo Manj, bolj\u0161e, ti\u0161je z izborom najodmevnej\u0161ih zapisov iz njegovega spletnega dnevnika, ki je kasneje, septembra 2019,<br \/>\npresegel milijon ogledov. Zelo odmevna sta bila njegova prva romana Sonce Petovione (2019, nominiran za nagrado kresnik) in \u0160esti pe\u010dat (2022). Razmik med \u017eerjavi je drugi del trilogije, ki jo je zastavil z ve\u010dernico Pogovori z njo (2022).<\/p>\n","protected":false},"excerpt":{"rendered":"<div id=\"tab-opis_tab\" class=\"tab-pane active\">\n<p><strong>Leto izdaje:<\/strong> 2024<br \/>\n<strong>\u0160tevilo strani:<\/strong> 306<br \/>\n<strong>Format:<\/strong> 135 mm x 210 mm<\/p>\n<p><a href=\"https:\/\/www.mohorjeva.org\/wp-content\/uploads\/2024\/07\/Cestnik-Branko-2024-Razmik-med-zerjavi-prelistaj-knjigo.pdf\">Prelistaj knjigo<\/a><\/p>\n<\/div>\n<p>&nbsp;<\/p>\n","protected":false},"featured_media":78230,"comment_status":"open","ping_status":"closed","template":"","meta":[],"product_brand":[],"product_cat":[2325,63],"product_tag":[],"avtor":[2353],"zalozba":[2337],"vezava":[2306],"class_list":{"0":"post-78228","1":"product","2":"type-product","3":"status-publish","4":"has-post-thumbnail","6":"product_cat-leposlovje","7":"product_cat-knjige","8":"avtor-branko-cestnik","9":"zalozba-celjska-mohorjeva-druzba","10":"vezava-trda","12":"first","13":"instock","14":"taxable","15":"shipping-taxable","16":"purchasable","17":"product-type-simple"},"yoast_head":"<!-- This site is optimized with the Yoast SEO plugin v26.3 - https:\/\/yoast.com\/wordpress\/plugins\/seo\/ -->\n<title>Razmik med \u017eerjavi - trgovina Iskreni<\/title>\n<meta name=\"description\" content=\"V vojnem romanu Razmik med \u017eerjavi se znova vra\u010da v \u010das druge svetovne vojne, a na drugi konec Evrope, na vzhodno fronto, v Ukrajino, kjer na istih krajih tudi danes divja vojna.\" \/>\n<meta name=\"robots\" content=\"index, follow, max-snippet:-1, max-image-preview:large, max-video-preview:-1\" \/>\n<link rel=\"canonical\" href=\"https:\/\/www.iskreni.net\/trgovina\/product\/razmik-med-zerjavi\/\" \/>\n<meta property=\"og:locale\" content=\"sl_SI\" \/>\n<meta property=\"og:type\" content=\"article\" \/>\n<meta property=\"og:title\" content=\"Razmik med \u017eerjavi\" \/>\n<meta property=\"og:description\" content=\"V vojnem romanu Razmik med \u017eerjavi se znova vra\u010da v \u010das druge svetovne vojne, a na drugi konec Evrope, na vzhodno fronto, v Ukrajino, kjer na istih krajih tudi danes divja vojna.\" \/>\n<meta property=\"og:url\" content=\"https:\/\/www.iskreni.net\/trgovina\/product\/razmik-med-zerjavi\/\" \/>\n<meta property=\"og:site_name\" content=\"Zavod Iskreni\" \/>\n<meta property=\"article:modified_time\" content=\"2024-08-14T11:08:33+00:00\" \/>\n<meta property=\"og:image\" content=\"https:\/\/www.iskreni.net\/trgovina\/wp-content\/uploads\/2024\/08\/Slike-za-v-spletno-trgovino-2024-08-13T092822.791.jpg\" \/>\n\t<meta property=\"og:image:width\" content=\"600\" \/>\n\t<meta property=\"og:image:height\" content=\"600\" \/>\n\t<meta property=\"og:image:type\" content=\"image\/jpeg\" \/>\n<meta name=\"twitter:card\" content=\"summary_large_image\" \/>\n<meta name=\"twitter:label1\" content=\"Est. reading time\" \/>\n\t<meta name=\"twitter:data1\" content=\"4 minute\" \/>\n<script type=\"application\/ld+json\" class=\"yoast-schema-graph\">{\"@context\":\"https:\/\/schema.org\",\"@graph\":[{\"@type\":\"WebPage\",\"@id\":\"https:\/\/www.iskreni.net\/trgovina\/product\/razmik-med-zerjavi\/\",\"url\":\"https:\/\/www.iskreni.net\/trgovina\/product\/razmik-med-zerjavi\/\",\"name\":\"Razmik med \u017eerjavi - trgovina Iskreni\",\"isPartOf\":{\"@id\":\"https:\/\/www.iskreni.net\/trgovina\/#website\"},\"primaryImageOfPage\":{\"@id\":\"https:\/\/www.iskreni.net\/trgovina\/product\/razmik-med-zerjavi\/#primaryimage\"},\"image\":{\"@id\":\"https:\/\/www.iskreni.net\/trgovina\/product\/razmik-med-zerjavi\/#primaryimage\"},\"thumbnailUrl\":\"https:\/\/www.iskreni.net\/trgovina\/wp-content\/uploads\/2024\/08\/Slike-za-v-spletno-trgovino-2024-08-13T092822.791.jpg\",\"datePublished\":\"2024-08-13T07:24:36+00:00\",\"dateModified\":\"2024-08-14T11:08:33+00:00\",\"description\":\"V vojnem romanu Razmik med \u017eerjavi se znova vra\u010da v \u010das druge svetovne vojne, a na drugi konec Evrope, na vzhodno fronto, v Ukrajino, kjer na istih krajih tudi danes divja vojna.\",\"breadcrumb\":{\"@id\":\"https:\/\/www.iskreni.net\/trgovina\/product\/razmik-med-zerjavi\/#breadcrumb\"},\"inLanguage\":\"sl-SI\",\"potentialAction\":[{\"@type\":\"ReadAction\",\"target\":[\"https:\/\/www.iskreni.net\/trgovina\/product\/razmik-med-zerjavi\/\"]}]},{\"@type\":\"ImageObject\",\"inLanguage\":\"sl-SI\",\"@id\":\"https:\/\/www.iskreni.net\/trgovina\/product\/razmik-med-zerjavi\/#primaryimage\",\"url\":\"https:\/\/www.iskreni.net\/trgovina\/wp-content\/uploads\/2024\/08\/Slike-za-v-spletno-trgovino-2024-08-13T092822.791.jpg\",\"contentUrl\":\"https:\/\/www.iskreni.net\/trgovina\/wp-content\/uploads\/2024\/08\/Slike-za-v-spletno-trgovino-2024-08-13T092822.791.jpg\",\"width\":600,\"height\":600},{\"@type\":\"BreadcrumbList\",\"@id\":\"https:\/\/www.iskreni.net\/trgovina\/product\/razmik-med-zerjavi\/#breadcrumb\",\"itemListElement\":[{\"@type\":\"ListItem\",\"position\":1,\"name\":\"Home\",\"item\":\"https:\/\/www.iskreni.net\/trgovina\/\"},{\"@type\":\"ListItem\",\"position\":2,\"name\":\"Trgovina\",\"item\":\"https:\/\/www.iskreni.net\/trgovina\/trgovina\/\"},{\"@type\":\"ListItem\",\"position\":3,\"name\":\"Razmik med \u017eerjavi\"}]},{\"@type\":\"WebSite\",\"@id\":\"https:\/\/www.iskreni.net\/trgovina\/#website\",\"url\":\"https:\/\/www.iskreni.net\/trgovina\/\",\"name\":\"Zavod Iskreni\",\"description\":\"trgovina\",\"potentialAction\":[{\"@type\":\"SearchAction\",\"target\":{\"@type\":\"EntryPoint\",\"urlTemplate\":\"https:\/\/www.iskreni.net\/trgovina\/?s={search_term_string}\"},\"query-input\":{\"@type\":\"PropertyValueSpecification\",\"valueRequired\":true,\"valueName\":\"search_term_string\"}}],\"inLanguage\":\"sl-SI\"}]}<\/script>\n<!-- \/ Yoast SEO plugin. -->","yoast_head_json":{"title":"Razmik med \u017eerjavi - trgovina Iskreni","description":"V vojnem romanu Razmik med \u017eerjavi se znova vra\u010da v \u010das druge svetovne vojne, a na drugi konec Evrope, na vzhodno fronto, v Ukrajino, kjer na istih krajih tudi danes divja vojna.","robots":{"index":"index","follow":"follow","max-snippet":"max-snippet:-1","max-image-preview":"max-image-preview:large","max-video-preview":"max-video-preview:-1"},"canonical":"https:\/\/www.iskreni.net\/trgovina\/product\/razmik-med-zerjavi\/","og_locale":"sl_SI","og_type":"article","og_title":"Razmik med \u017eerjavi","og_description":"V vojnem romanu Razmik med \u017eerjavi se znova vra\u010da v \u010das druge svetovne vojne, a na drugi konec Evrope, na vzhodno fronto, v Ukrajino, kjer na istih krajih tudi danes divja vojna.","og_url":"https:\/\/www.iskreni.net\/trgovina\/product\/razmik-med-zerjavi\/","og_site_name":"Zavod Iskreni","article_modified_time":"2024-08-14T11:08:33+00:00","og_image":[{"width":600,"height":600,"url":"https:\/\/www.iskreni.net\/trgovina\/wp-content\/uploads\/2024\/08\/Slike-za-v-spletno-trgovino-2024-08-13T092822.791.jpg","type":"image\/jpeg"}],"twitter_card":"summary_large_image","twitter_misc":{"Est. reading time":"4 minute"},"schema":{"@context":"https:\/\/schema.org","@graph":[{"@type":"WebPage","@id":"https:\/\/www.iskreni.net\/trgovina\/product\/razmik-med-zerjavi\/","url":"https:\/\/www.iskreni.net\/trgovina\/product\/razmik-med-zerjavi\/","name":"Razmik med \u017eerjavi - trgovina Iskreni","isPartOf":{"@id":"https:\/\/www.iskreni.net\/trgovina\/#website"},"primaryImageOfPage":{"@id":"https:\/\/www.iskreni.net\/trgovina\/product\/razmik-med-zerjavi\/#primaryimage"},"image":{"@id":"https:\/\/www.iskreni.net\/trgovina\/product\/razmik-med-zerjavi\/#primaryimage"},"thumbnailUrl":"https:\/\/www.iskreni.net\/trgovina\/wp-content\/uploads\/2024\/08\/Slike-za-v-spletno-trgovino-2024-08-13T092822.791.jpg","datePublished":"2024-08-13T07:24:36+00:00","dateModified":"2024-08-14T11:08:33+00:00","description":"V vojnem romanu Razmik med \u017eerjavi se znova vra\u010da v \u010das druge svetovne vojne, a na drugi konec Evrope, na vzhodno fronto, v Ukrajino, kjer na istih krajih tudi danes divja vojna.","breadcrumb":{"@id":"https:\/\/www.iskreni.net\/trgovina\/product\/razmik-med-zerjavi\/#breadcrumb"},"inLanguage":"sl-SI","potentialAction":[{"@type":"ReadAction","target":["https:\/\/www.iskreni.net\/trgovina\/product\/razmik-med-zerjavi\/"]}]},{"@type":"ImageObject","inLanguage":"sl-SI","@id":"https:\/\/www.iskreni.net\/trgovina\/product\/razmik-med-zerjavi\/#primaryimage","url":"https:\/\/www.iskreni.net\/trgovina\/wp-content\/uploads\/2024\/08\/Slike-za-v-spletno-trgovino-2024-08-13T092822.791.jpg","contentUrl":"https:\/\/www.iskreni.net\/trgovina\/wp-content\/uploads\/2024\/08\/Slike-za-v-spletno-trgovino-2024-08-13T092822.791.jpg","width":600,"height":600},{"@type":"BreadcrumbList","@id":"https:\/\/www.iskreni.net\/trgovina\/product\/razmik-med-zerjavi\/#breadcrumb","itemListElement":[{"@type":"ListItem","position":1,"name":"Home","item":"https:\/\/www.iskreni.net\/trgovina\/"},{"@type":"ListItem","position":2,"name":"Trgovina","item":"https:\/\/www.iskreni.net\/trgovina\/trgovina\/"},{"@type":"ListItem","position":3,"name":"Razmik med \u017eerjavi"}]},{"@type":"WebSite","@id":"https:\/\/www.iskreni.net\/trgovina\/#website","url":"https:\/\/www.iskreni.net\/trgovina\/","name":"Zavod Iskreni","description":"trgovina","potentialAction":[{"@type":"SearchAction","target":{"@type":"EntryPoint","urlTemplate":"https:\/\/www.iskreni.net\/trgovina\/?s={search_term_string}"},"query-input":{"@type":"PropertyValueSpecification","valueRequired":true,"valueName":"search_term_string"}}],"inLanguage":"sl-SI"}]}},"_links":{"self":[{"href":"https:\/\/www.iskreni.net\/trgovina\/wp-json\/wp\/v2\/product\/78228","targetHints":{"allow":["GET"]}}],"collection":[{"href":"https:\/\/www.iskreni.net\/trgovina\/wp-json\/wp\/v2\/product"}],"about":[{"href":"https:\/\/www.iskreni.net\/trgovina\/wp-json\/wp\/v2\/types\/product"}],"replies":[{"embeddable":true,"href":"https:\/\/www.iskreni.net\/trgovina\/wp-json\/wp\/v2\/comments?post=78228"}],"version-history":[{"count":2,"href":"https:\/\/www.iskreni.net\/trgovina\/wp-json\/wp\/v2\/product\/78228\/revisions"}],"predecessor-version":[{"id":78237,"href":"https:\/\/www.iskreni.net\/trgovina\/wp-json\/wp\/v2\/product\/78228\/revisions\/78237"}],"wp:featuredmedia":[{"embeddable":true,"href":"https:\/\/www.iskreni.net\/trgovina\/wp-json\/wp\/v2\/media\/78230"}],"wp:attachment":[{"href":"https:\/\/www.iskreni.net\/trgovina\/wp-json\/wp\/v2\/media?parent=78228"}],"wp:term":[{"taxonomy":"product_brand","embeddable":true,"href":"https:\/\/www.iskreni.net\/trgovina\/wp-json\/wp\/v2\/product_brand?post=78228"},{"taxonomy":"product_cat","embeddable":true,"href":"https:\/\/www.iskreni.net\/trgovina\/wp-json\/wp\/v2\/product_cat?post=78228"},{"taxonomy":"product_tag","embeddable":true,"href":"https:\/\/www.iskreni.net\/trgovina\/wp-json\/wp\/v2\/product_tag?post=78228"},{"taxonomy":"avtor","embeddable":true,"href":"https:\/\/www.iskreni.net\/trgovina\/wp-json\/wp\/v2\/avtor?post=78228"},{"taxonomy":"zalozba","embeddable":true,"href":"https:\/\/www.iskreni.net\/trgovina\/wp-json\/wp\/v2\/zalozba?post=78228"},{"taxonomy":"vezava","embeddable":true,"href":"https:\/\/www.iskreni.net\/trgovina\/wp-json\/wp\/v2\/vezava?post=78228"}],"curies":[{"name":"wp","href":"https:\/\/api.w.org\/{rel}","templated":true}]}}