{"id":77935,"date":"2024-07-30T08:54:03","date_gmt":"2024-07-30T06:54:03","guid":{"rendered":"https:\/\/www.iskreni.net\/trgovina\/?post_type=product&#038;p=77935"},"modified":"2025-07-11T09:54:51","modified_gmt":"2025-07-11T07:54:51","slug":"ne-volkovi-ne-jagnjeta","status":"publish","type":"product","link":"https:\/\/www.iskreni.net\/trgovina\/product\/ne-volkovi-ne-jagnjeta\/","title":{"rendered":"Ne volkovi ne jagnjeta"},"content":{"rendered":"<h3 id=\"anchor-o-izdelku\" class=\"title\">O knjigi Ne volkovi ne jagnjeta:<\/h3>\n<div class=\"tab-description js-tab-singleProduct-description content-tab\">\n<div class=\"x11i5rnm xat24cr x1mh8g0r x1vvkbs xtlvy1s x126k92a\">\n<div dir=\"auto\">\n<p>Knjiga salezijanskega duhovnika Antonia Carriera, namenjena mladim, skozi analizo znamenitih don Boskovih sanj pri devetih letih vabi k razmi\u0161ljanju o vpra\u0161anjih, ki se dotikajo tako \u010dlove\u0161kega obstoja kot duhovnega \u017eivljenja.<\/p>\n<p>Od tem, kot so poklicanost in odgovor na Bo\u017eji klic, do mo\u010di in pomena lastnega imena, vsebina knjige nudi ideje, kako prepoznati in uveljaviti svoje talente in kako postati vodnik drugih z ohranjanjem poni\u017enosti v (s)poznavanju samega sebe, ki \u0161e vedno potrebuje pomo\u010d. Zanimiva je poglobljena analiza vsakega koraka Janezkovih sanj pri devetih letih, ki poudarja nekatere pogosto spregledane podrobnosti.<\/p>\n<p>Na primer, metafora o \u00bbspreminjanju volkov v jagnjeta\u00ab zahteva bolj niansirano razumevanje. Pravzaprav je nujno vedeti, da v vsakem \u010dloveku sobivata dva vidika: volkovi in jagnjeta. Med tema dvema komponentama \u010dlove\u0161ke du\u0161e je potrebno vedno iskati ravnovesje.<\/p>\n<p>Besedilo lahko vzgojiteljem pomaga pri premisleku o njihovem slogu poseganja v dana\u0161njo mladinsko stvarnost, zahvaljujo\u010d nekonvencionalnemu branju znamenitih sanj svetega Janeza Boska, saj se poglobi v najbolj neverjetne in najbolj aktualne vidike dana\u0161nje mlade. Zaznamuje ga bogastvo zgledov mladih in salezijancev, ki so se zapisali v zgodovino salezijanske vzgojne metode, in je vsekakor lahko v oporo pri spodbujanju razprav in razmi\u0161ljanj med zavzetimi mladimi, ki i\u0161\u010dejo globino in spremljanje.<\/p>\n<p>Avtor knjige je mladi salezijanski duhovnik in katehet Antonio Carriero. Je avtor ve\u010d knjig in je sodeloval z nekaterimi najbolj poznanimi italijanskimi in vatikanskimi \u010dasopisi, kot so Avvenire, L\u2019Osservatore Romano in Vatican Insider of La Stampa, v katerih je obravnaval \u0161tevilne vzgojne teme, povezane z liki fantasti\u010dnih romanov.<\/p>\n<\/div>\n<\/div>\n<\/div>\n","protected":false},"excerpt":{"rendered":"<p><strong>Leto izdaje:<\/strong> 2024<br \/>\n<strong>\u0160tevilo strani:<\/strong> 95<br \/>\n<strong>Mere:<\/strong> 135 x 200 mm<\/p>\n<h5><a href=\"https:\/\/www.salve.si\/wp-content\/uploads\/2024\/05\/Ne-volkovi-ne-jagnjeta-PREDSTAVITVENE-STRANI.pdf\">PREDOGLED<\/a><\/h5>\n","protected":false},"featured_media":77937,"comment_status":"open","ping_status":"closed","template":"","meta":[],"product_brand":[],"product_cat":[2324,63],"product_tag":[],"avtor":[2821],"zalozba":[2336],"vezava":[2635],"class_list":{"0":"post-77935","1":"product","2":"type-product","3":"status-publish","4":"has-post-thumbnail","6":"product_cat-duhovnost-in-osebna-rast","7":"product_cat-knjige","8":"avtor-antonio-carriero","9":"zalozba-salve","10":"vezava-mehka-z-zavihki","12":"first","13":"onbackorder","14":"taxable","15":"shipping-taxable","16":"purchasable","17":"product-type-simple"},"yoast_head":"<!-- This site is optimized with the Yoast SEO plugin v26.3 - https:\/\/yoast.com\/wordpress\/plugins\/seo\/ -->\n<title>Ne volkovi ne jagnjeta - trgovina Iskreni<\/title>\n<meta name=\"description\" content=\"Knjiga salezijanskega duhovnika Antonia Carriera ponuja globoko razmi\u0161ljanje o \u010dlove\u0161kem obstoju in duhovnem \u017eivljenju skozi analizo in razlago don Boskovih sanj.\" \/>\n<meta name=\"robots\" content=\"index, follow, max-snippet:-1, max-image-preview:large, max-video-preview:-1\" \/>\n<link rel=\"canonical\" href=\"https:\/\/www.iskreni.net\/trgovina\/product\/ne-volkovi-ne-jagnjeta\/\" \/>\n<meta property=\"og:locale\" content=\"sl_SI\" \/>\n<meta property=\"og:type\" content=\"article\" \/>\n<meta property=\"og:title\" content=\"Ne volkovi ne jagnjeta\" \/>\n<meta property=\"og:description\" content=\"Knjiga salezijanskega duhovnika Antonia Carriera ponuja globoko razmi\u0161ljanje o \u010dlove\u0161kem obstoju in duhovnem \u017eivljenju skozi analizo in razlago don Boskovih sanj.\" \/>\n<meta property=\"og:url\" content=\"https:\/\/www.iskreni.net\/trgovina\/product\/ne-volkovi-ne-jagnjeta\/\" \/>\n<meta property=\"og:site_name\" content=\"Zavod Iskreni\" \/>\n<meta property=\"article:modified_time\" content=\"2025-07-11T07:54:51+00:00\" \/>\n<meta property=\"og:image\" content=\"https:\/\/www.iskreni.net\/trgovina\/wp-content\/uploads\/2024\/07\/Slike-za-v-spletno-trgovino-2024-07-30T085625.568.jpg\" \/>\n\t<meta property=\"og:image:width\" content=\"600\" \/>\n\t<meta property=\"og:image:height\" content=\"600\" \/>\n\t<meta property=\"og:image:type\" content=\"image\/jpeg\" \/>\n<meta name=\"twitter:card\" content=\"summary_large_image\" \/>\n<meta name=\"twitter:label1\" content=\"Est. reading time\" \/>\n\t<meta name=\"twitter:data1\" content=\"2 minuti\" \/>\n<script type=\"application\/ld+json\" class=\"yoast-schema-graph\">{\"@context\":\"https:\/\/schema.org\",\"@graph\":[{\"@type\":\"WebPage\",\"@id\":\"https:\/\/www.iskreni.net\/trgovina\/product\/ne-volkovi-ne-jagnjeta\/\",\"url\":\"https:\/\/www.iskreni.net\/trgovina\/product\/ne-volkovi-ne-jagnjeta\/\",\"name\":\"Ne volkovi ne jagnjeta - trgovina Iskreni\",\"isPartOf\":{\"@id\":\"https:\/\/www.iskreni.net\/trgovina\/#website\"},\"primaryImageOfPage\":{\"@id\":\"https:\/\/www.iskreni.net\/trgovina\/product\/ne-volkovi-ne-jagnjeta\/#primaryimage\"},\"image\":{\"@id\":\"https:\/\/www.iskreni.net\/trgovina\/product\/ne-volkovi-ne-jagnjeta\/#primaryimage\"},\"thumbnailUrl\":\"https:\/\/www.iskreni.net\/trgovina\/wp-content\/uploads\/2024\/07\/Slike-za-v-spletno-trgovino-2024-07-30T085625.568.jpg\",\"datePublished\":\"2024-07-30T06:54:03+00:00\",\"dateModified\":\"2025-07-11T07:54:51+00:00\",\"description\":\"Knjiga salezijanskega duhovnika Antonia Carriera ponuja globoko razmi\u0161ljanje o \u010dlove\u0161kem obstoju in duhovnem \u017eivljenju skozi analizo in razlago don Boskovih sanj.\",\"breadcrumb\":{\"@id\":\"https:\/\/www.iskreni.net\/trgovina\/product\/ne-volkovi-ne-jagnjeta\/#breadcrumb\"},\"inLanguage\":\"sl-SI\",\"potentialAction\":[{\"@type\":\"ReadAction\",\"target\":[\"https:\/\/www.iskreni.net\/trgovina\/product\/ne-volkovi-ne-jagnjeta\/\"]}]},{\"@type\":\"ImageObject\",\"inLanguage\":\"sl-SI\",\"@id\":\"https:\/\/www.iskreni.net\/trgovina\/product\/ne-volkovi-ne-jagnjeta\/#primaryimage\",\"url\":\"https:\/\/www.iskreni.net\/trgovina\/wp-content\/uploads\/2024\/07\/Slike-za-v-spletno-trgovino-2024-07-30T085625.568.jpg\",\"contentUrl\":\"https:\/\/www.iskreni.net\/trgovina\/wp-content\/uploads\/2024\/07\/Slike-za-v-spletno-trgovino-2024-07-30T085625.568.jpg\",\"width\":600,\"height\":600},{\"@type\":\"BreadcrumbList\",\"@id\":\"https:\/\/www.iskreni.net\/trgovina\/product\/ne-volkovi-ne-jagnjeta\/#breadcrumb\",\"itemListElement\":[{\"@type\":\"ListItem\",\"position\":1,\"name\":\"Home\",\"item\":\"https:\/\/www.iskreni.net\/trgovina\/\"},{\"@type\":\"ListItem\",\"position\":2,\"name\":\"Trgovina\",\"item\":\"https:\/\/www.iskreni.net\/trgovina\/trgovina\/\"},{\"@type\":\"ListItem\",\"position\":3,\"name\":\"Ne volkovi ne jagnjeta\"}]},{\"@type\":\"WebSite\",\"@id\":\"https:\/\/www.iskreni.net\/trgovina\/#website\",\"url\":\"https:\/\/www.iskreni.net\/trgovina\/\",\"name\":\"Zavod Iskreni\",\"description\":\"trgovina\",\"potentialAction\":[{\"@type\":\"SearchAction\",\"target\":{\"@type\":\"EntryPoint\",\"urlTemplate\":\"https:\/\/www.iskreni.net\/trgovina\/?s={search_term_string}\"},\"query-input\":{\"@type\":\"PropertyValueSpecification\",\"valueRequired\":true,\"valueName\":\"search_term_string\"}}],\"inLanguage\":\"sl-SI\"}]}<\/script>\n<!-- \/ Yoast SEO plugin. -->","yoast_head_json":{"title":"Ne volkovi ne jagnjeta - trgovina Iskreni","description":"Knjiga salezijanskega duhovnika Antonia Carriera ponuja globoko razmi\u0161ljanje o \u010dlove\u0161kem obstoju in duhovnem \u017eivljenju skozi analizo in razlago don Boskovih sanj.","robots":{"index":"index","follow":"follow","max-snippet":"max-snippet:-1","max-image-preview":"max-image-preview:large","max-video-preview":"max-video-preview:-1"},"canonical":"https:\/\/www.iskreni.net\/trgovina\/product\/ne-volkovi-ne-jagnjeta\/","og_locale":"sl_SI","og_type":"article","og_title":"Ne volkovi ne jagnjeta","og_description":"Knjiga salezijanskega duhovnika Antonia Carriera ponuja globoko razmi\u0161ljanje o \u010dlove\u0161kem obstoju in duhovnem \u017eivljenju skozi analizo in razlago don Boskovih sanj.","og_url":"https:\/\/www.iskreni.net\/trgovina\/product\/ne-volkovi-ne-jagnjeta\/","og_site_name":"Zavod Iskreni","article_modified_time":"2025-07-11T07:54:51+00:00","og_image":[{"width":600,"height":600,"url":"https:\/\/www.iskreni.net\/trgovina\/wp-content\/uploads\/2024\/07\/Slike-za-v-spletno-trgovino-2024-07-30T085625.568.jpg","type":"image\/jpeg"}],"twitter_card":"summary_large_image","twitter_misc":{"Est. reading time":"2 minuti"},"schema":{"@context":"https:\/\/schema.org","@graph":[{"@type":"WebPage","@id":"https:\/\/www.iskreni.net\/trgovina\/product\/ne-volkovi-ne-jagnjeta\/","url":"https:\/\/www.iskreni.net\/trgovina\/product\/ne-volkovi-ne-jagnjeta\/","name":"Ne volkovi ne jagnjeta - trgovina Iskreni","isPartOf":{"@id":"https:\/\/www.iskreni.net\/trgovina\/#website"},"primaryImageOfPage":{"@id":"https:\/\/www.iskreni.net\/trgovina\/product\/ne-volkovi-ne-jagnjeta\/#primaryimage"},"image":{"@id":"https:\/\/www.iskreni.net\/trgovina\/product\/ne-volkovi-ne-jagnjeta\/#primaryimage"},"thumbnailUrl":"https:\/\/www.iskreni.net\/trgovina\/wp-content\/uploads\/2024\/07\/Slike-za-v-spletno-trgovino-2024-07-30T085625.568.jpg","datePublished":"2024-07-30T06:54:03+00:00","dateModified":"2025-07-11T07:54:51+00:00","description":"Knjiga salezijanskega duhovnika Antonia Carriera ponuja globoko razmi\u0161ljanje o \u010dlove\u0161kem obstoju in duhovnem \u017eivljenju skozi analizo in razlago don Boskovih sanj.","breadcrumb":{"@id":"https:\/\/www.iskreni.net\/trgovina\/product\/ne-volkovi-ne-jagnjeta\/#breadcrumb"},"inLanguage":"sl-SI","potentialAction":[{"@type":"ReadAction","target":["https:\/\/www.iskreni.net\/trgovina\/product\/ne-volkovi-ne-jagnjeta\/"]}]},{"@type":"ImageObject","inLanguage":"sl-SI","@id":"https:\/\/www.iskreni.net\/trgovina\/product\/ne-volkovi-ne-jagnjeta\/#primaryimage","url":"https:\/\/www.iskreni.net\/trgovina\/wp-content\/uploads\/2024\/07\/Slike-za-v-spletno-trgovino-2024-07-30T085625.568.jpg","contentUrl":"https:\/\/www.iskreni.net\/trgovina\/wp-content\/uploads\/2024\/07\/Slike-za-v-spletno-trgovino-2024-07-30T085625.568.jpg","width":600,"height":600},{"@type":"BreadcrumbList","@id":"https:\/\/www.iskreni.net\/trgovina\/product\/ne-volkovi-ne-jagnjeta\/#breadcrumb","itemListElement":[{"@type":"ListItem","position":1,"name":"Home","item":"https:\/\/www.iskreni.net\/trgovina\/"},{"@type":"ListItem","position":2,"name":"Trgovina","item":"https:\/\/www.iskreni.net\/trgovina\/trgovina\/"},{"@type":"ListItem","position":3,"name":"Ne volkovi ne jagnjeta"}]},{"@type":"WebSite","@id":"https:\/\/www.iskreni.net\/trgovina\/#website","url":"https:\/\/www.iskreni.net\/trgovina\/","name":"Zavod Iskreni","description":"trgovina","potentialAction":[{"@type":"SearchAction","target":{"@type":"EntryPoint","urlTemplate":"https:\/\/www.iskreni.net\/trgovina\/?s={search_term_string}"},"query-input":{"@type":"PropertyValueSpecification","valueRequired":true,"valueName":"search_term_string"}}],"inLanguage":"sl-SI"}]}},"_links":{"self":[{"href":"https:\/\/www.iskreni.net\/trgovina\/wp-json\/wp\/v2\/product\/77935","targetHints":{"allow":["GET"]}}],"collection":[{"href":"https:\/\/www.iskreni.net\/trgovina\/wp-json\/wp\/v2\/product"}],"about":[{"href":"https:\/\/www.iskreni.net\/trgovina\/wp-json\/wp\/v2\/types\/product"}],"replies":[{"embeddable":true,"href":"https:\/\/www.iskreni.net\/trgovina\/wp-json\/wp\/v2\/comments?post=77935"}],"version-history":[{"count":3,"href":"https:\/\/www.iskreni.net\/trgovina\/wp-json\/wp\/v2\/product\/77935\/revisions"}],"predecessor-version":[{"id":77941,"href":"https:\/\/www.iskreni.net\/trgovina\/wp-json\/wp\/v2\/product\/77935\/revisions\/77941"}],"wp:featuredmedia":[{"embeddable":true,"href":"https:\/\/www.iskreni.net\/trgovina\/wp-json\/wp\/v2\/media\/77937"}],"wp:attachment":[{"href":"https:\/\/www.iskreni.net\/trgovina\/wp-json\/wp\/v2\/media?parent=77935"}],"wp:term":[{"taxonomy":"product_brand","embeddable":true,"href":"https:\/\/www.iskreni.net\/trgovina\/wp-json\/wp\/v2\/product_brand?post=77935"},{"taxonomy":"product_cat","embeddable":true,"href":"https:\/\/www.iskreni.net\/trgovina\/wp-json\/wp\/v2\/product_cat?post=77935"},{"taxonomy":"product_tag","embeddable":true,"href":"https:\/\/www.iskreni.net\/trgovina\/wp-json\/wp\/v2\/product_tag?post=77935"},{"taxonomy":"avtor","embeddable":true,"href":"https:\/\/www.iskreni.net\/trgovina\/wp-json\/wp\/v2\/avtor?post=77935"},{"taxonomy":"zalozba","embeddable":true,"href":"https:\/\/www.iskreni.net\/trgovina\/wp-json\/wp\/v2\/zalozba?post=77935"},{"taxonomy":"vezava","embeddable":true,"href":"https:\/\/www.iskreni.net\/trgovina\/wp-json\/wp\/v2\/vezava?post=77935"}],"curies":[{"name":"wp","href":"https:\/\/api.w.org\/{rel}","templated":true}]}}