{"id":77890,"date":"2024-07-29T15:00:47","date_gmt":"2024-07-29T13:00:47","guid":{"rendered":"https:\/\/www.iskreni.net\/trgovina\/?post_type=product&#038;p=77890"},"modified":"2024-10-25T12:34:46","modified_gmt":"2024-10-25T10:34:46","slug":"ocku-ne-bom-vec-pisal-pisem","status":"publish","type":"product","link":"https:\/\/www.iskreni.net\/trgovina\/product\/ocku-ne-bom-vec-pisal-pisem\/","title":{"rendered":"O\u010dku ne bom ve\u010d pisal pisem"},"content":{"rendered":"<h4>O knjigi O\u010dku ne bom ve\u010d pisal pisem:<\/h4>\n<p>V romanu avtorica odpira prav to trpko temo \u2013 de\u010dek se soo\u010da z izgubo o\u010deta, \u0161e ve\u010d, mati, ker mu ho\u010de prihraniti bole\u010dino, ga ne vzame k obredu. Slovo ob grobu se tako spremeni v dolgotrajno poslavljanje, ki je navzven skrito, a re\u017ee globoko v de\u010dkovo du\u0161o. Denis se ob tem soo\u010da \u0161e z vsemi nena\u010drtovanimi spremembami, ki jih nenadna o\u010detova smrt spro\u017ei: selitev iz mesta, novo \u0161olsko okolje, odmik od ko\u0161arkarskih treningov, iskanje novih prijateljev &#8230;<\/p>\n<p>Med te poskuse vzpostavljanja novih dru\u017ebenih razmerij so vpeta de\u010dkova pisma mrtvemu o\u010detu. Tu najde svojega pravega govorca, tu je najbolj iskren, tu si upa napisati, da ga, na primer, mama ne razume. Samo o\u010dka bo verjel, da so ga po krivici obsodili kraje. Samo z o\u010dkom se lahko pogovarja, da se \u010duti kriv za njegovo smrt.<\/p>\n<p>Roman pomaga razumeti bole\u010dino vsem, ki jo posku\u0161amo odrivati iz svoje bli\u017eine. Tako dragocen je, ker je tako neposredno iskren, je podoba na\u0161ih strahov in \u017ealosti, ki si jih pogosto ne znamo, ne zmoremo in ne upamo priznati. Cvetka Bevc nam s svojo literarno govorico sporo\u010da, da se je z \u017ealostjo treba soo\u010diti, o njej govoriti, jo priznati. Posebnost njenega sporo\u010dila pa je v tem, da ga posreduje prek otroka, ki je zmo\u017een v stiski videti in vedeti ve\u010d od odraslih.<\/p>\n<p>&nbsp;<\/p>\n","protected":false},"excerpt":{"rendered":"<p><strong>Leto izdaje:<\/strong> 2024<br \/>\n<strong>\u0160tevilo strani:<\/strong> 216<br \/>\n<strong>Mere:<\/strong> 140 x 210 mm<\/p>\n<p>&nbsp;<\/p>\n","protected":false},"featured_media":77892,"comment_status":"open","ping_status":"closed","template":"","meta":[],"product_brand":[],"product_cat":[2325,2350,63],"product_tag":[1687],"avtor":[2814],"zalozba":[2311],"vezava":[2307],"class_list":{"0":"post-77890","1":"product","2":"type-product","3":"status-publish","4":"has-post-thumbnail","6":"product_cat-leposlovje","7":"product_cat-za-mlade","8":"product_cat-knjige","9":"product_tag-rojstni-dan","10":"avtor-cvetka-bevc","11":"zalozba-druzina","12":"vezava-mehka","14":"first","15":"instock","16":"taxable","17":"shipping-taxable","18":"purchasable","19":"product-type-simple"},"yoast_head":"<!-- This site is optimized with the Yoast SEO plugin v26.3 - https:\/\/yoast.com\/wordpress\/plugins\/seo\/ -->\n<title>O\u010dku ne bom ve\u010d pisal pisem - iskreni<\/title>\n<meta name=\"description\" content=\"Ena najve\u010djih in najbr\u017e tudi najbolj neznanih bole\u010din, ker si jo posku\u0161amo iz na\u0161e realnosti \u010dim bolj odrivati, je otrokovo soo\u010denje s smrtjo.\" \/>\n<meta name=\"robots\" content=\"index, follow, max-snippet:-1, max-image-preview:large, max-video-preview:-1\" \/>\n<link rel=\"canonical\" href=\"https:\/\/www.iskreni.net\/trgovina\/product\/ocku-ne-bom-vec-pisal-pisem\/\" \/>\n<meta property=\"og:locale\" content=\"sl_SI\" \/>\n<meta property=\"og:type\" content=\"article\" \/>\n<meta property=\"og:title\" content=\"O\u010dku ne bom ve\u010d pisal pisem\" \/>\n<meta property=\"og:description\" content=\"Ena najve\u010djih in najbr\u017e tudi najbolj neznanih bole\u010din, ker si jo posku\u0161amo iz na\u0161e realnosti \u010dim bolj odrivati, je otrokovo soo\u010denje s smrtjo.\" \/>\n<meta property=\"og:url\" content=\"https:\/\/www.iskreni.net\/trgovina\/product\/ocku-ne-bom-vec-pisal-pisem\/\" \/>\n<meta property=\"og:site_name\" content=\"Zavod Iskreni\" \/>\n<meta property=\"article:modified_time\" content=\"2024-10-25T10:34:46+00:00\" \/>\n<meta property=\"og:image\" content=\"https:\/\/www.iskreni.net\/trgovina\/wp-content\/uploads\/2024\/07\/Slike-za-v-spletno-trgovino-89.jpg\" \/>\n\t<meta property=\"og:image:width\" content=\"600\" \/>\n\t<meta property=\"og:image:height\" content=\"600\" \/>\n\t<meta property=\"og:image:type\" content=\"image\/jpeg\" \/>\n<meta name=\"twitter:card\" content=\"summary_large_image\" \/>\n<meta name=\"twitter:label1\" content=\"Est. reading time\" \/>\n\t<meta name=\"twitter:data1\" content=\"2 minuti\" \/>\n<script type=\"application\/ld+json\" class=\"yoast-schema-graph\">{\"@context\":\"https:\/\/schema.org\",\"@graph\":[{\"@type\":\"WebPage\",\"@id\":\"https:\/\/www.iskreni.net\/trgovina\/product\/ocku-ne-bom-vec-pisal-pisem\/\",\"url\":\"https:\/\/www.iskreni.net\/trgovina\/product\/ocku-ne-bom-vec-pisal-pisem\/\",\"name\":\"O\u010dku ne bom ve\u010d pisal pisem - iskreni\",\"isPartOf\":{\"@id\":\"https:\/\/www.iskreni.net\/trgovina\/#website\"},\"primaryImageOfPage\":{\"@id\":\"https:\/\/www.iskreni.net\/trgovina\/product\/ocku-ne-bom-vec-pisal-pisem\/#primaryimage\"},\"image\":{\"@id\":\"https:\/\/www.iskreni.net\/trgovina\/product\/ocku-ne-bom-vec-pisal-pisem\/#primaryimage\"},\"thumbnailUrl\":\"https:\/\/www.iskreni.net\/trgovina\/wp-content\/uploads\/2024\/07\/Slike-za-v-spletno-trgovino-89.jpg\",\"datePublished\":\"2024-07-29T13:00:47+00:00\",\"dateModified\":\"2024-10-25T10:34:46+00:00\",\"description\":\"Ena najve\u010djih in najbr\u017e tudi najbolj neznanih bole\u010din, ker si jo posku\u0161amo iz na\u0161e realnosti \u010dim bolj odrivati, je otrokovo soo\u010denje s smrtjo.\",\"breadcrumb\":{\"@id\":\"https:\/\/www.iskreni.net\/trgovina\/product\/ocku-ne-bom-vec-pisal-pisem\/#breadcrumb\"},\"inLanguage\":\"sl-SI\",\"potentialAction\":[{\"@type\":\"ReadAction\",\"target\":[\"https:\/\/www.iskreni.net\/trgovina\/product\/ocku-ne-bom-vec-pisal-pisem\/\"]}]},{\"@type\":\"ImageObject\",\"inLanguage\":\"sl-SI\",\"@id\":\"https:\/\/www.iskreni.net\/trgovina\/product\/ocku-ne-bom-vec-pisal-pisem\/#primaryimage\",\"url\":\"https:\/\/www.iskreni.net\/trgovina\/wp-content\/uploads\/2024\/07\/Slike-za-v-spletno-trgovino-89.jpg\",\"contentUrl\":\"https:\/\/www.iskreni.net\/trgovina\/wp-content\/uploads\/2024\/07\/Slike-za-v-spletno-trgovino-89.jpg\",\"width\":600,\"height\":600},{\"@type\":\"BreadcrumbList\",\"@id\":\"https:\/\/www.iskreni.net\/trgovina\/product\/ocku-ne-bom-vec-pisal-pisem\/#breadcrumb\",\"itemListElement\":[{\"@type\":\"ListItem\",\"position\":1,\"name\":\"Home\",\"item\":\"https:\/\/www.iskreni.net\/trgovina\/\"},{\"@type\":\"ListItem\",\"position\":2,\"name\":\"Trgovina\",\"item\":\"https:\/\/www.iskreni.net\/trgovina\/trgovina\/\"},{\"@type\":\"ListItem\",\"position\":3,\"name\":\"O\u010dku ne bom ve\u010d pisal pisem\"}]},{\"@type\":\"WebSite\",\"@id\":\"https:\/\/www.iskreni.net\/trgovina\/#website\",\"url\":\"https:\/\/www.iskreni.net\/trgovina\/\",\"name\":\"Zavod Iskreni\",\"description\":\"trgovina\",\"potentialAction\":[{\"@type\":\"SearchAction\",\"target\":{\"@type\":\"EntryPoint\",\"urlTemplate\":\"https:\/\/www.iskreni.net\/trgovina\/?s={search_term_string}\"},\"query-input\":{\"@type\":\"PropertyValueSpecification\",\"valueRequired\":true,\"valueName\":\"search_term_string\"}}],\"inLanguage\":\"sl-SI\"}]}<\/script>\n<!-- \/ Yoast SEO plugin. -->","yoast_head_json":{"title":"O\u010dku ne bom ve\u010d pisal pisem - iskreni","description":"Ena najve\u010djih in najbr\u017e tudi najbolj neznanih bole\u010din, ker si jo posku\u0161amo iz na\u0161e realnosti \u010dim bolj odrivati, je otrokovo soo\u010denje s smrtjo.","robots":{"index":"index","follow":"follow","max-snippet":"max-snippet:-1","max-image-preview":"max-image-preview:large","max-video-preview":"max-video-preview:-1"},"canonical":"https:\/\/www.iskreni.net\/trgovina\/product\/ocku-ne-bom-vec-pisal-pisem\/","og_locale":"sl_SI","og_type":"article","og_title":"O\u010dku ne bom ve\u010d pisal pisem","og_description":"Ena najve\u010djih in najbr\u017e tudi najbolj neznanih bole\u010din, ker si jo posku\u0161amo iz na\u0161e realnosti \u010dim bolj odrivati, je otrokovo soo\u010denje s smrtjo.","og_url":"https:\/\/www.iskreni.net\/trgovina\/product\/ocku-ne-bom-vec-pisal-pisem\/","og_site_name":"Zavod Iskreni","article_modified_time":"2024-10-25T10:34:46+00:00","og_image":[{"width":600,"height":600,"url":"https:\/\/www.iskreni.net\/trgovina\/wp-content\/uploads\/2024\/07\/Slike-za-v-spletno-trgovino-89.jpg","type":"image\/jpeg"}],"twitter_card":"summary_large_image","twitter_misc":{"Est. reading time":"2 minuti"},"schema":{"@context":"https:\/\/schema.org","@graph":[{"@type":"WebPage","@id":"https:\/\/www.iskreni.net\/trgovina\/product\/ocku-ne-bom-vec-pisal-pisem\/","url":"https:\/\/www.iskreni.net\/trgovina\/product\/ocku-ne-bom-vec-pisal-pisem\/","name":"O\u010dku ne bom ve\u010d pisal pisem - iskreni","isPartOf":{"@id":"https:\/\/www.iskreni.net\/trgovina\/#website"},"primaryImageOfPage":{"@id":"https:\/\/www.iskreni.net\/trgovina\/product\/ocku-ne-bom-vec-pisal-pisem\/#primaryimage"},"image":{"@id":"https:\/\/www.iskreni.net\/trgovina\/product\/ocku-ne-bom-vec-pisal-pisem\/#primaryimage"},"thumbnailUrl":"https:\/\/www.iskreni.net\/trgovina\/wp-content\/uploads\/2024\/07\/Slike-za-v-spletno-trgovino-89.jpg","datePublished":"2024-07-29T13:00:47+00:00","dateModified":"2024-10-25T10:34:46+00:00","description":"Ena najve\u010djih in najbr\u017e tudi najbolj neznanih bole\u010din, ker si jo posku\u0161amo iz na\u0161e realnosti \u010dim bolj odrivati, je otrokovo soo\u010denje s smrtjo.","breadcrumb":{"@id":"https:\/\/www.iskreni.net\/trgovina\/product\/ocku-ne-bom-vec-pisal-pisem\/#breadcrumb"},"inLanguage":"sl-SI","potentialAction":[{"@type":"ReadAction","target":["https:\/\/www.iskreni.net\/trgovina\/product\/ocku-ne-bom-vec-pisal-pisem\/"]}]},{"@type":"ImageObject","inLanguage":"sl-SI","@id":"https:\/\/www.iskreni.net\/trgovina\/product\/ocku-ne-bom-vec-pisal-pisem\/#primaryimage","url":"https:\/\/www.iskreni.net\/trgovina\/wp-content\/uploads\/2024\/07\/Slike-za-v-spletno-trgovino-89.jpg","contentUrl":"https:\/\/www.iskreni.net\/trgovina\/wp-content\/uploads\/2024\/07\/Slike-za-v-spletno-trgovino-89.jpg","width":600,"height":600},{"@type":"BreadcrumbList","@id":"https:\/\/www.iskreni.net\/trgovina\/product\/ocku-ne-bom-vec-pisal-pisem\/#breadcrumb","itemListElement":[{"@type":"ListItem","position":1,"name":"Home","item":"https:\/\/www.iskreni.net\/trgovina\/"},{"@type":"ListItem","position":2,"name":"Trgovina","item":"https:\/\/www.iskreni.net\/trgovina\/trgovina\/"},{"@type":"ListItem","position":3,"name":"O\u010dku ne bom ve\u010d pisal pisem"}]},{"@type":"WebSite","@id":"https:\/\/www.iskreni.net\/trgovina\/#website","url":"https:\/\/www.iskreni.net\/trgovina\/","name":"Zavod Iskreni","description":"trgovina","potentialAction":[{"@type":"SearchAction","target":{"@type":"EntryPoint","urlTemplate":"https:\/\/www.iskreni.net\/trgovina\/?s={search_term_string}"},"query-input":{"@type":"PropertyValueSpecification","valueRequired":true,"valueName":"search_term_string"}}],"inLanguage":"sl-SI"}]}},"_links":{"self":[{"href":"https:\/\/www.iskreni.net\/trgovina\/wp-json\/wp\/v2\/product\/77890","targetHints":{"allow":["GET"]}}],"collection":[{"href":"https:\/\/www.iskreni.net\/trgovina\/wp-json\/wp\/v2\/product"}],"about":[{"href":"https:\/\/www.iskreni.net\/trgovina\/wp-json\/wp\/v2\/types\/product"}],"replies":[{"embeddable":true,"href":"https:\/\/www.iskreni.net\/trgovina\/wp-json\/wp\/v2\/comments?post=77890"}],"version-history":[{"count":2,"href":"https:\/\/www.iskreni.net\/trgovina\/wp-json\/wp\/v2\/product\/77890\/revisions"}],"predecessor-version":[{"id":77893,"href":"https:\/\/www.iskreni.net\/trgovina\/wp-json\/wp\/v2\/product\/77890\/revisions\/77893"}],"wp:featuredmedia":[{"embeddable":true,"href":"https:\/\/www.iskreni.net\/trgovina\/wp-json\/wp\/v2\/media\/77892"}],"wp:attachment":[{"href":"https:\/\/www.iskreni.net\/trgovina\/wp-json\/wp\/v2\/media?parent=77890"}],"wp:term":[{"taxonomy":"product_brand","embeddable":true,"href":"https:\/\/www.iskreni.net\/trgovina\/wp-json\/wp\/v2\/product_brand?post=77890"},{"taxonomy":"product_cat","embeddable":true,"href":"https:\/\/www.iskreni.net\/trgovina\/wp-json\/wp\/v2\/product_cat?post=77890"},{"taxonomy":"product_tag","embeddable":true,"href":"https:\/\/www.iskreni.net\/trgovina\/wp-json\/wp\/v2\/product_tag?post=77890"},{"taxonomy":"avtor","embeddable":true,"href":"https:\/\/www.iskreni.net\/trgovina\/wp-json\/wp\/v2\/avtor?post=77890"},{"taxonomy":"zalozba","embeddable":true,"href":"https:\/\/www.iskreni.net\/trgovina\/wp-json\/wp\/v2\/zalozba?post=77890"},{"taxonomy":"vezava","embeddable":true,"href":"https:\/\/www.iskreni.net\/trgovina\/wp-json\/wp\/v2\/vezava?post=77890"}],"curies":[{"name":"wp","href":"https:\/\/api.w.org\/{rel}","templated":true}]}}