{"id":7766,"date":"2020-03-23T14:21:45","date_gmt":"2020-03-23T13:21:45","guid":{"rendered":"https:\/\/www.iskreni.net\/trgovina\/?post_type=product&#038;p=7766"},"modified":"2026-04-20T14:27:42","modified_gmt":"2026-04-20T12:27:42","slug":"vlozek-s-krilci-bombaz-velikost-xl","status":"publish","type":"product","link":"https:\/\/www.iskreni.net\/trgovina\/product\/vlozek-s-krilci-bombaz-velikost-xl\/","title":{"rendered":"Vlo\u017eek s krilci XL"},"content":{"rendered":"<h4>Opis:<\/h4>\n<ul>\n<li>pralni vlo\u017eek za spanje<\/li>\n<li>ima krilca in 2 + 1 pritiska\u010de za pritrditev na spodnjice<\/li>\n<li>spodnja plast je nepremo\u010dljiva<\/li>\n<li>lahko se pere na\u00a095\u00a0<sup>o<\/sup>C in ne obarva belega perila<\/li>\n<li>dol\u017eina: 28 cm<\/li>\n<\/ul>\n<h4>Material:<\/h4>\n<p><strong>zgornja in vmesne plasti:<\/strong><br \/>\nEKO BOMBA\u017d: 100 % ekolo\u0161ko pridelan bomba\u017e<br \/>\nBAMBUS: 77 %\u00a0viskoza (bambus), 23 % poliester<br \/>\nPISANI: zgornja plast 95 % bomba\u017e, 5 % elastan; vmesne plasti 77 %\u00a0viskoza (bambus), 23 % poliester<br \/>\nPISANI EKO: zgornja plast 95 % bomba\u017e, 5 % elastan, ekolo\u0161ko pridelan; vmesne plasti 77 % viskoza (bambus), 23 % poliester<\/p>\n<p><strong>spodnja plast:<\/strong>\u00a070 % bomba\u017e, 30 % poliester, poliuretanski premaz (material je izdelan v Nem\u010diji in ima certifikat Oeko-Tex\u00ae Standard 100, razred 1, neprepustnost vode po DIN 208011: 3000 mm, propustnost vodne pare po DIN 53122\/klima B: pribl. 500 g\/m2d, brez PVC in formaldehida)<\/p>\n<h4>Vzdr\u017eevanje:<\/h4>\n<ul>\n<li>deklarirano za temperaturo pranja pri 95\u00a0<sup>o<\/sup>C<\/li>\n<li>lahko se su\u0161ijo v su\u0161ilnem stroju<\/li>\n<li>ne obarvajo belega perila<\/li>\n<li>priporo\u010damo pranje v mre\u017ei za perilo<\/li>\n<\/ul>\n<h4>Uporaba:<\/h4>\n<ul>\n<li>za menstruacijo, poporodne krvavitve ali bla\u017ejo urinsko inkontinenco<\/li>\n<\/ul>\n","protected":false},"excerpt":{"rendered":"<p><b>Vlo\u017eek s krilci iz bomba\u017ea in z nepremo\u010dljivo plastjo<\/b> je odli\u010dna alternativa vlo\u017ekom in tamponom za enkratno uporabo, prijazna do va\u0161e denarnice, telesa, pa tudi do na\u0161ega planeta.<\/p>\n","protected":false},"featured_media":40781,"comment_status":"open","ping_status":"closed","template":"","meta":[],"product_brand":[],"product_cat":[83,84],"product_tag":[1536,926],"avtor":[],"zalozba":[],"vezava":[],"class_list":{"0":"post-7766","1":"product","2":"type-product","3":"status-publish","4":"has-post-thumbnail","6":"product_cat-izdelki-za-menstruacijo","7":"product_cat-pralni-vlozki","8":"product_tag-dom-brez-odpadkov","9":"product_tag-pralni-vlozki","11":"first","12":"instock","13":"taxable","14":"shipping-taxable","15":"purchasable","16":"product-type-simple"},"yoast_head":"<!-- This site is optimized with the Yoast SEO plugin v26.3 - https:\/\/yoast.com\/wordpress\/plugins\/seo\/ -->\n<title>Vlo\u017eek s krilci XL - trgovina Iskreni<\/title>\n<meta name=\"description\" content=\"Vlo\u017eek s krilci iz bomba\u017ea in je odli\u010dna alternativa vlo\u017ekom in tamponom za enkratno uporabo, prijazna do denarnice, telesa, pa tudi do planeta.\" \/>\n<meta name=\"robots\" content=\"index, follow, max-snippet:-1, max-image-preview:large, max-video-preview:-1\" \/>\n<link rel=\"canonical\" href=\"https:\/\/www.iskreni.net\/trgovina\/product\/vlozek-s-krilci-bombaz-velikost-xl\/\" \/>\n<meta property=\"og:locale\" content=\"sl_SI\" \/>\n<meta property=\"og:type\" content=\"article\" \/>\n<meta property=\"og:title\" content=\"Vlo\u017eek s krilci XL - trgovina Iskreni\" \/>\n<meta property=\"og:description\" content=\"Vlo\u017eek s krilci iz bomba\u017ea in je odli\u010dna alternativa vlo\u017ekom in tamponom za enkratno uporabo, prijazna do denarnice, telesa, pa tudi do planeta.\" \/>\n<meta property=\"og:url\" content=\"https:\/\/www.iskreni.net\/trgovina\/product\/vlozek-s-krilci-bombaz-velikost-xl\/\" \/>\n<meta property=\"og:site_name\" content=\"Zavod Iskreni\" \/>\n<meta property=\"article:modified_time\" content=\"2026-04-20T12:27:42+00:00\" \/>\n<meta property=\"og:image\" content=\"https:\/\/www.iskreni.net\/trgovina\/wp-content\/uploads\/2020\/03\/Pavje-pero-bez.jpg\" \/>\n\t<meta property=\"og:image:width\" content=\"370\" \/>\n\t<meta property=\"og:image:height\" content=\"370\" \/>\n\t<meta property=\"og:image:type\" content=\"image\/jpeg\" \/>\n<meta name=\"twitter:card\" content=\"summary_large_image\" \/>\n<meta name=\"twitter:label1\" content=\"Est. reading time\" \/>\n\t<meta name=\"twitter:data1\" content=\"2 minuti\" \/>\n<script type=\"application\/ld+json\" class=\"yoast-schema-graph\">{\"@context\":\"https:\/\/schema.org\",\"@graph\":[{\"@type\":\"WebPage\",\"@id\":\"https:\/\/www.iskreni.net\/trgovina\/product\/vlozek-s-krilci-bombaz-velikost-xl\/\",\"url\":\"https:\/\/www.iskreni.net\/trgovina\/product\/vlozek-s-krilci-bombaz-velikost-xl\/\",\"name\":\"Vlo\u017eek s krilci XL - trgovina Iskreni\",\"isPartOf\":{\"@id\":\"https:\/\/www.iskreni.net\/trgovina\/#website\"},\"primaryImageOfPage\":{\"@id\":\"https:\/\/www.iskreni.net\/trgovina\/product\/vlozek-s-krilci-bombaz-velikost-xl\/#primaryimage\"},\"image\":{\"@id\":\"https:\/\/www.iskreni.net\/trgovina\/product\/vlozek-s-krilci-bombaz-velikost-xl\/#primaryimage\"},\"thumbnailUrl\":\"https:\/\/www.iskreni.net\/trgovina\/wp-content\/uploads\/2020\/03\/Pavje-pero-bez.jpg\",\"datePublished\":\"2020-03-23T13:21:45+00:00\",\"dateModified\":\"2026-04-20T12:27:42+00:00\",\"description\":\"Vlo\u017eek s krilci iz bomba\u017ea in je odli\u010dna alternativa vlo\u017ekom in tamponom za enkratno uporabo, prijazna do denarnice, telesa, pa tudi do planeta.\",\"breadcrumb\":{\"@id\":\"https:\/\/www.iskreni.net\/trgovina\/product\/vlozek-s-krilci-bombaz-velikost-xl\/#breadcrumb\"},\"inLanguage\":\"sl-SI\",\"potentialAction\":[{\"@type\":\"ReadAction\",\"target\":[\"https:\/\/www.iskreni.net\/trgovina\/product\/vlozek-s-krilci-bombaz-velikost-xl\/\"]}]},{\"@type\":\"ImageObject\",\"inLanguage\":\"sl-SI\",\"@id\":\"https:\/\/www.iskreni.net\/trgovina\/product\/vlozek-s-krilci-bombaz-velikost-xl\/#primaryimage\",\"url\":\"https:\/\/www.iskreni.net\/trgovina\/wp-content\/uploads\/2020\/03\/Pavje-pero-bez.jpg\",\"contentUrl\":\"https:\/\/www.iskreni.net\/trgovina\/wp-content\/uploads\/2020\/03\/Pavje-pero-bez.jpg\",\"width\":370,\"height\":370},{\"@type\":\"BreadcrumbList\",\"@id\":\"https:\/\/www.iskreni.net\/trgovina\/product\/vlozek-s-krilci-bombaz-velikost-xl\/#breadcrumb\",\"itemListElement\":[{\"@type\":\"ListItem\",\"position\":1,\"name\":\"Home\",\"item\":\"https:\/\/www.iskreni.net\/trgovina\/\"},{\"@type\":\"ListItem\",\"position\":2,\"name\":\"Trgovina\",\"item\":\"https:\/\/www.iskreni.net\/trgovina\/trgovina\/\"},{\"@type\":\"ListItem\",\"position\":3,\"name\":\"Vlo\u017eek s krilci XL\"}]},{\"@type\":\"WebSite\",\"@id\":\"https:\/\/www.iskreni.net\/trgovina\/#website\",\"url\":\"https:\/\/www.iskreni.net\/trgovina\/\",\"name\":\"Zavod Iskreni\",\"description\":\"trgovina\",\"potentialAction\":[{\"@type\":\"SearchAction\",\"target\":{\"@type\":\"EntryPoint\",\"urlTemplate\":\"https:\/\/www.iskreni.net\/trgovina\/?s={search_term_string}\"},\"query-input\":{\"@type\":\"PropertyValueSpecification\",\"valueRequired\":true,\"valueName\":\"search_term_string\"}}],\"inLanguage\":\"sl-SI\"}]}<\/script>\n<!-- \/ Yoast SEO plugin. -->","yoast_head_json":{"title":"Vlo\u017eek s krilci XL - trgovina Iskreni","description":"Vlo\u017eek s krilci iz bomba\u017ea in je odli\u010dna alternativa vlo\u017ekom in tamponom za enkratno uporabo, prijazna do denarnice, telesa, pa tudi do planeta.","robots":{"index":"index","follow":"follow","max-snippet":"max-snippet:-1","max-image-preview":"max-image-preview:large","max-video-preview":"max-video-preview:-1"},"canonical":"https:\/\/www.iskreni.net\/trgovina\/product\/vlozek-s-krilci-bombaz-velikost-xl\/","og_locale":"sl_SI","og_type":"article","og_title":"Vlo\u017eek s krilci XL - trgovina Iskreni","og_description":"Vlo\u017eek s krilci iz bomba\u017ea in je odli\u010dna alternativa vlo\u017ekom in tamponom za enkratno uporabo, prijazna do denarnice, telesa, pa tudi do planeta.","og_url":"https:\/\/www.iskreni.net\/trgovina\/product\/vlozek-s-krilci-bombaz-velikost-xl\/","og_site_name":"Zavod Iskreni","article_modified_time":"2026-04-20T12:27:42+00:00","og_image":[{"width":370,"height":370,"url":"https:\/\/www.iskreni.net\/trgovina\/wp-content\/uploads\/2020\/03\/Pavje-pero-bez.jpg","type":"image\/jpeg"}],"twitter_card":"summary_large_image","twitter_misc":{"Est. reading time":"2 minuti"},"schema":{"@context":"https:\/\/schema.org","@graph":[{"@type":"WebPage","@id":"https:\/\/www.iskreni.net\/trgovina\/product\/vlozek-s-krilci-bombaz-velikost-xl\/","url":"https:\/\/www.iskreni.net\/trgovina\/product\/vlozek-s-krilci-bombaz-velikost-xl\/","name":"Vlo\u017eek s krilci XL - trgovina Iskreni","isPartOf":{"@id":"https:\/\/www.iskreni.net\/trgovina\/#website"},"primaryImageOfPage":{"@id":"https:\/\/www.iskreni.net\/trgovina\/product\/vlozek-s-krilci-bombaz-velikost-xl\/#primaryimage"},"image":{"@id":"https:\/\/www.iskreni.net\/trgovina\/product\/vlozek-s-krilci-bombaz-velikost-xl\/#primaryimage"},"thumbnailUrl":"https:\/\/www.iskreni.net\/trgovina\/wp-content\/uploads\/2020\/03\/Pavje-pero-bez.jpg","datePublished":"2020-03-23T13:21:45+00:00","dateModified":"2026-04-20T12:27:42+00:00","description":"Vlo\u017eek s krilci iz bomba\u017ea in je odli\u010dna alternativa vlo\u017ekom in tamponom za enkratno uporabo, prijazna do denarnice, telesa, pa tudi do planeta.","breadcrumb":{"@id":"https:\/\/www.iskreni.net\/trgovina\/product\/vlozek-s-krilci-bombaz-velikost-xl\/#breadcrumb"},"inLanguage":"sl-SI","potentialAction":[{"@type":"ReadAction","target":["https:\/\/www.iskreni.net\/trgovina\/product\/vlozek-s-krilci-bombaz-velikost-xl\/"]}]},{"@type":"ImageObject","inLanguage":"sl-SI","@id":"https:\/\/www.iskreni.net\/trgovina\/product\/vlozek-s-krilci-bombaz-velikost-xl\/#primaryimage","url":"https:\/\/www.iskreni.net\/trgovina\/wp-content\/uploads\/2020\/03\/Pavje-pero-bez.jpg","contentUrl":"https:\/\/www.iskreni.net\/trgovina\/wp-content\/uploads\/2020\/03\/Pavje-pero-bez.jpg","width":370,"height":370},{"@type":"BreadcrumbList","@id":"https:\/\/www.iskreni.net\/trgovina\/product\/vlozek-s-krilci-bombaz-velikost-xl\/#breadcrumb","itemListElement":[{"@type":"ListItem","position":1,"name":"Home","item":"https:\/\/www.iskreni.net\/trgovina\/"},{"@type":"ListItem","position":2,"name":"Trgovina","item":"https:\/\/www.iskreni.net\/trgovina\/trgovina\/"},{"@type":"ListItem","position":3,"name":"Vlo\u017eek s krilci XL"}]},{"@type":"WebSite","@id":"https:\/\/www.iskreni.net\/trgovina\/#website","url":"https:\/\/www.iskreni.net\/trgovina\/","name":"Zavod Iskreni","description":"trgovina","potentialAction":[{"@type":"SearchAction","target":{"@type":"EntryPoint","urlTemplate":"https:\/\/www.iskreni.net\/trgovina\/?s={search_term_string}"},"query-input":{"@type":"PropertyValueSpecification","valueRequired":true,"valueName":"search_term_string"}}],"inLanguage":"sl-SI"}]}},"_links":{"self":[{"href":"https:\/\/www.iskreni.net\/trgovina\/wp-json\/wp\/v2\/product\/7766","targetHints":{"allow":["GET"]}}],"collection":[{"href":"https:\/\/www.iskreni.net\/trgovina\/wp-json\/wp\/v2\/product"}],"about":[{"href":"https:\/\/www.iskreni.net\/trgovina\/wp-json\/wp\/v2\/types\/product"}],"replies":[{"embeddable":true,"href":"https:\/\/www.iskreni.net\/trgovina\/wp-json\/wp\/v2\/comments?post=7766"}],"version-history":[{"count":4,"href":"https:\/\/www.iskreni.net\/trgovina\/wp-json\/wp\/v2\/product\/7766\/revisions"}],"predecessor-version":[{"id":64902,"href":"https:\/\/www.iskreni.net\/trgovina\/wp-json\/wp\/v2\/product\/7766\/revisions\/64902"}],"wp:featuredmedia":[{"embeddable":true,"href":"https:\/\/www.iskreni.net\/trgovina\/wp-json\/wp\/v2\/media\/40781"}],"wp:attachment":[{"href":"https:\/\/www.iskreni.net\/trgovina\/wp-json\/wp\/v2\/media?parent=7766"}],"wp:term":[{"taxonomy":"product_brand","embeddable":true,"href":"https:\/\/www.iskreni.net\/trgovina\/wp-json\/wp\/v2\/product_brand?post=7766"},{"taxonomy":"product_cat","embeddable":true,"href":"https:\/\/www.iskreni.net\/trgovina\/wp-json\/wp\/v2\/product_cat?post=7766"},{"taxonomy":"product_tag","embeddable":true,"href":"https:\/\/www.iskreni.net\/trgovina\/wp-json\/wp\/v2\/product_tag?post=7766"},{"taxonomy":"avtor","embeddable":true,"href":"https:\/\/www.iskreni.net\/trgovina\/wp-json\/wp\/v2\/avtor?post=7766"},{"taxonomy":"zalozba","embeddable":true,"href":"https:\/\/www.iskreni.net\/trgovina\/wp-json\/wp\/v2\/zalozba?post=7766"},{"taxonomy":"vezava","embeddable":true,"href":"https:\/\/www.iskreni.net\/trgovina\/wp-json\/wp\/v2\/vezava?post=7766"}],"curies":[{"name":"wp","href":"https:\/\/api.w.org\/{rel}","templated":true}]}}