{"id":77142,"date":"2024-06-28T11:00:28","date_gmt":"2024-06-28T09:00:28","guid":{"rendered":"https:\/\/www.iskreni.net\/trgovina\/?post_type=product&#038;p=77142"},"modified":"2024-07-26T14:22:01","modified_gmt":"2024-07-26T12:22:01","slug":"domacija-pod-svetim-antonom","status":"publish","type":"product","link":"https:\/\/www.iskreni.net\/trgovina\/product\/domacija-pod-svetim-antonom\/","title":{"rendered":"Doma\u010dija pod Svetim Antonom"},"content":{"rendered":"<h3 class=\"title\">O knjigi Doma\u010dija pod Svetim Antonom:<\/h3>\n<p>Trpe\u010de usedline \u017eivljenja<\/p>\n<p>Ob petdesetletnici duhovni\u0161tva se je Janezu Juhantu izkristaliziralo zavedanje, kako neznaten kamen\u010dek v mozaiku \u017eivljenja in oznanjevanja je \u010dlovek, tudi duhovnik. Vendar pa vsak \u010dlovek s svojo vero, pogumom in dejavno zavzetostjo prispeva k upanju za \u017eivljenje z Bogom in sobivanje z ljudmi tudi v najbolj zahtevnih razmerah. V tak\u0161nih so v hribovju med Litijo in Ljubljano \u017eiveli avtorjevi predniki, babica in ded ter njuni otroci, Janezovi star\u0161i, strici in tete \u2013 to je bil namre\u010d na Slovenskem \u010das skrajnosti in nad\u010dlove\u0161kih ter ne\u010dlove\u0161kih izzivov druge svetovne vojne in obdobja po njej.<\/p>\n<p>\u00bbO\u010ditno sem bil kot najstarej\u0161i otrok \u017ee v mladosti bolj dele\u017een trpe\u010dih usedlin \u017eivljenja. Zdi se, da me je s svojo nikoli izre\u010deno, a tiho, v molitvi izjokano bole\u010dino zaznamovala stara mama, saj sem bil zelo navezan nanjo in ona name. Seveda sta me zaznamovala tudi mama in stric Toni, s katerim sem delil radosti in bolesti svojega odra\u0161\u010danja. Kot najstarej\u0161i sem bil \u0161e mo\u010dneje od drugih bratov in sestre dele\u017een dru\u017einske kalvarije, svoje pa je dodal \u0161e o\u010de s svojo posebno strogostjo do mene.\u00ab<br \/>\nKnjiga je preplet leposlovno zapisanih osebnih \u017eivljenjskih zgodb avtorjevih prednikov in zgodovinskih ter domoznanskih stvarnih podatkov. Ker si kot narod in posamezniki \u0161ele danes sku\u0161amo naslikati celovito resnico o najte\u017ejem obdobju na\u0161ega naroda, je ta knjiga odli\u010den prikaz razmer in bremen teh dru\u017ein ter mnogih drugih Slovencev v nevarnem vojnem in revolucionarnem \u010dasu, v katerega je bila ve\u010dina prisiljena, z bremeni pa so zaznamovali tudi potomce. Izkoreninjenje je grozilo celemu narodu, a branilci korenin so se temu upirali in zato do\u017eivljali kruto usodo nasilnih prevratnih posegov v osebno in narodno dostojanstvo. To breme je osebno zaznamovalo tudi avtorja in njegovo dru\u017eino.<\/p>\n<h4>Odlomek iz knjige:<\/h4>\n<p>\u00bbTon\u010dka, ali me ima\u0161 \u0161e rada?\u00ab<br \/>\n\u00bbSeveda te imam rada,\u00ab je odgovorila.<br \/>\n\u00bbPa si se pripravljena z mano poro\u010diti?\u00ab<br \/>\nOdlo\u010dno in z \u017ealostjo je odgovorila: \u00bbVe\u0161, Toni, zdaj se je vse spremenilo.\u00ab<br \/>\nToni je sicer slutil, za kaj gre, a je vseeno tvegal vpra\u0161anje: \u00bbKaj se je spremenilo?\u00ab<br \/>\nTon\u010dka je oklevajo\u010de odgovorila: \u00bbVe\u0161, Toni, to s tvojo roko. Saj si ne predstavlja\u0161, da bo\u0161 tak\u0161en, kakr\u0161en si zdaj, mogel skrbeti za dru\u017eino. Ne morem se poro\u010diti s teboj.\u00ab<br \/>\nZmenek je bil zaklju\u010den in njun odnos za vedno kon\u010dan. To je bil za Tonija hud udarec, ves se je stresel in se poslovil.<br \/>\n\u00bbNasvidenje, Ton\u010dka, torej se najini poti za vse \u017eivljenje razhajata,\u00ab je \u0161e zmogel spregovoriti in od\u0161el je iz hi\u0161e. Med njima je nastal zid, ki je zacementiral sladko preteklost, ki ju je povezovala. Toniju pa je zabetoniral tudi prihodnost. Za\u010dutil je samoto, v katero ga je pogreznila. Ne le izguba roke, tudi novo vzdu\u0161je, ki je vladalo v de\u017eeli, ga je tla\u010dilo. \u017dalosten je od\u0161el, saj je prej vseeno \u0161e gojil upanje, da bo Ton\u010dka kljub invalidnosti ostala z njim. Stvarnost je te\u017eko pritisnila nanj; te zavrnitve ni mogel nikoli preboleti.<br \/>\n(Stran 117)<\/p>\n<p>&nbsp;<\/p>\n","protected":false},"excerpt":{"rendered":"<div id=\"tab-opis_tab\" class=\"tab-pane active\">\n<p><strong>Leto izdaje:<\/strong> 2024<br \/>\n<strong>\u0160tevilo strani:<\/strong> 208<br \/>\n<strong>Format:<\/strong> 135 mm x 210 mm<\/p>\n<\/div>\n<p><a href=\"https:\/\/www.mohorjeva.org\/wp-content\/uploads\/2024\/06\/Juhant-Janez-2024-Domacija-pod-Svetim-Antonom-PL.pdf\">Prelistajte knjigo<\/a><\/p>\n","protected":false},"featured_media":77144,"comment_status":"open","ping_status":"closed","template":"","meta":[],"product_brand":[],"product_cat":[2325,63],"product_tag":[1687],"avtor":[2812],"zalozba":[2337],"vezava":[2307],"class_list":{"0":"post-77142","1":"product","2":"type-product","3":"status-publish","4":"has-post-thumbnail","6":"product_cat-leposlovje","7":"product_cat-knjige","8":"product_tag-rojstni-dan","9":"avtor-dr-janez-juhant","10":"zalozba-celjska-mohorjeva-druzba","11":"vezava-mehka","13":"first","14":"instock","15":"taxable","16":"shipping-taxable","17":"purchasable","18":"product-type-simple"},"yoast_head":"<!-- This site is optimized with the Yoast SEO plugin v26.3 - https:\/\/yoast.com\/wordpress\/plugins\/seo\/ -->\n<title>Doma\u010dija pod Svetim Antonom- trgovina Iskreni<\/title>\n<meta name=\"description\" content=\"Ob petdesetletnici duhovni\u0161tva se je Janezu Juhantu izkristaliziralo zavedanje, kako neznaten kamen\u010dek v mozaiku \u017eivljenja in oznanjevanja je \u010dlovek, tudi duhovnik.\" \/>\n<meta name=\"robots\" content=\"index, follow, max-snippet:-1, max-image-preview:large, max-video-preview:-1\" \/>\n<link rel=\"canonical\" href=\"https:\/\/www.iskreni.net\/trgovina\/product\/domacija-pod-svetim-antonom\/\" \/>\n<meta property=\"og:locale\" content=\"sl_SI\" \/>\n<meta property=\"og:type\" content=\"article\" \/>\n<meta property=\"og:title\" content=\"Doma\u010dija pod Svetim Antonom\" \/>\n<meta property=\"og:description\" content=\"Ob petdesetletnici duhovni\u0161tva se je Janezu Juhantu izkristaliziralo zavedanje, kako neznaten kamen\u010dek v mozaiku \u017eivljenja in oznanjevanja je \u010dlovek, tudi duhovnik.\" \/>\n<meta property=\"og:url\" content=\"https:\/\/www.iskreni.net\/trgovina\/product\/domacija-pod-svetim-antonom\/\" \/>\n<meta property=\"og:site_name\" content=\"Zavod Iskreni\" \/>\n<meta property=\"article:modified_time\" content=\"2024-07-26T12:22:01+00:00\" \/>\n<meta property=\"og:image\" content=\"https:\/\/www.iskreni.net\/trgovina\/wp-content\/uploads\/2024\/06\/Slike-za-v-spletno-trgovino-2024-06-28T110334.027.jpg\" \/>\n\t<meta property=\"og:image:width\" content=\"600\" \/>\n\t<meta property=\"og:image:height\" content=\"600\" \/>\n\t<meta property=\"og:image:type\" content=\"image\/jpeg\" \/>\n<meta name=\"twitter:card\" content=\"summary_large_image\" \/>\n<meta name=\"twitter:label1\" content=\"Est. reading time\" \/>\n\t<meta name=\"twitter:data1\" content=\"3 minute\" \/>\n<script type=\"application\/ld+json\" class=\"yoast-schema-graph\">{\"@context\":\"https:\/\/schema.org\",\"@graph\":[{\"@type\":\"WebPage\",\"@id\":\"https:\/\/www.iskreni.net\/trgovina\/product\/domacija-pod-svetim-antonom\/\",\"url\":\"https:\/\/www.iskreni.net\/trgovina\/product\/domacija-pod-svetim-antonom\/\",\"name\":\"Doma\u010dija pod Svetim Antonom- trgovina Iskreni\",\"isPartOf\":{\"@id\":\"https:\/\/www.iskreni.net\/trgovina\/#website\"},\"primaryImageOfPage\":{\"@id\":\"https:\/\/www.iskreni.net\/trgovina\/product\/domacija-pod-svetim-antonom\/#primaryimage\"},\"image\":{\"@id\":\"https:\/\/www.iskreni.net\/trgovina\/product\/domacija-pod-svetim-antonom\/#primaryimage\"},\"thumbnailUrl\":\"https:\/\/www.iskreni.net\/trgovina\/wp-content\/uploads\/2024\/06\/Slike-za-v-spletno-trgovino-2024-06-28T110334.027.jpg\",\"datePublished\":\"2024-06-28T09:00:28+00:00\",\"dateModified\":\"2024-07-26T12:22:01+00:00\",\"description\":\"Ob petdesetletnici duhovni\u0161tva se je Janezu Juhantu izkristaliziralo zavedanje, kako neznaten kamen\u010dek v mozaiku \u017eivljenja in oznanjevanja je \u010dlovek, tudi duhovnik.\",\"breadcrumb\":{\"@id\":\"https:\/\/www.iskreni.net\/trgovina\/product\/domacija-pod-svetim-antonom\/#breadcrumb\"},\"inLanguage\":\"sl-SI\",\"potentialAction\":[{\"@type\":\"ReadAction\",\"target\":[\"https:\/\/www.iskreni.net\/trgovina\/product\/domacija-pod-svetim-antonom\/\"]}]},{\"@type\":\"ImageObject\",\"inLanguage\":\"sl-SI\",\"@id\":\"https:\/\/www.iskreni.net\/trgovina\/product\/domacija-pod-svetim-antonom\/#primaryimage\",\"url\":\"https:\/\/www.iskreni.net\/trgovina\/wp-content\/uploads\/2024\/06\/Slike-za-v-spletno-trgovino-2024-06-28T110334.027.jpg\",\"contentUrl\":\"https:\/\/www.iskreni.net\/trgovina\/wp-content\/uploads\/2024\/06\/Slike-za-v-spletno-trgovino-2024-06-28T110334.027.jpg\",\"width\":600,\"height\":600},{\"@type\":\"BreadcrumbList\",\"@id\":\"https:\/\/www.iskreni.net\/trgovina\/product\/domacija-pod-svetim-antonom\/#breadcrumb\",\"itemListElement\":[{\"@type\":\"ListItem\",\"position\":1,\"name\":\"Home\",\"item\":\"https:\/\/www.iskreni.net\/trgovina\/\"},{\"@type\":\"ListItem\",\"position\":2,\"name\":\"Trgovina\",\"item\":\"https:\/\/www.iskreni.net\/trgovina\/trgovina\/\"},{\"@type\":\"ListItem\",\"position\":3,\"name\":\"Doma\u010dija pod Svetim Antonom\"}]},{\"@type\":\"WebSite\",\"@id\":\"https:\/\/www.iskreni.net\/trgovina\/#website\",\"url\":\"https:\/\/www.iskreni.net\/trgovina\/\",\"name\":\"Zavod Iskreni\",\"description\":\"trgovina\",\"potentialAction\":[{\"@type\":\"SearchAction\",\"target\":{\"@type\":\"EntryPoint\",\"urlTemplate\":\"https:\/\/www.iskreni.net\/trgovina\/?s={search_term_string}\"},\"query-input\":{\"@type\":\"PropertyValueSpecification\",\"valueRequired\":true,\"valueName\":\"search_term_string\"}}],\"inLanguage\":\"sl-SI\"}]}<\/script>\n<!-- \/ Yoast SEO plugin. -->","yoast_head_json":{"title":"Doma\u010dija pod Svetim Antonom- trgovina Iskreni","description":"Ob petdesetletnici duhovni\u0161tva se je Janezu Juhantu izkristaliziralo zavedanje, kako neznaten kamen\u010dek v mozaiku \u017eivljenja in oznanjevanja je \u010dlovek, tudi duhovnik.","robots":{"index":"index","follow":"follow","max-snippet":"max-snippet:-1","max-image-preview":"max-image-preview:large","max-video-preview":"max-video-preview:-1"},"canonical":"https:\/\/www.iskreni.net\/trgovina\/product\/domacija-pod-svetim-antonom\/","og_locale":"sl_SI","og_type":"article","og_title":"Doma\u010dija pod Svetim Antonom","og_description":"Ob petdesetletnici duhovni\u0161tva se je Janezu Juhantu izkristaliziralo zavedanje, kako neznaten kamen\u010dek v mozaiku \u017eivljenja in oznanjevanja je \u010dlovek, tudi duhovnik.","og_url":"https:\/\/www.iskreni.net\/trgovina\/product\/domacija-pod-svetim-antonom\/","og_site_name":"Zavod Iskreni","article_modified_time":"2024-07-26T12:22:01+00:00","og_image":[{"width":600,"height":600,"url":"https:\/\/www.iskreni.net\/trgovina\/wp-content\/uploads\/2024\/06\/Slike-za-v-spletno-trgovino-2024-06-28T110334.027.jpg","type":"image\/jpeg"}],"twitter_card":"summary_large_image","twitter_misc":{"Est. reading time":"3 minute"},"schema":{"@context":"https:\/\/schema.org","@graph":[{"@type":"WebPage","@id":"https:\/\/www.iskreni.net\/trgovina\/product\/domacija-pod-svetim-antonom\/","url":"https:\/\/www.iskreni.net\/trgovina\/product\/domacija-pod-svetim-antonom\/","name":"Doma\u010dija pod Svetim Antonom- trgovina Iskreni","isPartOf":{"@id":"https:\/\/www.iskreni.net\/trgovina\/#website"},"primaryImageOfPage":{"@id":"https:\/\/www.iskreni.net\/trgovina\/product\/domacija-pod-svetim-antonom\/#primaryimage"},"image":{"@id":"https:\/\/www.iskreni.net\/trgovina\/product\/domacija-pod-svetim-antonom\/#primaryimage"},"thumbnailUrl":"https:\/\/www.iskreni.net\/trgovina\/wp-content\/uploads\/2024\/06\/Slike-za-v-spletno-trgovino-2024-06-28T110334.027.jpg","datePublished":"2024-06-28T09:00:28+00:00","dateModified":"2024-07-26T12:22:01+00:00","description":"Ob petdesetletnici duhovni\u0161tva se je Janezu Juhantu izkristaliziralo zavedanje, kako neznaten kamen\u010dek v mozaiku \u017eivljenja in oznanjevanja je \u010dlovek, tudi duhovnik.","breadcrumb":{"@id":"https:\/\/www.iskreni.net\/trgovina\/product\/domacija-pod-svetim-antonom\/#breadcrumb"},"inLanguage":"sl-SI","potentialAction":[{"@type":"ReadAction","target":["https:\/\/www.iskreni.net\/trgovina\/product\/domacija-pod-svetim-antonom\/"]}]},{"@type":"ImageObject","inLanguage":"sl-SI","@id":"https:\/\/www.iskreni.net\/trgovina\/product\/domacija-pod-svetim-antonom\/#primaryimage","url":"https:\/\/www.iskreni.net\/trgovina\/wp-content\/uploads\/2024\/06\/Slike-za-v-spletno-trgovino-2024-06-28T110334.027.jpg","contentUrl":"https:\/\/www.iskreni.net\/trgovina\/wp-content\/uploads\/2024\/06\/Slike-za-v-spletno-trgovino-2024-06-28T110334.027.jpg","width":600,"height":600},{"@type":"BreadcrumbList","@id":"https:\/\/www.iskreni.net\/trgovina\/product\/domacija-pod-svetim-antonom\/#breadcrumb","itemListElement":[{"@type":"ListItem","position":1,"name":"Home","item":"https:\/\/www.iskreni.net\/trgovina\/"},{"@type":"ListItem","position":2,"name":"Trgovina","item":"https:\/\/www.iskreni.net\/trgovina\/trgovina\/"},{"@type":"ListItem","position":3,"name":"Doma\u010dija pod Svetim Antonom"}]},{"@type":"WebSite","@id":"https:\/\/www.iskreni.net\/trgovina\/#website","url":"https:\/\/www.iskreni.net\/trgovina\/","name":"Zavod Iskreni","description":"trgovina","potentialAction":[{"@type":"SearchAction","target":{"@type":"EntryPoint","urlTemplate":"https:\/\/www.iskreni.net\/trgovina\/?s={search_term_string}"},"query-input":{"@type":"PropertyValueSpecification","valueRequired":true,"valueName":"search_term_string"}}],"inLanguage":"sl-SI"}]}},"_links":{"self":[{"href":"https:\/\/www.iskreni.net\/trgovina\/wp-json\/wp\/v2\/product\/77142","targetHints":{"allow":["GET"]}}],"collection":[{"href":"https:\/\/www.iskreni.net\/trgovina\/wp-json\/wp\/v2\/product"}],"about":[{"href":"https:\/\/www.iskreni.net\/trgovina\/wp-json\/wp\/v2\/types\/product"}],"replies":[{"embeddable":true,"href":"https:\/\/www.iskreni.net\/trgovina\/wp-json\/wp\/v2\/comments?post=77142"}],"version-history":[{"count":2,"href":"https:\/\/www.iskreni.net\/trgovina\/wp-json\/wp\/v2\/product\/77142\/revisions"}],"predecessor-version":[{"id":77147,"href":"https:\/\/www.iskreni.net\/trgovina\/wp-json\/wp\/v2\/product\/77142\/revisions\/77147"}],"wp:featuredmedia":[{"embeddable":true,"href":"https:\/\/www.iskreni.net\/trgovina\/wp-json\/wp\/v2\/media\/77144"}],"wp:attachment":[{"href":"https:\/\/www.iskreni.net\/trgovina\/wp-json\/wp\/v2\/media?parent=77142"}],"wp:term":[{"taxonomy":"product_brand","embeddable":true,"href":"https:\/\/www.iskreni.net\/trgovina\/wp-json\/wp\/v2\/product_brand?post=77142"},{"taxonomy":"product_cat","embeddable":true,"href":"https:\/\/www.iskreni.net\/trgovina\/wp-json\/wp\/v2\/product_cat?post=77142"},{"taxonomy":"product_tag","embeddable":true,"href":"https:\/\/www.iskreni.net\/trgovina\/wp-json\/wp\/v2\/product_tag?post=77142"},{"taxonomy":"avtor","embeddable":true,"href":"https:\/\/www.iskreni.net\/trgovina\/wp-json\/wp\/v2\/avtor?post=77142"},{"taxonomy":"zalozba","embeddable":true,"href":"https:\/\/www.iskreni.net\/trgovina\/wp-json\/wp\/v2\/zalozba?post=77142"},{"taxonomy":"vezava","embeddable":true,"href":"https:\/\/www.iskreni.net\/trgovina\/wp-json\/wp\/v2\/vezava?post=77142"}],"curies":[{"name":"wp","href":"https:\/\/api.w.org\/{rel}","templated":true}]}}