{"id":77135,"date":"2024-06-28T10:51:12","date_gmt":"2024-06-28T08:51:12","guid":{"rendered":"https:\/\/www.iskreni.net\/trgovina\/?post_type=product&#038;p=77135"},"modified":"2024-07-26T14:22:17","modified_gmt":"2024-07-26T12:22:17","slug":"nihce-ni-sam","status":"publish","type":"product","link":"https:\/\/www.iskreni.net\/trgovina\/product\/nihce-ni-sam\/","title":{"rendered":"Nih\u010de ni sam"},"content":{"rendered":"<h3 class=\"title\">O knjigi Nih\u010de ni sam:<\/h3>\n<p>Dru\u017einsko \u017eivljenje kot hi\u0161ica iz kart<\/p>\n<p>V krhkem razmerju med ob\u010dutki samote in du\u0161e\u010dim pritiskom odnosov se zgodi dru\u017einsko \u017eivljenje, tudi to nadvse krhko in podvr\u017eeno nenehnim zahtevam okolice in \u0161ir\u0161e dru\u017eine. V njem kot osamljeni planeti kro\u017eijo \u010dlani neke dru\u017eine in (nezavedno) i\u0161\u010dejo skupno kro\u017enico. Ko v ta negotovi sistem iznenada tre\u0161\u010di novica o smrti in napredujo\u010di bolezni, se za\u010dne dru\u017einsko \u017eivljenje podirati kot hi\u0161ica iz kart \u2026<\/p>\n<p>Ko gre za dru\u017eino, nih\u010de ni nikoli zares sam, \u010detudi bi si kdaj \u017eelel biti; po drugi strani pa se ravno v dru\u017eino lahko prikrade najhuj\u0161a samota: tista, ki omrtvi\u010di vsakr\u0161no komunikacijo. Nekaj podobnega do\u017eivljajo liki Petre Soukupove, ko se znajdejo v vrtincu dru\u017einske drame. Veronika, \u017eena in mama, te\u017eko krmari med dru\u017eino, kariero in star\u0161i, ki \u017eivijo dale\u010d stran. Slaba vest, ki jo najeda in katero sku\u0161a uti\u0161ati s kak\u0161nim kozarcem vina ve\u010d, se \u0161e globlje zaj\u00e9 v njeno du\u0161o, ko ji nepri\u010dakovano umre mama. Znajde se v prime\u017eu anksioznosti, ki jo \u0161e dodatno napajajo o\u010detova napredujo\u010da bolezen in vzgojni izzivi njenih odra\u0161\u010dajo\u010dih otrok. Zdi se, da more\u010da situacija, v kateri ji ob strani stoji edino mo\u017e, nima izhoda. A v\u010dasih se najve\u010dji \u017eivljenjski preobrati zgodijo, ko \u010dlovek dose\u017ee najni\u017ejo to\u010dko, in morda je Veroniki prav ta klju\u010d do izhoda iz najhuj\u0161e je\u010de \u2013 tiste, v katero se je zapirala sama.<\/p>\n<h4>Odlomek iz knjige:<\/h4>\n<p>Ni\u010d ne vem o tem, ali ima o\u010de alzheimerja ali kak\u0161no drugo demenco, ne vem, kako se obna\u0161ati v taki situaciji, ne vem, ali naj mu takoj odgovorim na sporo\u010dilo, ampak le kaj naj napi\u0161em: Ej, o\u010di, pomiri se, avto si mi vendar posodil. Se ne bo po\u010dutil \u0161e bolj zmedenega, ker se tega ne spomni? Nazadnje napi\u0161em: To bova uredila, poklicala te bom takoj zjutraj okrog osmih, ok? Ne odgovori, to malo premeljeva z Michalom, ampak tudi on o tem ne ve ni\u010d, prepove mi, da bi zdaj to poguglala, ne bo\u0161 mogla zaspati.<br \/>\nTako ali tako ne zaspim in v ti\u0161ini \u010dakam. Kaj mi bo\u0161 rekla na to, mami?<br \/>\nIn mama re\u010de: Lepo te prosim, o\u010dka, saj on nikoli nikogar ne poslu\u0161a, a ti misli\u0161, da je kdaj poslu\u0161al, kar sem mu rekla? \u017divi v tistem svojem svetu in se po\u017evi\u017ega na druge ljudi, tudi to ima\u0161 po njem, ampak morala bi malo pomesti pred svojim pragom in ga ne pu\u0161\u010dati tako samega. Saj ve\u0161, mogo\u010de mu je to malo udarilo na mo\u017egane, poleg tega pa pozna\u0161 o\u010dka, ko sem bila v toplicah, me je vsak ve\u010der klical, kaj naj ima za ve\u010derjo, tebi je pa vseeno, da kar naprej j\u00e9 samo hrenovke, a ne?<br \/>\nIn kaj naj bi naredila?<br \/>\nDa poskrbi\u0161 za svoje star\u0161e \u2013 to bi moral vsak otrok razumeti kot normalno stvar, ampak tebi se tega ne spla\u010da govoriti, odpovedala sva pri vzgoji.<br \/>\nA jaz mogo\u010de ne skrbim? Kaj pa L\u00edda? Pri njej pa nista odpovedala?<br \/>\nLidunka \u017eivi dale\u010d, te\u017eko bi prihajala k o\u010dku in mu kuhala kosila, ti bi pa lahko.<br \/>\nImam tudi svoje delo in svoje \u017eivljenje!<br \/>\nAmpak o\u010dka te potrebuje, a tega ne razume\u0161?<br \/>\nJa, in kaj naj naredim? K sebi ga ne moremo vzeti, majhno stanovanje imamo. Naj re\u010dem otrokoma: Vesta kaj, dedi, ki ga ne marata preve\u010d, bo dobil eno od vajinih sobic, vidva pa se bosta preselila v eno?<br \/>\nVedve z Lidunko sta tudi imeli eno sobico in vama ni ni\u010d manjkalo.<br \/>\nNi nama manjkalo in gotovo bi otroka nekaj \u010dasa zdr\u017eala (Koliko \u010dasa? \u010ce ima o\u010de alzheimerja, se mu bo stanje te\u017eko popravilo, bo to zdaj trajalo leta? Kako hitro bo napredovalo?), toda o\u010de se ne bi nikoli preselil, ne vem, zakaj sploh premi\u0161ljam o tem, ne, to je bedarija.<br \/>\n(Str. 153\u2013154)<\/p>\n<p>&nbsp;<\/p>\n","protected":false},"excerpt":{"rendered":"<div id=\"tab-opis_tab\" class=\"tab-pane active\">\n<p><strong>Leto izdaje:<\/strong> 2024<br \/>\n<strong>\u0160tevilo strani:<\/strong> 324<br \/>\n<strong>Format:<\/strong> 135 mm x 210 mm<\/p>\n<\/div>\n<p><a href=\"https:\/\/www.mohorjeva.org\/wp-content\/uploads\/2024\/06\/Soukupova-Petra-2024-Nihce-ni-sam_prelistaj-knjigo.pdf\">Prelistajte knjigo<\/a><\/p>\n","protected":false},"featured_media":77138,"comment_status":"open","ping_status":"closed","template":"","meta":[],"product_brand":[],"product_cat":[2325,63],"product_tag":[1687],"avtor":[2615],"zalozba":[2337],"vezava":[2307],"class_list":{"0":"post-77135","1":"product","2":"type-product","3":"status-publish","4":"has-post-thumbnail","6":"product_cat-leposlovje","7":"product_cat-knjige","8":"product_tag-rojstni-dan","9":"avtor-petra-soukupova","10":"zalozba-celjska-mohorjeva-druzba","11":"vezava-mehka","13":"first","14":"instock","15":"taxable","16":"shipping-taxable","17":"purchasable","18":"product-type-simple"},"yoast_head":"<!-- This site is optimized with the Yoast SEO plugin v26.3 - https:\/\/yoast.com\/wordpress\/plugins\/seo\/ -->\n<title>Nih\u010de ni sam- trgovina Iskreni<\/title>\n<meta name=\"description\" content=\"Ko gre za dru\u017eino, nih\u010de ni nikoli zares sam, \u010detudi bi si kdaj \u017eelel biti; po drugi strani pa se ravno v dru\u017eino lahko prikrade najhuj\u0161a samota: tista, ki omrtvi\u010di vsakr\u0161no komunikacijo. Nekaj podobnega do\u017eivljajo liki Petre Soukupove.\" \/>\n<meta name=\"robots\" content=\"index, follow, max-snippet:-1, max-image-preview:large, max-video-preview:-1\" \/>\n<link rel=\"canonical\" href=\"https:\/\/www.iskreni.net\/trgovina\/product\/nihce-ni-sam\/\" \/>\n<meta property=\"og:locale\" content=\"sl_SI\" \/>\n<meta property=\"og:type\" content=\"article\" \/>\n<meta property=\"og:title\" content=\"Nih\u010de ni sam\" \/>\n<meta property=\"og:description\" content=\"Ko gre za dru\u017eino, nih\u010de ni nikoli zares sam, \u010detudi bi si kdaj \u017eelel biti; po drugi strani pa se ravno v dru\u017eino lahko prikrade najhuj\u0161a samota: tista, ki omrtvi\u010di vsakr\u0161no komunikacijo. Nekaj podobnega do\u017eivljajo liki Petre Soukupove.\" \/>\n<meta property=\"og:url\" content=\"https:\/\/www.iskreni.net\/trgovina\/product\/nihce-ni-sam\/\" \/>\n<meta property=\"og:site_name\" content=\"Zavod Iskreni\" \/>\n<meta property=\"article:modified_time\" content=\"2024-07-26T12:22:17+00:00\" \/>\n<meta property=\"og:image\" content=\"https:\/\/www.iskreni.net\/trgovina\/wp-content\/uploads\/2024\/06\/Slike-za-v-spletno-trgovino-2024-06-28T105222.673.jpg\" \/>\n\t<meta property=\"og:image:width\" content=\"600\" \/>\n\t<meta property=\"og:image:height\" content=\"600\" \/>\n\t<meta property=\"og:image:type\" content=\"image\/jpeg\" \/>\n<meta name=\"twitter:card\" content=\"summary_large_image\" \/>\n<meta name=\"twitter:label1\" content=\"Est. reading time\" \/>\n\t<meta name=\"twitter:data1\" content=\"4 minute\" \/>\n<script type=\"application\/ld+json\" class=\"yoast-schema-graph\">{\"@context\":\"https:\/\/schema.org\",\"@graph\":[{\"@type\":\"WebPage\",\"@id\":\"https:\/\/www.iskreni.net\/trgovina\/product\/nihce-ni-sam\/\",\"url\":\"https:\/\/www.iskreni.net\/trgovina\/product\/nihce-ni-sam\/\",\"name\":\"Nih\u010de ni sam- trgovina Iskreni\",\"isPartOf\":{\"@id\":\"https:\/\/www.iskreni.net\/trgovina\/#website\"},\"primaryImageOfPage\":{\"@id\":\"https:\/\/www.iskreni.net\/trgovina\/product\/nihce-ni-sam\/#primaryimage\"},\"image\":{\"@id\":\"https:\/\/www.iskreni.net\/trgovina\/product\/nihce-ni-sam\/#primaryimage\"},\"thumbnailUrl\":\"https:\/\/www.iskreni.net\/trgovina\/wp-content\/uploads\/2024\/06\/Slike-za-v-spletno-trgovino-2024-06-28T105222.673.jpg\",\"datePublished\":\"2024-06-28T08:51:12+00:00\",\"dateModified\":\"2024-07-26T12:22:17+00:00\",\"description\":\"Ko gre za dru\u017eino, nih\u010de ni nikoli zares sam, \u010detudi bi si kdaj \u017eelel biti; po drugi strani pa se ravno v dru\u017eino lahko prikrade najhuj\u0161a samota: tista, ki omrtvi\u010di vsakr\u0161no komunikacijo. Nekaj podobnega do\u017eivljajo liki Petre Soukupove.\",\"breadcrumb\":{\"@id\":\"https:\/\/www.iskreni.net\/trgovina\/product\/nihce-ni-sam\/#breadcrumb\"},\"inLanguage\":\"sl-SI\",\"potentialAction\":[{\"@type\":\"ReadAction\",\"target\":[\"https:\/\/www.iskreni.net\/trgovina\/product\/nihce-ni-sam\/\"]}]},{\"@type\":\"ImageObject\",\"inLanguage\":\"sl-SI\",\"@id\":\"https:\/\/www.iskreni.net\/trgovina\/product\/nihce-ni-sam\/#primaryimage\",\"url\":\"https:\/\/www.iskreni.net\/trgovina\/wp-content\/uploads\/2024\/06\/Slike-za-v-spletno-trgovino-2024-06-28T105222.673.jpg\",\"contentUrl\":\"https:\/\/www.iskreni.net\/trgovina\/wp-content\/uploads\/2024\/06\/Slike-za-v-spletno-trgovino-2024-06-28T105222.673.jpg\",\"width\":600,\"height\":600},{\"@type\":\"BreadcrumbList\",\"@id\":\"https:\/\/www.iskreni.net\/trgovina\/product\/nihce-ni-sam\/#breadcrumb\",\"itemListElement\":[{\"@type\":\"ListItem\",\"position\":1,\"name\":\"Home\",\"item\":\"https:\/\/www.iskreni.net\/trgovina\/\"},{\"@type\":\"ListItem\",\"position\":2,\"name\":\"Trgovina\",\"item\":\"https:\/\/www.iskreni.net\/trgovina\/trgovina\/\"},{\"@type\":\"ListItem\",\"position\":3,\"name\":\"Nih\u010de ni sam\"}]},{\"@type\":\"WebSite\",\"@id\":\"https:\/\/www.iskreni.net\/trgovina\/#website\",\"url\":\"https:\/\/www.iskreni.net\/trgovina\/\",\"name\":\"Zavod Iskreni\",\"description\":\"trgovina\",\"potentialAction\":[{\"@type\":\"SearchAction\",\"target\":{\"@type\":\"EntryPoint\",\"urlTemplate\":\"https:\/\/www.iskreni.net\/trgovina\/?s={search_term_string}\"},\"query-input\":{\"@type\":\"PropertyValueSpecification\",\"valueRequired\":true,\"valueName\":\"search_term_string\"}}],\"inLanguage\":\"sl-SI\"}]}<\/script>\n<!-- \/ Yoast SEO plugin. -->","yoast_head_json":{"title":"Nih\u010de ni sam- trgovina Iskreni","description":"Ko gre za dru\u017eino, nih\u010de ni nikoli zares sam, \u010detudi bi si kdaj \u017eelel biti; po drugi strani pa se ravno v dru\u017eino lahko prikrade najhuj\u0161a samota: tista, ki omrtvi\u010di vsakr\u0161no komunikacijo. Nekaj podobnega do\u017eivljajo liki Petre Soukupove.","robots":{"index":"index","follow":"follow","max-snippet":"max-snippet:-1","max-image-preview":"max-image-preview:large","max-video-preview":"max-video-preview:-1"},"canonical":"https:\/\/www.iskreni.net\/trgovina\/product\/nihce-ni-sam\/","og_locale":"sl_SI","og_type":"article","og_title":"Nih\u010de ni sam","og_description":"Ko gre za dru\u017eino, nih\u010de ni nikoli zares sam, \u010detudi bi si kdaj \u017eelel biti; po drugi strani pa se ravno v dru\u017eino lahko prikrade najhuj\u0161a samota: tista, ki omrtvi\u010di vsakr\u0161no komunikacijo. Nekaj podobnega do\u017eivljajo liki Petre Soukupove.","og_url":"https:\/\/www.iskreni.net\/trgovina\/product\/nihce-ni-sam\/","og_site_name":"Zavod Iskreni","article_modified_time":"2024-07-26T12:22:17+00:00","og_image":[{"width":600,"height":600,"url":"https:\/\/www.iskreni.net\/trgovina\/wp-content\/uploads\/2024\/06\/Slike-za-v-spletno-trgovino-2024-06-28T105222.673.jpg","type":"image\/jpeg"}],"twitter_card":"summary_large_image","twitter_misc":{"Est. reading time":"4 minute"},"schema":{"@context":"https:\/\/schema.org","@graph":[{"@type":"WebPage","@id":"https:\/\/www.iskreni.net\/trgovina\/product\/nihce-ni-sam\/","url":"https:\/\/www.iskreni.net\/trgovina\/product\/nihce-ni-sam\/","name":"Nih\u010de ni sam- trgovina Iskreni","isPartOf":{"@id":"https:\/\/www.iskreni.net\/trgovina\/#website"},"primaryImageOfPage":{"@id":"https:\/\/www.iskreni.net\/trgovina\/product\/nihce-ni-sam\/#primaryimage"},"image":{"@id":"https:\/\/www.iskreni.net\/trgovina\/product\/nihce-ni-sam\/#primaryimage"},"thumbnailUrl":"https:\/\/www.iskreni.net\/trgovina\/wp-content\/uploads\/2024\/06\/Slike-za-v-spletno-trgovino-2024-06-28T105222.673.jpg","datePublished":"2024-06-28T08:51:12+00:00","dateModified":"2024-07-26T12:22:17+00:00","description":"Ko gre za dru\u017eino, nih\u010de ni nikoli zares sam, \u010detudi bi si kdaj \u017eelel biti; po drugi strani pa se ravno v dru\u017eino lahko prikrade najhuj\u0161a samota: tista, ki omrtvi\u010di vsakr\u0161no komunikacijo. Nekaj podobnega do\u017eivljajo liki Petre Soukupove.","breadcrumb":{"@id":"https:\/\/www.iskreni.net\/trgovina\/product\/nihce-ni-sam\/#breadcrumb"},"inLanguage":"sl-SI","potentialAction":[{"@type":"ReadAction","target":["https:\/\/www.iskreni.net\/trgovina\/product\/nihce-ni-sam\/"]}]},{"@type":"ImageObject","inLanguage":"sl-SI","@id":"https:\/\/www.iskreni.net\/trgovina\/product\/nihce-ni-sam\/#primaryimage","url":"https:\/\/www.iskreni.net\/trgovina\/wp-content\/uploads\/2024\/06\/Slike-za-v-spletno-trgovino-2024-06-28T105222.673.jpg","contentUrl":"https:\/\/www.iskreni.net\/trgovina\/wp-content\/uploads\/2024\/06\/Slike-za-v-spletno-trgovino-2024-06-28T105222.673.jpg","width":600,"height":600},{"@type":"BreadcrumbList","@id":"https:\/\/www.iskreni.net\/trgovina\/product\/nihce-ni-sam\/#breadcrumb","itemListElement":[{"@type":"ListItem","position":1,"name":"Home","item":"https:\/\/www.iskreni.net\/trgovina\/"},{"@type":"ListItem","position":2,"name":"Trgovina","item":"https:\/\/www.iskreni.net\/trgovina\/trgovina\/"},{"@type":"ListItem","position":3,"name":"Nih\u010de ni sam"}]},{"@type":"WebSite","@id":"https:\/\/www.iskreni.net\/trgovina\/#website","url":"https:\/\/www.iskreni.net\/trgovina\/","name":"Zavod Iskreni","description":"trgovina","potentialAction":[{"@type":"SearchAction","target":{"@type":"EntryPoint","urlTemplate":"https:\/\/www.iskreni.net\/trgovina\/?s={search_term_string}"},"query-input":{"@type":"PropertyValueSpecification","valueRequired":true,"valueName":"search_term_string"}}],"inLanguage":"sl-SI"}]}},"_links":{"self":[{"href":"https:\/\/www.iskreni.net\/trgovina\/wp-json\/wp\/v2\/product\/77135","targetHints":{"allow":["GET"]}}],"collection":[{"href":"https:\/\/www.iskreni.net\/trgovina\/wp-json\/wp\/v2\/product"}],"about":[{"href":"https:\/\/www.iskreni.net\/trgovina\/wp-json\/wp\/v2\/types\/product"}],"replies":[{"embeddable":true,"href":"https:\/\/www.iskreni.net\/trgovina\/wp-json\/wp\/v2\/comments?post=77135"}],"version-history":[{"count":2,"href":"https:\/\/www.iskreni.net\/trgovina\/wp-json\/wp\/v2\/product\/77135\/revisions"}],"predecessor-version":[{"id":77141,"href":"https:\/\/www.iskreni.net\/trgovina\/wp-json\/wp\/v2\/product\/77135\/revisions\/77141"}],"wp:featuredmedia":[{"embeddable":true,"href":"https:\/\/www.iskreni.net\/trgovina\/wp-json\/wp\/v2\/media\/77138"}],"wp:attachment":[{"href":"https:\/\/www.iskreni.net\/trgovina\/wp-json\/wp\/v2\/media?parent=77135"}],"wp:term":[{"taxonomy":"product_brand","embeddable":true,"href":"https:\/\/www.iskreni.net\/trgovina\/wp-json\/wp\/v2\/product_brand?post=77135"},{"taxonomy":"product_cat","embeddable":true,"href":"https:\/\/www.iskreni.net\/trgovina\/wp-json\/wp\/v2\/product_cat?post=77135"},{"taxonomy":"product_tag","embeddable":true,"href":"https:\/\/www.iskreni.net\/trgovina\/wp-json\/wp\/v2\/product_tag?post=77135"},{"taxonomy":"avtor","embeddable":true,"href":"https:\/\/www.iskreni.net\/trgovina\/wp-json\/wp\/v2\/avtor?post=77135"},{"taxonomy":"zalozba","embeddable":true,"href":"https:\/\/www.iskreni.net\/trgovina\/wp-json\/wp\/v2\/zalozba?post=77135"},{"taxonomy":"vezava","embeddable":true,"href":"https:\/\/www.iskreni.net\/trgovina\/wp-json\/wp\/v2\/vezava?post=77135"}],"curies":[{"name":"wp","href":"https:\/\/api.w.org\/{rel}","templated":true}]}}