{"id":77128,"date":"2024-06-28T10:41:26","date_gmt":"2024-06-28T08:41:26","guid":{"rendered":"https:\/\/www.iskreni.net\/trgovina\/?post_type=product&#038;p=77128"},"modified":"2024-07-26T14:22:33","modified_gmt":"2024-07-26T12:22:33","slug":"upanje-njene-matere","status":"publish","type":"product","link":"https:\/\/www.iskreni.net\/trgovina\/product\/upanje-njene-matere\/","title":{"rendered":"Upanje njene matere"},"content":{"rendered":"<h3 class=\"title\">O knjigi Upanje njene matere:<\/h3>\n<p>Svetovna klasika kr\u0161\u010danskega leposlovja<\/p>\n<p>Presunljiva dru\u017einska zgodba odkriva zapletene odnose med materami in h\u010derami skozi ve\u010d generacij. V njih se ob dedi\u0161\u010dini brezpogojne ljubezni in \u017ertvovanja prepletajo vera in sanje, sr\u010dne bole\u010dine in razo\u010daranja. Najprej skozi razburkanost teh odnosov spremljamo Marto Schneider, ki, odlo\u010dena, da bo dosegla svoje sanje, odide od doma in vztrajno premaguje najrazli\u010dnej\u0161e stiske in trpljenje. Ko si ustvarja dru\u017eino, ji njena trma daje mo\u010d za vzgojo mo\u010dnih otrok, kar pa njena najstarej\u0161a h\u010di Hildemara napa\u010dno razume in se v ustvarjanju svojega \u017eivljenja neprestano trudi, da bi si pridobila materino naklonjenost.<\/p>\n<p>Martina zgodba odkriva ognjevito \u017eensko, ki blizu preloma dvajsetega stoletja zapusti \u0160vico, da bi si ustvarila bolj\u0161e \u017eivljenje. Na pot jo vodita odlo\u010den materin blagoslov in trdna namera izpolniti njeno upanje. Ob trdem delu si pot v \u017eivljenje najprej ustvarja v Evropi, nato pa odide v Kanado, kjer spozna Niclasa Walterta, s katerim se poro\u010di. Ob tem odkriva \u017ertve, ki jih prina\u0161ata zakon in materinstvo, zlasti ko se odpoveduje svojim ciljem in sledi mo\u017eevim \u017eeljam v kanadsko divjino in nato v pra\u0161no osrednjo dolino Kalifornije, da bi si ustvarila svojo dru\u017eino.<br \/>\nV upanju, da bi svojim otrokom omogo\u010dila bolj\u0161e \u017eivljenje, jih \u017eeli vzgojiti v mo\u010dne osebnosti, pri \u010demer pa je njena materinska ljubezen zlasti pri najstarej\u0161i h\u010deri Hildemari Rose pogosto napa\u010dno razumljena kot trda in neizprosna. To Hildemaro spremlja vse otro\u0161tvo in neprestano hrepeni po materinem sprejemanju, tudi ko se sredi drame druge svetovne vojne zaljubi in si ustvari lastno dru\u017eino. \u0160ele nepri\u010dakovani in tragi\u010dni dogodki prisilijo mamo in h\u010der, da se soo\u010dita z lastnimi pomanjkljivostmi in vedno ve\u010djim prepadom, ki grozi, da ju bo za vedno lo\u010dil.<\/p>\n<h4>Odlomek iz knjige:<\/h4>\n<p>\u00bbVem, mama. \u017delim si le, da bi bilo tvoje \u017eivljenje la\u017eje.\u00ab<br \/>\n\u00bbIn \u010de bi bilo la\u017eje, bi lahko svoje srce tako popolnoma izro\u010dila Bogu? Kamorkoli gre\u0161, dovoli Kristusu, da bo tvoje zato\u010di\u0161\u010de. Vanj polo\u017ei svoje upanje in ne bo\u0161 razo\u010darana nad tem, kar ti \u017eivljenje ponudi.\u00ab<br \/>\nMama je spet dvignila glavo. \u00bbPoglej ptice, Liebling.\u00ab Mama je kljub toplemu dnevu vzdrhtela in si tesneje ovila \u0161al okoli ramen. \u00bbVe\u010dina vrst ptic leti v jatah.\u00ab Solza je stekla po njenem bledem licu. \u00bbOrel leti sam.\u00ab Marta je za\u010dutila, da se ji je stisnilo grlo. Stisnila je ustnice in zaprla o\u010di.<br \/>\nMama jo je objela z obema rokama. \u00bbMoj blagoslov ima\u0161, Marta. Dajem ti ga z vsem srcem in brez zadr\u017ekov. Ima\u0161 mojo ljubezen. Vsak dan svojega \u017eivljenja bom molila zate. Ne boj se oditi.\u00ab<br \/>\n(Str. 51)<\/p>\n<p>Marta je nepremi\u010dno gledala drobno deklico, ki je le\u017eala tako mirno in tiho, z drobno pestjo, stisnjeno ob Martino belo meso. Nenadoma je za\u010dutila nepremagljivo ljubezen do tega otroka, tako tesno vez, da se ji je zdelo, da se ji bo raztrgalo srce.<br \/>\nOh, mama, ali si to ob\u010dutila, ko si prvi\u010d dr\u017eala Elise?<br \/>\n\u00bbZdaj bi ji morala dati ime.\u00ab<br \/>\nSli\u0161ala je, kaj se skriva za Niclasovimi tihimi, pretrganimi besedami. Ni verjel, da bo njuna h\u010di dolgo \u017eivela.<br \/>\nProsim, Bog, ne vzemi mi je! Tako majhna in \u0161ibka je, tako nemo\u010dna. Daj ji prilo\u017enost, Gospod.<br \/>\nMarta je s prstom rahlo pobo\u017eala svilnato bledo lice in opazovala, kako drobna usteca spet delujejo in rahlo vle\u010dejo njeno dojko, da bi se nahranila. \u00bbTvoji materi je bilo ime Ada.\u00ab<br \/>\n\u00bbDa, ampak ne dajva ji tega imena. Kaj pa Elise?\u00ab Ko je Marta ostro pogledala proti njemu, je namr\u0161\u010dil \u010delo. \u00bbKaj je narobe?\u00ab<br \/>\nNiclasu ni nikoli povedala o svoji sestri. \u00bbNi\u010d. Samo to pa\u010d ni ime, ki bi ga kdaj dala svoji h\u010derki.\u00ab Ko je s pogledom preiskoval njen obraz, je sklonila glavo in zaprla o\u010di. Za\u010dutila je njegovo dlan, ki ji jo je ne\u017eno polo\u017eil na glavo.<br \/>\n\u00bbTi odlo\u010di.\u00ab<br \/>\n\u00bbIme ji bo Hildemara Rose.\u00ab<br \/>\n\u00bbMo\u010dno ime za tako krhko dojen\u010dico.\u00ab<br \/>\n\u00bbDa, a \u010de bo Bog dal, bo zrasla vanj.\u00ab<br \/>\n(Str. 166)<\/p>\n<p>&nbsp;<\/p>\n","protected":false},"excerpt":{"rendered":"<div id=\"tab-opis_tab\" class=\"tab-pane active\">\n<p><strong>Leto izdaje:<\/strong> 2024<br \/>\n<strong>\u0160tevilo strani:<\/strong> 500<br \/>\n<strong>Format:<\/strong> 135 mm x 210 mm<\/p>\n<\/div>\n<p><a href=\"https:\/\/www.mohorjeva.org\/wp-content\/uploads\/2024\/06\/Rivers-Francine-2024-Upanje-njene-matere-prelistaj-knjigo.pdf\">Prelistajte knjigo<\/a><\/p>\n","protected":false},"featured_media":77132,"comment_status":"open","ping_status":"closed","template":"","meta":[],"product_brand":[],"product_cat":[2325,63],"product_tag":[1687],"avtor":[2486],"zalozba":[2337],"vezava":[2306],"class_list":{"0":"post-77128","1":"product","2":"type-product","3":"status-publish","4":"has-post-thumbnail","6":"product_cat-leposlovje","7":"product_cat-knjige","8":"product_tag-rojstni-dan","9":"avtor-francine-rivers","10":"zalozba-celjska-mohorjeva-druzba","11":"vezava-trda","13":"first","14":"instock","15":"taxable","16":"shipping-taxable","17":"purchasable","18":"product-type-simple"},"yoast_head":"<!-- This site is optimized with the Yoast SEO plugin v26.3 - https:\/\/yoast.com\/wordpress\/plugins\/seo\/ -->\n<title>Upanje njene matere- trgovina Iskreni<\/title>\n<meta name=\"description\" content=\"Martina zgodba odkriva ognjevito \u017eensko, ki blizu preloma dvajsetega stoletja zapusti \u0160vico, da bi si ustvarila bolj\u0161e \u017eivljenje. Na pot jo vodita odlo\u010den materin blagoslov in trdna namera izpolniti njeno upanje.\" \/>\n<meta name=\"robots\" content=\"index, follow, max-snippet:-1, max-image-preview:large, max-video-preview:-1\" \/>\n<link rel=\"canonical\" href=\"https:\/\/www.iskreni.net\/trgovina\/product\/upanje-njene-matere\/\" \/>\n<meta property=\"og:locale\" content=\"sl_SI\" \/>\n<meta property=\"og:type\" content=\"article\" \/>\n<meta property=\"og:title\" content=\"Upanje njene matere\" \/>\n<meta property=\"og:description\" content=\"Martina zgodba odkriva ognjevito \u017eensko, ki blizu preloma dvajsetega stoletja zapusti \u0160vico, da bi si ustvarila bolj\u0161e \u017eivljenje. Na pot jo vodita odlo\u010den materin blagoslov in trdna namera izpolniti njeno upanje.\" \/>\n<meta property=\"og:url\" content=\"https:\/\/www.iskreni.net\/trgovina\/product\/upanje-njene-matere\/\" \/>\n<meta property=\"og:site_name\" content=\"Zavod Iskreni\" \/>\n<meta property=\"article:modified_time\" content=\"2024-07-26T12:22:33+00:00\" \/>\n<meta property=\"og:image\" content=\"https:\/\/www.iskreni.net\/trgovina\/wp-content\/uploads\/2024\/06\/Slike-za-v-spletno-trgovino-2024-06-28T104107.452.jpg\" \/>\n\t<meta property=\"og:image:width\" content=\"600\" \/>\n\t<meta property=\"og:image:height\" content=\"600\" \/>\n\t<meta property=\"og:image:type\" content=\"image\/jpeg\" \/>\n<meta name=\"twitter:card\" content=\"summary_large_image\" \/>\n<meta name=\"twitter:label1\" content=\"Est. reading time\" \/>\n\t<meta name=\"twitter:data1\" content=\"4 minute\" \/>\n<script type=\"application\/ld+json\" class=\"yoast-schema-graph\">{\"@context\":\"https:\/\/schema.org\",\"@graph\":[{\"@type\":\"WebPage\",\"@id\":\"https:\/\/www.iskreni.net\/trgovina\/product\/upanje-njene-matere\/\",\"url\":\"https:\/\/www.iskreni.net\/trgovina\/product\/upanje-njene-matere\/\",\"name\":\"Upanje njene matere- trgovina Iskreni\",\"isPartOf\":{\"@id\":\"https:\/\/www.iskreni.net\/trgovina\/#website\"},\"primaryImageOfPage\":{\"@id\":\"https:\/\/www.iskreni.net\/trgovina\/product\/upanje-njene-matere\/#primaryimage\"},\"image\":{\"@id\":\"https:\/\/www.iskreni.net\/trgovina\/product\/upanje-njene-matere\/#primaryimage\"},\"thumbnailUrl\":\"https:\/\/www.iskreni.net\/trgovina\/wp-content\/uploads\/2024\/06\/Slike-za-v-spletno-trgovino-2024-06-28T104107.452.jpg\",\"datePublished\":\"2024-06-28T08:41:26+00:00\",\"dateModified\":\"2024-07-26T12:22:33+00:00\",\"description\":\"Martina zgodba odkriva ognjevito \u017eensko, ki blizu preloma dvajsetega stoletja zapusti \u0160vico, da bi si ustvarila bolj\u0161e \u017eivljenje. Na pot jo vodita odlo\u010den materin blagoslov in trdna namera izpolniti njeno upanje.\",\"breadcrumb\":{\"@id\":\"https:\/\/www.iskreni.net\/trgovina\/product\/upanje-njene-matere\/#breadcrumb\"},\"inLanguage\":\"sl-SI\",\"potentialAction\":[{\"@type\":\"ReadAction\",\"target\":[\"https:\/\/www.iskreni.net\/trgovina\/product\/upanje-njene-matere\/\"]}]},{\"@type\":\"ImageObject\",\"inLanguage\":\"sl-SI\",\"@id\":\"https:\/\/www.iskreni.net\/trgovina\/product\/upanje-njene-matere\/#primaryimage\",\"url\":\"https:\/\/www.iskreni.net\/trgovina\/wp-content\/uploads\/2024\/06\/Slike-za-v-spletno-trgovino-2024-06-28T104107.452.jpg\",\"contentUrl\":\"https:\/\/www.iskreni.net\/trgovina\/wp-content\/uploads\/2024\/06\/Slike-za-v-spletno-trgovino-2024-06-28T104107.452.jpg\",\"width\":600,\"height\":600},{\"@type\":\"BreadcrumbList\",\"@id\":\"https:\/\/www.iskreni.net\/trgovina\/product\/upanje-njene-matere\/#breadcrumb\",\"itemListElement\":[{\"@type\":\"ListItem\",\"position\":1,\"name\":\"Home\",\"item\":\"https:\/\/www.iskreni.net\/trgovina\/\"},{\"@type\":\"ListItem\",\"position\":2,\"name\":\"Trgovina\",\"item\":\"https:\/\/www.iskreni.net\/trgovina\/trgovina\/\"},{\"@type\":\"ListItem\",\"position\":3,\"name\":\"Upanje njene matere\"}]},{\"@type\":\"WebSite\",\"@id\":\"https:\/\/www.iskreni.net\/trgovina\/#website\",\"url\":\"https:\/\/www.iskreni.net\/trgovina\/\",\"name\":\"Zavod Iskreni\",\"description\":\"trgovina\",\"potentialAction\":[{\"@type\":\"SearchAction\",\"target\":{\"@type\":\"EntryPoint\",\"urlTemplate\":\"https:\/\/www.iskreni.net\/trgovina\/?s={search_term_string}\"},\"query-input\":{\"@type\":\"PropertyValueSpecification\",\"valueRequired\":true,\"valueName\":\"search_term_string\"}}],\"inLanguage\":\"sl-SI\"}]}<\/script>\n<!-- \/ Yoast SEO plugin. -->","yoast_head_json":{"title":"Upanje njene matere- trgovina Iskreni","description":"Martina zgodba odkriva ognjevito \u017eensko, ki blizu preloma dvajsetega stoletja zapusti \u0160vico, da bi si ustvarila bolj\u0161e \u017eivljenje. Na pot jo vodita odlo\u010den materin blagoslov in trdna namera izpolniti njeno upanje.","robots":{"index":"index","follow":"follow","max-snippet":"max-snippet:-1","max-image-preview":"max-image-preview:large","max-video-preview":"max-video-preview:-1"},"canonical":"https:\/\/www.iskreni.net\/trgovina\/product\/upanje-njene-matere\/","og_locale":"sl_SI","og_type":"article","og_title":"Upanje njene matere","og_description":"Martina zgodba odkriva ognjevito \u017eensko, ki blizu preloma dvajsetega stoletja zapusti \u0160vico, da bi si ustvarila bolj\u0161e \u017eivljenje. Na pot jo vodita odlo\u010den materin blagoslov in trdna namera izpolniti njeno upanje.","og_url":"https:\/\/www.iskreni.net\/trgovina\/product\/upanje-njene-matere\/","og_site_name":"Zavod Iskreni","article_modified_time":"2024-07-26T12:22:33+00:00","og_image":[{"width":600,"height":600,"url":"https:\/\/www.iskreni.net\/trgovina\/wp-content\/uploads\/2024\/06\/Slike-za-v-spletno-trgovino-2024-06-28T104107.452.jpg","type":"image\/jpeg"}],"twitter_card":"summary_large_image","twitter_misc":{"Est. reading time":"4 minute"},"schema":{"@context":"https:\/\/schema.org","@graph":[{"@type":"WebPage","@id":"https:\/\/www.iskreni.net\/trgovina\/product\/upanje-njene-matere\/","url":"https:\/\/www.iskreni.net\/trgovina\/product\/upanje-njene-matere\/","name":"Upanje njene matere- trgovina Iskreni","isPartOf":{"@id":"https:\/\/www.iskreni.net\/trgovina\/#website"},"primaryImageOfPage":{"@id":"https:\/\/www.iskreni.net\/trgovina\/product\/upanje-njene-matere\/#primaryimage"},"image":{"@id":"https:\/\/www.iskreni.net\/trgovina\/product\/upanje-njene-matere\/#primaryimage"},"thumbnailUrl":"https:\/\/www.iskreni.net\/trgovina\/wp-content\/uploads\/2024\/06\/Slike-za-v-spletno-trgovino-2024-06-28T104107.452.jpg","datePublished":"2024-06-28T08:41:26+00:00","dateModified":"2024-07-26T12:22:33+00:00","description":"Martina zgodba odkriva ognjevito \u017eensko, ki blizu preloma dvajsetega stoletja zapusti \u0160vico, da bi si ustvarila bolj\u0161e \u017eivljenje. Na pot jo vodita odlo\u010den materin blagoslov in trdna namera izpolniti njeno upanje.","breadcrumb":{"@id":"https:\/\/www.iskreni.net\/trgovina\/product\/upanje-njene-matere\/#breadcrumb"},"inLanguage":"sl-SI","potentialAction":[{"@type":"ReadAction","target":["https:\/\/www.iskreni.net\/trgovina\/product\/upanje-njene-matere\/"]}]},{"@type":"ImageObject","inLanguage":"sl-SI","@id":"https:\/\/www.iskreni.net\/trgovina\/product\/upanje-njene-matere\/#primaryimage","url":"https:\/\/www.iskreni.net\/trgovina\/wp-content\/uploads\/2024\/06\/Slike-za-v-spletno-trgovino-2024-06-28T104107.452.jpg","contentUrl":"https:\/\/www.iskreni.net\/trgovina\/wp-content\/uploads\/2024\/06\/Slike-za-v-spletno-trgovino-2024-06-28T104107.452.jpg","width":600,"height":600},{"@type":"BreadcrumbList","@id":"https:\/\/www.iskreni.net\/trgovina\/product\/upanje-njene-matere\/#breadcrumb","itemListElement":[{"@type":"ListItem","position":1,"name":"Home","item":"https:\/\/www.iskreni.net\/trgovina\/"},{"@type":"ListItem","position":2,"name":"Trgovina","item":"https:\/\/www.iskreni.net\/trgovina\/trgovina\/"},{"@type":"ListItem","position":3,"name":"Upanje njene matere"}]},{"@type":"WebSite","@id":"https:\/\/www.iskreni.net\/trgovina\/#website","url":"https:\/\/www.iskreni.net\/trgovina\/","name":"Zavod Iskreni","description":"trgovina","potentialAction":[{"@type":"SearchAction","target":{"@type":"EntryPoint","urlTemplate":"https:\/\/www.iskreni.net\/trgovina\/?s={search_term_string}"},"query-input":{"@type":"PropertyValueSpecification","valueRequired":true,"valueName":"search_term_string"}}],"inLanguage":"sl-SI"}]}},"_links":{"self":[{"href":"https:\/\/www.iskreni.net\/trgovina\/wp-json\/wp\/v2\/product\/77128","targetHints":{"allow":["GET"]}}],"collection":[{"href":"https:\/\/www.iskreni.net\/trgovina\/wp-json\/wp\/v2\/product"}],"about":[{"href":"https:\/\/www.iskreni.net\/trgovina\/wp-json\/wp\/v2\/types\/product"}],"replies":[{"embeddable":true,"href":"https:\/\/www.iskreni.net\/trgovina\/wp-json\/wp\/v2\/comments?post=77128"}],"version-history":[{"count":2,"href":"https:\/\/www.iskreni.net\/trgovina\/wp-json\/wp\/v2\/product\/77128\/revisions"}],"predecessor-version":[{"id":77133,"href":"https:\/\/www.iskreni.net\/trgovina\/wp-json\/wp\/v2\/product\/77128\/revisions\/77133"}],"wp:featuredmedia":[{"embeddable":true,"href":"https:\/\/www.iskreni.net\/trgovina\/wp-json\/wp\/v2\/media\/77132"}],"wp:attachment":[{"href":"https:\/\/www.iskreni.net\/trgovina\/wp-json\/wp\/v2\/media?parent=77128"}],"wp:term":[{"taxonomy":"product_brand","embeddable":true,"href":"https:\/\/www.iskreni.net\/trgovina\/wp-json\/wp\/v2\/product_brand?post=77128"},{"taxonomy":"product_cat","embeddable":true,"href":"https:\/\/www.iskreni.net\/trgovina\/wp-json\/wp\/v2\/product_cat?post=77128"},{"taxonomy":"product_tag","embeddable":true,"href":"https:\/\/www.iskreni.net\/trgovina\/wp-json\/wp\/v2\/product_tag?post=77128"},{"taxonomy":"avtor","embeddable":true,"href":"https:\/\/www.iskreni.net\/trgovina\/wp-json\/wp\/v2\/avtor?post=77128"},{"taxonomy":"zalozba","embeddable":true,"href":"https:\/\/www.iskreni.net\/trgovina\/wp-json\/wp\/v2\/zalozba?post=77128"},{"taxonomy":"vezava","embeddable":true,"href":"https:\/\/www.iskreni.net\/trgovina\/wp-json\/wp\/v2\/vezava?post=77128"}],"curies":[{"name":"wp","href":"https:\/\/api.w.org\/{rel}","templated":true}]}}