{"id":7698,"date":"2020-03-23T13:47:51","date_gmt":"2020-03-23T12:47:51","guid":{"rendered":"https:\/\/www.iskreni.net\/trgovina\/?post_type=product&#038;p=7698"},"modified":"2026-04-20T14:25:20","modified_gmt":"2026-04-20T12:25:20","slug":"vlozek-s-krilci-bombaz-velikost-s","status":"publish","type":"product","link":"https:\/\/www.iskreni.net\/trgovina\/product\/vlozek-s-krilci-bombaz-velikost-s\/","title":{"rendered":"Vlo\u017eek s krilci S"},"content":{"rendered":"<h4>Opis:<\/h4>\n<ul>\n<li>pralni vlo\u017eki Racman imajo krilca in pritiska\u010de za pritrditev na spodnjice<\/li>\n<li>spodnja plast je nepremo\u010dljiva<\/li>\n<li>lahko se perejo na\u00a095\u00a0<sup>o<\/sup>C in ne obarvajo belega perila<\/li>\n<li>dol\u017eina: XL 28 cm, L 27 cm, M 22 cm in S 18 cm<\/li>\n<\/ul>\n<h4>Material:<\/h4>\n<ul>\n<li><strong>zgornja plast:\u00a0<\/strong>95 % bomba\u017e, 5 % elastan (material ima ima certifikat Oeko-Tex\u00ae Standard 100)<\/li>\n<li><strong>vmesne plasti:<\/strong>\u00a077 %\u00a0viskoza (bambus), 23 % poliester<strong>\u00a0<\/strong>(material je izdelan v Sloveniji in ima certifikat Oeko-Tex\u00ae Standard 100, razred 1)<\/li>\n<li><strong>spodnja plast:<\/strong>\u00a070 % bomba\u017e, 30 % poliester, poliuretanski premaz (material je izdelan v Nem\u010diji in ima certifikat Oeko-Tex\u00ae Standard 100, razred 1, neprepustnost vode po DIN 208011: 3000 mm, propustnost vodne pare po DIN 53122\/klima B: pribl. 500 g\/m2d, brez PVC in formaldehida)<\/li>\n<\/ul>\n<h4>Vzdr\u017eevanje:<\/h4>\n<ul>\n<li>deklarirano za temperaturo pranja pri 95\u00a0<sup>o<\/sup>C<\/li>\n<li>lahko se su\u0161ijo v su\u0161ilnem stroju<\/li>\n<li>ne obarvajo belega perila<\/li>\n<\/ul>\n<h4>Uporaba:<\/h4>\n<ul>\n<li>za menstruacijo, poporodne krvavitve ali bla\u017ejo urinsko inkontinenco<\/li>\n<li>manj\u0161i tudi po spolnem odnosu, v kombinaciji z menstrualno skodelico ter za vsakodnevno uporabo<\/li>\n<\/ul>\n","protected":false},"excerpt":{"rendered":"<p><b>Vlo\u017eek s krilci iz bomba\u017ea in z nepremo\u010dljivo plastjo<\/b> je odli\u010dna alternativa vlo\u017ekom in tamponom za enkratno uporabo, prijazna do va\u0161e denarnice, telesa, pa tudi do na\u0161ega planeta.<\/p>\n","protected":false},"featured_media":40980,"comment_status":"open","ping_status":"closed","template":"","meta":[],"product_brand":[],"product_cat":[83,84],"product_tag":[1536,926],"avtor":[],"zalozba":[],"vezava":[],"class_list":{"0":"post-7698","1":"product","2":"type-product","3":"status-publish","4":"has-post-thumbnail","6":"product_cat-izdelki-za-menstruacijo","7":"product_cat-pralni-vlozki","8":"product_tag-dom-brez-odpadkov","9":"product_tag-pralni-vlozki","11":"first","12":"instock","13":"taxable","14":"shipping-taxable","15":"purchasable","16":"product-type-simple"},"yoast_head":"<!-- This site is optimized with the Yoast SEO plugin v26.3 - https:\/\/yoast.com\/wordpress\/plugins\/seo\/ -->\n<title>Vlo\u017eek s krilci S - trgovina Iskreni<\/title>\n<meta name=\"description\" content=\"Vlo\u017eek s krilci iz bomba\u017ea in je odli\u010dna alternativa vlo\u017ekom in tamponom za enkratno uporabo, prijazna do denarnice, telesa, pa tudi do planeta.\" \/>\n<meta name=\"robots\" content=\"index, follow, max-snippet:-1, max-image-preview:large, max-video-preview:-1\" \/>\n<link rel=\"canonical\" href=\"https:\/\/www.iskreni.net\/trgovina\/product\/vlozek-s-krilci-bombaz-velikost-s\/\" \/>\n<meta property=\"og:locale\" content=\"sl_SI\" \/>\n<meta property=\"og:type\" content=\"article\" \/>\n<meta property=\"og:title\" content=\"Vlo\u017eek s krilci S - trgovina Iskreni\" \/>\n<meta property=\"og:description\" content=\"Vlo\u017eek s krilci iz bomba\u017ea in je odli\u010dna alternativa vlo\u017ekom in tamponom za enkratno uporabo, prijazna do denarnice, telesa, pa tudi do planeta.\" \/>\n<meta property=\"og:url\" content=\"https:\/\/www.iskreni.net\/trgovina\/product\/vlozek-s-krilci-bombaz-velikost-s\/\" \/>\n<meta property=\"og:site_name\" content=\"Zavod Iskreni\" \/>\n<meta property=\"article:modified_time\" content=\"2026-04-20T12:25:20+00:00\" \/>\n<meta property=\"og:image\" content=\"https:\/\/www.iskreni.net\/trgovina\/wp-content\/uploads\/2021\/05\/Ples-rozic-2.jpeg\" \/>\n\t<meta property=\"og:image:width\" content=\"370\" \/>\n\t<meta property=\"og:image:height\" content=\"370\" \/>\n\t<meta property=\"og:image:type\" content=\"image\/jpeg\" \/>\n<meta name=\"twitter:card\" content=\"summary_large_image\" \/>\n<meta name=\"twitter:label1\" content=\"Est. reading time\" \/>\n\t<meta name=\"twitter:data1\" content=\"2 minuti\" \/>\n<script type=\"application\/ld+json\" class=\"yoast-schema-graph\">{\"@context\":\"https:\/\/schema.org\",\"@graph\":[{\"@type\":\"WebPage\",\"@id\":\"https:\/\/www.iskreni.net\/trgovina\/product\/vlozek-s-krilci-bombaz-velikost-s\/\",\"url\":\"https:\/\/www.iskreni.net\/trgovina\/product\/vlozek-s-krilci-bombaz-velikost-s\/\",\"name\":\"Vlo\u017eek s krilci S - trgovina Iskreni\",\"isPartOf\":{\"@id\":\"https:\/\/www.iskreni.net\/trgovina\/#website\"},\"primaryImageOfPage\":{\"@id\":\"https:\/\/www.iskreni.net\/trgovina\/product\/vlozek-s-krilci-bombaz-velikost-s\/#primaryimage\"},\"image\":{\"@id\":\"https:\/\/www.iskreni.net\/trgovina\/product\/vlozek-s-krilci-bombaz-velikost-s\/#primaryimage\"},\"thumbnailUrl\":\"https:\/\/www.iskreni.net\/trgovina\/wp-content\/uploads\/2021\/05\/Ples-rozic-2.jpeg\",\"datePublished\":\"2020-03-23T12:47:51+00:00\",\"dateModified\":\"2026-04-20T12:25:20+00:00\",\"description\":\"Vlo\u017eek s krilci iz bomba\u017ea in je odli\u010dna alternativa vlo\u017ekom in tamponom za enkratno uporabo, prijazna do denarnice, telesa, pa tudi do planeta.\",\"breadcrumb\":{\"@id\":\"https:\/\/www.iskreni.net\/trgovina\/product\/vlozek-s-krilci-bombaz-velikost-s\/#breadcrumb\"},\"inLanguage\":\"sl-SI\",\"potentialAction\":[{\"@type\":\"ReadAction\",\"target\":[\"https:\/\/www.iskreni.net\/trgovina\/product\/vlozek-s-krilci-bombaz-velikost-s\/\"]}]},{\"@type\":\"ImageObject\",\"inLanguage\":\"sl-SI\",\"@id\":\"https:\/\/www.iskreni.net\/trgovina\/product\/vlozek-s-krilci-bombaz-velikost-s\/#primaryimage\",\"url\":\"https:\/\/www.iskreni.net\/trgovina\/wp-content\/uploads\/2021\/05\/Ples-rozic-2.jpeg\",\"contentUrl\":\"https:\/\/www.iskreni.net\/trgovina\/wp-content\/uploads\/2021\/05\/Ples-rozic-2.jpeg\",\"width\":370,\"height\":370},{\"@type\":\"BreadcrumbList\",\"@id\":\"https:\/\/www.iskreni.net\/trgovina\/product\/vlozek-s-krilci-bombaz-velikost-s\/#breadcrumb\",\"itemListElement\":[{\"@type\":\"ListItem\",\"position\":1,\"name\":\"Home\",\"item\":\"https:\/\/www.iskreni.net\/trgovina\/\"},{\"@type\":\"ListItem\",\"position\":2,\"name\":\"Trgovina\",\"item\":\"https:\/\/www.iskreni.net\/trgovina\/trgovina\/\"},{\"@type\":\"ListItem\",\"position\":3,\"name\":\"Vlo\u017eek s krilci S\"}]},{\"@type\":\"WebSite\",\"@id\":\"https:\/\/www.iskreni.net\/trgovina\/#website\",\"url\":\"https:\/\/www.iskreni.net\/trgovina\/\",\"name\":\"Zavod Iskreni\",\"description\":\"trgovina\",\"potentialAction\":[{\"@type\":\"SearchAction\",\"target\":{\"@type\":\"EntryPoint\",\"urlTemplate\":\"https:\/\/www.iskreni.net\/trgovina\/?s={search_term_string}\"},\"query-input\":{\"@type\":\"PropertyValueSpecification\",\"valueRequired\":true,\"valueName\":\"search_term_string\"}}],\"inLanguage\":\"sl-SI\"}]}<\/script>\n<!-- \/ Yoast SEO plugin. -->","yoast_head_json":{"title":"Vlo\u017eek s krilci S - trgovina Iskreni","description":"Vlo\u017eek s krilci iz bomba\u017ea in je odli\u010dna alternativa vlo\u017ekom in tamponom za enkratno uporabo, prijazna do denarnice, telesa, pa tudi do planeta.","robots":{"index":"index","follow":"follow","max-snippet":"max-snippet:-1","max-image-preview":"max-image-preview:large","max-video-preview":"max-video-preview:-1"},"canonical":"https:\/\/www.iskreni.net\/trgovina\/product\/vlozek-s-krilci-bombaz-velikost-s\/","og_locale":"sl_SI","og_type":"article","og_title":"Vlo\u017eek s krilci S - trgovina Iskreni","og_description":"Vlo\u017eek s krilci iz bomba\u017ea in je odli\u010dna alternativa vlo\u017ekom in tamponom za enkratno uporabo, prijazna do denarnice, telesa, pa tudi do planeta.","og_url":"https:\/\/www.iskreni.net\/trgovina\/product\/vlozek-s-krilci-bombaz-velikost-s\/","og_site_name":"Zavod Iskreni","article_modified_time":"2026-04-20T12:25:20+00:00","og_image":[{"width":370,"height":370,"url":"https:\/\/www.iskreni.net\/trgovina\/wp-content\/uploads\/2021\/05\/Ples-rozic-2.jpeg","type":"image\/jpeg"}],"twitter_card":"summary_large_image","twitter_misc":{"Est. reading time":"2 minuti"},"schema":{"@context":"https:\/\/schema.org","@graph":[{"@type":"WebPage","@id":"https:\/\/www.iskreni.net\/trgovina\/product\/vlozek-s-krilci-bombaz-velikost-s\/","url":"https:\/\/www.iskreni.net\/trgovina\/product\/vlozek-s-krilci-bombaz-velikost-s\/","name":"Vlo\u017eek s krilci S - trgovina Iskreni","isPartOf":{"@id":"https:\/\/www.iskreni.net\/trgovina\/#website"},"primaryImageOfPage":{"@id":"https:\/\/www.iskreni.net\/trgovina\/product\/vlozek-s-krilci-bombaz-velikost-s\/#primaryimage"},"image":{"@id":"https:\/\/www.iskreni.net\/trgovina\/product\/vlozek-s-krilci-bombaz-velikost-s\/#primaryimage"},"thumbnailUrl":"https:\/\/www.iskreni.net\/trgovina\/wp-content\/uploads\/2021\/05\/Ples-rozic-2.jpeg","datePublished":"2020-03-23T12:47:51+00:00","dateModified":"2026-04-20T12:25:20+00:00","description":"Vlo\u017eek s krilci iz bomba\u017ea in je odli\u010dna alternativa vlo\u017ekom in tamponom za enkratno uporabo, prijazna do denarnice, telesa, pa tudi do planeta.","breadcrumb":{"@id":"https:\/\/www.iskreni.net\/trgovina\/product\/vlozek-s-krilci-bombaz-velikost-s\/#breadcrumb"},"inLanguage":"sl-SI","potentialAction":[{"@type":"ReadAction","target":["https:\/\/www.iskreni.net\/trgovina\/product\/vlozek-s-krilci-bombaz-velikost-s\/"]}]},{"@type":"ImageObject","inLanguage":"sl-SI","@id":"https:\/\/www.iskreni.net\/trgovina\/product\/vlozek-s-krilci-bombaz-velikost-s\/#primaryimage","url":"https:\/\/www.iskreni.net\/trgovina\/wp-content\/uploads\/2021\/05\/Ples-rozic-2.jpeg","contentUrl":"https:\/\/www.iskreni.net\/trgovina\/wp-content\/uploads\/2021\/05\/Ples-rozic-2.jpeg","width":370,"height":370},{"@type":"BreadcrumbList","@id":"https:\/\/www.iskreni.net\/trgovina\/product\/vlozek-s-krilci-bombaz-velikost-s\/#breadcrumb","itemListElement":[{"@type":"ListItem","position":1,"name":"Home","item":"https:\/\/www.iskreni.net\/trgovina\/"},{"@type":"ListItem","position":2,"name":"Trgovina","item":"https:\/\/www.iskreni.net\/trgovina\/trgovina\/"},{"@type":"ListItem","position":3,"name":"Vlo\u017eek s krilci S"}]},{"@type":"WebSite","@id":"https:\/\/www.iskreni.net\/trgovina\/#website","url":"https:\/\/www.iskreni.net\/trgovina\/","name":"Zavod Iskreni","description":"trgovina","potentialAction":[{"@type":"SearchAction","target":{"@type":"EntryPoint","urlTemplate":"https:\/\/www.iskreni.net\/trgovina\/?s={search_term_string}"},"query-input":{"@type":"PropertyValueSpecification","valueRequired":true,"valueName":"search_term_string"}}],"inLanguage":"sl-SI"}]}},"_links":{"self":[{"href":"https:\/\/www.iskreni.net\/trgovina\/wp-json\/wp\/v2\/product\/7698","targetHints":{"allow":["GET"]}}],"collection":[{"href":"https:\/\/www.iskreni.net\/trgovina\/wp-json\/wp\/v2\/product"}],"about":[{"href":"https:\/\/www.iskreni.net\/trgovina\/wp-json\/wp\/v2\/types\/product"}],"replies":[{"embeddable":true,"href":"https:\/\/www.iskreni.net\/trgovina\/wp-json\/wp\/v2\/comments?post=7698"}],"version-history":[{"count":3,"href":"https:\/\/www.iskreni.net\/trgovina\/wp-json\/wp\/v2\/product\/7698\/revisions"}],"predecessor-version":[{"id":64908,"href":"https:\/\/www.iskreni.net\/trgovina\/wp-json\/wp\/v2\/product\/7698\/revisions\/64908"}],"wp:featuredmedia":[{"embeddable":true,"href":"https:\/\/www.iskreni.net\/trgovina\/wp-json\/wp\/v2\/media\/40980"}],"wp:attachment":[{"href":"https:\/\/www.iskreni.net\/trgovina\/wp-json\/wp\/v2\/media?parent=7698"}],"wp:term":[{"taxonomy":"product_brand","embeddable":true,"href":"https:\/\/www.iskreni.net\/trgovina\/wp-json\/wp\/v2\/product_brand?post=7698"},{"taxonomy":"product_cat","embeddable":true,"href":"https:\/\/www.iskreni.net\/trgovina\/wp-json\/wp\/v2\/product_cat?post=7698"},{"taxonomy":"product_tag","embeddable":true,"href":"https:\/\/www.iskreni.net\/trgovina\/wp-json\/wp\/v2\/product_tag?post=7698"},{"taxonomy":"avtor","embeddable":true,"href":"https:\/\/www.iskreni.net\/trgovina\/wp-json\/wp\/v2\/avtor?post=7698"},{"taxonomy":"zalozba","embeddable":true,"href":"https:\/\/www.iskreni.net\/trgovina\/wp-json\/wp\/v2\/zalozba?post=7698"},{"taxonomy":"vezava","embeddable":true,"href":"https:\/\/www.iskreni.net\/trgovina\/wp-json\/wp\/v2\/vezava?post=7698"}],"curies":[{"name":"wp","href":"https:\/\/api.w.org\/{rel}","templated":true}]}}