{"id":76743,"date":"2024-06-24T13:55:57","date_gmt":"2024-06-24T11:55:57","guid":{"rendered":"https:\/\/www.iskreni.net\/trgovina\/?post_type=product&#038;p=76743"},"modified":"2025-12-01T11:53:31","modified_gmt":"2025-12-01T10:53:31","slug":"mali-volk-in-njegove-pustolovscine-1-del","status":"publish","type":"product","link":"https:\/\/www.iskreni.net\/trgovina\/product\/mali-volk-in-njegove-pustolovscine-1-del\/","title":{"rendered":"Mali volk in njegove pustolov\u0161\u010dine 1.del"},"content":{"rendered":"<h4>O knjigi Mali volk in njegove pustolov\u0161\u010dine 1.del:<\/h4>\n<p><strong>Prvi del: Sre\u010danje in druge zgodbe<\/strong><\/p>\n<p>V \u010dasu vitezov in gradov je \u017eivel mladi trubadur pustolovskega srca \u2013 Mali volk.<\/p>\n<p>Pogumni Mali volk ni poznal matere in o\u010deta ter je sam \u017eivel v 13. stoletju v Italiji. Med potepanjem po svetu je spoznal sv. Fran\u010di\u0161ka Asi\u0161kega in njegovega prijatelja brata Volka. Tedaj se je zanj pri\u010delo novo, vznemirljivo \u017eivljenje, polno dogodiv\u0161\u010din in mladostne razposajenosti. Toda Mali volk se je vedno trudil, da bi delal dobro, pomagal ljudem in z igranjem na lutnjo lep\u0161al svet.<\/p>\n<p>Strip z barvitimi ilustracijami odpelje bralce na vznemirljivo pustolov\u0161\u010dino odra\u0161\u010danja v srednjem veku, ki se zdi pogosto zelo podobna izzivom odra\u0161\u010danja v dana\u0161njem \u010dasu. Zgodba bo zagotovo zabavala mlade bralce, toda ne samo to \u2013 semena vere, upanja in dobrote, ki so pognala krepke korenine v \u017eivljenju Malega volka, bodo morda zrasla tudi v njihovih srcih.<\/p>\n<h4>O avtorju:<\/h4>\n<p>Jean-Fran\u00e7ois Kieffer se je rodil leta 1957 in ima \u0161tiri otroke. \u017de ve\u010d let pi\u0161e in ustvarja otro\u0161ke knjige. Za stripe o Malem volku in njegovih dogodiv\u0161\u010dinah je prejel \u0161tevilne nagrade in priznanja, med drugim francosko nagrado za otro\u0161ko versko leposlovje<\/p>\n<p>&nbsp;<\/p>\n","protected":false},"excerpt":{"rendered":"<p><strong>Avtor prevoda:<\/strong> Sonja Ben\u010dina<br \/>\n<strong>Leto izdaje:<\/strong> 2013<br \/>\n<strong>\u0160tevilo strani:<\/strong> 46<br \/>\n<strong>Mere:<\/strong> 225 x 297 mm<\/p>\n<p><a href=\"https:\/\/www.druzina.si\/storage\/app\/media\/ProductFiles\/mali-volk-in-njegove-pustolovscine-1del.pdf\">Prelistajte knjigo<\/a><\/p>\n","protected":false},"featured_media":76745,"comment_status":"open","ping_status":"closed","template":"","meta":[],"product_brand":[],"product_cat":[63,135],"product_tag":[1687],"avtor":[2810],"zalozba":[2311],"vezava":[2306],"class_list":{"0":"post-76743","1":"product","2":"type-product","3":"status-publish","4":"has-post-thumbnail","6":"product_cat-knjige","7":"product_cat-za-otroke","8":"product_tag-rojstni-dan","9":"avtor-jean-francois-kieffer","10":"zalozba-druzina","11":"vezava-trda","13":"first","14":"instock","15":"taxable","16":"shipping-taxable","17":"purchasable","18":"product-type-simple"},"yoast_head":"<!-- This site is optimized with the Yoast SEO plugin v26.3 - https:\/\/yoast.com\/wordpress\/plugins\/seo\/ -->\n<title>Mali volk in njegove pustolov\u0161\u010dine 1.del - iskreni<\/title>\n<meta name=\"description\" content=\"Pogumni Mali volk ni poznal matere in o\u010deta ter je \u017eivel sam v 13. st. v Italiji. Med potepanjem je spoznal sv. Fran\u010di\u0161ka.\" \/>\n<meta name=\"robots\" content=\"index, follow, max-snippet:-1, max-image-preview:large, max-video-preview:-1\" \/>\n<link rel=\"canonical\" href=\"https:\/\/www.iskreni.net\/trgovina\/product\/mali-volk-in-njegove-pustolovscine-1-del\/\" \/>\n<meta property=\"og:locale\" content=\"sl_SI\" \/>\n<meta property=\"og:type\" content=\"article\" \/>\n<meta property=\"og:title\" content=\"Mali volk in njegove pustolov\u0161\u010dine 1.del\" \/>\n<meta property=\"og:description\" content=\"Pogumni Mali volk ni poznal matere in o\u010deta ter je \u017eivel sam v 13. st. v Italiji. Med potepanjem je spoznal sv. Fran\u010di\u0161ka.\" \/>\n<meta property=\"og:url\" content=\"https:\/\/www.iskreni.net\/trgovina\/product\/mali-volk-in-njegove-pustolovscine-1-del\/\" \/>\n<meta property=\"og:site_name\" content=\"Zavod Iskreni\" \/>\n<meta property=\"article:modified_time\" content=\"2025-12-01T10:53:31+00:00\" \/>\n<meta property=\"og:image\" content=\"https:\/\/www.iskreni.net\/trgovina\/wp-content\/uploads\/2024\/06\/Slike-za-v-spletno-trgovino-2024-06-24T135524.930.jpg\" \/>\n\t<meta property=\"og:image:width\" content=\"600\" \/>\n\t<meta property=\"og:image:height\" content=\"600\" \/>\n\t<meta property=\"og:image:type\" content=\"image\/jpeg\" \/>\n<meta name=\"twitter:card\" content=\"summary_large_image\" \/>\n<meta name=\"twitter:label1\" content=\"Est. reading time\" \/>\n\t<meta name=\"twitter:data1\" content=\"2 minuti\" \/>\n<script type=\"application\/ld+json\" class=\"yoast-schema-graph\">{\"@context\":\"https:\/\/schema.org\",\"@graph\":[{\"@type\":\"WebPage\",\"@id\":\"https:\/\/www.iskreni.net\/trgovina\/product\/mali-volk-in-njegove-pustolovscine-1-del\/\",\"url\":\"https:\/\/www.iskreni.net\/trgovina\/product\/mali-volk-in-njegove-pustolovscine-1-del\/\",\"name\":\"Mali volk in njegove pustolov\u0161\u010dine 1.del - iskreni\",\"isPartOf\":{\"@id\":\"https:\/\/www.iskreni.net\/trgovina\/#website\"},\"primaryImageOfPage\":{\"@id\":\"https:\/\/www.iskreni.net\/trgovina\/product\/mali-volk-in-njegove-pustolovscine-1-del\/#primaryimage\"},\"image\":{\"@id\":\"https:\/\/www.iskreni.net\/trgovina\/product\/mali-volk-in-njegove-pustolovscine-1-del\/#primaryimage\"},\"thumbnailUrl\":\"https:\/\/www.iskreni.net\/trgovina\/wp-content\/uploads\/2024\/06\/Slike-za-v-spletno-trgovino-2024-06-24T135524.930.jpg\",\"datePublished\":\"2024-06-24T11:55:57+00:00\",\"dateModified\":\"2025-12-01T10:53:31+00:00\",\"description\":\"Pogumni Mali volk ni poznal matere in o\u010deta ter je \u017eivel sam v 13. st. v Italiji. Med potepanjem je spoznal sv. Fran\u010di\u0161ka.\",\"breadcrumb\":{\"@id\":\"https:\/\/www.iskreni.net\/trgovina\/product\/mali-volk-in-njegove-pustolovscine-1-del\/#breadcrumb\"},\"inLanguage\":\"sl-SI\",\"potentialAction\":[{\"@type\":\"ReadAction\",\"target\":[\"https:\/\/www.iskreni.net\/trgovina\/product\/mali-volk-in-njegove-pustolovscine-1-del\/\"]}]},{\"@type\":\"ImageObject\",\"inLanguage\":\"sl-SI\",\"@id\":\"https:\/\/www.iskreni.net\/trgovina\/product\/mali-volk-in-njegove-pustolovscine-1-del\/#primaryimage\",\"url\":\"https:\/\/www.iskreni.net\/trgovina\/wp-content\/uploads\/2024\/06\/Slike-za-v-spletno-trgovino-2024-06-24T135524.930.jpg\",\"contentUrl\":\"https:\/\/www.iskreni.net\/trgovina\/wp-content\/uploads\/2024\/06\/Slike-za-v-spletno-trgovino-2024-06-24T135524.930.jpg\",\"width\":600,\"height\":600},{\"@type\":\"BreadcrumbList\",\"@id\":\"https:\/\/www.iskreni.net\/trgovina\/product\/mali-volk-in-njegove-pustolovscine-1-del\/#breadcrumb\",\"itemListElement\":[{\"@type\":\"ListItem\",\"position\":1,\"name\":\"Home\",\"item\":\"https:\/\/www.iskreni.net\/trgovina\/\"},{\"@type\":\"ListItem\",\"position\":2,\"name\":\"Trgovina\",\"item\":\"https:\/\/www.iskreni.net\/trgovina\/trgovina\/\"},{\"@type\":\"ListItem\",\"position\":3,\"name\":\"Mali volk in njegove pustolov\u0161\u010dine 1.del\"}]},{\"@type\":\"WebSite\",\"@id\":\"https:\/\/www.iskreni.net\/trgovina\/#website\",\"url\":\"https:\/\/www.iskreni.net\/trgovina\/\",\"name\":\"Zavod Iskreni\",\"description\":\"trgovina\",\"potentialAction\":[{\"@type\":\"SearchAction\",\"target\":{\"@type\":\"EntryPoint\",\"urlTemplate\":\"https:\/\/www.iskreni.net\/trgovina\/?s={search_term_string}\"},\"query-input\":{\"@type\":\"PropertyValueSpecification\",\"valueRequired\":true,\"valueName\":\"search_term_string\"}}],\"inLanguage\":\"sl-SI\"}]}<\/script>\n<!-- \/ Yoast SEO plugin. -->","yoast_head_json":{"title":"Mali volk in njegove pustolov\u0161\u010dine 1.del - iskreni","description":"Pogumni Mali volk ni poznal matere in o\u010deta ter je \u017eivel sam v 13. st. v Italiji. Med potepanjem je spoznal sv. Fran\u010di\u0161ka.","robots":{"index":"index","follow":"follow","max-snippet":"max-snippet:-1","max-image-preview":"max-image-preview:large","max-video-preview":"max-video-preview:-1"},"canonical":"https:\/\/www.iskreni.net\/trgovina\/product\/mali-volk-in-njegove-pustolovscine-1-del\/","og_locale":"sl_SI","og_type":"article","og_title":"Mali volk in njegove pustolov\u0161\u010dine 1.del","og_description":"Pogumni Mali volk ni poznal matere in o\u010deta ter je \u017eivel sam v 13. st. v Italiji. Med potepanjem je spoznal sv. Fran\u010di\u0161ka.","og_url":"https:\/\/www.iskreni.net\/trgovina\/product\/mali-volk-in-njegove-pustolovscine-1-del\/","og_site_name":"Zavod Iskreni","article_modified_time":"2025-12-01T10:53:31+00:00","og_image":[{"width":600,"height":600,"url":"https:\/\/www.iskreni.net\/trgovina\/wp-content\/uploads\/2024\/06\/Slike-za-v-spletno-trgovino-2024-06-24T135524.930.jpg","type":"image\/jpeg"}],"twitter_card":"summary_large_image","twitter_misc":{"Est. reading time":"2 minuti"},"schema":{"@context":"https:\/\/schema.org","@graph":[{"@type":"WebPage","@id":"https:\/\/www.iskreni.net\/trgovina\/product\/mali-volk-in-njegove-pustolovscine-1-del\/","url":"https:\/\/www.iskreni.net\/trgovina\/product\/mali-volk-in-njegove-pustolovscine-1-del\/","name":"Mali volk in njegove pustolov\u0161\u010dine 1.del - iskreni","isPartOf":{"@id":"https:\/\/www.iskreni.net\/trgovina\/#website"},"primaryImageOfPage":{"@id":"https:\/\/www.iskreni.net\/trgovina\/product\/mali-volk-in-njegove-pustolovscine-1-del\/#primaryimage"},"image":{"@id":"https:\/\/www.iskreni.net\/trgovina\/product\/mali-volk-in-njegove-pustolovscine-1-del\/#primaryimage"},"thumbnailUrl":"https:\/\/www.iskreni.net\/trgovina\/wp-content\/uploads\/2024\/06\/Slike-za-v-spletno-trgovino-2024-06-24T135524.930.jpg","datePublished":"2024-06-24T11:55:57+00:00","dateModified":"2025-12-01T10:53:31+00:00","description":"Pogumni Mali volk ni poznal matere in o\u010deta ter je \u017eivel sam v 13. st. v Italiji. Med potepanjem je spoznal sv. Fran\u010di\u0161ka.","breadcrumb":{"@id":"https:\/\/www.iskreni.net\/trgovina\/product\/mali-volk-in-njegove-pustolovscine-1-del\/#breadcrumb"},"inLanguage":"sl-SI","potentialAction":[{"@type":"ReadAction","target":["https:\/\/www.iskreni.net\/trgovina\/product\/mali-volk-in-njegove-pustolovscine-1-del\/"]}]},{"@type":"ImageObject","inLanguage":"sl-SI","@id":"https:\/\/www.iskreni.net\/trgovina\/product\/mali-volk-in-njegove-pustolovscine-1-del\/#primaryimage","url":"https:\/\/www.iskreni.net\/trgovina\/wp-content\/uploads\/2024\/06\/Slike-za-v-spletno-trgovino-2024-06-24T135524.930.jpg","contentUrl":"https:\/\/www.iskreni.net\/trgovina\/wp-content\/uploads\/2024\/06\/Slike-za-v-spletno-trgovino-2024-06-24T135524.930.jpg","width":600,"height":600},{"@type":"BreadcrumbList","@id":"https:\/\/www.iskreni.net\/trgovina\/product\/mali-volk-in-njegove-pustolovscine-1-del\/#breadcrumb","itemListElement":[{"@type":"ListItem","position":1,"name":"Home","item":"https:\/\/www.iskreni.net\/trgovina\/"},{"@type":"ListItem","position":2,"name":"Trgovina","item":"https:\/\/www.iskreni.net\/trgovina\/trgovina\/"},{"@type":"ListItem","position":3,"name":"Mali volk in njegove pustolov\u0161\u010dine 1.del"}]},{"@type":"WebSite","@id":"https:\/\/www.iskreni.net\/trgovina\/#website","url":"https:\/\/www.iskreni.net\/trgovina\/","name":"Zavod Iskreni","description":"trgovina","potentialAction":[{"@type":"SearchAction","target":{"@type":"EntryPoint","urlTemplate":"https:\/\/www.iskreni.net\/trgovina\/?s={search_term_string}"},"query-input":{"@type":"PropertyValueSpecification","valueRequired":true,"valueName":"search_term_string"}}],"inLanguage":"sl-SI"}]}},"_links":{"self":[{"href":"https:\/\/www.iskreni.net\/trgovina\/wp-json\/wp\/v2\/product\/76743","targetHints":{"allow":["GET"]}}],"collection":[{"href":"https:\/\/www.iskreni.net\/trgovina\/wp-json\/wp\/v2\/product"}],"about":[{"href":"https:\/\/www.iskreni.net\/trgovina\/wp-json\/wp\/v2\/types\/product"}],"replies":[{"embeddable":true,"href":"https:\/\/www.iskreni.net\/trgovina\/wp-json\/wp\/v2\/comments?post=76743"}],"version-history":[{"count":2,"href":"https:\/\/www.iskreni.net\/trgovina\/wp-json\/wp\/v2\/product\/76743\/revisions"}],"predecessor-version":[{"id":76747,"href":"https:\/\/www.iskreni.net\/trgovina\/wp-json\/wp\/v2\/product\/76743\/revisions\/76747"}],"wp:featuredmedia":[{"embeddable":true,"href":"https:\/\/www.iskreni.net\/trgovina\/wp-json\/wp\/v2\/media\/76745"}],"wp:attachment":[{"href":"https:\/\/www.iskreni.net\/trgovina\/wp-json\/wp\/v2\/media?parent=76743"}],"wp:term":[{"taxonomy":"product_brand","embeddable":true,"href":"https:\/\/www.iskreni.net\/trgovina\/wp-json\/wp\/v2\/product_brand?post=76743"},{"taxonomy":"product_cat","embeddable":true,"href":"https:\/\/www.iskreni.net\/trgovina\/wp-json\/wp\/v2\/product_cat?post=76743"},{"taxonomy":"product_tag","embeddable":true,"href":"https:\/\/www.iskreni.net\/trgovina\/wp-json\/wp\/v2\/product_tag?post=76743"},{"taxonomy":"avtor","embeddable":true,"href":"https:\/\/www.iskreni.net\/trgovina\/wp-json\/wp\/v2\/avtor?post=76743"},{"taxonomy":"zalozba","embeddable":true,"href":"https:\/\/www.iskreni.net\/trgovina\/wp-json\/wp\/v2\/zalozba?post=76743"},{"taxonomy":"vezava","embeddable":true,"href":"https:\/\/www.iskreni.net\/trgovina\/wp-json\/wp\/v2\/vezava?post=76743"}],"curies":[{"name":"wp","href":"https:\/\/api.w.org\/{rel}","templated":true}]}}