{"id":76367,"date":"2024-06-19T14:52:40","date_gmt":"2024-06-19T12:52:40","guid":{"rendered":"https:\/\/www.iskreni.net\/trgovina\/?post_type=product&#038;p=76367"},"modified":"2025-12-01T11:54:55","modified_gmt":"2025-12-01T10:54:55","slug":"mali-volk-6-del-jama","status":"publish","type":"product","link":"https:\/\/www.iskreni.net\/trgovina\/product\/mali-volk-6-del-jama\/","title":{"rendered":"Mali volk 6. del- Jama"},"content":{"rendered":"<h4>O knjigi Mali volk 6. del- Jama:<\/h4>\n<p>V \u010dasu vitezov in gradov je \u017eivel mladi trubadur pustolovskega srca \u2013 Mali volk.<\/p>\n<p>Kot mlada sirota je bil pri\u010da \u010dude\u017eu: po Fran\u010di\u0161kovem posredovanju se je zver spremenila v krotkega brata Volka. Oba sta postala dobra prijatelja Malega Volka, zanj pa se je pri\u010delo novo, vznemirljivo \u017eivljenje, polno dogodiv\u0161\u010din in mladostne razposajenosti. Toda Mali volk se je vedno trudil, da bi delal dobro, pomagal ljudem in z igranjem na lutnjo lep\u0161al svet.<\/p>\n<p>V tem delu postaneta Mali volk in njegov prijatelj Ugo ujetnika treh nevarnih razbojnikov, ki ropajo cerkve, zakrinkani v redovni\u0161ke obleke. Vendar, bodo morda navsezadnje tudi oni prisluhnili svetemu Fran\u010di\u0161ku?<\/p>\n<p>&nbsp;<\/p>\n<p>&nbsp;<\/p>\n","protected":false},"excerpt":{"rendered":"<p><strong>Avtor prevoda:<\/strong> Cecilija Oblon\u0161ek<br \/>\n<strong>Leto izdaje:<\/strong> 2024<br \/>\n<strong>\u0160tevilo strani:<\/strong> 44<br \/>\n<strong>Mere:<\/strong> 225 x 297 mm<\/p>\n","protected":false},"featured_media":76369,"comment_status":"open","ping_status":"closed","template":"","meta":[],"product_brand":[],"product_cat":[63,135],"product_tag":[1687],"avtor":[2810],"zalozba":[2311],"vezava":[2306],"class_list":{"0":"post-76367","1":"product","2":"type-product","3":"status-publish","4":"has-post-thumbnail","6":"product_cat-knjige","7":"product_cat-za-otroke","8":"product_tag-rojstni-dan","9":"avtor-jean-francois-kieffer","10":"zalozba-druzina","11":"vezava-trda","13":"first","14":"instock","15":"taxable","16":"shipping-taxable","17":"purchasable","18":"product-type-simple"},"yoast_head":"<!-- This site is optimized with the Yoast SEO plugin v26.3 - https:\/\/yoast.com\/wordpress\/plugins\/seo\/ -->\n<title>Mali volk 6. del- Jama - iskreni<\/title>\n<meta name=\"description\" content=\"V tem delu postaneta Mali volk in njegov prijatelj Ugo ujetnika treh nevarnih razbojnikov, ki ropajo cerkve, zakrinkani v redovni\u0161ke obleke. Vendar, bodo morda navsezadnje tudi oni prisluhnili svetemu Fran\u010di\u0161ku?\" \/>\n<meta name=\"robots\" content=\"index, follow, max-snippet:-1, max-image-preview:large, max-video-preview:-1\" \/>\n<link rel=\"canonical\" href=\"https:\/\/www.iskreni.net\/trgovina\/product\/mali-volk-6-del-jama\/\" \/>\n<meta property=\"og:locale\" content=\"sl_SI\" \/>\n<meta property=\"og:type\" content=\"article\" \/>\n<meta property=\"og:title\" content=\"Mali volk 6. del- Jama\" \/>\n<meta property=\"og:description\" content=\"V tem delu postaneta Mali volk in njegov prijatelj Ugo ujetnika treh nevarnih razbojnikov, ki ropajo cerkve, zakrinkani v redovni\u0161ke obleke. Vendar, bodo morda navsezadnje tudi oni prisluhnili svetemu Fran\u010di\u0161ku?\" \/>\n<meta property=\"og:url\" content=\"https:\/\/www.iskreni.net\/trgovina\/product\/mali-volk-6-del-jama\/\" \/>\n<meta property=\"og:site_name\" content=\"Zavod Iskreni\" \/>\n<meta property=\"article:modified_time\" content=\"2025-12-01T10:54:55+00:00\" \/>\n<meta property=\"og:image\" content=\"https:\/\/www.iskreni.net\/trgovina\/wp-content\/uploads\/2024\/06\/Slike-za-v-spletno-trgovino-2024-06-19T145230.947.jpg\" \/>\n\t<meta property=\"og:image:width\" content=\"600\" \/>\n\t<meta property=\"og:image:height\" content=\"600\" \/>\n\t<meta property=\"og:image:type\" content=\"image\/jpeg\" \/>\n<meta name=\"twitter:card\" content=\"summary_large_image\" \/>\n<meta name=\"twitter:label1\" content=\"Est. reading time\" \/>\n\t<meta name=\"twitter:data1\" content=\"1 minuta\" \/>\n<script type=\"application\/ld+json\" class=\"yoast-schema-graph\">{\"@context\":\"https:\/\/schema.org\",\"@graph\":[{\"@type\":\"WebPage\",\"@id\":\"https:\/\/www.iskreni.net\/trgovina\/product\/mali-volk-6-del-jama\/\",\"url\":\"https:\/\/www.iskreni.net\/trgovina\/product\/mali-volk-6-del-jama\/\",\"name\":\"Mali volk 6. del- Jama - iskreni\",\"isPartOf\":{\"@id\":\"https:\/\/www.iskreni.net\/trgovina\/#website\"},\"primaryImageOfPage\":{\"@id\":\"https:\/\/www.iskreni.net\/trgovina\/product\/mali-volk-6-del-jama\/#primaryimage\"},\"image\":{\"@id\":\"https:\/\/www.iskreni.net\/trgovina\/product\/mali-volk-6-del-jama\/#primaryimage\"},\"thumbnailUrl\":\"https:\/\/www.iskreni.net\/trgovina\/wp-content\/uploads\/2024\/06\/Slike-za-v-spletno-trgovino-2024-06-19T145230.947.jpg\",\"datePublished\":\"2024-06-19T12:52:40+00:00\",\"dateModified\":\"2025-12-01T10:54:55+00:00\",\"description\":\"V tem delu postaneta Mali volk in njegov prijatelj Ugo ujetnika treh nevarnih razbojnikov, ki ropajo cerkve, zakrinkani v redovni\u0161ke obleke. Vendar, bodo morda navsezadnje tudi oni prisluhnili svetemu Fran\u010di\u0161ku?\",\"breadcrumb\":{\"@id\":\"https:\/\/www.iskreni.net\/trgovina\/product\/mali-volk-6-del-jama\/#breadcrumb\"},\"inLanguage\":\"sl-SI\",\"potentialAction\":[{\"@type\":\"ReadAction\",\"target\":[\"https:\/\/www.iskreni.net\/trgovina\/product\/mali-volk-6-del-jama\/\"]}]},{\"@type\":\"ImageObject\",\"inLanguage\":\"sl-SI\",\"@id\":\"https:\/\/www.iskreni.net\/trgovina\/product\/mali-volk-6-del-jama\/#primaryimage\",\"url\":\"https:\/\/www.iskreni.net\/trgovina\/wp-content\/uploads\/2024\/06\/Slike-za-v-spletno-trgovino-2024-06-19T145230.947.jpg\",\"contentUrl\":\"https:\/\/www.iskreni.net\/trgovina\/wp-content\/uploads\/2024\/06\/Slike-za-v-spletno-trgovino-2024-06-19T145230.947.jpg\",\"width\":600,\"height\":600},{\"@type\":\"BreadcrumbList\",\"@id\":\"https:\/\/www.iskreni.net\/trgovina\/product\/mali-volk-6-del-jama\/#breadcrumb\",\"itemListElement\":[{\"@type\":\"ListItem\",\"position\":1,\"name\":\"Home\",\"item\":\"https:\/\/www.iskreni.net\/trgovina\/\"},{\"@type\":\"ListItem\",\"position\":2,\"name\":\"Trgovina\",\"item\":\"https:\/\/www.iskreni.net\/trgovina\/trgovina\/\"},{\"@type\":\"ListItem\",\"position\":3,\"name\":\"Mali volk 6. del- Jama\"}]},{\"@type\":\"WebSite\",\"@id\":\"https:\/\/www.iskreni.net\/trgovina\/#website\",\"url\":\"https:\/\/www.iskreni.net\/trgovina\/\",\"name\":\"Zavod Iskreni\",\"description\":\"trgovina\",\"potentialAction\":[{\"@type\":\"SearchAction\",\"target\":{\"@type\":\"EntryPoint\",\"urlTemplate\":\"https:\/\/www.iskreni.net\/trgovina\/?s={search_term_string}\"},\"query-input\":{\"@type\":\"PropertyValueSpecification\",\"valueRequired\":true,\"valueName\":\"search_term_string\"}}],\"inLanguage\":\"sl-SI\"}]}<\/script>\n<!-- \/ Yoast SEO plugin. -->","yoast_head_json":{"title":"Mali volk 6. del- Jama - iskreni","description":"V tem delu postaneta Mali volk in njegov prijatelj Ugo ujetnika treh nevarnih razbojnikov, ki ropajo cerkve, zakrinkani v redovni\u0161ke obleke. Vendar, bodo morda navsezadnje tudi oni prisluhnili svetemu Fran\u010di\u0161ku?","robots":{"index":"index","follow":"follow","max-snippet":"max-snippet:-1","max-image-preview":"max-image-preview:large","max-video-preview":"max-video-preview:-1"},"canonical":"https:\/\/www.iskreni.net\/trgovina\/product\/mali-volk-6-del-jama\/","og_locale":"sl_SI","og_type":"article","og_title":"Mali volk 6. del- Jama","og_description":"V tem delu postaneta Mali volk in njegov prijatelj Ugo ujetnika treh nevarnih razbojnikov, ki ropajo cerkve, zakrinkani v redovni\u0161ke obleke. Vendar, bodo morda navsezadnje tudi oni prisluhnili svetemu Fran\u010di\u0161ku?","og_url":"https:\/\/www.iskreni.net\/trgovina\/product\/mali-volk-6-del-jama\/","og_site_name":"Zavod Iskreni","article_modified_time":"2025-12-01T10:54:55+00:00","og_image":[{"width":600,"height":600,"url":"https:\/\/www.iskreni.net\/trgovina\/wp-content\/uploads\/2024\/06\/Slike-za-v-spletno-trgovino-2024-06-19T145230.947.jpg","type":"image\/jpeg"}],"twitter_card":"summary_large_image","twitter_misc":{"Est. reading time":"1 minuta"},"schema":{"@context":"https:\/\/schema.org","@graph":[{"@type":"WebPage","@id":"https:\/\/www.iskreni.net\/trgovina\/product\/mali-volk-6-del-jama\/","url":"https:\/\/www.iskreni.net\/trgovina\/product\/mali-volk-6-del-jama\/","name":"Mali volk 6. del- Jama - iskreni","isPartOf":{"@id":"https:\/\/www.iskreni.net\/trgovina\/#website"},"primaryImageOfPage":{"@id":"https:\/\/www.iskreni.net\/trgovina\/product\/mali-volk-6-del-jama\/#primaryimage"},"image":{"@id":"https:\/\/www.iskreni.net\/trgovina\/product\/mali-volk-6-del-jama\/#primaryimage"},"thumbnailUrl":"https:\/\/www.iskreni.net\/trgovina\/wp-content\/uploads\/2024\/06\/Slike-za-v-spletno-trgovino-2024-06-19T145230.947.jpg","datePublished":"2024-06-19T12:52:40+00:00","dateModified":"2025-12-01T10:54:55+00:00","description":"V tem delu postaneta Mali volk in njegov prijatelj Ugo ujetnika treh nevarnih razbojnikov, ki ropajo cerkve, zakrinkani v redovni\u0161ke obleke. Vendar, bodo morda navsezadnje tudi oni prisluhnili svetemu Fran\u010di\u0161ku?","breadcrumb":{"@id":"https:\/\/www.iskreni.net\/trgovina\/product\/mali-volk-6-del-jama\/#breadcrumb"},"inLanguage":"sl-SI","potentialAction":[{"@type":"ReadAction","target":["https:\/\/www.iskreni.net\/trgovina\/product\/mali-volk-6-del-jama\/"]}]},{"@type":"ImageObject","inLanguage":"sl-SI","@id":"https:\/\/www.iskreni.net\/trgovina\/product\/mali-volk-6-del-jama\/#primaryimage","url":"https:\/\/www.iskreni.net\/trgovina\/wp-content\/uploads\/2024\/06\/Slike-za-v-spletno-trgovino-2024-06-19T145230.947.jpg","contentUrl":"https:\/\/www.iskreni.net\/trgovina\/wp-content\/uploads\/2024\/06\/Slike-za-v-spletno-trgovino-2024-06-19T145230.947.jpg","width":600,"height":600},{"@type":"BreadcrumbList","@id":"https:\/\/www.iskreni.net\/trgovina\/product\/mali-volk-6-del-jama\/#breadcrumb","itemListElement":[{"@type":"ListItem","position":1,"name":"Home","item":"https:\/\/www.iskreni.net\/trgovina\/"},{"@type":"ListItem","position":2,"name":"Trgovina","item":"https:\/\/www.iskreni.net\/trgovina\/trgovina\/"},{"@type":"ListItem","position":3,"name":"Mali volk 6. del- Jama"}]},{"@type":"WebSite","@id":"https:\/\/www.iskreni.net\/trgovina\/#website","url":"https:\/\/www.iskreni.net\/trgovina\/","name":"Zavod Iskreni","description":"trgovina","potentialAction":[{"@type":"SearchAction","target":{"@type":"EntryPoint","urlTemplate":"https:\/\/www.iskreni.net\/trgovina\/?s={search_term_string}"},"query-input":{"@type":"PropertyValueSpecification","valueRequired":true,"valueName":"search_term_string"}}],"inLanguage":"sl-SI"}]}},"_links":{"self":[{"href":"https:\/\/www.iskreni.net\/trgovina\/wp-json\/wp\/v2\/product\/76367","targetHints":{"allow":["GET"]}}],"collection":[{"href":"https:\/\/www.iskreni.net\/trgovina\/wp-json\/wp\/v2\/product"}],"about":[{"href":"https:\/\/www.iskreni.net\/trgovina\/wp-json\/wp\/v2\/types\/product"}],"replies":[{"embeddable":true,"href":"https:\/\/www.iskreni.net\/trgovina\/wp-json\/wp\/v2\/comments?post=76367"}],"version-history":[{"count":2,"href":"https:\/\/www.iskreni.net\/trgovina\/wp-json\/wp\/v2\/product\/76367\/revisions"}],"predecessor-version":[{"id":76370,"href":"https:\/\/www.iskreni.net\/trgovina\/wp-json\/wp\/v2\/product\/76367\/revisions\/76370"}],"wp:featuredmedia":[{"embeddable":true,"href":"https:\/\/www.iskreni.net\/trgovina\/wp-json\/wp\/v2\/media\/76369"}],"wp:attachment":[{"href":"https:\/\/www.iskreni.net\/trgovina\/wp-json\/wp\/v2\/media?parent=76367"}],"wp:term":[{"taxonomy":"product_brand","embeddable":true,"href":"https:\/\/www.iskreni.net\/trgovina\/wp-json\/wp\/v2\/product_brand?post=76367"},{"taxonomy":"product_cat","embeddable":true,"href":"https:\/\/www.iskreni.net\/trgovina\/wp-json\/wp\/v2\/product_cat?post=76367"},{"taxonomy":"product_tag","embeddable":true,"href":"https:\/\/www.iskreni.net\/trgovina\/wp-json\/wp\/v2\/product_tag?post=76367"},{"taxonomy":"avtor","embeddable":true,"href":"https:\/\/www.iskreni.net\/trgovina\/wp-json\/wp\/v2\/avtor?post=76367"},{"taxonomy":"zalozba","embeddable":true,"href":"https:\/\/www.iskreni.net\/trgovina\/wp-json\/wp\/v2\/zalozba?post=76367"},{"taxonomy":"vezava","embeddable":true,"href":"https:\/\/www.iskreni.net\/trgovina\/wp-json\/wp\/v2\/vezava?post=76367"}],"curies":[{"name":"wp","href":"https:\/\/api.w.org\/{rel}","templated":true}]}}