{"id":76344,"date":"2024-06-19T14:03:30","date_gmt":"2024-06-19T12:03:30","guid":{"rendered":"https:\/\/www.iskreni.net\/trgovina\/?post_type=product&#038;p=76344"},"modified":"2025-07-11T09:41:17","modified_gmt":"2025-07-11T07:41:17","slug":"stihanje-ne-hvala","status":"publish","type":"product","link":"https:\/\/www.iskreni.net\/trgovina\/product\/stihanje-ne-hvala\/","title":{"rendered":"\u0160tihanje? Ne, hvala"},"content":{"rendered":"<h4>O knjigi \u0160tihanje? Ne, hvala:<\/h4>\n<p>Priprava vrta brez prekopavanja tal je enostavna in uspeh je zagotovljen, ko se dr\u017eimo opisanih postopkov v knjigi. Prakti\u010dni primeri vodijo skozi vse leto \u2013 od minimalnega vlo\u017eenega truda in energije pri pripravi tal, zmanj\u0161anja plevela in zalivanja med rastno sezono do kon\u010dnih \u010dudovitih pridelkov. Idealno za ustvarjanje doma\u010de samooskrbe poleg vsakodnevnih obveznosti kot so slu\u017eba in dru\u017eina.<\/p>\n<p>Kako vam bo knjiga pomagala pri pripravi tal in negi vrta?<\/p>\n<ul>\n<li>Vse kar morate vedeti za pravilno pripravo vrta brez prekopavanja, in zakaj je to tako pomembno. Ne gre za modno muho, temve\u010d za vzgojo po na\u010delih Narave.<\/li>\n<li>Konkretni postopki priprave tal za nove in obstoje\u010de, velike in male vrtove, da dose\u017eemo univerzalno rodovitna tla, mnogo manj pleveli ter do 95 % manj zalivanja.<\/li>\n<li>Knjiga vodi vrtnarja skozi vrtno sezono, mu nudi vse informacije za nego tal in rastlin v vseh 4 letnih \u010dasih z najpomembnej\u0161imi napotki za obilje pridelkov.<\/li>\n<\/ul>\n<p>Knjiga bo za vedno spremenila va\u0161 pogled na vrtnarjenje in morali boste odgovarjati na veliko vpra\u0161anj sosedov in prijateljev, ki se bodo \u010dudili \u010dudovitim pridelkom. Potem jim priporo\u010dite to knjigo.<\/p>\n<h4>O avtorju:<\/h4>\n<p><strong>Robert \u0160piler<\/strong> je po zaklju\u010denem \u0161tudiju leta 2013, s polno glavo idej in mladostne energije, na gozdni jasi skupaj s Tja\u0161o \u0160truc sestavil \u010dudovito malo hi\u0161ko ter poleg vzpostavil velik vrt.<\/p>\n<p>Pri vsega 22. letih sta kot mlad par za\u010dela \u017eiveti njuno preprosto \u017eivljenje in odkrivati lepote Narave. Po mnogo uspe\u0161nih in tudi zgre\u0161enih vrtnih poizkusih, predvsem pri delu kot Vrtnar na vrtovih strank in na lastnem vrtu, so ostala le najbolj\u0161a spoznanja &#8211; akademska, prakti\u010dna, dru\u017einska, permakulturna in biodinami\u010dna, ki jih na razli\u010dne na\u010dine predaja naprej. Na vrtu se uporablja predvsem obilna kompostna zastirka v kombinaciji z ostalimi organskimi materiali, ki za\u0161\u010ditijo zemljo in imitirajo pogoje v Naravi. Tako so dose\u017eena rodovitna tla, mnogo manj pleveli in za 95% manj zalivanja; vse to brez prekopavanja ali obra\u010danja zemlje. Prelepo, da bi bilo res? Ni\u010desar ne skriva, njegovo delo, slike, objave, posnetki so dovolj zgovorni sami zase. Starej\u0161e vrtnarke in kmetje ob pogledu na zemljo vidijo zgolj trpljenje in delo. Robert vidi vrtnarjenje kot nekaj lahkotnega, kreativnega in spro\u0161\u010dujo\u010dega. Ob sodelovanju z Naravo ima tudi veliko razlogov za praznovanje in veselje, ter seveda obilje doma\u010dih pridelkov. Mnogi so s pomo\u010djo nove knjige \u017ee ob\u010dutili veliko \u010dudovitih trenutkov vrtnarjenja in ti bo\u017eanski ob\u010dutki so na voljo tudi tebi.<\/p>\n","protected":false},"excerpt":{"rendered":"<p><strong>Leto izdaje:<\/strong> 2022<br \/>\n<strong>\u0160tevilo strani:\u00a0<\/strong>136<br \/>\n<strong>Format:<\/strong> 165 x 235 mm<\/p>\n<p><a href=\"https:\/\/www.primus.si\/stihanje-ne-hvala\">Prelistajte knjigo<\/a><\/p>\n","protected":false},"featured_media":76346,"comment_status":"open","ping_status":"closed","template":"","meta":[],"product_brand":[],"product_cat":[2805,2327,2806,63],"product_tag":[],"avtor":[2808,2807],"zalozba":[2804],"vezava":[2307],"class_list":{"0":"post-76344","1":"product","2":"type-product","3":"status-publish","4":"has-post-thumbnail","6":"product_cat-dom-in-vrt","7":"product_cat-prirocniki-in-vodniki","8":"product_cat-vrtnarjenje","9":"product_cat-knjige","10":"avtor-robert-spiler","11":"avtor-tjasa-struc","12":"zalozba-zavod-obilje","13":"vezava-mehka","15":"first","16":"onbackorder","17":"taxable","18":"shipping-taxable","19":"purchasable","20":"product-type-simple"},"yoast_head":"<!-- This site is optimized with the Yoast SEO plugin v26.3 - https:\/\/yoast.com\/wordpress\/plugins\/seo\/ -->\n<title>\u0160tihanje? Ne, hvala - trgovina iskreni<\/title>\n<meta name=\"description\" content=\"Z manj dela do izjemno produktivnega sonaravnega vrt.\" \/>\n<meta name=\"robots\" content=\"index, follow, max-snippet:-1, max-image-preview:large, max-video-preview:-1\" \/>\n<link rel=\"canonical\" href=\"https:\/\/www.iskreni.net\/trgovina\/product\/stihanje-ne-hvala\/\" \/>\n<meta property=\"og:locale\" content=\"sl_SI\" \/>\n<meta property=\"og:type\" content=\"article\" \/>\n<meta property=\"og:title\" content=\"\u0160tihanje? Ne, hvala\" \/>\n<meta property=\"og:description\" content=\"Z manj dela do izjemno produktivnega sonaravnega vrt\" \/>\n<meta property=\"og:url\" content=\"https:\/\/www.iskreni.net\/trgovina\/product\/stihanje-ne-hvala\/\" \/>\n<meta property=\"og:site_name\" content=\"Zavod Iskreni\" \/>\n<meta property=\"article:modified_time\" content=\"2025-07-11T07:41:17+00:00\" \/>\n<meta property=\"og:image\" content=\"https:\/\/www.iskreni.net\/trgovina\/wp-content\/uploads\/2024\/06\/Slike-za-v-spletno-trgovino-76-1.jpg\" \/>\n\t<meta property=\"og:image:width\" content=\"600\" \/>\n\t<meta property=\"og:image:height\" content=\"600\" \/>\n\t<meta property=\"og:image:type\" content=\"image\/jpeg\" \/>\n<meta name=\"twitter:card\" content=\"summary_large_image\" \/>\n<meta name=\"twitter:label1\" content=\"Est. reading time\" \/>\n\t<meta name=\"twitter:data1\" content=\"3 minute\" \/>\n<script type=\"application\/ld+json\" class=\"yoast-schema-graph\">{\"@context\":\"https:\/\/schema.org\",\"@graph\":[{\"@type\":\"WebPage\",\"@id\":\"https:\/\/www.iskreni.net\/trgovina\/product\/stihanje-ne-hvala\/\",\"url\":\"https:\/\/www.iskreni.net\/trgovina\/product\/stihanje-ne-hvala\/\",\"name\":\"\u0160tihanje? Ne, hvala - trgovina iskreni\",\"isPartOf\":{\"@id\":\"https:\/\/www.iskreni.net\/trgovina\/#website\"},\"primaryImageOfPage\":{\"@id\":\"https:\/\/www.iskreni.net\/trgovina\/product\/stihanje-ne-hvala\/#primaryimage\"},\"image\":{\"@id\":\"https:\/\/www.iskreni.net\/trgovina\/product\/stihanje-ne-hvala\/#primaryimage\"},\"thumbnailUrl\":\"https:\/\/www.iskreni.net\/trgovina\/wp-content\/uploads\/2024\/06\/Slike-za-v-spletno-trgovino-76-1.jpg\",\"datePublished\":\"2024-06-19T12:03:30+00:00\",\"dateModified\":\"2025-07-11T07:41:17+00:00\",\"description\":\"Z manj dela do izjemno produktivnega sonaravnega vrt.\",\"breadcrumb\":{\"@id\":\"https:\/\/www.iskreni.net\/trgovina\/product\/stihanje-ne-hvala\/#breadcrumb\"},\"inLanguage\":\"sl-SI\",\"potentialAction\":[{\"@type\":\"ReadAction\",\"target\":[\"https:\/\/www.iskreni.net\/trgovina\/product\/stihanje-ne-hvala\/\"]}]},{\"@type\":\"ImageObject\",\"inLanguage\":\"sl-SI\",\"@id\":\"https:\/\/www.iskreni.net\/trgovina\/product\/stihanje-ne-hvala\/#primaryimage\",\"url\":\"https:\/\/www.iskreni.net\/trgovina\/wp-content\/uploads\/2024\/06\/Slike-za-v-spletno-trgovino-76-1.jpg\",\"contentUrl\":\"https:\/\/www.iskreni.net\/trgovina\/wp-content\/uploads\/2024\/06\/Slike-za-v-spletno-trgovino-76-1.jpg\",\"width\":600,\"height\":600},{\"@type\":\"BreadcrumbList\",\"@id\":\"https:\/\/www.iskreni.net\/trgovina\/product\/stihanje-ne-hvala\/#breadcrumb\",\"itemListElement\":[{\"@type\":\"ListItem\",\"position\":1,\"name\":\"Home\",\"item\":\"https:\/\/www.iskreni.net\/trgovina\/\"},{\"@type\":\"ListItem\",\"position\":2,\"name\":\"Trgovina\",\"item\":\"https:\/\/www.iskreni.net\/trgovina\/trgovina\/\"},{\"@type\":\"ListItem\",\"position\":3,\"name\":\"\u0160tihanje? Ne, hvala\"}]},{\"@type\":\"WebSite\",\"@id\":\"https:\/\/www.iskreni.net\/trgovina\/#website\",\"url\":\"https:\/\/www.iskreni.net\/trgovina\/\",\"name\":\"Zavod Iskreni\",\"description\":\"trgovina\",\"potentialAction\":[{\"@type\":\"SearchAction\",\"target\":{\"@type\":\"EntryPoint\",\"urlTemplate\":\"https:\/\/www.iskreni.net\/trgovina\/?s={search_term_string}\"},\"query-input\":{\"@type\":\"PropertyValueSpecification\",\"valueRequired\":true,\"valueName\":\"search_term_string\"}}],\"inLanguage\":\"sl-SI\"}]}<\/script>\n<!-- \/ Yoast SEO plugin. -->","yoast_head_json":{"title":"\u0160tihanje? Ne, hvala - trgovina iskreni","description":"Z manj dela do izjemno produktivnega sonaravnega vrt.","robots":{"index":"index","follow":"follow","max-snippet":"max-snippet:-1","max-image-preview":"max-image-preview:large","max-video-preview":"max-video-preview:-1"},"canonical":"https:\/\/www.iskreni.net\/trgovina\/product\/stihanje-ne-hvala\/","og_locale":"sl_SI","og_type":"article","og_title":"\u0160tihanje? Ne, hvala","og_description":"Z manj dela do izjemno produktivnega sonaravnega vrt","og_url":"https:\/\/www.iskreni.net\/trgovina\/product\/stihanje-ne-hvala\/","og_site_name":"Zavod Iskreni","article_modified_time":"2025-07-11T07:41:17+00:00","og_image":[{"width":600,"height":600,"url":"https:\/\/www.iskreni.net\/trgovina\/wp-content\/uploads\/2024\/06\/Slike-za-v-spletno-trgovino-76-1.jpg","type":"image\/jpeg"}],"twitter_card":"summary_large_image","twitter_misc":{"Est. reading time":"3 minute"},"schema":{"@context":"https:\/\/schema.org","@graph":[{"@type":"WebPage","@id":"https:\/\/www.iskreni.net\/trgovina\/product\/stihanje-ne-hvala\/","url":"https:\/\/www.iskreni.net\/trgovina\/product\/stihanje-ne-hvala\/","name":"\u0160tihanje? Ne, hvala - trgovina iskreni","isPartOf":{"@id":"https:\/\/www.iskreni.net\/trgovina\/#website"},"primaryImageOfPage":{"@id":"https:\/\/www.iskreni.net\/trgovina\/product\/stihanje-ne-hvala\/#primaryimage"},"image":{"@id":"https:\/\/www.iskreni.net\/trgovina\/product\/stihanje-ne-hvala\/#primaryimage"},"thumbnailUrl":"https:\/\/www.iskreni.net\/trgovina\/wp-content\/uploads\/2024\/06\/Slike-za-v-spletno-trgovino-76-1.jpg","datePublished":"2024-06-19T12:03:30+00:00","dateModified":"2025-07-11T07:41:17+00:00","description":"Z manj dela do izjemno produktivnega sonaravnega vrt.","breadcrumb":{"@id":"https:\/\/www.iskreni.net\/trgovina\/product\/stihanje-ne-hvala\/#breadcrumb"},"inLanguage":"sl-SI","potentialAction":[{"@type":"ReadAction","target":["https:\/\/www.iskreni.net\/trgovina\/product\/stihanje-ne-hvala\/"]}]},{"@type":"ImageObject","inLanguage":"sl-SI","@id":"https:\/\/www.iskreni.net\/trgovina\/product\/stihanje-ne-hvala\/#primaryimage","url":"https:\/\/www.iskreni.net\/trgovina\/wp-content\/uploads\/2024\/06\/Slike-za-v-spletno-trgovino-76-1.jpg","contentUrl":"https:\/\/www.iskreni.net\/trgovina\/wp-content\/uploads\/2024\/06\/Slike-za-v-spletno-trgovino-76-1.jpg","width":600,"height":600},{"@type":"BreadcrumbList","@id":"https:\/\/www.iskreni.net\/trgovina\/product\/stihanje-ne-hvala\/#breadcrumb","itemListElement":[{"@type":"ListItem","position":1,"name":"Home","item":"https:\/\/www.iskreni.net\/trgovina\/"},{"@type":"ListItem","position":2,"name":"Trgovina","item":"https:\/\/www.iskreni.net\/trgovina\/trgovina\/"},{"@type":"ListItem","position":3,"name":"\u0160tihanje? Ne, hvala"}]},{"@type":"WebSite","@id":"https:\/\/www.iskreni.net\/trgovina\/#website","url":"https:\/\/www.iskreni.net\/trgovina\/","name":"Zavod Iskreni","description":"trgovina","potentialAction":[{"@type":"SearchAction","target":{"@type":"EntryPoint","urlTemplate":"https:\/\/www.iskreni.net\/trgovina\/?s={search_term_string}"},"query-input":{"@type":"PropertyValueSpecification","valueRequired":true,"valueName":"search_term_string"}}],"inLanguage":"sl-SI"}]}},"_links":{"self":[{"href":"https:\/\/www.iskreni.net\/trgovina\/wp-json\/wp\/v2\/product\/76344","targetHints":{"allow":["GET"]}}],"collection":[{"href":"https:\/\/www.iskreni.net\/trgovina\/wp-json\/wp\/v2\/product"}],"about":[{"href":"https:\/\/www.iskreni.net\/trgovina\/wp-json\/wp\/v2\/types\/product"}],"replies":[{"embeddable":true,"href":"https:\/\/www.iskreni.net\/trgovina\/wp-json\/wp\/v2\/comments?post=76344"}],"version-history":[{"count":2,"href":"https:\/\/www.iskreni.net\/trgovina\/wp-json\/wp\/v2\/product\/76344\/revisions"}],"predecessor-version":[{"id":76347,"href":"https:\/\/www.iskreni.net\/trgovina\/wp-json\/wp\/v2\/product\/76344\/revisions\/76347"}],"wp:featuredmedia":[{"embeddable":true,"href":"https:\/\/www.iskreni.net\/trgovina\/wp-json\/wp\/v2\/media\/76346"}],"wp:attachment":[{"href":"https:\/\/www.iskreni.net\/trgovina\/wp-json\/wp\/v2\/media?parent=76344"}],"wp:term":[{"taxonomy":"product_brand","embeddable":true,"href":"https:\/\/www.iskreni.net\/trgovina\/wp-json\/wp\/v2\/product_brand?post=76344"},{"taxonomy":"product_cat","embeddable":true,"href":"https:\/\/www.iskreni.net\/trgovina\/wp-json\/wp\/v2\/product_cat?post=76344"},{"taxonomy":"product_tag","embeddable":true,"href":"https:\/\/www.iskreni.net\/trgovina\/wp-json\/wp\/v2\/product_tag?post=76344"},{"taxonomy":"avtor","embeddable":true,"href":"https:\/\/www.iskreni.net\/trgovina\/wp-json\/wp\/v2\/avtor?post=76344"},{"taxonomy":"zalozba","embeddable":true,"href":"https:\/\/www.iskreni.net\/trgovina\/wp-json\/wp\/v2\/zalozba?post=76344"},{"taxonomy":"vezava","embeddable":true,"href":"https:\/\/www.iskreni.net\/trgovina\/wp-json\/wp\/v2\/vezava?post=76344"}],"curies":[{"name":"wp","href":"https:\/\/api.w.org\/{rel}","templated":true}]}}