{"id":75590,"date":"2024-06-07T11:14:26","date_gmt":"2024-06-07T09:14:26","guid":{"rendered":"https:\/\/www.iskreni.net\/trgovina\/?post_type=product&#038;p=75590"},"modified":"2025-06-13T12:16:00","modified_gmt":"2025-06-13T10:16:00","slug":"odrasli-otroci-custveno-nezrelih-starsev","status":"publish","type":"product","link":"https:\/\/www.iskreni.net\/trgovina\/product\/odrasli-otroci-custveno-nezrelih-starsev\/","title":{"rendered":"Odrasli otroci \u010dustveno nezrelih star\u0161ev"},"content":{"rendered":"<h4><b>O knjigi Odrasli otroci \u010dustveno nezrelih star\u0161ev:<\/b><\/h4>\n<p>Knjiga je priro\u010dnik za samopomo\u010d, namenjen posameznikom, ki so odra\u0161\u010dali s \u010dustveno nezrelimi star\u0161i in se zdaj spopadajo s posledicami izku\u0161enj iz otro\u0161tva na svoje odraslo \u017eivljenje. Avtorica Lindsay C. Gibson ponuja vpogled v pogoste lastnosti in vedenje \u010dustveno nezrelih star\u0161ev, kot so pomanjkanje empatije, slabe komunikacijske spretnosti in te\u017eave pri uravnavanju \u010dustev.<\/p>\n<p>S pomo\u010djo \u0161tudij primerov in prakti\u010dnih nasvetov avtorica bralcem ponudi strategije za zdravljenje posledic izku\u0161enj iz otro\u0161tva in razvijanje zdravih odnosov v odrasli dobi. Kako si pomagati, \u010de so bili star\u0161i odmaknjeni, zavra\u010dajo\u010di ali vase zaverovani?<\/p>\n<p>Poznavanje razlik v \u010dustveni zrelosti pomaga razumeti, zakaj se morda po\u010dutimo \u010dustveno osamljene, \u010deprav nam drugi izkazujejo ljubezen in naklonjenost. Spodbudno dejstvo je, da lahko z razumevanjem koncepta \u010dustvene nezrelosti razvijemo bolj realisti\u010dna pri\u010dakovanja do drugih ljudi in sprejmemo raven mo\u017enega odnosa z njimi, namesto da se po\u010dutimo prizadeti zaradi pomanjkanja njihovega odziva.<\/p>\n<p>&nbsp;<\/p>\n<p>&nbsp;<\/p>\n<p>&nbsp;<\/p>\n","protected":false},"excerpt":{"rendered":"<p><strong>\u0160tevilo strani:<\/strong> 280<br \/>\n<strong>Leto izdaje:<\/strong> 2023<br \/>\n<strong>Format: <\/strong>140 x 205 mm<\/p>\n","protected":false},"featured_media":75592,"comment_status":"open","ping_status":"closed","template":"","meta":[],"product_brand":[],"product_cat":[2324,2327,2323,63],"product_tag":[],"avtor":[2802],"zalozba":[2803],"vezava":[2635],"class_list":{"0":"post-75590","1":"product","2":"type-product","3":"status-publish","4":"has-post-thumbnail","6":"product_cat-duhovnost-in-osebna-rast","7":"product_cat-prirocniki-in-vodniki","8":"product_cat-vzgoja","9":"product_cat-knjige","10":"avtor-lindsay-c-gibson","11":"zalozba-iskanja","12":"vezava-mehka-z-zavihki","14":"first","15":"onbackorder","16":"taxable","17":"shipping-taxable","18":"purchasable","19":"product-type-simple"},"yoast_head":"<!-- This site is optimized with the Yoast SEO plugin v26.3 - https:\/\/yoast.com\/wordpress\/plugins\/seo\/ -->\n<title>Odrasli otroci \u010dustveno nezrelih star\u0161ev - trgovina iskreni<\/title>\n<meta name=\"description\" content=\"Priro\u010dnik je namenjen posameznikom, ki so odra\u0161\u010dali s \u010dustveno nezrelimi star\u0161i in se zdaj spopadajo s posledicami izku\u0161enj iz otro\u0161tva na svoje odraslo \u017eivljenje.\" \/>\n<meta name=\"robots\" content=\"index, follow, max-snippet:-1, max-image-preview:large, max-video-preview:-1\" \/>\n<link rel=\"canonical\" href=\"https:\/\/www.iskreni.net\/trgovina\/product\/odrasli-otroci-custveno-nezrelih-starsev\/\" \/>\n<meta property=\"og:locale\" content=\"sl_SI\" \/>\n<meta property=\"og:type\" content=\"article\" \/>\n<meta property=\"og:title\" content=\"Odrasli otroci \u010dustveno nezrelih star\u0161ev\" \/>\n<meta property=\"og:description\" content=\"Priro\u010dnik je namenjen posameznikom, ki so odra\u0161\u010dali s \u010dustveno nezrelimi star\u0161i in se zdaj spopadajo s posledicami izku\u0161enj iz otro\u0161tva na svoje odraslo \u017eivljenje.\" \/>\n<meta property=\"og:url\" content=\"https:\/\/www.iskreni.net\/trgovina\/product\/odrasli-otroci-custveno-nezrelih-starsev\/\" \/>\n<meta property=\"og:site_name\" content=\"Zavod Iskreni\" \/>\n<meta property=\"article:modified_time\" content=\"2025-06-13T10:16:00+00:00\" \/>\n<meta property=\"og:image\" content=\"https:\/\/www.iskreni.net\/trgovina\/wp-content\/uploads\/2024\/06\/Slike-za-v-spletno-trgovino-53.jpg\" \/>\n\t<meta property=\"og:image:width\" content=\"600\" \/>\n\t<meta property=\"og:image:height\" content=\"600\" \/>\n\t<meta property=\"og:image:type\" content=\"image\/jpeg\" \/>\n<meta name=\"twitter:card\" content=\"summary_large_image\" \/>\n<meta name=\"twitter:label1\" content=\"Est. reading time\" \/>\n\t<meta name=\"twitter:data1\" content=\"2 minuti\" \/>\n<script type=\"application\/ld+json\" class=\"yoast-schema-graph\">{\"@context\":\"https:\/\/schema.org\",\"@graph\":[{\"@type\":\"WebPage\",\"@id\":\"https:\/\/www.iskreni.net\/trgovina\/product\/odrasli-otroci-custveno-nezrelih-starsev\/\",\"url\":\"https:\/\/www.iskreni.net\/trgovina\/product\/odrasli-otroci-custveno-nezrelih-starsev\/\",\"name\":\"Odrasli otroci \u010dustveno nezrelih star\u0161ev - trgovina iskreni\",\"isPartOf\":{\"@id\":\"https:\/\/www.iskreni.net\/trgovina\/#website\"},\"primaryImageOfPage\":{\"@id\":\"https:\/\/www.iskreni.net\/trgovina\/product\/odrasli-otroci-custveno-nezrelih-starsev\/#primaryimage\"},\"image\":{\"@id\":\"https:\/\/www.iskreni.net\/trgovina\/product\/odrasli-otroci-custveno-nezrelih-starsev\/#primaryimage\"},\"thumbnailUrl\":\"https:\/\/www.iskreni.net\/trgovina\/wp-content\/uploads\/2024\/06\/Slike-za-v-spletno-trgovino-53.jpg\",\"datePublished\":\"2024-06-07T09:14:26+00:00\",\"dateModified\":\"2025-06-13T10:16:00+00:00\",\"description\":\"Priro\u010dnik je namenjen posameznikom, ki so odra\u0161\u010dali s \u010dustveno nezrelimi star\u0161i in se zdaj spopadajo s posledicami izku\u0161enj iz otro\u0161tva na svoje odraslo \u017eivljenje.\",\"breadcrumb\":{\"@id\":\"https:\/\/www.iskreni.net\/trgovina\/product\/odrasli-otroci-custveno-nezrelih-starsev\/#breadcrumb\"},\"inLanguage\":\"sl-SI\",\"potentialAction\":[{\"@type\":\"ReadAction\",\"target\":[\"https:\/\/www.iskreni.net\/trgovina\/product\/odrasli-otroci-custveno-nezrelih-starsev\/\"]}]},{\"@type\":\"ImageObject\",\"inLanguage\":\"sl-SI\",\"@id\":\"https:\/\/www.iskreni.net\/trgovina\/product\/odrasli-otroci-custveno-nezrelih-starsev\/#primaryimage\",\"url\":\"https:\/\/www.iskreni.net\/trgovina\/wp-content\/uploads\/2024\/06\/Slike-za-v-spletno-trgovino-53.jpg\",\"contentUrl\":\"https:\/\/www.iskreni.net\/trgovina\/wp-content\/uploads\/2024\/06\/Slike-za-v-spletno-trgovino-53.jpg\",\"width\":600,\"height\":600},{\"@type\":\"BreadcrumbList\",\"@id\":\"https:\/\/www.iskreni.net\/trgovina\/product\/odrasli-otroci-custveno-nezrelih-starsev\/#breadcrumb\",\"itemListElement\":[{\"@type\":\"ListItem\",\"position\":1,\"name\":\"Home\",\"item\":\"https:\/\/www.iskreni.net\/trgovina\/\"},{\"@type\":\"ListItem\",\"position\":2,\"name\":\"Trgovina\",\"item\":\"https:\/\/www.iskreni.net\/trgovina\/trgovina\/\"},{\"@type\":\"ListItem\",\"position\":3,\"name\":\"Odrasli otroci \u010dustveno nezrelih star\u0161ev\"}]},{\"@type\":\"WebSite\",\"@id\":\"https:\/\/www.iskreni.net\/trgovina\/#website\",\"url\":\"https:\/\/www.iskreni.net\/trgovina\/\",\"name\":\"Zavod Iskreni\",\"description\":\"trgovina\",\"potentialAction\":[{\"@type\":\"SearchAction\",\"target\":{\"@type\":\"EntryPoint\",\"urlTemplate\":\"https:\/\/www.iskreni.net\/trgovina\/?s={search_term_string}\"},\"query-input\":{\"@type\":\"PropertyValueSpecification\",\"valueRequired\":true,\"valueName\":\"search_term_string\"}}],\"inLanguage\":\"sl-SI\"}]}<\/script>\n<!-- \/ Yoast SEO plugin. -->","yoast_head_json":{"title":"Odrasli otroci \u010dustveno nezrelih star\u0161ev - trgovina iskreni","description":"Priro\u010dnik je namenjen posameznikom, ki so odra\u0161\u010dali s \u010dustveno nezrelimi star\u0161i in se zdaj spopadajo s posledicami izku\u0161enj iz otro\u0161tva na svoje odraslo \u017eivljenje.","robots":{"index":"index","follow":"follow","max-snippet":"max-snippet:-1","max-image-preview":"max-image-preview:large","max-video-preview":"max-video-preview:-1"},"canonical":"https:\/\/www.iskreni.net\/trgovina\/product\/odrasli-otroci-custveno-nezrelih-starsev\/","og_locale":"sl_SI","og_type":"article","og_title":"Odrasli otroci \u010dustveno nezrelih star\u0161ev","og_description":"Priro\u010dnik je namenjen posameznikom, ki so odra\u0161\u010dali s \u010dustveno nezrelimi star\u0161i in se zdaj spopadajo s posledicami izku\u0161enj iz otro\u0161tva na svoje odraslo \u017eivljenje.","og_url":"https:\/\/www.iskreni.net\/trgovina\/product\/odrasli-otroci-custveno-nezrelih-starsev\/","og_site_name":"Zavod Iskreni","article_modified_time":"2025-06-13T10:16:00+00:00","og_image":[{"width":600,"height":600,"url":"https:\/\/www.iskreni.net\/trgovina\/wp-content\/uploads\/2024\/06\/Slike-za-v-spletno-trgovino-53.jpg","type":"image\/jpeg"}],"twitter_card":"summary_large_image","twitter_misc":{"Est. reading time":"2 minuti"},"schema":{"@context":"https:\/\/schema.org","@graph":[{"@type":"WebPage","@id":"https:\/\/www.iskreni.net\/trgovina\/product\/odrasli-otroci-custveno-nezrelih-starsev\/","url":"https:\/\/www.iskreni.net\/trgovina\/product\/odrasli-otroci-custveno-nezrelih-starsev\/","name":"Odrasli otroci \u010dustveno nezrelih star\u0161ev - trgovina iskreni","isPartOf":{"@id":"https:\/\/www.iskreni.net\/trgovina\/#website"},"primaryImageOfPage":{"@id":"https:\/\/www.iskreni.net\/trgovina\/product\/odrasli-otroci-custveno-nezrelih-starsev\/#primaryimage"},"image":{"@id":"https:\/\/www.iskreni.net\/trgovina\/product\/odrasli-otroci-custveno-nezrelih-starsev\/#primaryimage"},"thumbnailUrl":"https:\/\/www.iskreni.net\/trgovina\/wp-content\/uploads\/2024\/06\/Slike-za-v-spletno-trgovino-53.jpg","datePublished":"2024-06-07T09:14:26+00:00","dateModified":"2025-06-13T10:16:00+00:00","description":"Priro\u010dnik je namenjen posameznikom, ki so odra\u0161\u010dali s \u010dustveno nezrelimi star\u0161i in se zdaj spopadajo s posledicami izku\u0161enj iz otro\u0161tva na svoje odraslo \u017eivljenje.","breadcrumb":{"@id":"https:\/\/www.iskreni.net\/trgovina\/product\/odrasli-otroci-custveno-nezrelih-starsev\/#breadcrumb"},"inLanguage":"sl-SI","potentialAction":[{"@type":"ReadAction","target":["https:\/\/www.iskreni.net\/trgovina\/product\/odrasli-otroci-custveno-nezrelih-starsev\/"]}]},{"@type":"ImageObject","inLanguage":"sl-SI","@id":"https:\/\/www.iskreni.net\/trgovina\/product\/odrasli-otroci-custveno-nezrelih-starsev\/#primaryimage","url":"https:\/\/www.iskreni.net\/trgovina\/wp-content\/uploads\/2024\/06\/Slike-za-v-spletno-trgovino-53.jpg","contentUrl":"https:\/\/www.iskreni.net\/trgovina\/wp-content\/uploads\/2024\/06\/Slike-za-v-spletno-trgovino-53.jpg","width":600,"height":600},{"@type":"BreadcrumbList","@id":"https:\/\/www.iskreni.net\/trgovina\/product\/odrasli-otroci-custveno-nezrelih-starsev\/#breadcrumb","itemListElement":[{"@type":"ListItem","position":1,"name":"Home","item":"https:\/\/www.iskreni.net\/trgovina\/"},{"@type":"ListItem","position":2,"name":"Trgovina","item":"https:\/\/www.iskreni.net\/trgovina\/trgovina\/"},{"@type":"ListItem","position":3,"name":"Odrasli otroci \u010dustveno nezrelih star\u0161ev"}]},{"@type":"WebSite","@id":"https:\/\/www.iskreni.net\/trgovina\/#website","url":"https:\/\/www.iskreni.net\/trgovina\/","name":"Zavod Iskreni","description":"trgovina","potentialAction":[{"@type":"SearchAction","target":{"@type":"EntryPoint","urlTemplate":"https:\/\/www.iskreni.net\/trgovina\/?s={search_term_string}"},"query-input":{"@type":"PropertyValueSpecification","valueRequired":true,"valueName":"search_term_string"}}],"inLanguage":"sl-SI"}]}},"_links":{"self":[{"href":"https:\/\/www.iskreni.net\/trgovina\/wp-json\/wp\/v2\/product\/75590","targetHints":{"allow":["GET"]}}],"collection":[{"href":"https:\/\/www.iskreni.net\/trgovina\/wp-json\/wp\/v2\/product"}],"about":[{"href":"https:\/\/www.iskreni.net\/trgovina\/wp-json\/wp\/v2\/types\/product"}],"replies":[{"embeddable":true,"href":"https:\/\/www.iskreni.net\/trgovina\/wp-json\/wp\/v2\/comments?post=75590"}],"version-history":[{"count":3,"href":"https:\/\/www.iskreni.net\/trgovina\/wp-json\/wp\/v2\/product\/75590\/revisions"}],"predecessor-version":[{"id":75594,"href":"https:\/\/www.iskreni.net\/trgovina\/wp-json\/wp\/v2\/product\/75590\/revisions\/75594"}],"wp:featuredmedia":[{"embeddable":true,"href":"https:\/\/www.iskreni.net\/trgovina\/wp-json\/wp\/v2\/media\/75592"}],"wp:attachment":[{"href":"https:\/\/www.iskreni.net\/trgovina\/wp-json\/wp\/v2\/media?parent=75590"}],"wp:term":[{"taxonomy":"product_brand","embeddable":true,"href":"https:\/\/www.iskreni.net\/trgovina\/wp-json\/wp\/v2\/product_brand?post=75590"},{"taxonomy":"product_cat","embeddable":true,"href":"https:\/\/www.iskreni.net\/trgovina\/wp-json\/wp\/v2\/product_cat?post=75590"},{"taxonomy":"product_tag","embeddable":true,"href":"https:\/\/www.iskreni.net\/trgovina\/wp-json\/wp\/v2\/product_tag?post=75590"},{"taxonomy":"avtor","embeddable":true,"href":"https:\/\/www.iskreni.net\/trgovina\/wp-json\/wp\/v2\/avtor?post=75590"},{"taxonomy":"zalozba","embeddable":true,"href":"https:\/\/www.iskreni.net\/trgovina\/wp-json\/wp\/v2\/zalozba?post=75590"},{"taxonomy":"vezava","embeddable":true,"href":"https:\/\/www.iskreni.net\/trgovina\/wp-json\/wp\/v2\/vezava?post=75590"}],"curies":[{"name":"wp","href":"https:\/\/api.w.org\/{rel}","templated":true}]}}