{"id":75524,"date":"2024-06-07T09:14:32","date_gmt":"2024-06-07T07:14:32","guid":{"rendered":"https:\/\/www.iskreni.net\/trgovina\/?post_type=product&#038;p=75524"},"modified":"2025-07-11T09:40:46","modified_gmt":"2025-07-11T07:40:46","slug":"pojdi-ven-in-se-igraj","status":"publish","type":"product","link":"https:\/\/www.iskreni.net\/trgovina\/product\/pojdi-ven-in-se-igraj\/","title":{"rendered":"Pojdi ven in se igraj"},"content":{"rendered":"<h4>O knjigi Pojdi ven in se igraj:<\/h4>\n<p>Oblaki so se razkadili in prikazalo se je sonce. \u010cas je, da odlo\u017ei\u0161 telefon in u\u017eiva\u0161 v son\u010dnih \u017earkih, vse dokler sonce ne zaide.<\/p>\n<p>Zunaj lahko po\u010dne\u0161 toliko stvari: igra\u0161 nogomet, ska\u010de\u0161 v vodo, odkriva\u0161 nove \u017eu\u017eelke, zvezde in planete. Izkoristi lep dan na sve\u017eem zraku!<\/p>\n<p>Dandanes vse ve\u010d \u010dasa pre\u017eivljamo znotraj in za zasloni. Domiselna knjiga nas povabi k aktivnemu pre\u017eivljanju \u010dasa na prostem in nas opomni na pomen gibanja za telesno in du\u0161evno zdravje.<\/p>\n","protected":false},"excerpt":{"rendered":"<p><strong>Leto izdaje:<\/strong> 2021<br \/>\n<strong>\u0160tevilo strani:\u00a0<\/strong>25<br \/>\n<strong>Format:<\/strong> 270 x 255 mm<\/p>\n","protected":false},"featured_media":75526,"comment_status":"open","ping_status":"closed","template":"","meta":[],"product_brand":[],"product_cat":[63,135],"product_tag":[],"avtor":[2790,2791],"zalozba":[2787],"vezava":[2306],"class_list":{"0":"post-75524","1":"product","2":"type-product","3":"status-publish","4":"has-post-thumbnail","6":"product_cat-knjige","7":"product_cat-za-otroke","8":"avtor-adam-ciccio","9":"avtor-katrien-benaets","10":"zalozba-epistola","11":"vezava-trda","13":"first","14":"onbackorder","15":"taxable","16":"shipping-taxable","17":"purchasable","18":"product-type-simple"},"yoast_head":"<!-- This site is optimized with the Yoast SEO plugin v26.3 - https:\/\/yoast.com\/wordpress\/plugins\/seo\/ -->\n<title>Pojdi ven in se igraj - trgovina iskreni<\/title>\n<meta name=\"description\" content=\"Dandanes vse ve\u010d \u010dasa pre\u017eivljamo znotraj in za zasloni. Domiselna knjiga nas povabi k aktivnemu pre\u017eivljanju \u010dasa na prostem in nas opomni na pomen gibanja za telesno in du\u0161evno zdravje.\" \/>\n<meta name=\"robots\" content=\"index, follow, max-snippet:-1, max-image-preview:large, max-video-preview:-1\" \/>\n<link rel=\"canonical\" href=\"https:\/\/www.iskreni.net\/trgovina\/product\/pojdi-ven-in-se-igraj\/\" \/>\n<meta property=\"og:locale\" content=\"sl_SI\" \/>\n<meta property=\"og:type\" content=\"article\" \/>\n<meta property=\"og:title\" content=\"Pojdi ven in se igraj\" \/>\n<meta property=\"og:description\" content=\"Dandanes vse ve\u010d \u010dasa pre\u017eivljamo znotraj in za zasloni. Domiselna knjiga nas povabi k aktivnemu pre\u017eivljanju \u010dasa na prostem in nas opomni na pomen gibanja za telesno in du\u0161evno zdravje.\" \/>\n<meta property=\"og:url\" content=\"https:\/\/www.iskreni.net\/trgovina\/product\/pojdi-ven-in-se-igraj\/\" \/>\n<meta property=\"og:site_name\" content=\"Zavod Iskreni\" \/>\n<meta property=\"article:modified_time\" content=\"2025-07-11T07:40:46+00:00\" \/>\n<meta property=\"og:image\" content=\"https:\/\/www.iskreni.net\/trgovina\/wp-content\/uploads\/2024\/06\/Slike-za-v-spletno-trgovino-72.jpg\" \/>\n\t<meta property=\"og:image:width\" content=\"600\" \/>\n\t<meta property=\"og:image:height\" content=\"600\" \/>\n\t<meta property=\"og:image:type\" content=\"image\/jpeg\" \/>\n<meta name=\"twitter:card\" content=\"summary_large_image\" \/>\n<meta name=\"twitter:label1\" content=\"Est. reading time\" \/>\n\t<meta name=\"twitter:data1\" content=\"1 minuta\" \/>\n<script type=\"application\/ld+json\" class=\"yoast-schema-graph\">{\"@context\":\"https:\/\/schema.org\",\"@graph\":[{\"@type\":\"WebPage\",\"@id\":\"https:\/\/www.iskreni.net\/trgovina\/product\/pojdi-ven-in-se-igraj\/\",\"url\":\"https:\/\/www.iskreni.net\/trgovina\/product\/pojdi-ven-in-se-igraj\/\",\"name\":\"Pojdi ven in se igraj - trgovina iskreni\",\"isPartOf\":{\"@id\":\"https:\/\/www.iskreni.net\/trgovina\/#website\"},\"primaryImageOfPage\":{\"@id\":\"https:\/\/www.iskreni.net\/trgovina\/product\/pojdi-ven-in-se-igraj\/#primaryimage\"},\"image\":{\"@id\":\"https:\/\/www.iskreni.net\/trgovina\/product\/pojdi-ven-in-se-igraj\/#primaryimage\"},\"thumbnailUrl\":\"https:\/\/www.iskreni.net\/trgovina\/wp-content\/uploads\/2024\/06\/Slike-za-v-spletno-trgovino-72.jpg\",\"datePublished\":\"2024-06-07T07:14:32+00:00\",\"dateModified\":\"2025-07-11T07:40:46+00:00\",\"description\":\"Dandanes vse ve\u010d \u010dasa pre\u017eivljamo znotraj in za zasloni. Domiselna knjiga nas povabi k aktivnemu pre\u017eivljanju \u010dasa na prostem in nas opomni na pomen gibanja za telesno in du\u0161evno zdravje.\",\"breadcrumb\":{\"@id\":\"https:\/\/www.iskreni.net\/trgovina\/product\/pojdi-ven-in-se-igraj\/#breadcrumb\"},\"inLanguage\":\"sl-SI\",\"potentialAction\":[{\"@type\":\"ReadAction\",\"target\":[\"https:\/\/www.iskreni.net\/trgovina\/product\/pojdi-ven-in-se-igraj\/\"]}]},{\"@type\":\"ImageObject\",\"inLanguage\":\"sl-SI\",\"@id\":\"https:\/\/www.iskreni.net\/trgovina\/product\/pojdi-ven-in-se-igraj\/#primaryimage\",\"url\":\"https:\/\/www.iskreni.net\/trgovina\/wp-content\/uploads\/2024\/06\/Slike-za-v-spletno-trgovino-72.jpg\",\"contentUrl\":\"https:\/\/www.iskreni.net\/trgovina\/wp-content\/uploads\/2024\/06\/Slike-za-v-spletno-trgovino-72.jpg\",\"width\":600,\"height\":600},{\"@type\":\"BreadcrumbList\",\"@id\":\"https:\/\/www.iskreni.net\/trgovina\/product\/pojdi-ven-in-se-igraj\/#breadcrumb\",\"itemListElement\":[{\"@type\":\"ListItem\",\"position\":1,\"name\":\"Home\",\"item\":\"https:\/\/www.iskreni.net\/trgovina\/\"},{\"@type\":\"ListItem\",\"position\":2,\"name\":\"Trgovina\",\"item\":\"https:\/\/www.iskreni.net\/trgovina\/trgovina\/\"},{\"@type\":\"ListItem\",\"position\":3,\"name\":\"Pojdi ven in se igraj\"}]},{\"@type\":\"WebSite\",\"@id\":\"https:\/\/www.iskreni.net\/trgovina\/#website\",\"url\":\"https:\/\/www.iskreni.net\/trgovina\/\",\"name\":\"Zavod Iskreni\",\"description\":\"trgovina\",\"potentialAction\":[{\"@type\":\"SearchAction\",\"target\":{\"@type\":\"EntryPoint\",\"urlTemplate\":\"https:\/\/www.iskreni.net\/trgovina\/?s={search_term_string}\"},\"query-input\":{\"@type\":\"PropertyValueSpecification\",\"valueRequired\":true,\"valueName\":\"search_term_string\"}}],\"inLanguage\":\"sl-SI\"}]}<\/script>\n<!-- \/ Yoast SEO plugin. -->","yoast_head_json":{"title":"Pojdi ven in se igraj - trgovina iskreni","description":"Dandanes vse ve\u010d \u010dasa pre\u017eivljamo znotraj in za zasloni. Domiselna knjiga nas povabi k aktivnemu pre\u017eivljanju \u010dasa na prostem in nas opomni na pomen gibanja za telesno in du\u0161evno zdravje.","robots":{"index":"index","follow":"follow","max-snippet":"max-snippet:-1","max-image-preview":"max-image-preview:large","max-video-preview":"max-video-preview:-1"},"canonical":"https:\/\/www.iskreni.net\/trgovina\/product\/pojdi-ven-in-se-igraj\/","og_locale":"sl_SI","og_type":"article","og_title":"Pojdi ven in se igraj","og_description":"Dandanes vse ve\u010d \u010dasa pre\u017eivljamo znotraj in za zasloni. Domiselna knjiga nas povabi k aktivnemu pre\u017eivljanju \u010dasa na prostem in nas opomni na pomen gibanja za telesno in du\u0161evno zdravje.","og_url":"https:\/\/www.iskreni.net\/trgovina\/product\/pojdi-ven-in-se-igraj\/","og_site_name":"Zavod Iskreni","article_modified_time":"2025-07-11T07:40:46+00:00","og_image":[{"width":600,"height":600,"url":"https:\/\/www.iskreni.net\/trgovina\/wp-content\/uploads\/2024\/06\/Slike-za-v-spletno-trgovino-72.jpg","type":"image\/jpeg"}],"twitter_card":"summary_large_image","twitter_misc":{"Est. reading time":"1 minuta"},"schema":{"@context":"https:\/\/schema.org","@graph":[{"@type":"WebPage","@id":"https:\/\/www.iskreni.net\/trgovina\/product\/pojdi-ven-in-se-igraj\/","url":"https:\/\/www.iskreni.net\/trgovina\/product\/pojdi-ven-in-se-igraj\/","name":"Pojdi ven in se igraj - trgovina iskreni","isPartOf":{"@id":"https:\/\/www.iskreni.net\/trgovina\/#website"},"primaryImageOfPage":{"@id":"https:\/\/www.iskreni.net\/trgovina\/product\/pojdi-ven-in-se-igraj\/#primaryimage"},"image":{"@id":"https:\/\/www.iskreni.net\/trgovina\/product\/pojdi-ven-in-se-igraj\/#primaryimage"},"thumbnailUrl":"https:\/\/www.iskreni.net\/trgovina\/wp-content\/uploads\/2024\/06\/Slike-za-v-spletno-trgovino-72.jpg","datePublished":"2024-06-07T07:14:32+00:00","dateModified":"2025-07-11T07:40:46+00:00","description":"Dandanes vse ve\u010d \u010dasa pre\u017eivljamo znotraj in za zasloni. Domiselna knjiga nas povabi k aktivnemu pre\u017eivljanju \u010dasa na prostem in nas opomni na pomen gibanja za telesno in du\u0161evno zdravje.","breadcrumb":{"@id":"https:\/\/www.iskreni.net\/trgovina\/product\/pojdi-ven-in-se-igraj\/#breadcrumb"},"inLanguage":"sl-SI","potentialAction":[{"@type":"ReadAction","target":["https:\/\/www.iskreni.net\/trgovina\/product\/pojdi-ven-in-se-igraj\/"]}]},{"@type":"ImageObject","inLanguage":"sl-SI","@id":"https:\/\/www.iskreni.net\/trgovina\/product\/pojdi-ven-in-se-igraj\/#primaryimage","url":"https:\/\/www.iskreni.net\/trgovina\/wp-content\/uploads\/2024\/06\/Slike-za-v-spletno-trgovino-72.jpg","contentUrl":"https:\/\/www.iskreni.net\/trgovina\/wp-content\/uploads\/2024\/06\/Slike-za-v-spletno-trgovino-72.jpg","width":600,"height":600},{"@type":"BreadcrumbList","@id":"https:\/\/www.iskreni.net\/trgovina\/product\/pojdi-ven-in-se-igraj\/#breadcrumb","itemListElement":[{"@type":"ListItem","position":1,"name":"Home","item":"https:\/\/www.iskreni.net\/trgovina\/"},{"@type":"ListItem","position":2,"name":"Trgovina","item":"https:\/\/www.iskreni.net\/trgovina\/trgovina\/"},{"@type":"ListItem","position":3,"name":"Pojdi ven in se igraj"}]},{"@type":"WebSite","@id":"https:\/\/www.iskreni.net\/trgovina\/#website","url":"https:\/\/www.iskreni.net\/trgovina\/","name":"Zavod Iskreni","description":"trgovina","potentialAction":[{"@type":"SearchAction","target":{"@type":"EntryPoint","urlTemplate":"https:\/\/www.iskreni.net\/trgovina\/?s={search_term_string}"},"query-input":{"@type":"PropertyValueSpecification","valueRequired":true,"valueName":"search_term_string"}}],"inLanguage":"sl-SI"}]}},"_links":{"self":[{"href":"https:\/\/www.iskreni.net\/trgovina\/wp-json\/wp\/v2\/product\/75524","targetHints":{"allow":["GET"]}}],"collection":[{"href":"https:\/\/www.iskreni.net\/trgovina\/wp-json\/wp\/v2\/product"}],"about":[{"href":"https:\/\/www.iskreni.net\/trgovina\/wp-json\/wp\/v2\/types\/product"}],"replies":[{"embeddable":true,"href":"https:\/\/www.iskreni.net\/trgovina\/wp-json\/wp\/v2\/comments?post=75524"}],"version-history":[{"count":2,"href":"https:\/\/www.iskreni.net\/trgovina\/wp-json\/wp\/v2\/product\/75524\/revisions"}],"predecessor-version":[{"id":75527,"href":"https:\/\/www.iskreni.net\/trgovina\/wp-json\/wp\/v2\/product\/75524\/revisions\/75527"}],"wp:featuredmedia":[{"embeddable":true,"href":"https:\/\/www.iskreni.net\/trgovina\/wp-json\/wp\/v2\/media\/75526"}],"wp:attachment":[{"href":"https:\/\/www.iskreni.net\/trgovina\/wp-json\/wp\/v2\/media?parent=75524"}],"wp:term":[{"taxonomy":"product_brand","embeddable":true,"href":"https:\/\/www.iskreni.net\/trgovina\/wp-json\/wp\/v2\/product_brand?post=75524"},{"taxonomy":"product_cat","embeddable":true,"href":"https:\/\/www.iskreni.net\/trgovina\/wp-json\/wp\/v2\/product_cat?post=75524"},{"taxonomy":"product_tag","embeddable":true,"href":"https:\/\/www.iskreni.net\/trgovina\/wp-json\/wp\/v2\/product_tag?post=75524"},{"taxonomy":"avtor","embeddable":true,"href":"https:\/\/www.iskreni.net\/trgovina\/wp-json\/wp\/v2\/avtor?post=75524"},{"taxonomy":"zalozba","embeddable":true,"href":"https:\/\/www.iskreni.net\/trgovina\/wp-json\/wp\/v2\/zalozba?post=75524"},{"taxonomy":"vezava","embeddable":true,"href":"https:\/\/www.iskreni.net\/trgovina\/wp-json\/wp\/v2\/vezava?post=75524"}],"curies":[{"name":"wp","href":"https:\/\/api.w.org\/{rel}","templated":true}]}}