{"id":75508,"date":"2024-06-07T08:47:06","date_gmt":"2024-06-07T06:47:06","guid":{"rendered":"https:\/\/www.iskreni.net\/trgovina\/?post_type=product&#038;p=75508"},"modified":"2025-07-11T09:41:06","modified_gmt":"2025-07-11T07:41:06","slug":"zrebicek-junak-in-carobni-korak","status":"publish","type":"product","link":"https:\/\/www.iskreni.net\/trgovina\/product\/zrebicek-junak-in-carobni-korak\/","title":{"rendered":"\u017drebi\u010dek junak in \u010darobni korak"},"content":{"rendered":"<h4>O knjigi \u017drebi\u010dek junak in \u010darobni korak:<\/h4>\n<p>Neko\u010d se je v hlevu, v de\u017eeli, ki ji pravimo Kras, skotil \u010drn \u017erebi\u010dek. Mama je bila nanj zelo ponosna, \u010deprav so ga zaradi barve dlake ostali zasmehovali. Z leti pa je \u017erebi\u010dek postajal vse bolj krepak in spreten ter se na koncu spremenil v prelepega belega konja &#8211; lipicanca.<\/p>\n<p>Zgodba predstavi enega najbolj markantnih slovenskih simbolov &#8211; lipicanca. Bralec se s pomo\u010djo prelepega besedila seznanja z njegovimi zna\u010dilnostmi in posebnostmi de\u017eele, kjer prebiva &#8211; Krasa. Vsem skupaj pa sporo\u010da, da se moramo na poti do popolnega sprejemanja druga\u010dnosti \u0161e marsi\u010desa nau\u010diti.<\/p>\n<p>&nbsp;<\/p>\n","protected":false},"excerpt":{"rendered":"<p><strong>Leto izdaje:<\/strong> 2020<br \/>\n<strong>\u0160tevilo strani:<\/strong> 32<br \/>\n<strong>Format:<\/strong> 240 x 290 mm<\/p>\n","protected":false},"featured_media":75511,"comment_status":"open","ping_status":"closed","template":"","meta":[],"product_brand":[],"product_cat":[63,135],"product_tag":[],"avtor":[2788],"zalozba":[2787],"vezava":[2306],"class_list":{"0":"post-75508","1":"product","2":"type-product","3":"status-publish","4":"has-post-thumbnail","6":"product_cat-knjige","7":"product_cat-za-otroke","8":"avtor-polona-sergon","9":"zalozba-epistola","10":"vezava-trda","12":"first","13":"onbackorder","14":"taxable","15":"shipping-taxable","16":"purchasable","17":"product-type-simple"},"yoast_head":"<!-- This site is optimized with the Yoast SEO plugin v26.3 - https:\/\/yoast.com\/wordpress\/plugins\/seo\/ -->\n<title>\u017drebi\u010dek junak in \u010darobni korak - trgovina iskreni<\/title>\n<meta name=\"description\" content=\"Neko\u010d se je v hlevu, v de\u017eeli, ki ji pravimo Kras, skotil \u010drn \u017erebi\u010dek. Mama je bila nanj zelo ponosna, \u010deprav so ga zaradi barve dlake ostali zasmehovali. Z leti pa je \u017erebi\u010dek postajal vse bolj krepak in spreten ter se na koncu spremenil v prelepega belega konja - lipicanca.\" \/>\n<meta name=\"robots\" content=\"index, follow, max-snippet:-1, max-image-preview:large, max-video-preview:-1\" \/>\n<link rel=\"canonical\" href=\"https:\/\/www.iskreni.net\/trgovina\/product\/zrebicek-junak-in-carobni-korak\/\" \/>\n<meta property=\"og:locale\" content=\"sl_SI\" \/>\n<meta property=\"og:type\" content=\"article\" \/>\n<meta property=\"og:title\" content=\"\u017drebi\u010dek junak in \u010darobni korak\" \/>\n<meta property=\"og:description\" content=\"Neko\u010d se je v hlevu, v de\u017eeli, ki ji pravimo Kras, skotil \u010drn \u017erebi\u010dek. Mama je bila nanj zelo ponosna, \u010deprav so ga zaradi barve dlake ostali zasmehovali. Z leti pa je \u017erebi\u010dek postajal vse bolj krepak in spreten ter se na koncu spremenil v prelepega belega konja - lipicanca.\" \/>\n<meta property=\"og:url\" content=\"https:\/\/www.iskreni.net\/trgovina\/product\/zrebicek-junak-in-carobni-korak\/\" \/>\n<meta property=\"og:site_name\" content=\"Zavod Iskreni\" \/>\n<meta property=\"article:modified_time\" content=\"2025-07-11T07:41:06+00:00\" \/>\n<meta property=\"og:image\" content=\"https:\/\/www.iskreni.net\/trgovina\/wp-content\/uploads\/2024\/06\/Slike-za-v-spletno-trgovino-69.jpg\" \/>\n\t<meta property=\"og:image:width\" content=\"600\" \/>\n\t<meta property=\"og:image:height\" content=\"600\" \/>\n\t<meta property=\"og:image:type\" content=\"image\/jpeg\" \/>\n<meta name=\"twitter:card\" content=\"summary_large_image\" \/>\n<meta name=\"twitter:label1\" content=\"Est. reading time\" \/>\n\t<meta name=\"twitter:data1\" content=\"1 minuta\" \/>\n<script type=\"application\/ld+json\" class=\"yoast-schema-graph\">{\"@context\":\"https:\/\/schema.org\",\"@graph\":[{\"@type\":\"WebPage\",\"@id\":\"https:\/\/www.iskreni.net\/trgovina\/product\/zrebicek-junak-in-carobni-korak\/\",\"url\":\"https:\/\/www.iskreni.net\/trgovina\/product\/zrebicek-junak-in-carobni-korak\/\",\"name\":\"\u017drebi\u010dek junak in \u010darobni korak - trgovina iskreni\",\"isPartOf\":{\"@id\":\"https:\/\/www.iskreni.net\/trgovina\/#website\"},\"primaryImageOfPage\":{\"@id\":\"https:\/\/www.iskreni.net\/trgovina\/product\/zrebicek-junak-in-carobni-korak\/#primaryimage\"},\"image\":{\"@id\":\"https:\/\/www.iskreni.net\/trgovina\/product\/zrebicek-junak-in-carobni-korak\/#primaryimage\"},\"thumbnailUrl\":\"https:\/\/www.iskreni.net\/trgovina\/wp-content\/uploads\/2024\/06\/Slike-za-v-spletno-trgovino-69.jpg\",\"datePublished\":\"2024-06-07T06:47:06+00:00\",\"dateModified\":\"2025-07-11T07:41:06+00:00\",\"description\":\"Neko\u010d se je v hlevu, v de\u017eeli, ki ji pravimo Kras, skotil \u010drn \u017erebi\u010dek. Mama je bila nanj zelo ponosna, \u010deprav so ga zaradi barve dlake ostali zasmehovali. Z leti pa je \u017erebi\u010dek postajal vse bolj krepak in spreten ter se na koncu spremenil v prelepega belega konja - lipicanca.\",\"breadcrumb\":{\"@id\":\"https:\/\/www.iskreni.net\/trgovina\/product\/zrebicek-junak-in-carobni-korak\/#breadcrumb\"},\"inLanguage\":\"sl-SI\",\"potentialAction\":[{\"@type\":\"ReadAction\",\"target\":[\"https:\/\/www.iskreni.net\/trgovina\/product\/zrebicek-junak-in-carobni-korak\/\"]}]},{\"@type\":\"ImageObject\",\"inLanguage\":\"sl-SI\",\"@id\":\"https:\/\/www.iskreni.net\/trgovina\/product\/zrebicek-junak-in-carobni-korak\/#primaryimage\",\"url\":\"https:\/\/www.iskreni.net\/trgovina\/wp-content\/uploads\/2024\/06\/Slike-za-v-spletno-trgovino-69.jpg\",\"contentUrl\":\"https:\/\/www.iskreni.net\/trgovina\/wp-content\/uploads\/2024\/06\/Slike-za-v-spletno-trgovino-69.jpg\",\"width\":600,\"height\":600},{\"@type\":\"BreadcrumbList\",\"@id\":\"https:\/\/www.iskreni.net\/trgovina\/product\/zrebicek-junak-in-carobni-korak\/#breadcrumb\",\"itemListElement\":[{\"@type\":\"ListItem\",\"position\":1,\"name\":\"Home\",\"item\":\"https:\/\/www.iskreni.net\/trgovina\/\"},{\"@type\":\"ListItem\",\"position\":2,\"name\":\"Trgovina\",\"item\":\"https:\/\/www.iskreni.net\/trgovina\/trgovina\/\"},{\"@type\":\"ListItem\",\"position\":3,\"name\":\"\u017drebi\u010dek junak in \u010darobni korak\"}]},{\"@type\":\"WebSite\",\"@id\":\"https:\/\/www.iskreni.net\/trgovina\/#website\",\"url\":\"https:\/\/www.iskreni.net\/trgovina\/\",\"name\":\"Zavod Iskreni\",\"description\":\"trgovina\",\"potentialAction\":[{\"@type\":\"SearchAction\",\"target\":{\"@type\":\"EntryPoint\",\"urlTemplate\":\"https:\/\/www.iskreni.net\/trgovina\/?s={search_term_string}\"},\"query-input\":{\"@type\":\"PropertyValueSpecification\",\"valueRequired\":true,\"valueName\":\"search_term_string\"}}],\"inLanguage\":\"sl-SI\"}]}<\/script>\n<!-- \/ Yoast SEO plugin. -->","yoast_head_json":{"title":"\u017drebi\u010dek junak in \u010darobni korak - trgovina iskreni","description":"Neko\u010d se je v hlevu, v de\u017eeli, ki ji pravimo Kras, skotil \u010drn \u017erebi\u010dek. Mama je bila nanj zelo ponosna, \u010deprav so ga zaradi barve dlake ostali zasmehovali. Z leti pa je \u017erebi\u010dek postajal vse bolj krepak in spreten ter se na koncu spremenil v prelepega belega konja - lipicanca.","robots":{"index":"index","follow":"follow","max-snippet":"max-snippet:-1","max-image-preview":"max-image-preview:large","max-video-preview":"max-video-preview:-1"},"canonical":"https:\/\/www.iskreni.net\/trgovina\/product\/zrebicek-junak-in-carobni-korak\/","og_locale":"sl_SI","og_type":"article","og_title":"\u017drebi\u010dek junak in \u010darobni korak","og_description":"Neko\u010d se je v hlevu, v de\u017eeli, ki ji pravimo Kras, skotil \u010drn \u017erebi\u010dek. Mama je bila nanj zelo ponosna, \u010deprav so ga zaradi barve dlake ostali zasmehovali. Z leti pa je \u017erebi\u010dek postajal vse bolj krepak in spreten ter se na koncu spremenil v prelepega belega konja - lipicanca.","og_url":"https:\/\/www.iskreni.net\/trgovina\/product\/zrebicek-junak-in-carobni-korak\/","og_site_name":"Zavod Iskreni","article_modified_time":"2025-07-11T07:41:06+00:00","og_image":[{"width":600,"height":600,"url":"https:\/\/www.iskreni.net\/trgovina\/wp-content\/uploads\/2024\/06\/Slike-za-v-spletno-trgovino-69.jpg","type":"image\/jpeg"}],"twitter_card":"summary_large_image","twitter_misc":{"Est. reading time":"1 minuta"},"schema":{"@context":"https:\/\/schema.org","@graph":[{"@type":"WebPage","@id":"https:\/\/www.iskreni.net\/trgovina\/product\/zrebicek-junak-in-carobni-korak\/","url":"https:\/\/www.iskreni.net\/trgovina\/product\/zrebicek-junak-in-carobni-korak\/","name":"\u017drebi\u010dek junak in \u010darobni korak - trgovina iskreni","isPartOf":{"@id":"https:\/\/www.iskreni.net\/trgovina\/#website"},"primaryImageOfPage":{"@id":"https:\/\/www.iskreni.net\/trgovina\/product\/zrebicek-junak-in-carobni-korak\/#primaryimage"},"image":{"@id":"https:\/\/www.iskreni.net\/trgovina\/product\/zrebicek-junak-in-carobni-korak\/#primaryimage"},"thumbnailUrl":"https:\/\/www.iskreni.net\/trgovina\/wp-content\/uploads\/2024\/06\/Slike-za-v-spletno-trgovino-69.jpg","datePublished":"2024-06-07T06:47:06+00:00","dateModified":"2025-07-11T07:41:06+00:00","description":"Neko\u010d se je v hlevu, v de\u017eeli, ki ji pravimo Kras, skotil \u010drn \u017erebi\u010dek. Mama je bila nanj zelo ponosna, \u010deprav so ga zaradi barve dlake ostali zasmehovali. Z leti pa je \u017erebi\u010dek postajal vse bolj krepak in spreten ter se na koncu spremenil v prelepega belega konja - lipicanca.","breadcrumb":{"@id":"https:\/\/www.iskreni.net\/trgovina\/product\/zrebicek-junak-in-carobni-korak\/#breadcrumb"},"inLanguage":"sl-SI","potentialAction":[{"@type":"ReadAction","target":["https:\/\/www.iskreni.net\/trgovina\/product\/zrebicek-junak-in-carobni-korak\/"]}]},{"@type":"ImageObject","inLanguage":"sl-SI","@id":"https:\/\/www.iskreni.net\/trgovina\/product\/zrebicek-junak-in-carobni-korak\/#primaryimage","url":"https:\/\/www.iskreni.net\/trgovina\/wp-content\/uploads\/2024\/06\/Slike-za-v-spletno-trgovino-69.jpg","contentUrl":"https:\/\/www.iskreni.net\/trgovina\/wp-content\/uploads\/2024\/06\/Slike-za-v-spletno-trgovino-69.jpg","width":600,"height":600},{"@type":"BreadcrumbList","@id":"https:\/\/www.iskreni.net\/trgovina\/product\/zrebicek-junak-in-carobni-korak\/#breadcrumb","itemListElement":[{"@type":"ListItem","position":1,"name":"Home","item":"https:\/\/www.iskreni.net\/trgovina\/"},{"@type":"ListItem","position":2,"name":"Trgovina","item":"https:\/\/www.iskreni.net\/trgovina\/trgovina\/"},{"@type":"ListItem","position":3,"name":"\u017drebi\u010dek junak in \u010darobni korak"}]},{"@type":"WebSite","@id":"https:\/\/www.iskreni.net\/trgovina\/#website","url":"https:\/\/www.iskreni.net\/trgovina\/","name":"Zavod Iskreni","description":"trgovina","potentialAction":[{"@type":"SearchAction","target":{"@type":"EntryPoint","urlTemplate":"https:\/\/www.iskreni.net\/trgovina\/?s={search_term_string}"},"query-input":{"@type":"PropertyValueSpecification","valueRequired":true,"valueName":"search_term_string"}}],"inLanguage":"sl-SI"}]}},"_links":{"self":[{"href":"https:\/\/www.iskreni.net\/trgovina\/wp-json\/wp\/v2\/product\/75508","targetHints":{"allow":["GET"]}}],"collection":[{"href":"https:\/\/www.iskreni.net\/trgovina\/wp-json\/wp\/v2\/product"}],"about":[{"href":"https:\/\/www.iskreni.net\/trgovina\/wp-json\/wp\/v2\/types\/product"}],"replies":[{"embeddable":true,"href":"https:\/\/www.iskreni.net\/trgovina\/wp-json\/wp\/v2\/comments?post=75508"}],"version-history":[{"count":3,"href":"https:\/\/www.iskreni.net\/trgovina\/wp-json\/wp\/v2\/product\/75508\/revisions"}],"predecessor-version":[{"id":75523,"href":"https:\/\/www.iskreni.net\/trgovina\/wp-json\/wp\/v2\/product\/75508\/revisions\/75523"}],"wp:featuredmedia":[{"embeddable":true,"href":"https:\/\/www.iskreni.net\/trgovina\/wp-json\/wp\/v2\/media\/75511"}],"wp:attachment":[{"href":"https:\/\/www.iskreni.net\/trgovina\/wp-json\/wp\/v2\/media?parent=75508"}],"wp:term":[{"taxonomy":"product_brand","embeddable":true,"href":"https:\/\/www.iskreni.net\/trgovina\/wp-json\/wp\/v2\/product_brand?post=75508"},{"taxonomy":"product_cat","embeddable":true,"href":"https:\/\/www.iskreni.net\/trgovina\/wp-json\/wp\/v2\/product_cat?post=75508"},{"taxonomy":"product_tag","embeddable":true,"href":"https:\/\/www.iskreni.net\/trgovina\/wp-json\/wp\/v2\/product_tag?post=75508"},{"taxonomy":"avtor","embeddable":true,"href":"https:\/\/www.iskreni.net\/trgovina\/wp-json\/wp\/v2\/avtor?post=75508"},{"taxonomy":"zalozba","embeddable":true,"href":"https:\/\/www.iskreni.net\/trgovina\/wp-json\/wp\/v2\/zalozba?post=75508"},{"taxonomy":"vezava","embeddable":true,"href":"https:\/\/www.iskreni.net\/trgovina\/wp-json\/wp\/v2\/vezava?post=75508"}],"curies":[{"name":"wp","href":"https:\/\/api.w.org\/{rel}","templated":true}]}}