{"id":75482,"date":"2024-06-06T14:59:51","date_gmt":"2024-06-06T12:59:51","guid":{"rendered":"https:\/\/www.iskreni.net\/trgovina\/?post_type=product&#038;p=75482"},"modified":"2026-03-13T11:23:30","modified_gmt":"2026-03-13T10:23:30","slug":"otroci-nas-potrebujejo","status":"publish","type":"product","link":"https:\/\/www.iskreni.net\/trgovina\/product\/otroci-nas-potrebujejo\/","title":{"rendered":"Otroci nas potrebujejo"},"content":{"rendered":"<p>Vodilni mednarodni strokovnjak za razvoj otrok, dr. Gordon Neufeld, se skupaj s priznanim avtorjem dr. Gaborjem Mat\u00e9jem loti enega najbolj zaskrbljujo\u010dih trendov na\u0161ega \u010dasa:<\/p>\n<p><strong>Otroci dana\u0161njega \u010dasa imajo svoje vrstnike za vzor \u2013 glede svojih vrednot, identitete in pravil obna\u0161anja.<\/strong><\/p>\n<p>Ta \u00bbvrstni\u0161ka usmerjenost\u00ab spodkopava povezanost dru\u017eine, moti zdrav razvoj ter spodbuja sovra\u017eno in s spolnostjo pre\u017eeto kulturo mladih. Otroci na koncu postanejo preve\u010d konformisti\u010dni, neob\u010dutljivi in odtujeni, biti \u00bbkul\u00ab pa jim je najpomembneje.<\/p>\n<hr \/>\n<p>Knjiga\u00a0<em>Otroci nas potrebujejo<\/em>\u00a0pojasnjuje vzroke za ta pomemben upad star\u0161evskega vpliva \u2013 in poka\u017ee, kako se \u00bbponovno navezati\u00ab na sinove in h\u010derke, doma vzpostaviti ustrezno hierarhijo, dati otrokom ob\u010dutek varnosti in razumljenosti ter si ponovno pridobiti otrokovo privr\u017eenost in ljubezen.<\/p>\n<p><strong>Posebej obravnava tudi izzive, s katerimi se sre\u010dujejo star\u0161i in kakr\u0161nih \u0161e ni bilo, \u0161e zlasti teh, ki izvirajo iz porasta elektronskih naprav in dru\u017ebenih medijev.<\/strong><\/p>\n<hr \/>\n<p>Dopolnjena izdaja vsebuje dodatno, 21. poglavje z naslovom:<br \/>\n<strong>POSLEDICE PANDEMIJE:\u00a0VRSTNI\u0160KA USMERJENOST IN KRIZA\u00a0DU\u0160EVNEGA ZDRAVJA MLADIH.<\/strong><\/p>\n<p>Neufeld in Mat\u00e9 bosta s tem, da pomagata ponovno prebuditi instinkte, ki so v vseh nas, star\u0161e opolnomo\u010dila, da postanejo to, kar bi naravno morali biti: pravi vir stika, varnosti in topline svojim otrokom.<\/p>\n<hr \/>\n<p><em>\u00bb<\/em><strong><em>Kaj mi lahko ponudi ta knjiga? Naj jo sploh preberem?\u00a0<\/em><\/strong><em><strong>Bojim se, da bom iz nje izvedela predvsem, kaj vse sem naredila narobe in zamudila, to pa mi bo prineslo predvsem bole\u010dino.<\/strong>\u00a0Vseeno sem premagala tesnobo in odpor in se je lotila, predvsem zaradi soavtorstva Gaborja Mateja, ki me s svojim izvirnim humanisti\u010dnim ter strokovno in prakti\u010dno utemeljenim prispevkom k vsestranskemu zdravju ljudi, \u0161e posebno otrok, vedno znova prepri\u010da in navdahne.<\/em><\/p>\n<p><strong><em>Izkazalo se je, da mi je v dneh, ko se nisem znala ali zmogla pribli\u017eati otrokom, vlila pogum s sporo\u010dilom, da me moji \u017ee veliki otroci \u0161e vedno in \u0161e kako potrebujejo!<\/em><\/strong><\/p>\n<p><em>V \u010dasu, ko mogo\u010dne sile v dana\u0161nji dru\u017ebi in na\u010dinu \u017eivljenja star\u0161e fizi\u010dno in psihi\u010dno lo\u010dujejo od otrok ter njih od nas, da bi se \u010dim prej osamosvojili in se usposobili za \u017eivljenje v &#8216;resni\u010dnem svetu&#8217;, nam avtorja sporo\u010data, da otroci lahko zrastejo in dozorijo v samostojnost samo v odnosu z odraslim, v katerem je do konca zadovoljena njihova (in ob\u010de\u010dlove\u0161ka) globoka potreba po navezanosti in odvisnosti.<\/em><\/p>\n<p><em><strong>Samo v ljube\u010dem pogledu nekoga, ki jih ho\u010de poznati iz srca in mu je globoko mar zanje, se lahko ustavijo, umirijo, spo\u010dijejo in si naberejo mo\u010di za nadaljnje korake v danes tako zahtevni svet<\/strong>. \u0160ola, odnosi z vrstniki, ulica in splet so za otroke prostor zahtevnega u\u010denja, tekmovanja in nara\u0161\u010dajo\u010dega nasilja. Samoumevno se nam zdi, da nas kot temeljni prostor varnosti potrebujejo dojen\u010dki in mal\u010dki, a ne zavedamo se tega, da nas kot svoj zapik potrebujejo tudi starej\u0161i otroci in najstniki, dokler niso v vseh pogledih zmo\u017eni za neodvisno \u017eivljenje.<\/em><\/p>\n<p><em><strong>Kadar so na\u0161i otroci te\u017eavni in se vedejo nemogo\u010de, nam sporo\u010dajo, da smo jih zapustili, da se je njihova navezanost zato obrnila drugam in da v resnici pogre\u0161ajo na\u0161o pristno, podporno in brezpogojno prisotnost.<\/strong>\u00a0Hrepenijo po nas &#8211; po tem, da bi jih uzrli, da bi jih z veseljem presenetili z ljube\u010do gesto kar tako, da bi poiskali in izrazili svojo pristno hvale\u017enost zanje.<\/em><\/p>\n<p><em><strong>Ob branju sem spoznala, da svoje otroke pogosto prepustim vrstnikom in drugim okoljem, da jih vodijo.<\/strong>\u00a0Ne potegujem se za to, da bi ostali navezani name. Moji razlogi so, da se pogosto ne \u010dutim doraslo njihovim potrebam in dovolj vredno zanje ali pa sem iz\u010drpana in odsotna; vsak ima svoje.\u00a0 Zelo pa si \u017eelim povezanosti z njimi in \u010dutim, da nikomur ni dobro, kadar je ni. Vem, da sem kot odrasla odgovorna za odnos z otroki, a me pomirja in opolnomo\u010da dejstvo, da ob vsem vzemirljivem mehur\u010dkastem navdu\u0161enju, za katerim gredo zdaj tudi moji otroci, ki so \u017ee blizu odraslosti, v sebi \u0161e vedno potrebujejo prav mene.<\/em><\/p>\n<p><strong><em>Ganjena od novega spoznanja sem tisti ve\u010der lahko odlo\u017eila svojo nemo\u010d, jezo in bole\u010dino zavrnjenosti, izpustila vzgojne strategije, zahteve ter pri\u010dakovanja do otrok.<\/em><\/strong><\/p>\n<p><em>Najprej sem vstopila v sinovo sobo in izrazila iskreno pro\u0161njo, \u010de sem lahko malo ob njem, medtem ko se zabava z igricami. Kot da je komaj \u010dakal na to, je nemudoma vstal izza ra\u010dunalnika, legel k meni na preprogo in po dolgem \u010dasu sva se zapletla v spro\u0161\u010den pogovor. Zmogla sem ga videti, sli\u0161ati in u\u017eivati v njem. Zazdelo se mi je, da se je obrnil k meni kot son\u010dnica k soncu. Podobno se je zgodilo pozneje tudi pri obeh h\u010derah.\u00a0<\/em><em>Hvala jim za zaupanje.<\/em>\u00ab<\/p>\n<p>&#8211; Barbara Brinovec Pribakovi\u0107<\/p>\n<hr \/>\n<p><em>\u00bbV tej vizionarski knjigi nam avtorja poka\u017eeta, kako izgubljamo stik z otroki in kako ta izguba spodkopava njihov razvoj ter ogro\u017ea samo dru\u017ebeno tkivo. Najpomembneje pa je, da prek konkretnih primerov in jasnih predlogov ponujata prakti\u010dno pomo\u010d star\u0161em, da lahko odigrajo svojo instinktivno vlogo. Sijajna in dobro napisana knjiga, ki jo je treba vzeti resno, zelo resno.<\/em>\u00ab<\/p>\n<p><strong>dr. Peter A. Levine, mednarodni u\u010ditelj in avtor uspe\u0161nic Kako prebuditi tigra in Skupaj premagujmo travme in stres<\/strong><\/p>\n<hr \/>\n<p><strong>Dr. Gordon Neufeld<\/strong>\u00a0je klini\u010dni psiholog in mednarodno priznan strokovnjak za razvoj otrok. Na svoji \u0161oli Neufeld Institute je ustvaril \u0161tevilne seminarje za star\u0161e, vzgojitelje, skrbnike in u\u010ditelje na ve\u010d kontinentih. Znan je po svoji edinstveni sposobnosti prepoznavanja re\u0161itev dozdevno kompleksnih te\u017eav v otrokovi vzgoji in u\u010denju. Oktobra 2024 je bil gost fundacije Novaka Djokovi\u0107a, ki je organizirala njegovo predavanje v Cankarjevem domu v Ljubljani.<\/p>\n<p><strong>Gabor Mat\u00e9,\u00a0<\/strong>dr. med., zdravnik in avtor uspe\u0161nic\u00a0<em>Navidezna normalnost, Raztreseni um, Ko telo re\u010de ne<\/em>\u00a0in\u00a0<em>V svetu la\u010dnih duhov<\/em>\u00a0je strokovnjak in izjemno iskan predavatelj na temo stresa, zdravja uma-telesa, motnje pozornosti, star\u0161evstva in odvisnosti. Ogromno potuje ter predava zdravstvenemu osebju, u\u010diteljem in splo\u0161ni javnosti v Severni Ameriki in drugod po svetu.<\/p>\n","protected":false},"excerpt":{"rendered":"<p><strong>Leto izdaje:<\/strong> 2021<br \/>\n<strong>\u0160tevilo strani:<\/strong> 434<br \/>\n<strong>Format:<\/strong> 140 x 220 mm<\/p>\n<p>&nbsp;<\/p>\n<p>&nbsp;<\/p>\n","protected":false},"featured_media":84727,"comment_status":"open","ping_status":"closed","template":"","meta":[],"product_brand":[],"product_cat":[2322,2327,2323,63],"product_tag":[2868,2946,2945,2905],"avtor":[2782,2784],"zalozba":[2780],"vezava":[2307],"class_list":{"0":"post-75482","1":"product","2":"type-product","3":"status-publish","4":"has-post-thumbnail","6":"product_cat-druzina-in-odnosi","7":"product_cat-prirocniki-in-vodniki","8":"product_cat-vzgoja","9":"product_cat-knjige","10":"product_tag-odrascanje","11":"product_tag-pandemija","12":"product_tag-vrstniki","13":"product_tag-vzgoja","14":"avtor-gabor-mate","15":"avtor-gordon-neufeld","16":"zalozba-primus","17":"vezava-mehka","19":"first","20":"onbackorder","21":"taxable","22":"shipping-taxable","23":"purchasable","24":"product-type-simple"},"yoast_head":"<!-- This site is optimized with the Yoast SEO plugin v26.3 - https:\/\/yoast.com\/wordpress\/plugins\/seo\/ -->\n<title>Otroci nas potrebujejo - trgovina iskreni<\/title>\n<meta name=\"description\" content=\"Dopolnjena izdaja vsebuje dodatno, 21. poglavje z naslovom: POSLEDICE PANDEMIJE: VRSTNI\u0160KA USMERJENOST IN KRIZA DU\u0160EVNEGA ZDRAVJA MLADIH.\" \/>\n<meta name=\"robots\" content=\"index, follow, max-snippet:-1, max-image-preview:large, max-video-preview:-1\" \/>\n<link rel=\"canonical\" href=\"https:\/\/www.iskreni.net\/trgovina\/product\/otroci-nas-potrebujejo\/\" \/>\n<meta property=\"og:locale\" content=\"sl_SI\" \/>\n<meta property=\"og:type\" content=\"article\" \/>\n<meta property=\"og:title\" content=\"Otroci nas potrebujejo\" \/>\n<meta property=\"og:description\" content=\"V knjigi dr. Neufeld in dr. Mat\u00e9 raziskujeta sodobni fenomen sledenja vrstnikom: pojav, kjer so otroci in najstniki svoje vrednote, identiteto, vzorce vedenja in na\u010dela, kaj je prav in kaj narobe, za\u010deli prevzemati od vrstnikov in ob tem popolnoma ignorirajo svoje star\u0161e.\" \/>\n<meta property=\"og:url\" content=\"https:\/\/www.iskreni.net\/trgovina\/product\/otroci-nas-potrebujejo\/\" \/>\n<meta property=\"og:site_name\" content=\"Zavod Iskreni\" \/>\n<meta property=\"article:modified_time\" content=\"2026-03-13T10:23:30+00:00\" \/>\n<meta property=\"og:image\" content=\"https:\/\/www.iskreni.net\/trgovina\/wp-content\/uploads\/2024\/06\/Otroci-nas-potrebujejo-NASLOVNICA.jpg\" \/>\n\t<meta property=\"og:image:width\" content=\"558\" \/>\n\t<meta property=\"og:image:height\" content=\"558\" \/>\n\t<meta property=\"og:image:type\" content=\"image\/jpeg\" \/>\n<meta name=\"twitter:card\" content=\"summary_large_image\" \/>\n<meta name=\"twitter:label1\" content=\"Est. reading time\" \/>\n\t<meta name=\"twitter:data1\" content=\"6 minut\" \/>\n<script type=\"application\/ld+json\" class=\"yoast-schema-graph\">{\"@context\":\"https:\/\/schema.org\",\"@graph\":[{\"@type\":\"WebPage\",\"@id\":\"https:\/\/www.iskreni.net\/trgovina\/product\/otroci-nas-potrebujejo\/\",\"url\":\"https:\/\/www.iskreni.net\/trgovina\/product\/otroci-nas-potrebujejo\/\",\"name\":\"Otroci nas potrebujejo - trgovina iskreni\",\"isPartOf\":{\"@id\":\"https:\/\/www.iskreni.net\/trgovina\/#website\"},\"primaryImageOfPage\":{\"@id\":\"https:\/\/www.iskreni.net\/trgovina\/product\/otroci-nas-potrebujejo\/#primaryimage\"},\"image\":{\"@id\":\"https:\/\/www.iskreni.net\/trgovina\/product\/otroci-nas-potrebujejo\/#primaryimage\"},\"thumbnailUrl\":\"https:\/\/www.iskreni.net\/trgovina\/wp-content\/uploads\/2024\/06\/Otroci-nas-potrebujejo-NASLOVNICA.jpg\",\"datePublished\":\"2024-06-06T12:59:51+00:00\",\"dateModified\":\"2026-03-13T10:23:30+00:00\",\"description\":\"Dopolnjena izdaja vsebuje dodatno, 21. poglavje z naslovom: POSLEDICE PANDEMIJE: VRSTNI\u0160KA USMERJENOST IN KRIZA DU\u0160EVNEGA ZDRAVJA MLADIH.\",\"breadcrumb\":{\"@id\":\"https:\/\/www.iskreni.net\/trgovina\/product\/otroci-nas-potrebujejo\/#breadcrumb\"},\"inLanguage\":\"sl-SI\",\"potentialAction\":[{\"@type\":\"ReadAction\",\"target\":[\"https:\/\/www.iskreni.net\/trgovina\/product\/otroci-nas-potrebujejo\/\"]}]},{\"@type\":\"ImageObject\",\"inLanguage\":\"sl-SI\",\"@id\":\"https:\/\/www.iskreni.net\/trgovina\/product\/otroci-nas-potrebujejo\/#primaryimage\",\"url\":\"https:\/\/www.iskreni.net\/trgovina\/wp-content\/uploads\/2024\/06\/Otroci-nas-potrebujejo-NASLOVNICA.jpg\",\"contentUrl\":\"https:\/\/www.iskreni.net\/trgovina\/wp-content\/uploads\/2024\/06\/Otroci-nas-potrebujejo-NASLOVNICA.jpg\",\"width\":558,\"height\":558,\"caption\":\"Otroci nas potrebujejo\"},{\"@type\":\"BreadcrumbList\",\"@id\":\"https:\/\/www.iskreni.net\/trgovina\/product\/otroci-nas-potrebujejo\/#breadcrumb\",\"itemListElement\":[{\"@type\":\"ListItem\",\"position\":1,\"name\":\"Home\",\"item\":\"https:\/\/www.iskreni.net\/trgovina\/\"},{\"@type\":\"ListItem\",\"position\":2,\"name\":\"Trgovina\",\"item\":\"https:\/\/www.iskreni.net\/trgovina\/trgovina\/\"},{\"@type\":\"ListItem\",\"position\":3,\"name\":\"Otroci nas potrebujejo\"}]},{\"@type\":\"WebSite\",\"@id\":\"https:\/\/www.iskreni.net\/trgovina\/#website\",\"url\":\"https:\/\/www.iskreni.net\/trgovina\/\",\"name\":\"Zavod Iskreni\",\"description\":\"trgovina\",\"potentialAction\":[{\"@type\":\"SearchAction\",\"target\":{\"@type\":\"EntryPoint\",\"urlTemplate\":\"https:\/\/www.iskreni.net\/trgovina\/?s={search_term_string}\"},\"query-input\":{\"@type\":\"PropertyValueSpecification\",\"valueRequired\":true,\"valueName\":\"search_term_string\"}}],\"inLanguage\":\"sl-SI\"}]}<\/script>\n<!-- \/ Yoast SEO plugin. -->","yoast_head_json":{"title":"Otroci nas potrebujejo - trgovina iskreni","description":"Dopolnjena izdaja vsebuje dodatno, 21. poglavje z naslovom: POSLEDICE PANDEMIJE: VRSTNI\u0160KA USMERJENOST IN KRIZA DU\u0160EVNEGA ZDRAVJA MLADIH.","robots":{"index":"index","follow":"follow","max-snippet":"max-snippet:-1","max-image-preview":"max-image-preview:large","max-video-preview":"max-video-preview:-1"},"canonical":"https:\/\/www.iskreni.net\/trgovina\/product\/otroci-nas-potrebujejo\/","og_locale":"sl_SI","og_type":"article","og_title":"Otroci nas potrebujejo","og_description":"V knjigi dr. Neufeld in dr. Mat\u00e9 raziskujeta sodobni fenomen sledenja vrstnikom: pojav, kjer so otroci in najstniki svoje vrednote, identiteto, vzorce vedenja in na\u010dela, kaj je prav in kaj narobe, za\u010deli prevzemati od vrstnikov in ob tem popolnoma ignorirajo svoje star\u0161e.","og_url":"https:\/\/www.iskreni.net\/trgovina\/product\/otroci-nas-potrebujejo\/","og_site_name":"Zavod Iskreni","article_modified_time":"2026-03-13T10:23:30+00:00","og_image":[{"width":558,"height":558,"url":"https:\/\/www.iskreni.net\/trgovina\/wp-content\/uploads\/2024\/06\/Otroci-nas-potrebujejo-NASLOVNICA.jpg","type":"image\/jpeg"}],"twitter_card":"summary_large_image","twitter_misc":{"Est. reading time":"6 minut"},"schema":{"@context":"https:\/\/schema.org","@graph":[{"@type":"WebPage","@id":"https:\/\/www.iskreni.net\/trgovina\/product\/otroci-nas-potrebujejo\/","url":"https:\/\/www.iskreni.net\/trgovina\/product\/otroci-nas-potrebujejo\/","name":"Otroci nas potrebujejo - trgovina iskreni","isPartOf":{"@id":"https:\/\/www.iskreni.net\/trgovina\/#website"},"primaryImageOfPage":{"@id":"https:\/\/www.iskreni.net\/trgovina\/product\/otroci-nas-potrebujejo\/#primaryimage"},"image":{"@id":"https:\/\/www.iskreni.net\/trgovina\/product\/otroci-nas-potrebujejo\/#primaryimage"},"thumbnailUrl":"https:\/\/www.iskreni.net\/trgovina\/wp-content\/uploads\/2024\/06\/Otroci-nas-potrebujejo-NASLOVNICA.jpg","datePublished":"2024-06-06T12:59:51+00:00","dateModified":"2026-03-13T10:23:30+00:00","description":"Dopolnjena izdaja vsebuje dodatno, 21. poglavje z naslovom: POSLEDICE PANDEMIJE: VRSTNI\u0160KA USMERJENOST IN KRIZA DU\u0160EVNEGA ZDRAVJA MLADIH.","breadcrumb":{"@id":"https:\/\/www.iskreni.net\/trgovina\/product\/otroci-nas-potrebujejo\/#breadcrumb"},"inLanguage":"sl-SI","potentialAction":[{"@type":"ReadAction","target":["https:\/\/www.iskreni.net\/trgovina\/product\/otroci-nas-potrebujejo\/"]}]},{"@type":"ImageObject","inLanguage":"sl-SI","@id":"https:\/\/www.iskreni.net\/trgovina\/product\/otroci-nas-potrebujejo\/#primaryimage","url":"https:\/\/www.iskreni.net\/trgovina\/wp-content\/uploads\/2024\/06\/Otroci-nas-potrebujejo-NASLOVNICA.jpg","contentUrl":"https:\/\/www.iskreni.net\/trgovina\/wp-content\/uploads\/2024\/06\/Otroci-nas-potrebujejo-NASLOVNICA.jpg","width":558,"height":558,"caption":"Otroci nas potrebujejo"},{"@type":"BreadcrumbList","@id":"https:\/\/www.iskreni.net\/trgovina\/product\/otroci-nas-potrebujejo\/#breadcrumb","itemListElement":[{"@type":"ListItem","position":1,"name":"Home","item":"https:\/\/www.iskreni.net\/trgovina\/"},{"@type":"ListItem","position":2,"name":"Trgovina","item":"https:\/\/www.iskreni.net\/trgovina\/trgovina\/"},{"@type":"ListItem","position":3,"name":"Otroci nas potrebujejo"}]},{"@type":"WebSite","@id":"https:\/\/www.iskreni.net\/trgovina\/#website","url":"https:\/\/www.iskreni.net\/trgovina\/","name":"Zavod Iskreni","description":"trgovina","potentialAction":[{"@type":"SearchAction","target":{"@type":"EntryPoint","urlTemplate":"https:\/\/www.iskreni.net\/trgovina\/?s={search_term_string}"},"query-input":{"@type":"PropertyValueSpecification","valueRequired":true,"valueName":"search_term_string"}}],"inLanguage":"sl-SI"}]}},"_links":{"self":[{"href":"https:\/\/www.iskreni.net\/trgovina\/wp-json\/wp\/v2\/product\/75482","targetHints":{"allow":["GET"]}}],"collection":[{"href":"https:\/\/www.iskreni.net\/trgovina\/wp-json\/wp\/v2\/product"}],"about":[{"href":"https:\/\/www.iskreni.net\/trgovina\/wp-json\/wp\/v2\/types\/product"}],"replies":[{"embeddable":true,"href":"https:\/\/www.iskreni.net\/trgovina\/wp-json\/wp\/v2\/comments?post=75482"}],"version-history":[{"count":6,"href":"https:\/\/www.iskreni.net\/trgovina\/wp-json\/wp\/v2\/product\/75482\/revisions"}],"predecessor-version":[{"id":84732,"href":"https:\/\/www.iskreni.net\/trgovina\/wp-json\/wp\/v2\/product\/75482\/revisions\/84732"}],"wp:featuredmedia":[{"embeddable":true,"href":"https:\/\/www.iskreni.net\/trgovina\/wp-json\/wp\/v2\/media\/84727"}],"wp:attachment":[{"href":"https:\/\/www.iskreni.net\/trgovina\/wp-json\/wp\/v2\/media?parent=75482"}],"wp:term":[{"taxonomy":"product_brand","embeddable":true,"href":"https:\/\/www.iskreni.net\/trgovina\/wp-json\/wp\/v2\/product_brand?post=75482"},{"taxonomy":"product_cat","embeddable":true,"href":"https:\/\/www.iskreni.net\/trgovina\/wp-json\/wp\/v2\/product_cat?post=75482"},{"taxonomy":"product_tag","embeddable":true,"href":"https:\/\/www.iskreni.net\/trgovina\/wp-json\/wp\/v2\/product_tag?post=75482"},{"taxonomy":"avtor","embeddable":true,"href":"https:\/\/www.iskreni.net\/trgovina\/wp-json\/wp\/v2\/avtor?post=75482"},{"taxonomy":"zalozba","embeddable":true,"href":"https:\/\/www.iskreni.net\/trgovina\/wp-json\/wp\/v2\/zalozba?post=75482"},{"taxonomy":"vezava","embeddable":true,"href":"https:\/\/www.iskreni.net\/trgovina\/wp-json\/wp\/v2\/vezava?post=75482"}],"curies":[{"name":"wp","href":"https:\/\/api.w.org\/{rel}","templated":true}]}}