{"id":75461,"date":"2024-06-05T15:29:21","date_gmt":"2024-06-05T13:29:21","guid":{"rendered":"https:\/\/www.iskreni.net\/trgovina\/?post_type=product&#038;p=75461"},"modified":"2026-02-20T12:28:04","modified_gmt":"2026-02-20T11:28:04","slug":"navidezna-normalnost-trgovina-iskreni-net","status":"publish","type":"product","link":"https:\/\/www.iskreni.net\/trgovina\/product\/navidezna-normalnost-trgovina-iskreni-net\/","title":{"rendered":"Navidezna normalnost"},"content":{"rendered":"<h4>O knjigi Navidezna normalnost:<\/h4>\n<p>Radi verjamemo, da je normalno biti zdrav. Pa vendar, kaj je danes na Zahodu normalno?<\/p>\n<p>Pojavnost du\u0161evnih bolezni neustavljivo nara\u0161\u010da. Okoli 45 odstotkov Evropejcev ima povi\u0161an krvni tlak in skoraj 70 odstotkov Ameri\u010danov jemlje naj manj eno zdravilo na recept. Bolezni in travme dolo\u010dajo na\u0161 na\u010din \u017eivljenja.<\/p>\n<p>Gabor Mat\u00e9, priznani zdravnik, strokovnjak za zasvojenost in pisec, v svoji novi, mojstrsko napisani knjigi analizira\u00a0<strong>prikrite vzroke telesne in du\u0161evne bolehnosti.<\/strong>\u00a0Razkrije povezavo med na\u0161im osebnim trpljenjem in pritiski sodobnega \u017eivljenja.<\/p>\n<p>Doktor Mat\u00e9 je v \u0161tirih desetletjih klini\u010dne prakse ugotovil zmotnost obi\u010dajne definicije &#8216;normalnega&#8217; in dognal, da so\u00a0<strong>tako reko\u010d vse bolezni pravzaprav naravna posledica \u017eivljenja v nenormalni civilizaciji<\/strong>, v kateri se vedno bolj oddaljujemo od svoje prave biti. Vendar nam v knjigi poka\u017ee tudi\u00a0<strong>pot do ponovne vzpostavitve povezave in do ozdravitve.<\/strong><\/p>\n<p>&nbsp;<\/p>\n<h4>O avtorjih:<\/h4>\n<p>DR. GABOR MAT\u00c9, dr. med., priznani govorec in pisec knji\u017enih uspe\u0161nic, je zelo iskan kot izjemen poznavalec ve\u010d podro\u010dij, med drugim zasvojenosti, stresa in razvoja otroka. Med njegovimi knji\u017enimi uspe\u0161nicami so bile nagrajene: V svetu la\u010dnih duhov: bli\u017enja sre\u010danja z zasvojenostjo, Ko telo re\u010de ne: skriti stres terja davek in Raztreseni um: izvor in zdravljenje motnje pozornosti. Je tudi soavtor knjige Otroci nas potrebujejo: zakaj so star\u0161i pomembnej\u0161i od vrstnikov. Njegova besedila so iz\u0161la v \u0161tevilnih dr\u017eavah sveta, prevedena so v skoraj trideset jezikov.<\/p>\n<p>DANIEL MAT\u00c9 je skladatelj in pisec besedil za glasbeno gledali\u0161\u010de. Njegovo delo so po\u010dastili z nagrado Edwarda Klebana, s \u0161tipendijo Fundacije Jonathana Larsona in z nagrado Coleja Porterja za glasbo in besedila. Je producent in gostitelj programa Lyrics to Go na spletnem portalu YouTube. Z o\u010detom Ga borjem redno vodita priljubljeno delavnico z naslovom Hello Again: A Fresh Start for Parents and Their Adult Children. Iz vaja tudi terapevtsko metodo \u00bbdu\u0161evne kiropraktike\u00ab, imenovano Take a Walk with Daniel (walkwithdaniel.com).<\/p>\n","protected":false},"excerpt":{"rendered":"<p><strong>Leto izdaje:<\/strong> 2023<br \/>\n<strong>\u0160tevilo strani:<\/strong> 494<br \/>\n<strong>Format:<\/strong> 165 x 235 mm<\/p>\n<p><a href=\"https:\/\/www.primus.si\/navidezna-normalnost\">PRELISTAJ<\/a><\/p>\n","protected":false},"featured_media":75463,"comment_status":"open","ping_status":"closed","template":"","meta":[],"product_brand":[],"product_cat":[2324,2327,2323,63],"product_tag":[],"avtor":[2783,2782],"zalozba":[2780],"vezava":[2307],"class_list":{"0":"post-75461","1":"product","2":"type-product","3":"status-publish","4":"has-post-thumbnail","6":"product_cat-duhovnost-in-osebna-rast","7":"product_cat-prirocniki-in-vodniki","8":"product_cat-vzgoja","9":"product_cat-knjige","10":"avtor-daniel-mate","11":"avtor-gabor-mate","12":"zalozba-primus","13":"vezava-mehka","15":"first","16":"instock","17":"taxable","18":"shipping-taxable","19":"purchasable","20":"product-type-simple"},"yoast_head":"<!-- This site is optimized with the Yoast SEO plugin v26.3 - https:\/\/yoast.com\/wordpress\/plugins\/seo\/ -->\n<title>Navidezna normalnost-iskreni<\/title>\n<meta name=\"description\" content=\"Ta knjiga, polna veselja do \u017eivljenja, vsebuje veliko zgodb ljudi, ki so se zna\u0161li v prime\u017eu bolezni in potem zmagovito okrevali. Poka\u017ee vam, kako lahko postanete resni\u010dno zdravi, \u010de ste le pripravljeni dati prednost pristnosti pred pri\u010dakovanji dru\u017ebe.\" \/>\n<meta name=\"robots\" content=\"index, follow, max-snippet:-1, max-image-preview:large, max-video-preview:-1\" \/>\n<link rel=\"canonical\" href=\"https:\/\/www.iskreni.net\/trgovina\/product\/navidezna-normalnost-trgovina-iskreni-net\/\" \/>\n<meta property=\"og:locale\" content=\"sl_SI\" \/>\n<meta property=\"og:type\" content=\"article\" \/>\n<meta property=\"og:title\" content=\"Navidezna normalnost\" \/>\n<meta property=\"og:description\" content=\"Ta knjiga, polna veselja do \u017eivljenja, vsebuje veliko zgodb ljudi, ki so se zna\u0161li v prime\u017eu bolezni in potem zmagovito okrevali. Poka\u017ee vam, kako lahko postanete resni\u010dno zdravi, \u010de ste le pripravljeni dati prednost pristnosti pred pri\u010dakovanji dru\u017ebe.Navidezna normalnost je Mat\u00e9jeva najbolj ambiciozna, najbolj so\u010dutna in najbolj potrebna knjiga do zdaj.\" \/>\n<meta property=\"og:url\" content=\"https:\/\/www.iskreni.net\/trgovina\/product\/navidezna-normalnost-trgovina-iskreni-net\/\" \/>\n<meta property=\"og:site_name\" content=\"Zavod Iskreni\" \/>\n<meta property=\"article:modified_time\" content=\"2026-02-20T11:28:04+00:00\" \/>\n<meta property=\"og:image\" content=\"https:\/\/www.iskreni.net\/trgovina\/wp-content\/uploads\/2024\/06\/Slike-za-v-spletno-trgovino-62.jpg\" \/>\n\t<meta property=\"og:image:width\" content=\"600\" \/>\n\t<meta property=\"og:image:height\" content=\"600\" \/>\n\t<meta property=\"og:image:type\" content=\"image\/jpeg\" \/>\n<meta name=\"twitter:card\" content=\"summary_large_image\" \/>\n<meta name=\"twitter:label1\" content=\"Est. reading time\" \/>\n\t<meta name=\"twitter:data1\" content=\"2 minuti\" \/>\n<script type=\"application\/ld+json\" class=\"yoast-schema-graph\">{\"@context\":\"https:\/\/schema.org\",\"@graph\":[{\"@type\":\"WebPage\",\"@id\":\"https:\/\/www.iskreni.net\/trgovina\/product\/navidezna-normalnost-trgovina-iskreni-net\/\",\"url\":\"https:\/\/www.iskreni.net\/trgovina\/product\/navidezna-normalnost-trgovina-iskreni-net\/\",\"name\":\"Navidezna normalnost-iskreni\",\"isPartOf\":{\"@id\":\"https:\/\/www.iskreni.net\/trgovina\/#website\"},\"primaryImageOfPage\":{\"@id\":\"https:\/\/www.iskreni.net\/trgovina\/product\/navidezna-normalnost-trgovina-iskreni-net\/#primaryimage\"},\"image\":{\"@id\":\"https:\/\/www.iskreni.net\/trgovina\/product\/navidezna-normalnost-trgovina-iskreni-net\/#primaryimage\"},\"thumbnailUrl\":\"https:\/\/www.iskreni.net\/trgovina\/wp-content\/uploads\/2024\/06\/Slike-za-v-spletno-trgovino-62.jpg\",\"datePublished\":\"2024-06-05T13:29:21+00:00\",\"dateModified\":\"2026-02-20T11:28:04+00:00\",\"description\":\"Ta knjiga, polna veselja do \u017eivljenja, vsebuje veliko zgodb ljudi, ki so se zna\u0161li v prime\u017eu bolezni in potem zmagovito okrevali. Poka\u017ee vam, kako lahko postanete resni\u010dno zdravi, \u010de ste le pripravljeni dati prednost pristnosti pred pri\u010dakovanji dru\u017ebe.\",\"breadcrumb\":{\"@id\":\"https:\/\/www.iskreni.net\/trgovina\/product\/navidezna-normalnost-trgovina-iskreni-net\/#breadcrumb\"},\"inLanguage\":\"sl-SI\",\"potentialAction\":[{\"@type\":\"ReadAction\",\"target\":[\"https:\/\/www.iskreni.net\/trgovina\/product\/navidezna-normalnost-trgovina-iskreni-net\/\"]}]},{\"@type\":\"ImageObject\",\"inLanguage\":\"sl-SI\",\"@id\":\"https:\/\/www.iskreni.net\/trgovina\/product\/navidezna-normalnost-trgovina-iskreni-net\/#primaryimage\",\"url\":\"https:\/\/www.iskreni.net\/trgovina\/wp-content\/uploads\/2024\/06\/Slike-za-v-spletno-trgovino-62.jpg\",\"contentUrl\":\"https:\/\/www.iskreni.net\/trgovina\/wp-content\/uploads\/2024\/06\/Slike-za-v-spletno-trgovino-62.jpg\",\"width\":600,\"height\":600},{\"@type\":\"BreadcrumbList\",\"@id\":\"https:\/\/www.iskreni.net\/trgovina\/product\/navidezna-normalnost-trgovina-iskreni-net\/#breadcrumb\",\"itemListElement\":[{\"@type\":\"ListItem\",\"position\":1,\"name\":\"Home\",\"item\":\"https:\/\/www.iskreni.net\/trgovina\/\"},{\"@type\":\"ListItem\",\"position\":2,\"name\":\"Trgovina\",\"item\":\"https:\/\/www.iskreni.net\/trgovina\/trgovina\/\"},{\"@type\":\"ListItem\",\"position\":3,\"name\":\"Navidezna normalnost\"}]},{\"@type\":\"WebSite\",\"@id\":\"https:\/\/www.iskreni.net\/trgovina\/#website\",\"url\":\"https:\/\/www.iskreni.net\/trgovina\/\",\"name\":\"Zavod Iskreni\",\"description\":\"trgovina\",\"potentialAction\":[{\"@type\":\"SearchAction\",\"target\":{\"@type\":\"EntryPoint\",\"urlTemplate\":\"https:\/\/www.iskreni.net\/trgovina\/?s={search_term_string}\"},\"query-input\":{\"@type\":\"PropertyValueSpecification\",\"valueRequired\":true,\"valueName\":\"search_term_string\"}}],\"inLanguage\":\"sl-SI\"}]}<\/script>\n<!-- \/ Yoast SEO plugin. -->","yoast_head_json":{"title":"Navidezna normalnost-iskreni","description":"Ta knjiga, polna veselja do \u017eivljenja, vsebuje veliko zgodb ljudi, ki so se zna\u0161li v prime\u017eu bolezni in potem zmagovito okrevali. Poka\u017ee vam, kako lahko postanete resni\u010dno zdravi, \u010de ste le pripravljeni dati prednost pristnosti pred pri\u010dakovanji dru\u017ebe.","robots":{"index":"index","follow":"follow","max-snippet":"max-snippet:-1","max-image-preview":"max-image-preview:large","max-video-preview":"max-video-preview:-1"},"canonical":"https:\/\/www.iskreni.net\/trgovina\/product\/navidezna-normalnost-trgovina-iskreni-net\/","og_locale":"sl_SI","og_type":"article","og_title":"Navidezna normalnost","og_description":"Ta knjiga, polna veselja do \u017eivljenja, vsebuje veliko zgodb ljudi, ki so se zna\u0161li v prime\u017eu bolezni in potem zmagovito okrevali. Poka\u017ee vam, kako lahko postanete resni\u010dno zdravi, \u010de ste le pripravljeni dati prednost pristnosti pred pri\u010dakovanji dru\u017ebe.Navidezna normalnost je Mat\u00e9jeva najbolj ambiciozna, najbolj so\u010dutna in najbolj potrebna knjiga do zdaj.","og_url":"https:\/\/www.iskreni.net\/trgovina\/product\/navidezna-normalnost-trgovina-iskreni-net\/","og_site_name":"Zavod Iskreni","article_modified_time":"2026-02-20T11:28:04+00:00","og_image":[{"width":600,"height":600,"url":"https:\/\/www.iskreni.net\/trgovina\/wp-content\/uploads\/2024\/06\/Slike-za-v-spletno-trgovino-62.jpg","type":"image\/jpeg"}],"twitter_card":"summary_large_image","twitter_misc":{"Est. reading time":"2 minuti"},"schema":{"@context":"https:\/\/schema.org","@graph":[{"@type":"WebPage","@id":"https:\/\/www.iskreni.net\/trgovina\/product\/navidezna-normalnost-trgovina-iskreni-net\/","url":"https:\/\/www.iskreni.net\/trgovina\/product\/navidezna-normalnost-trgovina-iskreni-net\/","name":"Navidezna normalnost-iskreni","isPartOf":{"@id":"https:\/\/www.iskreni.net\/trgovina\/#website"},"primaryImageOfPage":{"@id":"https:\/\/www.iskreni.net\/trgovina\/product\/navidezna-normalnost-trgovina-iskreni-net\/#primaryimage"},"image":{"@id":"https:\/\/www.iskreni.net\/trgovina\/product\/navidezna-normalnost-trgovina-iskreni-net\/#primaryimage"},"thumbnailUrl":"https:\/\/www.iskreni.net\/trgovina\/wp-content\/uploads\/2024\/06\/Slike-za-v-spletno-trgovino-62.jpg","datePublished":"2024-06-05T13:29:21+00:00","dateModified":"2026-02-20T11:28:04+00:00","description":"Ta knjiga, polna veselja do \u017eivljenja, vsebuje veliko zgodb ljudi, ki so se zna\u0161li v prime\u017eu bolezni in potem zmagovito okrevali. Poka\u017ee vam, kako lahko postanete resni\u010dno zdravi, \u010de ste le pripravljeni dati prednost pristnosti pred pri\u010dakovanji dru\u017ebe.","breadcrumb":{"@id":"https:\/\/www.iskreni.net\/trgovina\/product\/navidezna-normalnost-trgovina-iskreni-net\/#breadcrumb"},"inLanguage":"sl-SI","potentialAction":[{"@type":"ReadAction","target":["https:\/\/www.iskreni.net\/trgovina\/product\/navidezna-normalnost-trgovina-iskreni-net\/"]}]},{"@type":"ImageObject","inLanguage":"sl-SI","@id":"https:\/\/www.iskreni.net\/trgovina\/product\/navidezna-normalnost-trgovina-iskreni-net\/#primaryimage","url":"https:\/\/www.iskreni.net\/trgovina\/wp-content\/uploads\/2024\/06\/Slike-za-v-spletno-trgovino-62.jpg","contentUrl":"https:\/\/www.iskreni.net\/trgovina\/wp-content\/uploads\/2024\/06\/Slike-za-v-spletno-trgovino-62.jpg","width":600,"height":600},{"@type":"BreadcrumbList","@id":"https:\/\/www.iskreni.net\/trgovina\/product\/navidezna-normalnost-trgovina-iskreni-net\/#breadcrumb","itemListElement":[{"@type":"ListItem","position":1,"name":"Home","item":"https:\/\/www.iskreni.net\/trgovina\/"},{"@type":"ListItem","position":2,"name":"Trgovina","item":"https:\/\/www.iskreni.net\/trgovina\/trgovina\/"},{"@type":"ListItem","position":3,"name":"Navidezna normalnost"}]},{"@type":"WebSite","@id":"https:\/\/www.iskreni.net\/trgovina\/#website","url":"https:\/\/www.iskreni.net\/trgovina\/","name":"Zavod Iskreni","description":"trgovina","potentialAction":[{"@type":"SearchAction","target":{"@type":"EntryPoint","urlTemplate":"https:\/\/www.iskreni.net\/trgovina\/?s={search_term_string}"},"query-input":{"@type":"PropertyValueSpecification","valueRequired":true,"valueName":"search_term_string"}}],"inLanguage":"sl-SI"}]}},"_links":{"self":[{"href":"https:\/\/www.iskreni.net\/trgovina\/wp-json\/wp\/v2\/product\/75461","targetHints":{"allow":["GET"]}}],"collection":[{"href":"https:\/\/www.iskreni.net\/trgovina\/wp-json\/wp\/v2\/product"}],"about":[{"href":"https:\/\/www.iskreni.net\/trgovina\/wp-json\/wp\/v2\/types\/product"}],"replies":[{"embeddable":true,"href":"https:\/\/www.iskreni.net\/trgovina\/wp-json\/wp\/v2\/comments?post=75461"}],"version-history":[{"count":2,"href":"https:\/\/www.iskreni.net\/trgovina\/wp-json\/wp\/v2\/product\/75461\/revisions"}],"predecessor-version":[{"id":75464,"href":"https:\/\/www.iskreni.net\/trgovina\/wp-json\/wp\/v2\/product\/75461\/revisions\/75464"}],"wp:featuredmedia":[{"embeddable":true,"href":"https:\/\/www.iskreni.net\/trgovina\/wp-json\/wp\/v2\/media\/75463"}],"wp:attachment":[{"href":"https:\/\/www.iskreni.net\/trgovina\/wp-json\/wp\/v2\/media?parent=75461"}],"wp:term":[{"taxonomy":"product_brand","embeddable":true,"href":"https:\/\/www.iskreni.net\/trgovina\/wp-json\/wp\/v2\/product_brand?post=75461"},{"taxonomy":"product_cat","embeddable":true,"href":"https:\/\/www.iskreni.net\/trgovina\/wp-json\/wp\/v2\/product_cat?post=75461"},{"taxonomy":"product_tag","embeddable":true,"href":"https:\/\/www.iskreni.net\/trgovina\/wp-json\/wp\/v2\/product_tag?post=75461"},{"taxonomy":"avtor","embeddable":true,"href":"https:\/\/www.iskreni.net\/trgovina\/wp-json\/wp\/v2\/avtor?post=75461"},{"taxonomy":"zalozba","embeddable":true,"href":"https:\/\/www.iskreni.net\/trgovina\/wp-json\/wp\/v2\/zalozba?post=75461"},{"taxonomy":"vezava","embeddable":true,"href":"https:\/\/www.iskreni.net\/trgovina\/wp-json\/wp\/v2\/vezava?post=75461"}],"curies":[{"name":"wp","href":"https:\/\/api.w.org\/{rel}","templated":true}]}}