{"id":75396,"date":"2024-06-13T06:29:16","date_gmt":"2024-06-13T04:29:16","guid":{"rendered":"https:\/\/www.iskreni.net\/trgovina\/?post_type=product&#038;p=75396"},"modified":"2025-11-28T10:59:03","modified_gmt":"2025-11-28T09:59:03","slug":"tvoj-modri-plamen","status":"publish","type":"product","link":"https:\/\/www.iskreni.net\/trgovina\/product\/tvoj-modri-plamen\/","title":{"rendered":"Tvoj modri plamen"},"content":{"rendered":"<h4>O knjigi:<\/h4>\n<p>\u010ce njena prva knjiga <a href=\"https:\/\/www.iskreni.net\/trgovina\/product\/cudovite-sanje\/\" target=\"_blank\" rel=\"noopener\">\u010cudovite sanje<\/a> najbolj nagovarja mame (a zna biti kljub temu v navdih tudi o\u010detom ter drugim \u017eenskam in mo\u0161kim), pa <strong>Tvoj modri plamen<\/strong> \u0161e zdale\u010d ni samo za \u017eenske, ampak je odli\u010dna knjiga za oba spola. Ne gre namre\u010d za &#8220;\u017eensko&#8221; knjigo, ampak za knjigo, ob kateri se boste nasmejali ne glede na spol, starost, stan in veroizpoved, obenem pa vam bo dala misliti, kako pri\u017egati ali ponovno obuditi plamen, ki le \u0161e tli, da bo ponovno gorel v vsem svojem sijaju.<\/p>\n<blockquote><p><strong>Boj za modri plamen \u0161e zdale\u010d ni enostaven, a je zmaga vsekakor dosegljiva.<\/strong><\/p><\/blockquote>\n<p>Jen v spro\u0161\u010denem slogu, ki ga dopolni z zanimivimi in zabavnimi prigodami iz svojega \u017eivljenja, ori\u0161e, kako se je tudi sama spopadla s pomanjkanjem volje in motivacije, da bi res \u017eivela svoje \u017eivljenje in ne samo \u017eivotarila. Kako je ustvarila \u010das in prostor za tiste in tisto, kar jo najbolj izpolnjuje.<\/p>\n<p>V svoje razmi\u0161ljanje spretno vplete zgodbe in tudi te\u017eke \u017eivljenjske preizku\u0161nje svojih prijateljev, gostov v svoji radijski oddaji ali pa naklju\u010dnih ljudi, ki so nanjo naredili vtis. Ter prek njih poka\u017ee, da se prav vsak izmed nas na neki to\u010dki znajde v situaciji, za katero se zdi, da ji ne bomo kos in nam bo &#8220;po\u017erla&#8221; \u0161e zadnji atom mo\u010di, ki si ga tako zelo \u017eelimo uporabiti za stvari, ki nas veselijo: za <strong>na\u0161 modri plamen<\/strong>.<\/p>\n<p>A ravno to je <strong>najve\u010dji \u010dar knjige, zaradi katere jo boste za navdih ali pa kot motivacijo prebrali ve\u010dkrat:<\/strong> brez zavijanja v celofan, iskreno in neposredno pove, da<strong> boj za modri plamen \u0161e zdale\u010d ni enostaven, a je zmaga vsekakor dosegljiva.<\/strong><\/p>\n<h4><\/h4>\n<h4>O avtorici:<\/h4>\n<p>Jennifer Fulwiler je standup komi\u010darka, voditeljica dnevne pogovorne oddaje na radiu Sirius XM in mama \u0161estih otrok. Je avtorica \u0161tevilnih knji\u017enih uspe\u0161nic, med katerimi so <i>Something Other Than God<\/i>, <a href=\"https:\/\/www.iskreni.net\/trgovina\/product\/cudovite-sanje\/\" target=\"_blank\" rel=\"noopener\">\u010cudovite sanje<\/a> in <strong>Tvoj modri plamen<\/strong>. Ko so ji rekli, da mama iz predmestja, ki vozi enoprostorca, ne bo nikoli uspela kot standup komi\u010darka, se je z mo\u017eem in njunimi \u0161estimi otroki podala na vseameri\u0161ko standup turnejo v lastni produkciji. In uspela!<\/p>\n<h4>Odlomek iz knjige:<\/h4>\n<p><em><span style=\"font-weight: 400;\">Ti si direktor svojega \u017eivljenja. \u010ce ima\u0161 otroke, si direktor svoje dru\u017eine.<\/span><\/em><\/p>\n<p><em><span style=\"font-weight: 400;\">Tvoja dol\u017enost je, da sanja\u0161. Tvoja naloga je, da si zamisli\u0161 vizijo, da se iz zemlje ozre\u0161 proti obzorju in si predstavlja\u0161, kaj se morda skriva za njim. Ugotovil bo\u0161, da ti modri plamen osvetljuje bolj\u0161o pot. Toda \u010de \u017eeli\u0161 narediti karkoli od tega, si mora\u0161 privo\u0161\u010diti presneti odmor, da bo\u0161 imel nekaj trenutkov za razmislek.<\/span><\/em><\/p>\n<p><em><span style=\"font-weight: 400;\">Eden od razlogov, da si nesre\u010den, je pogosto to, da \u017eivi\u0161 sredi neprestane krizne situacije.\u00a0 Ob\u010dutek ima\u0161, da kot nor teka\u0161 naokrog in gasi\u0161 en po\u017ear za drugim. Zbudi\u0161 se s prekora\u010denim limitom na ban\u010dnem ra\u010dunu, obvestilom o zapadlem ra\u010dunu in \u0161efovim sporo\u010dilom: \u00bbMorava se pogovoriti.\u00ab<\/span><\/em><\/p>\n<h2>Knjiga v medijih:<\/h2>\n<p>\ud83e\ude75 Intervju z avtorico knjige Jennifer Fulwiler: <a href=\"https:\/\/www.iskreni.net\/jennifer-fulwiler-ameriska-komicarka-in-avtorica-knjiznih-uspesnic-starsi-moramo-biti-otrokom-zgled-pri-odkrivanju-in-uporabi-svojih-talentov\/\" target=\"_blank\" rel=\"noopener\">\u00bbStar\u0161i moramo biti otrokom zgled pri odkrivanju in uporabi svojih talentov.\u00ab<\/a><\/p>\n<p>\ud83e\ude75 Recenzija knjige #1: <a href=\"https:\/\/www.iskreni.net\/kako-najti-svoj-modri-plamen-se-zaljubiti-v-svoje-zivljenje-in-zazareti\/\" target=\"_blank\" rel=\"noopener\">\u017divim ali \u017eivotarim?<\/a><\/p>\n<p>\ud83e\ude75 Recenzija knjige #2: <a href=\"https:\/\/www.iskreni.net\/moj-modri-plamen-je-pisanje\/\" target=\"_blank\" rel=\"noopener\">Moj modri plamen je pisanje<\/a><\/p>\n<p>\ud83e\ude75 Recenzija knjige #3: <a href=\"https:\/\/www.bukla.si\/knjigarna\/osebna-rast-duhovnost-in-ezoterika\/tvoj-modri-plamen.html\" target=\"_blank\" rel=\"noopener\">Bukla<\/a><\/p>\n","protected":false},"excerpt":{"rendered":"<p><strong>Prevod:<\/strong> Eva Markovi\u010d<br \/>\n<strong>\u0160tevilo strani:<\/strong> 264<br \/>\n<strong>Mere:\u00a0<\/strong>145 x 200 mm<br \/>\n<strong>Leto izdaje:<\/strong> 2024<\/p>\n<h2>Znebi se ob\u010dutka krivde in se loti tistega, kar te po\u017eivlja!<\/h2>\n","protected":false},"featured_media":75399,"comment_status":"open","ping_status":"closed","template":"","meta":[],"product_brand":[],"product_cat":[2322,2324,1430,63],"product_tag":[2223],"avtor":[2363],"zalozba":[2305],"vezava":[2307],"class_list":{"0":"post-75396","1":"product","2":"type-product","3":"status-publish","4":"has-post-thumbnail","6":"product_cat-druzina-in-odnosi","7":"product_cat-duhovnost-in-osebna-rast","8":"product_cat-iz-nase-zalozbe","9":"product_cat-knjige","10":"product_tag-osebnostna-rast","11":"avtor-jennifer-fulwiler","12":"zalozba-zavod-iskreni","13":"vezava-mehka","15":"first","16":"instock","17":"taxable","18":"shipping-taxable","19":"purchasable","20":"product-type-simple"},"yoast_head":"<!-- This site is optimized with the Yoast SEO plugin v26.3 - https:\/\/yoast.com\/wordpress\/plugins\/seo\/ -->\n<title>Tvoj modri plamen - trgovina iskreni.net<\/title>\n<meta name=\"description\" content=\"Tvoj modri plamen je knjiga, ki vas bo navdihnila in spodbudila, da se (ponovno) lotite stvari, ki vas veselijo in po\u017eivljajo. Osebni motivator, ki je vedno na dosegu roke.\" \/>\n<meta name=\"robots\" content=\"index, follow, max-snippet:-1, max-image-preview:large, max-video-preview:-1\" \/>\n<link rel=\"canonical\" href=\"https:\/\/www.iskreni.net\/trgovina\/product\/tvoj-modri-plamen\/\" \/>\n<meta property=\"og:locale\" content=\"sl_SI\" \/>\n<meta property=\"og:type\" content=\"article\" \/>\n<meta property=\"og:title\" content=\"Tvoj modri plamen - trgovina iskreni.net\" \/>\n<meta property=\"og:description\" content=\"Tvoj modri plamen je knjiga, ki vas bo navdihnila in spodbudila, da se (ponovno) lotite stvari, ki vas veselijo in po\u017eivljajo. Osebni motivator, ki je vedno na dosegu roke.\" \/>\n<meta property=\"og:url\" content=\"https:\/\/www.iskreni.net\/trgovina\/product\/tvoj-modri-plamen\/\" \/>\n<meta property=\"og:site_name\" content=\"Zavod Iskreni\" \/>\n<meta property=\"article:modified_time\" content=\"2025-11-28T09:59:03+00:00\" \/>\n<meta property=\"og:image\" content=\"https:\/\/www.iskreni.net\/trgovina\/wp-content\/uploads\/2024\/06\/Tvoj-modri-plamen-mockup_600x600.jpg\" \/>\n\t<meta property=\"og:image:width\" content=\"600\" \/>\n\t<meta property=\"og:image:height\" content=\"600\" \/>\n\t<meta property=\"og:image:type\" content=\"image\/jpeg\" \/>\n<meta name=\"twitter:card\" content=\"summary_large_image\" \/>\n<meta name=\"twitter:label1\" content=\"Est. reading time\" \/>\n\t<meta name=\"twitter:data1\" content=\"3 minute\" \/>\n<script type=\"application\/ld+json\" class=\"yoast-schema-graph\">{\"@context\":\"https:\/\/schema.org\",\"@graph\":[{\"@type\":\"WebPage\",\"@id\":\"https:\/\/www.iskreni.net\/trgovina\/product\/tvoj-modri-plamen\/\",\"url\":\"https:\/\/www.iskreni.net\/trgovina\/product\/tvoj-modri-plamen\/\",\"name\":\"Tvoj modri plamen - trgovina iskreni.net\",\"isPartOf\":{\"@id\":\"https:\/\/www.iskreni.net\/trgovina\/#website\"},\"primaryImageOfPage\":{\"@id\":\"https:\/\/www.iskreni.net\/trgovina\/product\/tvoj-modri-plamen\/#primaryimage\"},\"image\":{\"@id\":\"https:\/\/www.iskreni.net\/trgovina\/product\/tvoj-modri-plamen\/#primaryimage\"},\"thumbnailUrl\":\"https:\/\/www.iskreni.net\/trgovina\/wp-content\/uploads\/2024\/06\/Tvoj-modri-plamen-mockup_600x600.jpg\",\"datePublished\":\"2024-06-13T04:29:16+00:00\",\"dateModified\":\"2025-11-28T09:59:03+00:00\",\"description\":\"Tvoj modri plamen je knjiga, ki vas bo navdihnila in spodbudila, da se (ponovno) lotite stvari, ki vas veselijo in po\u017eivljajo. Osebni motivator, ki je vedno na dosegu roke.\",\"breadcrumb\":{\"@id\":\"https:\/\/www.iskreni.net\/trgovina\/product\/tvoj-modri-plamen\/#breadcrumb\"},\"inLanguage\":\"sl-SI\",\"potentialAction\":[{\"@type\":\"ReadAction\",\"target\":[\"https:\/\/www.iskreni.net\/trgovina\/product\/tvoj-modri-plamen\/\"]}]},{\"@type\":\"ImageObject\",\"inLanguage\":\"sl-SI\",\"@id\":\"https:\/\/www.iskreni.net\/trgovina\/product\/tvoj-modri-plamen\/#primaryimage\",\"url\":\"https:\/\/www.iskreni.net\/trgovina\/wp-content\/uploads\/2024\/06\/Tvoj-modri-plamen-mockup_600x600.jpg\",\"contentUrl\":\"https:\/\/www.iskreni.net\/trgovina\/wp-content\/uploads\/2024\/06\/Tvoj-modri-plamen-mockup_600x600.jpg\",\"width\":600,\"height\":600,\"caption\":\"Tvoj-modri-plamen\"},{\"@type\":\"BreadcrumbList\",\"@id\":\"https:\/\/www.iskreni.net\/trgovina\/product\/tvoj-modri-plamen\/#breadcrumb\",\"itemListElement\":[{\"@type\":\"ListItem\",\"position\":1,\"name\":\"Home\",\"item\":\"https:\/\/www.iskreni.net\/trgovina\/\"},{\"@type\":\"ListItem\",\"position\":2,\"name\":\"Trgovina\",\"item\":\"https:\/\/www.iskreni.net\/trgovina\/trgovina\/\"},{\"@type\":\"ListItem\",\"position\":3,\"name\":\"Tvoj modri plamen\"}]},{\"@type\":\"WebSite\",\"@id\":\"https:\/\/www.iskreni.net\/trgovina\/#website\",\"url\":\"https:\/\/www.iskreni.net\/trgovina\/\",\"name\":\"Zavod Iskreni\",\"description\":\"trgovina\",\"potentialAction\":[{\"@type\":\"SearchAction\",\"target\":{\"@type\":\"EntryPoint\",\"urlTemplate\":\"https:\/\/www.iskreni.net\/trgovina\/?s={search_term_string}\"},\"query-input\":{\"@type\":\"PropertyValueSpecification\",\"valueRequired\":true,\"valueName\":\"search_term_string\"}}],\"inLanguage\":\"sl-SI\"}]}<\/script>\n<!-- \/ Yoast SEO plugin. -->","yoast_head_json":{"title":"Tvoj modri plamen - trgovina iskreni.net","description":"Tvoj modri plamen je knjiga, ki vas bo navdihnila in spodbudila, da se (ponovno) lotite stvari, ki vas veselijo in po\u017eivljajo. Osebni motivator, ki je vedno na dosegu roke.","robots":{"index":"index","follow":"follow","max-snippet":"max-snippet:-1","max-image-preview":"max-image-preview:large","max-video-preview":"max-video-preview:-1"},"canonical":"https:\/\/www.iskreni.net\/trgovina\/product\/tvoj-modri-plamen\/","og_locale":"sl_SI","og_type":"article","og_title":"Tvoj modri plamen - trgovina iskreni.net","og_description":"Tvoj modri plamen je knjiga, ki vas bo navdihnila in spodbudila, da se (ponovno) lotite stvari, ki vas veselijo in po\u017eivljajo. Osebni motivator, ki je vedno na dosegu roke.","og_url":"https:\/\/www.iskreni.net\/trgovina\/product\/tvoj-modri-plamen\/","og_site_name":"Zavod Iskreni","article_modified_time":"2025-11-28T09:59:03+00:00","og_image":[{"width":600,"height":600,"url":"https:\/\/www.iskreni.net\/trgovina\/wp-content\/uploads\/2024\/06\/Tvoj-modri-plamen-mockup_600x600.jpg","type":"image\/jpeg"}],"twitter_card":"summary_large_image","twitter_misc":{"Est. reading time":"3 minute"},"schema":{"@context":"https:\/\/schema.org","@graph":[{"@type":"WebPage","@id":"https:\/\/www.iskreni.net\/trgovina\/product\/tvoj-modri-plamen\/","url":"https:\/\/www.iskreni.net\/trgovina\/product\/tvoj-modri-plamen\/","name":"Tvoj modri plamen - trgovina iskreni.net","isPartOf":{"@id":"https:\/\/www.iskreni.net\/trgovina\/#website"},"primaryImageOfPage":{"@id":"https:\/\/www.iskreni.net\/trgovina\/product\/tvoj-modri-plamen\/#primaryimage"},"image":{"@id":"https:\/\/www.iskreni.net\/trgovina\/product\/tvoj-modri-plamen\/#primaryimage"},"thumbnailUrl":"https:\/\/www.iskreni.net\/trgovina\/wp-content\/uploads\/2024\/06\/Tvoj-modri-plamen-mockup_600x600.jpg","datePublished":"2024-06-13T04:29:16+00:00","dateModified":"2025-11-28T09:59:03+00:00","description":"Tvoj modri plamen je knjiga, ki vas bo navdihnila in spodbudila, da se (ponovno) lotite stvari, ki vas veselijo in po\u017eivljajo. Osebni motivator, ki je vedno na dosegu roke.","breadcrumb":{"@id":"https:\/\/www.iskreni.net\/trgovina\/product\/tvoj-modri-plamen\/#breadcrumb"},"inLanguage":"sl-SI","potentialAction":[{"@type":"ReadAction","target":["https:\/\/www.iskreni.net\/trgovina\/product\/tvoj-modri-plamen\/"]}]},{"@type":"ImageObject","inLanguage":"sl-SI","@id":"https:\/\/www.iskreni.net\/trgovina\/product\/tvoj-modri-plamen\/#primaryimage","url":"https:\/\/www.iskreni.net\/trgovina\/wp-content\/uploads\/2024\/06\/Tvoj-modri-plamen-mockup_600x600.jpg","contentUrl":"https:\/\/www.iskreni.net\/trgovina\/wp-content\/uploads\/2024\/06\/Tvoj-modri-plamen-mockup_600x600.jpg","width":600,"height":600,"caption":"Tvoj-modri-plamen"},{"@type":"BreadcrumbList","@id":"https:\/\/www.iskreni.net\/trgovina\/product\/tvoj-modri-plamen\/#breadcrumb","itemListElement":[{"@type":"ListItem","position":1,"name":"Home","item":"https:\/\/www.iskreni.net\/trgovina\/"},{"@type":"ListItem","position":2,"name":"Trgovina","item":"https:\/\/www.iskreni.net\/trgovina\/trgovina\/"},{"@type":"ListItem","position":3,"name":"Tvoj modri plamen"}]},{"@type":"WebSite","@id":"https:\/\/www.iskreni.net\/trgovina\/#website","url":"https:\/\/www.iskreni.net\/trgovina\/","name":"Zavod Iskreni","description":"trgovina","potentialAction":[{"@type":"SearchAction","target":{"@type":"EntryPoint","urlTemplate":"https:\/\/www.iskreni.net\/trgovina\/?s={search_term_string}"},"query-input":{"@type":"PropertyValueSpecification","valueRequired":true,"valueName":"search_term_string"}}],"inLanguage":"sl-SI"}]}},"_links":{"self":[{"href":"https:\/\/www.iskreni.net\/trgovina\/wp-json\/wp\/v2\/product\/75396","targetHints":{"allow":["GET"]}}],"collection":[{"href":"https:\/\/www.iskreni.net\/trgovina\/wp-json\/wp\/v2\/product"}],"about":[{"href":"https:\/\/www.iskreni.net\/trgovina\/wp-json\/wp\/v2\/types\/product"}],"replies":[{"embeddable":true,"href":"https:\/\/www.iskreni.net\/trgovina\/wp-json\/wp\/v2\/comments?post=75396"}],"version-history":[{"count":16,"href":"https:\/\/www.iskreni.net\/trgovina\/wp-json\/wp\/v2\/product\/75396\/revisions"}],"predecessor-version":[{"id":75642,"href":"https:\/\/www.iskreni.net\/trgovina\/wp-json\/wp\/v2\/product\/75396\/revisions\/75642"}],"wp:featuredmedia":[{"embeddable":true,"href":"https:\/\/www.iskreni.net\/trgovina\/wp-json\/wp\/v2\/media\/75399"}],"wp:attachment":[{"href":"https:\/\/www.iskreni.net\/trgovina\/wp-json\/wp\/v2\/media?parent=75396"}],"wp:term":[{"taxonomy":"product_brand","embeddable":true,"href":"https:\/\/www.iskreni.net\/trgovina\/wp-json\/wp\/v2\/product_brand?post=75396"},{"taxonomy":"product_cat","embeddable":true,"href":"https:\/\/www.iskreni.net\/trgovina\/wp-json\/wp\/v2\/product_cat?post=75396"},{"taxonomy":"product_tag","embeddable":true,"href":"https:\/\/www.iskreni.net\/trgovina\/wp-json\/wp\/v2\/product_tag?post=75396"},{"taxonomy":"avtor","embeddable":true,"href":"https:\/\/www.iskreni.net\/trgovina\/wp-json\/wp\/v2\/avtor?post=75396"},{"taxonomy":"zalozba","embeddable":true,"href":"https:\/\/www.iskreni.net\/trgovina\/wp-json\/wp\/v2\/zalozba?post=75396"},{"taxonomy":"vezava","embeddable":true,"href":"https:\/\/www.iskreni.net\/trgovina\/wp-json\/wp\/v2\/vezava?post=75396"}],"curies":[{"name":"wp","href":"https:\/\/api.w.org\/{rel}","templated":true}]}}