{"id":75311,"date":"2024-05-29T09:44:48","date_gmt":"2024-05-29T07:44:48","guid":{"rendered":"https:\/\/www.iskreni.net\/trgovina\/?post_type=product&#038;p=75311"},"modified":"2024-07-30T15:00:30","modified_gmt":"2024-07-30T13:00:30","slug":"srcni-ucitelj","status":"publish","type":"product","link":"https:\/\/www.iskreni.net\/trgovina\/product\/srcni-ucitelj\/","title":{"rendered":"Sr\u010dni u\u010ditelj"},"content":{"rendered":"<h4><b>O knjigi Sr\u010dni u\u010ditelj<em>:<\/em><\/b><\/h4>\n<p>Knjiga govori o tem, kako moramo vzgajati in u\u010diti otroke na bolj novodobni na\u010din \u2013 s so\u010dutjem, razumevanjem \u010dustev otroka, s potrpe\u017eljivostjo \u2026 In kako moramo pogled najprej usmeriti vase, kako postati \u010dimbolj \u201cprebujen\u201d, saj bolj kot besede u\u010dijo zgledi.<\/p>\n<p>Knjiga je namenjena vsem, ki pou\u010dujejo, ki so del izobra\u017eevalnega sistema in ki so kakor koli soudele\u017eeni pri vzgoji tistih, ki bodo odlo\u010dali o na\u0161i prihodnosti in prihodnosti na\u0161ega planeta \u2013 otrok.<\/p>\n<p>Je poklon u\u010diteljem in star\u0161em, ki vzgajajo, vodijo in u\u010dijo iz srca, z globokim razumevanjem, so\u010dutjem in sprejemanjem edinstvenosti vsakega otroka.<\/p>\n<p>Knjiga je posve\u010dena tudi tistim pogumnim du\u0161am, ki se nam bodo pridru\u017eili na poti, kjer ni \u017ertev in krivcev, kjer smo vsi le ljudje s svojimi lastnimi izbirami in odlo\u010ditvami.<\/p>\n<h4>O avtorici:<\/h4>\n<p>Profesorica biologije in filozofije, avtorica \u0161tirih knjig ter soavtorica dveh.<\/p>\n<p>Je mama teh otrok, za katere pravi, da so njeni najve\u010dji u\u010ditelji. Poleg svoje dru\u017eine obo\u017euje pristnost, u\u010denje in pou\u010devanje, brezmesne jedi, jogo, pohajkovanje po naravi in Anglijo.<\/p>\n<p><strong>Poslanstvo knjige SR\u010cNI U\u010cITELJ?<\/strong> \u201cBralca spomniti, da je biti vzgojitelj, u\u010ditelj, star\u0161 (oz. odrasel, ki ima tako ali druga\u010de vpliv na odra\u0161\u010dajo\u010do generacijo) poslanstvo, ne le poklic ali vloga. Ga spodbuditi, da se zazre vase in opravi notranje delo, se nau\u010di ravnati z lastnimi ob\u010dutki in kljub veliki zahtevnosti tega poslanstva, znotraj njega najde radost, veselje, da ga lahko opravlja lahkotno in je kot tak magnet za mlade, ki mu potem samodejno sledijo \u2013 iz lastne \u017eelje in ne zaradi prisile oz. strahu.\u201d<\/p>\n","protected":false},"excerpt":{"rendered":"<p><strong>\u0160tevilo strani:<\/strong> 204<br \/>\n<strong>Leto izdaje:<\/strong> 2019<\/p>\n<p>&nbsp;<\/p>\n","protected":false},"featured_media":75314,"comment_status":"open","ping_status":"closed","template":"","meta":[],"product_brand":[],"product_cat":[2327,2323,63],"product_tag":[],"avtor":[2776],"zalozba":[2777],"vezava":[2635],"class_list":{"0":"post-75311","1":"product","2":"type-product","3":"status-publish","4":"has-post-thumbnail","6":"product_cat-prirocniki-in-vodniki","7":"product_cat-vzgoja","8":"product_cat-knjige","9":"avtor-sabina-kosmrl-kaucic","10":"zalozba-katapult-d-o-o","11":"vezava-mehka-z-zavihki","13":"first","14":"outofstock","15":"taxable","16":"shipping-taxable","17":"purchasable","18":"product-type-simple"},"yoast_head":"<!-- This site is optimized with the Yoast SEO plugin v26.3 - https:\/\/yoast.com\/wordpress\/plugins\/seo\/ -->\n<title>Sr\u010dni u\u010ditelj - Svetovna uspe\u0161nica! - Zavod Iskreni<\/title>\n<meta name=\"description\" content=\"Bistvo knjige je bralca spomniti, da je biti vzgojitelj, u\u010ditelj, star\u0161 poslanstvo, ne le poklic ali vloga. Knjiga govori o tem, kako moramo vzgajati in u\u010diti otroke.\" \/>\n<meta name=\"robots\" content=\"index, follow, max-snippet:-1, max-image-preview:large, max-video-preview:-1\" \/>\n<link rel=\"canonical\" href=\"https:\/\/www.iskreni.net\/trgovina\/product\/srcni-ucitelj\/\" \/>\n<meta property=\"og:locale\" content=\"sl_SI\" \/>\n<meta property=\"og:type\" content=\"article\" \/>\n<meta property=\"og:title\" content=\"Sr\u010dni u\u010ditelj\" \/>\n<meta property=\"og:description\" content=\"Bistvo knjige je bralca spomniti, da je biti vzgojitelj, u\u010ditelj, star\u0161 poslanstvo, ne le poklic ali vloga. Knjiga govori o tem, kako moramo vzgajati in u\u010diti otroke.\" \/>\n<meta property=\"og:url\" content=\"https:\/\/www.iskreni.net\/trgovina\/product\/srcni-ucitelj\/\" \/>\n<meta property=\"og:site_name\" content=\"Zavod Iskreni\" \/>\n<meta property=\"article:modified_time\" content=\"2024-07-30T13:00:30+00:00\" \/>\n<meta property=\"og:image\" content=\"https:\/\/www.iskreni.net\/trgovina\/wp-content\/uploads\/2024\/05\/Slike-za-v-spletno-trgovino-60.jpg\" \/>\n\t<meta property=\"og:image:width\" content=\"600\" \/>\n\t<meta property=\"og:image:height\" content=\"600\" \/>\n\t<meta property=\"og:image:type\" content=\"image\/jpeg\" \/>\n<meta name=\"twitter:card\" content=\"summary_large_image\" \/>\n<meta name=\"twitter:label1\" content=\"Est. reading time\" \/>\n\t<meta name=\"twitter:data1\" content=\"2 minuti\" \/>\n<script type=\"application\/ld+json\" class=\"yoast-schema-graph\">{\"@context\":\"https:\/\/schema.org\",\"@graph\":[{\"@type\":\"WebPage\",\"@id\":\"https:\/\/www.iskreni.net\/trgovina\/product\/srcni-ucitelj\/\",\"url\":\"https:\/\/www.iskreni.net\/trgovina\/product\/srcni-ucitelj\/\",\"name\":\"Sr\u010dni u\u010ditelj - Svetovna uspe\u0161nica! - Zavod Iskreni\",\"isPartOf\":{\"@id\":\"https:\/\/www.iskreni.net\/trgovina\/#website\"},\"primaryImageOfPage\":{\"@id\":\"https:\/\/www.iskreni.net\/trgovina\/product\/srcni-ucitelj\/#primaryimage\"},\"image\":{\"@id\":\"https:\/\/www.iskreni.net\/trgovina\/product\/srcni-ucitelj\/#primaryimage\"},\"thumbnailUrl\":\"https:\/\/www.iskreni.net\/trgovina\/wp-content\/uploads\/2024\/05\/Slike-za-v-spletno-trgovino-60.jpg\",\"datePublished\":\"2024-05-29T07:44:48+00:00\",\"dateModified\":\"2024-07-30T13:00:30+00:00\",\"description\":\"Bistvo knjige je bralca spomniti, da je biti vzgojitelj, u\u010ditelj, star\u0161 poslanstvo, ne le poklic ali vloga. Knjiga govori o tem, kako moramo vzgajati in u\u010diti otroke.\",\"breadcrumb\":{\"@id\":\"https:\/\/www.iskreni.net\/trgovina\/product\/srcni-ucitelj\/#breadcrumb\"},\"inLanguage\":\"sl-SI\",\"potentialAction\":[{\"@type\":\"ReadAction\",\"target\":[\"https:\/\/www.iskreni.net\/trgovina\/product\/srcni-ucitelj\/\"]}]},{\"@type\":\"ImageObject\",\"inLanguage\":\"sl-SI\",\"@id\":\"https:\/\/www.iskreni.net\/trgovina\/product\/srcni-ucitelj\/#primaryimage\",\"url\":\"https:\/\/www.iskreni.net\/trgovina\/wp-content\/uploads\/2024\/05\/Slike-za-v-spletno-trgovino-60.jpg\",\"contentUrl\":\"https:\/\/www.iskreni.net\/trgovina\/wp-content\/uploads\/2024\/05\/Slike-za-v-spletno-trgovino-60.jpg\",\"width\":600,\"height\":600},{\"@type\":\"BreadcrumbList\",\"@id\":\"https:\/\/www.iskreni.net\/trgovina\/product\/srcni-ucitelj\/#breadcrumb\",\"itemListElement\":[{\"@type\":\"ListItem\",\"position\":1,\"name\":\"Home\",\"item\":\"https:\/\/www.iskreni.net\/trgovina\/\"},{\"@type\":\"ListItem\",\"position\":2,\"name\":\"Trgovina\",\"item\":\"https:\/\/www.iskreni.net\/trgovina\/trgovina\/\"},{\"@type\":\"ListItem\",\"position\":3,\"name\":\"Sr\u010dni u\u010ditelj\"}]},{\"@type\":\"WebSite\",\"@id\":\"https:\/\/www.iskreni.net\/trgovina\/#website\",\"url\":\"https:\/\/www.iskreni.net\/trgovina\/\",\"name\":\"Zavod Iskreni\",\"description\":\"trgovina\",\"potentialAction\":[{\"@type\":\"SearchAction\",\"target\":{\"@type\":\"EntryPoint\",\"urlTemplate\":\"https:\/\/www.iskreni.net\/trgovina\/?s={search_term_string}\"},\"query-input\":{\"@type\":\"PropertyValueSpecification\",\"valueRequired\":true,\"valueName\":\"search_term_string\"}}],\"inLanguage\":\"sl-SI\"}]}<\/script>\n<!-- \/ Yoast SEO plugin. -->","yoast_head_json":{"title":"Sr\u010dni u\u010ditelj - Svetovna uspe\u0161nica! - Zavod Iskreni","description":"Bistvo knjige je bralca spomniti, da je biti vzgojitelj, u\u010ditelj, star\u0161 poslanstvo, ne le poklic ali vloga. Knjiga govori o tem, kako moramo vzgajati in u\u010diti otroke.","robots":{"index":"index","follow":"follow","max-snippet":"max-snippet:-1","max-image-preview":"max-image-preview:large","max-video-preview":"max-video-preview:-1"},"canonical":"https:\/\/www.iskreni.net\/trgovina\/product\/srcni-ucitelj\/","og_locale":"sl_SI","og_type":"article","og_title":"Sr\u010dni u\u010ditelj","og_description":"Bistvo knjige je bralca spomniti, da je biti vzgojitelj, u\u010ditelj, star\u0161 poslanstvo, ne le poklic ali vloga. Knjiga govori o tem, kako moramo vzgajati in u\u010diti otroke.","og_url":"https:\/\/www.iskreni.net\/trgovina\/product\/srcni-ucitelj\/","og_site_name":"Zavod Iskreni","article_modified_time":"2024-07-30T13:00:30+00:00","og_image":[{"width":600,"height":600,"url":"https:\/\/www.iskreni.net\/trgovina\/wp-content\/uploads\/2024\/05\/Slike-za-v-spletno-trgovino-60.jpg","type":"image\/jpeg"}],"twitter_card":"summary_large_image","twitter_misc":{"Est. reading time":"2 minuti"},"schema":{"@context":"https:\/\/schema.org","@graph":[{"@type":"WebPage","@id":"https:\/\/www.iskreni.net\/trgovina\/product\/srcni-ucitelj\/","url":"https:\/\/www.iskreni.net\/trgovina\/product\/srcni-ucitelj\/","name":"Sr\u010dni u\u010ditelj - Svetovna uspe\u0161nica! - Zavod Iskreni","isPartOf":{"@id":"https:\/\/www.iskreni.net\/trgovina\/#website"},"primaryImageOfPage":{"@id":"https:\/\/www.iskreni.net\/trgovina\/product\/srcni-ucitelj\/#primaryimage"},"image":{"@id":"https:\/\/www.iskreni.net\/trgovina\/product\/srcni-ucitelj\/#primaryimage"},"thumbnailUrl":"https:\/\/www.iskreni.net\/trgovina\/wp-content\/uploads\/2024\/05\/Slike-za-v-spletno-trgovino-60.jpg","datePublished":"2024-05-29T07:44:48+00:00","dateModified":"2024-07-30T13:00:30+00:00","description":"Bistvo knjige je bralca spomniti, da je biti vzgojitelj, u\u010ditelj, star\u0161 poslanstvo, ne le poklic ali vloga. Knjiga govori o tem, kako moramo vzgajati in u\u010diti otroke.","breadcrumb":{"@id":"https:\/\/www.iskreni.net\/trgovina\/product\/srcni-ucitelj\/#breadcrumb"},"inLanguage":"sl-SI","potentialAction":[{"@type":"ReadAction","target":["https:\/\/www.iskreni.net\/trgovina\/product\/srcni-ucitelj\/"]}]},{"@type":"ImageObject","inLanguage":"sl-SI","@id":"https:\/\/www.iskreni.net\/trgovina\/product\/srcni-ucitelj\/#primaryimage","url":"https:\/\/www.iskreni.net\/trgovina\/wp-content\/uploads\/2024\/05\/Slike-za-v-spletno-trgovino-60.jpg","contentUrl":"https:\/\/www.iskreni.net\/trgovina\/wp-content\/uploads\/2024\/05\/Slike-za-v-spletno-trgovino-60.jpg","width":600,"height":600},{"@type":"BreadcrumbList","@id":"https:\/\/www.iskreni.net\/trgovina\/product\/srcni-ucitelj\/#breadcrumb","itemListElement":[{"@type":"ListItem","position":1,"name":"Home","item":"https:\/\/www.iskreni.net\/trgovina\/"},{"@type":"ListItem","position":2,"name":"Trgovina","item":"https:\/\/www.iskreni.net\/trgovina\/trgovina\/"},{"@type":"ListItem","position":3,"name":"Sr\u010dni u\u010ditelj"}]},{"@type":"WebSite","@id":"https:\/\/www.iskreni.net\/trgovina\/#website","url":"https:\/\/www.iskreni.net\/trgovina\/","name":"Zavod Iskreni","description":"trgovina","potentialAction":[{"@type":"SearchAction","target":{"@type":"EntryPoint","urlTemplate":"https:\/\/www.iskreni.net\/trgovina\/?s={search_term_string}"},"query-input":{"@type":"PropertyValueSpecification","valueRequired":true,"valueName":"search_term_string"}}],"inLanguage":"sl-SI"}]}},"_links":{"self":[{"href":"https:\/\/www.iskreni.net\/trgovina\/wp-json\/wp\/v2\/product\/75311","targetHints":{"allow":["GET"]}}],"collection":[{"href":"https:\/\/www.iskreni.net\/trgovina\/wp-json\/wp\/v2\/product"}],"about":[{"href":"https:\/\/www.iskreni.net\/trgovina\/wp-json\/wp\/v2\/types\/product"}],"replies":[{"embeddable":true,"href":"https:\/\/www.iskreni.net\/trgovina\/wp-json\/wp\/v2\/comments?post=75311"}],"version-history":[{"count":3,"href":"https:\/\/www.iskreni.net\/trgovina\/wp-json\/wp\/v2\/product\/75311\/revisions"}],"predecessor-version":[{"id":75316,"href":"https:\/\/www.iskreni.net\/trgovina\/wp-json\/wp\/v2\/product\/75311\/revisions\/75316"}],"wp:featuredmedia":[{"embeddable":true,"href":"https:\/\/www.iskreni.net\/trgovina\/wp-json\/wp\/v2\/media\/75314"}],"wp:attachment":[{"href":"https:\/\/www.iskreni.net\/trgovina\/wp-json\/wp\/v2\/media?parent=75311"}],"wp:term":[{"taxonomy":"product_brand","embeddable":true,"href":"https:\/\/www.iskreni.net\/trgovina\/wp-json\/wp\/v2\/product_brand?post=75311"},{"taxonomy":"product_cat","embeddable":true,"href":"https:\/\/www.iskreni.net\/trgovina\/wp-json\/wp\/v2\/product_cat?post=75311"},{"taxonomy":"product_tag","embeddable":true,"href":"https:\/\/www.iskreni.net\/trgovina\/wp-json\/wp\/v2\/product_tag?post=75311"},{"taxonomy":"avtor","embeddable":true,"href":"https:\/\/www.iskreni.net\/trgovina\/wp-json\/wp\/v2\/avtor?post=75311"},{"taxonomy":"zalozba","embeddable":true,"href":"https:\/\/www.iskreni.net\/trgovina\/wp-json\/wp\/v2\/zalozba?post=75311"},{"taxonomy":"vezava","embeddable":true,"href":"https:\/\/www.iskreni.net\/trgovina\/wp-json\/wp\/v2\/vezava?post=75311"}],"curies":[{"name":"wp","href":"https:\/\/api.w.org\/{rel}","templated":true}]}}