{"id":75293,"date":"2024-05-29T08:22:39","date_gmt":"2024-05-29T06:22:39","guid":{"rendered":"https:\/\/www.iskreni.net\/trgovina\/?post_type=product&#038;p=75293"},"modified":"2024-05-30T10:05:43","modified_gmt":"2024-05-30T08:05:43","slug":"bodi-ljubljena","status":"publish","type":"product","link":"https:\/\/www.iskreni.net\/trgovina\/product\/bodi-ljubljena\/","title":{"rendered":"Bodi ljubljena"},"content":{"rendered":"<h4>O knjigi Bodi ljubljena:<\/h4>\n<p>Mlada vplivnica Emma Mae Jenkins je svojo globoko vero in ljubezen do Jezusa prelila v knjigo, ki nas spodbuja k zavedanju Bo\u017eje bli\u017eine in temu, da si drznemo biti edinstveni.<\/p>\n<p>Emma Mae je simpati\u010dno mlado dekle, ki kar prekipeva od ljubezni do \u017eivljenja, ljudi in Boga. V svoji prvi knjigi opisuje, kako se je soo\u010dala s tipi\u010dnimi in manj tipi\u010dnimi mladostnimi preizku\u0161njami, kot so menjava \u0161ole, sklepanje prijateljstev in iz\u010drpanost od prizadevanj, da bi zmeraj vse naredila popolno, pri \u010demer jo je ves \u010das opogumljala pristna, \u017eiva vera in spremljala Bo\u017eja prisotnost.<\/p>\n<p>Na razgibanih, barvitih straneh se Emmini spomini na srednje\u0161olska leta in navdihujo\u010de, spodbudne besede prepletajo z izbranimi svetopisemskimi citati, \u0161tevilnimi fotografijami in igrivimi ilustracijami.<\/p>\n<p>&nbsp;<\/p>\n","protected":false},"excerpt":{"rendered":"<p><strong>Leto izdaje:<\/strong> 2024<br \/>\n<strong>\u0160tevilo strani:<\/strong> 161<br \/>\n<strong>Mere:<\/strong> 160 x 230 mm<\/p>\n<p>&nbsp;<\/p>\n","protected":false},"featured_media":75295,"comment_status":"open","ping_status":"closed","template":"","meta":[],"product_brand":[],"product_cat":[2350,63],"product_tag":[1687,2772],"avtor":[2771],"zalozba":[2311],"vezava":[2307],"class_list":{"0":"post-75293","1":"product","2":"type-product","3":"status-publish","4":"has-post-thumbnail","6":"product_cat-za-mlade","7":"product_cat-knjige","8":"product_tag-rojstni-dan","9":"product_tag-sv-birma","10":"avtor-emma-mae-jenkins","11":"zalozba-druzina","12":"vezava-mehka","14":"first","15":"instock","16":"taxable","17":"shipping-taxable","18":"purchasable","19":"product-type-simple"},"yoast_head":"<!-- This site is optimized with the Yoast SEO plugin v26.3 - https:\/\/yoast.com\/wordpress\/plugins\/seo\/ -->\n<title>Bodi ljubljena-iskreni<\/title>\n<meta name=\"description\" content=\"Mlada vplivnica Emma Mae Jenkins je svojo globoko vero in ljubezen do Jezusa prelila v knjigo, ki nas spodbuja k zavedanju Bo\u017eje bli\u017eine.\" \/>\n<meta name=\"robots\" content=\"index, follow, max-snippet:-1, max-image-preview:large, max-video-preview:-1\" \/>\n<link rel=\"canonical\" href=\"https:\/\/www.iskreni.net\/trgovina\/product\/bodi-ljubljena\/\" \/>\n<meta property=\"og:locale\" content=\"sl_SI\" \/>\n<meta property=\"og:type\" content=\"article\" \/>\n<meta property=\"og:title\" content=\"Bodi ljubljena\" \/>\n<meta property=\"og:description\" content=\"Mlada vplivnica Emma Mae Jenkins je svojo globoko vero in ljubezen do Jezusa prelila v knjigo, ki nas spodbuja k zavedanju Bo\u017eje bli\u017eine.\" \/>\n<meta property=\"og:url\" content=\"https:\/\/www.iskreni.net\/trgovina\/product\/bodi-ljubljena\/\" \/>\n<meta property=\"og:site_name\" content=\"Zavod Iskreni\" \/>\n<meta property=\"article:modified_time\" content=\"2024-05-30T08:05:43+00:00\" \/>\n<meta property=\"og:image\" content=\"https:\/\/www.iskreni.net\/trgovina\/wp-content\/uploads\/2024\/05\/Slike-za-v-spletno-trgovino-56.jpg\" \/>\n\t<meta property=\"og:image:width\" content=\"600\" \/>\n\t<meta property=\"og:image:height\" content=\"600\" \/>\n\t<meta property=\"og:image:type\" content=\"image\/jpeg\" \/>\n<meta name=\"twitter:card\" content=\"summary_large_image\" \/>\n<meta name=\"twitter:label1\" content=\"Est. reading time\" \/>\n\t<meta name=\"twitter:data1\" content=\"1 minuta\" \/>\n<script type=\"application\/ld+json\" class=\"yoast-schema-graph\">{\"@context\":\"https:\/\/schema.org\",\"@graph\":[{\"@type\":\"WebPage\",\"@id\":\"https:\/\/www.iskreni.net\/trgovina\/product\/bodi-ljubljena\/\",\"url\":\"https:\/\/www.iskreni.net\/trgovina\/product\/bodi-ljubljena\/\",\"name\":\"Bodi ljubljena-iskreni\",\"isPartOf\":{\"@id\":\"https:\/\/www.iskreni.net\/trgovina\/#website\"},\"primaryImageOfPage\":{\"@id\":\"https:\/\/www.iskreni.net\/trgovina\/product\/bodi-ljubljena\/#primaryimage\"},\"image\":{\"@id\":\"https:\/\/www.iskreni.net\/trgovina\/product\/bodi-ljubljena\/#primaryimage\"},\"thumbnailUrl\":\"https:\/\/www.iskreni.net\/trgovina\/wp-content\/uploads\/2024\/05\/Slike-za-v-spletno-trgovino-56.jpg\",\"datePublished\":\"2024-05-29T06:22:39+00:00\",\"dateModified\":\"2024-05-30T08:05:43+00:00\",\"description\":\"Mlada vplivnica Emma Mae Jenkins je svojo globoko vero in ljubezen do Jezusa prelila v knjigo, ki nas spodbuja k zavedanju Bo\u017eje bli\u017eine.\",\"breadcrumb\":{\"@id\":\"https:\/\/www.iskreni.net\/trgovina\/product\/bodi-ljubljena\/#breadcrumb\"},\"inLanguage\":\"sl-SI\",\"potentialAction\":[{\"@type\":\"ReadAction\",\"target\":[\"https:\/\/www.iskreni.net\/trgovina\/product\/bodi-ljubljena\/\"]}]},{\"@type\":\"ImageObject\",\"inLanguage\":\"sl-SI\",\"@id\":\"https:\/\/www.iskreni.net\/trgovina\/product\/bodi-ljubljena\/#primaryimage\",\"url\":\"https:\/\/www.iskreni.net\/trgovina\/wp-content\/uploads\/2024\/05\/Slike-za-v-spletno-trgovino-56.jpg\",\"contentUrl\":\"https:\/\/www.iskreni.net\/trgovina\/wp-content\/uploads\/2024\/05\/Slike-za-v-spletno-trgovino-56.jpg\",\"width\":600,\"height\":600},{\"@type\":\"BreadcrumbList\",\"@id\":\"https:\/\/www.iskreni.net\/trgovina\/product\/bodi-ljubljena\/#breadcrumb\",\"itemListElement\":[{\"@type\":\"ListItem\",\"position\":1,\"name\":\"Home\",\"item\":\"https:\/\/www.iskreni.net\/trgovina\/\"},{\"@type\":\"ListItem\",\"position\":2,\"name\":\"Trgovina\",\"item\":\"https:\/\/www.iskreni.net\/trgovina\/trgovina\/\"},{\"@type\":\"ListItem\",\"position\":3,\"name\":\"Bodi ljubljena\"}]},{\"@type\":\"WebSite\",\"@id\":\"https:\/\/www.iskreni.net\/trgovina\/#website\",\"url\":\"https:\/\/www.iskreni.net\/trgovina\/\",\"name\":\"Zavod Iskreni\",\"description\":\"trgovina\",\"potentialAction\":[{\"@type\":\"SearchAction\",\"target\":{\"@type\":\"EntryPoint\",\"urlTemplate\":\"https:\/\/www.iskreni.net\/trgovina\/?s={search_term_string}\"},\"query-input\":{\"@type\":\"PropertyValueSpecification\",\"valueRequired\":true,\"valueName\":\"search_term_string\"}}],\"inLanguage\":\"sl-SI\"}]}<\/script>\n<!-- \/ Yoast SEO plugin. -->","yoast_head_json":{"title":"Bodi ljubljena-iskreni","description":"Mlada vplivnica Emma Mae Jenkins je svojo globoko vero in ljubezen do Jezusa prelila v knjigo, ki nas spodbuja k zavedanju Bo\u017eje bli\u017eine.","robots":{"index":"index","follow":"follow","max-snippet":"max-snippet:-1","max-image-preview":"max-image-preview:large","max-video-preview":"max-video-preview:-1"},"canonical":"https:\/\/www.iskreni.net\/trgovina\/product\/bodi-ljubljena\/","og_locale":"sl_SI","og_type":"article","og_title":"Bodi ljubljena","og_description":"Mlada vplivnica Emma Mae Jenkins je svojo globoko vero in ljubezen do Jezusa prelila v knjigo, ki nas spodbuja k zavedanju Bo\u017eje bli\u017eine.","og_url":"https:\/\/www.iskreni.net\/trgovina\/product\/bodi-ljubljena\/","og_site_name":"Zavod Iskreni","article_modified_time":"2024-05-30T08:05:43+00:00","og_image":[{"width":600,"height":600,"url":"https:\/\/www.iskreni.net\/trgovina\/wp-content\/uploads\/2024\/05\/Slike-za-v-spletno-trgovino-56.jpg","type":"image\/jpeg"}],"twitter_card":"summary_large_image","twitter_misc":{"Est. reading time":"1 minuta"},"schema":{"@context":"https:\/\/schema.org","@graph":[{"@type":"WebPage","@id":"https:\/\/www.iskreni.net\/trgovina\/product\/bodi-ljubljena\/","url":"https:\/\/www.iskreni.net\/trgovina\/product\/bodi-ljubljena\/","name":"Bodi ljubljena-iskreni","isPartOf":{"@id":"https:\/\/www.iskreni.net\/trgovina\/#website"},"primaryImageOfPage":{"@id":"https:\/\/www.iskreni.net\/trgovina\/product\/bodi-ljubljena\/#primaryimage"},"image":{"@id":"https:\/\/www.iskreni.net\/trgovina\/product\/bodi-ljubljena\/#primaryimage"},"thumbnailUrl":"https:\/\/www.iskreni.net\/trgovina\/wp-content\/uploads\/2024\/05\/Slike-za-v-spletno-trgovino-56.jpg","datePublished":"2024-05-29T06:22:39+00:00","dateModified":"2024-05-30T08:05:43+00:00","description":"Mlada vplivnica Emma Mae Jenkins je svojo globoko vero in ljubezen do Jezusa prelila v knjigo, ki nas spodbuja k zavedanju Bo\u017eje bli\u017eine.","breadcrumb":{"@id":"https:\/\/www.iskreni.net\/trgovina\/product\/bodi-ljubljena\/#breadcrumb"},"inLanguage":"sl-SI","potentialAction":[{"@type":"ReadAction","target":["https:\/\/www.iskreni.net\/trgovina\/product\/bodi-ljubljena\/"]}]},{"@type":"ImageObject","inLanguage":"sl-SI","@id":"https:\/\/www.iskreni.net\/trgovina\/product\/bodi-ljubljena\/#primaryimage","url":"https:\/\/www.iskreni.net\/trgovina\/wp-content\/uploads\/2024\/05\/Slike-za-v-spletno-trgovino-56.jpg","contentUrl":"https:\/\/www.iskreni.net\/trgovina\/wp-content\/uploads\/2024\/05\/Slike-za-v-spletno-trgovino-56.jpg","width":600,"height":600},{"@type":"BreadcrumbList","@id":"https:\/\/www.iskreni.net\/trgovina\/product\/bodi-ljubljena\/#breadcrumb","itemListElement":[{"@type":"ListItem","position":1,"name":"Home","item":"https:\/\/www.iskreni.net\/trgovina\/"},{"@type":"ListItem","position":2,"name":"Trgovina","item":"https:\/\/www.iskreni.net\/trgovina\/trgovina\/"},{"@type":"ListItem","position":3,"name":"Bodi ljubljena"}]},{"@type":"WebSite","@id":"https:\/\/www.iskreni.net\/trgovina\/#website","url":"https:\/\/www.iskreni.net\/trgovina\/","name":"Zavod Iskreni","description":"trgovina","potentialAction":[{"@type":"SearchAction","target":{"@type":"EntryPoint","urlTemplate":"https:\/\/www.iskreni.net\/trgovina\/?s={search_term_string}"},"query-input":{"@type":"PropertyValueSpecification","valueRequired":true,"valueName":"search_term_string"}}],"inLanguage":"sl-SI"}]}},"_links":{"self":[{"href":"https:\/\/www.iskreni.net\/trgovina\/wp-json\/wp\/v2\/product\/75293","targetHints":{"allow":["GET"]}}],"collection":[{"href":"https:\/\/www.iskreni.net\/trgovina\/wp-json\/wp\/v2\/product"}],"about":[{"href":"https:\/\/www.iskreni.net\/trgovina\/wp-json\/wp\/v2\/types\/product"}],"replies":[{"embeddable":true,"href":"https:\/\/www.iskreni.net\/trgovina\/wp-json\/wp\/v2\/comments?post=75293"}],"version-history":[{"count":2,"href":"https:\/\/www.iskreni.net\/trgovina\/wp-json\/wp\/v2\/product\/75293\/revisions"}],"predecessor-version":[{"id":75296,"href":"https:\/\/www.iskreni.net\/trgovina\/wp-json\/wp\/v2\/product\/75293\/revisions\/75296"}],"wp:featuredmedia":[{"embeddable":true,"href":"https:\/\/www.iskreni.net\/trgovina\/wp-json\/wp\/v2\/media\/75295"}],"wp:attachment":[{"href":"https:\/\/www.iskreni.net\/trgovina\/wp-json\/wp\/v2\/media?parent=75293"}],"wp:term":[{"taxonomy":"product_brand","embeddable":true,"href":"https:\/\/www.iskreni.net\/trgovina\/wp-json\/wp\/v2\/product_brand?post=75293"},{"taxonomy":"product_cat","embeddable":true,"href":"https:\/\/www.iskreni.net\/trgovina\/wp-json\/wp\/v2\/product_cat?post=75293"},{"taxonomy":"product_tag","embeddable":true,"href":"https:\/\/www.iskreni.net\/trgovina\/wp-json\/wp\/v2\/product_tag?post=75293"},{"taxonomy":"avtor","embeddable":true,"href":"https:\/\/www.iskreni.net\/trgovina\/wp-json\/wp\/v2\/avtor?post=75293"},{"taxonomy":"zalozba","embeddable":true,"href":"https:\/\/www.iskreni.net\/trgovina\/wp-json\/wp\/v2\/zalozba?post=75293"},{"taxonomy":"vezava","embeddable":true,"href":"https:\/\/www.iskreni.net\/trgovina\/wp-json\/wp\/v2\/vezava?post=75293"}],"curies":[{"name":"wp","href":"https:\/\/api.w.org\/{rel}","templated":true}]}}