{"id":7528,"date":"2020-03-20T13:59:27","date_gmt":"2020-03-20T12:59:27","guid":{"rendered":"https:\/\/www.iskreni.net\/trgovina\/?post_type=product&#038;p=7528"},"modified":"2026-02-06T15:02:26","modified_gmt":"2026-02-06T14:02:26","slug":"veliki-komplet-18-vlozkov","status":"publish","type":"product","link":"https:\/\/www.iskreni.net\/trgovina\/product\/veliki-komplet-18-vlozkov\/","title":{"rendered":"Veliki komplet 18 vlo\u017ekov"},"content":{"rendered":"<h4>Vsebina kompleta:<\/h4>\n<ul>\n<li style=\"list-style-type: none;\">\n<ul>\n<li>5 x vlo\u017eek s krilci S<\/li>\n<li>5 x vlo\u017eek s krilci M<\/li>\n<li>5 x vlo\u017eek s krilci L<\/li>\n<li>2 x vlo\u017eek s krilci XL<\/li>\n<li>1 x\u00a0no\u010dni dodatni vlo\u017eek<\/li>\n<li>1 x nepremo\u010dljiva vre\u010da S &#8211; gratis<\/li>\n<li>1 x bomba\u017ena vre\u010da s trakom &#8211; gratis<\/li>\n<\/ul>\n<\/li>\n<\/ul>\n<h4>Material:<\/h4>\n<ul>\n<li><strong>zgornja in vmesne plasti vlo\u017ekov:<br \/>\n<\/strong>NEBELJEN BAMBUS: 77 % viskoza (bambus), 23 % poliester (s certifikatom Oeko-Tex\u00ae Standard 100, razred 1)<br \/>\nBARVNI IN NEBELJENI EKO BOMBA\u017d: 100 % bomba\u017e, ekolo\u0161ko pridelan<br \/>\nPISANI EKO BOMBA\u017d: zgornja plast: 95 % bomba\u017e, 5 % elastan, ekolo\u0161ko pridelan, vmesne plasti: 77 % viskoza (bambus), 23 % poliester<br \/>\nOSTALI (PISANI) MOTIVI: zgornja plast: 95 % bomba\u017e, 5 % elastan, vmesne plasti: 77 % viskoza (bambus), 23 % poliester<\/li>\n<li><strong>spodnja nepremo\u010dljiva plast vlo\u017ekov:<\/strong>\u00a070 % bomba\u017e, 30 % poliester, poliuretanski premaz:\n<ul>\n<li>material izdelan v Nem\u010diji in ima certifikat Oeko-Tex\u00ae Standard 100, razred 1<\/li>\n<li>neprepustnost vode po DIN 208011: 3000 mm<\/li>\n<li>propustnost vodne pare po DIN 53122 \/ klima B: pribl. 500 g\/m2d<\/li>\n<li>brez PVC in formaldehida<\/li>\n<\/ul>\n<\/li>\n<li><strong>zunanja plast torbice:\u00a0<\/strong>95 % bomba\u017e, 5 % elastan<\/li>\n<li><strong>notranje plasti torbice:<\/strong>\u00a070 % bomba\u017e, 30 % poliester, poliuretanski premaz<\/li>\n<\/ul>\n<h4>Vzdr\u017eevanje:<\/h4>\n<ul>\n<li>vlo\u017eki so deklarirani za temperaturo pranja pri 95\u00a0<sup>o<\/sup>C<\/li>\n<li>lahko se su\u0161ijo v su\u0161ilnem stroju<\/li>\n<li>tudi barvni vlo\u017eki ne obarvajo belega perila<\/li>\n<\/ul>\n<h4>Uporaba:<\/h4>\n<ul>\n<li>ve\u010dji in srednji vlo\u017eek v dneh mo\u010dnej\u0161e menstruacije, manj\u0161i pa v zadnjih dneh ali v kombinaciji z menstrualno skodelico ter za vsakodnevno uporabo<\/li>\n<li>XL vlo\u017eek se uporablja pono\u010di &#8211; bodisi samostojno ali pa v kombinaciji XL vlo\u017eek s krilci + dodatni no\u010dni<\/li>\n<li>vlo\u017eki so primerni tudi pri poporodnih krvavitvah in bla\u017eji inkontinenci<\/li>\n<\/ul>\n","protected":false},"excerpt":{"rendered":"<p>20-delni komplet vlo\u017ekov, ki ve\u010dini zado\u0161\u010da za cel ciklus. Vrednost izdelkov: 118,71 \u20ac. Motivi vlo\u017ekov in torbic se lahko razlikujejo od motivov na fotografiji.<\/p>\n","protected":false},"featured_media":7539,"comment_status":"open","ping_status":"closed","template":"","meta":[],"product_brand":[],"product_cat":[83,955],"product_tag":[926],"avtor":[],"zalozba":[],"vezava":[],"class_list":{"0":"post-7528","1":"product","2":"type-product","3":"status-publish","4":"has-post-thumbnail","6":"product_cat-izdelki-za-menstruacijo","7":"product_cat-kompleti-vlozkov","8":"product_tag-pralni-vlozki","10":"first","11":"instock","12":"taxable","13":"shipping-taxable","14":"purchasable","15":"product-type-variable"},"yoast_head":"<!-- This site is optimized with the Yoast SEO plugin v26.3 - https:\/\/yoast.com\/wordpress\/plugins\/seo\/ -->\n<title>Veliki komplet vlo\u017ekov s prilo\u017eeno torbico - trgovina Iskreni<\/title>\n<meta name=\"description\" content=\"Veliki komplet vlo\u017ekov vsebuje 20 kosov in ve\u010dini zado\u0161\u010da za cel ciklus. Vrednost izdelkov je 118,71 \u20ac. Primerno tudi za poporodno krvavitev.\" \/>\n<meta name=\"robots\" content=\"index, follow, max-snippet:-1, max-image-preview:large, max-video-preview:-1\" \/>\n<link rel=\"canonical\" href=\"https:\/\/www.iskreni.net\/trgovina\/product\/veliki-komplet-18-vlozkov\/\" \/>\n<meta property=\"og:locale\" content=\"sl_SI\" \/>\n<meta property=\"og:type\" content=\"article\" \/>\n<meta property=\"og:title\" content=\"Veliki komplet vlo\u017ekov s prilo\u017eeno torbico - trgovina Iskreni\" \/>\n<meta property=\"og:description\" content=\"Veliki komplet vlo\u017ekov vsebuje 20 kosov in ve\u010dini zado\u0161\u010da za cel ciklus. Vrednost izdelkov je 118,71 \u20ac. Primerno tudi za poporodno krvavitev.\" \/>\n<meta property=\"og:url\" content=\"https:\/\/www.iskreni.net\/trgovina\/product\/veliki-komplet-18-vlozkov\/\" \/>\n<meta property=\"og:site_name\" content=\"Zavod Iskreni\" \/>\n<meta property=\"article:modified_time\" content=\"2026-02-06T14:02:26+00:00\" \/>\n<meta property=\"og:image\" content=\"https:\/\/www.iskreni.net\/trgovina\/wp-content\/uploads\/2020\/03\/362-paket_vlozkov_eko1-00bad6e33ad23a0d.jpg\" \/>\n\t<meta property=\"og:image:width\" content=\"505\" \/>\n\t<meta property=\"og:image:height\" content=\"370\" \/>\n\t<meta property=\"og:image:type\" content=\"image\/jpeg\" \/>\n<meta name=\"twitter:card\" content=\"summary_large_image\" \/>\n<meta name=\"twitter:label1\" content=\"Est. reading time\" \/>\n\t<meta name=\"twitter:data1\" content=\"2 minuti\" \/>\n<script type=\"application\/ld+json\" class=\"yoast-schema-graph\">{\"@context\":\"https:\/\/schema.org\",\"@graph\":[{\"@type\":\"WebPage\",\"@id\":\"https:\/\/www.iskreni.net\/trgovina\/product\/veliki-komplet-18-vlozkov\/\",\"url\":\"https:\/\/www.iskreni.net\/trgovina\/product\/veliki-komplet-18-vlozkov\/\",\"name\":\"Veliki komplet vlo\u017ekov s prilo\u017eeno torbico - trgovina Iskreni\",\"isPartOf\":{\"@id\":\"https:\/\/www.iskreni.net\/trgovina\/#website\"},\"primaryImageOfPage\":{\"@id\":\"https:\/\/www.iskreni.net\/trgovina\/product\/veliki-komplet-18-vlozkov\/#primaryimage\"},\"image\":{\"@id\":\"https:\/\/www.iskreni.net\/trgovina\/product\/veliki-komplet-18-vlozkov\/#primaryimage\"},\"thumbnailUrl\":\"https:\/\/www.iskreni.net\/trgovina\/wp-content\/uploads\/2020\/03\/362-paket_vlozkov_eko1-00bad6e33ad23a0d.jpg\",\"datePublished\":\"2020-03-20T12:59:27+00:00\",\"dateModified\":\"2026-02-06T14:02:26+00:00\",\"description\":\"Veliki komplet vlo\u017ekov vsebuje 20 kosov in ve\u010dini zado\u0161\u010da za cel ciklus. Vrednost izdelkov je 118,71 \u20ac. Primerno tudi za poporodno krvavitev.\",\"breadcrumb\":{\"@id\":\"https:\/\/www.iskreni.net\/trgovina\/product\/veliki-komplet-18-vlozkov\/#breadcrumb\"},\"inLanguage\":\"sl-SI\",\"potentialAction\":[{\"@type\":\"ReadAction\",\"target\":[\"https:\/\/www.iskreni.net\/trgovina\/product\/veliki-komplet-18-vlozkov\/\"]}]},{\"@type\":\"ImageObject\",\"inLanguage\":\"sl-SI\",\"@id\":\"https:\/\/www.iskreni.net\/trgovina\/product\/veliki-komplet-18-vlozkov\/#primaryimage\",\"url\":\"https:\/\/www.iskreni.net\/trgovina\/wp-content\/uploads\/2020\/03\/362-paket_vlozkov_eko1-00bad6e33ad23a0d.jpg\",\"contentUrl\":\"https:\/\/www.iskreni.net\/trgovina\/wp-content\/uploads\/2020\/03\/362-paket_vlozkov_eko1-00bad6e33ad23a0d.jpg\",\"width\":505,\"height\":370,\"caption\":\"veliki komplet vlo\u017ekov\"},{\"@type\":\"BreadcrumbList\",\"@id\":\"https:\/\/www.iskreni.net\/trgovina\/product\/veliki-komplet-18-vlozkov\/#breadcrumb\",\"itemListElement\":[{\"@type\":\"ListItem\",\"position\":1,\"name\":\"Home\",\"item\":\"https:\/\/www.iskreni.net\/trgovina\/\"},{\"@type\":\"ListItem\",\"position\":2,\"name\":\"Trgovina\",\"item\":\"https:\/\/www.iskreni.net\/trgovina\/trgovina\/\"},{\"@type\":\"ListItem\",\"position\":3,\"name\":\"Veliki komplet 18 vlo\u017ekov\"}]},{\"@type\":\"WebSite\",\"@id\":\"https:\/\/www.iskreni.net\/trgovina\/#website\",\"url\":\"https:\/\/www.iskreni.net\/trgovina\/\",\"name\":\"Zavod Iskreni\",\"description\":\"trgovina\",\"potentialAction\":[{\"@type\":\"SearchAction\",\"target\":{\"@type\":\"EntryPoint\",\"urlTemplate\":\"https:\/\/www.iskreni.net\/trgovina\/?s={search_term_string}\"},\"query-input\":{\"@type\":\"PropertyValueSpecification\",\"valueRequired\":true,\"valueName\":\"search_term_string\"}}],\"inLanguage\":\"sl-SI\"}]}<\/script>\n<!-- \/ Yoast SEO plugin. -->","yoast_head_json":{"title":"Veliki komplet vlo\u017ekov s prilo\u017eeno torbico - trgovina Iskreni","description":"Veliki komplet vlo\u017ekov vsebuje 20 kosov in ve\u010dini zado\u0161\u010da za cel ciklus. Vrednost izdelkov je 118,71 \u20ac. Primerno tudi za poporodno krvavitev.","robots":{"index":"index","follow":"follow","max-snippet":"max-snippet:-1","max-image-preview":"max-image-preview:large","max-video-preview":"max-video-preview:-1"},"canonical":"https:\/\/www.iskreni.net\/trgovina\/product\/veliki-komplet-18-vlozkov\/","og_locale":"sl_SI","og_type":"article","og_title":"Veliki komplet vlo\u017ekov s prilo\u017eeno torbico - trgovina Iskreni","og_description":"Veliki komplet vlo\u017ekov vsebuje 20 kosov in ve\u010dini zado\u0161\u010da za cel ciklus. Vrednost izdelkov je 118,71 \u20ac. Primerno tudi za poporodno krvavitev.","og_url":"https:\/\/www.iskreni.net\/trgovina\/product\/veliki-komplet-18-vlozkov\/","og_site_name":"Zavod Iskreni","article_modified_time":"2026-02-06T14:02:26+00:00","og_image":[{"width":505,"height":370,"url":"https:\/\/www.iskreni.net\/trgovina\/wp-content\/uploads\/2020\/03\/362-paket_vlozkov_eko1-00bad6e33ad23a0d.jpg","type":"image\/jpeg"}],"twitter_card":"summary_large_image","twitter_misc":{"Est. reading time":"2 minuti"},"schema":{"@context":"https:\/\/schema.org","@graph":[{"@type":"WebPage","@id":"https:\/\/www.iskreni.net\/trgovina\/product\/veliki-komplet-18-vlozkov\/","url":"https:\/\/www.iskreni.net\/trgovina\/product\/veliki-komplet-18-vlozkov\/","name":"Veliki komplet vlo\u017ekov s prilo\u017eeno torbico - trgovina Iskreni","isPartOf":{"@id":"https:\/\/www.iskreni.net\/trgovina\/#website"},"primaryImageOfPage":{"@id":"https:\/\/www.iskreni.net\/trgovina\/product\/veliki-komplet-18-vlozkov\/#primaryimage"},"image":{"@id":"https:\/\/www.iskreni.net\/trgovina\/product\/veliki-komplet-18-vlozkov\/#primaryimage"},"thumbnailUrl":"https:\/\/www.iskreni.net\/trgovina\/wp-content\/uploads\/2020\/03\/362-paket_vlozkov_eko1-00bad6e33ad23a0d.jpg","datePublished":"2020-03-20T12:59:27+00:00","dateModified":"2026-02-06T14:02:26+00:00","description":"Veliki komplet vlo\u017ekov vsebuje 20 kosov in ve\u010dini zado\u0161\u010da za cel ciklus. Vrednost izdelkov je 118,71 \u20ac. Primerno tudi za poporodno krvavitev.","breadcrumb":{"@id":"https:\/\/www.iskreni.net\/trgovina\/product\/veliki-komplet-18-vlozkov\/#breadcrumb"},"inLanguage":"sl-SI","potentialAction":[{"@type":"ReadAction","target":["https:\/\/www.iskreni.net\/trgovina\/product\/veliki-komplet-18-vlozkov\/"]}]},{"@type":"ImageObject","inLanguage":"sl-SI","@id":"https:\/\/www.iskreni.net\/trgovina\/product\/veliki-komplet-18-vlozkov\/#primaryimage","url":"https:\/\/www.iskreni.net\/trgovina\/wp-content\/uploads\/2020\/03\/362-paket_vlozkov_eko1-00bad6e33ad23a0d.jpg","contentUrl":"https:\/\/www.iskreni.net\/trgovina\/wp-content\/uploads\/2020\/03\/362-paket_vlozkov_eko1-00bad6e33ad23a0d.jpg","width":505,"height":370,"caption":"veliki komplet vlo\u017ekov"},{"@type":"BreadcrumbList","@id":"https:\/\/www.iskreni.net\/trgovina\/product\/veliki-komplet-18-vlozkov\/#breadcrumb","itemListElement":[{"@type":"ListItem","position":1,"name":"Home","item":"https:\/\/www.iskreni.net\/trgovina\/"},{"@type":"ListItem","position":2,"name":"Trgovina","item":"https:\/\/www.iskreni.net\/trgovina\/trgovina\/"},{"@type":"ListItem","position":3,"name":"Veliki komplet 18 vlo\u017ekov"}]},{"@type":"WebSite","@id":"https:\/\/www.iskreni.net\/trgovina\/#website","url":"https:\/\/www.iskreni.net\/trgovina\/","name":"Zavod Iskreni","description":"trgovina","potentialAction":[{"@type":"SearchAction","target":{"@type":"EntryPoint","urlTemplate":"https:\/\/www.iskreni.net\/trgovina\/?s={search_term_string}"},"query-input":{"@type":"PropertyValueSpecification","valueRequired":true,"valueName":"search_term_string"}}],"inLanguage":"sl-SI"}]}},"_links":{"self":[{"href":"https:\/\/www.iskreni.net\/trgovina\/wp-json\/wp\/v2\/product\/7528","targetHints":{"allow":["GET"]}}],"collection":[{"href":"https:\/\/www.iskreni.net\/trgovina\/wp-json\/wp\/v2\/product"}],"about":[{"href":"https:\/\/www.iskreni.net\/trgovina\/wp-json\/wp\/v2\/types\/product"}],"replies":[{"embeddable":true,"href":"https:\/\/www.iskreni.net\/trgovina\/wp-json\/wp\/v2\/comments?post=7528"}],"version-history":[{"count":4,"href":"https:\/\/www.iskreni.net\/trgovina\/wp-json\/wp\/v2\/product\/7528\/revisions"}],"predecessor-version":[{"id":88949,"href":"https:\/\/www.iskreni.net\/trgovina\/wp-json\/wp\/v2\/product\/7528\/revisions\/88949"}],"wp:featuredmedia":[{"embeddable":true,"href":"https:\/\/www.iskreni.net\/trgovina\/wp-json\/wp\/v2\/media\/7539"}],"wp:attachment":[{"href":"https:\/\/www.iskreni.net\/trgovina\/wp-json\/wp\/v2\/media?parent=7528"}],"wp:term":[{"taxonomy":"product_brand","embeddable":true,"href":"https:\/\/www.iskreni.net\/trgovina\/wp-json\/wp\/v2\/product_brand?post=7528"},{"taxonomy":"product_cat","embeddable":true,"href":"https:\/\/www.iskreni.net\/trgovina\/wp-json\/wp\/v2\/product_cat?post=7528"},{"taxonomy":"product_tag","embeddable":true,"href":"https:\/\/www.iskreni.net\/trgovina\/wp-json\/wp\/v2\/product_tag?post=7528"},{"taxonomy":"avtor","embeddable":true,"href":"https:\/\/www.iskreni.net\/trgovina\/wp-json\/wp\/v2\/avtor?post=7528"},{"taxonomy":"zalozba","embeddable":true,"href":"https:\/\/www.iskreni.net\/trgovina\/wp-json\/wp\/v2\/zalozba?post=7528"},{"taxonomy":"vezava","embeddable":true,"href":"https:\/\/www.iskreni.net\/trgovina\/wp-json\/wp\/v2\/vezava?post=7528"}],"curies":[{"name":"wp","href":"https:\/\/api.w.org\/{rel}","templated":true}]}}