{"id":75244,"date":"2024-05-27T15:06:57","date_gmt":"2024-05-27T13:06:57","guid":{"rendered":"https:\/\/www.iskreni.net\/trgovina\/?post_type=product&#038;p=75244"},"modified":"2024-05-27T15:28:26","modified_gmt":"2024-05-27T13:28:26","slug":"po-habsbursko","status":"publish","type":"product","link":"https:\/\/www.iskreni.net\/trgovina\/product\/po-habsbursko\/","title":{"rendered":"Po Habsbur\u0161ko"},"content":{"rendered":"<h4>O knjigi Po Habsbur\u0161ko:<\/h4>\n<p>Eduard Karl Joseph Michael Marcus Antonius Koloman Volkhold Maria Habsburg-Lothringen, znan tudi kot nadvojvoda Edvard Avstrijski, je \u010dlan velike in starodavne vladarske dru\u017eine\u00a0 Habsbur\u017eanov (ti. mad\u017earske rodbine), praprapravnuk slavnega\u00a0 cesarja Franca Jo\u017eefa. Trenutno opravlja poslanstvo mad\u017earskega\u00a0 veleposlanika pri Svetem sede\u017eu.<\/p>\n<p>V svoji knjigi ne popisuje podrobne dru\u017einske zgodovine in njenega 800-letnega vpliva na evropske de\u017eele (in svet). Pa\u010d pa premi\u0161ljuje o duhovni dru\u017einski dedi\u0161\u010dini, o sedmih najpomembnej\u0161ih na\u010delih, po\u00a0 katerih so\u00a0 Habsbur\u017eani \u017eiveli in zaradi katerih so dolga stoletja zelo\u00a0 dobro uspevali:<\/p>\n<p>&#8211; Poro\u010dite se (in imejte veliko otrok).<\/p>\n<p>&#8211; Bodite katoli\u010dani (in \u017eivite svojo vero).<\/p>\n<p>&#8211; Verjemite v cesarstvo (in v subsidiarnost).<\/p>\n<p>&#8211; Zavzemajte se za zakone in pravi\u010dnost (in svoje podanike).<\/p>\n<p>&#8211; Vedite, kdo ste (in \u017eivite skladno s tem) \u2026<\/p>\n<p>&nbsp;<\/p>\n<p><strong>Odlomek iz knjige:<\/strong><\/p>\n<p>\u00bbPokazati \u017eelim, kako je moja dru\u017eina kljub svojim napakam uspevala skoraj tiso\u010dletje, in pojasniti, zakaj ljubim svojo rodbino, ki me spodbuja. Ter nazadnje tudi, kako lahko vrednote, ki jih opisujem, uresni\u010dujemo v \u017eivljenju v dana\u0161njem \u010dasu.\u00ab<\/p>\n<h4>O avtorju:<\/h4>\n<p>Edvard Habsburg-Lothringen je bil rojen leta 1967 v dru\u017eini Michaela Habsburg-Lothringen in Christiane,\u00a0 princese L\u00f6wenstein-Wertheim-Rosenberg. Njegov ded po o\u010detovi strani je bil nadvojvoda Jo\u017eef Franc Habsbur\u0161ko-Lotarin\u0161ki (1895\u20131957), sin nadvojvode Jo\u017eefa Avgusta (1872\u20131962) in bavarske princese Avguste Marije Luize (1875\u20131964). Avgusta Bavarska je bila h\u010di nadvojvodinje Gizele, h\u010derke cesarskega para Franca Jo\u017eefa I. in Elizabete. Edvard je torej pra-pra-pravnuk Franca Jo\u017eefa in Elizabete (Sisi).<\/p>\n<p>Je poro\u010den mo\u017e in o\u010de \u0161estih otrok, od leta 2015 opravlja slu\u017ebo veleposlanika Mad\u017earske pri Svetem sede\u017eu..<\/p>\n","protected":false},"excerpt":{"rendered":"<p><strong>Leto izdaje:<\/strong> 2024<br \/>\n<strong>\u0160tevilo strani:<\/strong> 152<br \/>\n<strong>Mere:<\/strong> 140 x 210 mm<\/p>\n<p><a href=\"https:\/\/www.druzina.si\/storage\/app\/media\/Jo%C5%A1t\/Po%20habsbursko-vzorcne%20strani.pdf\">Prelistajte knjigo<\/a><\/p>\n","protected":false},"featured_media":75246,"comment_status":"open","ping_status":"closed","template":"","meta":[],"product_brand":[],"product_cat":[2324,63],"product_tag":[2764],"avtor":[2769],"zalozba":[2311],"vezava":[2307],"class_list":{"0":"post-75244","1":"product","2":"type-product","3":"status-publish","4":"has-post-thumbnail","6":"product_cat-duhovnost-in-osebna-rast","7":"product_cat-knjige","8":"product_tag-pricevanja","9":"avtor-edvard-habsburski","10":"zalozba-druzina","11":"vezava-mehka","13":"first","14":"instock","15":"taxable","16":"shipping-taxable","17":"purchasable","18":"product-type-simple"},"yoast_head":"<!-- This site is optimized with the Yoast SEO plugin v26.3 - https:\/\/yoast.com\/wordpress\/plugins\/seo\/ -->\n<title>Po Habsbur\u0161ko-iskreni<\/title>\n<meta name=\"description\" content=\"Ljubezensko pismo avstrijskega nadvojvode svoji rodbini.\" \/>\n<meta name=\"robots\" content=\"index, follow, max-snippet:-1, max-image-preview:large, max-video-preview:-1\" \/>\n<link rel=\"canonical\" href=\"https:\/\/www.iskreni.net\/trgovina\/product\/po-habsbursko\/\" \/>\n<meta property=\"og:locale\" content=\"sl_SI\" \/>\n<meta property=\"og:type\" content=\"article\" \/>\n<meta property=\"og:title\" content=\"Po Habsbur\u0161ko\" \/>\n<meta property=\"og:description\" content=\"Ljubezensko pismo avstrijskega nadvojvode svoji rodbini.\" \/>\n<meta property=\"og:url\" content=\"https:\/\/www.iskreni.net\/trgovina\/product\/po-habsbursko\/\" \/>\n<meta property=\"og:site_name\" content=\"Zavod Iskreni\" \/>\n<meta property=\"article:modified_time\" content=\"2024-05-27T13:28:26+00:00\" \/>\n<meta property=\"og:image\" content=\"https:\/\/www.iskreni.net\/trgovina\/wp-content\/uploads\/2024\/05\/Slike-za-v-spletno-trgovino-52.jpg\" \/>\n\t<meta property=\"og:image:width\" content=\"600\" \/>\n\t<meta property=\"og:image:height\" content=\"600\" \/>\n\t<meta property=\"og:image:type\" content=\"image\/jpeg\" \/>\n<meta name=\"twitter:card\" content=\"summary_large_image\" \/>\n<meta name=\"twitter:label1\" content=\"Est. reading time\" \/>\n\t<meta name=\"twitter:data1\" content=\"2 minuti\" \/>\n<script type=\"application\/ld+json\" class=\"yoast-schema-graph\">{\"@context\":\"https:\/\/schema.org\",\"@graph\":[{\"@type\":\"WebPage\",\"@id\":\"https:\/\/www.iskreni.net\/trgovina\/product\/po-habsbursko\/\",\"url\":\"https:\/\/www.iskreni.net\/trgovina\/product\/po-habsbursko\/\",\"name\":\"Po Habsbur\u0161ko-iskreni\",\"isPartOf\":{\"@id\":\"https:\/\/www.iskreni.net\/trgovina\/#website\"},\"primaryImageOfPage\":{\"@id\":\"https:\/\/www.iskreni.net\/trgovina\/product\/po-habsbursko\/#primaryimage\"},\"image\":{\"@id\":\"https:\/\/www.iskreni.net\/trgovina\/product\/po-habsbursko\/#primaryimage\"},\"thumbnailUrl\":\"https:\/\/www.iskreni.net\/trgovina\/wp-content\/uploads\/2024\/05\/Slike-za-v-spletno-trgovino-52.jpg\",\"datePublished\":\"2024-05-27T13:06:57+00:00\",\"dateModified\":\"2024-05-27T13:28:26+00:00\",\"description\":\"Ljubezensko pismo avstrijskega nadvojvode svoji rodbini.\",\"breadcrumb\":{\"@id\":\"https:\/\/www.iskreni.net\/trgovina\/product\/po-habsbursko\/#breadcrumb\"},\"inLanguage\":\"sl-SI\",\"potentialAction\":[{\"@type\":\"ReadAction\",\"target\":[\"https:\/\/www.iskreni.net\/trgovina\/product\/po-habsbursko\/\"]}]},{\"@type\":\"ImageObject\",\"inLanguage\":\"sl-SI\",\"@id\":\"https:\/\/www.iskreni.net\/trgovina\/product\/po-habsbursko\/#primaryimage\",\"url\":\"https:\/\/www.iskreni.net\/trgovina\/wp-content\/uploads\/2024\/05\/Slike-za-v-spletno-trgovino-52.jpg\",\"contentUrl\":\"https:\/\/www.iskreni.net\/trgovina\/wp-content\/uploads\/2024\/05\/Slike-za-v-spletno-trgovino-52.jpg\",\"width\":600,\"height\":600},{\"@type\":\"BreadcrumbList\",\"@id\":\"https:\/\/www.iskreni.net\/trgovina\/product\/po-habsbursko\/#breadcrumb\",\"itemListElement\":[{\"@type\":\"ListItem\",\"position\":1,\"name\":\"Home\",\"item\":\"https:\/\/www.iskreni.net\/trgovina\/\"},{\"@type\":\"ListItem\",\"position\":2,\"name\":\"Trgovina\",\"item\":\"https:\/\/www.iskreni.net\/trgovina\/trgovina\/\"},{\"@type\":\"ListItem\",\"position\":3,\"name\":\"Po Habsbur\u0161ko\"}]},{\"@type\":\"WebSite\",\"@id\":\"https:\/\/www.iskreni.net\/trgovina\/#website\",\"url\":\"https:\/\/www.iskreni.net\/trgovina\/\",\"name\":\"Zavod Iskreni\",\"description\":\"trgovina\",\"potentialAction\":[{\"@type\":\"SearchAction\",\"target\":{\"@type\":\"EntryPoint\",\"urlTemplate\":\"https:\/\/www.iskreni.net\/trgovina\/?s={search_term_string}\"},\"query-input\":{\"@type\":\"PropertyValueSpecification\",\"valueRequired\":true,\"valueName\":\"search_term_string\"}}],\"inLanguage\":\"sl-SI\"}]}<\/script>\n<!-- \/ Yoast SEO plugin. -->","yoast_head_json":{"title":"Po Habsbur\u0161ko-iskreni","description":"Ljubezensko pismo avstrijskega nadvojvode svoji rodbini.","robots":{"index":"index","follow":"follow","max-snippet":"max-snippet:-1","max-image-preview":"max-image-preview:large","max-video-preview":"max-video-preview:-1"},"canonical":"https:\/\/www.iskreni.net\/trgovina\/product\/po-habsbursko\/","og_locale":"sl_SI","og_type":"article","og_title":"Po Habsbur\u0161ko","og_description":"Ljubezensko pismo avstrijskega nadvojvode svoji rodbini.","og_url":"https:\/\/www.iskreni.net\/trgovina\/product\/po-habsbursko\/","og_site_name":"Zavod Iskreni","article_modified_time":"2024-05-27T13:28:26+00:00","og_image":[{"width":600,"height":600,"url":"https:\/\/www.iskreni.net\/trgovina\/wp-content\/uploads\/2024\/05\/Slike-za-v-spletno-trgovino-52.jpg","type":"image\/jpeg"}],"twitter_card":"summary_large_image","twitter_misc":{"Est. reading time":"2 minuti"},"schema":{"@context":"https:\/\/schema.org","@graph":[{"@type":"WebPage","@id":"https:\/\/www.iskreni.net\/trgovina\/product\/po-habsbursko\/","url":"https:\/\/www.iskreni.net\/trgovina\/product\/po-habsbursko\/","name":"Po Habsbur\u0161ko-iskreni","isPartOf":{"@id":"https:\/\/www.iskreni.net\/trgovina\/#website"},"primaryImageOfPage":{"@id":"https:\/\/www.iskreni.net\/trgovina\/product\/po-habsbursko\/#primaryimage"},"image":{"@id":"https:\/\/www.iskreni.net\/trgovina\/product\/po-habsbursko\/#primaryimage"},"thumbnailUrl":"https:\/\/www.iskreni.net\/trgovina\/wp-content\/uploads\/2024\/05\/Slike-za-v-spletno-trgovino-52.jpg","datePublished":"2024-05-27T13:06:57+00:00","dateModified":"2024-05-27T13:28:26+00:00","description":"Ljubezensko pismo avstrijskega nadvojvode svoji rodbini.","breadcrumb":{"@id":"https:\/\/www.iskreni.net\/trgovina\/product\/po-habsbursko\/#breadcrumb"},"inLanguage":"sl-SI","potentialAction":[{"@type":"ReadAction","target":["https:\/\/www.iskreni.net\/trgovina\/product\/po-habsbursko\/"]}]},{"@type":"ImageObject","inLanguage":"sl-SI","@id":"https:\/\/www.iskreni.net\/trgovina\/product\/po-habsbursko\/#primaryimage","url":"https:\/\/www.iskreni.net\/trgovina\/wp-content\/uploads\/2024\/05\/Slike-za-v-spletno-trgovino-52.jpg","contentUrl":"https:\/\/www.iskreni.net\/trgovina\/wp-content\/uploads\/2024\/05\/Slike-za-v-spletno-trgovino-52.jpg","width":600,"height":600},{"@type":"BreadcrumbList","@id":"https:\/\/www.iskreni.net\/trgovina\/product\/po-habsbursko\/#breadcrumb","itemListElement":[{"@type":"ListItem","position":1,"name":"Home","item":"https:\/\/www.iskreni.net\/trgovina\/"},{"@type":"ListItem","position":2,"name":"Trgovina","item":"https:\/\/www.iskreni.net\/trgovina\/trgovina\/"},{"@type":"ListItem","position":3,"name":"Po Habsbur\u0161ko"}]},{"@type":"WebSite","@id":"https:\/\/www.iskreni.net\/trgovina\/#website","url":"https:\/\/www.iskreni.net\/trgovina\/","name":"Zavod Iskreni","description":"trgovina","potentialAction":[{"@type":"SearchAction","target":{"@type":"EntryPoint","urlTemplate":"https:\/\/www.iskreni.net\/trgovina\/?s={search_term_string}"},"query-input":{"@type":"PropertyValueSpecification","valueRequired":true,"valueName":"search_term_string"}}],"inLanguage":"sl-SI"}]}},"_links":{"self":[{"href":"https:\/\/www.iskreni.net\/trgovina\/wp-json\/wp\/v2\/product\/75244","targetHints":{"allow":["GET"]}}],"collection":[{"href":"https:\/\/www.iskreni.net\/trgovina\/wp-json\/wp\/v2\/product"}],"about":[{"href":"https:\/\/www.iskreni.net\/trgovina\/wp-json\/wp\/v2\/types\/product"}],"replies":[{"embeddable":true,"href":"https:\/\/www.iskreni.net\/trgovina\/wp-json\/wp\/v2\/comments?post=75244"}],"version-history":[{"count":2,"href":"https:\/\/www.iskreni.net\/trgovina\/wp-json\/wp\/v2\/product\/75244\/revisions"}],"predecessor-version":[{"id":75247,"href":"https:\/\/www.iskreni.net\/trgovina\/wp-json\/wp\/v2\/product\/75244\/revisions\/75247"}],"wp:featuredmedia":[{"embeddable":true,"href":"https:\/\/www.iskreni.net\/trgovina\/wp-json\/wp\/v2\/media\/75246"}],"wp:attachment":[{"href":"https:\/\/www.iskreni.net\/trgovina\/wp-json\/wp\/v2\/media?parent=75244"}],"wp:term":[{"taxonomy":"product_brand","embeddable":true,"href":"https:\/\/www.iskreni.net\/trgovina\/wp-json\/wp\/v2\/product_brand?post=75244"},{"taxonomy":"product_cat","embeddable":true,"href":"https:\/\/www.iskreni.net\/trgovina\/wp-json\/wp\/v2\/product_cat?post=75244"},{"taxonomy":"product_tag","embeddable":true,"href":"https:\/\/www.iskreni.net\/trgovina\/wp-json\/wp\/v2\/product_tag?post=75244"},{"taxonomy":"avtor","embeddable":true,"href":"https:\/\/www.iskreni.net\/trgovina\/wp-json\/wp\/v2\/avtor?post=75244"},{"taxonomy":"zalozba","embeddable":true,"href":"https:\/\/www.iskreni.net\/trgovina\/wp-json\/wp\/v2\/zalozba?post=75244"},{"taxonomy":"vezava","embeddable":true,"href":"https:\/\/www.iskreni.net\/trgovina\/wp-json\/wp\/v2\/vezava?post=75244"}],"curies":[{"name":"wp","href":"https:\/\/api.w.org\/{rel}","templated":true}]}}