{"id":75162,"date":"2024-05-23T09:05:52","date_gmt":"2024-05-23T07:05:52","guid":{"rendered":"https:\/\/www.iskreni.net\/trgovina\/?post_type=product&#038;p=75162"},"modified":"2025-11-27T14:55:26","modified_gmt":"2025-11-27T13:55:26","slug":"s-plavutkami-po-ledu","status":"publish","type":"product","link":"https:\/\/www.iskreni.net\/trgovina\/product\/s-plavutkami-po-ledu\/","title":{"rendered":"S plavutkami po ledu"},"content":{"rendered":"<h3 class=\"title\">O knjigi S plavutkami po ledu:<\/h3>\n<p>Plavutke na ledu so sme\u0161ne, drsalke na plavanju nevarne<\/p>\n<p>Pridejo zloglasna leta, ki jim pravimo puberteta. In \u010dasi odra\u0161\u010danja, ko se \u00bbpogovarjamo\u00ab kri\u010de ali sploh ne. V\u010dasih\u00a0 odmeva samo \u0161e treskanje z vrati. In skozi take burne \u010dase\u00a0 odra\u0161\u010dajo najstniki in rastejo star\u0161i. V\u010dasih pa se vse tisto, kar si\u00a0 imamo povedati, za\u010dne z Draga Kristina \u2026 ali Dragi ati \u2026 Pisma,\u00a0 za katera si o\u010detje in matere \u017eelijo, da bi jih napisali, in pisma, ki si jih najstniki \u017eelijo prebrati.<\/p>\n<p>Gregor \u010cu\u0161in in njegova prvorojenka Kristina si tri najstni\u0161ka leta dopisujeta. O\u010de spravi na papir vse tisto, kar bega, skrbi in navdihuje toliko star\u0161ev. Kaj se dogaja za zaprtimi vrati tvoje sobe? Kak\u0161en je tvoj princ na belem konju? Kam bi \u0161la na sanjske po\u010ditnice? Se kdaj pogovarja\u0161 z Bogom? Veruje\u0161?<br \/>\nH\u010di mu v pismih odgovarja \u2013 preprosto, iskreno, duhovito. In postavlja nova vpra\u0161anja. Kako sta vedela, da je za zmeraj in za ve\u010dno? Bi pri petnajstih \u017ee morala na po\u010ditni\u0161ko delo? V \u010dem je smisel geografije, fizike in \u0161ole nasploh, \u010de pa bom pisateljica?<br \/>\nO\u010de in h\u010di skupaj rasteta in odra\u0161\u010data. Ganljivo nas opominjata, da se je s plavutkami podati na led sme\u0161no, z drsalkami iti na plavanje pa nevarno. V vseh letnih \u010dasih in v vseh situacijah pa je le iskrena in ljube\u010da beseda tista oprema, ki nikoli ne zataji.<\/p>\n<h3><strong>O avtorjih:<\/strong><\/h3>\n<p>Kristina Klara \u010cu\u0161in (1998) je leta 2022 diplomirala iz primerjalne knji\u017eevnosti in anglistike na Filozofski fakulteti v Ljubljani. V \u0161tudijskem letu 2023\/24 je en semester \u0161tudirala v Lizboni na Faculdade de Letras. Trenutno zaklju\u010duje magistrski \u0161tudij anglistike. V reviji Na\u0161a dru\u017eina si je kot najstnica tri leta dopisovala s svojim o\u010detom. Svoj literarni talent je v sodelovanju z njim razvijala \u017ee skozi dru\u017einske igre, ki so bile prav tako objavljene v omenjeni reviji. Od leta 2017 redno pi\u0161e tudi za revijo Najst.<\/p>\n<p>Gregor \u010cu\u0161in (1970) je kristjan, o\u010de \u0161estih otrok, mo\u017e ene \u017eene, verujo\u010d v enega Boga. Po poklicu je dramski igralec. Zase pravi, da je gluma\u010d za ljubi kruhek, po slu\u017ebeni dol\u017enosti in po karakterju. Mo\u017e in o\u010de pa je po odlo\u010ditvi in iz ljubezni \u2012 za kruh, ki ne mine. Je samozaposlen, a nikakor samo zaposlen. Vesel je, \u010de se le da, in resen, \u010de je treba biti. Je peti otrok s tremi sestrami in bratom. Atu in mami so na svet spravili devetnajst vnukov.<\/p>\n<p>Br. Luka Modic (1980) je rojen v Postojni, odra\u0161\u010dal je na Blokah. Slikarstvo je \u0161tudiral na Akademiji lepih umetnosti v Benetkah, teologijo v Ljubljani. V kapucinski samostan je prvi\u010d od\u0161el leta 2006, drugi\u010d pa pet let pozneje. Novo ma\u0161o je pel leta 2017, trenutno kot vzgojitelj ponovincev deluje v \u017eupniji \u0160tepanja vas v Ljubljani.<\/p>\n<h3>Odlomki iz knjige:<\/h3>\n<p>Draga Kristina!<br \/>\nKo sem te vpra\u0161al, \u010de bi si dopisovala, si mi rekla: \u00bbZakaj? Saj \u017eiviva v isti hi\u0161i!\u00ab<br \/>\nTo je \u017ee res. A to, da ljudje \u017eivijo pod isto streho, \u0161e ne pomeni, da se pogovarjajo. In tudi midva se pravzaprav ne. No, pogovarjava se, a \u010de te vpra\u0161am \u00bbKako si?\u00ab in ti odgovori\u0161 \u00bbV redu\u00ab, to \u0161e ni pogovor, in \u010de sem iskren, sploh ne vem, kako si!<br \/>\nHvala Bogu nisi edinka, si pa prvorojenka in tvoj svet je vsa ta leta predstavljal velik del mojega sveta, zdaj pa \u2026 Prav kmalu bo\u0161 stara \u0161tirinajst let in \u0161e sam ne vem, kako in kdaj so se mi vrata v tvoj svet zaprla, kot se zaprejo vrata tvoje sobe! No, saj ni tako hudo in je tudi popolnoma normalno za tvoja leta. Kot je normalno za moja leta, da se na drugi strani vrat spra\u0161ujem, ali ravnam prav.<br \/>\nZato ti pi\u0161em. Kot se pi\u0161e svetemu Miklav\u017eu in se potem pismo pusti v peharju ali pa na okenski polici, da ga sveti mo\u017e najde in odnese. In odpi\u0161e, \u010de je ravno pri volji. In tudi jaz ti bom tole pismo pustil kje, da ga najde\u0161. Morda ti ga bom zataknil za ogledalo, da ga bo\u0161 prej zagledala. In odpisala, \u010de bo\u0161 ravno pri volji.<br \/>\nZadnji\u010d sem naletel na tvojo fotografijo, staro kako leto, in ko sem jo pogledal, sem nehote pomislil na tvojo mamico. Ravno teh let je bila, ko sva se spoznala. In sem pomislil, kako si ji podobna!<br \/>\nKako si lepa!<br \/>\nMorda se bo\u0161 ob tem zmrdnila in rekla: \u00bbNe, pa ne!\u00ab In \u010de navr\u017eem \u0161e kak\u0161no frazo, kako smo vsi lepi in dragoceni v Bo\u017ejih o\u010deh \u2026, vem, bo\u0161 zavila z o\u010dmi, kot zna\u0161 samo ti! In sem pomislil, da<br \/>\npravzaprav res ne vem, kaj si misli\u0161 o sebi. Si si v\u0161e\u010d? Si si lepa? In pomislil sem \u0161e, da tudi ne vem, kaj tebi in tvojim vrstnikom danes pomeni lepota. Kaj je za vas lepo? Kdo je lep? Vem le, da moje opazke o modi in frizurah pospremi\u0161 z \u017ee omenjenim zavijanjem o\u010di. Pa sploh ne gre le za zunanjost, \u010deprav<br \/>\nmorda o\u010detovsko neumno sklepam, da v tvojih letih dekleta vse preve\u010d daste na videz, saj smrkljaste revije, ki jih bere\u0161 v prete\u017eni meri, prina\u0161ajo \u010dlanke o dietah in li\u010dilih ter teste z vpra\u0161anji: Kako ve\u0161, da si mu v\u0161e\u010d? in podobne neumnosti.<br \/>\nGovorim o notranji lepoti. O dojemanju in predvsem sprejemanju samega sebe.<br \/>\nSe zaveda\u0161, da si lepa? Da si lepa in dragocena v Bo\u017ejih o\u010deh? \u0160e posebej v mojih o\u010deh? In mami\u010dinih? Lahko kaj storim? Pomagam?Smem? Zmorem? Sem res \u017ee \u010disto pozabil, kako je, \u010de si najstnik?<br \/>\nO vsem tem sem tuhtal, ko sem z napol omrtvi\u010deno \u010deljustjo odprtih ust le\u017eal na zobozdravni\u0161kem stolu in mi je gumijasto orokavi\u010den tujec s svedri \u0161aril po zobovju! In morda se tudi ti tako po\u010duti\u0161, ko z vpra\u0161anji vrtam vate in pri\u010dakujem odgovor. A nisem tujec. In mislim, da je prav, da vem, kako si.<br \/>\nTako. Zatikam za ogledalo in upam na odgovor.<br \/>\nPozdrav.\u00a0 \u00a0 \u00a0 \u00a0 \u00a0 \u00a0 \u00a0 \u00a0 \u00a0 \u00a0 \u00a0 \u00a0 \u00a0 \u00a0 \u00a0 \u00a0 \u00a0 \u00a0 \u00a0 \u00a0 \u00a0 \u00a0 \u00a0 \u00a0 \u00a0 \u00a0 \u00a0 \u00a0 \u00a0 \u00a0 \u00a0 \u00a0 \u00a0 \u00a0 \u00a0 \u00a0 \u00a0 \u00a0 \u00a0 \u00a0 \u00a0 \u00a0 \u00a0 \u00a0 \u00a0 \u00a0 \u00a0 \u00a0 Ati<\/p>\n","protected":false},"excerpt":{"rendered":"<div id=\"tab-opis_tab\" class=\"tab-pane active\">\n<p><strong>Avtorja: <\/strong>Kristina Klara \u010cu\u0161in in Gregor \u010cu\u0161in<br \/>\n<strong>Leto izdaje:<\/strong> 2024<br \/>\n<strong>\u0160tevilo strani:<\/strong> 188<br \/>\n<strong>Format:<\/strong> 135 mm x 210 mm<\/p>\n<\/div>\n<p>&nbsp;<\/p>\n","protected":false},"featured_media":75164,"comment_status":"open","ping_status":"closed","template":"","meta":[],"product_brand":[],"product_cat":[2322,2324,2325,2350,63],"product_tag":[1318,3227,1687],"avtor":[2341,2768],"zalozba":[2337],"vezava":[2307],"class_list":{"0":"post-75162","1":"product","2":"type-product","3":"status-publish","4":"has-post-thumbnail","6":"product_cat-druzina-in-odnosi","7":"product_cat-duhovnost-in-osebna-rast","8":"product_cat-leposlovje","9":"product_cat-za-mlade","10":"product_cat-knjige","11":"product_tag-birma","12":"product_tag-miklavz-2025","13":"product_tag-rojstni-dan","14":"avtor-gregor-cusin","15":"avtor-kristina-klara-cusin","16":"zalozba-celjska-mohorjeva-druzba","17":"vezava-mehka","19":"first","20":"instock","21":"taxable","22":"shipping-taxable","23":"purchasable","24":"product-type-simple"},"yoast_head":"<!-- This site is optimized with the Yoast SEO plugin v26.3 - https:\/\/yoast.com\/wordpress\/plugins\/seo\/ -->\n<title>S plavutkami po ledu- trgovina Iskreni<\/title>\n<meta name=\"description\" content=\"O\u010de in h\u010di skupaj rasteta in odra\u0161\u010data. Ganljivo nas opominjata, da se je s plavutkami podati na led sme\u0161no, z drsalkami iti na plavanje pa nevarno.\" \/>\n<meta name=\"robots\" content=\"index, follow, max-snippet:-1, max-image-preview:large, max-video-preview:-1\" \/>\n<link rel=\"canonical\" href=\"https:\/\/www.iskreni.net\/trgovina\/product\/s-plavutkami-po-ledu\/\" \/>\n<meta property=\"og:locale\" content=\"sl_SI\" \/>\n<meta property=\"og:type\" content=\"article\" \/>\n<meta property=\"og:title\" content=\"S plavutkami po ledu\" \/>\n<meta property=\"og:description\" content=\"Gregor \u010cu\u0161in in njegova prvorojenka Kristina si tri najstni\u0161ka leta dopisujeta. O\u010de spravi na papir vse tisto, kar bega, skrbi in navdihuje toliko star\u0161ev. H\u010di mu v pismih odgovarja \u2013 preprosto, iskreno, duhovito.\" \/>\n<meta property=\"og:url\" content=\"https:\/\/www.iskreni.net\/trgovina\/product\/s-plavutkami-po-ledu\/\" \/>\n<meta property=\"og:site_name\" content=\"Zavod Iskreni\" \/>\n<meta property=\"article:modified_time\" content=\"2025-11-27T13:55:26+00:00\" \/>\n<meta property=\"og:image\" content=\"https:\/\/www.iskreni.net\/trgovina\/wp-content\/uploads\/2024\/05\/Slike-za-v-spletno-trgovino-48.jpg\" \/>\n\t<meta property=\"og:image:width\" content=\"600\" \/>\n\t<meta property=\"og:image:height\" content=\"600\" \/>\n\t<meta property=\"og:image:type\" content=\"image\/jpeg\" \/>\n<meta name=\"twitter:card\" content=\"summary_large_image\" \/>\n<meta name=\"twitter:label1\" content=\"Est. reading time\" \/>\n\t<meta name=\"twitter:data1\" content=\"6 minut\" \/>\n<script type=\"application\/ld+json\" class=\"yoast-schema-graph\">{\"@context\":\"https:\/\/schema.org\",\"@graph\":[{\"@type\":\"WebPage\",\"@id\":\"https:\/\/www.iskreni.net\/trgovina\/product\/s-plavutkami-po-ledu\/\",\"url\":\"https:\/\/www.iskreni.net\/trgovina\/product\/s-plavutkami-po-ledu\/\",\"name\":\"S plavutkami po ledu- trgovina Iskreni\",\"isPartOf\":{\"@id\":\"https:\/\/www.iskreni.net\/trgovina\/#website\"},\"primaryImageOfPage\":{\"@id\":\"https:\/\/www.iskreni.net\/trgovina\/product\/s-plavutkami-po-ledu\/#primaryimage\"},\"image\":{\"@id\":\"https:\/\/www.iskreni.net\/trgovina\/product\/s-plavutkami-po-ledu\/#primaryimage\"},\"thumbnailUrl\":\"https:\/\/www.iskreni.net\/trgovina\/wp-content\/uploads\/2024\/05\/Slike-za-v-spletno-trgovino-48.jpg\",\"datePublished\":\"2024-05-23T07:05:52+00:00\",\"dateModified\":\"2025-11-27T13:55:26+00:00\",\"description\":\"O\u010de in h\u010di skupaj rasteta in odra\u0161\u010data. Ganljivo nas opominjata, da se je s plavutkami podati na led sme\u0161no, z drsalkami iti na plavanje pa nevarno.\",\"breadcrumb\":{\"@id\":\"https:\/\/www.iskreni.net\/trgovina\/product\/s-plavutkami-po-ledu\/#breadcrumb\"},\"inLanguage\":\"sl-SI\",\"potentialAction\":[{\"@type\":\"ReadAction\",\"target\":[\"https:\/\/www.iskreni.net\/trgovina\/product\/s-plavutkami-po-ledu\/\"]}]},{\"@type\":\"ImageObject\",\"inLanguage\":\"sl-SI\",\"@id\":\"https:\/\/www.iskreni.net\/trgovina\/product\/s-plavutkami-po-ledu\/#primaryimage\",\"url\":\"https:\/\/www.iskreni.net\/trgovina\/wp-content\/uploads\/2024\/05\/Slike-za-v-spletno-trgovino-48.jpg\",\"contentUrl\":\"https:\/\/www.iskreni.net\/trgovina\/wp-content\/uploads\/2024\/05\/Slike-za-v-spletno-trgovino-48.jpg\",\"width\":600,\"height\":600},{\"@type\":\"BreadcrumbList\",\"@id\":\"https:\/\/www.iskreni.net\/trgovina\/product\/s-plavutkami-po-ledu\/#breadcrumb\",\"itemListElement\":[{\"@type\":\"ListItem\",\"position\":1,\"name\":\"Home\",\"item\":\"https:\/\/www.iskreni.net\/trgovina\/\"},{\"@type\":\"ListItem\",\"position\":2,\"name\":\"Trgovina\",\"item\":\"https:\/\/www.iskreni.net\/trgovina\/trgovina\/\"},{\"@type\":\"ListItem\",\"position\":3,\"name\":\"S plavutkami po ledu\"}]},{\"@type\":\"WebSite\",\"@id\":\"https:\/\/www.iskreni.net\/trgovina\/#website\",\"url\":\"https:\/\/www.iskreni.net\/trgovina\/\",\"name\":\"Zavod Iskreni\",\"description\":\"trgovina\",\"potentialAction\":[{\"@type\":\"SearchAction\",\"target\":{\"@type\":\"EntryPoint\",\"urlTemplate\":\"https:\/\/www.iskreni.net\/trgovina\/?s={search_term_string}\"},\"query-input\":{\"@type\":\"PropertyValueSpecification\",\"valueRequired\":true,\"valueName\":\"search_term_string\"}}],\"inLanguage\":\"sl-SI\"}]}<\/script>\n<!-- \/ Yoast SEO plugin. -->","yoast_head_json":{"title":"S plavutkami po ledu- trgovina Iskreni","description":"O\u010de in h\u010di skupaj rasteta in odra\u0161\u010data. Ganljivo nas opominjata, da se je s plavutkami podati na led sme\u0161no, z drsalkami iti na plavanje pa nevarno.","robots":{"index":"index","follow":"follow","max-snippet":"max-snippet:-1","max-image-preview":"max-image-preview:large","max-video-preview":"max-video-preview:-1"},"canonical":"https:\/\/www.iskreni.net\/trgovina\/product\/s-plavutkami-po-ledu\/","og_locale":"sl_SI","og_type":"article","og_title":"S plavutkami po ledu","og_description":"Gregor \u010cu\u0161in in njegova prvorojenka Kristina si tri najstni\u0161ka leta dopisujeta. O\u010de spravi na papir vse tisto, kar bega, skrbi in navdihuje toliko star\u0161ev. H\u010di mu v pismih odgovarja \u2013 preprosto, iskreno, duhovito.","og_url":"https:\/\/www.iskreni.net\/trgovina\/product\/s-plavutkami-po-ledu\/","og_site_name":"Zavod Iskreni","article_modified_time":"2025-11-27T13:55:26+00:00","og_image":[{"width":600,"height":600,"url":"https:\/\/www.iskreni.net\/trgovina\/wp-content\/uploads\/2024\/05\/Slike-za-v-spletno-trgovino-48.jpg","type":"image\/jpeg"}],"twitter_card":"summary_large_image","twitter_misc":{"Est. reading time":"6 minut"},"schema":{"@context":"https:\/\/schema.org","@graph":[{"@type":"WebPage","@id":"https:\/\/www.iskreni.net\/trgovina\/product\/s-plavutkami-po-ledu\/","url":"https:\/\/www.iskreni.net\/trgovina\/product\/s-plavutkami-po-ledu\/","name":"S plavutkami po ledu- trgovina Iskreni","isPartOf":{"@id":"https:\/\/www.iskreni.net\/trgovina\/#website"},"primaryImageOfPage":{"@id":"https:\/\/www.iskreni.net\/trgovina\/product\/s-plavutkami-po-ledu\/#primaryimage"},"image":{"@id":"https:\/\/www.iskreni.net\/trgovina\/product\/s-plavutkami-po-ledu\/#primaryimage"},"thumbnailUrl":"https:\/\/www.iskreni.net\/trgovina\/wp-content\/uploads\/2024\/05\/Slike-za-v-spletno-trgovino-48.jpg","datePublished":"2024-05-23T07:05:52+00:00","dateModified":"2025-11-27T13:55:26+00:00","description":"O\u010de in h\u010di skupaj rasteta in odra\u0161\u010data. Ganljivo nas opominjata, da se je s plavutkami podati na led sme\u0161no, z drsalkami iti na plavanje pa nevarno.","breadcrumb":{"@id":"https:\/\/www.iskreni.net\/trgovina\/product\/s-plavutkami-po-ledu\/#breadcrumb"},"inLanguage":"sl-SI","potentialAction":[{"@type":"ReadAction","target":["https:\/\/www.iskreni.net\/trgovina\/product\/s-plavutkami-po-ledu\/"]}]},{"@type":"ImageObject","inLanguage":"sl-SI","@id":"https:\/\/www.iskreni.net\/trgovina\/product\/s-plavutkami-po-ledu\/#primaryimage","url":"https:\/\/www.iskreni.net\/trgovina\/wp-content\/uploads\/2024\/05\/Slike-za-v-spletno-trgovino-48.jpg","contentUrl":"https:\/\/www.iskreni.net\/trgovina\/wp-content\/uploads\/2024\/05\/Slike-za-v-spletno-trgovino-48.jpg","width":600,"height":600},{"@type":"BreadcrumbList","@id":"https:\/\/www.iskreni.net\/trgovina\/product\/s-plavutkami-po-ledu\/#breadcrumb","itemListElement":[{"@type":"ListItem","position":1,"name":"Home","item":"https:\/\/www.iskreni.net\/trgovina\/"},{"@type":"ListItem","position":2,"name":"Trgovina","item":"https:\/\/www.iskreni.net\/trgovina\/trgovina\/"},{"@type":"ListItem","position":3,"name":"S plavutkami po ledu"}]},{"@type":"WebSite","@id":"https:\/\/www.iskreni.net\/trgovina\/#website","url":"https:\/\/www.iskreni.net\/trgovina\/","name":"Zavod Iskreni","description":"trgovina","potentialAction":[{"@type":"SearchAction","target":{"@type":"EntryPoint","urlTemplate":"https:\/\/www.iskreni.net\/trgovina\/?s={search_term_string}"},"query-input":{"@type":"PropertyValueSpecification","valueRequired":true,"valueName":"search_term_string"}}],"inLanguage":"sl-SI"}]}},"_links":{"self":[{"href":"https:\/\/www.iskreni.net\/trgovina\/wp-json\/wp\/v2\/product\/75162","targetHints":{"allow":["GET"]}}],"collection":[{"href":"https:\/\/www.iskreni.net\/trgovina\/wp-json\/wp\/v2\/product"}],"about":[{"href":"https:\/\/www.iskreni.net\/trgovina\/wp-json\/wp\/v2\/types\/product"}],"replies":[{"embeddable":true,"href":"https:\/\/www.iskreni.net\/trgovina\/wp-json\/wp\/v2\/comments?post=75162"}],"version-history":[{"count":4,"href":"https:\/\/www.iskreni.net\/trgovina\/wp-json\/wp\/v2\/product\/75162\/revisions"}],"predecessor-version":[{"id":88703,"href":"https:\/\/www.iskreni.net\/trgovina\/wp-json\/wp\/v2\/product\/75162\/revisions\/88703"}],"wp:featuredmedia":[{"embeddable":true,"href":"https:\/\/www.iskreni.net\/trgovina\/wp-json\/wp\/v2\/media\/75164"}],"wp:attachment":[{"href":"https:\/\/www.iskreni.net\/trgovina\/wp-json\/wp\/v2\/media?parent=75162"}],"wp:term":[{"taxonomy":"product_brand","embeddable":true,"href":"https:\/\/www.iskreni.net\/trgovina\/wp-json\/wp\/v2\/product_brand?post=75162"},{"taxonomy":"product_cat","embeddable":true,"href":"https:\/\/www.iskreni.net\/trgovina\/wp-json\/wp\/v2\/product_cat?post=75162"},{"taxonomy":"product_tag","embeddable":true,"href":"https:\/\/www.iskreni.net\/trgovina\/wp-json\/wp\/v2\/product_tag?post=75162"},{"taxonomy":"avtor","embeddable":true,"href":"https:\/\/www.iskreni.net\/trgovina\/wp-json\/wp\/v2\/avtor?post=75162"},{"taxonomy":"zalozba","embeddable":true,"href":"https:\/\/www.iskreni.net\/trgovina\/wp-json\/wp\/v2\/zalozba?post=75162"},{"taxonomy":"vezava","embeddable":true,"href":"https:\/\/www.iskreni.net\/trgovina\/wp-json\/wp\/v2\/vezava?post=75162"}],"curies":[{"name":"wp","href":"https:\/\/api.w.org\/{rel}","templated":true}]}}