{"id":75038,"date":"2024-05-16T13:22:59","date_gmt":"2024-05-16T11:22:59","guid":{"rendered":"https:\/\/www.iskreni.net\/trgovina\/?post_type=product&#038;p=75038"},"modified":"2024-05-16T13:34:52","modified_gmt":"2024-05-16T11:34:52","slug":"prenovljena-v-gospodu","status":"publish","type":"product","link":"https:\/\/www.iskreni.net\/trgovina\/product\/prenovljena-v-gospodu\/","title":{"rendered":"Prenovljena v Gospodu"},"content":{"rendered":"<h4>O knjigi Prenovljena v Gospodu:<\/h4>\n<p>V vsakem poglavju se avtorica sprehodi skozi deset razli\u010dnih obdobij svojega \u017eivljenja in zapi\u0161e tedensko razmi\u0161ljanje, ki se osredoto\u010da na izbran svetopisemski odlomek. Vklju\u010deni sta tudi dve vpra\u0161anji, ob katerih lahko premi\u0161ljuje\u0161 in tako najde\u0161 kaj koristnega za svoje \u017eivljenje. Upamo, da te bo Sveti Duh vodil, da bo\u0161 v svojem srcu za\u010dutila njegove spodbude.<\/p>\n<p>Blessed is she (Blagor ji) je skupnost \u017eensk, ki \u017eelijo rasti v katoli\u0161ki veri prek molitve in skupnosti. Avtorice so se osredoto\u010dile na pet razli\u010dnih vidikov razmi\u0161ljanja o svoji identiteti (ljube\u010d Bo\u017eji pogled, ob\u010dutek pripadnosti, ljubezen, vera, osebna rast).<\/p>\n<p>&nbsp;<\/p>\n<p><strong>Odlomek iz knjige:<\/strong><\/p>\n<p>&#8220;Velikokrat upamo, da je to nekaj, kar bomo prerasli, a tudi ko odrastemo, je te\u017eko uravnovesiti na\u0161e izbire in pri\u010dakovanja okolice. Vse skupaj sem nagrmadila v veliko zme\u0161njavo pri\u010dakovanj. Meja med tem, kje se kon\u010da moje stali\u0161\u010de o neki temi in kako se moji vrstniki na ta stali\u0161\u010da odzovejo, se na trenutke zabri\u0161e. Namesto da bi se otresla pri\u010dakovanj drugih, zdrsnem vanje \u0161e z ve\u010djo hitrostjo, kot sem zdrvela v klop po tistem svojem pokleku. Da ne bi izstopala, moram imeti dolo\u010den videz in se obna\u0161ati po dolo\u010denem vzorcu. Tako se izognem obsojajo\u010dim sodbam v resni\u010dnem \u017eivljenju in na dru\u017ebenih omre\u017ejih. Kaj pa ti, sestra? Ali \u010daka\u0161 na zunanjo potrditev, da bi si drznila biti druga\u010dna? Ali se izogiba\u0161 tveganju, da ljudem morda ne bi bilo v\u0161e\u010d, kdo si? Ali \u017eivi\u0161 v kletki iz lastnih strahov, da ne bo\u0161 sprejeta? Kaj te vodi, kadar se soo\u010di\u0161 z na videz majhno stvarjo, ki pa je morda nekaj pomembnega? Ali je to \u017eelja, da bi bila to, kar si? Ali pa je to \u017eelja, da ne bi izstopala? Ali te skrbi, da bi drugim nastavila ogledalo, ki bi v njih vzbudilo nemir? V tistih \u010dasih je bilo \u017eivljenje po veri zame v\u010dasih neudobno in v\u010dasih \u0161e vedno je. Nisem \u017eelela biti \u00bbvernim zgled v besedi in vedenju\u00ab (1 Tim 4,12)<\/p>\n<h4>O avtoricah:<\/h4>\n<p>Leana Bowler je \u017eena in mama \u0161estih mal\u010dkov. Je navdu\u0161ena molivka svetega ro\u017enega venca in ljubi veselje evangelija. U\u017eiva v \u010dude\u017eih dru\u017einskega \u017eivljenja, mo\u010dni kavi, dobrih knjigah, son\u010dnih zahodih v Arizoni in sre\u010devanju drugih na tej poti k svetosti.<\/p>\n<p>Brittany Calavitta je navdu\u0161ena zagovornica dobre knjige, mo\u010dne kave in upanja polnega srca. Po letih boja z neplodnostjo sta z mo\u017eem 11. septembra 2016 sprejela svojega prvega otroka. Medtem ko usklajuje \u010das med \u017eivljenjem s pred\u0161olskim otrokom in mo\u017eem, ki pogosto potuje, Brittany profesionalno ple\u0161e po vsej ju\u017eni Kaliforniji, kjer trenutno prebiva njena dru\u017eina. Sodelovala je pri knjigi Here Too: Where We Find God.<\/p>\n<p>Jenna Guizar je \u017eena in mama iz son\u010dne Arizone. Rada pre\u017eivlja \u010das s svojim mo\u017eem brivcem, \u0161tirimi h\u010derkami in sinom. Potem ko je spoznala Gospoda prek globokih, zvestih prijateljev, ki so molili in vlivali upanje v njeno \u017eivljenje, je Jenna ustanovila skupino Blessed is She, ki je postala njeno misijonsko sredi\u0161\u010de, da bi \u017eenskam pomagala k rasti v ljubezni do Gospoda in globljemu medsebojnemu prijateljstvu.<\/p>\n<p>Liz Kelly je ve\u010dkrat nagrajena govornica in avtorica devetih knjig, vklju\u010dno z Jesus Approaches: What Contemporary Women Can Learn About Healing, Freedom &amp; Joy from the Women of the New Testament, ki je prejela \u0161tevilne nagrade, med drugim za najbolj\u0161o knjigo (Best Book Awards) v kategoriji vere, leta 2019. Ima diplomo iz kreativnega pisanja in katoli\u0161kih \u0161tudij. Usposobljena je za vodenje ignacijanskih vaj, zlasti se posve\u010da duhovnim odmikom za \u017eenske. Pou\u010duje katoli\u0161ke \u0161tudije na Univerzi svetega Toma\u017ea (MN) in je glavna urednica revije Logos: revije za katoli\u0161ko misel in kulturo.<\/p>\n<p>Nell O&#8217;Leary je odgovorna urednica Blessed is She. Je odvetnica, ki je postala pisateljica, govorka in urednica, medtem ko skrbi za mo\u017ea in pet otrok. Prav tako spodbuja skupine skupnosti Blessed is She po vsem svetu, saj rada pomaga \u017eenskam najti sestrsko podporo.<\/p>\n<p>Susanna Spencer je magistrirala iz teologije na Fran\u010di\u0161kanski univerzi v Steubenvillu in je teolo\u0161ka urednica Blessed is She. \u017divi z mo\u017eem filozofom in \u0161tirimi otroki v Saint Paulu v Minnesoti. Rada bere teolo\u0161ke knjige, obiskuje lepo bogoslu\u017eje, kuha okusno hrano in spro\u0161\u010deno spremlja baseball.<\/p>\n","protected":false},"excerpt":{"rendered":"<p><strong>Leto izdaje:<\/strong> 2024<br \/>\n<strong>\u0160tevilo strani:<\/strong> 224<br \/>\n<strong>Mere:<\/strong> 150 x 200 mm<\/p>\n<p><a href=\"https:\/\/www.druzina.si\/storage\/app\/media\/Jo%C5%A1t\/Prenovljena%20v%20Gospodu_vzorcne%20strani.pdf\">Prelistajte knjigo<\/a><\/p>\n","protected":false},"featured_media":75040,"comment_status":"open","ping_status":"closed","template":"","meta":[],"product_brand":[],"product_cat":[2324,63],"product_tag":[410,2764],"avtor":[2766,2767,2765],"zalozba":[2311],"vezava":[2306],"class_list":{"0":"post-75038","1":"product","2":"type-product","3":"status-publish","4":"has-post-thumbnail","6":"product_cat-duhovnost-in-osebna-rast","7":"product_cat-knjige","8":"product_tag-poroka","9":"product_tag-pricevanja","10":"avtor-brittany-calavitta","11":"avtor-jenna-guizar","12":"avtor-leana-bowler","13":"zalozba-druzina","14":"vezava-trda","16":"first","17":"instock","18":"taxable","19":"shipping-taxable","20":"purchasable","21":"product-type-simple"},"yoast_head":"<!-- This site is optimized with the Yoast SEO plugin v26.3 - https:\/\/yoast.com\/wordpress\/plugins\/seo\/ -->\n<title>Prenovljena v Gospodu-iskreni<\/title>\n<meta name=\"description\" content=\"52 spodbud za \u017eenske, ki \u017eelijo okrepiti svoje duhovno \u017eivljenje v vsakdanjih okoli\u0161\u010dinah.\" \/>\n<meta name=\"robots\" content=\"index, follow, max-snippet:-1, max-image-preview:large, max-video-preview:-1\" \/>\n<link rel=\"canonical\" href=\"https:\/\/www.iskreni.net\/trgovina\/product\/prenovljena-v-gospodu\/\" \/>\n<meta property=\"og:locale\" content=\"sl_SI\" \/>\n<meta property=\"og:type\" content=\"article\" \/>\n<meta property=\"og:title\" content=\"Prenovljena v Gospodu\" \/>\n<meta property=\"og:description\" content=\"52 spodbud za \u017eenske, ki \u017eelijo okrepiti svoje duhovno \u017eivljenje v vsakdanjih okoli\u0161\u010dinah.\" \/>\n<meta property=\"og:url\" content=\"https:\/\/www.iskreni.net\/trgovina\/product\/prenovljena-v-gospodu\/\" \/>\n<meta property=\"og:site_name\" content=\"Zavod Iskreni\" \/>\n<meta property=\"article:modified_time\" content=\"2024-05-16T11:34:52+00:00\" \/>\n<meta property=\"og:image\" content=\"https:\/\/www.iskreni.net\/trgovina\/wp-content\/uploads\/2024\/05\/Slike-za-v-spletno-trgovino-46.jpg\" \/>\n\t<meta property=\"og:image:width\" content=\"600\" \/>\n\t<meta property=\"og:image:height\" content=\"600\" \/>\n\t<meta property=\"og:image:type\" content=\"image\/jpeg\" \/>\n<meta name=\"twitter:card\" content=\"summary_large_image\" \/>\n<meta name=\"twitter:label1\" content=\"Est. reading time\" \/>\n\t<meta name=\"twitter:data1\" content=\"4 minute\" \/>\n<script type=\"application\/ld+json\" class=\"yoast-schema-graph\">{\"@context\":\"https:\/\/schema.org\",\"@graph\":[{\"@type\":\"WebPage\",\"@id\":\"https:\/\/www.iskreni.net\/trgovina\/product\/prenovljena-v-gospodu\/\",\"url\":\"https:\/\/www.iskreni.net\/trgovina\/product\/prenovljena-v-gospodu\/\",\"name\":\"Prenovljena v Gospodu-iskreni\",\"isPartOf\":{\"@id\":\"https:\/\/www.iskreni.net\/trgovina\/#website\"},\"primaryImageOfPage\":{\"@id\":\"https:\/\/www.iskreni.net\/trgovina\/product\/prenovljena-v-gospodu\/#primaryimage\"},\"image\":{\"@id\":\"https:\/\/www.iskreni.net\/trgovina\/product\/prenovljena-v-gospodu\/#primaryimage\"},\"thumbnailUrl\":\"https:\/\/www.iskreni.net\/trgovina\/wp-content\/uploads\/2024\/05\/Slike-za-v-spletno-trgovino-46.jpg\",\"datePublished\":\"2024-05-16T11:22:59+00:00\",\"dateModified\":\"2024-05-16T11:34:52+00:00\",\"description\":\"52 spodbud za \u017eenske, ki \u017eelijo okrepiti svoje duhovno \u017eivljenje v vsakdanjih okoli\u0161\u010dinah.\",\"breadcrumb\":{\"@id\":\"https:\/\/www.iskreni.net\/trgovina\/product\/prenovljena-v-gospodu\/#breadcrumb\"},\"inLanguage\":\"sl-SI\",\"potentialAction\":[{\"@type\":\"ReadAction\",\"target\":[\"https:\/\/www.iskreni.net\/trgovina\/product\/prenovljena-v-gospodu\/\"]}]},{\"@type\":\"ImageObject\",\"inLanguage\":\"sl-SI\",\"@id\":\"https:\/\/www.iskreni.net\/trgovina\/product\/prenovljena-v-gospodu\/#primaryimage\",\"url\":\"https:\/\/www.iskreni.net\/trgovina\/wp-content\/uploads\/2024\/05\/Slike-za-v-spletno-trgovino-46.jpg\",\"contentUrl\":\"https:\/\/www.iskreni.net\/trgovina\/wp-content\/uploads\/2024\/05\/Slike-za-v-spletno-trgovino-46.jpg\",\"width\":600,\"height\":600},{\"@type\":\"BreadcrumbList\",\"@id\":\"https:\/\/www.iskreni.net\/trgovina\/product\/prenovljena-v-gospodu\/#breadcrumb\",\"itemListElement\":[{\"@type\":\"ListItem\",\"position\":1,\"name\":\"Home\",\"item\":\"https:\/\/www.iskreni.net\/trgovina\/\"},{\"@type\":\"ListItem\",\"position\":2,\"name\":\"Trgovina\",\"item\":\"https:\/\/www.iskreni.net\/trgovina\/trgovina\/\"},{\"@type\":\"ListItem\",\"position\":3,\"name\":\"Prenovljena v Gospodu\"}]},{\"@type\":\"WebSite\",\"@id\":\"https:\/\/www.iskreni.net\/trgovina\/#website\",\"url\":\"https:\/\/www.iskreni.net\/trgovina\/\",\"name\":\"Zavod Iskreni\",\"description\":\"trgovina\",\"potentialAction\":[{\"@type\":\"SearchAction\",\"target\":{\"@type\":\"EntryPoint\",\"urlTemplate\":\"https:\/\/www.iskreni.net\/trgovina\/?s={search_term_string}\"},\"query-input\":{\"@type\":\"PropertyValueSpecification\",\"valueRequired\":true,\"valueName\":\"search_term_string\"}}],\"inLanguage\":\"sl-SI\"}]}<\/script>\n<!-- \/ Yoast SEO plugin. -->","yoast_head_json":{"title":"Prenovljena v Gospodu-iskreni","description":"52 spodbud za \u017eenske, ki \u017eelijo okrepiti svoje duhovno \u017eivljenje v vsakdanjih okoli\u0161\u010dinah.","robots":{"index":"index","follow":"follow","max-snippet":"max-snippet:-1","max-image-preview":"max-image-preview:large","max-video-preview":"max-video-preview:-1"},"canonical":"https:\/\/www.iskreni.net\/trgovina\/product\/prenovljena-v-gospodu\/","og_locale":"sl_SI","og_type":"article","og_title":"Prenovljena v Gospodu","og_description":"52 spodbud za \u017eenske, ki \u017eelijo okrepiti svoje duhovno \u017eivljenje v vsakdanjih okoli\u0161\u010dinah.","og_url":"https:\/\/www.iskreni.net\/trgovina\/product\/prenovljena-v-gospodu\/","og_site_name":"Zavod Iskreni","article_modified_time":"2024-05-16T11:34:52+00:00","og_image":[{"width":600,"height":600,"url":"https:\/\/www.iskreni.net\/trgovina\/wp-content\/uploads\/2024\/05\/Slike-za-v-spletno-trgovino-46.jpg","type":"image\/jpeg"}],"twitter_card":"summary_large_image","twitter_misc":{"Est. reading time":"4 minute"},"schema":{"@context":"https:\/\/schema.org","@graph":[{"@type":"WebPage","@id":"https:\/\/www.iskreni.net\/trgovina\/product\/prenovljena-v-gospodu\/","url":"https:\/\/www.iskreni.net\/trgovina\/product\/prenovljena-v-gospodu\/","name":"Prenovljena v Gospodu-iskreni","isPartOf":{"@id":"https:\/\/www.iskreni.net\/trgovina\/#website"},"primaryImageOfPage":{"@id":"https:\/\/www.iskreni.net\/trgovina\/product\/prenovljena-v-gospodu\/#primaryimage"},"image":{"@id":"https:\/\/www.iskreni.net\/trgovina\/product\/prenovljena-v-gospodu\/#primaryimage"},"thumbnailUrl":"https:\/\/www.iskreni.net\/trgovina\/wp-content\/uploads\/2024\/05\/Slike-za-v-spletno-trgovino-46.jpg","datePublished":"2024-05-16T11:22:59+00:00","dateModified":"2024-05-16T11:34:52+00:00","description":"52 spodbud za \u017eenske, ki \u017eelijo okrepiti svoje duhovno \u017eivljenje v vsakdanjih okoli\u0161\u010dinah.","breadcrumb":{"@id":"https:\/\/www.iskreni.net\/trgovina\/product\/prenovljena-v-gospodu\/#breadcrumb"},"inLanguage":"sl-SI","potentialAction":[{"@type":"ReadAction","target":["https:\/\/www.iskreni.net\/trgovina\/product\/prenovljena-v-gospodu\/"]}]},{"@type":"ImageObject","inLanguage":"sl-SI","@id":"https:\/\/www.iskreni.net\/trgovina\/product\/prenovljena-v-gospodu\/#primaryimage","url":"https:\/\/www.iskreni.net\/trgovina\/wp-content\/uploads\/2024\/05\/Slike-za-v-spletno-trgovino-46.jpg","contentUrl":"https:\/\/www.iskreni.net\/trgovina\/wp-content\/uploads\/2024\/05\/Slike-za-v-spletno-trgovino-46.jpg","width":600,"height":600},{"@type":"BreadcrumbList","@id":"https:\/\/www.iskreni.net\/trgovina\/product\/prenovljena-v-gospodu\/#breadcrumb","itemListElement":[{"@type":"ListItem","position":1,"name":"Home","item":"https:\/\/www.iskreni.net\/trgovina\/"},{"@type":"ListItem","position":2,"name":"Trgovina","item":"https:\/\/www.iskreni.net\/trgovina\/trgovina\/"},{"@type":"ListItem","position":3,"name":"Prenovljena v Gospodu"}]},{"@type":"WebSite","@id":"https:\/\/www.iskreni.net\/trgovina\/#website","url":"https:\/\/www.iskreni.net\/trgovina\/","name":"Zavod Iskreni","description":"trgovina","potentialAction":[{"@type":"SearchAction","target":{"@type":"EntryPoint","urlTemplate":"https:\/\/www.iskreni.net\/trgovina\/?s={search_term_string}"},"query-input":{"@type":"PropertyValueSpecification","valueRequired":true,"valueName":"search_term_string"}}],"inLanguage":"sl-SI"}]}},"_links":{"self":[{"href":"https:\/\/www.iskreni.net\/trgovina\/wp-json\/wp\/v2\/product\/75038","targetHints":{"allow":["GET"]}}],"collection":[{"href":"https:\/\/www.iskreni.net\/trgovina\/wp-json\/wp\/v2\/product"}],"about":[{"href":"https:\/\/www.iskreni.net\/trgovina\/wp-json\/wp\/v2\/types\/product"}],"replies":[{"embeddable":true,"href":"https:\/\/www.iskreni.net\/trgovina\/wp-json\/wp\/v2\/comments?post=75038"}],"version-history":[{"count":2,"href":"https:\/\/www.iskreni.net\/trgovina\/wp-json\/wp\/v2\/product\/75038\/revisions"}],"predecessor-version":[{"id":75041,"href":"https:\/\/www.iskreni.net\/trgovina\/wp-json\/wp\/v2\/product\/75038\/revisions\/75041"}],"wp:featuredmedia":[{"embeddable":true,"href":"https:\/\/www.iskreni.net\/trgovina\/wp-json\/wp\/v2\/media\/75040"}],"wp:attachment":[{"href":"https:\/\/www.iskreni.net\/trgovina\/wp-json\/wp\/v2\/media?parent=75038"}],"wp:term":[{"taxonomy":"product_brand","embeddable":true,"href":"https:\/\/www.iskreni.net\/trgovina\/wp-json\/wp\/v2\/product_brand?post=75038"},{"taxonomy":"product_cat","embeddable":true,"href":"https:\/\/www.iskreni.net\/trgovina\/wp-json\/wp\/v2\/product_cat?post=75038"},{"taxonomy":"product_tag","embeddable":true,"href":"https:\/\/www.iskreni.net\/trgovina\/wp-json\/wp\/v2\/product_tag?post=75038"},{"taxonomy":"avtor","embeddable":true,"href":"https:\/\/www.iskreni.net\/trgovina\/wp-json\/wp\/v2\/avtor?post=75038"},{"taxonomy":"zalozba","embeddable":true,"href":"https:\/\/www.iskreni.net\/trgovina\/wp-json\/wp\/v2\/zalozba?post=75038"},{"taxonomy":"vezava","embeddable":true,"href":"https:\/\/www.iskreni.net\/trgovina\/wp-json\/wp\/v2\/vezava?post=75038"}],"curies":[{"name":"wp","href":"https:\/\/api.w.org\/{rel}","templated":true}]}}