{"id":74766,"date":"2024-04-25T07:11:40","date_gmt":"2024-04-25T05:11:40","guid":{"rendered":"https:\/\/www.iskreni.net\/trgovina\/?post_type=product&#038;p=74766"},"modified":"2026-04-01T10:27:02","modified_gmt":"2026-04-01T08:27:02","slug":"darilni-bon-divji-bojevnik","status":"publish","type":"product","link":"https:\/\/www.iskreni.net\/trgovina\/product\/darilni-bon-divji-bojevnik\/","title":{"rendered":"Darilni bon &#8211; Divji bojevnik"},"content":{"rendered":"<p>Darilni bon za delavnico Divji bojevnik je darilo, ki bo o\u010deta in sina v \u010dasu pubertete povezalo, utrdilo njun odnos in jima dalo lepo popotnico za naprej.<\/p>\n<p><span class=\"split-inner\" data-text=\" Namen delavnice je omogo\u010diti izku\u0161njo varne povezanosti med o\u010detom in sinom. Za odra\u0161\u010dajo\u010dega fanta je \"><span class=\"split-txt\">Namen delavnice je omogo\u010diti izku\u0161njo varne povezanosti med o\u010detom in sinom. Za odra\u0161\u010dajo\u010dega fanta je namre\u010d\u00a0<\/span><\/span><span class=\"split-inner\" data-text=\"dragoceno, \u010de ima ob o\u010detu izku\u0161njo igrivosti, a tudi varnosti, ki omogo\u010da na\u010deti resnej\u0161e teme. Delavnica \"><span class=\"split-txt\">dragoceno, \u010de ima ob o\u010detu izku\u0161njo igrivosti, a tudi varnosti, ki omogo\u010da na\u010deti resnej\u0161e teme. Delavnica <\/span><\/span><span class=\"split-inner\" data-text=\"omogo\u010da tudi o\u010detom, da se la\u017eje pribli\u017eajo svojim sinovom in gradijo zaupljiv odnos.\"><span class=\"split-txt\">omogo\u010da tudi o\u010detom, da se la\u017eje pribli\u017eajo svojim sinovom in gradijo zaupljiv odnos.<\/span><\/span><\/p>\n<p>Nepozabno!<\/p>\n","protected":false},"excerpt":{"rendered":"<p>Darilo, ki ostane!<\/p>\n","protected":false},"featured_media":74767,"comment_status":"open","ping_status":"closed","template":"","meta":[],"product_brand":[],"product_cat":[1628,1184,668],"product_tag":[1318],"avtor":[],"zalozba":[],"vezava":[],"class_list":{"0":"post-74766","1":"product","2":"type-product","3":"status-publish","4":"has-post-thumbnail","6":"product_cat-darilni-bon","7":"product_cat-programi","8":"product_cat-darilni-program","9":"product_tag-birma","11":"first","12":"instock","13":"taxable","14":"shipping-taxable","15":"purchasable","16":"product-type-simple"},"yoast_head":"<!-- This site is optimized with the Yoast SEO plugin v26.3 - https:\/\/yoast.com\/wordpress\/plugins\/seo\/ -->\n<title>Darilni bon - Divji bojevnik - Zavod Iskreni<\/title>\n<meta name=\"robots\" content=\"index, follow, max-snippet:-1, max-image-preview:large, max-video-preview:-1\" \/>\n<link rel=\"canonical\" href=\"https:\/\/www.iskreni.net\/trgovina\/product\/darilni-bon-divji-bojevnik\/\" \/>\n<meta property=\"og:locale\" content=\"sl_SI\" \/>\n<meta property=\"og:type\" content=\"article\" \/>\n<meta property=\"og:title\" content=\"Darilni bon - Divji bojevnik - Zavod Iskreni\" \/>\n<meta property=\"og:description\" content=\"Darilo, ki ostane!\" \/>\n<meta property=\"og:url\" content=\"https:\/\/www.iskreni.net\/trgovina\/product\/darilni-bon-divji-bojevnik\/\" \/>\n<meta property=\"og:site_name\" content=\"Zavod Iskreni\" \/>\n<meta property=\"article:modified_time\" content=\"2026-04-01T08:27:02+00:00\" \/>\n<meta property=\"og:image\" content=\"https:\/\/www.iskreni.net\/trgovina\/wp-content\/uploads\/2024\/04\/3-1024x726.png\" \/>\n\t<meta property=\"og:image:width\" content=\"1024\" \/>\n\t<meta property=\"og:image:height\" content=\"726\" \/>\n\t<meta property=\"og:image:type\" content=\"image\/png\" \/>\n<meta name=\"twitter:card\" content=\"summary_large_image\" \/>\n<meta name=\"twitter:label1\" content=\"Est. reading time\" \/>\n\t<meta name=\"twitter:data1\" content=\"1 minuta\" \/>\n<script type=\"application\/ld+json\" class=\"yoast-schema-graph\">{\"@context\":\"https:\/\/schema.org\",\"@graph\":[{\"@type\":\"WebPage\",\"@id\":\"https:\/\/www.iskreni.net\/trgovina\/product\/darilni-bon-divji-bojevnik\/\",\"url\":\"https:\/\/www.iskreni.net\/trgovina\/product\/darilni-bon-divji-bojevnik\/\",\"name\":\"Darilni bon - Divji bojevnik - Zavod Iskreni\",\"isPartOf\":{\"@id\":\"https:\/\/www.iskreni.net\/trgovina\/#website\"},\"primaryImageOfPage\":{\"@id\":\"https:\/\/www.iskreni.net\/trgovina\/product\/darilni-bon-divji-bojevnik\/#primaryimage\"},\"image\":{\"@id\":\"https:\/\/www.iskreni.net\/trgovina\/product\/darilni-bon-divji-bojevnik\/#primaryimage\"},\"thumbnailUrl\":\"https:\/\/www.iskreni.net\/trgovina\/wp-content\/uploads\/2024\/04\/3.png\",\"datePublished\":\"2024-04-25T05:11:40+00:00\",\"dateModified\":\"2026-04-01T08:27:02+00:00\",\"breadcrumb\":{\"@id\":\"https:\/\/www.iskreni.net\/trgovina\/product\/darilni-bon-divji-bojevnik\/#breadcrumb\"},\"inLanguage\":\"sl-SI\",\"potentialAction\":[{\"@type\":\"ReadAction\",\"target\":[\"https:\/\/www.iskreni.net\/trgovina\/product\/darilni-bon-divji-bojevnik\/\"]}]},{\"@type\":\"ImageObject\",\"inLanguage\":\"sl-SI\",\"@id\":\"https:\/\/www.iskreni.net\/trgovina\/product\/darilni-bon-divji-bojevnik\/#primaryimage\",\"url\":\"https:\/\/www.iskreni.net\/trgovina\/wp-content\/uploads\/2024\/04\/3.png\",\"contentUrl\":\"https:\/\/www.iskreni.net\/trgovina\/wp-content\/uploads\/2024\/04\/3.png\",\"width\":1748,\"height\":1240},{\"@type\":\"BreadcrumbList\",\"@id\":\"https:\/\/www.iskreni.net\/trgovina\/product\/darilni-bon-divji-bojevnik\/#breadcrumb\",\"itemListElement\":[{\"@type\":\"ListItem\",\"position\":1,\"name\":\"Home\",\"item\":\"https:\/\/www.iskreni.net\/trgovina\/\"},{\"@type\":\"ListItem\",\"position\":2,\"name\":\"Trgovina\",\"item\":\"https:\/\/www.iskreni.net\/trgovina\/trgovina\/\"},{\"@type\":\"ListItem\",\"position\":3,\"name\":\"Darilni bon &#8211; Divji bojevnik\"}]},{\"@type\":\"WebSite\",\"@id\":\"https:\/\/www.iskreni.net\/trgovina\/#website\",\"url\":\"https:\/\/www.iskreni.net\/trgovina\/\",\"name\":\"Zavod Iskreni\",\"description\":\"trgovina\",\"potentialAction\":[{\"@type\":\"SearchAction\",\"target\":{\"@type\":\"EntryPoint\",\"urlTemplate\":\"https:\/\/www.iskreni.net\/trgovina\/?s={search_term_string}\"},\"query-input\":{\"@type\":\"PropertyValueSpecification\",\"valueRequired\":true,\"valueName\":\"search_term_string\"}}],\"inLanguage\":\"sl-SI\"}]}<\/script>\n<!-- \/ Yoast SEO plugin. -->","yoast_head_json":{"title":"Darilni bon - Divji bojevnik - Zavod Iskreni","robots":{"index":"index","follow":"follow","max-snippet":"max-snippet:-1","max-image-preview":"max-image-preview:large","max-video-preview":"max-video-preview:-1"},"canonical":"https:\/\/www.iskreni.net\/trgovina\/product\/darilni-bon-divji-bojevnik\/","og_locale":"sl_SI","og_type":"article","og_title":"Darilni bon - Divji bojevnik - Zavod Iskreni","og_description":"Darilo, ki ostane!","og_url":"https:\/\/www.iskreni.net\/trgovina\/product\/darilni-bon-divji-bojevnik\/","og_site_name":"Zavod Iskreni","article_modified_time":"2026-04-01T08:27:02+00:00","og_image":[{"width":1024,"height":726,"url":"https:\/\/www.iskreni.net\/trgovina\/wp-content\/uploads\/2024\/04\/3-1024x726.png","type":"image\/png"}],"twitter_card":"summary_large_image","twitter_misc":{"Est. reading time":"1 minuta"},"schema":{"@context":"https:\/\/schema.org","@graph":[{"@type":"WebPage","@id":"https:\/\/www.iskreni.net\/trgovina\/product\/darilni-bon-divji-bojevnik\/","url":"https:\/\/www.iskreni.net\/trgovina\/product\/darilni-bon-divji-bojevnik\/","name":"Darilni bon - Divji bojevnik - Zavod Iskreni","isPartOf":{"@id":"https:\/\/www.iskreni.net\/trgovina\/#website"},"primaryImageOfPage":{"@id":"https:\/\/www.iskreni.net\/trgovina\/product\/darilni-bon-divji-bojevnik\/#primaryimage"},"image":{"@id":"https:\/\/www.iskreni.net\/trgovina\/product\/darilni-bon-divji-bojevnik\/#primaryimage"},"thumbnailUrl":"https:\/\/www.iskreni.net\/trgovina\/wp-content\/uploads\/2024\/04\/3.png","datePublished":"2024-04-25T05:11:40+00:00","dateModified":"2026-04-01T08:27:02+00:00","breadcrumb":{"@id":"https:\/\/www.iskreni.net\/trgovina\/product\/darilni-bon-divji-bojevnik\/#breadcrumb"},"inLanguage":"sl-SI","potentialAction":[{"@type":"ReadAction","target":["https:\/\/www.iskreni.net\/trgovina\/product\/darilni-bon-divji-bojevnik\/"]}]},{"@type":"ImageObject","inLanguage":"sl-SI","@id":"https:\/\/www.iskreni.net\/trgovina\/product\/darilni-bon-divji-bojevnik\/#primaryimage","url":"https:\/\/www.iskreni.net\/trgovina\/wp-content\/uploads\/2024\/04\/3.png","contentUrl":"https:\/\/www.iskreni.net\/trgovina\/wp-content\/uploads\/2024\/04\/3.png","width":1748,"height":1240},{"@type":"BreadcrumbList","@id":"https:\/\/www.iskreni.net\/trgovina\/product\/darilni-bon-divji-bojevnik\/#breadcrumb","itemListElement":[{"@type":"ListItem","position":1,"name":"Home","item":"https:\/\/www.iskreni.net\/trgovina\/"},{"@type":"ListItem","position":2,"name":"Trgovina","item":"https:\/\/www.iskreni.net\/trgovina\/trgovina\/"},{"@type":"ListItem","position":3,"name":"Darilni bon &#8211; Divji bojevnik"}]},{"@type":"WebSite","@id":"https:\/\/www.iskreni.net\/trgovina\/#website","url":"https:\/\/www.iskreni.net\/trgovina\/","name":"Zavod Iskreni","description":"trgovina","potentialAction":[{"@type":"SearchAction","target":{"@type":"EntryPoint","urlTemplate":"https:\/\/www.iskreni.net\/trgovina\/?s={search_term_string}"},"query-input":{"@type":"PropertyValueSpecification","valueRequired":true,"valueName":"search_term_string"}}],"inLanguage":"sl-SI"}]}},"_links":{"self":[{"href":"https:\/\/www.iskreni.net\/trgovina\/wp-json\/wp\/v2\/product\/74766","targetHints":{"allow":["GET"]}}],"collection":[{"href":"https:\/\/www.iskreni.net\/trgovina\/wp-json\/wp\/v2\/product"}],"about":[{"href":"https:\/\/www.iskreni.net\/trgovina\/wp-json\/wp\/v2\/types\/product"}],"replies":[{"embeddable":true,"href":"https:\/\/www.iskreni.net\/trgovina\/wp-json\/wp\/v2\/comments?post=74766"}],"version-history":[{"count":1,"href":"https:\/\/www.iskreni.net\/trgovina\/wp-json\/wp\/v2\/product\/74766\/revisions"}],"predecessor-version":[{"id":74771,"href":"https:\/\/www.iskreni.net\/trgovina\/wp-json\/wp\/v2\/product\/74766\/revisions\/74771"}],"wp:featuredmedia":[{"embeddable":true,"href":"https:\/\/www.iskreni.net\/trgovina\/wp-json\/wp\/v2\/media\/74767"}],"wp:attachment":[{"href":"https:\/\/www.iskreni.net\/trgovina\/wp-json\/wp\/v2\/media?parent=74766"}],"wp:term":[{"taxonomy":"product_brand","embeddable":true,"href":"https:\/\/www.iskreni.net\/trgovina\/wp-json\/wp\/v2\/product_brand?post=74766"},{"taxonomy":"product_cat","embeddable":true,"href":"https:\/\/www.iskreni.net\/trgovina\/wp-json\/wp\/v2\/product_cat?post=74766"},{"taxonomy":"product_tag","embeddable":true,"href":"https:\/\/www.iskreni.net\/trgovina\/wp-json\/wp\/v2\/product_tag?post=74766"},{"taxonomy":"avtor","embeddable":true,"href":"https:\/\/www.iskreni.net\/trgovina\/wp-json\/wp\/v2\/avtor?post=74766"},{"taxonomy":"zalozba","embeddable":true,"href":"https:\/\/www.iskreni.net\/trgovina\/wp-json\/wp\/v2\/zalozba?post=74766"},{"taxonomy":"vezava","embeddable":true,"href":"https:\/\/www.iskreni.net\/trgovina\/wp-json\/wp\/v2\/vezava?post=74766"}],"curies":[{"name":"wp","href":"https:\/\/api.w.org\/{rel}","templated":true}]}}