{"id":74725,"date":"2024-04-24T10:45:23","date_gmt":"2024-04-24T08:45:23","guid":{"rendered":"https:\/\/www.iskreni.net\/trgovina\/?post_type=product&#038;p=74725"},"modified":"2025-12-19T08:17:03","modified_gmt":"2025-12-19T07:17:03","slug":"tvoj-talent-steje","status":"publish","type":"product","link":"https:\/\/www.iskreni.net\/trgovina\/product\/tvoj-talent-steje\/","title":{"rendered":"Tvoj talent \u0161teje"},"content":{"rendered":"<h3 id=\"anchor-o-izdelku\" class=\"title\">O knjigi Tvoj talent \u0161teje:<\/h3>\n<div class=\"tab-description js-tab-singleProduct-description content-tab\">\n<div class=\"x11i5rnm xat24cr x1mh8g0r x1vvkbs xtlvy1s x126k92a\">\n<div dir=\"auto\">\n<p>ZGODBA O MISIJONARJU ANDREJU MAJCNU<\/p>\n<p>Majcnova zgodba je predstavljena kakor zelo napeta partija \u0161aha. Bolj kot v premikanju figur po igralni plo\u0161\u010di u\u017eivamo v nepredvidljivih in daljnovidnih potezah igralcev. Bo\u017eja previdnost z vsako novo potezo razkriva sveto strategijo in smisel storjenih premikov, od prve pa vse do zadnje poteze. Majcen, ki je sebe imenoval za \u00bbrev\u010dka Andrej\u010dka\u00ab, v\u010dasih res neroden in nebogljen, izku\u0161a, kako velika je Bo\u017eja previdnost. Vsaka beseda, ki jo je prejel doma, dobra misel, ki so mu jo na pot polo\u017eili predstojniki, \u0161e posebej pa vsaka oseba, ki jo je osebno spoznal, postane nepogre\u0161ljivi del sestavljanke svetosti.<\/p>\n<p>Zmogel je, ker je bil vztrajen, urejen, izobra\u017een, komunikativen, nadarjen za u\u010denje tujih jezikov, ljubezniv, o\u010detovski, \u0161e posebej pa, ker je mo\u010dno zaupal v Marijo Pomo\u010dnico. Milosti se dogajajo, \u010de imamo vero.<\/p>\n<p>Tokratne \u0161marnice nam stvarno pribli\u017eajo podobo misijonarja in Bo\u017ejega slu\u017eabnika Andreja Majcna ne le za ob\u010dudovanje, ampak predvsem za spodbudo v na\u0161i praksi vere in v priporo\u010danju po konkretnih namenih.<\/p>\n<\/div>\n<\/div>\n<\/div>\n","protected":false},"excerpt":{"rendered":"<p><b>Avtor: <\/b>Barbara Kastelec<br \/>\n<strong>Leto izdaje:<\/strong> 2024<br \/>\n<strong>\u0160tevilo strani:<\/strong> 132<\/p>\n<h5><a href=\"https:\/\/www.salve.si\/wp-content\/uploads\/2024\/03\/Pages-from-Smarnice2024-1.pdf\">PREDOGLED<\/a><\/h5>\n","protected":false},"featured_media":74727,"comment_status":"open","ping_status":"closed","template":"","meta":[],"product_brand":[],"product_cat":[2324,2350,63],"product_tag":[],"avtor":[],"zalozba":[2336],"vezava":[2307],"class_list":{"0":"post-74725","1":"product","2":"type-product","3":"status-publish","4":"has-post-thumbnail","6":"product_cat-duhovnost-in-osebna-rast","7":"product_cat-za-mlade","8":"product_cat-knjige","9":"zalozba-salve","10":"vezava-mehka","12":"first","13":"onbackorder","14":"taxable","15":"shipping-taxable","16":"purchasable","17":"product-type-simple"},"yoast_head":"<!-- This site is optimized with the Yoast SEO plugin v26.3 - https:\/\/yoast.com\/wordpress\/plugins\/seo\/ -->\n<title>Tvoj talent \u0161teje - trgovina Iskreni<\/title>\n<meta name=\"description\" content=\"Predlog za \u0161marnice o salezijanskem misijonarju Andreju Majcnu. 120 let je od njegovega rojstva (1904), 25 let od njegove smrti (1999), 100 let od njegovega prihoda na Rakovnik (1924). V teku je postopek za njegovo beatifikacijo.\" \/>\n<meta name=\"robots\" content=\"index, follow, max-snippet:-1, max-image-preview:large, max-video-preview:-1\" \/>\n<link rel=\"canonical\" href=\"https:\/\/www.iskreni.net\/trgovina\/product\/tvoj-talent-steje\/\" \/>\n<meta property=\"og:locale\" content=\"sl_SI\" \/>\n<meta property=\"og:type\" content=\"article\" \/>\n<meta property=\"og:title\" content=\"Tvoj talent \u0161teje\" \/>\n<meta property=\"og:description\" content=\"Predlog za \u0161marnice o salezijanskem misijonarju Andreju Majcnu.120 let je od njegovega rojstva (1904), 25 let od njegove smrti (1999), 100 let od njegovega prihoda na Rakovnik (1924). V teku je postopek za njegovo beatifikacijo.\" \/>\n<meta property=\"og:url\" content=\"https:\/\/www.iskreni.net\/trgovina\/product\/tvoj-talent-steje\/\" \/>\n<meta property=\"og:site_name\" content=\"Zavod Iskreni\" \/>\n<meta property=\"article:modified_time\" content=\"2025-12-19T07:17:03+00:00\" \/>\n<meta property=\"og:image\" content=\"https:\/\/www.iskreni.net\/trgovina\/wp-content\/uploads\/2024\/04\/Slike-za-v-spletno-trgovino-46.jpg\" \/>\n\t<meta property=\"og:image:width\" content=\"600\" \/>\n\t<meta property=\"og:image:height\" content=\"600\" \/>\n\t<meta property=\"og:image:type\" content=\"image\/jpeg\" \/>\n<meta name=\"twitter:card\" content=\"summary_large_image\" \/>\n<meta name=\"twitter:label1\" content=\"Est. reading time\" \/>\n\t<meta name=\"twitter:data1\" content=\"2 minuti\" \/>\n<script type=\"application\/ld+json\" class=\"yoast-schema-graph\">{\"@context\":\"https:\/\/schema.org\",\"@graph\":[{\"@type\":\"WebPage\",\"@id\":\"https:\/\/www.iskreni.net\/trgovina\/product\/tvoj-talent-steje\/\",\"url\":\"https:\/\/www.iskreni.net\/trgovina\/product\/tvoj-talent-steje\/\",\"name\":\"Tvoj talent \u0161teje - trgovina Iskreni\",\"isPartOf\":{\"@id\":\"https:\/\/www.iskreni.net\/trgovina\/#website\"},\"primaryImageOfPage\":{\"@id\":\"https:\/\/www.iskreni.net\/trgovina\/product\/tvoj-talent-steje\/#primaryimage\"},\"image\":{\"@id\":\"https:\/\/www.iskreni.net\/trgovina\/product\/tvoj-talent-steje\/#primaryimage\"},\"thumbnailUrl\":\"https:\/\/www.iskreni.net\/trgovina\/wp-content\/uploads\/2024\/04\/Slike-za-v-spletno-trgovino-46.jpg\",\"datePublished\":\"2024-04-24T08:45:23+00:00\",\"dateModified\":\"2025-12-19T07:17:03+00:00\",\"description\":\"Predlog za \u0161marnice o salezijanskem misijonarju Andreju Majcnu. 120 let je od njegovega rojstva (1904), 25 let od njegove smrti (1999), 100 let od njegovega prihoda na Rakovnik (1924). V teku je postopek za njegovo beatifikacijo.\",\"breadcrumb\":{\"@id\":\"https:\/\/www.iskreni.net\/trgovina\/product\/tvoj-talent-steje\/#breadcrumb\"},\"inLanguage\":\"sl-SI\",\"potentialAction\":[{\"@type\":\"ReadAction\",\"target\":[\"https:\/\/www.iskreni.net\/trgovina\/product\/tvoj-talent-steje\/\"]}]},{\"@type\":\"ImageObject\",\"inLanguage\":\"sl-SI\",\"@id\":\"https:\/\/www.iskreni.net\/trgovina\/product\/tvoj-talent-steje\/#primaryimage\",\"url\":\"https:\/\/www.iskreni.net\/trgovina\/wp-content\/uploads\/2024\/04\/Slike-za-v-spletno-trgovino-46.jpg\",\"contentUrl\":\"https:\/\/www.iskreni.net\/trgovina\/wp-content\/uploads\/2024\/04\/Slike-za-v-spletno-trgovino-46.jpg\",\"width\":600,\"height\":600},{\"@type\":\"BreadcrumbList\",\"@id\":\"https:\/\/www.iskreni.net\/trgovina\/product\/tvoj-talent-steje\/#breadcrumb\",\"itemListElement\":[{\"@type\":\"ListItem\",\"position\":1,\"name\":\"Home\",\"item\":\"https:\/\/www.iskreni.net\/trgovina\/\"},{\"@type\":\"ListItem\",\"position\":2,\"name\":\"Trgovina\",\"item\":\"https:\/\/www.iskreni.net\/trgovina\/trgovina\/\"},{\"@type\":\"ListItem\",\"position\":3,\"name\":\"Tvoj talent \u0161teje\"}]},{\"@type\":\"WebSite\",\"@id\":\"https:\/\/www.iskreni.net\/trgovina\/#website\",\"url\":\"https:\/\/www.iskreni.net\/trgovina\/\",\"name\":\"Zavod Iskreni\",\"description\":\"trgovina\",\"potentialAction\":[{\"@type\":\"SearchAction\",\"target\":{\"@type\":\"EntryPoint\",\"urlTemplate\":\"https:\/\/www.iskreni.net\/trgovina\/?s={search_term_string}\"},\"query-input\":{\"@type\":\"PropertyValueSpecification\",\"valueRequired\":true,\"valueName\":\"search_term_string\"}}],\"inLanguage\":\"sl-SI\"}]}<\/script>\n<!-- \/ Yoast SEO plugin. -->","yoast_head_json":{"title":"Tvoj talent \u0161teje - trgovina Iskreni","description":"Predlog za \u0161marnice o salezijanskem misijonarju Andreju Majcnu. 120 let je od njegovega rojstva (1904), 25 let od njegove smrti (1999), 100 let od njegovega prihoda na Rakovnik (1924). V teku je postopek za njegovo beatifikacijo.","robots":{"index":"index","follow":"follow","max-snippet":"max-snippet:-1","max-image-preview":"max-image-preview:large","max-video-preview":"max-video-preview:-1"},"canonical":"https:\/\/www.iskreni.net\/trgovina\/product\/tvoj-talent-steje\/","og_locale":"sl_SI","og_type":"article","og_title":"Tvoj talent \u0161teje","og_description":"Predlog za \u0161marnice o salezijanskem misijonarju Andreju Majcnu.120 let je od njegovega rojstva (1904), 25 let od njegove smrti (1999), 100 let od njegovega prihoda na Rakovnik (1924). V teku je postopek za njegovo beatifikacijo.","og_url":"https:\/\/www.iskreni.net\/trgovina\/product\/tvoj-talent-steje\/","og_site_name":"Zavod Iskreni","article_modified_time":"2025-12-19T07:17:03+00:00","og_image":[{"width":600,"height":600,"url":"https:\/\/www.iskreni.net\/trgovina\/wp-content\/uploads\/2024\/04\/Slike-za-v-spletno-trgovino-46.jpg","type":"image\/jpeg"}],"twitter_card":"summary_large_image","twitter_misc":{"Est. reading time":"2 minuti"},"schema":{"@context":"https:\/\/schema.org","@graph":[{"@type":"WebPage","@id":"https:\/\/www.iskreni.net\/trgovina\/product\/tvoj-talent-steje\/","url":"https:\/\/www.iskreni.net\/trgovina\/product\/tvoj-talent-steje\/","name":"Tvoj talent \u0161teje - trgovina Iskreni","isPartOf":{"@id":"https:\/\/www.iskreni.net\/trgovina\/#website"},"primaryImageOfPage":{"@id":"https:\/\/www.iskreni.net\/trgovina\/product\/tvoj-talent-steje\/#primaryimage"},"image":{"@id":"https:\/\/www.iskreni.net\/trgovina\/product\/tvoj-talent-steje\/#primaryimage"},"thumbnailUrl":"https:\/\/www.iskreni.net\/trgovina\/wp-content\/uploads\/2024\/04\/Slike-za-v-spletno-trgovino-46.jpg","datePublished":"2024-04-24T08:45:23+00:00","dateModified":"2025-12-19T07:17:03+00:00","description":"Predlog za \u0161marnice o salezijanskem misijonarju Andreju Majcnu. 120 let je od njegovega rojstva (1904), 25 let od njegove smrti (1999), 100 let od njegovega prihoda na Rakovnik (1924). V teku je postopek za njegovo beatifikacijo.","breadcrumb":{"@id":"https:\/\/www.iskreni.net\/trgovina\/product\/tvoj-talent-steje\/#breadcrumb"},"inLanguage":"sl-SI","potentialAction":[{"@type":"ReadAction","target":["https:\/\/www.iskreni.net\/trgovina\/product\/tvoj-talent-steje\/"]}]},{"@type":"ImageObject","inLanguage":"sl-SI","@id":"https:\/\/www.iskreni.net\/trgovina\/product\/tvoj-talent-steje\/#primaryimage","url":"https:\/\/www.iskreni.net\/trgovina\/wp-content\/uploads\/2024\/04\/Slike-za-v-spletno-trgovino-46.jpg","contentUrl":"https:\/\/www.iskreni.net\/trgovina\/wp-content\/uploads\/2024\/04\/Slike-za-v-spletno-trgovino-46.jpg","width":600,"height":600},{"@type":"BreadcrumbList","@id":"https:\/\/www.iskreni.net\/trgovina\/product\/tvoj-talent-steje\/#breadcrumb","itemListElement":[{"@type":"ListItem","position":1,"name":"Home","item":"https:\/\/www.iskreni.net\/trgovina\/"},{"@type":"ListItem","position":2,"name":"Trgovina","item":"https:\/\/www.iskreni.net\/trgovina\/trgovina\/"},{"@type":"ListItem","position":3,"name":"Tvoj talent \u0161teje"}]},{"@type":"WebSite","@id":"https:\/\/www.iskreni.net\/trgovina\/#website","url":"https:\/\/www.iskreni.net\/trgovina\/","name":"Zavod Iskreni","description":"trgovina","potentialAction":[{"@type":"SearchAction","target":{"@type":"EntryPoint","urlTemplate":"https:\/\/www.iskreni.net\/trgovina\/?s={search_term_string}"},"query-input":{"@type":"PropertyValueSpecification","valueRequired":true,"valueName":"search_term_string"}}],"inLanguage":"sl-SI"}]}},"_links":{"self":[{"href":"https:\/\/www.iskreni.net\/trgovina\/wp-json\/wp\/v2\/product\/74725","targetHints":{"allow":["GET"]}}],"collection":[{"href":"https:\/\/www.iskreni.net\/trgovina\/wp-json\/wp\/v2\/product"}],"about":[{"href":"https:\/\/www.iskreni.net\/trgovina\/wp-json\/wp\/v2\/types\/product"}],"replies":[{"embeddable":true,"href":"https:\/\/www.iskreni.net\/trgovina\/wp-json\/wp\/v2\/comments?post=74725"}],"version-history":[{"count":2,"href":"https:\/\/www.iskreni.net\/trgovina\/wp-json\/wp\/v2\/product\/74725\/revisions"}],"predecessor-version":[{"id":74728,"href":"https:\/\/www.iskreni.net\/trgovina\/wp-json\/wp\/v2\/product\/74725\/revisions\/74728"}],"wp:featuredmedia":[{"embeddable":true,"href":"https:\/\/www.iskreni.net\/trgovina\/wp-json\/wp\/v2\/media\/74727"}],"wp:attachment":[{"href":"https:\/\/www.iskreni.net\/trgovina\/wp-json\/wp\/v2\/media?parent=74725"}],"wp:term":[{"taxonomy":"product_brand","embeddable":true,"href":"https:\/\/www.iskreni.net\/trgovina\/wp-json\/wp\/v2\/product_brand?post=74725"},{"taxonomy":"product_cat","embeddable":true,"href":"https:\/\/www.iskreni.net\/trgovina\/wp-json\/wp\/v2\/product_cat?post=74725"},{"taxonomy":"product_tag","embeddable":true,"href":"https:\/\/www.iskreni.net\/trgovina\/wp-json\/wp\/v2\/product_tag?post=74725"},{"taxonomy":"avtor","embeddable":true,"href":"https:\/\/www.iskreni.net\/trgovina\/wp-json\/wp\/v2\/avtor?post=74725"},{"taxonomy":"zalozba","embeddable":true,"href":"https:\/\/www.iskreni.net\/trgovina\/wp-json\/wp\/v2\/zalozba?post=74725"},{"taxonomy":"vezava","embeddable":true,"href":"https:\/\/www.iskreni.net\/trgovina\/wp-json\/wp\/v2\/vezava?post=74725"}],"curies":[{"name":"wp","href":"https:\/\/api.w.org\/{rel}","templated":true}]}}