{"id":74692,"date":"2024-04-24T09:39:07","date_gmt":"2024-04-24T07:39:07","guid":{"rendered":"https:\/\/www.iskreni.net\/trgovina\/?post_type=product&#038;p=74692"},"modified":"2024-04-26T11:14:21","modified_gmt":"2024-04-26T09:14:21","slug":"medvedka-s-knjigo-2","status":"publish","type":"product","link":"https:\/\/www.iskreni.net\/trgovina\/product\/medvedka-s-knjigo-2\/","title":{"rendered":"Medvedka s knjigo"},"content":{"rendered":"<h3 class=\"title\">O knjigi Medvedka s knjigo:<\/h3>\n<p>Tak si kot jaz: dru\u017ei naju knjiga<\/p>\n<p>Nemirna in zvedava medvedka si za\u017eeli novih pustolov\u0161\u010din. Na tokratnem potepanju bi rada odkrila, kak\u0161ni so medvedi, ki \u017eivijo dale\u010d na severu. So res tako druga\u010dni od nje? A \u0161e preden spozna prijatelja z belimi \u0161apami, medvedka naleti na \u017eivali, ki potrebujejo njeno pomo\u010d. In tudi tokrat ji dragocena knjiga Za bistre medvede, ki jo nosi okoli vratu, pride \u0161e kako prav \u2026<\/p>\n<p>Neke no\u010di zvedava medvedka ne more zatisniti o\u010di: \u010deprav ima svoj dom sr\u010dno rada, jo zopet vle\u010de na pot, novim pustolov\u0161\u010dinam naproti. V svoji knjigi Za bistre medvede uzre podobo belega medveda, ki v njej zaneti iskrico radovednosti. Odlo\u010di se, da jo mahne na sever in odkrije, kak\u0161en je ta dale\u010d \u017eive\u010di prijatelj. Pot ne mine brez novih poznanstev: na severu, kamor jo pripelje ladja, medvedka sre\u010da gostoljubnega grbavega kita z zama\u0161enim nosom, zaskrbljenega losa, ki je izgubil rogovje, in obupanega bivola s po\u0161kodovanim kopitom. Knjiga, po kateri polista v iskanju dobrega nasveta, ji tudi tokrat pride prav in \u017eivali so ji hvale\u017ene za nesebi\u010dno pomo\u010d. V de\u017eeli ve\u010dnega ledu, kjer brije mrzel veter in naletava sneg, si medvedka pripravi bivali\u0161\u010de, v sne\u017enem zametu pa ugleda prijatelja, ki ga je \u017eelela spoznati. Beli medved takoj vzljubi rjavo medvedko, ona pa mu v znamenje naklonjenosti podari knjigo. To je za\u010detek prijateljstva, ki se\u017ee onkraj polarnega kroga; nekega dne namre\u010d medvedko \u010daka presene\u010denje, za katero se lahko zahvali \u2026 prav knjigi, ki jo je dala v dar pravemu kosmatemu bralcu.<\/p>\n<h3><strong>O avtorju:<\/strong><\/h3>\n<p>Frances Tosdevin je arheologinja, antropologinja in pisateljica otro\u0161kih slikanic. Vedno je bila velika ljubiteljica otro\u0161kega leposlovja, leta 2021 pa je tudi sama izdala prvo slikanico z naslovom Medvedka s knjigo, ki sta ji leto kasneje sledili \u0161e dve. Delala je na podro\u010dju novinarstva in pou\u010devala angle\u0161\u010dino kot drugi tuji jezik. Poleg otro\u0161ke literature jo zanimajo tudi gledali\u0161\u010de in rastline.<\/p>\n<p><a href=\"https:\/\/www.mohorjeva.org\/wp-content\/uploads\/2024\/04\/Tosdevin-Frances-2024-Medvedka-s-knjigo_Na-poti-novih-spoznanj_Prelistaj-knjigo.pdf\">PRELISTAJ<\/a><\/p>\n<p>&nbsp;<\/p>\n","protected":false},"excerpt":{"rendered":"<div id=\"tab-opis_tab\" class=\"tab-pane active\">\n<p><strong>Avtorji prevoda: <\/strong>Milan Dekleva<br \/>\n<strong>Leto izdaje:<\/strong> 2024<br \/>\n<strong>\u0160tevilo strani:<\/strong> 32<br \/>\n<strong>Format:<\/strong> 280 mm x 240 mm<\/p>\n<\/div>\n<p><a href=\"https:\/\/www.mohorjeva.org\/wp-content\/uploads\/2024\/04\/Tosdevin-Frances-2024-Medvedka-s-knjigo_Na-poti-novih-spoznanj_Prelistaj-knjigo.pdf\">Prelistaj knjigo<\/a><\/p>\n","protected":false},"featured_media":74693,"comment_status":"open","ping_status":"closed","template":"","meta":[],"product_brand":[],"product_cat":[63,135],"product_tag":[],"avtor":[2502],"zalozba":[2337],"vezava":[2306],"class_list":{"0":"post-74692","1":"product","2":"type-product","3":"status-publish","4":"has-post-thumbnail","6":"product_cat-knjige","7":"product_cat-za-otroke","8":"avtor-frances-tosdevin","9":"zalozba-celjska-mohorjeva-druzba","10":"vezava-trda","12":"first","13":"instock","14":"taxable","15":"shipping-taxable","16":"purchasable","17":"product-type-simple"},"yoast_head":"<!-- This site is optimized with the Yoast SEO plugin v26.3 - https:\/\/yoast.com\/wordpress\/plugins\/seo\/ -->\n<title>Medvedka s knjigo- trgovina Iskreni<\/title>\n<meta name=\"description\" content=\"Nemirna in zvedava medvedka si za\u017eeli novih pustolov\u0161\u010din. Na tokratnem potepanju bi rada odkrila, kak\u0161ni so medvedi, ki \u017eivijo dale\u010d na severu.\" \/>\n<meta name=\"robots\" content=\"index, follow, max-snippet:-1, max-image-preview:large, max-video-preview:-1\" \/>\n<link rel=\"canonical\" href=\"https:\/\/www.iskreni.net\/trgovina\/product\/medvedka-s-knjigo-2\/\" \/>\n<meta property=\"og:locale\" content=\"sl_SI\" \/>\n<meta property=\"og:type\" content=\"article\" \/>\n<meta property=\"og:title\" content=\"Medvedka s knjigo\" \/>\n<meta property=\"og:description\" content=\"Nemirna in zvedava medvedka si za\u017eeli novih pustolov\u0161\u010din. Na tokratnem potepanju bi rada odkrila, kak\u0161ni so medvedi, ki \u017eivijo dale\u010d na severu.\" \/>\n<meta property=\"og:url\" content=\"https:\/\/www.iskreni.net\/trgovina\/product\/medvedka-s-knjigo-2\/\" \/>\n<meta property=\"og:site_name\" content=\"Zavod Iskreni\" \/>\n<meta property=\"article:modified_time\" content=\"2024-04-26T09:14:21+00:00\" \/>\n<meta property=\"og:image\" content=\"https:\/\/www.iskreni.net\/trgovina\/wp-content\/uploads\/2024\/04\/Slike-za-v-spletno-trgovino-35.jpg\" \/>\n\t<meta property=\"og:image:width\" content=\"600\" \/>\n\t<meta property=\"og:image:height\" content=\"600\" \/>\n\t<meta property=\"og:image:type\" content=\"image\/jpeg\" \/>\n<meta name=\"twitter:card\" content=\"summary_large_image\" \/>\n<meta name=\"twitter:label1\" content=\"Est. reading time\" \/>\n\t<meta name=\"twitter:data1\" content=\"2 minuti\" \/>\n<script type=\"application\/ld+json\" class=\"yoast-schema-graph\">{\"@context\":\"https:\/\/schema.org\",\"@graph\":[{\"@type\":\"WebPage\",\"@id\":\"https:\/\/www.iskreni.net\/trgovina\/product\/medvedka-s-knjigo-2\/\",\"url\":\"https:\/\/www.iskreni.net\/trgovina\/product\/medvedka-s-knjigo-2\/\",\"name\":\"Medvedka s knjigo- trgovina Iskreni\",\"isPartOf\":{\"@id\":\"https:\/\/www.iskreni.net\/trgovina\/#website\"},\"primaryImageOfPage\":{\"@id\":\"https:\/\/www.iskreni.net\/trgovina\/product\/medvedka-s-knjigo-2\/#primaryimage\"},\"image\":{\"@id\":\"https:\/\/www.iskreni.net\/trgovina\/product\/medvedka-s-knjigo-2\/#primaryimage\"},\"thumbnailUrl\":\"https:\/\/www.iskreni.net\/trgovina\/wp-content\/uploads\/2024\/04\/Slike-za-v-spletno-trgovino-35.jpg\",\"datePublished\":\"2024-04-24T07:39:07+00:00\",\"dateModified\":\"2024-04-26T09:14:21+00:00\",\"description\":\"Nemirna in zvedava medvedka si za\u017eeli novih pustolov\u0161\u010din. Na tokratnem potepanju bi rada odkrila, kak\u0161ni so medvedi, ki \u017eivijo dale\u010d na severu.\",\"breadcrumb\":{\"@id\":\"https:\/\/www.iskreni.net\/trgovina\/product\/medvedka-s-knjigo-2\/#breadcrumb\"},\"inLanguage\":\"sl-SI\",\"potentialAction\":[{\"@type\":\"ReadAction\",\"target\":[\"https:\/\/www.iskreni.net\/trgovina\/product\/medvedka-s-knjigo-2\/\"]}]},{\"@type\":\"ImageObject\",\"inLanguage\":\"sl-SI\",\"@id\":\"https:\/\/www.iskreni.net\/trgovina\/product\/medvedka-s-knjigo-2\/#primaryimage\",\"url\":\"https:\/\/www.iskreni.net\/trgovina\/wp-content\/uploads\/2024\/04\/Slike-za-v-spletno-trgovino-35.jpg\",\"contentUrl\":\"https:\/\/www.iskreni.net\/trgovina\/wp-content\/uploads\/2024\/04\/Slike-za-v-spletno-trgovino-35.jpg\",\"width\":600,\"height\":600},{\"@type\":\"BreadcrumbList\",\"@id\":\"https:\/\/www.iskreni.net\/trgovina\/product\/medvedka-s-knjigo-2\/#breadcrumb\",\"itemListElement\":[{\"@type\":\"ListItem\",\"position\":1,\"name\":\"Home\",\"item\":\"https:\/\/www.iskreni.net\/trgovina\/\"},{\"@type\":\"ListItem\",\"position\":2,\"name\":\"Trgovina\",\"item\":\"https:\/\/www.iskreni.net\/trgovina\/trgovina\/\"},{\"@type\":\"ListItem\",\"position\":3,\"name\":\"Medvedka s knjigo\"}]},{\"@type\":\"WebSite\",\"@id\":\"https:\/\/www.iskreni.net\/trgovina\/#website\",\"url\":\"https:\/\/www.iskreni.net\/trgovina\/\",\"name\":\"Zavod Iskreni\",\"description\":\"trgovina\",\"potentialAction\":[{\"@type\":\"SearchAction\",\"target\":{\"@type\":\"EntryPoint\",\"urlTemplate\":\"https:\/\/www.iskreni.net\/trgovina\/?s={search_term_string}\"},\"query-input\":{\"@type\":\"PropertyValueSpecification\",\"valueRequired\":true,\"valueName\":\"search_term_string\"}}],\"inLanguage\":\"sl-SI\"}]}<\/script>\n<!-- \/ Yoast SEO plugin. -->","yoast_head_json":{"title":"Medvedka s knjigo- trgovina Iskreni","description":"Nemirna in zvedava medvedka si za\u017eeli novih pustolov\u0161\u010din. Na tokratnem potepanju bi rada odkrila, kak\u0161ni so medvedi, ki \u017eivijo dale\u010d na severu.","robots":{"index":"index","follow":"follow","max-snippet":"max-snippet:-1","max-image-preview":"max-image-preview:large","max-video-preview":"max-video-preview:-1"},"canonical":"https:\/\/www.iskreni.net\/trgovina\/product\/medvedka-s-knjigo-2\/","og_locale":"sl_SI","og_type":"article","og_title":"Medvedka s knjigo","og_description":"Nemirna in zvedava medvedka si za\u017eeli novih pustolov\u0161\u010din. Na tokratnem potepanju bi rada odkrila, kak\u0161ni so medvedi, ki \u017eivijo dale\u010d na severu.","og_url":"https:\/\/www.iskreni.net\/trgovina\/product\/medvedka-s-knjigo-2\/","og_site_name":"Zavod Iskreni","article_modified_time":"2024-04-26T09:14:21+00:00","og_image":[{"width":600,"height":600,"url":"https:\/\/www.iskreni.net\/trgovina\/wp-content\/uploads\/2024\/04\/Slike-za-v-spletno-trgovino-35.jpg","type":"image\/jpeg"}],"twitter_card":"summary_large_image","twitter_misc":{"Est. reading time":"2 minuti"},"schema":{"@context":"https:\/\/schema.org","@graph":[{"@type":"WebPage","@id":"https:\/\/www.iskreni.net\/trgovina\/product\/medvedka-s-knjigo-2\/","url":"https:\/\/www.iskreni.net\/trgovina\/product\/medvedka-s-knjigo-2\/","name":"Medvedka s knjigo- trgovina Iskreni","isPartOf":{"@id":"https:\/\/www.iskreni.net\/trgovina\/#website"},"primaryImageOfPage":{"@id":"https:\/\/www.iskreni.net\/trgovina\/product\/medvedka-s-knjigo-2\/#primaryimage"},"image":{"@id":"https:\/\/www.iskreni.net\/trgovina\/product\/medvedka-s-knjigo-2\/#primaryimage"},"thumbnailUrl":"https:\/\/www.iskreni.net\/trgovina\/wp-content\/uploads\/2024\/04\/Slike-za-v-spletno-trgovino-35.jpg","datePublished":"2024-04-24T07:39:07+00:00","dateModified":"2024-04-26T09:14:21+00:00","description":"Nemirna in zvedava medvedka si za\u017eeli novih pustolov\u0161\u010din. Na tokratnem potepanju bi rada odkrila, kak\u0161ni so medvedi, ki \u017eivijo dale\u010d na severu.","breadcrumb":{"@id":"https:\/\/www.iskreni.net\/trgovina\/product\/medvedka-s-knjigo-2\/#breadcrumb"},"inLanguage":"sl-SI","potentialAction":[{"@type":"ReadAction","target":["https:\/\/www.iskreni.net\/trgovina\/product\/medvedka-s-knjigo-2\/"]}]},{"@type":"ImageObject","inLanguage":"sl-SI","@id":"https:\/\/www.iskreni.net\/trgovina\/product\/medvedka-s-knjigo-2\/#primaryimage","url":"https:\/\/www.iskreni.net\/trgovina\/wp-content\/uploads\/2024\/04\/Slike-za-v-spletno-trgovino-35.jpg","contentUrl":"https:\/\/www.iskreni.net\/trgovina\/wp-content\/uploads\/2024\/04\/Slike-za-v-spletno-trgovino-35.jpg","width":600,"height":600},{"@type":"BreadcrumbList","@id":"https:\/\/www.iskreni.net\/trgovina\/product\/medvedka-s-knjigo-2\/#breadcrumb","itemListElement":[{"@type":"ListItem","position":1,"name":"Home","item":"https:\/\/www.iskreni.net\/trgovina\/"},{"@type":"ListItem","position":2,"name":"Trgovina","item":"https:\/\/www.iskreni.net\/trgovina\/trgovina\/"},{"@type":"ListItem","position":3,"name":"Medvedka s knjigo"}]},{"@type":"WebSite","@id":"https:\/\/www.iskreni.net\/trgovina\/#website","url":"https:\/\/www.iskreni.net\/trgovina\/","name":"Zavod Iskreni","description":"trgovina","potentialAction":[{"@type":"SearchAction","target":{"@type":"EntryPoint","urlTemplate":"https:\/\/www.iskreni.net\/trgovina\/?s={search_term_string}"},"query-input":{"@type":"PropertyValueSpecification","valueRequired":true,"valueName":"search_term_string"}}],"inLanguage":"sl-SI"}]}},"_links":{"self":[{"href":"https:\/\/www.iskreni.net\/trgovina\/wp-json\/wp\/v2\/product\/74692","targetHints":{"allow":["GET"]}}],"collection":[{"href":"https:\/\/www.iskreni.net\/trgovina\/wp-json\/wp\/v2\/product"}],"about":[{"href":"https:\/\/www.iskreni.net\/trgovina\/wp-json\/wp\/v2\/types\/product"}],"replies":[{"embeddable":true,"href":"https:\/\/www.iskreni.net\/trgovina\/wp-json\/wp\/v2\/comments?post=74692"}],"version-history":[{"count":2,"href":"https:\/\/www.iskreni.net\/trgovina\/wp-json\/wp\/v2\/product\/74692\/revisions"}],"predecessor-version":[{"id":74699,"href":"https:\/\/www.iskreni.net\/trgovina\/wp-json\/wp\/v2\/product\/74692\/revisions\/74699"}],"wp:featuredmedia":[{"embeddable":true,"href":"https:\/\/www.iskreni.net\/trgovina\/wp-json\/wp\/v2\/media\/74693"}],"wp:attachment":[{"href":"https:\/\/www.iskreni.net\/trgovina\/wp-json\/wp\/v2\/media?parent=74692"}],"wp:term":[{"taxonomy":"product_brand","embeddable":true,"href":"https:\/\/www.iskreni.net\/trgovina\/wp-json\/wp\/v2\/product_brand?post=74692"},{"taxonomy":"product_cat","embeddable":true,"href":"https:\/\/www.iskreni.net\/trgovina\/wp-json\/wp\/v2\/product_cat?post=74692"},{"taxonomy":"product_tag","embeddable":true,"href":"https:\/\/www.iskreni.net\/trgovina\/wp-json\/wp\/v2\/product_tag?post=74692"},{"taxonomy":"avtor","embeddable":true,"href":"https:\/\/www.iskreni.net\/trgovina\/wp-json\/wp\/v2\/avtor?post=74692"},{"taxonomy":"zalozba","embeddable":true,"href":"https:\/\/www.iskreni.net\/trgovina\/wp-json\/wp\/v2\/zalozba?post=74692"},{"taxonomy":"vezava","embeddable":true,"href":"https:\/\/www.iskreni.net\/trgovina\/wp-json\/wp\/v2\/vezava?post=74692"}],"curies":[{"name":"wp","href":"https:\/\/api.w.org\/{rel}","templated":true}]}}