{"id":74686,"date":"2024-04-24T09:38:14","date_gmt":"2024-04-24T07:38:14","guid":{"rendered":"https:\/\/www.iskreni.net\/trgovina\/?post_type=product&#038;p=74686"},"modified":"2024-04-26T11:23:44","modified_gmt":"2024-04-26T09:23:44","slug":"skrita-moc-prijaznosti","status":"publish","type":"product","link":"https:\/\/www.iskreni.net\/trgovina\/product\/skrita-moc-prijaznosti\/","title":{"rendered":"Skrita mo\u010d prijaznosti"},"content":{"rendered":"<h4>O knjigi Skrita mo\u010d prijaznosti:<\/h4>\n<p>Duhovni vodnik Lawrenca G. Lovasika nas popelje od razvijanja prijazne naravnanosti prek uporabe prijaznih besed k udejanjanju svoje ljubezni do bli\u017enjih s prijaznimi dejanji. Obvezno \u010dtivo za vse, ki si \u017eelimo rasti v svojem odnosu do Boga in do tistih, ki jih imamo radi.<\/p>\n<p>\u00bbKnjiga bralca vabi, da se z odlo\u010dnim duhovnim bojem in vztrajnostjo na poti duhovne rasti v novega \u010dloveka po vzoru Jezusa Kristusa uvrsti med tiste, ki si prizadevajo, da z majhnimi dejanji prijaznosti in ljubezni spreminjajo svet, da postane povsem druga\u010den, lep\u0161i in sre\u010dnej\u0161i, tak, kakr\u0161nega si je zamislil Bog ob stvarjenju in kakr\u0161en bo ob koncu \u010dasov.\u00ab \u2013 s. dr. Jasna Marija Kogoj OSU<\/p>\n<p><strong>Odlomek iz knjige:<\/strong><\/p>\n<p>&#8220;Nobeno prijazno dejanje se nikoli ne ustavi samo pri sebi. Eno prijazno dejanje vodi k drugemu. Ljudje vedno sledimo dobremu zgledu. Eno samo prijazno dejanje po\u017eene korenine v vse smeri in te korenine vzklijejo ter ustvarijo nova drevesa. Najve\u010dje delo, ki ga prijaznost opravi za druge, je to, da tudi oni postanejo prijazni. Najprijaznej\u0161i ljudje so obi\u010dajno tisti, ki so bili sami dele\u017eni najve\u010d prijaznosti. Tako kot s prijaznostjo postanete prijaznej\u0161i sami, se tudi ljudje, do katerih ste prijazni, \u010de so bili prijazni \u017ee prej, nau\u010dijo biti \u0161e prijaznej\u0161i, \u010de pa dotlej niso bili prijazni, se nau\u010dijo, kako to postati. Tako torej ni bolj\u0161e stvari, ki jo lahko naredite za druge, kot da ste do njih prijazni. Va\u0161a prijaznost je po Bo\u017eji milosti najve\u010dje darilo, ki ga lahko prejmejo.&#8221;<\/p>\n<h4>O avtorju:<\/h4>\n<p><strong>Lawrence G. Lovasik<\/strong> se je rodil slova\u0161kim star\u0161em v Pensilvaniji, ZDA. Pri dvanajstih letih je bil sprejet v misijonsko semeni\u0161\u010de Presvetega srca v Girardu v Pensilvaniji, leta 1938 pa je prejel ma\u0161ni\u0161ko posve\u010denje v misijonskem semeni\u0161\u010du Presvete Marije v Technyju v Illinoisu. \u0160tudij je zaklju\u010dil na Pape\u0161ki univerzi Gregoriana v Rimu, tri leta je bil u\u010ditelj in prefekt bogoslovcev, nato pa je nadaljeval misijonsko delo na ameri\u0161kih premogovni\u0161kih in jeklarskih obmo\u010djih. Leta 1955 je ustanovil kongregacijo doma\u010dih in tujih misijonarjev Sisters of the Divine Spirit, katerih slu\u017eenje je vklju\u010devalo pou\u010devanje v \u0161olah in katehezo, obiskovanje domov in pomo\u010d pri socialnem delu. V svojem zna\u010dilnem preprostem, iskrenem slogu je napisal \u0161tevilne knjige in ve\u010d kot 50 bro\u0161ur z vsebinskim poudarkom na molitvi in sveti evharistiji.<\/p>\n","protected":false},"excerpt":{"rendered":"<p><strong>Leto izdaje:<\/strong> 2024<br \/>\n<strong>\u0160tevilo strani:<\/strong> 224<br \/>\n<strong>Mere:<\/strong> 140 x 210 mm<\/p>\n<p>&nbsp;<\/p>\n","protected":false},"featured_media":74688,"comment_status":"open","ping_status":"closed","template":"","meta":[],"product_brand":[],"product_cat":[2324,63],"product_tag":[],"avtor":[2758],"zalozba":[2311],"vezava":[2307],"class_list":{"0":"post-74686","1":"product","2":"type-product","3":"status-publish","4":"has-post-thumbnail","6":"product_cat-duhovnost-in-osebna-rast","7":"product_cat-knjige","8":"avtor-lawrence-g-lovasik","9":"zalozba-druzina","10":"vezava-mehka","12":"first","13":"instock","14":"taxable","15":"shipping-taxable","16":"purchasable","17":"product-type-simple"},"yoast_head":"<!-- This site is optimized with the Yoast SEO plugin v26.3 - https:\/\/yoast.com\/wordpress\/plugins\/seo\/ -->\n<title>Skrita mo\u010d prijaznosti-iskreni<\/title>\n<meta name=\"description\" content=\"Mo\u010dno in zdravilno duhovno branje, ki nas ne\u017eno opominja, da je najve\u010dje darilo, ki ga lahko damo drugemu, to, da smo prijazni.\" \/>\n<meta name=\"robots\" content=\"index, follow, max-snippet:-1, max-image-preview:large, max-video-preview:-1\" \/>\n<link rel=\"canonical\" href=\"https:\/\/www.iskreni.net\/trgovina\/product\/skrita-moc-prijaznosti\/\" \/>\n<meta property=\"og:locale\" content=\"sl_SI\" \/>\n<meta property=\"og:type\" content=\"article\" \/>\n<meta property=\"og:title\" content=\"Skrita mo\u010d prijaznosti\" \/>\n<meta property=\"og:description\" content=\"Mo\u010dno in zdravilno duhovno branje, ki nas ne\u017eno opominja, da je najve\u010dje darilo, ki ga lahko damo drugemu, to, da smo prijazni.\" \/>\n<meta property=\"og:url\" content=\"https:\/\/www.iskreni.net\/trgovina\/product\/skrita-moc-prijaznosti\/\" \/>\n<meta property=\"og:site_name\" content=\"Zavod Iskreni\" \/>\n<meta property=\"article:modified_time\" content=\"2024-04-26T09:23:44+00:00\" \/>\n<meta property=\"og:image\" content=\"https:\/\/www.iskreni.net\/trgovina\/wp-content\/uploads\/2024\/04\/Slike-za-v-spletno-trgovino-34.jpg\" \/>\n\t<meta property=\"og:image:width\" content=\"600\" \/>\n\t<meta property=\"og:image:height\" content=\"600\" \/>\n\t<meta property=\"og:image:type\" content=\"image\/jpeg\" \/>\n<meta name=\"twitter:card\" content=\"summary_large_image\" \/>\n<meta name=\"twitter:label1\" content=\"Est. reading time\" \/>\n\t<meta name=\"twitter:data1\" content=\"3 minute\" \/>\n<script type=\"application\/ld+json\" class=\"yoast-schema-graph\">{\"@context\":\"https:\/\/schema.org\",\"@graph\":[{\"@type\":\"WebPage\",\"@id\":\"https:\/\/www.iskreni.net\/trgovina\/product\/skrita-moc-prijaznosti\/\",\"url\":\"https:\/\/www.iskreni.net\/trgovina\/product\/skrita-moc-prijaznosti\/\",\"name\":\"Skrita mo\u010d prijaznosti-iskreni\",\"isPartOf\":{\"@id\":\"https:\/\/www.iskreni.net\/trgovina\/#website\"},\"primaryImageOfPage\":{\"@id\":\"https:\/\/www.iskreni.net\/trgovina\/product\/skrita-moc-prijaznosti\/#primaryimage\"},\"image\":{\"@id\":\"https:\/\/www.iskreni.net\/trgovina\/product\/skrita-moc-prijaznosti\/#primaryimage\"},\"thumbnailUrl\":\"https:\/\/www.iskreni.net\/trgovina\/wp-content\/uploads\/2024\/04\/Slike-za-v-spletno-trgovino-34.jpg\",\"datePublished\":\"2024-04-24T07:38:14+00:00\",\"dateModified\":\"2024-04-26T09:23:44+00:00\",\"description\":\"Mo\u010dno in zdravilno duhovno branje, ki nas ne\u017eno opominja, da je najve\u010dje darilo, ki ga lahko damo drugemu, to, da smo prijazni.\",\"breadcrumb\":{\"@id\":\"https:\/\/www.iskreni.net\/trgovina\/product\/skrita-moc-prijaznosti\/#breadcrumb\"},\"inLanguage\":\"sl-SI\",\"potentialAction\":[{\"@type\":\"ReadAction\",\"target\":[\"https:\/\/www.iskreni.net\/trgovina\/product\/skrita-moc-prijaznosti\/\"]}]},{\"@type\":\"ImageObject\",\"inLanguage\":\"sl-SI\",\"@id\":\"https:\/\/www.iskreni.net\/trgovina\/product\/skrita-moc-prijaznosti\/#primaryimage\",\"url\":\"https:\/\/www.iskreni.net\/trgovina\/wp-content\/uploads\/2024\/04\/Slike-za-v-spletno-trgovino-34.jpg\",\"contentUrl\":\"https:\/\/www.iskreni.net\/trgovina\/wp-content\/uploads\/2024\/04\/Slike-za-v-spletno-trgovino-34.jpg\",\"width\":600,\"height\":600},{\"@type\":\"BreadcrumbList\",\"@id\":\"https:\/\/www.iskreni.net\/trgovina\/product\/skrita-moc-prijaznosti\/#breadcrumb\",\"itemListElement\":[{\"@type\":\"ListItem\",\"position\":1,\"name\":\"Home\",\"item\":\"https:\/\/www.iskreni.net\/trgovina\/\"},{\"@type\":\"ListItem\",\"position\":2,\"name\":\"Trgovina\",\"item\":\"https:\/\/www.iskreni.net\/trgovina\/trgovina\/\"},{\"@type\":\"ListItem\",\"position\":3,\"name\":\"Skrita mo\u010d prijaznosti\"}]},{\"@type\":\"WebSite\",\"@id\":\"https:\/\/www.iskreni.net\/trgovina\/#website\",\"url\":\"https:\/\/www.iskreni.net\/trgovina\/\",\"name\":\"Zavod Iskreni\",\"description\":\"trgovina\",\"potentialAction\":[{\"@type\":\"SearchAction\",\"target\":{\"@type\":\"EntryPoint\",\"urlTemplate\":\"https:\/\/www.iskreni.net\/trgovina\/?s={search_term_string}\"},\"query-input\":{\"@type\":\"PropertyValueSpecification\",\"valueRequired\":true,\"valueName\":\"search_term_string\"}}],\"inLanguage\":\"sl-SI\"}]}<\/script>\n<!-- \/ Yoast SEO plugin. -->","yoast_head_json":{"title":"Skrita mo\u010d prijaznosti-iskreni","description":"Mo\u010dno in zdravilno duhovno branje, ki nas ne\u017eno opominja, da je najve\u010dje darilo, ki ga lahko damo drugemu, to, da smo prijazni.","robots":{"index":"index","follow":"follow","max-snippet":"max-snippet:-1","max-image-preview":"max-image-preview:large","max-video-preview":"max-video-preview:-1"},"canonical":"https:\/\/www.iskreni.net\/trgovina\/product\/skrita-moc-prijaznosti\/","og_locale":"sl_SI","og_type":"article","og_title":"Skrita mo\u010d prijaznosti","og_description":"Mo\u010dno in zdravilno duhovno branje, ki nas ne\u017eno opominja, da je najve\u010dje darilo, ki ga lahko damo drugemu, to, da smo prijazni.","og_url":"https:\/\/www.iskreni.net\/trgovina\/product\/skrita-moc-prijaznosti\/","og_site_name":"Zavod Iskreni","article_modified_time":"2024-04-26T09:23:44+00:00","og_image":[{"width":600,"height":600,"url":"https:\/\/www.iskreni.net\/trgovina\/wp-content\/uploads\/2024\/04\/Slike-za-v-spletno-trgovino-34.jpg","type":"image\/jpeg"}],"twitter_card":"summary_large_image","twitter_misc":{"Est. reading time":"3 minute"},"schema":{"@context":"https:\/\/schema.org","@graph":[{"@type":"WebPage","@id":"https:\/\/www.iskreni.net\/trgovina\/product\/skrita-moc-prijaznosti\/","url":"https:\/\/www.iskreni.net\/trgovina\/product\/skrita-moc-prijaznosti\/","name":"Skrita mo\u010d prijaznosti-iskreni","isPartOf":{"@id":"https:\/\/www.iskreni.net\/trgovina\/#website"},"primaryImageOfPage":{"@id":"https:\/\/www.iskreni.net\/trgovina\/product\/skrita-moc-prijaznosti\/#primaryimage"},"image":{"@id":"https:\/\/www.iskreni.net\/trgovina\/product\/skrita-moc-prijaznosti\/#primaryimage"},"thumbnailUrl":"https:\/\/www.iskreni.net\/trgovina\/wp-content\/uploads\/2024\/04\/Slike-za-v-spletno-trgovino-34.jpg","datePublished":"2024-04-24T07:38:14+00:00","dateModified":"2024-04-26T09:23:44+00:00","description":"Mo\u010dno in zdravilno duhovno branje, ki nas ne\u017eno opominja, da je najve\u010dje darilo, ki ga lahko damo drugemu, to, da smo prijazni.","breadcrumb":{"@id":"https:\/\/www.iskreni.net\/trgovina\/product\/skrita-moc-prijaznosti\/#breadcrumb"},"inLanguage":"sl-SI","potentialAction":[{"@type":"ReadAction","target":["https:\/\/www.iskreni.net\/trgovina\/product\/skrita-moc-prijaznosti\/"]}]},{"@type":"ImageObject","inLanguage":"sl-SI","@id":"https:\/\/www.iskreni.net\/trgovina\/product\/skrita-moc-prijaznosti\/#primaryimage","url":"https:\/\/www.iskreni.net\/trgovina\/wp-content\/uploads\/2024\/04\/Slike-za-v-spletno-trgovino-34.jpg","contentUrl":"https:\/\/www.iskreni.net\/trgovina\/wp-content\/uploads\/2024\/04\/Slike-za-v-spletno-trgovino-34.jpg","width":600,"height":600},{"@type":"BreadcrumbList","@id":"https:\/\/www.iskreni.net\/trgovina\/product\/skrita-moc-prijaznosti\/#breadcrumb","itemListElement":[{"@type":"ListItem","position":1,"name":"Home","item":"https:\/\/www.iskreni.net\/trgovina\/"},{"@type":"ListItem","position":2,"name":"Trgovina","item":"https:\/\/www.iskreni.net\/trgovina\/trgovina\/"},{"@type":"ListItem","position":3,"name":"Skrita mo\u010d prijaznosti"}]},{"@type":"WebSite","@id":"https:\/\/www.iskreni.net\/trgovina\/#website","url":"https:\/\/www.iskreni.net\/trgovina\/","name":"Zavod Iskreni","description":"trgovina","potentialAction":[{"@type":"SearchAction","target":{"@type":"EntryPoint","urlTemplate":"https:\/\/www.iskreni.net\/trgovina\/?s={search_term_string}"},"query-input":{"@type":"PropertyValueSpecification","valueRequired":true,"valueName":"search_term_string"}}],"inLanguage":"sl-SI"}]}},"_links":{"self":[{"href":"https:\/\/www.iskreni.net\/trgovina\/wp-json\/wp\/v2\/product\/74686","targetHints":{"allow":["GET"]}}],"collection":[{"href":"https:\/\/www.iskreni.net\/trgovina\/wp-json\/wp\/v2\/product"}],"about":[{"href":"https:\/\/www.iskreni.net\/trgovina\/wp-json\/wp\/v2\/types\/product"}],"replies":[{"embeddable":true,"href":"https:\/\/www.iskreni.net\/trgovina\/wp-json\/wp\/v2\/comments?post=74686"}],"version-history":[{"count":3,"href":"https:\/\/www.iskreni.net\/trgovina\/wp-json\/wp\/v2\/product\/74686\/revisions"}],"predecessor-version":[{"id":74690,"href":"https:\/\/www.iskreni.net\/trgovina\/wp-json\/wp\/v2\/product\/74686\/revisions\/74690"}],"wp:featuredmedia":[{"embeddable":true,"href":"https:\/\/www.iskreni.net\/trgovina\/wp-json\/wp\/v2\/media\/74688"}],"wp:attachment":[{"href":"https:\/\/www.iskreni.net\/trgovina\/wp-json\/wp\/v2\/media?parent=74686"}],"wp:term":[{"taxonomy":"product_brand","embeddable":true,"href":"https:\/\/www.iskreni.net\/trgovina\/wp-json\/wp\/v2\/product_brand?post=74686"},{"taxonomy":"product_cat","embeddable":true,"href":"https:\/\/www.iskreni.net\/trgovina\/wp-json\/wp\/v2\/product_cat?post=74686"},{"taxonomy":"product_tag","embeddable":true,"href":"https:\/\/www.iskreni.net\/trgovina\/wp-json\/wp\/v2\/product_tag?post=74686"},{"taxonomy":"avtor","embeddable":true,"href":"https:\/\/www.iskreni.net\/trgovina\/wp-json\/wp\/v2\/avtor?post=74686"},{"taxonomy":"zalozba","embeddable":true,"href":"https:\/\/www.iskreni.net\/trgovina\/wp-json\/wp\/v2\/zalozba?post=74686"},{"taxonomy":"vezava","embeddable":true,"href":"https:\/\/www.iskreni.net\/trgovina\/wp-json\/wp\/v2\/vezava?post=74686"}],"curies":[{"name":"wp","href":"https:\/\/api.w.org\/{rel}","templated":true}]}}